{"id":45792,"date":"2025-02-24T12:03:22","date_gmt":"2025-02-24T11:03:22","guid":{"rendered":"https:\/\/recambiosecogas.com\/producto\/probador-de-fugas-de-gas-glp-detector-de-fugas-g2-w-218-x-1-14-lh-x-8-mm-accesorio-de-compresion\/"},"modified":"2025-02-24T12:03:22","modified_gmt":"2025-02-24T11:03:22","slug":"probador-de-fugas-de-gas-glp-detector-de-fugas-g2-w-218-x-1-14-lh-x-8-mm-accesorio-de-compresion","status":"publish","type":"product","link":"https:\/\/recambiosecogas.com\/it\/producto\/probador-de-fugas-de-gas-glp-detector-de-fugas-g2-w-218-x-1-14-lh-x-8-mm-accesorio-de-compresion\/","title":{"rendered":"Probador de fugas de gas GLP, detector de fugas G2 W 21,8 x 1\/14&#8243; LH x 8 mm Accesorio de compresi\u00f3n"},"content":{"rendered":"<p>Dispositivo de prueba de fugas de gas GLP, los detectores de fugas se enroscan directamente en la v\u00e1lvula de salida de la botella de gas.<\/p>\n<p><em><strong>DATOS TECNICOS<\/strong><\/em><\/p>\n<p>Conexi\u00f3n: W 21,8 \u00d7 1\/14&#8243; LH G2-LH tuerca de uni\u00f3n<\/p>\n<p>Conexi\u00f3n: Rosca externa G3\/8&#8243;<\/p>\n<p>Rango de presi\u00f3n: 1,5 &#8211; 4 bar<\/p>\n<p>Gas: GLP (propano\/butano)<\/p>\n<p>Material: Lat\u00f3n<\/p>\n<p>Caudal: 6-8,5 kg\/h<\/p>\n","protected":false},"excerpt":{"rendered":"<p>Detector de fugas de gas GLP G2, ideal para asegurar la estanqueidad en sistemas de Autogas. Compatible con conexiones W 21,8 x 1\/14&#8243;.<\/p>\n","protected":false},"featured_media":45793,"comment_status":"open","ping_status":"closed","template":"","meta":{"_uag_custom_page_level_css":""},"product_brand":[],"product_cat":[2134],"product_tag":[],"class_list":{"0":"post-45792","1":"product","2":"type-product","3":"status-publish","4":"has-post-thumbnail","6":"product_cat-herramientas","8":"first","9":"onbackorder","10":"taxable","11":"shipping-taxable","12":"purchasable","13":"product-type-simple"},"ct_brands":[],"yoast_head":"<!-- This site is optimized with the Yoast SEO Premium plugin v27.5 (Yoast SEO v27.5) - https:\/\/yoast.com\/product\/yoast-seo-premium-wordpress\/ -->\n<title>Detector de Fugas de Gas GLP G2 W 21,8 x 1\/14&quot; | Recambios Ecogas<\/title>\n<meta name=\"description\" content=\"Detector de fugas de gas GLP G2, ideal para asegurar la estanqueidad en sistemas de Autogas. Compatible con conexiones W 21,8 x 1\/14&quot;.\" \/>\n<meta name=\"robots\" content=\"index, follow, max-snippet:-1, max-image-preview:large, max-video-preview:-1\" \/>\n<link rel=\"canonical\" href=\"https:\/\/recambiosecogas.com\/it\/producto\/probador-de-fugas-de-gas-glp-detector-de-fugas-g2-w-218-x-1-14-lh-x-8-mm-accesorio-de-compresion\/\" \/>\n<meta property=\"og:locale\" content=\"it_IT\" \/>\n<meta property=\"og:type\" content=\"article\" \/>\n<meta property=\"og:title\" content=\"Probador de fugas de gas GLP, detector de fugas G2 W 21,8 x 1\/14&quot; LH x 8 mm Accesorio de compresi\u00f3n\" \/>\n<meta property=\"og:description\" content=\"Detector de fugas de gas GLP G2, ideal para asegurar la estanqueidad en sistemas de Autogas. Compatible con conexiones W 21,8 x 1\/14&quot;.\" \/>\n<meta property=\"og:url\" content=\"https:\/\/recambiosecogas.com\/it\/producto\/probador-de-fugas-de-gas-glp-detector-de-fugas-g2-w-218-x-1-14-lh-x-8-mm-accesorio-de-compresion\/\" \/>\n<meta property=\"og:site_name\" content=\"Recambios EcoGas\" \/>\n<meta property=\"article:publisher\" content=\"https:\/\/www.facebook.com\/profile.php?id=100062419705358\" \/>\n<meta property=\"og:image\" content=\"https:\/\/recambiosecogas.com\/wp-content\/uploads\/2025\/02\/Probador-de-fugas-de-gas-GLP-detector-de-fugas-G2-W-218-x-1-14-LH-x-8-mm-Accesorio-de-compresion-png.webp\" \/>\n\t<meta property=\"og:image:width\" content=\"1000\" \/>\n\t<meta property=\"og:image:height\" content=\"1000\" \/>\n\t<meta property=\"og:image:type\" content=\"image\/png\" \/>\n<meta name=\"twitter:card\" content=\"summary_large_image\" \/>\n<meta name=\"twitter:label1\" content=\"Prezzo\" \/>\n\t<meta name=\"twitter:data1\" content=\"98,16&nbsp;&euro; (Sin IVA: 81,12&nbsp;&euro;)\" \/>\n\t<meta name=\"twitter:label2\" content=\"Disponibilit\u00e0\" \/>\n\t<meta name=\"twitter:data2\" content=\"Su ordinazione\" \/>\n<script type=\"application\/ld+json\" class=\"yoast-schema-graph\">{\"@context\":\"https:\\\/\\\/schema.org\",\"@graph\":[{\"@type\":\"WebPage\",\"@id\":\"https:\\\/\\\/recambiosecogas.com\\\/it\\\/producto\\\/probador-de-fugas-de-gas-glp-detector-de-fugas-g2-w-218-x-1-14-lh-x-8-mm-accesorio-de-compresion\\\/\",\"url\":\"https:\\\/\\\/recambiosecogas.com\\\/it\\\/producto\\\/probador-de-fugas-de-gas-glp-detector-de-fugas-g2-w-218-x-1-14-lh-x-8-mm-accesorio-de-compresion\\\/\",\"name\":\"Detector de Fugas de Gas GLP G2 W 21,8 x 1\\\/14\\\" | Recambios Ecogas\",\"isPartOf\":{\"@id\":\"https:\\\/\\\/recambiosecogas.com\\\/it\\\/#website\"},\"primaryImageOfPage\":{\"@id\":\"https:\\\/\\\/recambiosecogas.com\\\/it\\\/producto\\\/probador-de-fugas-de-gas-glp-detector-de-fugas-g2-w-218-x-1-14-lh-x-8-mm-accesorio-de-compresion\\\/#primaryimage\"},\"image\":{\"@id\":\"https:\\\/\\\/recambiosecogas.com\\\/it\\\/producto\\\/probador-de-fugas-de-gas-glp-detector-de-fugas-g2-w-218-x-1-14-lh-x-8-mm-accesorio-de-compresion\\\/#primaryimage\"},\"thumbnailUrl\":\"https:\\\/\\\/recambiosecogas.com\\\/wp-content\\\/uploads\\\/2025\\\/02\\\/Probador-de-fugas-de-gas-GLP-detector-de-fugas-G2-W-218-x-1-14-LH-x-8-mm-Accesorio-de-compresion-png.webp\",\"datePublished\":\"2025-02-24T11:03:22+00:00\",\"description\":\"Detector de fugas de gas GLP G2, ideal para asegurar la estanqueidad en sistemas de Autogas. Compatible con conexiones W 21,8 x 1\\\/14\\\".\",\"breadcrumb\":{\"@id\":\"https:\\\/\\\/recambiosecogas.com\\\/it\\\/producto\\\/probador-de-fugas-de-gas-glp-detector-de-fugas-g2-w-218-x-1-14-lh-x-8-mm-accesorio-de-compresion\\\/#breadcrumb\"},\"inLanguage\":\"it-IT\",\"potentialAction\":[{\"@type\":\"ReadAction\",\"target\":[\"https:\\\/\\\/recambiosecogas.com\\\/it\\\/producto\\\/probador-de-fugas-de-gas-glp-detector-de-fugas-g2-w-218-x-1-14-lh-x-8-mm-accesorio-de-compresion\\\/\"]}]},{\"@type\":\"ImageObject\",\"inLanguage\":\"it-IT\",\"@id\":\"https:\\\/\\\/recambiosecogas.com\\\/it\\\/producto\\\/probador-de-fugas-de-gas-glp-detector-de-fugas-g2-w-218-x-1-14-lh-x-8-mm-accesorio-de-compresion\\\/#primaryimage\",\"url\":\"https:\\\/\\\/recambiosecogas.com\\\/wp-content\\\/uploads\\\/2025\\\/02\\\/Probador-de-fugas-de-gas-GLP-detector-de-fugas-G2-W-218-x-1-14-LH-x-8-mm-Accesorio-de-compresion-png.webp\",\"contentUrl\":\"https:\\\/\\\/recambiosecogas.com\\\/wp-content\\\/uploads\\\/2025\\\/02\\\/Probador-de-fugas-de-gas-GLP-detector-de-fugas-G2-W-218-x-1-14-LH-x-8-mm-Accesorio-de-compresion-png.webp\",\"width\":1000,\"height\":1000},{\"@type\":\"BreadcrumbList\",\"@id\":\"https:\\\/\\\/recambiosecogas.com\\\/it\\\/producto\\\/probador-de-fugas-de-gas-glp-detector-de-fugas-g2-w-218-x-1-14-lh-x-8-mm-accesorio-de-compresion\\\/#breadcrumb\",\"itemListElement\":[{\"@type\":\"ListItem\",\"position\":1,\"name\":\"Portada\",\"item\":\"https:\\\/\\\/recambiosecogas.com\\\/it\\\/\"},{\"@type\":\"ListItem\",\"position\":2,\"name\":\"Negozio\",\"item\":\"https:\\\/\\\/recambiosecogas.com\\\/it\\\/?page_id=46382\"},{\"@type\":\"ListItem\",\"position\":3,\"name\":\"Probador de fugas de gas GLP, detector de fugas G2 W 21,8 x 1\\\/14&#8243; LH x 8 mm Accesorio de compresi\u00f3n\"}]},{\"@type\":\"WebSite\",\"@id\":\"https:\\\/\\\/recambiosecogas.com\\\/it\\\/#website\",\"url\":\"https:\\\/\\\/recambiosecogas.com\\\/it\\\/\",\"name\":\"Recambios EcoGas\",\"description\":\"Recambios Multimarca para sistemas de GLP\\\/GNC\\\/GNL\\\/Hidr\u00f3geno\",\"publisher\":{\"@id\":\"https:\\\/\\\/recambiosecogas.com\\\/it\\\/#organization\"},\"alternateName\":\"Recambios Autogas GLP\",\"potentialAction\":[{\"@type\":\"SearchAction\",\"target\":{\"@type\":\"EntryPoint\",\"urlTemplate\":\"https:\\\/\\\/recambiosecogas.com\\\/it\\\/?s={search_term_string}\"},\"query-input\":{\"@type\":\"PropertyValueSpecification\",\"valueRequired\":true,\"valueName\":\"search_term_string\"}}],\"inLanguage\":\"it-IT\"},{\"@type\":[\"Organization\",\"Place\"],\"@id\":\"https:\\\/\\\/recambiosecogas.com\\\/it\\\/#organization\",\"name\":\"Recambios EcoGas\",\"alternateName\":\"Tienda Online GLP Espa\u00f1a\",\"url\":\"https:\\\/\\\/recambiosecogas.com\\\/it\\\/\",\"logo\":{\"@id\":\"https:\\\/\\\/recambiosecogas.com\\\/it\\\/producto\\\/probador-de-fugas-de-gas-glp-detector-de-fugas-g2-w-218-x-1-14-lh-x-8-mm-accesorio-de-compresion\\\/#local-main-organization-logo\"},\"image\":{\"@id\":\"https:\\\/\\\/recambiosecogas.com\\\/it\\\/producto\\\/probador-de-fugas-de-gas-glp-detector-de-fugas-g2-w-218-x-1-14-lh-x-8-mm-accesorio-de-compresion\\\/#local-main-organization-logo\"},\"sameAs\":[\"https:\\\/\\\/www.facebook.com\\\/profile.php?id=100062419705358\",\"https:\\\/\\\/www.instagram.com\\\/segimon_automocio\"],\"description\":\"Recambios EcoGas \u2013 Venta y distribuci\u00f3n de sistemas GLP y GNC en Espa\u00f1a y Portugal. Env\u00edos 24 h, soporte t\u00e9cnico a talleres y distribuidores.\",\"hasMerchantReturnPolicy\":{\"@type\":\"MerchantReturnPolicy\",\"merchantReturnLink\":\"https:\\\/\\\/recambiosecogas.com\\\/politicas-privacidad\\\/\"},\"address\":{\"@id\":\"https:\\\/\\\/recambiosecogas.com\\\/it\\\/producto\\\/probador-de-fugas-de-gas-glp-detector-de-fugas-g2-w-218-x-1-14-lh-x-8-mm-accesorio-de-compresion\\\/#local-main-place-address\"},\"telephone\":[\"616250633\"],\"contactPoint\":{\"@type\":\"ContactPoint\",\"email\":\"export@recambiosecogas.com\"},\"openingHoursSpecification\":[{\"@type\":\"OpeningHoursSpecification\",\"dayOfWeek\":[\"Monday\",\"Tuesday\",\"Wednesday\",\"Thursday\",\"Friday\",\"Saturday\",\"Sunday\"],\"opens\":\"09:00\",\"closes\":\"17:00\"}],\"email\":\"info@recambiosecogas.com\",\"faxNumber\":\"SEGIMON AUTOMOCION SL\",\"vatID\":\"ESB19819861\",\"globalLocationNumber\":\"938 616 339\"},{\"@type\":\"PostalAddress\",\"@id\":\"https:\\\/\\\/recambiosecogas.com\\\/it\\\/producto\\\/probador-de-fugas-de-gas-glp-detector-de-fugas-g2-w-218-x-1-14-lh-x-8-mm-accesorio-de-compresion\\\/#local-main-place-address\",\"streetAddress\":\"cami antic de vic, 29 (Nave 3), Pol\u00edgono Industrial Congost\",\"addressLocality\":\"CORRO D`AVALL\",\"postalCode\":\"08520\",\"addressRegion\":\"Barcelona\",\"addressCountry\":\"ES\"},{\"@type\":\"ImageObject\",\"inLanguage\":\"it-IT\",\"@id\":\"https:\\\/\\\/recambiosecogas.com\\\/it\\\/producto\\\/probador-de-fugas-de-gas-glp-detector-de-fugas-g2-w-218-x-1-14-lh-x-8-mm-accesorio-de-compresion\\\/#local-main-organization-logo\",\"url\":\"https:\\\/\\\/recambiosecogas.com\\\/wp-content\\\/uploads\\\/2024\\\/11\\\/cropped-RECAMBIOS-GLP-png.webp\",\"contentUrl\":\"https:\\\/\\\/recambiosecogas.com\\\/wp-content\\\/uploads\\\/2024\\\/11\\\/cropped-RECAMBIOS-GLP-png.webp\",\"width\":512,\"height\":512,\"caption\":\"Recambios EcoGas\"}]}<\/script>\n<meta property=\"product:price:amount\" content=\"98.16\" \/>\n<meta property=\"product:price:currency\" content=\"EUR\" \/>\n<meta property=\"og:availability\" content=\"backorder\" \/>\n<meta property=\"product:availability\" content=\"available for order\" \/>\n<meta property=\"product:retailer_item_id\" content=\"112444A\" \/>\n<meta property=\"product:condition\" content=\"new\" \/>\n<meta name=\"geo.placename\" content=\"CORRO D`AVALL\" \/>\n<meta name=\"geo.region\" content=\"Spagna\" \/>\n<!-- \/ Yoast SEO Premium plugin. -->","yoast_head_json":{"title":"Detector de Fugas de Gas GLP G2 W 21,8 x 1\/14\" | Recambios Ecogas","description":"Detector de fugas de gas GLP G2, ideal para asegurar la estanqueidad en sistemas de Autogas. Compatible con conexiones W 21,8 x 1\/14\".","robots":{"index":"index","follow":"follow","max-snippet":"max-snippet:-1","max-image-preview":"max-image-preview:large","max-video-preview":"max-video-preview:-1"},"canonical":"https:\/\/recambiosecogas.com\/it\/producto\/probador-de-fugas-de-gas-glp-detector-de-fugas-g2-w-218-x-1-14-lh-x-8-mm-accesorio-de-compresion\/","og_locale":"it_IT","og_type":"article","og_title":"Probador de fugas de gas GLP, detector de fugas G2 W 21,8 x 1\/14\" LH x 8 mm Accesorio de compresi\u00f3n","og_description":"Detector de fugas de gas GLP G2, ideal para asegurar la estanqueidad en sistemas de Autogas. Compatible con conexiones W 21,8 x 1\/14\".","og_url":"https:\/\/recambiosecogas.com\/it\/producto\/probador-de-fugas-de-gas-glp-detector-de-fugas-g2-w-218-x-1-14-lh-x-8-mm-accesorio-de-compresion\/","og_site_name":"Recambios EcoGas","article_publisher":"https:\/\/www.facebook.com\/profile.php?id=100062419705358","og_image":[{"width":1000,"height":1000,"url":"https:\/\/recambiosecogas.com\/wp-content\/uploads\/2025\/02\/Probador-de-fugas-de-gas-GLP-detector-de-fugas-G2-W-218-x-1-14-LH-x-8-mm-Accesorio-de-compresion-png.webp","type":"image\/png"}],"twitter_card":"summary_large_image","twitter_misc":{"Prezzo":"98,16&nbsp;&euro; (Sin IVA: 81,12&nbsp;&euro;)","Disponibilit\u00e0":"Su ordinazione"},"schema":{"@context":"https:\/\/schema.org","@graph":[{"@type":"WebPage","@id":"https:\/\/recambiosecogas.com\/it\/producto\/probador-de-fugas-de-gas-glp-detector-de-fugas-g2-w-218-x-1-14-lh-x-8-mm-accesorio-de-compresion\/","url":"https:\/\/recambiosecogas.com\/it\/producto\/probador-de-fugas-de-gas-glp-detector-de-fugas-g2-w-218-x-1-14-lh-x-8-mm-accesorio-de-compresion\/","name":"Detector de Fugas de Gas GLP G2 W 21,8 x 1\/14\" | Recambios Ecogas","isPartOf":{"@id":"https:\/\/recambiosecogas.com\/it\/#website"},"primaryImageOfPage":{"@id":"https:\/\/recambiosecogas.com\/it\/producto\/probador-de-fugas-de-gas-glp-detector-de-fugas-g2-w-218-x-1-14-lh-x-8-mm-accesorio-de-compresion\/#primaryimage"},"image":{"@id":"https:\/\/recambiosecogas.com\/it\/producto\/probador-de-fugas-de-gas-glp-detector-de-fugas-g2-w-218-x-1-14-lh-x-8-mm-accesorio-de-compresion\/#primaryimage"},"thumbnailUrl":"https:\/\/recambiosecogas.com\/wp-content\/uploads\/2025\/02\/Probador-de-fugas-de-gas-GLP-detector-de-fugas-G2-W-218-x-1-14-LH-x-8-mm-Accesorio-de-compresion-png.webp","datePublished":"2025-02-24T11:03:22+00:00","description":"Detector de fugas de gas GLP G2, ideal para asegurar la estanqueidad en sistemas de Autogas. Compatible con conexiones W 21,8 x 1\/14\".","breadcrumb":{"@id":"https:\/\/recambiosecogas.com\/it\/producto\/probador-de-fugas-de-gas-glp-detector-de-fugas-g2-w-218-x-1-14-lh-x-8-mm-accesorio-de-compresion\/#breadcrumb"},"inLanguage":"it-IT","potentialAction":[{"@type":"ReadAction","target":["https:\/\/recambiosecogas.com\/it\/producto\/probador-de-fugas-de-gas-glp-detector-de-fugas-g2-w-218-x-1-14-lh-x-8-mm-accesorio-de-compresion\/"]}]},{"@type":"ImageObject","inLanguage":"it-IT","@id":"https:\/\/recambiosecogas.com\/it\/producto\/probador-de-fugas-de-gas-glp-detector-de-fugas-g2-w-218-x-1-14-lh-x-8-mm-accesorio-de-compresion\/#primaryimage","url":"https:\/\/recambiosecogas.com\/wp-content\/uploads\/2025\/02\/Probador-de-fugas-de-gas-GLP-detector-de-fugas-G2-W-218-x-1-14-LH-x-8-mm-Accesorio-de-compresion-png.webp","contentUrl":"https:\/\/recambiosecogas.com\/wp-content\/uploads\/2025\/02\/Probador-de-fugas-de-gas-GLP-detector-de-fugas-G2-W-218-x-1-14-LH-x-8-mm-Accesorio-de-compresion-png.webp","width":1000,"height":1000},{"@type":"BreadcrumbList","@id":"https:\/\/recambiosecogas.com\/it\/producto\/probador-de-fugas-de-gas-glp-detector-de-fugas-g2-w-218-x-1-14-lh-x-8-mm-accesorio-de-compresion\/#breadcrumb","itemListElement":[{"@type":"ListItem","position":1,"name":"Portada","item":"https:\/\/recambiosecogas.com\/it\/"},{"@type":"ListItem","position":2,"name":"Negozio","item":"https:\/\/recambiosecogas.com\/it\/?page_id=46382"},{"@type":"ListItem","position":3,"name":"Probador de fugas de gas GLP, detector de fugas G2 W 21,8 x 1\/14&#8243; LH x 8 mm Accesorio de compresi\u00f3n"}]},{"@type":"WebSite","@id":"https:\/\/recambiosecogas.com\/it\/#website","url":"https:\/\/recambiosecogas.com\/it\/","name":"Recambios EcoGas","description":"Recambios Multimarca para sistemas de GLP\/GNC\/GNL\/Hidr\u00f3geno","publisher":{"@id":"https:\/\/recambiosecogas.com\/it\/#organization"},"alternateName":"Recambios Autogas GLP","potentialAction":[{"@type":"SearchAction","target":{"@type":"EntryPoint","urlTemplate":"https:\/\/recambiosecogas.com\/it\/?s={search_term_string}"},"query-input":{"@type":"PropertyValueSpecification","valueRequired":true,"valueName":"search_term_string"}}],"inLanguage":"it-IT"},{"@type":["Organization","Place"],"@id":"https:\/\/recambiosecogas.com\/it\/#organization","name":"Recambios EcoGas","alternateName":"Tienda Online GLP Espa\u00f1a","url":"https:\/\/recambiosecogas.com\/it\/","logo":{"@id":"https:\/\/recambiosecogas.com\/it\/producto\/probador-de-fugas-de-gas-glp-detector-de-fugas-g2-w-218-x-1-14-lh-x-8-mm-accesorio-de-compresion\/#local-main-organization-logo"},"image":{"@id":"https:\/\/recambiosecogas.com\/it\/producto\/probador-de-fugas-de-gas-glp-detector-de-fugas-g2-w-218-x-1-14-lh-x-8-mm-accesorio-de-compresion\/#local-main-organization-logo"},"sameAs":["https:\/\/www.facebook.com\/profile.php?id=100062419705358","https:\/\/www.instagram.com\/segimon_automocio"],"description":"Recambios EcoGas \u2013 Venta y distribuci\u00f3n de sistemas GLP y GNC en Espa\u00f1a y Portugal. Env\u00edos 24 h, soporte t\u00e9cnico a talleres y distribuidores.","hasMerchantReturnPolicy":{"@type":"MerchantReturnPolicy","merchantReturnLink":"https:\/\/recambiosecogas.com\/politicas-privacidad\/"},"address":{"@id":"https:\/\/recambiosecogas.com\/it\/producto\/probador-de-fugas-de-gas-glp-detector-de-fugas-g2-w-218-x-1-14-lh-x-8-mm-accesorio-de-compresion\/#local-main-place-address"},"telephone":["616250633"],"contactPoint":{"@type":"ContactPoint","email":"export@recambiosecogas.com"},"openingHoursSpecification":[{"@type":"OpeningHoursSpecification","dayOfWeek":["Monday","Tuesday","Wednesday","Thursday","Friday","Saturday","Sunday"],"opens":"09:00","closes":"17:00"}],"email":"info@recambiosecogas.com","faxNumber":"SEGIMON AUTOMOCION SL","vatID":"ESB19819861","globalLocationNumber":"938 616 339"},{"@type":"PostalAddress","@id":"https:\/\/recambiosecogas.com\/it\/producto\/probador-de-fugas-de-gas-glp-detector-de-fugas-g2-w-218-x-1-14-lh-x-8-mm-accesorio-de-compresion\/#local-main-place-address","streetAddress":"cami antic de vic, 29 (Nave 3), Pol\u00edgono Industrial Congost","addressLocality":"CORRO D`AVALL","postalCode":"08520","addressRegion":"Barcelona","addressCountry":"ES"},{"@type":"ImageObject","inLanguage":"it-IT","@id":"https:\/\/recambiosecogas.com\/it\/producto\/probador-de-fugas-de-gas-glp-detector-de-fugas-g2-w-218-x-1-14-lh-x-8-mm-accesorio-de-compresion\/#local-main-organization-logo","url":"https:\/\/recambiosecogas.com\/wp-content\/uploads\/2024\/11\/cropped-RECAMBIOS-GLP-png.webp","contentUrl":"https:\/\/recambiosecogas.com\/wp-content\/uploads\/2024\/11\/cropped-RECAMBIOS-GLP-png.webp","width":512,"height":512,"caption":"Recambios EcoGas"}]},"product_price_amount":"98.16","product_price_currency":"EUR","og_availability":"backorder","product_availability":"available for order","product_retailer_item_id":"112444A","product_condition":"new","geo.placename":"CORRO D`AVALL","geo.region":"Spagna"},"uagb_featured_image_src":{"full":["https:\/\/recambiosecogas.com\/wp-content\/uploads\/2025\/02\/Probador-de-fugas-de-gas-GLP-detector-de-fugas-G2-W-218-x-1-14-LH-x-8-mm-Accesorio-de-compresion-png.webp",1000,1000,false],"thumbnail":["https:\/\/recambiosecogas.com\/wp-content\/uploads\/2025\/02\/Probador-de-fugas-de-gas-GLP-detector-de-fugas-G2-W-218-x-1-14-LH-x-8-mm-Accesorio-de-compresion-150x150.webp",150,150,true],"medium":["https:\/\/recambiosecogas.com\/wp-content\/uploads\/2025\/02\/Probador-de-fugas-de-gas-GLP-detector-de-fugas-G2-W-218-x-1-14-LH-x-8-mm-Accesorio-de-compresion-300x300.webp",300,300,true],"medium_large":["https:\/\/recambiosecogas.com\/wp-content\/uploads\/2025\/02\/Probador-de-fugas-de-gas-GLP-detector-de-fugas-G2-W-218-x-1-14-LH-x-8-mm-Accesorio-de-compresion-768x768.webp",768,768,true],"large":["https:\/\/recambiosecogas.com\/wp-content\/uploads\/2025\/02\/Probador-de-fugas-de-gas-GLP-detector-de-fugas-G2-W-218-x-1-14-LH-x-8-mm-Accesorio-de-compresion-png.webp",1000,1000,false],"1536x1536":["https:\/\/recambiosecogas.com\/wp-content\/uploads\/2025\/02\/Probador-de-fugas-de-gas-GLP-detector-de-fugas-G2-W-218-x-1-14-LH-x-8-mm-Accesorio-de-compresion-png.webp",1000,1000,false],"2048x2048":["https:\/\/recambiosecogas.com\/wp-content\/uploads\/2025\/02\/Probador-de-fugas-de-gas-GLP-detector-de-fugas-G2-W-218-x-1-14-LH-x-8-mm-Accesorio-de-compresion-png.webp",1000,1000,false],"woocommerce_archive_thumbnail":["https:\/\/recambiosecogas.com\/wp-content\/uploads\/2025\/02\/Probador-de-fugas-de-gas-GLP-detector-de-fugas-G2-W-218-x-1-14-LH-x-8-mm-Accesorio-de-compresion-png.webp",1000,1000,false],"woocommerce_thumbnail":["https:\/\/recambiosecogas.com\/wp-content\/uploads\/2025\/02\/Probador-de-fugas-de-gas-GLP-detector-de-fugas-G2-W-218-x-1-14-LH-x-8-mm-Accesorio-de-compresion-300x300.webp",300,300,true],"woocommerce_single":["https:\/\/recambiosecogas.com\/wp-content\/uploads\/2025\/02\/Probador-de-fugas-de-gas-GLP-detector-de-fugas-G2-W-218-x-1-14-LH-x-8-mm-Accesorio-de-compresion-png.webp",1000,1000,false],"woocommerce_gallery_thumbnail":["https:\/\/recambiosecogas.com\/wp-content\/uploads\/2025\/02\/Probador-de-fugas-de-gas-GLP-detector-de-fugas-G2-W-218-x-1-14-LH-x-8-mm-Accesorio-de-compresion-png.webp",1000,1000,false],"dgwt-wcas-product-suggestion":["https:\/\/recambiosecogas.com\/wp-content\/uploads\/2025\/02\/Probador-de-fugas-de-gas-GLP-detector-de-fugas-G2-W-218-x-1-14-LH-x-8-mm-Accesorio-de-compresion-64x64.webp",64,64,true]},"uagb_author_info":{"display_name":"Fran - Soporte T\u00e9cnico","author_link":"https:\/\/recambiosecogas.com\/it\/author\/"},"uagb_comment_info":0,"uagb_excerpt":"Detector de fugas de gas GLP G2, ideal para asegurar la estanqueidad en sistemas de Autogas. Compatible con conexiones W 21,8 x 1\/14\".","_links":{"self":[{"href":"https:\/\/recambiosecogas.com\/it\/wp-json\/wp\/v2\/product\/45792","targetHints":{"allow":["GET"]}}],"collection":[{"href":"https:\/\/recambiosecogas.com\/it\/wp-json\/wp\/v2\/product"}],"about":[{"href":"https:\/\/recambiosecogas.com\/it\/wp-json\/wp\/v2\/types\/product"}],"replies":[{"embeddable":true,"href":"https:\/\/recambiosecogas.com\/it\/wp-json\/wp\/v2\/comments?post=45792"}],"wp:featuredmedia":[{"embeddable":true,"href":"https:\/\/recambiosecogas.com\/it\/wp-json\/wp\/v2\/media\/45793"}],"wp:attachment":[{"href":"https:\/\/recambiosecogas.com\/it\/wp-json\/wp\/v2\/media?parent=45792"}],"wp:term":[{"taxonomy":"product_brand","embeddable":true,"href":"https:\/\/recambiosecogas.com\/it\/wp-json\/wp\/v2\/product_brand?post=45792"},{"taxonomy":"product_cat","embeddable":true,"href":"https:\/\/recambiosecogas.com\/it\/wp-json\/wp\/v2\/product_cat?post=45792"},{"taxonomy":"product_tag","embeddable":true,"href":"https:\/\/recambiosecogas.com\/it\/wp-json\/wp\/v2\/product_tag?post=45792"}],"curies":[{"name":"wp","href":"https:\/\/api.w.org\/{rel}","templated":true}]}}