{"id":45587,"date":"2025-03-04T14:09:26","date_gmt":"2025-03-04T14:09:26","guid":{"rendered":"https:\/\/recambiosecogas.com\/producto\/reductor-landi-renzo-li10-turbo\/"},"modified":"2026-04-08T10:25:44","modified_gmt":"2026-04-08T09:25:44","slug":"reductor-landi-renzo-li10-turbo","status":"publish","type":"product","link":"https:\/\/recambiosecogas.com\/it\/producto\/reductor-landi-renzo-li10-turbo\/","title":{"rendered":"Landi Renzo Li10 Turbo M10 Reducer"},"content":{"rendered":"<h3 style=\"text-align: center;\">Riduttore Landi Renzo Li10 Turbo M10x1 6mm (fino a 140KW)<\/h3>\n<p><strong>Cambio Landi Renzo Li10 Turbo M10 \u00c8 <span style=\"color: #339966;\">anche adatto a motori non turbo e sostituisce il 536757000.<\/span><\/strong><\/p>\n<p><b>Landirenzo 9255092 Riferimento 536758000  <\/b><\/p>\n<div class=\"separator\">Numeri OEM:<\/div>\n<div class=\"separator\">9255092-881346-13491614-881554<\/div>\n<div class=\"separator\">\n<div class=\"separator\">Adatto per:<\/div>\n<div class=\"separator\">Opel Astra J 1.4 LPG<\/div>\n<div class=\"separator\">Opel Astra B 1.4 LPG<\/div>\n<div class=\"separator\">Opel Insignia A 1.4 LPG<\/div>\n<div class=\"separator\">Opel Zafira C 1.4 LPG<\/div>\n<\/div>\n<p><strong>Numero di approvazione E13 67R-01 0056<\/strong><\/p>\n<div>\n<table>\n<tbody>\n<tr>\n<td><strong>Dati tecnici Li10 TURBO<\/strong><\/td>\n<\/tr>\n<tr>\n<td>Materiale<\/td>\n<td>\n<div>Alluminio fuso<\/div>\n<\/td>\n<\/tr>\n<tr>\n<td>Peso<\/td>\n<td>\n<div>1,5 kg<\/div>\n<\/td>\n<\/tr>\n<tr>\n<td>Dimensioni<\/td>\n<td>\n<div>&#8211;<\/div>\n<\/td>\n<\/tr>\n<tr>\n<td>Pressione massima in ingresso<\/td>\n<td>\n<div>28 bar<\/div>\n<\/td>\n<\/tr>\n<tr>\n<td>Pressione di uscita<\/td>\n<td>\n<div>1,2 bar<\/div>\n<\/td>\n<\/tr>\n<tr>\n<td>Tensione della bobina<\/td>\n<td>\n<div>12 V<\/div>\n<\/td>\n<\/tr>\n<tr>\n<td>Temperatura di funzionamento<\/td>\n<td>\n<div>-40\u00b0C &#8211; +120\u00b0C<\/div>\n<\/td>\n<\/tr>\n<tr>\n<td>Collegamento con l&#8217;ingresso del gas<\/td>\n<td>\n<div>Cavo M10x1 \u00f86 mm<\/div>\n<\/td>\n<\/tr>\n<tr>\n<td>Connessione in uscita<\/td>\n<td>\n<div>Collegamento tubo \u00f814 mm<\/div>\n<\/td>\n<\/tr>\n<tr>\n<td>Potenza in uscita<\/td>\n<td>\n<div>fino a 140 KW<\/div>\n<\/td>\n<\/tr>\n<\/tbody>\n<\/table>\n<p>*nessun collegamento al motore<\/p>\n<\/div>\n<p>Temperature pi\u00f9 basse possono ridurre l&#8217;efficienza del riduttore e le prestazioni del motore; In caso di temperature ambientali pi\u00f9 elevate, il cambio pu\u00f2 essere utilizzato anche in motori pi\u00f9 potenti.<\/p>\n<p data-start=\"160\" data-end=\"452\"><strong data-start=\"163\" data-end=\"198\">Il Landi Renzo Li10 Turbo Reducer<\/strong> \u00e8 un regolatore di pressione progettato per sistemi a GPL in <strong data-start=\"259\" data-end=\"291\">motori turbo e aspirati<\/strong> fino a <strong data-start=\"301\" data-end=\"311\">160 kW<\/strong>. Realizzato in <strong data-start=\"326\" data-end=\"346\">alluminio fuso<\/strong>, garantisce una resistenza e una durabilit\u00e0 superiori, garantendo una combustione stabile ed efficiente. <\/p>\n<p data-start=\"454\" data-end=\"751\">Dotato di <strong data-start=\"471\" data-end=\"491\">una bobina magnetica<\/strong>, garantisce una regolazione precisa della pressione del carburante, migliorando le prestazioni del motore e riducendo il consumo di carburante. Il suo ingresso <strong data-start=\"642\" data-end=\"651\">standard M10x1<\/strong> e <strong data-start=\"664\" data-end=\"673\">l&#8217;uscita da 14mm<\/strong> permettono un&#8217;installazione rapida e semplice su un&#8217;ampia gamma di veicoli. <\/p>\n<p data-start=\"753\" data-end=\"902\">Questo modello \u00e8 approvato secondo la norma <strong data-start=\"799\" data-end=\"818\">E13 67R-01 0056<\/strong>, conforme agli standard europei di sicurezza e qualit\u00e0 per i sistemi a GPL.<\/p>\n<p><a href=\"https:\/\/recambiosecogas.com\/it\/categoria-producto\/reguladores-de-presion\/reductores-glp\/\">TROVA PI\u00d9 GEARBOX SUL NOSTRO SITO WEB<\/a><br \/>\n<a href=\"https:\/\/segimonautomocio.com\/\">PER LE CONVERSIONI LPG VISITA IL NOSTRO WORKSHOP SUL SITO WEB<\/a><\/p>\n","protected":false},"excerpt":{"rendered":"<p>Riduttore turbo Landi Renzo Li10 (fino a 160KW) M10x1<\/p>\n","protected":false},"featured_media":45561,"comment_status":"open","ping_status":"closed","template":"","meta":{"_uag_custom_page_level_css":""},"product_brand":[],"product_cat":[2181,2126,2143,2136],"product_tag":[],"class_list":{"0":"post-45587","1":"product","2":"type-product","3":"status-publish","4":"has-post-thumbnail","6":"product_cat-recambios-oem-dacia","7":"product_cat-recambios-oem-opel","8":"product_cat-reductores-glp","9":"product_cat-reguladores-de-presion","11":"first","12":"instock","13":"sale","14":"taxable","15":"shipping-taxable","16":"purchasable","17":"product-type-simple"},"ct_brands":[],"yoast_head":"<!-- This site is optimized with the Yoast SEO Premium plugin v27.5 (Yoast SEO v27.5) - https:\/\/yoast.com\/product\/yoast-seo-premium-wordpress\/ -->\n<title>Landi Renzo Li10 Turbo M10 Reducer | Recambios EcoGas | Sistemas GLP y GNC<\/title>\n<meta name=\"description\" content=\"Turboriduttore Li10 per sistemi a GPL. Potenza fino a 160 kW, pressione costante e approvazione E13 67R-01 0056. ACQUISTA ONLINE\" \/>\n<meta name=\"robots\" content=\"index, follow, max-snippet:-1, max-image-preview:large, max-video-preview:-1\" \/>\n<link rel=\"canonical\" href=\"https:\/\/recambiosecogas.com\/it\/producto\/reductor-landi-renzo-li10-turbo\/\" \/>\n<meta property=\"og:locale\" content=\"it_IT\" \/>\n<meta property=\"og:type\" content=\"article\" \/>\n<meta property=\"og:title\" content=\"Landi Renzo Li10 Turbo M10 Reducer\" \/>\n<meta property=\"og:description\" content=\"Turboriduttore Li10 per sistemi a GPL. Potenza fino a 160 kW, pressione costante e approvazione E13 67R-01 0056. ACQUISTA ONLINE\" \/>\n<meta property=\"og:url\" content=\"https:\/\/recambiosecogas.com\/it\/producto\/reductor-landi-renzo-li10-turbo\/\" \/>\n<meta property=\"og:site_name\" content=\"Recambios EcoGas\" \/>\n<meta property=\"article:publisher\" content=\"https:\/\/www.facebook.com\/profile.php?id=100062419705358\" \/>\n<meta property=\"article:modified_time\" content=\"2026-04-08T09:25:44+00:00\" \/>\n<meta property=\"og:image\" content=\"https:\/\/recambiosecogas.com\/wp-content\/uploads\/2025\/03\/Reductor-Landi-Renzo-Li10-Turbo-M10x1-6mm-hasta-160KW-png.webp\" \/>\n\t<meta property=\"og:image:width\" content=\"1000\" \/>\n\t<meta property=\"og:image:height\" content=\"1000\" \/>\n\t<meta property=\"og:image:type\" content=\"image\/png\" \/>\n<meta name=\"twitter:card\" content=\"summary_large_image\" \/>\n<meta name=\"twitter:label1\" content=\"Prezzo\" \/>\n\t<meta name=\"twitter:data1\" content=\"298,99&nbsp;&euro; (Sin IVA: 247,10&nbsp;&euro;)\" \/>\n\t<meta name=\"twitter:label2\" content=\"Disponibilit\u00e0\" \/>\n\t<meta name=\"twitter:data2\" content=\"In stock\" \/>\n<script type=\"application\/ld+json\" class=\"yoast-schema-graph\">{\"@context\":\"https:\\\/\\\/schema.org\",\"@graph\":[{\"@type\":\"WebPage\",\"@id\":\"https:\\\/\\\/recambiosecogas.com\\\/it\\\/producto\\\/reductor-landi-renzo-li10-turbo\\\/\",\"url\":\"https:\\\/\\\/recambiosecogas.com\\\/it\\\/producto\\\/reductor-landi-renzo-li10-turbo\\\/\",\"name\":\"Landi Renzo Li10 Turbo M10 Reducer | Recambios EcoGas | Sistemas GLP y GNC\",\"isPartOf\":{\"@id\":\"https:\\\/\\\/recambiosecogas.com\\\/it\\\/#website\"},\"primaryImageOfPage\":{\"@id\":\"https:\\\/\\\/recambiosecogas.com\\\/it\\\/producto\\\/reductor-landi-renzo-li10-turbo\\\/#primaryimage\"},\"image\":{\"@id\":\"https:\\\/\\\/recambiosecogas.com\\\/it\\\/producto\\\/reductor-landi-renzo-li10-turbo\\\/#primaryimage\"},\"thumbnailUrl\":\"https:\\\/\\\/recambiosecogas.com\\\/wp-content\\\/uploads\\\/2025\\\/03\\\/Reductor-Landi-Renzo-Li10-Turbo-M10x1-6mm-hasta-160KW-png.webp\",\"datePublished\":\"2025-03-04T14:09:26+00:00\",\"dateModified\":\"2026-04-08T09:25:44+00:00\",\"description\":\"Turboriduttore Li10 per sistemi a GPL. Potenza fino a 160 kW, pressione costante e approvazione E13 67R-01 0056. ACQUISTA ONLINE\",\"breadcrumb\":{\"@id\":\"https:\\\/\\\/recambiosecogas.com\\\/it\\\/producto\\\/reductor-landi-renzo-li10-turbo\\\/#breadcrumb\"},\"inLanguage\":\"it-IT\",\"potentialAction\":[{\"@type\":\"ReadAction\",\"target\":[\"https:\\\/\\\/recambiosecogas.com\\\/it\\\/producto\\\/reductor-landi-renzo-li10-turbo\\\/\"]}]},{\"@type\":\"ImageObject\",\"inLanguage\":\"it-IT\",\"@id\":\"https:\\\/\\\/recambiosecogas.com\\\/it\\\/producto\\\/reductor-landi-renzo-li10-turbo\\\/#primaryimage\",\"url\":\"https:\\\/\\\/recambiosecogas.com\\\/wp-content\\\/uploads\\\/2025\\\/03\\\/Reductor-Landi-Renzo-Li10-Turbo-M10x1-6mm-hasta-160KW-png.webp\",\"contentUrl\":\"https:\\\/\\\/recambiosecogas.com\\\/wp-content\\\/uploads\\\/2025\\\/03\\\/Reductor-Landi-Renzo-Li10-Turbo-M10x1-6mm-hasta-160KW-png.webp\",\"width\":1000,\"height\":1000},{\"@type\":\"BreadcrumbList\",\"@id\":\"https:\\\/\\\/recambiosecogas.com\\\/it\\\/producto\\\/reductor-landi-renzo-li10-turbo\\\/#breadcrumb\",\"itemListElement\":[{\"@type\":\"ListItem\",\"position\":1,\"name\":\"Portada\",\"item\":\"https:\\\/\\\/recambiosecogas.com\\\/it\\\/\"},{\"@type\":\"ListItem\",\"position\":2,\"name\":\"Negozio\",\"item\":\"https:\\\/\\\/recambiosecogas.com\\\/it\\\/?page_id=46382\"},{\"@type\":\"ListItem\",\"position\":3,\"name\":\"Landi Renzo Li10 Turbo M10 Reducer\"}]},{\"@type\":\"WebSite\",\"@id\":\"https:\\\/\\\/recambiosecogas.com\\\/it\\\/#website\",\"url\":\"https:\\\/\\\/recambiosecogas.com\\\/it\\\/\",\"name\":\"Recambios EcoGas\",\"description\":\"Recambios Multimarca para sistemas de GLP\\\/GNC\\\/GNL\\\/Hidr\u00f3geno\",\"publisher\":{\"@id\":\"https:\\\/\\\/recambiosecogas.com\\\/it\\\/#organization\"},\"alternateName\":\"Recambios Autogas GLP\",\"potentialAction\":[{\"@type\":\"SearchAction\",\"target\":{\"@type\":\"EntryPoint\",\"urlTemplate\":\"https:\\\/\\\/recambiosecogas.com\\\/it\\\/?s={search_term_string}\"},\"query-input\":{\"@type\":\"PropertyValueSpecification\",\"valueRequired\":true,\"valueName\":\"search_term_string\"}}],\"inLanguage\":\"it-IT\"},{\"@type\":[\"Organization\",\"Place\"],\"@id\":\"https:\\\/\\\/recambiosecogas.com\\\/it\\\/#organization\",\"name\":\"Recambios EcoGas\",\"alternateName\":\"Tienda Online GLP Espa\u00f1a\",\"url\":\"https:\\\/\\\/recambiosecogas.com\\\/it\\\/\",\"logo\":{\"@id\":\"https:\\\/\\\/recambiosecogas.com\\\/it\\\/producto\\\/reductor-landi-renzo-li10-turbo\\\/#local-main-organization-logo\"},\"image\":{\"@id\":\"https:\\\/\\\/recambiosecogas.com\\\/it\\\/producto\\\/reductor-landi-renzo-li10-turbo\\\/#local-main-organization-logo\"},\"sameAs\":[\"https:\\\/\\\/www.facebook.com\\\/profile.php?id=100062419705358\",\"https:\\\/\\\/www.instagram.com\\\/segimon_automocio\"],\"description\":\"Recambios EcoGas \u2013 Venta y distribuci\u00f3n de sistemas GLP y GNC en Espa\u00f1a y Portugal. Env\u00edos 24 h, soporte t\u00e9cnico a talleres y distribuidores.\",\"hasMerchantReturnPolicy\":{\"@type\":\"MerchantReturnPolicy\",\"merchantReturnLink\":\"https:\\\/\\\/recambiosecogas.com\\\/politicas-privacidad\\\/\"},\"address\":{\"@id\":\"https:\\\/\\\/recambiosecogas.com\\\/it\\\/producto\\\/reductor-landi-renzo-li10-turbo\\\/#local-main-place-address\"},\"telephone\":[\"616250633\"],\"contactPoint\":{\"@type\":\"ContactPoint\",\"email\":\"export@recambiosecogas.com\"},\"openingHoursSpecification\":[{\"@type\":\"OpeningHoursSpecification\",\"dayOfWeek\":[\"Monday\",\"Tuesday\",\"Wednesday\",\"Thursday\",\"Friday\",\"Saturday\",\"Sunday\"],\"opens\":\"09:00\",\"closes\":\"17:00\"}],\"email\":\"info@recambiosecogas.com\",\"faxNumber\":\"SEGIMON AUTOMOCION SL\",\"vatID\":\"ESB19819861\",\"globalLocationNumber\":\"938 616 339\"},{\"@type\":\"PostalAddress\",\"@id\":\"https:\\\/\\\/recambiosecogas.com\\\/it\\\/producto\\\/reductor-landi-renzo-li10-turbo\\\/#local-main-place-address\",\"streetAddress\":\"cami antic de vic, 29 (Nave 3), Pol\u00edgono Industrial Congost\",\"addressLocality\":\"CORRO D`AVALL\",\"postalCode\":\"08520\",\"addressRegion\":\"Barcelona\",\"addressCountry\":\"ES\"},{\"@type\":\"ImageObject\",\"inLanguage\":\"it-IT\",\"@id\":\"https:\\\/\\\/recambiosecogas.com\\\/it\\\/producto\\\/reductor-landi-renzo-li10-turbo\\\/#local-main-organization-logo\",\"url\":\"https:\\\/\\\/recambiosecogas.com\\\/wp-content\\\/uploads\\\/2024\\\/11\\\/cropped-RECAMBIOS-GLP-png.webp\",\"contentUrl\":\"https:\\\/\\\/recambiosecogas.com\\\/wp-content\\\/uploads\\\/2024\\\/11\\\/cropped-RECAMBIOS-GLP-png.webp\",\"width\":512,\"height\":512,\"caption\":\"Recambios EcoGas\"}]}<\/script>\n<meta property=\"product:price:amount\" content=\"298.99\" \/>\n<meta property=\"product:price:currency\" content=\"EUR\" \/>\n<meta property=\"og:availability\" content=\"instock\" \/>\n<meta property=\"product:availability\" content=\"instock\" \/>\n<meta property=\"product:retailer_item_id\" content=\"105232\" \/>\n<meta property=\"product:condition\" content=\"new\" \/>\n<meta name=\"geo.placename\" content=\"CORRO D`AVALL\" \/>\n<meta name=\"geo.region\" content=\"Spagna\" \/>\n<!-- \/ Yoast SEO Premium plugin. -->","yoast_head_json":{"title":"Landi Renzo Li10 Turbo M10 Reducer | Recambios EcoGas | Sistemas GLP y GNC","description":"Turboriduttore Li10 per sistemi a GPL. Potenza fino a 160 kW, pressione costante e approvazione E13 67R-01 0056. ACQUISTA ONLINE","robots":{"index":"index","follow":"follow","max-snippet":"max-snippet:-1","max-image-preview":"max-image-preview:large","max-video-preview":"max-video-preview:-1"},"canonical":"https:\/\/recambiosecogas.com\/it\/producto\/reductor-landi-renzo-li10-turbo\/","og_locale":"it_IT","og_type":"article","og_title":"Landi Renzo Li10 Turbo M10 Reducer","og_description":"Turboriduttore Li10 per sistemi a GPL. Potenza fino a 160 kW, pressione costante e approvazione E13 67R-01 0056. ACQUISTA ONLINE","og_url":"https:\/\/recambiosecogas.com\/it\/producto\/reductor-landi-renzo-li10-turbo\/","og_site_name":"Recambios EcoGas","article_publisher":"https:\/\/www.facebook.com\/profile.php?id=100062419705358","article_modified_time":"2026-04-08T09:25:44+00:00","og_image":[{"width":1000,"height":1000,"url":"https:\/\/recambiosecogas.com\/wp-content\/uploads\/2025\/03\/Reductor-Landi-Renzo-Li10-Turbo-M10x1-6mm-hasta-160KW-png.webp","type":"image\/png"}],"twitter_card":"summary_large_image","twitter_misc":{"Prezzo":"298,99&nbsp;&euro; (Sin IVA: 247,10&nbsp;&euro;)","Disponibilit\u00e0":"In stock"},"schema":{"@context":"https:\/\/schema.org","@graph":[{"@type":"WebPage","@id":"https:\/\/recambiosecogas.com\/it\/producto\/reductor-landi-renzo-li10-turbo\/","url":"https:\/\/recambiosecogas.com\/it\/producto\/reductor-landi-renzo-li10-turbo\/","name":"Landi Renzo Li10 Turbo M10 Reducer | Recambios EcoGas | Sistemas GLP y GNC","isPartOf":{"@id":"https:\/\/recambiosecogas.com\/it\/#website"},"primaryImageOfPage":{"@id":"https:\/\/recambiosecogas.com\/it\/producto\/reductor-landi-renzo-li10-turbo\/#primaryimage"},"image":{"@id":"https:\/\/recambiosecogas.com\/it\/producto\/reductor-landi-renzo-li10-turbo\/#primaryimage"},"thumbnailUrl":"https:\/\/recambiosecogas.com\/wp-content\/uploads\/2025\/03\/Reductor-Landi-Renzo-Li10-Turbo-M10x1-6mm-hasta-160KW-png.webp","datePublished":"2025-03-04T14:09:26+00:00","dateModified":"2026-04-08T09:25:44+00:00","description":"Turboriduttore Li10 per sistemi a GPL. Potenza fino a 160 kW, pressione costante e approvazione E13 67R-01 0056. ACQUISTA ONLINE","breadcrumb":{"@id":"https:\/\/recambiosecogas.com\/it\/producto\/reductor-landi-renzo-li10-turbo\/#breadcrumb"},"inLanguage":"it-IT","potentialAction":[{"@type":"ReadAction","target":["https:\/\/recambiosecogas.com\/it\/producto\/reductor-landi-renzo-li10-turbo\/"]}]},{"@type":"ImageObject","inLanguage":"it-IT","@id":"https:\/\/recambiosecogas.com\/it\/producto\/reductor-landi-renzo-li10-turbo\/#primaryimage","url":"https:\/\/recambiosecogas.com\/wp-content\/uploads\/2025\/03\/Reductor-Landi-Renzo-Li10-Turbo-M10x1-6mm-hasta-160KW-png.webp","contentUrl":"https:\/\/recambiosecogas.com\/wp-content\/uploads\/2025\/03\/Reductor-Landi-Renzo-Li10-Turbo-M10x1-6mm-hasta-160KW-png.webp","width":1000,"height":1000},{"@type":"BreadcrumbList","@id":"https:\/\/recambiosecogas.com\/it\/producto\/reductor-landi-renzo-li10-turbo\/#breadcrumb","itemListElement":[{"@type":"ListItem","position":1,"name":"Portada","item":"https:\/\/recambiosecogas.com\/it\/"},{"@type":"ListItem","position":2,"name":"Negozio","item":"https:\/\/recambiosecogas.com\/it\/?page_id=46382"},{"@type":"ListItem","position":3,"name":"Landi Renzo Li10 Turbo M10 Reducer"}]},{"@type":"WebSite","@id":"https:\/\/recambiosecogas.com\/it\/#website","url":"https:\/\/recambiosecogas.com\/it\/","name":"Recambios EcoGas","description":"Recambios Multimarca para sistemas de GLP\/GNC\/GNL\/Hidr\u00f3geno","publisher":{"@id":"https:\/\/recambiosecogas.com\/it\/#organization"},"alternateName":"Recambios Autogas GLP","potentialAction":[{"@type":"SearchAction","target":{"@type":"EntryPoint","urlTemplate":"https:\/\/recambiosecogas.com\/it\/?s={search_term_string}"},"query-input":{"@type":"PropertyValueSpecification","valueRequired":true,"valueName":"search_term_string"}}],"inLanguage":"it-IT"},{"@type":["Organization","Place"],"@id":"https:\/\/recambiosecogas.com\/it\/#organization","name":"Recambios EcoGas","alternateName":"Tienda Online GLP Espa\u00f1a","url":"https:\/\/recambiosecogas.com\/it\/","logo":{"@id":"https:\/\/recambiosecogas.com\/it\/producto\/reductor-landi-renzo-li10-turbo\/#local-main-organization-logo"},"image":{"@id":"https:\/\/recambiosecogas.com\/it\/producto\/reductor-landi-renzo-li10-turbo\/#local-main-organization-logo"},"sameAs":["https:\/\/www.facebook.com\/profile.php?id=100062419705358","https:\/\/www.instagram.com\/segimon_automocio"],"description":"Recambios EcoGas \u2013 Venta y distribuci\u00f3n de sistemas GLP y GNC en Espa\u00f1a y Portugal. Env\u00edos 24 h, soporte t\u00e9cnico a talleres y distribuidores.","hasMerchantReturnPolicy":{"@type":"MerchantReturnPolicy","merchantReturnLink":"https:\/\/recambiosecogas.com\/politicas-privacidad\/"},"address":{"@id":"https:\/\/recambiosecogas.com\/it\/producto\/reductor-landi-renzo-li10-turbo\/#local-main-place-address"},"telephone":["616250633"],"contactPoint":{"@type":"ContactPoint","email":"export@recambiosecogas.com"},"openingHoursSpecification":[{"@type":"OpeningHoursSpecification","dayOfWeek":["Monday","Tuesday","Wednesday","Thursday","Friday","Saturday","Sunday"],"opens":"09:00","closes":"17:00"}],"email":"info@recambiosecogas.com","faxNumber":"SEGIMON AUTOMOCION SL","vatID":"ESB19819861","globalLocationNumber":"938 616 339"},{"@type":"PostalAddress","@id":"https:\/\/recambiosecogas.com\/it\/producto\/reductor-landi-renzo-li10-turbo\/#local-main-place-address","streetAddress":"cami antic de vic, 29 (Nave 3), Pol\u00edgono Industrial Congost","addressLocality":"CORRO D`AVALL","postalCode":"08520","addressRegion":"Barcelona","addressCountry":"ES"},{"@type":"ImageObject","inLanguage":"it-IT","@id":"https:\/\/recambiosecogas.com\/it\/producto\/reductor-landi-renzo-li10-turbo\/#local-main-organization-logo","url":"https:\/\/recambiosecogas.com\/wp-content\/uploads\/2024\/11\/cropped-RECAMBIOS-GLP-png.webp","contentUrl":"https:\/\/recambiosecogas.com\/wp-content\/uploads\/2024\/11\/cropped-RECAMBIOS-GLP-png.webp","width":512,"height":512,"caption":"Recambios EcoGas"}]},"product_price_amount":"298.99","product_price_currency":"EUR","og_availability":"instock","product_availability":"instock","product_retailer_item_id":"105232","product_condition":"new","geo.placename":"CORRO D`AVALL","geo.region":"Spagna"},"uagb_featured_image_src":{"full":["https:\/\/recambiosecogas.com\/wp-content\/uploads\/2025\/03\/Reductor-Landi-Renzo-Li10-Turbo-M10x1-6mm-hasta-160KW-png.webp",1000,1000,false],"thumbnail":["https:\/\/recambiosecogas.com\/wp-content\/uploads\/2025\/03\/Reductor-Landi-Renzo-Li10-Turbo-M10x1-6mm-hasta-160KW-150x150.webp",150,150,true],"medium":["https:\/\/recambiosecogas.com\/wp-content\/uploads\/2025\/03\/Reductor-Landi-Renzo-Li10-Turbo-M10x1-6mm-hasta-160KW-300x300.webp",300,300,true],"medium_large":["https:\/\/recambiosecogas.com\/wp-content\/uploads\/2025\/03\/Reductor-Landi-Renzo-Li10-Turbo-M10x1-6mm-hasta-160KW-768x768.webp",768,768,true],"large":["https:\/\/recambiosecogas.com\/wp-content\/uploads\/2025\/03\/Reductor-Landi-Renzo-Li10-Turbo-M10x1-6mm-hasta-160KW-png.webp",1000,1000,false],"1536x1536":["https:\/\/recambiosecogas.com\/wp-content\/uploads\/2025\/03\/Reductor-Landi-Renzo-Li10-Turbo-M10x1-6mm-hasta-160KW-png.webp",1000,1000,false],"2048x2048":["https:\/\/recambiosecogas.com\/wp-content\/uploads\/2025\/03\/Reductor-Landi-Renzo-Li10-Turbo-M10x1-6mm-hasta-160KW-png.webp",1000,1000,false],"woocommerce_archive_thumbnail":["https:\/\/recambiosecogas.com\/wp-content\/uploads\/2025\/03\/Reductor-Landi-Renzo-Li10-Turbo-M10x1-6mm-hasta-160KW-png.webp",1000,1000,false],"woocommerce_thumbnail":["https:\/\/recambiosecogas.com\/wp-content\/uploads\/2025\/03\/Reductor-Landi-Renzo-Li10-Turbo-M10x1-6mm-hasta-160KW-300x300.webp",300,300,true],"woocommerce_single":["https:\/\/recambiosecogas.com\/wp-content\/uploads\/2025\/03\/Reductor-Landi-Renzo-Li10-Turbo-M10x1-6mm-hasta-160KW-png.webp",1000,1000,false],"woocommerce_gallery_thumbnail":["https:\/\/recambiosecogas.com\/wp-content\/uploads\/2025\/03\/Reductor-Landi-Renzo-Li10-Turbo-M10x1-6mm-hasta-160KW-png.webp",1000,1000,false],"dgwt-wcas-product-suggestion":["https:\/\/recambiosecogas.com\/wp-content\/uploads\/2025\/03\/Reductor-Landi-Renzo-Li10-Turbo-M10x1-6mm-hasta-160KW-64x64.webp",64,64,true]},"uagb_author_info":{"display_name":"Fran - Soporte T\u00e9cnico","author_link":"https:\/\/recambiosecogas.com\/it\/author\/"},"uagb_comment_info":0,"uagb_excerpt":"Riduttore turbo Landi Renzo Li10 (fino a 160KW) M10x1","_links":{"self":[{"href":"https:\/\/recambiosecogas.com\/it\/wp-json\/wp\/v2\/product\/45587","targetHints":{"allow":["GET"]}}],"collection":[{"href":"https:\/\/recambiosecogas.com\/it\/wp-json\/wp\/v2\/product"}],"about":[{"href":"https:\/\/recambiosecogas.com\/it\/wp-json\/wp\/v2\/types\/product"}],"replies":[{"embeddable":true,"href":"https:\/\/recambiosecogas.com\/it\/wp-json\/wp\/v2\/comments?post=45587"}],"wp:featuredmedia":[{"embeddable":true,"href":"https:\/\/recambiosecogas.com\/it\/wp-json\/wp\/v2\/media\/45561"}],"wp:attachment":[{"href":"https:\/\/recambiosecogas.com\/it\/wp-json\/wp\/v2\/media?parent=45587"}],"wp:term":[{"taxonomy":"product_brand","embeddable":true,"href":"https:\/\/recambiosecogas.com\/it\/wp-json\/wp\/v2\/product_brand?post=45587"},{"taxonomy":"product_cat","embeddable":true,"href":"https:\/\/recambiosecogas.com\/it\/wp-json\/wp\/v2\/product_cat?post=45587"},{"taxonomy":"product_tag","embeddable":true,"href":"https:\/\/recambiosecogas.com\/it\/wp-json\/wp\/v2\/product_tag?post=45587"}],"curies":[{"name":"wp","href":"https:\/\/api.w.org\/{rel}","templated":true}]}}