{"id":45556,"date":"2025-03-18T16:30:44","date_gmt":"2025-03-18T16:30:44","guid":{"rendered":"https:\/\/recambiosecogas.com\/producto\/reductor-eg-premo-next-conect-nueva-version\/"},"modified":"2026-04-27T09:09:48","modified_gmt":"2026-04-27T08:09:48","slug":"reductor-eg-premo-next-conect-nueva-version","status":"publish","type":"product","link":"https:\/\/recambiosecogas.com\/it\/producto\/reductor-eg-premo-next-conect-nueva-version\/","title":{"rendered":"RIDUTTORE EG PREMO NEXT CONNECT (Nuova versione)"},"content":{"rendered":"<h4 style=\"text-align: left;\" data-start=\"2702\" data-end=\"2725\">Il riduttore EG PREMO NEXT CONNECT \u00e8 un regolatore di pressione GPL ad alte prestazioni, progettato per convertire il gas dalla fase liquida alla fase gassosa e garantire un flusso stabile e costante nel sistema di iniezione.<\/h4>\n<h4 data-start=\"2702\" data-end=\"2725\"><strong data-start=\"2705\" data-end=\"2723\">Dati tecnici<\/strong><\/h4>\n<ul data-start=\"2726\" data-end=\"3518\">\n<li data-start=\"2726\" data-end=\"2762\"><strong data-start=\"2728\" data-end=\"2738\">Modello<\/strong> : EG PREMO NEXT CONNECT<\/li>\n<li data-start=\"2763\" data-end=\"2803\"><strong data-start=\"2765\" data-end=\"2773\">Tipo<\/strong> : Riduttore di pressione a GPL<\/li>\n<li data-start=\"2804\" data-end=\"2851\"><strong data-start=\"2806\" data-end=\"2835\">Potenza massima supportata<\/strong> : fino a 150 CV<\/li>\n<li data-start=\"2852\" data-end=\"2935\"><strong data-start=\"2854\" data-end=\"2875\">Pressione di uscita<\/strong> : stabile e costante, indipendentemente dal carico del motore.<\/li>\n<li data-start=\"2936\" data-end=\"3004\"><strong data-start=\"2938\" data-end=\"2961\">Collegamento in ingresso<\/strong> : Compatibile con i sistemi standard a GPL<\/li>\n<li data-start=\"3005\" data-end=\"3076\"><strong data-start=\"3007\" data-end=\"3029\">Collegamento alla presa<\/strong> : Compatibile con i sistemi di iniezione di gas<\/li>\n<li data-start=\"3077\" data-end=\"3125\"><strong data-start=\"3079\" data-end=\"3097\">Valvola solenoide<\/strong> : integrata nel cambio<\/li>\n<li data-start=\"3126\" data-end=\"3168\"><strong data-start=\"3128\" data-end=\"3153\">Sensore di temperatura<\/strong> : integrato<\/li>\n<li data-start=\"3169\" data-end=\"3223\"><strong data-start=\"3171\" data-end=\"3193\">Cartuccia filtrante<\/strong> : universale, facile da raggiungere.<\/li>\n<li data-start=\"3224\" data-end=\"3323\"><strong data-start=\"3226\" data-end=\"3267\">Sistema di protezione dallo sporco<\/strong> : magnete al neodimio per prevenire l&#8217;accumulo di residui<\/li>\n<li data-start=\"3324\" data-end=\"3410\"><strong data-start=\"3326\" data-end=\"3359\">Temperatura di esercizio<\/strong> : prestazioni ottimali anche a basse temperature<\/li>\n<li data-start=\"3411\" data-end=\"3518\"><strong data-start=\"3413\" data-end=\"3430\">Manutenzione<\/strong> : Sostituire il filtro ogni 15.000 \u2013 20.000 km secondo le raccomandazioni del produttore<\/li>\n<\/ul>\n<p data-start=\"416\" data-end=\"743\">Questo modello di ultima generazione \u00e8 progettato per motori fino a <strong data-start=\"485\" data-end=\"495\">150 CV<\/strong> , sia <strong data-start=\"505\" data-end=\"529\">turbo che aspirati<\/strong> , offrendo prestazioni efficienti e una guida fluida ed economica. Grazie al suo design compatto e <strong data-start=\"640\" data-end=\"665\">alle connessioni giretrici<\/strong> , l&#8217;installazione \u00e8 rapida e semplice, anche in configurazioni complesse. <\/p>\n<p data-start=\"745\" data-end=\"1123\"><strong data-start=\"748\" data-end=\"765\">L&#8217;EG PREMO NEXT<\/strong> incorpora un <strong data-start=\"779\" data-end=\"814\">sensore di temperatura integrato<\/strong> che permette di controllare il cambiamento del gas in base alle condizioni termiche del sistema. Inoltre, la <strong data-start=\"916\" data-end=\"948\">cartuccia universale di filtro<\/strong> facilmente accessibile e il sistema <strong data-start=\"981\" data-end=\"1001\">a magnete al neodimio<\/strong> prevengono l&#8217;accumulo di sporco sul pistone della valvola solenoide, garantendo un funzionamento stabile e prolungato. <\/p>\n<p data-start=\"1125\" data-end=\"1421\">Il suo design ottimizzato garantisce <strong data-start=\"1159\" data-end=\"1213\">prestazioni costanti anche a basse temperature<\/strong> , garantendo combustione efficiente e una risposta rapida del motore. L&#8217;assemblaggio <strong data-start=\"1307\" data-end=\"1335\">integrato della valvola solenoide<\/strong> riduce i tempi di installazione e migliora la sicurezza e la stabilit\u00e0 del sistema. <\/p>\n<p data-start=\"1125\" data-end=\"1421\"><a href=\"https:\/\/recambiosecogas.com\/it\/categoria-producto\/reguladores-de-presion\/reductores-glp\/\">TROVA PI\u00d9 GEARBOX SUL NOSTRO SITO<\/a><br \/>\n WEB<a href=\"https:\/\/segimonautomocio.com\/\">PER LE CONVERSIONI LPG VISITA IL NOSTRO WORKSHOP SUL SITO WEB<\/a><\/p>\n","protected":false},"excerpt":{"rendered":"<p>Il riduttore EG PREMO NEXT CONNECT \u00e8 un regolatore di pressione GPL ad alte prestazioni, progettato per convertire il gas dalla fase liquida alla fase gassosa e garantire un flusso stabile e costante nel sistema di iniezione. Dati tecnici Modello : EG PREMO NEXT CONNECT Tipo : Riduttore di pressione a GPL Potenza massima supportata [&hellip;]<\/p>\n","protected":false},"featured_media":45558,"comment_status":"open","ping_status":"closed","template":"","meta":{"_uag_custom_page_level_css":""},"product_brand":[],"product_cat":[2125,2126,2206,2143,2136],"product_tag":[],"class_list":{"0":"post-45556","1":"product","2":"type-product","3":"status-publish","4":"has-post-thumbnail","6":"product_cat-recambios-oem","7":"product_cat-recambios-oem-opel","8":"product_cat-recambios-oem-ssangyong","9":"product_cat-reductores-glp","10":"product_cat-reguladores-de-presion","12":"first","13":"instock","14":"taxable","15":"shipping-taxable","16":"purchasable","17":"product-type-simple"},"ct_brands":[],"yoast_head":"<!-- This site is optimized with the Yoast SEO Premium plugin v27.5 (Yoast SEO v27.5) - https:\/\/yoast.com\/product\/yoast-seo-premium-wordpress\/ -->\n<title>RIDUTTORE EG PREMO NEXT CONNECT (Nuova versione) | Recambios EcoGas | Sistemas GLP y GNC<\/title>\n<meta name=\"description\" content=\"Il cambio EG PREMO NEXT CONNECT offre una regolazione precisa della pressione GPL per motori fino a 150 CV.\" \/>\n<meta name=\"robots\" content=\"index, follow, max-snippet:-1, max-image-preview:large, max-video-preview:-1\" \/>\n<link rel=\"canonical\" href=\"https:\/\/recambiosecogas.com\/it\/producto\/reductor-eg-premo-next-conect-nueva-version\/\" \/>\n<meta property=\"og:locale\" content=\"it_IT\" \/>\n<meta property=\"og:type\" content=\"article\" \/>\n<meta property=\"og:title\" content=\"RIDUTTORE EG PREMO NEXT CONNECT (Nuova versione)\" \/>\n<meta property=\"og:description\" content=\"Il cambio EG PREMO NEXT CONNECT offre una regolazione precisa della pressione GPL per motori fino a 150 CV.\" \/>\n<meta property=\"og:url\" content=\"https:\/\/recambiosecogas.com\/it\/producto\/reductor-eg-premo-next-conect-nueva-version\/\" \/>\n<meta property=\"og:site_name\" content=\"Recambios EcoGas\" \/>\n<meta property=\"article:publisher\" content=\"https:\/\/www.facebook.com\/profile.php?id=100062419705358\" \/>\n<meta property=\"article:modified_time\" content=\"2026-04-27T08:09:48+00:00\" \/>\n<meta property=\"og:image\" content=\"https:\/\/recambiosecogas.com\/wp-content\/uploads\/2025\/03\/Europegas-Premo-Next-png.webp\" \/>\n\t<meta property=\"og:image:width\" content=\"1000\" \/>\n\t<meta property=\"og:image:height\" content=\"1000\" \/>\n\t<meta property=\"og:image:type\" content=\"image\/png\" \/>\n<meta name=\"twitter:card\" content=\"summary_large_image\" \/>\n<meta name=\"twitter:label1\" content=\"Prezzo\" \/>\n\t<meta name=\"twitter:data1\" content=\"104,12&nbsp;&euro; (Sin IVA: 86,05&nbsp;&euro;)\" \/>\n\t<meta name=\"twitter:label2\" content=\"Disponibilit\u00e0\" \/>\n\t<meta name=\"twitter:data2\" content=\"In stock\" \/>\n<script type=\"application\/ld+json\" class=\"yoast-schema-graph\">{\"@context\":\"https:\\\/\\\/schema.org\",\"@graph\":[{\"@type\":\"WebPage\",\"@id\":\"https:\\\/\\\/recambiosecogas.com\\\/it\\\/producto\\\/reductor-eg-premo-next-conect-nueva-version\\\/\",\"url\":\"https:\\\/\\\/recambiosecogas.com\\\/it\\\/producto\\\/reductor-eg-premo-next-conect-nueva-version\\\/\",\"name\":\"RIDUTTORE EG PREMO NEXT CONNECT (Nuova versione) | Recambios EcoGas | Sistemas GLP y GNC\",\"isPartOf\":{\"@id\":\"https:\\\/\\\/recambiosecogas.com\\\/it\\\/#website\"},\"primaryImageOfPage\":{\"@id\":\"https:\\\/\\\/recambiosecogas.com\\\/it\\\/producto\\\/reductor-eg-premo-next-conect-nueva-version\\\/#primaryimage\"},\"image\":{\"@id\":\"https:\\\/\\\/recambiosecogas.com\\\/it\\\/producto\\\/reductor-eg-premo-next-conect-nueva-version\\\/#primaryimage\"},\"thumbnailUrl\":\"https:\\\/\\\/recambiosecogas.com\\\/wp-content\\\/uploads\\\/2025\\\/03\\\/Europegas-Premo-Next-png.webp\",\"datePublished\":\"2025-03-18T16:30:44+00:00\",\"dateModified\":\"2026-04-27T08:09:48+00:00\",\"description\":\"Il cambio EG PREMO NEXT CONNECT offre una regolazione precisa della pressione GPL per motori fino a 150 CV.\",\"breadcrumb\":{\"@id\":\"https:\\\/\\\/recambiosecogas.com\\\/it\\\/producto\\\/reductor-eg-premo-next-conect-nueva-version\\\/#breadcrumb\"},\"inLanguage\":\"it-IT\",\"potentialAction\":[{\"@type\":\"ReadAction\",\"target\":[\"https:\\\/\\\/recambiosecogas.com\\\/it\\\/producto\\\/reductor-eg-premo-next-conect-nueva-version\\\/\"]}]},{\"@type\":\"ImageObject\",\"inLanguage\":\"it-IT\",\"@id\":\"https:\\\/\\\/recambiosecogas.com\\\/it\\\/producto\\\/reductor-eg-premo-next-conect-nueva-version\\\/#primaryimage\",\"url\":\"https:\\\/\\\/recambiosecogas.com\\\/wp-content\\\/uploads\\\/2025\\\/03\\\/Europegas-Premo-Next-png.webp\",\"contentUrl\":\"https:\\\/\\\/recambiosecogas.com\\\/wp-content\\\/uploads\\\/2025\\\/03\\\/Europegas-Premo-Next-png.webp\",\"width\":1000,\"height\":1000},{\"@type\":\"BreadcrumbList\",\"@id\":\"https:\\\/\\\/recambiosecogas.com\\\/it\\\/producto\\\/reductor-eg-premo-next-conect-nueva-version\\\/#breadcrumb\",\"itemListElement\":[{\"@type\":\"ListItem\",\"position\":1,\"name\":\"Portada\",\"item\":\"https:\\\/\\\/recambiosecogas.com\\\/it\\\/\"},{\"@type\":\"ListItem\",\"position\":2,\"name\":\"Negozio\",\"item\":\"https:\\\/\\\/recambiosecogas.com\\\/it\\\/?page_id=46382\"},{\"@type\":\"ListItem\",\"position\":3,\"name\":\"RIDUTTORE EG PREMO NEXT CONNECT (Nuova versione)\"}]},{\"@type\":\"WebSite\",\"@id\":\"https:\\\/\\\/recambiosecogas.com\\\/it\\\/#website\",\"url\":\"https:\\\/\\\/recambiosecogas.com\\\/it\\\/\",\"name\":\"Recambios EcoGas\",\"description\":\"Recambios Multimarca para sistemas de GLP\\\/GNC\\\/GNL\\\/Hidr\u00f3geno\",\"publisher\":{\"@id\":\"https:\\\/\\\/recambiosecogas.com\\\/it\\\/#organization\"},\"alternateName\":\"Recambios Autogas GLP\",\"potentialAction\":[{\"@type\":\"SearchAction\",\"target\":{\"@type\":\"EntryPoint\",\"urlTemplate\":\"https:\\\/\\\/recambiosecogas.com\\\/it\\\/?s={search_term_string}\"},\"query-input\":{\"@type\":\"PropertyValueSpecification\",\"valueRequired\":true,\"valueName\":\"search_term_string\"}}],\"inLanguage\":\"it-IT\"},{\"@type\":[\"Organization\",\"Place\"],\"@id\":\"https:\\\/\\\/recambiosecogas.com\\\/it\\\/#organization\",\"name\":\"Recambios EcoGas\",\"alternateName\":\"Tienda Online GLP Espa\u00f1a\",\"url\":\"https:\\\/\\\/recambiosecogas.com\\\/it\\\/\",\"logo\":{\"@id\":\"https:\\\/\\\/recambiosecogas.com\\\/it\\\/producto\\\/reductor-eg-premo-next-conect-nueva-version\\\/#local-main-organization-logo\"},\"image\":{\"@id\":\"https:\\\/\\\/recambiosecogas.com\\\/it\\\/producto\\\/reductor-eg-premo-next-conect-nueva-version\\\/#local-main-organization-logo\"},\"sameAs\":[\"https:\\\/\\\/www.facebook.com\\\/profile.php?id=100062419705358\",\"https:\\\/\\\/www.instagram.com\\\/segimon_automocio\"],\"description\":\"Recambios EcoGas \u2013 Venta y distribuci\u00f3n de sistemas GLP y GNC en Espa\u00f1a y Portugal. Env\u00edos 24 h, soporte t\u00e9cnico a talleres y distribuidores.\",\"hasMerchantReturnPolicy\":{\"@type\":\"MerchantReturnPolicy\",\"merchantReturnLink\":\"https:\\\/\\\/recambiosecogas.com\\\/politicas-privacidad\\\/\"},\"address\":{\"@id\":\"https:\\\/\\\/recambiosecogas.com\\\/it\\\/producto\\\/reductor-eg-premo-next-conect-nueva-version\\\/#local-main-place-address\"},\"telephone\":[\"616250633\"],\"contactPoint\":{\"@type\":\"ContactPoint\",\"email\":\"export@recambiosecogas.com\"},\"openingHoursSpecification\":[{\"@type\":\"OpeningHoursSpecification\",\"dayOfWeek\":[\"Monday\",\"Tuesday\",\"Wednesday\",\"Thursday\",\"Friday\",\"Saturday\",\"Sunday\"],\"opens\":\"09:00\",\"closes\":\"17:00\"}],\"email\":\"info@recambiosecogas.com\",\"faxNumber\":\"SEGIMON AUTOMOCION SL\",\"vatID\":\"ESB19819861\",\"globalLocationNumber\":\"938 616 339\"},{\"@type\":\"PostalAddress\",\"@id\":\"https:\\\/\\\/recambiosecogas.com\\\/it\\\/producto\\\/reductor-eg-premo-next-conect-nueva-version\\\/#local-main-place-address\",\"streetAddress\":\"cami antic de vic, 29 (Nave 3), Pol\u00edgono Industrial Congost\",\"addressLocality\":\"CORRO D`AVALL\",\"postalCode\":\"08520\",\"addressRegion\":\"Barcelona\",\"addressCountry\":\"ES\"},{\"@type\":\"ImageObject\",\"inLanguage\":\"it-IT\",\"@id\":\"https:\\\/\\\/recambiosecogas.com\\\/it\\\/producto\\\/reductor-eg-premo-next-conect-nueva-version\\\/#local-main-organization-logo\",\"url\":\"https:\\\/\\\/recambiosecogas.com\\\/wp-content\\\/uploads\\\/2024\\\/11\\\/cropped-RECAMBIOS-GLP-png.webp\",\"contentUrl\":\"https:\\\/\\\/recambiosecogas.com\\\/wp-content\\\/uploads\\\/2024\\\/11\\\/cropped-RECAMBIOS-GLP-png.webp\",\"width\":512,\"height\":512,\"caption\":\"Recambios EcoGas\"}]}<\/script>\n<meta property=\"product:price:amount\" content=\"104.12\" \/>\n<meta property=\"product:price:currency\" content=\"EUR\" \/>\n<meta property=\"og:availability\" content=\"instock\" \/>\n<meta property=\"product:availability\" content=\"instock\" \/>\n<meta property=\"product:retailer_item_id\" content=\"SA4760\" \/>\n<meta property=\"product:condition\" content=\"new\" \/>\n<meta name=\"geo.placename\" content=\"CORRO D`AVALL\" \/>\n<meta name=\"geo.region\" content=\"Spagna\" \/>\n<!-- \/ Yoast SEO Premium plugin. -->","yoast_head_json":{"title":"RIDUTTORE EG PREMO NEXT CONNECT (Nuova versione) | Recambios EcoGas | Sistemas GLP y GNC","description":"Il cambio EG PREMO NEXT CONNECT offre una regolazione precisa della pressione GPL per motori fino a 150 CV.","robots":{"index":"index","follow":"follow","max-snippet":"max-snippet:-1","max-image-preview":"max-image-preview:large","max-video-preview":"max-video-preview:-1"},"canonical":"https:\/\/recambiosecogas.com\/it\/producto\/reductor-eg-premo-next-conect-nueva-version\/","og_locale":"it_IT","og_type":"article","og_title":"RIDUTTORE EG PREMO NEXT CONNECT (Nuova versione)","og_description":"Il cambio EG PREMO NEXT CONNECT offre una regolazione precisa della pressione GPL per motori fino a 150 CV.","og_url":"https:\/\/recambiosecogas.com\/it\/producto\/reductor-eg-premo-next-conect-nueva-version\/","og_site_name":"Recambios EcoGas","article_publisher":"https:\/\/www.facebook.com\/profile.php?id=100062419705358","article_modified_time":"2026-04-27T08:09:48+00:00","og_image":[{"width":1000,"height":1000,"url":"https:\/\/recambiosecogas.com\/wp-content\/uploads\/2025\/03\/Europegas-Premo-Next-png.webp","type":"image\/png"}],"twitter_card":"summary_large_image","twitter_misc":{"Prezzo":"104,12&nbsp;&euro; (Sin IVA: 86,05&nbsp;&euro;)","Disponibilit\u00e0":"In stock"},"schema":{"@context":"https:\/\/schema.org","@graph":[{"@type":"WebPage","@id":"https:\/\/recambiosecogas.com\/it\/producto\/reductor-eg-premo-next-conect-nueva-version\/","url":"https:\/\/recambiosecogas.com\/it\/producto\/reductor-eg-premo-next-conect-nueva-version\/","name":"RIDUTTORE EG PREMO NEXT CONNECT (Nuova versione) | Recambios EcoGas | Sistemas GLP y GNC","isPartOf":{"@id":"https:\/\/recambiosecogas.com\/it\/#website"},"primaryImageOfPage":{"@id":"https:\/\/recambiosecogas.com\/it\/producto\/reductor-eg-premo-next-conect-nueva-version\/#primaryimage"},"image":{"@id":"https:\/\/recambiosecogas.com\/it\/producto\/reductor-eg-premo-next-conect-nueva-version\/#primaryimage"},"thumbnailUrl":"https:\/\/recambiosecogas.com\/wp-content\/uploads\/2025\/03\/Europegas-Premo-Next-png.webp","datePublished":"2025-03-18T16:30:44+00:00","dateModified":"2026-04-27T08:09:48+00:00","description":"Il cambio EG PREMO NEXT CONNECT offre una regolazione precisa della pressione GPL per motori fino a 150 CV.","breadcrumb":{"@id":"https:\/\/recambiosecogas.com\/it\/producto\/reductor-eg-premo-next-conect-nueva-version\/#breadcrumb"},"inLanguage":"it-IT","potentialAction":[{"@type":"ReadAction","target":["https:\/\/recambiosecogas.com\/it\/producto\/reductor-eg-premo-next-conect-nueva-version\/"]}]},{"@type":"ImageObject","inLanguage":"it-IT","@id":"https:\/\/recambiosecogas.com\/it\/producto\/reductor-eg-premo-next-conect-nueva-version\/#primaryimage","url":"https:\/\/recambiosecogas.com\/wp-content\/uploads\/2025\/03\/Europegas-Premo-Next-png.webp","contentUrl":"https:\/\/recambiosecogas.com\/wp-content\/uploads\/2025\/03\/Europegas-Premo-Next-png.webp","width":1000,"height":1000},{"@type":"BreadcrumbList","@id":"https:\/\/recambiosecogas.com\/it\/producto\/reductor-eg-premo-next-conect-nueva-version\/#breadcrumb","itemListElement":[{"@type":"ListItem","position":1,"name":"Portada","item":"https:\/\/recambiosecogas.com\/it\/"},{"@type":"ListItem","position":2,"name":"Negozio","item":"https:\/\/recambiosecogas.com\/it\/?page_id=46382"},{"@type":"ListItem","position":3,"name":"RIDUTTORE EG PREMO NEXT CONNECT (Nuova versione)"}]},{"@type":"WebSite","@id":"https:\/\/recambiosecogas.com\/it\/#website","url":"https:\/\/recambiosecogas.com\/it\/","name":"Recambios EcoGas","description":"Recambios Multimarca para sistemas de GLP\/GNC\/GNL\/Hidr\u00f3geno","publisher":{"@id":"https:\/\/recambiosecogas.com\/it\/#organization"},"alternateName":"Recambios Autogas GLP","potentialAction":[{"@type":"SearchAction","target":{"@type":"EntryPoint","urlTemplate":"https:\/\/recambiosecogas.com\/it\/?s={search_term_string}"},"query-input":{"@type":"PropertyValueSpecification","valueRequired":true,"valueName":"search_term_string"}}],"inLanguage":"it-IT"},{"@type":["Organization","Place"],"@id":"https:\/\/recambiosecogas.com\/it\/#organization","name":"Recambios EcoGas","alternateName":"Tienda Online GLP Espa\u00f1a","url":"https:\/\/recambiosecogas.com\/it\/","logo":{"@id":"https:\/\/recambiosecogas.com\/it\/producto\/reductor-eg-premo-next-conect-nueva-version\/#local-main-organization-logo"},"image":{"@id":"https:\/\/recambiosecogas.com\/it\/producto\/reductor-eg-premo-next-conect-nueva-version\/#local-main-organization-logo"},"sameAs":["https:\/\/www.facebook.com\/profile.php?id=100062419705358","https:\/\/www.instagram.com\/segimon_automocio"],"description":"Recambios EcoGas \u2013 Venta y distribuci\u00f3n de sistemas GLP y GNC en Espa\u00f1a y Portugal. Env\u00edos 24 h, soporte t\u00e9cnico a talleres y distribuidores.","hasMerchantReturnPolicy":{"@type":"MerchantReturnPolicy","merchantReturnLink":"https:\/\/recambiosecogas.com\/politicas-privacidad\/"},"address":{"@id":"https:\/\/recambiosecogas.com\/it\/producto\/reductor-eg-premo-next-conect-nueva-version\/#local-main-place-address"},"telephone":["616250633"],"contactPoint":{"@type":"ContactPoint","email":"export@recambiosecogas.com"},"openingHoursSpecification":[{"@type":"OpeningHoursSpecification","dayOfWeek":["Monday","Tuesday","Wednesday","Thursday","Friday","Saturday","Sunday"],"opens":"09:00","closes":"17:00"}],"email":"info@recambiosecogas.com","faxNumber":"SEGIMON AUTOMOCION SL","vatID":"ESB19819861","globalLocationNumber":"938 616 339"},{"@type":"PostalAddress","@id":"https:\/\/recambiosecogas.com\/it\/producto\/reductor-eg-premo-next-conect-nueva-version\/#local-main-place-address","streetAddress":"cami antic de vic, 29 (Nave 3), Pol\u00edgono Industrial Congost","addressLocality":"CORRO D`AVALL","postalCode":"08520","addressRegion":"Barcelona","addressCountry":"ES"},{"@type":"ImageObject","inLanguage":"it-IT","@id":"https:\/\/recambiosecogas.com\/it\/producto\/reductor-eg-premo-next-conect-nueva-version\/#local-main-organization-logo","url":"https:\/\/recambiosecogas.com\/wp-content\/uploads\/2024\/11\/cropped-RECAMBIOS-GLP-png.webp","contentUrl":"https:\/\/recambiosecogas.com\/wp-content\/uploads\/2024\/11\/cropped-RECAMBIOS-GLP-png.webp","width":512,"height":512,"caption":"Recambios EcoGas"}]},"product_price_amount":"104.12","product_price_currency":"EUR","og_availability":"instock","product_availability":"instock","product_retailer_item_id":"SA4760","product_condition":"new","geo.placename":"CORRO D`AVALL","geo.region":"Spagna"},"uagb_featured_image_src":{"full":["https:\/\/recambiosecogas.com\/wp-content\/uploads\/2025\/03\/Europegas-Premo-Next-png.webp",1000,1000,false],"thumbnail":["https:\/\/recambiosecogas.com\/wp-content\/uploads\/2025\/03\/Europegas-Premo-Next-150x150.webp",150,150,true],"medium":["https:\/\/recambiosecogas.com\/wp-content\/uploads\/2025\/03\/Europegas-Premo-Next-300x300.webp",300,300,true],"medium_large":["https:\/\/recambiosecogas.com\/wp-content\/uploads\/2025\/03\/Europegas-Premo-Next-768x768.webp",768,768,true],"large":["https:\/\/recambiosecogas.com\/wp-content\/uploads\/2025\/03\/Europegas-Premo-Next-png.webp",1000,1000,false],"1536x1536":["https:\/\/recambiosecogas.com\/wp-content\/uploads\/2025\/03\/Europegas-Premo-Next-png.webp",1000,1000,false],"2048x2048":["https:\/\/recambiosecogas.com\/wp-content\/uploads\/2025\/03\/Europegas-Premo-Next-png.webp",1000,1000,false],"woocommerce_archive_thumbnail":["https:\/\/recambiosecogas.com\/wp-content\/uploads\/2025\/03\/Europegas-Premo-Next-png.webp",1000,1000,false],"woocommerce_thumbnail":["https:\/\/recambiosecogas.com\/wp-content\/uploads\/2025\/03\/Europegas-Premo-Next-300x300.webp",300,300,true],"woocommerce_single":["https:\/\/recambiosecogas.com\/wp-content\/uploads\/2025\/03\/Europegas-Premo-Next-png.webp",1000,1000,false],"woocommerce_gallery_thumbnail":["https:\/\/recambiosecogas.com\/wp-content\/uploads\/2025\/03\/Europegas-Premo-Next-png.webp",1000,1000,false],"dgwt-wcas-product-suggestion":["https:\/\/recambiosecogas.com\/wp-content\/uploads\/2025\/03\/Europegas-Premo-Next-64x64.webp",64,64,true]},"uagb_author_info":{"display_name":"Fran - Soporte T\u00e9cnico","author_link":"https:\/\/recambiosecogas.com\/it\/author\/"},"uagb_comment_info":0,"uagb_excerpt":"Il riduttore EG PREMO NEXT CONNECT \u00e8 un regolatore di pressione GPL ad alte prestazioni, progettato per convertire il gas dalla fase liquida alla fase gassosa e garantire un flusso stabile e costante nel sistema di iniezione. Dati tecnici Modello : EG PREMO NEXT CONNECT Tipo : Riduttore di pressione a GPL Potenza massima supportata&hellip;","_links":{"self":[{"href":"https:\/\/recambiosecogas.com\/it\/wp-json\/wp\/v2\/product\/45556","targetHints":{"allow":["GET"]}}],"collection":[{"href":"https:\/\/recambiosecogas.com\/it\/wp-json\/wp\/v2\/product"}],"about":[{"href":"https:\/\/recambiosecogas.com\/it\/wp-json\/wp\/v2\/types\/product"}],"replies":[{"embeddable":true,"href":"https:\/\/recambiosecogas.com\/it\/wp-json\/wp\/v2\/comments?post=45556"}],"wp:featuredmedia":[{"embeddable":true,"href":"https:\/\/recambiosecogas.com\/it\/wp-json\/wp\/v2\/media\/45558"}],"wp:attachment":[{"href":"https:\/\/recambiosecogas.com\/it\/wp-json\/wp\/v2\/media?parent=45556"}],"wp:term":[{"taxonomy":"product_brand","embeddable":true,"href":"https:\/\/recambiosecogas.com\/it\/wp-json\/wp\/v2\/product_brand?post=45556"},{"taxonomy":"product_cat","embeddable":true,"href":"https:\/\/recambiosecogas.com\/it\/wp-json\/wp\/v2\/product_cat?post=45556"},{"taxonomy":"product_tag","embeddable":true,"href":"https:\/\/recambiosecogas.com\/it\/wp-json\/wp\/v2\/product_tag?post=45556"}],"curies":[{"name":"wp","href":"https:\/\/api.w.org\/{rel}","templated":true}]}}