{"id":45546,"date":"2025-03-24T09:51:28","date_gmt":"2025-03-24T09:51:28","guid":{"rendered":"https:\/\/recambiosecogas.com\/producto\/reductor-glp-italia-rpg-09-140kw-autogas\/"},"modified":"2026-04-27T09:09:47","modified_gmt":"2026-04-27T08:09:47","slug":"reductor-glp-italia-rpg-09-140kw-autogas","status":"publish","type":"product","link":"https:\/\/recambiosecogas.com\/it\/producto\/reductor-glp-italia-rpg-09-140kw-autogas\/","title":{"rendered":"GPL Riduttore Italia RPG 09 (140kW) Autogas"},"content":{"rendered":"<h4 style=\"text-align: center;\">GPL Riduttore Italia RPG 09 (140kW) Autogas<\/h4>\n<p><strong data-start=\"174\" data-end=\"213\">Il LPG RPG 09 riduttore (140 kW)<\/strong> \u00e8 un regolatore ad alta precisione progettato per veicoli con <strong data-start=\"288\" data-end=\"295\">conversione GPL<\/strong>. Il suo design compatto ed efficiente garantisce una <strong data-start=\"342\" data-end=\"380\">regolazione costante della pressione<\/strong> e <strong data-start=\"387\" data-end=\"415\">un&#8217;iniezione di gas precisa<\/strong>, migliorando le prestazioni del motore e riducendo il consumo di carburante. <\/p>\n<table class=\"features\">\n<tbody>\n<tr>\n<td>Pressione massima<\/td>\n<p> di lavoro<\/p>\n<td>30 bar<\/td>\n<\/tr>\n<tr>\n<td>Pressione di uscita<\/td>\n<td>Da 0,8 a 1,4 bar<\/td>\n<\/tr>\n<tr>\n<td>Temperatura di funzionamento<\/td>\n<td>-40 \u00b0C \/ +120 \u00b0C<\/td>\n<\/tr>\n<tr>\n<td>Alimentazione<\/td>\n<td>12V \u2013 11W<\/td>\n<\/tr>\n<tr>\n<td>Connettore di ingresso<\/td>\n<p> del gas <\/p>\n<td>Tubo \u00d8 6 mm &#8211; Filettatura M10x1<\/td>\n<\/tr>\n<tr>\n<td>Uscita del gas<\/td>\n<td>Connettore \u00d8 da 10 mm o 12 mm (DDF) per tubo del gas<\/td>\n<\/tr>\n<tr>\nCircuito <\/p>\n<td>idraulico<\/td>\n<td>Collegamento al tubo \u00d8 16 mm<\/td>\n<\/tr>\n<tr>\n<td>MAPPA<\/td>\n<td>Collegamento al tubo \u00d8 5 mm<\/td>\n<\/tr>\n<\/tbody>\n<\/table>\n<p class=\"\" data-start=\"495\" data-end=\"808\">Questo modello \u00e8 realizzato con materiali di alta qualit\u00e0 per garantire <strong data-start=\"569\" data-end=\"599\">resistenza alla corrosione<\/strong> e un funzionamento stabile su un&#8217;ampia gamma di temperature. Il collegamento diretto ai sistemi idrici e alla presa MAP consente una regolazione e un funzionamento ottimali in qualsiasi condizione di carico del motore. <\/p>\n<p class=\"\" data-start=\"810\" data-end=\"979\">Ideale per motori fino a <strong data-start=\"838\" data-end=\"848\">140 kW<\/strong>, <strong data-start=\"853\" data-end=\"863\">l&#8217;RPG 09<\/strong> garantisce combustione uniforme e una risposta rapida del motore, anche in condizioni di temperatura estrema.<\/p>\n<h2 class=\"\" data-start=\"1674\" data-end=\"1697\"><strong data-start=\"1677\" data-end=\"1695\">Dati tecnici<\/strong><\/h2>\n<ul data-start=\"1698\" data-end=\"2149\">\n<li class=\"\" data-start=\"1698\" data-end=\"1731\">\n<p class=\"\" data-start=\"1700\" data-end=\"1731\"><strong data-start=\"1700\" data-end=\"1710\">Modello<\/strong>: LPG Italia RPG 09<\/p>\n<\/li>\n<li class=\"\" data-start=\"1732\" data-end=\"1769\">\n<p class=\"\" data-start=\"1734\" data-end=\"1769\"><strong data-start=\"1734\" data-end=\"1753\">Potenza massima<\/strong>: fino a 140 kW<\/p>\n<\/li>\n<li class=\"\" data-start=\"1770\" data-end=\"1811\">\n<p class=\"\" data-start=\"1772\" data-end=\"1811\"><strong data-start=\"1772\" data-end=\"1801\">Pressione massima di lavoro<\/strong>: 30 bar<\/p>\n<\/li>\n<li class=\"\" data-start=\"1812\" data-end=\"1852\">\n<p class=\"\" data-start=\"1814\" data-end=\"1852\"><strong data-start=\"1814\" data-end=\"1835\">Pressione di uscita<\/strong>: 0,8 a 1,4 bar<\/p>\n<\/li>\n<li class=\"\" data-start=\"1853\" data-end=\"1908\">\n<p class=\"\" data-start=\"1855\" data-end=\"1908\"><strong data-start=\"1855\" data-end=\"1888\">Temperatura di esercizio<\/strong>: -40\u00b0C a +120\u00b0C<\/p>\n<\/li>\n<li class=\"\" data-start=\"1909\" data-end=\"1940\">\n<p class=\"\" data-start=\"1911\" data-end=\"1940\"><strong data-start=\"1911\" data-end=\"1927\">Alimentazione<\/strong>: 12V \u2013 11W<\/p>\n<\/li>\n<li class=\"\" data-start=\"1941\" data-end=\"2002\">\n<p class=\"\" data-start=\"1943\" data-end=\"2002\"><strong data-start=\"1943\" data-end=\"1973\">Connettore di ingresso gas<\/strong>: tubo \u00d8 da 6 mm \u2013 filettatura M10x1<\/p>\n<\/li>\n<li class=\"\" data-start=\"2003\" data-end=\"2059\">\n<p class=\"\" data-start=\"2005\" data-end=\"2059\"><strong data-start=\"2005\" data-end=\"2034\">Collegamento all&#8217;uscita del gas<\/strong>: \u00d8 10 mm o 12 mm (DDF)<\/p>\n<\/li>\n<li class=\"\" data-start=\"2060\" data-end=\"2111\">\n<p class=\"\" data-start=\"2062\" data-end=\"2111\"><strong data-start=\"2062\" data-end=\"2091\">Collegamento circuito dell&#8217;acqua<\/strong>: tubo \u00d8 16 mm<\/p>\n<\/li>\n<li class=\"\" data-start=\"2112\" data-end=\"2149\">\n<p class=\"\" data-start=\"2114\" data-end=\"2149\"><strong data-start=\"2114\" data-end=\"2130\">Collegamento MAP<\/strong>: tubo \u00d8 5 mm<\/p>\n<\/li>\n<\/ul>\n<p class=\"\" data-start=\"810\" data-end=\"979\"><a href=\"https:\/\/recambiosecogas.com\/it\/categoria-producto\/reguladores-de-presion\/reductores-glp\/\">TROVA PI\u00d9 GEARBOX SUL NOSTRO SITO<\/a><br \/>\n WEB<a href=\"https:\/\/segimonautomocio.com\/\">PER LE CONVERSIONI LPG VISITA IL NOSTRO WORKSHOP SUL SITO WEB<\/a><\/p>\n","protected":false},"excerpt":{"rendered":"<p>GPL Riduttore Italia RPG 09 (140kW) Autogas Il LPG RPG 09 riduttore (140 kW) \u00e8 un regolatore ad alta precisione progettato per veicoli con conversione GPL. Il suo design compatto ed efficiente garantisce una regolazione costante della pressione e un&#8217;iniezione di gas precisa, migliorando le prestazioni del motore e riducendo il consumo di carburante. Pressione [&hellip;]<\/p>\n","protected":false},"featured_media":45548,"comment_status":"open","ping_status":"closed","template":"","meta":{"_uag_custom_page_level_css":""},"product_brand":[],"product_cat":[2143,2136],"product_tag":[],"class_list":{"0":"post-45546","1":"product","2":"type-product","3":"status-publish","4":"has-post-thumbnail","6":"product_cat-reductores-glp","7":"product_cat-reguladores-de-presion","9":"first","10":"instock","11":"taxable","12":"shipping-taxable","13":"purchasable","14":"product-type-simple"},"ct_brands":[],"yoast_head":"<!-- This site is optimized with the Yoast SEO Premium plugin v27.5 (Yoast SEO v27.5) - https:\/\/yoast.com\/product\/yoast-seo-premium-wordpress\/ -->\n<title>GPL Riduttore Italia RPG 09 (140kW) Autogas | Recambios EcoGas | Sistemas GLP y GNC<\/title>\n<meta name=\"description\" content=\"Il LPG RPG 09 riduttore Italia (140 kW) offre una regolazione precisa della pressione del gas. Intervallo di pressione di uscita da 0,8 a 1,4 bar e design compatto.\" \/>\n<meta name=\"robots\" content=\"index, follow, max-snippet:-1, max-image-preview:large, max-video-preview:-1\" \/>\n<link rel=\"canonical\" href=\"https:\/\/recambiosecogas.com\/it\/producto\/reductor-glp-italia-rpg-09-140kw-autogas\/\" \/>\n<meta property=\"og:locale\" content=\"it_IT\" \/>\n<meta property=\"og:type\" content=\"article\" \/>\n<meta property=\"og:title\" content=\"GPL Riduttore Italia RPG 09 (140kW) Autogas\" \/>\n<meta property=\"og:description\" content=\"Il LPG RPG 09 riduttore Italia (140 kW) offre una regolazione precisa della pressione del gas. Intervallo di pressione di uscita da 0,8 a 1,4 bar e design compatto.\" \/>\n<meta property=\"og:url\" content=\"https:\/\/recambiosecogas.com\/it\/producto\/reductor-glp-italia-rpg-09-140kw-autogas\/\" \/>\n<meta property=\"og:site_name\" content=\"Recambios EcoGas\" \/>\n<meta property=\"article:publisher\" content=\"https:\/\/www.facebook.com\/profile.php?id=100062419705358\" \/>\n<meta property=\"article:modified_time\" content=\"2026-04-27T08:09:47+00:00\" \/>\n<meta property=\"og:image\" content=\"https:\/\/recambiosecogas.com\/wp-content\/uploads\/2025\/03\/Reductor-GLP-Italia-RPG-09-140kW-Autogas-png.webp\" \/>\n\t<meta property=\"og:image:width\" content=\"1000\" \/>\n\t<meta property=\"og:image:height\" content=\"1000\" \/>\n\t<meta property=\"og:image:type\" content=\"image\/png\" \/>\n<meta name=\"twitter:card\" content=\"summary_large_image\" \/>\n<meta name=\"twitter:label1\" content=\"Prezzo\" \/>\n\t<meta name=\"twitter:data1\" content=\"165,28&nbsp;&euro; (Sin IVA: 136,60&nbsp;&euro;)\" \/>\n\t<meta name=\"twitter:label2\" content=\"Disponibilit\u00e0\" \/>\n\t<meta name=\"twitter:data2\" content=\"In stock\" \/>\n<script type=\"application\/ld+json\" class=\"yoast-schema-graph\">{\"@context\":\"https:\\\/\\\/schema.org\",\"@graph\":[{\"@type\":\"WebPage\",\"@id\":\"https:\\\/\\\/recambiosecogas.com\\\/it\\\/producto\\\/reductor-glp-italia-rpg-09-140kw-autogas\\\/\",\"url\":\"https:\\\/\\\/recambiosecogas.com\\\/it\\\/producto\\\/reductor-glp-italia-rpg-09-140kw-autogas\\\/\",\"name\":\"GPL Riduttore Italia RPG 09 (140kW) Autogas | Recambios EcoGas | Sistemas GLP y GNC\",\"isPartOf\":{\"@id\":\"https:\\\/\\\/recambiosecogas.com\\\/it\\\/#website\"},\"primaryImageOfPage\":{\"@id\":\"https:\\\/\\\/recambiosecogas.com\\\/it\\\/producto\\\/reductor-glp-italia-rpg-09-140kw-autogas\\\/#primaryimage\"},\"image\":{\"@id\":\"https:\\\/\\\/recambiosecogas.com\\\/it\\\/producto\\\/reductor-glp-italia-rpg-09-140kw-autogas\\\/#primaryimage\"},\"thumbnailUrl\":\"https:\\\/\\\/recambiosecogas.com\\\/wp-content\\\/uploads\\\/2025\\\/03\\\/Reductor-GLP-Italia-RPG-09-140kW-Autogas-png.webp\",\"datePublished\":\"2025-03-24T09:51:28+00:00\",\"dateModified\":\"2026-04-27T08:09:47+00:00\",\"description\":\"Il LPG RPG 09 riduttore Italia (140 kW) offre una regolazione precisa della pressione del gas. Intervallo di pressione di uscita da 0,8 a 1,4 bar e design compatto.\",\"breadcrumb\":{\"@id\":\"https:\\\/\\\/recambiosecogas.com\\\/it\\\/producto\\\/reductor-glp-italia-rpg-09-140kw-autogas\\\/#breadcrumb\"},\"inLanguage\":\"it-IT\",\"potentialAction\":[{\"@type\":\"ReadAction\",\"target\":[\"https:\\\/\\\/recambiosecogas.com\\\/it\\\/producto\\\/reductor-glp-italia-rpg-09-140kw-autogas\\\/\"]}]},{\"@type\":\"ImageObject\",\"inLanguage\":\"it-IT\",\"@id\":\"https:\\\/\\\/recambiosecogas.com\\\/it\\\/producto\\\/reductor-glp-italia-rpg-09-140kw-autogas\\\/#primaryimage\",\"url\":\"https:\\\/\\\/recambiosecogas.com\\\/wp-content\\\/uploads\\\/2025\\\/03\\\/Reductor-GLP-Italia-RPG-09-140kW-Autogas-png.webp\",\"contentUrl\":\"https:\\\/\\\/recambiosecogas.com\\\/wp-content\\\/uploads\\\/2025\\\/03\\\/Reductor-GLP-Italia-RPG-09-140kW-Autogas-png.webp\",\"width\":1000,\"height\":1000},{\"@type\":\"BreadcrumbList\",\"@id\":\"https:\\\/\\\/recambiosecogas.com\\\/it\\\/producto\\\/reductor-glp-italia-rpg-09-140kw-autogas\\\/#breadcrumb\",\"itemListElement\":[{\"@type\":\"ListItem\",\"position\":1,\"name\":\"Portada\",\"item\":\"https:\\\/\\\/recambiosecogas.com\\\/it\\\/\"},{\"@type\":\"ListItem\",\"position\":2,\"name\":\"Negozio\",\"item\":\"https:\\\/\\\/recambiosecogas.com\\\/it\\\/?page_id=46382\"},{\"@type\":\"ListItem\",\"position\":3,\"name\":\"GPL Riduttore Italia RPG 09 (140kW) Autogas\"}]},{\"@type\":\"WebSite\",\"@id\":\"https:\\\/\\\/recambiosecogas.com\\\/it\\\/#website\",\"url\":\"https:\\\/\\\/recambiosecogas.com\\\/it\\\/\",\"name\":\"Recambios EcoGas\",\"description\":\"Recambios Multimarca para sistemas de GLP\\\/GNC\\\/GNL\\\/Hidr\u00f3geno\",\"publisher\":{\"@id\":\"https:\\\/\\\/recambiosecogas.com\\\/it\\\/#organization\"},\"alternateName\":\"Recambios Autogas GLP\",\"potentialAction\":[{\"@type\":\"SearchAction\",\"target\":{\"@type\":\"EntryPoint\",\"urlTemplate\":\"https:\\\/\\\/recambiosecogas.com\\\/it\\\/?s={search_term_string}\"},\"query-input\":{\"@type\":\"PropertyValueSpecification\",\"valueRequired\":true,\"valueName\":\"search_term_string\"}}],\"inLanguage\":\"it-IT\"},{\"@type\":[\"Organization\",\"Place\"],\"@id\":\"https:\\\/\\\/recambiosecogas.com\\\/it\\\/#organization\",\"name\":\"Recambios EcoGas\",\"alternateName\":\"Tienda Online GLP Espa\u00f1a\",\"url\":\"https:\\\/\\\/recambiosecogas.com\\\/it\\\/\",\"logo\":{\"@id\":\"https:\\\/\\\/recambiosecogas.com\\\/it\\\/producto\\\/reductor-glp-italia-rpg-09-140kw-autogas\\\/#local-main-organization-logo\"},\"image\":{\"@id\":\"https:\\\/\\\/recambiosecogas.com\\\/it\\\/producto\\\/reductor-glp-italia-rpg-09-140kw-autogas\\\/#local-main-organization-logo\"},\"sameAs\":[\"https:\\\/\\\/www.facebook.com\\\/profile.php?id=100062419705358\",\"https:\\\/\\\/www.instagram.com\\\/segimon_automocio\"],\"description\":\"Recambios EcoGas \u2013 Venta y distribuci\u00f3n de sistemas GLP y GNC en Espa\u00f1a y Portugal. Env\u00edos 24 h, soporte t\u00e9cnico a talleres y distribuidores.\",\"hasMerchantReturnPolicy\":{\"@type\":\"MerchantReturnPolicy\",\"merchantReturnLink\":\"https:\\\/\\\/recambiosecogas.com\\\/politicas-privacidad\\\/\"},\"address\":{\"@id\":\"https:\\\/\\\/recambiosecogas.com\\\/it\\\/producto\\\/reductor-glp-italia-rpg-09-140kw-autogas\\\/#local-main-place-address\"},\"telephone\":[\"616250633\"],\"contactPoint\":{\"@type\":\"ContactPoint\",\"email\":\"export@recambiosecogas.com\"},\"openingHoursSpecification\":[{\"@type\":\"OpeningHoursSpecification\",\"dayOfWeek\":[\"Monday\",\"Tuesday\",\"Wednesday\",\"Thursday\",\"Friday\",\"Saturday\",\"Sunday\"],\"opens\":\"09:00\",\"closes\":\"17:00\"}],\"email\":\"info@recambiosecogas.com\",\"faxNumber\":\"SEGIMON AUTOMOCION SL\",\"vatID\":\"ESB19819861\",\"globalLocationNumber\":\"938 616 339\"},{\"@type\":\"PostalAddress\",\"@id\":\"https:\\\/\\\/recambiosecogas.com\\\/it\\\/producto\\\/reductor-glp-italia-rpg-09-140kw-autogas\\\/#local-main-place-address\",\"streetAddress\":\"cami antic de vic, 29 (Nave 3), Pol\u00edgono Industrial Congost\",\"addressLocality\":\"CORRO D`AVALL\",\"postalCode\":\"08520\",\"addressRegion\":\"Barcelona\",\"addressCountry\":\"ES\"},{\"@type\":\"ImageObject\",\"inLanguage\":\"it-IT\",\"@id\":\"https:\\\/\\\/recambiosecogas.com\\\/it\\\/producto\\\/reductor-glp-italia-rpg-09-140kw-autogas\\\/#local-main-organization-logo\",\"url\":\"https:\\\/\\\/recambiosecogas.com\\\/wp-content\\\/uploads\\\/2024\\\/11\\\/cropped-RECAMBIOS-GLP-png.webp\",\"contentUrl\":\"https:\\\/\\\/recambiosecogas.com\\\/wp-content\\\/uploads\\\/2024\\\/11\\\/cropped-RECAMBIOS-GLP-png.webp\",\"width\":512,\"height\":512,\"caption\":\"Recambios EcoGas\"}]}<\/script>\n<meta property=\"product:price:amount\" content=\"165.28\" \/>\n<meta property=\"product:price:currency\" content=\"EUR\" \/>\n<meta property=\"og:availability\" content=\"instock\" \/>\n<meta property=\"product:availability\" content=\"instock\" \/>\n<meta property=\"product:retailer_item_id\" content=\"107359\" \/>\n<meta property=\"product:condition\" content=\"new\" \/>\n<meta name=\"geo.placename\" content=\"CORRO D`AVALL\" \/>\n<meta name=\"geo.region\" content=\"Spagna\" \/>\n<!-- \/ Yoast SEO Premium plugin. -->","yoast_head_json":{"title":"GPL Riduttore Italia RPG 09 (140kW) Autogas | Recambios EcoGas | Sistemas GLP y GNC","description":"Il LPG RPG 09 riduttore Italia (140 kW) offre una regolazione precisa della pressione del gas. Intervallo di pressione di uscita da 0,8 a 1,4 bar e design compatto.","robots":{"index":"index","follow":"follow","max-snippet":"max-snippet:-1","max-image-preview":"max-image-preview:large","max-video-preview":"max-video-preview:-1"},"canonical":"https:\/\/recambiosecogas.com\/it\/producto\/reductor-glp-italia-rpg-09-140kw-autogas\/","og_locale":"it_IT","og_type":"article","og_title":"GPL Riduttore Italia RPG 09 (140kW) Autogas","og_description":"Il LPG RPG 09 riduttore Italia (140 kW) offre una regolazione precisa della pressione del gas. Intervallo di pressione di uscita da 0,8 a 1,4 bar e design compatto.","og_url":"https:\/\/recambiosecogas.com\/it\/producto\/reductor-glp-italia-rpg-09-140kw-autogas\/","og_site_name":"Recambios EcoGas","article_publisher":"https:\/\/www.facebook.com\/profile.php?id=100062419705358","article_modified_time":"2026-04-27T08:09:47+00:00","og_image":[{"width":1000,"height":1000,"url":"https:\/\/recambiosecogas.com\/wp-content\/uploads\/2025\/03\/Reductor-GLP-Italia-RPG-09-140kW-Autogas-png.webp","type":"image\/png"}],"twitter_card":"summary_large_image","twitter_misc":{"Prezzo":"165,28&nbsp;&euro; (Sin IVA: 136,60&nbsp;&euro;)","Disponibilit\u00e0":"In stock"},"schema":{"@context":"https:\/\/schema.org","@graph":[{"@type":"WebPage","@id":"https:\/\/recambiosecogas.com\/it\/producto\/reductor-glp-italia-rpg-09-140kw-autogas\/","url":"https:\/\/recambiosecogas.com\/it\/producto\/reductor-glp-italia-rpg-09-140kw-autogas\/","name":"GPL Riduttore Italia RPG 09 (140kW) Autogas | Recambios EcoGas | Sistemas GLP y GNC","isPartOf":{"@id":"https:\/\/recambiosecogas.com\/it\/#website"},"primaryImageOfPage":{"@id":"https:\/\/recambiosecogas.com\/it\/producto\/reductor-glp-italia-rpg-09-140kw-autogas\/#primaryimage"},"image":{"@id":"https:\/\/recambiosecogas.com\/it\/producto\/reductor-glp-italia-rpg-09-140kw-autogas\/#primaryimage"},"thumbnailUrl":"https:\/\/recambiosecogas.com\/wp-content\/uploads\/2025\/03\/Reductor-GLP-Italia-RPG-09-140kW-Autogas-png.webp","datePublished":"2025-03-24T09:51:28+00:00","dateModified":"2026-04-27T08:09:47+00:00","description":"Il LPG RPG 09 riduttore Italia (140 kW) offre una regolazione precisa della pressione del gas. Intervallo di pressione di uscita da 0,8 a 1,4 bar e design compatto.","breadcrumb":{"@id":"https:\/\/recambiosecogas.com\/it\/producto\/reductor-glp-italia-rpg-09-140kw-autogas\/#breadcrumb"},"inLanguage":"it-IT","potentialAction":[{"@type":"ReadAction","target":["https:\/\/recambiosecogas.com\/it\/producto\/reductor-glp-italia-rpg-09-140kw-autogas\/"]}]},{"@type":"ImageObject","inLanguage":"it-IT","@id":"https:\/\/recambiosecogas.com\/it\/producto\/reductor-glp-italia-rpg-09-140kw-autogas\/#primaryimage","url":"https:\/\/recambiosecogas.com\/wp-content\/uploads\/2025\/03\/Reductor-GLP-Italia-RPG-09-140kW-Autogas-png.webp","contentUrl":"https:\/\/recambiosecogas.com\/wp-content\/uploads\/2025\/03\/Reductor-GLP-Italia-RPG-09-140kW-Autogas-png.webp","width":1000,"height":1000},{"@type":"BreadcrumbList","@id":"https:\/\/recambiosecogas.com\/it\/producto\/reductor-glp-italia-rpg-09-140kw-autogas\/#breadcrumb","itemListElement":[{"@type":"ListItem","position":1,"name":"Portada","item":"https:\/\/recambiosecogas.com\/it\/"},{"@type":"ListItem","position":2,"name":"Negozio","item":"https:\/\/recambiosecogas.com\/it\/?page_id=46382"},{"@type":"ListItem","position":3,"name":"GPL Riduttore Italia RPG 09 (140kW) Autogas"}]},{"@type":"WebSite","@id":"https:\/\/recambiosecogas.com\/it\/#website","url":"https:\/\/recambiosecogas.com\/it\/","name":"Recambios EcoGas","description":"Recambios Multimarca para sistemas de GLP\/GNC\/GNL\/Hidr\u00f3geno","publisher":{"@id":"https:\/\/recambiosecogas.com\/it\/#organization"},"alternateName":"Recambios Autogas GLP","potentialAction":[{"@type":"SearchAction","target":{"@type":"EntryPoint","urlTemplate":"https:\/\/recambiosecogas.com\/it\/?s={search_term_string}"},"query-input":{"@type":"PropertyValueSpecification","valueRequired":true,"valueName":"search_term_string"}}],"inLanguage":"it-IT"},{"@type":["Organization","Place"],"@id":"https:\/\/recambiosecogas.com\/it\/#organization","name":"Recambios EcoGas","alternateName":"Tienda Online GLP Espa\u00f1a","url":"https:\/\/recambiosecogas.com\/it\/","logo":{"@id":"https:\/\/recambiosecogas.com\/it\/producto\/reductor-glp-italia-rpg-09-140kw-autogas\/#local-main-organization-logo"},"image":{"@id":"https:\/\/recambiosecogas.com\/it\/producto\/reductor-glp-italia-rpg-09-140kw-autogas\/#local-main-organization-logo"},"sameAs":["https:\/\/www.facebook.com\/profile.php?id=100062419705358","https:\/\/www.instagram.com\/segimon_automocio"],"description":"Recambios EcoGas \u2013 Venta y distribuci\u00f3n de sistemas GLP y GNC en Espa\u00f1a y Portugal. Env\u00edos 24 h, soporte t\u00e9cnico a talleres y distribuidores.","hasMerchantReturnPolicy":{"@type":"MerchantReturnPolicy","merchantReturnLink":"https:\/\/recambiosecogas.com\/politicas-privacidad\/"},"address":{"@id":"https:\/\/recambiosecogas.com\/it\/producto\/reductor-glp-italia-rpg-09-140kw-autogas\/#local-main-place-address"},"telephone":["616250633"],"contactPoint":{"@type":"ContactPoint","email":"export@recambiosecogas.com"},"openingHoursSpecification":[{"@type":"OpeningHoursSpecification","dayOfWeek":["Monday","Tuesday","Wednesday","Thursday","Friday","Saturday","Sunday"],"opens":"09:00","closes":"17:00"}],"email":"info@recambiosecogas.com","faxNumber":"SEGIMON AUTOMOCION SL","vatID":"ESB19819861","globalLocationNumber":"938 616 339"},{"@type":"PostalAddress","@id":"https:\/\/recambiosecogas.com\/it\/producto\/reductor-glp-italia-rpg-09-140kw-autogas\/#local-main-place-address","streetAddress":"cami antic de vic, 29 (Nave 3), Pol\u00edgono Industrial Congost","addressLocality":"CORRO D`AVALL","postalCode":"08520","addressRegion":"Barcelona","addressCountry":"ES"},{"@type":"ImageObject","inLanguage":"it-IT","@id":"https:\/\/recambiosecogas.com\/it\/producto\/reductor-glp-italia-rpg-09-140kw-autogas\/#local-main-organization-logo","url":"https:\/\/recambiosecogas.com\/wp-content\/uploads\/2024\/11\/cropped-RECAMBIOS-GLP-png.webp","contentUrl":"https:\/\/recambiosecogas.com\/wp-content\/uploads\/2024\/11\/cropped-RECAMBIOS-GLP-png.webp","width":512,"height":512,"caption":"Recambios EcoGas"}]},"product_price_amount":"165.28","product_price_currency":"EUR","og_availability":"instock","product_availability":"instock","product_retailer_item_id":"107359","product_condition":"new","geo.placename":"CORRO D`AVALL","geo.region":"Spagna"},"uagb_featured_image_src":{"full":["https:\/\/recambiosecogas.com\/wp-content\/uploads\/2025\/03\/Reductor-GLP-Italia-RPG-09-140kW-Autogas-png.webp",1000,1000,false],"thumbnail":["https:\/\/recambiosecogas.com\/wp-content\/uploads\/2025\/03\/Reductor-GLP-Italia-RPG-09-140kW-Autogas-150x150.webp",150,150,true],"medium":["https:\/\/recambiosecogas.com\/wp-content\/uploads\/2025\/03\/Reductor-GLP-Italia-RPG-09-140kW-Autogas-300x300.webp",300,300,true],"medium_large":["https:\/\/recambiosecogas.com\/wp-content\/uploads\/2025\/03\/Reductor-GLP-Italia-RPG-09-140kW-Autogas-768x768.webp",768,768,true],"large":["https:\/\/recambiosecogas.com\/wp-content\/uploads\/2025\/03\/Reductor-GLP-Italia-RPG-09-140kW-Autogas-png.webp",1000,1000,false],"1536x1536":["https:\/\/recambiosecogas.com\/wp-content\/uploads\/2025\/03\/Reductor-GLP-Italia-RPG-09-140kW-Autogas-png.webp",1000,1000,false],"2048x2048":["https:\/\/recambiosecogas.com\/wp-content\/uploads\/2025\/03\/Reductor-GLP-Italia-RPG-09-140kW-Autogas-png.webp",1000,1000,false],"woocommerce_archive_thumbnail":["https:\/\/recambiosecogas.com\/wp-content\/uploads\/2025\/03\/Reductor-GLP-Italia-RPG-09-140kW-Autogas-png.webp",1000,1000,false],"woocommerce_thumbnail":["https:\/\/recambiosecogas.com\/wp-content\/uploads\/2025\/03\/Reductor-GLP-Italia-RPG-09-140kW-Autogas-300x300.webp",300,300,true],"woocommerce_single":["https:\/\/recambiosecogas.com\/wp-content\/uploads\/2025\/03\/Reductor-GLP-Italia-RPG-09-140kW-Autogas-png.webp",1000,1000,false],"woocommerce_gallery_thumbnail":["https:\/\/recambiosecogas.com\/wp-content\/uploads\/2025\/03\/Reductor-GLP-Italia-RPG-09-140kW-Autogas-png.webp",1000,1000,false],"dgwt-wcas-product-suggestion":["https:\/\/recambiosecogas.com\/wp-content\/uploads\/2025\/03\/Reductor-GLP-Italia-RPG-09-140kW-Autogas-64x64.webp",64,64,true]},"uagb_author_info":{"display_name":"Fran - Soporte T\u00e9cnico","author_link":"https:\/\/recambiosecogas.com\/it\/author\/"},"uagb_comment_info":0,"uagb_excerpt":"GPL Riduttore Italia RPG 09 (140kW) Autogas Il LPG RPG 09 riduttore (140 kW) \u00e8 un regolatore ad alta precisione progettato per veicoli con conversione GPL. Il suo design compatto ed efficiente garantisce una regolazione costante della pressione e un&#8217;iniezione di gas precisa, migliorando le prestazioni del motore e riducendo il consumo di carburante. Pressione&hellip;","_links":{"self":[{"href":"https:\/\/recambiosecogas.com\/it\/wp-json\/wp\/v2\/product\/45546","targetHints":{"allow":["GET"]}}],"collection":[{"href":"https:\/\/recambiosecogas.com\/it\/wp-json\/wp\/v2\/product"}],"about":[{"href":"https:\/\/recambiosecogas.com\/it\/wp-json\/wp\/v2\/types\/product"}],"replies":[{"embeddable":true,"href":"https:\/\/recambiosecogas.com\/it\/wp-json\/wp\/v2\/comments?post=45546"}],"wp:featuredmedia":[{"embeddable":true,"href":"https:\/\/recambiosecogas.com\/it\/wp-json\/wp\/v2\/media\/45548"}],"wp:attachment":[{"href":"https:\/\/recambiosecogas.com\/it\/wp-json\/wp\/v2\/media?parent=45546"}],"wp:term":[{"taxonomy":"product_brand","embeddable":true,"href":"https:\/\/recambiosecogas.com\/it\/wp-json\/wp\/v2\/product_brand?post=45546"},{"taxonomy":"product_cat","embeddable":true,"href":"https:\/\/recambiosecogas.com\/it\/wp-json\/wp\/v2\/product_cat?post=45546"},{"taxonomy":"product_tag","embeddable":true,"href":"https:\/\/recambiosecogas.com\/it\/wp-json\/wp\/v2\/product_tag?post=45546"}],"curies":[{"name":"wp","href":"https:\/\/api.w.org\/{rel}","templated":true}]}}