{"id":45486,"date":"2025-04-09T15:09:29","date_gmt":"2025-04-09T14:09:29","guid":{"rendered":"https:\/\/recambiosecogas.com\/producto\/tomasetto-kit-de-reparacion-del-reductor-at07-sin-filtro-ni-tapon\/"},"modified":"2026-04-08T10:59:58","modified_gmt":"2026-04-08T09:59:58","slug":"tomasetto-kit-de-reparacion-del-reductor-at07-sin-filtro-ni-tapon","status":"publish","type":"product","link":"https:\/\/recambiosecogas.com\/it\/producto\/tomasetto-kit-de-reparacion-del-reductor-at07-sin-filtro-ni-tapon\/","title":{"rendered":"Kit di riparazione riduttore Tomasetto AT07 senza filtro o tappo"},"content":{"rendered":"<h1 data-start=\"104\" data-end=\"171\">Kit di riparazione riduttore Tomasetto AT07 senza filtro o tappo<\/h1>\n<p data-start=\"173\" data-end=\"575\">Il kit di riparazione riduttore Tomasetto AT07 senza filtro n\u00e9 tappo \u00e8 progettato per la manutenzione essenziale di questo vaporizzatore a GPL, ampiamente utilizzato nei sistemi automobilistici. Questo kit si concentra su guarnizioni ed elementi di tenuta che tendono a consumarsi con l&#8217;uso, permettendo di ripristinare il corretto funzionamento del cambio senza includere parti aggiuntive come filtro o candela. <\/p>\n<p data-start=\"577\" data-end=\"765\">\u00c8 un&#8217;opzione economica e pratica per gli utenti che devono solo sostituire le guarnizioni interne responsabili della tenuta e della corretta regolazione della pressione nel sistema a GPL.<\/p>\n<hr data-start=\"767\" data-end=\"770\">\n<h2 data-start=\"772\" data-end=\"844\">Cosa include il kit di riparazione Tomasetto AT07 senza filtro o tappo?<\/h2>\n<ul data-start=\"846\" data-end=\"1031\">\n<li data-start=\"846\" data-end=\"864\">\n<p data-start=\"848\" data-end=\"864\">O-ring<\/p>\n<\/li>\n<li data-start=\"865\" data-end=\"882\">\n<p data-start=\"867\" data-end=\"882\">Giunti piatti<\/p>\n<\/li>\n<li data-start=\"883\" data-end=\"933\">\n<p data-start=\"885\" data-end=\"933\">Guarnizioni di tenuta del cassino del cambio<\/p>\n<\/li>\n<li data-start=\"934\" data-end=\"967\">\n<p data-start=\"936\" data-end=\"967\">Elementi di sigillatura interna<\/p>\n<\/li>\n<li data-start=\"968\" data-end=\"1031\">\n<p data-start=\"970\" data-end=\"1031\">Componenti necessari per ripristinare la regolazione del GPL<\/p>\n<\/li>\n<\/ul>\n<p data-start=\"1033\" data-end=\"1161\">Poich\u00e9 non include filtro o tappo, \u00e8 progettato come manutenzione parziale o come riparazione puntuale di perdite o pressioni instabili.<\/p>\n<hr data-start=\"1163\" data-end=\"1166\">\n<h2 data-start=\"1168\" data-end=\"1193\">Compatibilit\u00e0 dei kit<\/h2>\n<p data-start=\"1195\" data-end=\"1222\">Questo kit \u00e8 compatibile con:<\/p>\n<ul data-start=\"1224\" data-end=\"1407\">\n<li data-start=\"1224\" data-end=\"1251\">\n<p data-start=\"1226\" data-end=\"1251\">Tomasetto AT07 Reducer<\/p>\n<\/li>\n<li data-start=\"1252\" data-end=\"1317\">\n<p data-start=\"1254\" data-end=\"1317\">Installazioni di GPL automobilistico con vaporizzatore AT07<\/p>\n<\/li>\n<li data-start=\"1318\" data-end=\"1407\">\n<p data-start=\"1320\" data-end=\"1407\">Sistemi in cui filtro e tappo sono gi\u00e0 in buone condizioni o vengono sostituiti separatamente<\/p>\n<\/li>\n<\/ul>\n<p data-start=\"1409\" data-end=\"1502\">Ideale per laboratori o utenti che richiedono solo il rinnovo dei sigilli interni.<\/p>\n<hr data-start=\"1504\" data-end=\"1507\">\n<h2 data-start=\"1509\" data-end=\"1586\">Specifiche tecniche del cambio Tomasetto AT07<\/h2>\n<div class=\"_tableContainer_1rjym_1\">\n<div class=\"group _tableWrapper_1rjym_13 flex w-fit flex-col-reverse\" tabindex=\"-1\">\n<table class=\"w-fit min-w-(--thread-content-width)\" data-start=\"1588\" data-end=\"2071\">\n<thead data-start=\"1588\" data-end=\"1620\">\n<tr data-start=\"1588\" data-end=\"1620\">\n<th data-start=\"1588\" data-end=\"1605\" data-col-size=\"sm\">Specifiche<\/th>\n<th data-start=\"1605\" data-end=\"1620\" data-col-size=\"md\">Descrizione<\/th>\n<\/tr>\n<\/thead>\n<tbody data-start=\"1654\" data-end=\"2071\">\n<tr data-start=\"1654\" data-end=\"1692\">\n<td data-start=\"1654\" data-end=\"1674\" data-col-size=\"sm\">Modello compatibile<\/td>\n<td data-col-size=\"md\" data-start=\"1674\" data-end=\"1692\">Tomasetto AT07<\/td>\n<\/tr>\n<tr data-start=\"1693\" data-end=\"1730\">\nTipo <\/p>\n<td data-start=\"1693\" data-end=\"1711\" data-col-size=\"sm\">di sistema<\/td>\n<td data-col-size=\"md\" data-start=\"1711\" data-end=\"1730\">Vaporizzatore a GPL<\/td>\n<\/tr>\n<tr data-start=\"1731\" data-end=\"1765\">\n<td data-start=\"1731\" data-end=\"1753\" data-col-size=\"sm\">Materiale della carrozzeria<\/td>\n<td data-col-size=\"md\" data-start=\"1753\" data-end=\"1765\">Alluminio<\/td>\n<\/tr>\n<tr data-start=\"1766\" data-end=\"1813\">\n<td data-start=\"1766\" data-end=\"1787\" data-col-size=\"sm\">Tipo di regolamentazione<\/td>\n<td data-col-size=\"md\" data-start=\"1787\" data-end=\"1813\">Meccanica per diaframma<\/td>\n<\/tr>\n<tr data-start=\"1814\" data-end=\"1864\">\n<td data-start=\"1814\" data-end=\"1824\" data-col-size=\"sm\">Funzione<\/td>\n<td data-col-size=\"md\" data-start=\"1824\" data-end=\"1864\">Vaporizzazione e regolazione della pressione<\/td>\n<\/tr>\n<tr data-start=\"1865\" data-end=\"1922\">\n<td data-start=\"1865\" data-end=\"1892\" data-col-size=\"sm\">Sistema di riscaldamento<\/td>\n<td data-col-size=\"md\" data-start=\"1892\" data-end=\"1922\">Circuito dell&#8217;acqua del motore<\/td>\n<\/tr>\n<tr data-start=\"1923\" data-end=\"2000\">\nComponenti <\/p>\n<td data-start=\"1923\" data-end=\"1951\" data-col-size=\"sm\">sostituibili<\/td>\n<td data-col-size=\"md\" data-start=\"1951\" data-end=\"2000\">Guarnizioni, diaframmi, filtro, tappo (secondo il kit)<\/td>\n<\/tr>\n<tr data-start=\"2001\" data-end=\"2071\">\n<td data-start=\"2001\" data-end=\"2029\" data-col-size=\"sm\">Manutenzione consigliata<\/td>\n<td data-col-size=\"md\" data-start=\"2029\" data-end=\"2071\">Ogni 50.000 &#8211; 60.000 km o usura<\/td>\n<\/tr>\n<\/tbody>\n<\/table>\n<\/div>\n<\/div>\n<hr data-start=\"2073\" data-end=\"2076\">\n<h2 data-start=\"2078\" data-end=\"2112\">Vantaggi dell&#8217;installazione di questo kit<\/h2>\n<ul data-start=\"2114\" data-end=\"2421\">\n<li data-start=\"2114\" data-end=\"2151\">\n<p data-start=\"2116\" data-end=\"2151\">Elimina le perdite nel cambio AT07<\/p>\n<\/li>\n<li data-start=\"2152\" data-end=\"2188\">\n<p data-start=\"2154\" data-end=\"2188\">Recupera la tenuta interna<\/p>\n<\/li>\n<li data-start=\"2189\" data-end=\"2250\">\n<p data-start=\"2191\" data-end=\"2250\">Migliora la regolazione dei gas e la stabilit\u00e0 del sistema<\/p>\n<\/li>\n<li data-start=\"2251\" data-end=\"2305\">\n<p data-start=\"2253\" data-end=\"2305\">Previene guasti al minimo o problemi di commutazione<\/p>\n<\/li>\n<li data-start=\"2306\" data-end=\"2347\">\n<p data-start=\"2308\" data-end=\"2347\">Prolunga la vita del vaporizzatore<\/p>\n<\/li>\n<li data-start=\"2348\" data-end=\"2421\">\n<p data-start=\"2350\" data-end=\"2421\">Soluzione economica se filtro e tappo sono gi\u00e0 in buone condizioni<\/p>\n<\/li>\n<\/ul>\n","protected":false},"excerpt":{"rendered":"<p>TOMASETTO<\/p>\n","protected":false},"featured_media":45487,"comment_status":"open","ping_status":"closed","template":"","meta":{"_uag_custom_page_level_css":""},"product_brand":[],"product_cat":[2135,2184,2185,2136],"product_tag":[],"class_list":{"0":"post-45486","1":"product","2":"type-product","3":"status-publish","4":"has-post-thumbnail","6":"product_cat-juegos-de-reparacion-glp","7":"product_cat-juegos-de-reparacion-gnc","8":"product_cat-kit-reparacion-nuevo","9":"product_cat-reguladores-de-presion","11":"first","12":"onbackorder","13":"taxable","14":"shipping-taxable","15":"purchasable","16":"product-type-simple"},"ct_brands":[],"yoast_head":"<!-- This site is optimized with the Yoast SEO Premium plugin v27.5 (Yoast SEO v27.6) - https:\/\/yoast.com\/product\/yoast-seo-premium-wordpress\/ -->\n<title>Kit di riparazione riduttore Tomasetto AT07 senza filtro o tappo | Recambios EcoGas | Sistemas GLP y GNC<\/title>\n<meta name=\"description\" content=\"Kit di riparazione per riduttore Tomasetto AT07 senza filtro n\u00e9 tappo. Include guarnizioni ed elementi di tenuta per ripristinare la pressione ed eliminare perdite\" \/>\n<meta name=\"robots\" content=\"index, follow, max-snippet:-1, max-image-preview:large, max-video-preview:-1\" \/>\n<link rel=\"canonical\" href=\"https:\/\/recambiosecogas.com\/it\/producto\/tomasetto-kit-de-reparacion-del-reductor-at07-sin-filtro-ni-tapon\/\" \/>\n<meta property=\"og:locale\" content=\"it_IT\" \/>\n<meta property=\"og:type\" content=\"article\" \/>\n<meta property=\"og:title\" content=\"Kit di riparazione riduttore Tomasetto AT07 senza filtro o tappo\" \/>\n<meta property=\"og:description\" content=\"Kit di riparazione per riduttore Tomasetto AT07 senza filtro n\u00e9 tappo. Include guarnizioni ed elementi di tenuta per ripristinare la pressione ed eliminare perdite\" \/>\n<meta property=\"og:url\" content=\"https:\/\/recambiosecogas.com\/it\/producto\/tomasetto-kit-de-reparacion-del-reductor-at07-sin-filtro-ni-tapon\/\" \/>\n<meta property=\"og:site_name\" content=\"Recambios EcoGas\" \/>\n<meta property=\"article:publisher\" content=\"https:\/\/www.facebook.com\/profile.php?id=100062419705358\" \/>\n<meta property=\"article:modified_time\" content=\"2026-04-08T09:59:58+00:00\" \/>\n<meta property=\"og:image\" content=\"https:\/\/recambiosecogas.com\/wp-content\/uploads\/2025\/04\/Tomasetto-kit-de-reparacion-del-reductor-AT07-sin-filtro-ni-tapon-png.webp\" \/>\n\t<meta property=\"og:image:width\" content=\"1000\" \/>\n\t<meta property=\"og:image:height\" content=\"1000\" \/>\n\t<meta property=\"og:image:type\" content=\"image\/png\" \/>\n<meta name=\"twitter:card\" content=\"summary_large_image\" \/>\n<meta name=\"twitter:label1\" content=\"Prezzo\" \/>\n\t<meta name=\"twitter:data1\" content=\"19,35&nbsp;&euro; (Sin IVA: 15,99&nbsp;&euro;)\" \/>\n\t<meta name=\"twitter:label2\" content=\"Disponibilit\u00e0\" \/>\n\t<meta name=\"twitter:data2\" content=\"Su ordinazione\" \/>\n<script type=\"application\/ld+json\" class=\"yoast-schema-graph\">{\"@context\":\"https:\\\/\\\/schema.org\",\"@graph\":[{\"@type\":\"WebPage\",\"@id\":\"https:\\\/\\\/recambiosecogas.com\\\/it\\\/producto\\\/tomasetto-kit-de-reparacion-del-reductor-at07-sin-filtro-ni-tapon\\\/\",\"url\":\"https:\\\/\\\/recambiosecogas.com\\\/it\\\/producto\\\/tomasetto-kit-de-reparacion-del-reductor-at07-sin-filtro-ni-tapon\\\/\",\"name\":\"Kit di riparazione riduttore Tomasetto AT07 senza filtro o tappo | Recambios EcoGas | Sistemas GLP y GNC\",\"isPartOf\":{\"@id\":\"https:\\\/\\\/recambiosecogas.com\\\/it\\\/#website\"},\"primaryImageOfPage\":{\"@id\":\"https:\\\/\\\/recambiosecogas.com\\\/it\\\/producto\\\/tomasetto-kit-de-reparacion-del-reductor-at07-sin-filtro-ni-tapon\\\/#primaryimage\"},\"image\":{\"@id\":\"https:\\\/\\\/recambiosecogas.com\\\/it\\\/producto\\\/tomasetto-kit-de-reparacion-del-reductor-at07-sin-filtro-ni-tapon\\\/#primaryimage\"},\"thumbnailUrl\":\"https:\\\/\\\/recambiosecogas.com\\\/wp-content\\\/uploads\\\/2025\\\/04\\\/Tomasetto-kit-de-reparacion-del-reductor-AT07-sin-filtro-ni-tapon-png.webp\",\"datePublished\":\"2025-04-09T14:09:29+00:00\",\"dateModified\":\"2026-04-08T09:59:58+00:00\",\"description\":\"Kit di riparazione per riduttore Tomasetto AT07 senza filtro n\u00e9 tappo. Include guarnizioni ed elementi di tenuta per ripristinare la pressione ed eliminare perdite\",\"breadcrumb\":{\"@id\":\"https:\\\/\\\/recambiosecogas.com\\\/it\\\/producto\\\/tomasetto-kit-de-reparacion-del-reductor-at07-sin-filtro-ni-tapon\\\/#breadcrumb\"},\"inLanguage\":\"it-IT\",\"potentialAction\":[{\"@type\":\"ReadAction\",\"target\":[\"https:\\\/\\\/recambiosecogas.com\\\/it\\\/producto\\\/tomasetto-kit-de-reparacion-del-reductor-at07-sin-filtro-ni-tapon\\\/\"]}]},{\"@type\":\"ImageObject\",\"inLanguage\":\"it-IT\",\"@id\":\"https:\\\/\\\/recambiosecogas.com\\\/it\\\/producto\\\/tomasetto-kit-de-reparacion-del-reductor-at07-sin-filtro-ni-tapon\\\/#primaryimage\",\"url\":\"https:\\\/\\\/recambiosecogas.com\\\/wp-content\\\/uploads\\\/2025\\\/04\\\/Tomasetto-kit-de-reparacion-del-reductor-AT07-sin-filtro-ni-tapon-png.webp\",\"contentUrl\":\"https:\\\/\\\/recambiosecogas.com\\\/wp-content\\\/uploads\\\/2025\\\/04\\\/Tomasetto-kit-de-reparacion-del-reductor-AT07-sin-filtro-ni-tapon-png.webp\",\"width\":1000,\"height\":1000},{\"@type\":\"BreadcrumbList\",\"@id\":\"https:\\\/\\\/recambiosecogas.com\\\/it\\\/producto\\\/tomasetto-kit-de-reparacion-del-reductor-at07-sin-filtro-ni-tapon\\\/#breadcrumb\",\"itemListElement\":[{\"@type\":\"ListItem\",\"position\":1,\"name\":\"Portada\",\"item\":\"https:\\\/\\\/recambiosecogas.com\\\/it\\\/\"},{\"@type\":\"ListItem\",\"position\":2,\"name\":\"Negozio\",\"item\":\"https:\\\/\\\/recambiosecogas.com\\\/it\\\/?page_id=46382\"},{\"@type\":\"ListItem\",\"position\":3,\"name\":\"Kit di riparazione riduttore Tomasetto AT07 senza filtro o tappo\"}]},{\"@type\":\"WebSite\",\"@id\":\"https:\\\/\\\/recambiosecogas.com\\\/it\\\/#website\",\"url\":\"https:\\\/\\\/recambiosecogas.com\\\/it\\\/\",\"name\":\"Recambios EcoGas\",\"description\":\"Recambios Multimarca para sistemas de GLP\\\/GNC\\\/GNL\\\/Hidr\u00f3geno\",\"publisher\":{\"@id\":\"https:\\\/\\\/recambiosecogas.com\\\/it\\\/#organization\"},\"alternateName\":\"Recambios Autogas GLP\",\"potentialAction\":[{\"@type\":\"SearchAction\",\"target\":{\"@type\":\"EntryPoint\",\"urlTemplate\":\"https:\\\/\\\/recambiosecogas.com\\\/it\\\/?s={search_term_string}\"},\"query-input\":{\"@type\":\"PropertyValueSpecification\",\"valueRequired\":true,\"valueName\":\"search_term_string\"}}],\"inLanguage\":\"it-IT\"},{\"@type\":[\"Organization\",\"Place\"],\"@id\":\"https:\\\/\\\/recambiosecogas.com\\\/it\\\/#organization\",\"name\":\"Recambios EcoGas\",\"alternateName\":\"Tienda Online GLP Espa\u00f1a\",\"url\":\"https:\\\/\\\/recambiosecogas.com\\\/it\\\/\",\"logo\":{\"@id\":\"https:\\\/\\\/recambiosecogas.com\\\/it\\\/producto\\\/tomasetto-kit-de-reparacion-del-reductor-at07-sin-filtro-ni-tapon\\\/#local-main-organization-logo\"},\"image\":{\"@id\":\"https:\\\/\\\/recambiosecogas.com\\\/it\\\/producto\\\/tomasetto-kit-de-reparacion-del-reductor-at07-sin-filtro-ni-tapon\\\/#local-main-organization-logo\"},\"sameAs\":[\"https:\\\/\\\/www.facebook.com\\\/profile.php?id=100062419705358\",\"https:\\\/\\\/www.instagram.com\\\/segimon_automocio\"],\"description\":\"Recambios EcoGas \u2013 Venta y distribuci\u00f3n de sistemas GLP y GNC en Espa\u00f1a y Portugal. Env\u00edos 24 h, soporte t\u00e9cnico a talleres y distribuidores.\",\"hasMerchantReturnPolicy\":{\"@type\":\"MerchantReturnPolicy\",\"merchantReturnLink\":\"https:\\\/\\\/recambiosecogas.com\\\/politicas-privacidad\\\/\"},\"address\":{\"@id\":\"https:\\\/\\\/recambiosecogas.com\\\/it\\\/producto\\\/tomasetto-kit-de-reparacion-del-reductor-at07-sin-filtro-ni-tapon\\\/#local-main-place-address\"},\"telephone\":[\"616250633\"],\"contactPoint\":{\"@type\":\"ContactPoint\",\"email\":\"export@recambiosecogas.com\"},\"openingHoursSpecification\":[{\"@type\":\"OpeningHoursSpecification\",\"dayOfWeek\":[\"Monday\",\"Tuesday\",\"Wednesday\",\"Thursday\",\"Friday\",\"Saturday\",\"Sunday\"],\"opens\":\"09:00\",\"closes\":\"17:00\"}],\"email\":\"info@recambiosecogas.com\",\"faxNumber\":\"SEGIMON AUTOMOCION SL\",\"vatID\":\"ESB19819861\",\"globalLocationNumber\":\"938 616 339\"},{\"@type\":\"PostalAddress\",\"@id\":\"https:\\\/\\\/recambiosecogas.com\\\/it\\\/producto\\\/tomasetto-kit-de-reparacion-del-reductor-at07-sin-filtro-ni-tapon\\\/#local-main-place-address\",\"streetAddress\":\"cami antic de vic, 29 (Nave 3), Pol\u00edgono Industrial Congost\",\"addressLocality\":\"CORRO D`AVALL\",\"postalCode\":\"08520\",\"addressRegion\":\"Barcelona\",\"addressCountry\":\"ES\"},{\"@type\":\"ImageObject\",\"inLanguage\":\"it-IT\",\"@id\":\"https:\\\/\\\/recambiosecogas.com\\\/it\\\/producto\\\/tomasetto-kit-de-reparacion-del-reductor-at07-sin-filtro-ni-tapon\\\/#local-main-organization-logo\",\"url\":\"https:\\\/\\\/recambiosecogas.com\\\/wp-content\\\/uploads\\\/2024\\\/11\\\/cropped-RECAMBIOS-GLP-png.webp\",\"contentUrl\":\"https:\\\/\\\/recambiosecogas.com\\\/wp-content\\\/uploads\\\/2024\\\/11\\\/cropped-RECAMBIOS-GLP-png.webp\",\"width\":512,\"height\":512,\"caption\":\"Recambios EcoGas\"}]}<\/script>\n<meta property=\"product:price:amount\" content=\"19.35\" \/>\n<meta property=\"product:price:currency\" content=\"EUR\" \/>\n<meta property=\"og:availability\" content=\"backorder\" \/>\n<meta property=\"product:availability\" content=\"available for order\" \/>\n<meta property=\"product:retailer_item_id\" content=\"105662\" \/>\n<meta property=\"product:condition\" content=\"new\" \/>\n<meta name=\"geo.placename\" content=\"CORRO D`AVALL\" \/>\n<meta name=\"geo.region\" content=\"Spagna\" \/>\n<!-- \/ Yoast SEO Premium plugin. -->","yoast_head_json":{"title":"Kit di riparazione riduttore Tomasetto AT07 senza filtro o tappo | Recambios EcoGas | Sistemas GLP y GNC","description":"Kit di riparazione per riduttore Tomasetto AT07 senza filtro n\u00e9 tappo. Include guarnizioni ed elementi di tenuta per ripristinare la pressione ed eliminare perdite","robots":{"index":"index","follow":"follow","max-snippet":"max-snippet:-1","max-image-preview":"max-image-preview:large","max-video-preview":"max-video-preview:-1"},"canonical":"https:\/\/recambiosecogas.com\/it\/producto\/tomasetto-kit-de-reparacion-del-reductor-at07-sin-filtro-ni-tapon\/","og_locale":"it_IT","og_type":"article","og_title":"Kit di riparazione riduttore Tomasetto AT07 senza filtro o tappo","og_description":"Kit di riparazione per riduttore Tomasetto AT07 senza filtro n\u00e9 tappo. Include guarnizioni ed elementi di tenuta per ripristinare la pressione ed eliminare perdite","og_url":"https:\/\/recambiosecogas.com\/it\/producto\/tomasetto-kit-de-reparacion-del-reductor-at07-sin-filtro-ni-tapon\/","og_site_name":"Recambios EcoGas","article_publisher":"https:\/\/www.facebook.com\/profile.php?id=100062419705358","article_modified_time":"2026-04-08T09:59:58+00:00","og_image":[{"width":1000,"height":1000,"url":"https:\/\/recambiosecogas.com\/wp-content\/uploads\/2025\/04\/Tomasetto-kit-de-reparacion-del-reductor-AT07-sin-filtro-ni-tapon-png.webp","type":"image\/png"}],"twitter_card":"summary_large_image","twitter_misc":{"Prezzo":"19,35&nbsp;&euro; (Sin IVA: 15,99&nbsp;&euro;)","Disponibilit\u00e0":"Su ordinazione"},"schema":{"@context":"https:\/\/schema.org","@graph":[{"@type":"WebPage","@id":"https:\/\/recambiosecogas.com\/it\/producto\/tomasetto-kit-de-reparacion-del-reductor-at07-sin-filtro-ni-tapon\/","url":"https:\/\/recambiosecogas.com\/it\/producto\/tomasetto-kit-de-reparacion-del-reductor-at07-sin-filtro-ni-tapon\/","name":"Kit di riparazione riduttore Tomasetto AT07 senza filtro o tappo | Recambios EcoGas | Sistemas GLP y GNC","isPartOf":{"@id":"https:\/\/recambiosecogas.com\/it\/#website"},"primaryImageOfPage":{"@id":"https:\/\/recambiosecogas.com\/it\/producto\/tomasetto-kit-de-reparacion-del-reductor-at07-sin-filtro-ni-tapon\/#primaryimage"},"image":{"@id":"https:\/\/recambiosecogas.com\/it\/producto\/tomasetto-kit-de-reparacion-del-reductor-at07-sin-filtro-ni-tapon\/#primaryimage"},"thumbnailUrl":"https:\/\/recambiosecogas.com\/wp-content\/uploads\/2025\/04\/Tomasetto-kit-de-reparacion-del-reductor-AT07-sin-filtro-ni-tapon-png.webp","datePublished":"2025-04-09T14:09:29+00:00","dateModified":"2026-04-08T09:59:58+00:00","description":"Kit di riparazione per riduttore Tomasetto AT07 senza filtro n\u00e9 tappo. Include guarnizioni ed elementi di tenuta per ripristinare la pressione ed eliminare perdite","breadcrumb":{"@id":"https:\/\/recambiosecogas.com\/it\/producto\/tomasetto-kit-de-reparacion-del-reductor-at07-sin-filtro-ni-tapon\/#breadcrumb"},"inLanguage":"it-IT","potentialAction":[{"@type":"ReadAction","target":["https:\/\/recambiosecogas.com\/it\/producto\/tomasetto-kit-de-reparacion-del-reductor-at07-sin-filtro-ni-tapon\/"]}]},{"@type":"ImageObject","inLanguage":"it-IT","@id":"https:\/\/recambiosecogas.com\/it\/producto\/tomasetto-kit-de-reparacion-del-reductor-at07-sin-filtro-ni-tapon\/#primaryimage","url":"https:\/\/recambiosecogas.com\/wp-content\/uploads\/2025\/04\/Tomasetto-kit-de-reparacion-del-reductor-AT07-sin-filtro-ni-tapon-png.webp","contentUrl":"https:\/\/recambiosecogas.com\/wp-content\/uploads\/2025\/04\/Tomasetto-kit-de-reparacion-del-reductor-AT07-sin-filtro-ni-tapon-png.webp","width":1000,"height":1000},{"@type":"BreadcrumbList","@id":"https:\/\/recambiosecogas.com\/it\/producto\/tomasetto-kit-de-reparacion-del-reductor-at07-sin-filtro-ni-tapon\/#breadcrumb","itemListElement":[{"@type":"ListItem","position":1,"name":"Portada","item":"https:\/\/recambiosecogas.com\/it\/"},{"@type":"ListItem","position":2,"name":"Negozio","item":"https:\/\/recambiosecogas.com\/it\/?page_id=46382"},{"@type":"ListItem","position":3,"name":"Kit di riparazione riduttore Tomasetto AT07 senza filtro o tappo"}]},{"@type":"WebSite","@id":"https:\/\/recambiosecogas.com\/it\/#website","url":"https:\/\/recambiosecogas.com\/it\/","name":"Recambios EcoGas","description":"Recambios Multimarca para sistemas de GLP\/GNC\/GNL\/Hidr\u00f3geno","publisher":{"@id":"https:\/\/recambiosecogas.com\/it\/#organization"},"alternateName":"Recambios Autogas GLP","potentialAction":[{"@type":"SearchAction","target":{"@type":"EntryPoint","urlTemplate":"https:\/\/recambiosecogas.com\/it\/?s={search_term_string}"},"query-input":{"@type":"PropertyValueSpecification","valueRequired":true,"valueName":"search_term_string"}}],"inLanguage":"it-IT"},{"@type":["Organization","Place"],"@id":"https:\/\/recambiosecogas.com\/it\/#organization","name":"Recambios EcoGas","alternateName":"Tienda Online GLP Espa\u00f1a","url":"https:\/\/recambiosecogas.com\/it\/","logo":{"@id":"https:\/\/recambiosecogas.com\/it\/producto\/tomasetto-kit-de-reparacion-del-reductor-at07-sin-filtro-ni-tapon\/#local-main-organization-logo"},"image":{"@id":"https:\/\/recambiosecogas.com\/it\/producto\/tomasetto-kit-de-reparacion-del-reductor-at07-sin-filtro-ni-tapon\/#local-main-organization-logo"},"sameAs":["https:\/\/www.facebook.com\/profile.php?id=100062419705358","https:\/\/www.instagram.com\/segimon_automocio"],"description":"Recambios EcoGas \u2013 Venta y distribuci\u00f3n de sistemas GLP y GNC en Espa\u00f1a y Portugal. Env\u00edos 24 h, soporte t\u00e9cnico a talleres y distribuidores.","hasMerchantReturnPolicy":{"@type":"MerchantReturnPolicy","merchantReturnLink":"https:\/\/recambiosecogas.com\/politicas-privacidad\/"},"address":{"@id":"https:\/\/recambiosecogas.com\/it\/producto\/tomasetto-kit-de-reparacion-del-reductor-at07-sin-filtro-ni-tapon\/#local-main-place-address"},"telephone":["616250633"],"contactPoint":{"@type":"ContactPoint","email":"export@recambiosecogas.com"},"openingHoursSpecification":[{"@type":"OpeningHoursSpecification","dayOfWeek":["Monday","Tuesday","Wednesday","Thursday","Friday","Saturday","Sunday"],"opens":"09:00","closes":"17:00"}],"email":"info@recambiosecogas.com","faxNumber":"SEGIMON AUTOMOCION SL","vatID":"ESB19819861","globalLocationNumber":"938 616 339"},{"@type":"PostalAddress","@id":"https:\/\/recambiosecogas.com\/it\/producto\/tomasetto-kit-de-reparacion-del-reductor-at07-sin-filtro-ni-tapon\/#local-main-place-address","streetAddress":"cami antic de vic, 29 (Nave 3), Pol\u00edgono Industrial Congost","addressLocality":"CORRO D`AVALL","postalCode":"08520","addressRegion":"Barcelona","addressCountry":"ES"},{"@type":"ImageObject","inLanguage":"it-IT","@id":"https:\/\/recambiosecogas.com\/it\/producto\/tomasetto-kit-de-reparacion-del-reductor-at07-sin-filtro-ni-tapon\/#local-main-organization-logo","url":"https:\/\/recambiosecogas.com\/wp-content\/uploads\/2024\/11\/cropped-RECAMBIOS-GLP-png.webp","contentUrl":"https:\/\/recambiosecogas.com\/wp-content\/uploads\/2024\/11\/cropped-RECAMBIOS-GLP-png.webp","width":512,"height":512,"caption":"Recambios EcoGas"}]},"product_price_amount":"19.35","product_price_currency":"EUR","og_availability":"backorder","product_availability":"available for order","product_retailer_item_id":"105662","product_condition":"new","geo.placename":"CORRO D`AVALL","geo.region":"Spagna"},"uagb_featured_image_src":{"full":["https:\/\/recambiosecogas.com\/wp-content\/uploads\/2025\/04\/Tomasetto-kit-de-reparacion-del-reductor-AT07-sin-filtro-ni-tapon-png.webp",1000,1000,false],"thumbnail":["https:\/\/recambiosecogas.com\/wp-content\/uploads\/2025\/04\/Tomasetto-kit-de-reparacion-del-reductor-AT07-sin-filtro-ni-tapon-150x150.webp",150,150,true],"medium":["https:\/\/recambiosecogas.com\/wp-content\/uploads\/2025\/04\/Tomasetto-kit-de-reparacion-del-reductor-AT07-sin-filtro-ni-tapon-300x300.webp",300,300,true],"medium_large":["https:\/\/recambiosecogas.com\/wp-content\/uploads\/2025\/04\/Tomasetto-kit-de-reparacion-del-reductor-AT07-sin-filtro-ni-tapon-768x768.webp",768,768,true],"large":["https:\/\/recambiosecogas.com\/wp-content\/uploads\/2025\/04\/Tomasetto-kit-de-reparacion-del-reductor-AT07-sin-filtro-ni-tapon-png.webp",1000,1000,false],"1536x1536":["https:\/\/recambiosecogas.com\/wp-content\/uploads\/2025\/04\/Tomasetto-kit-de-reparacion-del-reductor-AT07-sin-filtro-ni-tapon-png.webp",1000,1000,false],"2048x2048":["https:\/\/recambiosecogas.com\/wp-content\/uploads\/2025\/04\/Tomasetto-kit-de-reparacion-del-reductor-AT07-sin-filtro-ni-tapon-png.webp",1000,1000,false],"woocommerce_archive_thumbnail":["https:\/\/recambiosecogas.com\/wp-content\/uploads\/2025\/04\/Tomasetto-kit-de-reparacion-del-reductor-AT07-sin-filtro-ni-tapon-png.webp",1000,1000,false],"woocommerce_thumbnail":["https:\/\/recambiosecogas.com\/wp-content\/uploads\/2025\/04\/Tomasetto-kit-de-reparacion-del-reductor-AT07-sin-filtro-ni-tapon-300x300.webp",300,300,true],"woocommerce_single":["https:\/\/recambiosecogas.com\/wp-content\/uploads\/2025\/04\/Tomasetto-kit-de-reparacion-del-reductor-AT07-sin-filtro-ni-tapon-png.webp",1000,1000,false],"woocommerce_gallery_thumbnail":["https:\/\/recambiosecogas.com\/wp-content\/uploads\/2025\/04\/Tomasetto-kit-de-reparacion-del-reductor-AT07-sin-filtro-ni-tapon-png.webp",1000,1000,false],"dgwt-wcas-product-suggestion":["https:\/\/recambiosecogas.com\/wp-content\/uploads\/2025\/04\/Tomasetto-kit-de-reparacion-del-reductor-AT07-sin-filtro-ni-tapon-64x64.webp",64,64,true]},"uagb_author_info":{"display_name":"Fran - Soporte T\u00e9cnico","author_link":"https:\/\/recambiosecogas.com\/it\/author\/"},"uagb_comment_info":0,"uagb_excerpt":"TOMASETTO","_links":{"self":[{"href":"https:\/\/recambiosecogas.com\/it\/wp-json\/wp\/v2\/product\/45486","targetHints":{"allow":["GET"]}}],"collection":[{"href":"https:\/\/recambiosecogas.com\/it\/wp-json\/wp\/v2\/product"}],"about":[{"href":"https:\/\/recambiosecogas.com\/it\/wp-json\/wp\/v2\/types\/product"}],"replies":[{"embeddable":true,"href":"https:\/\/recambiosecogas.com\/it\/wp-json\/wp\/v2\/comments?post=45486"}],"wp:featuredmedia":[{"embeddable":true,"href":"https:\/\/recambiosecogas.com\/it\/wp-json\/wp\/v2\/media\/45487"}],"wp:attachment":[{"href":"https:\/\/recambiosecogas.com\/it\/wp-json\/wp\/v2\/media?parent=45486"}],"wp:term":[{"taxonomy":"product_brand","embeddable":true,"href":"https:\/\/recambiosecogas.com\/it\/wp-json\/wp\/v2\/product_brand?post=45486"},{"taxonomy":"product_cat","embeddable":true,"href":"https:\/\/recambiosecogas.com\/it\/wp-json\/wp\/v2\/product_cat?post=45486"},{"taxonomy":"product_tag","embeddable":true,"href":"https:\/\/recambiosecogas.com\/it\/wp-json\/wp\/v2\/product_tag?post=45486"}],"curies":[{"name":"wp","href":"https:\/\/api.w.org\/{rel}","templated":true}]}}