{"id":45290,"date":"2025-10-23T11:48:15","date_gmt":"2025-10-23T10:48:15","guid":{"rendered":"https:\/\/recambiosecogas.com\/producto\/eg-dynamic\/"},"modified":"2026-03-31T11:01:20","modified_gmt":"2026-03-31T10:01:20","slug":"eg-dynamic","status":"publish","type":"product","link":"https:\/\/recambiosecogas.com\/it\/producto\/eg-dynamic\/","title":{"rendered":"EG DYNAMIC Europegas"},"content":{"rendered":"<h3 data-start=\"329\" data-end=\"395\">EG DYNAMIC Europegas| Variador de avance de encendido para GLP y GNC<\/h3>\n<p data-start=\"397\" data-end=\"855\">El <strong data-start=\"400\" data-end=\"414\">EG DYNAMIC<\/strong> es un <strong data-start=\"421\" data-end=\"466\">variador de \u00e1ngulo de avance de encendido<\/strong> especialmente dise\u00f1ado para <strong data-start=\"495\" data-end=\"543\">veh\u00edculos a gasolina convertidos a GLP o GNC<\/strong>. Este dispositivo permite <strong data-start=\"570\" data-end=\"607\">adelantar el momento de encendido<\/strong> del motor para compensar la diferencia de velocidad de combusti\u00f3n entre la gasolina y el gas, mejorando as\u00ed la <strong data-start=\"719\" data-end=\"765\">potencia, eficiencia y respuesta del motor<\/strong>, especialmente en veh\u00edculos que utilizan <strong data-start=\"807\" data-end=\"814\">GNC<\/strong>, donde el tiempo de combusti\u00f3n es mayor.<\/p>\n<p data-start=\"857\" data-end=\"1163\">Gracias a su capacidad para trabajar con <strong data-start=\"898\" data-end=\"933\">sensores inductivos y digitales<\/strong>, el EG DYNAMIC ofrece <strong data-start=\"956\" data-end=\"1022\">versatilidad y compatibilidad con una amplia gama de veh\u00edculos<\/strong>. Adem\u00e1s, su dise\u00f1o compacto, estanco y protegido contra sobretensiones garantiza un funcionamiento estable incluso en condiciones exigentes.<\/p>\n<hr data-start=\"1165\" data-end=\"1168\" \/>\n<h4 data-start=\"1170\" data-end=\"1216\">\u00bfPor qu\u00e9 elegir el variador EG DYNAMIC?<\/h4>\n<ul data-start=\"1218\" data-end=\"1770\">\n<li data-start=\"1218\" data-end=\"1280\">\n<p data-start=\"1220\" data-end=\"1280\">Optimiza el rendimiento del motor alimentado por GLP o GNC<\/p>\n<\/li>\n<li data-start=\"1281\" data-end=\"1358\">\n<p data-start=\"1283\" data-end=\"1358\">Corrige din\u00e1micamente el \u00e1ngulo de encendido seg\u00fan RPM, TPS y presi\u00f3n MAP<\/p>\n<\/li>\n<li data-start=\"1359\" data-end=\"1455\">\n<p data-start=\"1361\" data-end=\"1455\">Compatible con un <strong data-start=\"1379\" data-end=\"1437\">sensor inductivo y hasta dos o tres sensores digitales<\/strong> (seg\u00fan versi\u00f3n)<\/p>\n<\/li>\n<li data-start=\"1456\" data-end=\"1534\">\n<p data-start=\"1458\" data-end=\"1534\">Escanea, aprende y adapta la se\u00f1al del sensor de cig\u00fce\u00f1al y \u00e1rbol de levas<\/p>\n<\/li>\n<li data-start=\"1535\" data-end=\"1611\">\n<p data-start=\"1537\" data-end=\"1611\">Ofrece <strong data-start=\"1544\" data-end=\"1568\">calibraci\u00f3n sencilla<\/strong> y configuraci\u00f3n intuitiva desde software<\/p>\n<\/li>\n<li data-start=\"1612\" data-end=\"1658\">\n<p data-start=\"1614\" data-end=\"1658\">Incluye <strong data-start=\"1622\" data-end=\"1656\">protecci\u00f3n contra sobretensi\u00f3n<\/strong><\/p>\n<\/li>\n<li data-start=\"1659\" data-end=\"1715\">\n<p data-start=\"1661\" data-end=\"1715\">Carcasa estanca con <strong data-start=\"1681\" data-end=\"1713\">dise\u00f1o compacto (90 \u00d7 85 mm)<\/strong><\/p>\n<\/li>\n<li data-start=\"1716\" data-end=\"1770\">\n<p data-start=\"1718\" data-end=\"1770\">Homologado bajo normativa europea <strong data-start=\"1752\" data-end=\"1770\">E8 10R-03 6735<\/strong><\/p>\n<\/li>\n<\/ul>\n<hr data-start=\"1772\" data-end=\"1775\" \/>\n<h3 data-start=\"1777\" data-end=\"1808\">Caracter\u00edsticas t\u00e9cnicas<\/h3>\n<div class=\"_tableContainer_1rjym_1\">\n<div class=\"group _tableWrapper_1rjym_13 flex w-fit flex-col-reverse\" tabindex=\"-1\">\n<table class=\"w-fit min-w-(--thread-content-width)\" data-start=\"1810\" data-end=\"2921\">\n<thead data-start=\"1810\" data-end=\"1891\">\n<tr data-start=\"1810\" data-end=\"1891\">\n<th data-start=\"1810\" data-end=\"1844\" data-col-size=\"sm\"><strong data-start=\"1812\" data-end=\"1830\">Especificaci\u00f3n<\/strong><\/th>\n<th data-start=\"1844\" data-end=\"1891\" data-col-size=\"md\"><strong data-start=\"1846\" data-end=\"1857\">Detalle<\/strong><\/th>\n<\/tr>\n<\/thead>\n<tbody data-start=\"1976\" data-end=\"2921\">\n<tr data-start=\"1976\" data-end=\"2059\">\n<td data-start=\"1976\" data-end=\"2011\" data-col-size=\"sm\">Modelo<\/td>\n<td data-col-size=\"md\" data-start=\"2011\" data-end=\"2059\">EG DYNAMIC<\/td>\n<\/tr>\n<tr data-start=\"2060\" data-end=\"2143\">\n<td data-start=\"2060\" data-end=\"2095\" data-col-size=\"sm\">Tipo de sistema<\/td>\n<td data-col-size=\"md\" data-start=\"2095\" data-end=\"2143\">Variador de avance de encendido<\/td>\n<\/tr>\n<tr data-start=\"2144\" data-end=\"2227\">\n<td data-start=\"2144\" data-end=\"2179\" data-col-size=\"sm\">Aplicaci\u00f3n<\/td>\n<td data-col-size=\"md\" data-start=\"2179\" data-end=\"2227\">Motores convertidos a GLP y GNC<\/td>\n<\/tr>\n<tr data-start=\"2228\" data-end=\"2330\">\n<td data-start=\"2228\" data-end=\"2263\" data-col-size=\"sm\">Sensores compatibles<\/td>\n<td data-col-size=\"md\" data-start=\"2263\" data-end=\"2330\">1 inductivo + 2 digitales (est\u00e1ndar) o 3 digitales (versi\u00f3n 3D)<\/td>\n<\/tr>\n<tr data-start=\"2331\" data-end=\"2414\">\n<td data-start=\"2331\" data-end=\"2366\" data-col-size=\"sm\">Lectura de se\u00f1ales<\/td>\n<td data-col-size=\"md\" data-start=\"2366\" data-end=\"2414\">Sensor de cig\u00fce\u00f1al y \u00e1rbol de levas<\/td>\n<\/tr>\n<tr data-start=\"2415\" data-end=\"2498\">\n<td data-start=\"2415\" data-end=\"2450\" data-col-size=\"sm\">Par\u00e1metros de ajuste<\/td>\n<td data-col-size=\"md\" data-start=\"2450\" data-end=\"2498\">RPM, TPS, MAP<\/td>\n<\/tr>\n<tr data-start=\"2499\" data-end=\"2584\">\n<td data-start=\"2499\" data-end=\"2534\" data-col-size=\"sm\">Activaci\u00f3n<\/td>\n<td data-col-size=\"md\" data-start=\"2534\" data-end=\"2584\">Configuraci\u00f3n autom\u00e1tica del momento de acci\u00f3n<\/td>\n<\/tr>\n<tr data-start=\"2585\" data-end=\"2668\">\n<td data-start=\"2585\" data-end=\"2620\" data-col-size=\"sm\">Protecci\u00f3n<\/td>\n<td data-col-size=\"md\" data-start=\"2620\" data-end=\"2668\">Contra sobretensiones<\/td>\n<\/tr>\n<tr data-start=\"2669\" data-end=\"2752\">\n<td data-start=\"2669\" data-end=\"2704\" data-col-size=\"sm\">Carcasa<\/td>\n<td data-col-size=\"md\" data-start=\"2704\" data-end=\"2752\">Estanca, compacta (90 \u00d7 85 mm)<\/td>\n<\/tr>\n<tr data-start=\"2753\" data-end=\"2836\">\n<td data-start=\"2753\" data-end=\"2788\" data-col-size=\"sm\">Conector<\/td>\n<td data-col-size=\"md\" data-start=\"2788\" data-end=\"2836\">Herm\u00e9tico de automoci\u00f3n<\/td>\n<\/tr>\n<tr data-start=\"2837\" data-end=\"2921\">\n<td data-start=\"2837\" data-end=\"2872\" data-col-size=\"sm\">Homologaci\u00f3n<\/td>\n<td data-col-size=\"md\" data-start=\"2872\" data-end=\"2921\">E8 10R-03 6735<\/td>\n<\/tr>\n<\/tbody>\n<\/table>\n<\/div>\n<\/div>\n<p>La instalaci\u00f3n del variador de avance de encendido EG DYNAMIC es fundamental para maximizar el rendimiento de su motor a gas. Este dispositivo no solo mejora la eficiencia del combustible, sino que tambi\u00e9n permite un funcionamiento m\u00e1s suave del motor, lo que se traduce en una reducci\u00f3n de emisiones contaminantes. Ideal para veh\u00edculos que utilizan sistemas de Autogas, su dise\u00f1o robusto asegura una larga vida \u00fatil y un rendimiento fiable, convirti\u00e9ndolo en una opci\u00f3n preferida para talleres que realizan conversiones a GLP o GNC.<\/p>\n","protected":false},"excerpt":{"rendered":"<p>El EG DYNAMIC es un variador de avance de encendido para veh\u00edculos GLP y GNC, optimizando la potencia y eficiencia del motor.<\/p>\n","protected":false},"featured_media":45291,"comment_status":"open","ping_status":"closed","template":"","meta":{"googlesitekit_rrm_CAowud7EDA:productID":"","_uag_custom_page_level_css":""},"product_brand":[],"product_cat":[2151],"product_tag":[],"class_list":{"0":"post-45290","1":"product","2":"type-product","3":"status-publish","4":"has-post-thumbnail","6":"product_cat-accesorio-eg","8":"first","9":"onbackorder","10":"taxable","11":"shipping-taxable","12":"purchasable","13":"product-type-simple"},"ct_brands":[],"yoast_head":"<!-- This site is optimized with the Yoast SEO Premium plugin v27.3 (Yoast SEO v27.3) - https:\/\/yoast.com\/product\/yoast-seo-premium-wordpress\/ -->\n<title>EG DYNAMIC Europegas | Recambios EcoGas | Sistemas GLP y GNC<\/title>\n<meta name=\"description\" content=\"EG DYNAMIC Europegas variador de encendido para motores GLP y GNC. Corrige din\u00e1micamente el \u00e1ngulo de encendido para mejorar potencia y eficiencia.\" \/>\n<meta name=\"robots\" content=\"index, follow, max-snippet:-1, max-image-preview:large, max-video-preview:-1\" \/>\n<link rel=\"canonical\" href=\"https:\/\/recambiosecogas.com\/it\/producto\/eg-dynamic\/\" \/>\n<meta property=\"og:locale\" content=\"it_IT\" \/>\n<meta property=\"og:type\" content=\"article\" \/>\n<meta property=\"og:title\" content=\"EG DYNAMIC Europegas\" \/>\n<meta property=\"og:description\" content=\"EG DYNAMIC Europegas variador de encendido para motores GLP y GNC. Corrige din\u00e1micamente el \u00e1ngulo de encendido para mejorar potencia y eficiencia.\" \/>\n<meta property=\"og:url\" content=\"https:\/\/recambiosecogas.com\/it\/producto\/eg-dynamic\/\" \/>\n<meta property=\"og:site_name\" content=\"Recambios EcoGas\" \/>\n<meta property=\"article:publisher\" content=\"https:\/\/www.facebook.com\/profile.php?id=100062419705358\" \/>\n<meta property=\"article:modified_time\" content=\"2026-03-31T10:01:20+00:00\" \/>\n<meta property=\"og:image\" content=\"https:\/\/recambiosecogas.com\/wp-content\/uploads\/2024\/12\/Europegas-EG-Dynamic-2-emulador-png.webp\" \/>\n\t<meta property=\"og:image:width\" content=\"1000\" \/>\n\t<meta property=\"og:image:height\" content=\"1000\" \/>\n\t<meta property=\"og:image:type\" content=\"image\/png\" \/>\n<meta name=\"twitter:card\" content=\"summary_large_image\" \/>\n<meta name=\"twitter:label1\" content=\"Prezzo\" \/>\n\t<meta name=\"twitter:data1\" content=\"63,50&nbsp;&euro; (IVA incl.: 76,84&nbsp;&euro;)\" \/>\n\t<meta name=\"twitter:label2\" content=\"Disponibilit\u00e0\" \/>\n\t<meta name=\"twitter:data2\" content=\"Su ordinazione\" \/>\n<script type=\"application\/ld+json\" class=\"yoast-schema-graph\">{\"@context\":\"https:\\\/\\\/schema.org\",\"@graph\":[{\"@type\":\"WebPage\",\"@id\":\"https:\\\/\\\/recambiosecogas.com\\\/it\\\/producto\\\/eg-dynamic\\\/\",\"url\":\"https:\\\/\\\/recambiosecogas.com\\\/it\\\/producto\\\/eg-dynamic\\\/\",\"name\":\"EG DYNAMIC Europegas | Recambios EcoGas | Sistemas GLP y GNC\",\"isPartOf\":{\"@id\":\"https:\\\/\\\/recambiosecogas.com\\\/it\\\/#website\"},\"primaryImageOfPage\":{\"@id\":\"https:\\\/\\\/recambiosecogas.com\\\/it\\\/producto\\\/eg-dynamic\\\/#primaryimage\"},\"image\":{\"@id\":\"https:\\\/\\\/recambiosecogas.com\\\/it\\\/producto\\\/eg-dynamic\\\/#primaryimage\"},\"thumbnailUrl\":\"https:\\\/\\\/recambiosecogas.com\\\/wp-content\\\/uploads\\\/2024\\\/12\\\/Europegas-EG-Dynamic-2-emulador-png.webp\",\"datePublished\":\"2025-10-23T10:48:15+00:00\",\"dateModified\":\"2026-03-31T10:01:20+00:00\",\"description\":\"EG DYNAMIC Europegas variador de encendido para motores GLP y GNC. Corrige din\u00e1micamente el \u00e1ngulo de encendido para mejorar potencia y eficiencia.\",\"breadcrumb\":{\"@id\":\"https:\\\/\\\/recambiosecogas.com\\\/it\\\/producto\\\/eg-dynamic\\\/#breadcrumb\"},\"inLanguage\":\"it-IT\",\"potentialAction\":[{\"@type\":\"ReadAction\",\"target\":[\"https:\\\/\\\/recambiosecogas.com\\\/it\\\/producto\\\/eg-dynamic\\\/\"]}]},{\"@type\":\"ImageObject\",\"inLanguage\":\"it-IT\",\"@id\":\"https:\\\/\\\/recambiosecogas.com\\\/it\\\/producto\\\/eg-dynamic\\\/#primaryimage\",\"url\":\"https:\\\/\\\/recambiosecogas.com\\\/wp-content\\\/uploads\\\/2024\\\/12\\\/Europegas-EG-Dynamic-2-emulador-png.webp\",\"contentUrl\":\"https:\\\/\\\/recambiosecogas.com\\\/wp-content\\\/uploads\\\/2024\\\/12\\\/Europegas-EG-Dynamic-2-emulador-png.webp\",\"width\":1000,\"height\":1000,\"caption\":\"EG DYNAMIC para motores GLP\\\/GNC. Ajusta el \u00e1ngulo de encendido y mejora el rendimiento. F\u00e1cil instalaci\u00f3n y calibraci\u00f3n.\"},{\"@type\":\"BreadcrumbList\",\"@id\":\"https:\\\/\\\/recambiosecogas.com\\\/it\\\/producto\\\/eg-dynamic\\\/#breadcrumb\",\"itemListElement\":[{\"@type\":\"ListItem\",\"position\":1,\"name\":\"Portada\",\"item\":\"https:\\\/\\\/recambiosecogas.com\\\/it\\\/\"},{\"@type\":\"ListItem\",\"position\":2,\"name\":\"Negozio\",\"item\":\"https:\\\/\\\/recambiosecogas.com\\\/it\\\/?page_id=46382\"},{\"@type\":\"ListItem\",\"position\":3,\"name\":\"EG DYNAMIC Europegas\"}]},{\"@type\":\"WebSite\",\"@id\":\"https:\\\/\\\/recambiosecogas.com\\\/it\\\/#website\",\"url\":\"https:\\\/\\\/recambiosecogas.com\\\/it\\\/\",\"name\":\"Recambios EcoGas\",\"description\":\"Recambios Multimarca para sistemas de GLP\\\/GNC\\\/GNL\\\/Hidr\u00f3geno\",\"publisher\":{\"@id\":\"https:\\\/\\\/recambiosecogas.com\\\/it\\\/#organization\"},\"alternateName\":\"Recambios Autogas GLP\",\"potentialAction\":[{\"@type\":\"SearchAction\",\"target\":{\"@type\":\"EntryPoint\",\"urlTemplate\":\"https:\\\/\\\/recambiosecogas.com\\\/it\\\/?s={search_term_string}\"},\"query-input\":{\"@type\":\"PropertyValueSpecification\",\"valueRequired\":true,\"valueName\":\"search_term_string\"}}],\"inLanguage\":\"it-IT\"},{\"@type\":[\"Organization\",\"Place\"],\"@id\":\"https:\\\/\\\/recambiosecogas.com\\\/it\\\/#organization\",\"name\":\"Recambios EcoGas\",\"alternateName\":\"Tienda Online GLP Espa\u00f1a\",\"url\":\"https:\\\/\\\/recambiosecogas.com\\\/it\\\/\",\"logo\":{\"@id\":\"https:\\\/\\\/recambiosecogas.com\\\/it\\\/producto\\\/eg-dynamic\\\/#local-main-organization-logo\"},\"image\":{\"@id\":\"https:\\\/\\\/recambiosecogas.com\\\/it\\\/producto\\\/eg-dynamic\\\/#local-main-organization-logo\"},\"sameAs\":[\"https:\\\/\\\/www.facebook.com\\\/profile.php?id=100062419705358\",\"https:\\\/\\\/www.instagram.com\\\/segimon_automocio\"],\"description\":\"Recambios EcoGas \u2013 Venta y distribuci\u00f3n de sistemas GLP y GNC en Espa\u00f1a y Portugal. Env\u00edos 24 h, soporte t\u00e9cnico a talleres y distribuidores.\",\"hasMerchantReturnPolicy\":{\"@type\":\"MerchantReturnPolicy\",\"merchantReturnLink\":\"https:\\\/\\\/recambiosecogas.com\\\/politicas-privacidad\\\/\"},\"address\":{\"@id\":\"https:\\\/\\\/recambiosecogas.com\\\/it\\\/producto\\\/eg-dynamic\\\/#local-main-place-address\"},\"telephone\":[\"616250633\"],\"contactPoint\":{\"@type\":\"ContactPoint\",\"email\":\"export@recambiosecogas.com\"},\"openingHoursSpecification\":[{\"@type\":\"OpeningHoursSpecification\",\"dayOfWeek\":[\"Monday\",\"Tuesday\",\"Wednesday\",\"Thursday\",\"Friday\",\"Saturday\",\"Sunday\"],\"opens\":\"09:00\",\"closes\":\"17:00\"}],\"email\":\"info@recambiosecogas.com\",\"faxNumber\":\"SEGIMON AUTOMOCION SL\",\"vatID\":\"ESB19819861\",\"globalLocationNumber\":\"938 616 339\"},{\"@type\":\"PostalAddress\",\"@id\":\"https:\\\/\\\/recambiosecogas.com\\\/it\\\/producto\\\/eg-dynamic\\\/#local-main-place-address\",\"streetAddress\":\"cami antic de vic, 29 (Nave 3), Pol\u00edgono Industrial Congost\",\"addressLocality\":\"CORRO D`AVALL\",\"postalCode\":\"08520\",\"addressRegion\":\"Barcelona\",\"addressCountry\":\"ES\"},{\"@type\":\"ImageObject\",\"inLanguage\":\"it-IT\",\"@id\":\"https:\\\/\\\/recambiosecogas.com\\\/it\\\/producto\\\/eg-dynamic\\\/#local-main-organization-logo\",\"url\":\"https:\\\/\\\/recambiosecogas.com\\\/wp-content\\\/uploads\\\/2024\\\/11\\\/cropped-RECAMBIOS-GLP-png.webp\",\"contentUrl\":\"https:\\\/\\\/recambiosecogas.com\\\/wp-content\\\/uploads\\\/2024\\\/11\\\/cropped-RECAMBIOS-GLP-png.webp\",\"width\":512,\"height\":512,\"caption\":\"Recambios EcoGas\"}]}<\/script>\n<meta property=\"product:price:amount\" content=\"63.50\" \/>\n<meta property=\"product:price:currency\" content=\"EUR\" \/>\n<meta property=\"og:availability\" content=\"backorder\" \/>\n<meta property=\"product:availability\" content=\"available for order\" \/>\n<meta property=\"product:retailer_item_id\" content=\"EG2025-38\" \/>\n<meta property=\"product:condition\" content=\"new\" \/>\n<meta name=\"geo.placename\" content=\"CORRO D`AVALL\" \/>\n<meta name=\"geo.region\" content=\"Spagna\" \/>\n<!-- \/ Yoast SEO Premium plugin. -->","yoast_head_json":{"title":"EG DYNAMIC Europegas | Recambios EcoGas | Sistemas GLP y GNC","description":"EG DYNAMIC Europegas variador de encendido para motores GLP y GNC. Corrige din\u00e1micamente el \u00e1ngulo de encendido para mejorar potencia y eficiencia.","robots":{"index":"index","follow":"follow","max-snippet":"max-snippet:-1","max-image-preview":"max-image-preview:large","max-video-preview":"max-video-preview:-1"},"canonical":"https:\/\/recambiosecogas.com\/it\/producto\/eg-dynamic\/","og_locale":"it_IT","og_type":"article","og_title":"EG DYNAMIC Europegas","og_description":"EG DYNAMIC Europegas variador de encendido para motores GLP y GNC. Corrige din\u00e1micamente el \u00e1ngulo de encendido para mejorar potencia y eficiencia.","og_url":"https:\/\/recambiosecogas.com\/it\/producto\/eg-dynamic\/","og_site_name":"Recambios EcoGas","article_publisher":"https:\/\/www.facebook.com\/profile.php?id=100062419705358","article_modified_time":"2026-03-31T10:01:20+00:00","og_image":[{"width":1000,"height":1000,"url":"https:\/\/recambiosecogas.com\/wp-content\/uploads\/2024\/12\/Europegas-EG-Dynamic-2-emulador-png.webp","type":"image\/png"}],"twitter_card":"summary_large_image","twitter_misc":{"Prezzo":"63,50&nbsp;&euro; (IVA incl.: 76,84&nbsp;&euro;)","Disponibilit\u00e0":"Su ordinazione"},"schema":{"@context":"https:\/\/schema.org","@graph":[{"@type":"WebPage","@id":"https:\/\/recambiosecogas.com\/it\/producto\/eg-dynamic\/","url":"https:\/\/recambiosecogas.com\/it\/producto\/eg-dynamic\/","name":"EG DYNAMIC Europegas | Recambios EcoGas | Sistemas GLP y GNC","isPartOf":{"@id":"https:\/\/recambiosecogas.com\/it\/#website"},"primaryImageOfPage":{"@id":"https:\/\/recambiosecogas.com\/it\/producto\/eg-dynamic\/#primaryimage"},"image":{"@id":"https:\/\/recambiosecogas.com\/it\/producto\/eg-dynamic\/#primaryimage"},"thumbnailUrl":"https:\/\/recambiosecogas.com\/wp-content\/uploads\/2024\/12\/Europegas-EG-Dynamic-2-emulador-png.webp","datePublished":"2025-10-23T10:48:15+00:00","dateModified":"2026-03-31T10:01:20+00:00","description":"EG DYNAMIC Europegas variador de encendido para motores GLP y GNC. Corrige din\u00e1micamente el \u00e1ngulo de encendido para mejorar potencia y eficiencia.","breadcrumb":{"@id":"https:\/\/recambiosecogas.com\/it\/producto\/eg-dynamic\/#breadcrumb"},"inLanguage":"it-IT","potentialAction":[{"@type":"ReadAction","target":["https:\/\/recambiosecogas.com\/it\/producto\/eg-dynamic\/"]}]},{"@type":"ImageObject","inLanguage":"it-IT","@id":"https:\/\/recambiosecogas.com\/it\/producto\/eg-dynamic\/#primaryimage","url":"https:\/\/recambiosecogas.com\/wp-content\/uploads\/2024\/12\/Europegas-EG-Dynamic-2-emulador-png.webp","contentUrl":"https:\/\/recambiosecogas.com\/wp-content\/uploads\/2024\/12\/Europegas-EG-Dynamic-2-emulador-png.webp","width":1000,"height":1000,"caption":"EG DYNAMIC para motores GLP\/GNC. Ajusta el \u00e1ngulo de encendido y mejora el rendimiento. F\u00e1cil instalaci\u00f3n y calibraci\u00f3n."},{"@type":"BreadcrumbList","@id":"https:\/\/recambiosecogas.com\/it\/producto\/eg-dynamic\/#breadcrumb","itemListElement":[{"@type":"ListItem","position":1,"name":"Portada","item":"https:\/\/recambiosecogas.com\/it\/"},{"@type":"ListItem","position":2,"name":"Negozio","item":"https:\/\/recambiosecogas.com\/it\/?page_id=46382"},{"@type":"ListItem","position":3,"name":"EG DYNAMIC Europegas"}]},{"@type":"WebSite","@id":"https:\/\/recambiosecogas.com\/it\/#website","url":"https:\/\/recambiosecogas.com\/it\/","name":"Recambios EcoGas","description":"Recambios Multimarca para sistemas de GLP\/GNC\/GNL\/Hidr\u00f3geno","publisher":{"@id":"https:\/\/recambiosecogas.com\/it\/#organization"},"alternateName":"Recambios Autogas GLP","potentialAction":[{"@type":"SearchAction","target":{"@type":"EntryPoint","urlTemplate":"https:\/\/recambiosecogas.com\/it\/?s={search_term_string}"},"query-input":{"@type":"PropertyValueSpecification","valueRequired":true,"valueName":"search_term_string"}}],"inLanguage":"it-IT"},{"@type":["Organization","Place"],"@id":"https:\/\/recambiosecogas.com\/it\/#organization","name":"Recambios EcoGas","alternateName":"Tienda Online GLP Espa\u00f1a","url":"https:\/\/recambiosecogas.com\/it\/","logo":{"@id":"https:\/\/recambiosecogas.com\/it\/producto\/eg-dynamic\/#local-main-organization-logo"},"image":{"@id":"https:\/\/recambiosecogas.com\/it\/producto\/eg-dynamic\/#local-main-organization-logo"},"sameAs":["https:\/\/www.facebook.com\/profile.php?id=100062419705358","https:\/\/www.instagram.com\/segimon_automocio"],"description":"Recambios EcoGas \u2013 Venta y distribuci\u00f3n de sistemas GLP y GNC en Espa\u00f1a y Portugal. Env\u00edos 24 h, soporte t\u00e9cnico a talleres y distribuidores.","hasMerchantReturnPolicy":{"@type":"MerchantReturnPolicy","merchantReturnLink":"https:\/\/recambiosecogas.com\/politicas-privacidad\/"},"address":{"@id":"https:\/\/recambiosecogas.com\/it\/producto\/eg-dynamic\/#local-main-place-address"},"telephone":["616250633"],"contactPoint":{"@type":"ContactPoint","email":"export@recambiosecogas.com"},"openingHoursSpecification":[{"@type":"OpeningHoursSpecification","dayOfWeek":["Monday","Tuesday","Wednesday","Thursday","Friday","Saturday","Sunday"],"opens":"09:00","closes":"17:00"}],"email":"info@recambiosecogas.com","faxNumber":"SEGIMON AUTOMOCION SL","vatID":"ESB19819861","globalLocationNumber":"938 616 339"},{"@type":"PostalAddress","@id":"https:\/\/recambiosecogas.com\/it\/producto\/eg-dynamic\/#local-main-place-address","streetAddress":"cami antic de vic, 29 (Nave 3), Pol\u00edgono Industrial Congost","addressLocality":"CORRO D`AVALL","postalCode":"08520","addressRegion":"Barcelona","addressCountry":"ES"},{"@type":"ImageObject","inLanguage":"it-IT","@id":"https:\/\/recambiosecogas.com\/it\/producto\/eg-dynamic\/#local-main-organization-logo","url":"https:\/\/recambiosecogas.com\/wp-content\/uploads\/2024\/11\/cropped-RECAMBIOS-GLP-png.webp","contentUrl":"https:\/\/recambiosecogas.com\/wp-content\/uploads\/2024\/11\/cropped-RECAMBIOS-GLP-png.webp","width":512,"height":512,"caption":"Recambios EcoGas"}]},"product_price_amount":"63.50","product_price_currency":"EUR","og_availability":"backorder","product_availability":"available for order","product_retailer_item_id":"EG2025-38","product_condition":"new","geo.placename":"CORRO D`AVALL","geo.region":"Spagna"},"uagb_featured_image_src":{"full":["https:\/\/recambiosecogas.com\/wp-content\/uploads\/2024\/12\/Europegas-EG-Dynamic-2-emulador-png.webp",1000,1000,false],"thumbnail":["https:\/\/recambiosecogas.com\/wp-content\/uploads\/2024\/12\/Europegas-EG-Dynamic-2-emulador-150x150.webp",150,150,true],"medium":["https:\/\/recambiosecogas.com\/wp-content\/uploads\/2024\/12\/Europegas-EG-Dynamic-2-emulador-300x300.webp",300,300,true],"medium_large":["https:\/\/recambiosecogas.com\/wp-content\/uploads\/2024\/12\/Europegas-EG-Dynamic-2-emulador-768x768.webp",768,768,true],"large":["https:\/\/recambiosecogas.com\/wp-content\/uploads\/2024\/12\/Europegas-EG-Dynamic-2-emulador-png.webp",1000,1000,false],"1536x1536":["https:\/\/recambiosecogas.com\/wp-content\/uploads\/2024\/12\/Europegas-EG-Dynamic-2-emulador-png.webp",1000,1000,false],"2048x2048":["https:\/\/recambiosecogas.com\/wp-content\/uploads\/2024\/12\/Europegas-EG-Dynamic-2-emulador-png.webp",1000,1000,false],"woocommerce_archive_thumbnail":["https:\/\/recambiosecogas.com\/wp-content\/uploads\/2024\/12\/Europegas-EG-Dynamic-2-emulador-png.webp",1000,1000,false],"woocommerce_thumbnail":["https:\/\/recambiosecogas.com\/wp-content\/uploads\/2024\/12\/Europegas-EG-Dynamic-2-emulador-300x300.webp",300,300,true],"woocommerce_single":["https:\/\/recambiosecogas.com\/wp-content\/uploads\/2024\/12\/Europegas-EG-Dynamic-2-emulador-png.webp",1000,1000,false],"woocommerce_gallery_thumbnail":["https:\/\/recambiosecogas.com\/wp-content\/uploads\/2024\/12\/Europegas-EG-Dynamic-2-emulador-png.webp",1000,1000,false],"dgwt-wcas-product-suggestion":["https:\/\/recambiosecogas.com\/wp-content\/uploads\/2024\/12\/Europegas-EG-Dynamic-2-emulador-64x64.webp",64,64,true]},"uagb_author_info":{"display_name":"Fran - Soporte T\u00e9cnico","author_link":"https:\/\/recambiosecogas.com\/it\/author\/"},"uagb_comment_info":0,"uagb_excerpt":"El EG DYNAMIC es un variador de avance de encendido para veh\u00edculos GLP y GNC, optimizando la potencia y eficiencia del motor.","_links":{"self":[{"href":"https:\/\/recambiosecogas.com\/it\/wp-json\/wp\/v2\/product\/45290","targetHints":{"allow":["GET"]}}],"collection":[{"href":"https:\/\/recambiosecogas.com\/it\/wp-json\/wp\/v2\/product"}],"about":[{"href":"https:\/\/recambiosecogas.com\/it\/wp-json\/wp\/v2\/types\/product"}],"replies":[{"embeddable":true,"href":"https:\/\/recambiosecogas.com\/it\/wp-json\/wp\/v2\/comments?post=45290"}],"wp:featuredmedia":[{"embeddable":true,"href":"https:\/\/recambiosecogas.com\/it\/wp-json\/wp\/v2\/media\/45291"}],"wp:attachment":[{"href":"https:\/\/recambiosecogas.com\/it\/wp-json\/wp\/v2\/media?parent=45290"}],"wp:term":[{"taxonomy":"product_brand","embeddable":true,"href":"https:\/\/recambiosecogas.com\/it\/wp-json\/wp\/v2\/product_brand?post=45290"},{"taxonomy":"product_cat","embeddable":true,"href":"https:\/\/recambiosecogas.com\/it\/wp-json\/wp\/v2\/product_cat?post=45290"},{"taxonomy":"product_tag","embeddable":true,"href":"https:\/\/recambiosecogas.com\/it\/wp-json\/wp\/v2\/product_tag?post=45290"}],"curies":[{"name":"wp","href":"https:\/\/api.w.org\/{rel}","templated":true}]}}