{"id":45137,"date":"2026-01-23T16:49:32","date_gmt":"2026-01-23T15:49:32","guid":{"rendered":"https:\/\/recambiosecogas.com\/producto\/kit-de-reparacion-lse98-reductor-landi-renzo\/"},"modified":"2026-04-27T09:05:08","modified_gmt":"2026-04-27T08:05:08","slug":"kit-de-reparacion-lse98-reductor-landi-renzo","status":"publish","type":"product","link":"https:\/\/recambiosecogas.com\/it\/producto\/kit-de-reparacion-lse98-reductor-landi-renzo\/","title":{"rendered":"Kit di riparazione riduttore LSE98 | Landi Renzo"},"content":{"rendered":"<section>\n<div id=\"layout_content\">\n<div class=\"layout_content_inner cf\">\n<article>\n<div id=\"horizontalTab\" class=\"pd_tabs\">\n<div class=\"resp-tabs-container\">\n<div class=\"pd_description resp-tab-content resp-tab-content-active\" aria-labelledby=\"tab_item-0\">\n<h1 data-start=\"157\" data-end=\"203\">Kit di riparazione riduttore LSE98 Landi Renzo<\/h1>\n<p data-start=\"205\" data-end=\"503\">Il <strong data-start=\"208\" data-end=\"256\">kit di riparazione LSE98 Landi Renzo Reducer<\/strong> \u00e8 progettato per la manutenzione e la ricondizionazione del vaporizzatore LSE98 nei sistemi Autogas. Questo insieme consente di sostituire gli elementi di usura interna del cambio, ripristinandone il corretto funzionamento e la stabilit\u00e0 della pressione. <\/p>\n<p data-start=\"505\" data-end=\"635\">\u00c8 una soluzione adatta per la manutenzione preventiva o correttiva in impianti a GPL dotati di cambio Landi Renzo LSE98.<\/p>\n<hr data-start=\"637\" data-end=\"640\">\n<h2 data-start=\"642\" data-end=\"697\">Componenti di manutenzione del vaporizzatore LSE98<\/h2>\n<div class=\"TyagGW_tableContainer\">\n<div class=\"group TyagGW_tableWrapper flex flex-col-reverse w-fit\" tabindex=\"-1\">\n<table class=\"w-fit min-w-(--thread-content-width)\" data-start=\"699\" data-end=\"975\">\n<thead data-start=\"699\" data-end=\"734\">\n<tr data-start=\"699\" data-end=\"734\">\n<th class=\"\" data-start=\"699\" data-end=\"716\" data-col-size=\"sm\">Caratteristiche<\/th>\n<th class=\"\" data-start=\"716\" data-end=\"734\" data-col-size=\"sm\">Specifiche<\/th>\n<\/tr>\n<\/thead>\n<tbody data-start=\"769\" data-end=\"975\">\n<tr data-start=\"769\" data-end=\"801\">\n<td data-start=\"769\" data-end=\"780\" data-col-size=\"sm\">Prodotto<\/td>\n<td data-start=\"780\" data-end=\"801\" data-col-size=\"sm\">Kit di riparazione<\/td>\n<\/tr>\n<tr data-start=\"802\" data-end=\"825\">\n<td data-start=\"802\" data-end=\"810\" data-col-size=\"sm\">Marchio<\/td>\n<td data-start=\"810\" data-end=\"825\" data-col-size=\"sm\">Landi Renzo<\/td>\n<\/tr>\n<tr data-start=\"826\" data-end=\"855\">\n<td data-start=\"826\" data-end=\"846\" data-col-size=\"sm\">Modello compatibile<\/td>\n<td data-start=\"846\" data-end=\"855\" data-col-size=\"sm\">LSE98<\/td>\n<\/tr>\n<tr data-start=\"856\" data-end=\"899\">\n<td data-start=\"856\" data-end=\"869\" data-col-size=\"sm\">Applicazione<\/td>\n<td data-start=\"869\" data-end=\"899\" data-col-size=\"sm\">Riduttore di GPL \/ Vaporizzatore<\/td>\n<\/tr>\n<tr data-start=\"900\" data-end=\"945\">\n<td data-start=\"900\" data-end=\"906\" data-col-size=\"sm\">Applicazione<\/td>\n<td data-start=\"906\" data-end=\"945\" data-col-size=\"sm\">Manutenzione e ristrutturazione<\/td>\n<\/tr>\n<tr data-start=\"946\" data-end=\"975\">\n<td data-start=\"946\" data-end=\"960\" data-col-size=\"sm\">Installazione<\/td>\n<td data-start=\"960\" data-end=\"975\" data-col-size=\"sm\">Professionistico<\/td>\n<\/tr>\n<\/tbody>\n<\/table>\n<\/div>\n<\/div>\n<hr data-start=\"977\" data-end=\"980\">\n<h2 data-start=\"982\" data-end=\"1032\">Compatibilit\u00e0 con i sistemi Autogas Landi Renzo<\/h2>\n<p data-start=\"1034\" data-end=\"1112\">Compatibile con i cambi Landi Renzo modello LSE98 installati nei sistemi a GPL.<\/p>\n<p data-start=\"1114\" data-end=\"1210\">Prima dell&#8217;intervento, verifica la versione esatta del vaporizzatore e le condizioni generali del sistema.<\/p>\n<hr data-start=\"1212\" data-end=\"1215\">\n<h2 data-start=\"1217\" data-end=\"1237\">Vantaggi tecnici<\/h2>\n<ul data-start=\"1239\" data-end=\"1453\">\n<li data-start=\"1239\" data-end=\"1291\">\n<p data-start=\"1241\" data-end=\"1291\">Ti permette di ripristinare una pressione stabile nel sistema<\/p>\n<\/li>\n<li data-start=\"1292\" data-end=\"1332\">\n<p data-start=\"1294\" data-end=\"1332\">Sostituzione degli elementi di usura<\/p>\n<\/li>\n<li data-start=\"1333\" data-end=\"1375\">\n<p data-start=\"1335\" data-end=\"1375\">Soluzione per la manutenzione preventiva<\/p>\n<\/li>\n<li data-start=\"1376\" data-end=\"1411\">\n<p data-start=\"1378\" data-end=\"1411\">Compatibile con la piattaforma LSE98<\/p>\n<\/li>\n<li data-start=\"1412\" data-end=\"1453\">\n<p data-start=\"1414\" data-end=\"1453\">Pezzi di ricambio specifici per sistemi a GPL<\/p>\n<\/li>\n<\/ul>\n<hr data-start=\"1455\" data-end=\"1458\">\n<h2 data-start=\"1460\" data-end=\"1505\">Quando \u00e8 consigliabile usare questo kit?<\/h2>\n<p data-start=\"1507\" data-end=\"1556\">Il suo utilizzo \u00e8 consigliato quando il riduttore presenta:<\/p>\n<ul data-start=\"1558\" data-end=\"1676\">\n<li data-start=\"1558\" data-end=\"1584\">\n<p data-start=\"1560\" data-end=\"1584\">Variazioni di pressione<\/p>\n<\/li>\n<li data-start=\"1585\" data-end=\"1606\">\n<p data-start=\"1587\" data-end=\"1606\">Minimo instabile<\/p>\n<\/li>\n<li data-start=\"1607\" data-end=\"1633\">\n<p data-start=\"1609\" data-end=\"1633\">Perdita di prestazioni<\/p>\n<\/li>\n<li data-start=\"1634\" data-end=\"1676\">\n<p data-start=\"1636\" data-end=\"1676\">Perdite interne o usura della membrana<\/p>\n<\/li>\n<\/ul>\n<p data-start=\"1678\" data-end=\"1748\">La manutenzione regolare aiuta a prolungare la vita del sistema.<\/p>\n<hr data-start=\"1750\" data-end=\"1753\">\n<h2 data-start=\"1755\" data-end=\"1761\">Domande frequenti<\/h2>\n<p data-start=\"1763\" data-end=\"1896\"><strong data-start=\"1763\" data-end=\"1806\">A cosa serve questo kit di riparazione?<\/strong><br data-start=\"1806\" data-end=\"1809\">Permette di ricondizionare il cambio LSE98 sostituendo i componenti interni di usura.<\/p>\n<p data-start=\"1898\" data-end=\"1982\"><strong data-start=\"1898\" data-end=\"1944\">\u00c8 valido per altri modelli Landi Renzo?<\/strong><br data-start=\"1944\" data-end=\"1947\">No, \u00e8 destinato al modello LSE98.<\/p>\n<p data-start=\"1984\" data-end=\"2088\"><strong data-start=\"1984\" data-end=\"2022\">Richiede un&#8217;installazione professionale?<\/strong><br data-start=\"2022\" data-end=\"2025\">S\u00ec, si consiglia l&#8217;assemblaggio da parte di un tecnico specializzato in Autogas.<\/p>\n<\/div>\n<\/div>\n<\/div>\n<\/article>\n<\/div>\n<\/div>\n<\/section>\n","protected":false},"excerpt":{"rendered":"<p data-start=\"2566\" data-end=\"2643\">Kit di manutenzione per cambio Landi Renzo LSE98 nei sistemi a GPL Autogas.<\/p>\n","protected":false},"featured_media":45138,"comment_status":"open","ping_status":"closed","template":"","meta":{"_uag_custom_page_level_css":""},"product_brand":[],"product_cat":[2135,2136],"product_tag":[],"class_list":{"0":"post-45137","1":"product","2":"type-product","3":"status-publish","4":"has-post-thumbnail","6":"product_cat-juegos-de-reparacion-glp","7":"product_cat-reguladores-de-presion","9":"first","10":"instock","11":"sale","12":"taxable","13":"shipping-taxable","14":"purchasable","15":"product-type-simple"},"ct_brands":[],"yoast_head":"<!-- This site is optimized with the Yoast SEO Premium plugin v27.5 (Yoast SEO v27.5) - https:\/\/yoast.com\/product\/yoast-seo-premium-wordpress\/ -->\n<title>Kit di riparazione riduttore LSE98 | Landi Renzo | Recambios EcoGas | Sistemas GLP y GNC<\/title>\n<meta name=\"description\" content=\"Kit di riparazione riduttori LSE98 Landi Renzo per sistemi a GPL Autogas. Sostituto per la manutenzione del vaporizzatore.\" \/>\n<meta name=\"robots\" content=\"index, follow, max-snippet:-1, max-image-preview:large, max-video-preview:-1\" \/>\n<link rel=\"canonical\" href=\"https:\/\/recambiosecogas.com\/it\/producto\/kit-de-reparacion-lse98-reductor-landi-renzo\/\" \/>\n<meta property=\"og:locale\" content=\"it_IT\" \/>\n<meta property=\"og:type\" content=\"article\" \/>\n<meta property=\"og:title\" content=\"Kit di riparazione riduttore LSE98 | Landi Renzo\" \/>\n<meta property=\"og:description\" content=\"Kit di riparazione riduttori LSE98 Landi Renzo per sistemi a GPL Autogas. Sostituto per la manutenzione del vaporizzatore.\" \/>\n<meta property=\"og:url\" content=\"https:\/\/recambiosecogas.com\/it\/producto\/kit-de-reparacion-lse98-reductor-landi-renzo\/\" \/>\n<meta property=\"og:site_name\" content=\"Recambios EcoGas\" \/>\n<meta property=\"article:publisher\" content=\"https:\/\/www.facebook.com\/profile.php?id=100062419705358\" \/>\n<meta property=\"article:modified_time\" content=\"2026-04-27T08:05:08+00:00\" \/>\n<meta property=\"og:image\" content=\"https:\/\/recambiosecogas.com\/wp-content\/uploads\/2026\/01\/kit-de-reparacion-lse98-reductor.png\" \/>\n\t<meta property=\"og:image:width\" content=\"1000\" \/>\n\t<meta property=\"og:image:height\" content=\"1000\" \/>\n\t<meta property=\"og:image:type\" content=\"image\/png\" \/>\n<meta name=\"twitter:card\" content=\"summary_large_image\" \/>\n<meta name=\"twitter:label1\" content=\"Prezzo\" \/>\n\t<meta name=\"twitter:data1\" content=\"24,12&nbsp;&euro; (Sin IVA: 19,93&nbsp;&euro;)\" \/>\n\t<meta name=\"twitter:label2\" content=\"Disponibilit\u00e0\" \/>\n\t<meta name=\"twitter:data2\" content=\"In stock\" \/>\n<script type=\"application\/ld+json\" class=\"yoast-schema-graph\">{\"@context\":\"https:\\\/\\\/schema.org\",\"@graph\":[{\"@type\":\"WebPage\",\"@id\":\"https:\\\/\\\/recambiosecogas.com\\\/it\\\/producto\\\/kit-de-reparacion-lse98-reductor-landi-renzo\\\/\",\"url\":\"https:\\\/\\\/recambiosecogas.com\\\/it\\\/producto\\\/kit-de-reparacion-lse98-reductor-landi-renzo\\\/\",\"name\":\"Kit di riparazione riduttore LSE98 | Landi Renzo | Recambios EcoGas | Sistemas GLP y GNC\",\"isPartOf\":{\"@id\":\"https:\\\/\\\/recambiosecogas.com\\\/it\\\/#website\"},\"primaryImageOfPage\":{\"@id\":\"https:\\\/\\\/recambiosecogas.com\\\/it\\\/producto\\\/kit-de-reparacion-lse98-reductor-landi-renzo\\\/#primaryimage\"},\"image\":{\"@id\":\"https:\\\/\\\/recambiosecogas.com\\\/it\\\/producto\\\/kit-de-reparacion-lse98-reductor-landi-renzo\\\/#primaryimage\"},\"thumbnailUrl\":\"https:\\\/\\\/recambiosecogas.com\\\/wp-content\\\/uploads\\\/2026\\\/01\\\/kit-de-reparacion-lse98-reductor.png\",\"datePublished\":\"2026-01-23T15:49:32+00:00\",\"dateModified\":\"2026-04-27T08:05:08+00:00\",\"description\":\"Kit di riparazione riduttori LSE98 Landi Renzo per sistemi a GPL Autogas. Sostituto per la manutenzione del vaporizzatore.\",\"breadcrumb\":{\"@id\":\"https:\\\/\\\/recambiosecogas.com\\\/it\\\/producto\\\/kit-de-reparacion-lse98-reductor-landi-renzo\\\/#breadcrumb\"},\"inLanguage\":\"it-IT\",\"potentialAction\":[{\"@type\":\"ReadAction\",\"target\":[\"https:\\\/\\\/recambiosecogas.com\\\/it\\\/producto\\\/kit-de-reparacion-lse98-reductor-landi-renzo\\\/\"]}]},{\"@type\":\"ImageObject\",\"inLanguage\":\"it-IT\",\"@id\":\"https:\\\/\\\/recambiosecogas.com\\\/it\\\/producto\\\/kit-de-reparacion-lse98-reductor-landi-renzo\\\/#primaryimage\",\"url\":\"https:\\\/\\\/recambiosecogas.com\\\/wp-content\\\/uploads\\\/2026\\\/01\\\/kit-de-reparacion-lse98-reductor.png\",\"contentUrl\":\"https:\\\/\\\/recambiosecogas.com\\\/wp-content\\\/uploads\\\/2026\\\/01\\\/kit-de-reparacion-lse98-reductor.png\",\"width\":1000,\"height\":1000},{\"@type\":\"BreadcrumbList\",\"@id\":\"https:\\\/\\\/recambiosecogas.com\\\/it\\\/producto\\\/kit-de-reparacion-lse98-reductor-landi-renzo\\\/#breadcrumb\",\"itemListElement\":[{\"@type\":\"ListItem\",\"position\":1,\"name\":\"Portada\",\"item\":\"https:\\\/\\\/recambiosecogas.com\\\/it\\\/\"},{\"@type\":\"ListItem\",\"position\":2,\"name\":\"Negozio\",\"item\":\"https:\\\/\\\/recambiosecogas.com\\\/it\\\/?page_id=46382\"},{\"@type\":\"ListItem\",\"position\":3,\"name\":\"Kit di riparazione riduttore LSE98 | Landi Renzo\"}]},{\"@type\":\"WebSite\",\"@id\":\"https:\\\/\\\/recambiosecogas.com\\\/it\\\/#website\",\"url\":\"https:\\\/\\\/recambiosecogas.com\\\/it\\\/\",\"name\":\"Recambios EcoGas\",\"description\":\"Recambios Multimarca para sistemas de GLP\\\/GNC\\\/GNL\\\/Hidr\u00f3geno\",\"publisher\":{\"@id\":\"https:\\\/\\\/recambiosecogas.com\\\/it\\\/#organization\"},\"alternateName\":\"Recambios Autogas GLP\",\"potentialAction\":[{\"@type\":\"SearchAction\",\"target\":{\"@type\":\"EntryPoint\",\"urlTemplate\":\"https:\\\/\\\/recambiosecogas.com\\\/it\\\/?s={search_term_string}\"},\"query-input\":{\"@type\":\"PropertyValueSpecification\",\"valueRequired\":true,\"valueName\":\"search_term_string\"}}],\"inLanguage\":\"it-IT\"},{\"@type\":[\"Organization\",\"Place\"],\"@id\":\"https:\\\/\\\/recambiosecogas.com\\\/it\\\/#organization\",\"name\":\"Recambios EcoGas\",\"alternateName\":\"Tienda Online GLP Espa\u00f1a\",\"url\":\"https:\\\/\\\/recambiosecogas.com\\\/it\\\/\",\"logo\":{\"@id\":\"https:\\\/\\\/recambiosecogas.com\\\/it\\\/producto\\\/kit-de-reparacion-lse98-reductor-landi-renzo\\\/#local-main-organization-logo\"},\"image\":{\"@id\":\"https:\\\/\\\/recambiosecogas.com\\\/it\\\/producto\\\/kit-de-reparacion-lse98-reductor-landi-renzo\\\/#local-main-organization-logo\"},\"sameAs\":[\"https:\\\/\\\/www.facebook.com\\\/profile.php?id=100062419705358\",\"https:\\\/\\\/www.instagram.com\\\/segimon_automocio\"],\"description\":\"Recambios EcoGas \u2013 Venta y distribuci\u00f3n de sistemas GLP y GNC en Espa\u00f1a y Portugal. Env\u00edos 24 h, soporte t\u00e9cnico a talleres y distribuidores.\",\"hasMerchantReturnPolicy\":{\"@type\":\"MerchantReturnPolicy\",\"merchantReturnLink\":\"https:\\\/\\\/recambiosecogas.com\\\/politicas-privacidad\\\/\"},\"address\":{\"@id\":\"https:\\\/\\\/recambiosecogas.com\\\/it\\\/producto\\\/kit-de-reparacion-lse98-reductor-landi-renzo\\\/#local-main-place-address\"},\"telephone\":[\"616250633\"],\"contactPoint\":{\"@type\":\"ContactPoint\",\"email\":\"export@recambiosecogas.com\"},\"openingHoursSpecification\":[{\"@type\":\"OpeningHoursSpecification\",\"dayOfWeek\":[\"Monday\",\"Tuesday\",\"Wednesday\",\"Thursday\",\"Friday\",\"Saturday\",\"Sunday\"],\"opens\":\"09:00\",\"closes\":\"17:00\"}],\"email\":\"info@recambiosecogas.com\",\"faxNumber\":\"SEGIMON AUTOMOCION SL\",\"vatID\":\"ESB19819861\",\"globalLocationNumber\":\"938 616 339\"},{\"@type\":\"PostalAddress\",\"@id\":\"https:\\\/\\\/recambiosecogas.com\\\/it\\\/producto\\\/kit-de-reparacion-lse98-reductor-landi-renzo\\\/#local-main-place-address\",\"streetAddress\":\"cami antic de vic, 29 (Nave 3), Pol\u00edgono Industrial Congost\",\"addressLocality\":\"CORRO D`AVALL\",\"postalCode\":\"08520\",\"addressRegion\":\"Barcelona\",\"addressCountry\":\"ES\"},{\"@type\":\"ImageObject\",\"inLanguage\":\"it-IT\",\"@id\":\"https:\\\/\\\/recambiosecogas.com\\\/it\\\/producto\\\/kit-de-reparacion-lse98-reductor-landi-renzo\\\/#local-main-organization-logo\",\"url\":\"https:\\\/\\\/recambiosecogas.com\\\/wp-content\\\/uploads\\\/2024\\\/11\\\/cropped-RECAMBIOS-GLP-png.webp\",\"contentUrl\":\"https:\\\/\\\/recambiosecogas.com\\\/wp-content\\\/uploads\\\/2024\\\/11\\\/cropped-RECAMBIOS-GLP-png.webp\",\"width\":512,\"height\":512,\"caption\":\"Recambios EcoGas\"}]}<\/script>\n<meta property=\"product:price:amount\" content=\"24.12\" \/>\n<meta property=\"product:price:currency\" content=\"EUR\" \/>\n<meta property=\"og:availability\" content=\"instock\" \/>\n<meta property=\"product:availability\" content=\"instock\" \/>\n<meta property=\"product:retailer_item_id\" content=\"127971\" \/>\n<meta property=\"product:condition\" content=\"new\" \/>\n<meta name=\"geo.placename\" content=\"CORRO D`AVALL\" \/>\n<meta name=\"geo.region\" content=\"Spagna\" \/>\n<!-- \/ Yoast SEO Premium plugin. -->","yoast_head_json":{"title":"Kit di riparazione riduttore LSE98 | Landi Renzo | Recambios EcoGas | Sistemas GLP y GNC","description":"Kit di riparazione riduttori LSE98 Landi Renzo per sistemi a GPL Autogas. Sostituto per la manutenzione del vaporizzatore.","robots":{"index":"index","follow":"follow","max-snippet":"max-snippet:-1","max-image-preview":"max-image-preview:large","max-video-preview":"max-video-preview:-1"},"canonical":"https:\/\/recambiosecogas.com\/it\/producto\/kit-de-reparacion-lse98-reductor-landi-renzo\/","og_locale":"it_IT","og_type":"article","og_title":"Kit di riparazione riduttore LSE98 | Landi Renzo","og_description":"Kit di riparazione riduttori LSE98 Landi Renzo per sistemi a GPL Autogas. Sostituto per la manutenzione del vaporizzatore.","og_url":"https:\/\/recambiosecogas.com\/it\/producto\/kit-de-reparacion-lse98-reductor-landi-renzo\/","og_site_name":"Recambios EcoGas","article_publisher":"https:\/\/www.facebook.com\/profile.php?id=100062419705358","article_modified_time":"2026-04-27T08:05:08+00:00","og_image":[{"width":1000,"height":1000,"url":"https:\/\/recambiosecogas.com\/wp-content\/uploads\/2026\/01\/kit-de-reparacion-lse98-reductor.png","type":"image\/png"}],"twitter_card":"summary_large_image","twitter_misc":{"Prezzo":"24,12&nbsp;&euro; (Sin IVA: 19,93&nbsp;&euro;)","Disponibilit\u00e0":"In stock"},"schema":{"@context":"https:\/\/schema.org","@graph":[{"@type":"WebPage","@id":"https:\/\/recambiosecogas.com\/it\/producto\/kit-de-reparacion-lse98-reductor-landi-renzo\/","url":"https:\/\/recambiosecogas.com\/it\/producto\/kit-de-reparacion-lse98-reductor-landi-renzo\/","name":"Kit di riparazione riduttore LSE98 | Landi Renzo | Recambios EcoGas | Sistemas GLP y GNC","isPartOf":{"@id":"https:\/\/recambiosecogas.com\/it\/#website"},"primaryImageOfPage":{"@id":"https:\/\/recambiosecogas.com\/it\/producto\/kit-de-reparacion-lse98-reductor-landi-renzo\/#primaryimage"},"image":{"@id":"https:\/\/recambiosecogas.com\/it\/producto\/kit-de-reparacion-lse98-reductor-landi-renzo\/#primaryimage"},"thumbnailUrl":"https:\/\/recambiosecogas.com\/wp-content\/uploads\/2026\/01\/kit-de-reparacion-lse98-reductor.png","datePublished":"2026-01-23T15:49:32+00:00","dateModified":"2026-04-27T08:05:08+00:00","description":"Kit di riparazione riduttori LSE98 Landi Renzo per sistemi a GPL Autogas. Sostituto per la manutenzione del vaporizzatore.","breadcrumb":{"@id":"https:\/\/recambiosecogas.com\/it\/producto\/kit-de-reparacion-lse98-reductor-landi-renzo\/#breadcrumb"},"inLanguage":"it-IT","potentialAction":[{"@type":"ReadAction","target":["https:\/\/recambiosecogas.com\/it\/producto\/kit-de-reparacion-lse98-reductor-landi-renzo\/"]}]},{"@type":"ImageObject","inLanguage":"it-IT","@id":"https:\/\/recambiosecogas.com\/it\/producto\/kit-de-reparacion-lse98-reductor-landi-renzo\/#primaryimage","url":"https:\/\/recambiosecogas.com\/wp-content\/uploads\/2026\/01\/kit-de-reparacion-lse98-reductor.png","contentUrl":"https:\/\/recambiosecogas.com\/wp-content\/uploads\/2026\/01\/kit-de-reparacion-lse98-reductor.png","width":1000,"height":1000},{"@type":"BreadcrumbList","@id":"https:\/\/recambiosecogas.com\/it\/producto\/kit-de-reparacion-lse98-reductor-landi-renzo\/#breadcrumb","itemListElement":[{"@type":"ListItem","position":1,"name":"Portada","item":"https:\/\/recambiosecogas.com\/it\/"},{"@type":"ListItem","position":2,"name":"Negozio","item":"https:\/\/recambiosecogas.com\/it\/?page_id=46382"},{"@type":"ListItem","position":3,"name":"Kit di riparazione riduttore LSE98 | Landi Renzo"}]},{"@type":"WebSite","@id":"https:\/\/recambiosecogas.com\/it\/#website","url":"https:\/\/recambiosecogas.com\/it\/","name":"Recambios EcoGas","description":"Recambios Multimarca para sistemas de GLP\/GNC\/GNL\/Hidr\u00f3geno","publisher":{"@id":"https:\/\/recambiosecogas.com\/it\/#organization"},"alternateName":"Recambios Autogas GLP","potentialAction":[{"@type":"SearchAction","target":{"@type":"EntryPoint","urlTemplate":"https:\/\/recambiosecogas.com\/it\/?s={search_term_string}"},"query-input":{"@type":"PropertyValueSpecification","valueRequired":true,"valueName":"search_term_string"}}],"inLanguage":"it-IT"},{"@type":["Organization","Place"],"@id":"https:\/\/recambiosecogas.com\/it\/#organization","name":"Recambios EcoGas","alternateName":"Tienda Online GLP Espa\u00f1a","url":"https:\/\/recambiosecogas.com\/it\/","logo":{"@id":"https:\/\/recambiosecogas.com\/it\/producto\/kit-de-reparacion-lse98-reductor-landi-renzo\/#local-main-organization-logo"},"image":{"@id":"https:\/\/recambiosecogas.com\/it\/producto\/kit-de-reparacion-lse98-reductor-landi-renzo\/#local-main-organization-logo"},"sameAs":["https:\/\/www.facebook.com\/profile.php?id=100062419705358","https:\/\/www.instagram.com\/segimon_automocio"],"description":"Recambios EcoGas \u2013 Venta y distribuci\u00f3n de sistemas GLP y GNC en Espa\u00f1a y Portugal. Env\u00edos 24 h, soporte t\u00e9cnico a talleres y distribuidores.","hasMerchantReturnPolicy":{"@type":"MerchantReturnPolicy","merchantReturnLink":"https:\/\/recambiosecogas.com\/politicas-privacidad\/"},"address":{"@id":"https:\/\/recambiosecogas.com\/it\/producto\/kit-de-reparacion-lse98-reductor-landi-renzo\/#local-main-place-address"},"telephone":["616250633"],"contactPoint":{"@type":"ContactPoint","email":"export@recambiosecogas.com"},"openingHoursSpecification":[{"@type":"OpeningHoursSpecification","dayOfWeek":["Monday","Tuesday","Wednesday","Thursday","Friday","Saturday","Sunday"],"opens":"09:00","closes":"17:00"}],"email":"info@recambiosecogas.com","faxNumber":"SEGIMON AUTOMOCION SL","vatID":"ESB19819861","globalLocationNumber":"938 616 339"},{"@type":"PostalAddress","@id":"https:\/\/recambiosecogas.com\/it\/producto\/kit-de-reparacion-lse98-reductor-landi-renzo\/#local-main-place-address","streetAddress":"cami antic de vic, 29 (Nave 3), Pol\u00edgono Industrial Congost","addressLocality":"CORRO D`AVALL","postalCode":"08520","addressRegion":"Barcelona","addressCountry":"ES"},{"@type":"ImageObject","inLanguage":"it-IT","@id":"https:\/\/recambiosecogas.com\/it\/producto\/kit-de-reparacion-lse98-reductor-landi-renzo\/#local-main-organization-logo","url":"https:\/\/recambiosecogas.com\/wp-content\/uploads\/2024\/11\/cropped-RECAMBIOS-GLP-png.webp","contentUrl":"https:\/\/recambiosecogas.com\/wp-content\/uploads\/2024\/11\/cropped-RECAMBIOS-GLP-png.webp","width":512,"height":512,"caption":"Recambios EcoGas"}]},"product_price_amount":"24.12","product_price_currency":"EUR","og_availability":"instock","product_availability":"instock","product_retailer_item_id":"127971","product_condition":"new","geo.placename":"CORRO D`AVALL","geo.region":"Spagna"},"uagb_featured_image_src":{"full":["https:\/\/recambiosecogas.com\/wp-content\/uploads\/2026\/01\/kit-de-reparacion-lse98-reductor.png",1000,1000,false],"thumbnail":["https:\/\/recambiosecogas.com\/wp-content\/uploads\/2026\/01\/kit-de-reparacion-lse98-reductor-150x150.png",150,150,true],"medium":["https:\/\/recambiosecogas.com\/wp-content\/uploads\/2026\/01\/kit-de-reparacion-lse98-reductor-300x300.png",300,300,true],"medium_large":["https:\/\/recambiosecogas.com\/wp-content\/uploads\/2026\/01\/kit-de-reparacion-lse98-reductor-768x768.png",768,768,true],"large":["https:\/\/recambiosecogas.com\/wp-content\/uploads\/2026\/01\/kit-de-reparacion-lse98-reductor.png",1000,1000,false],"1536x1536":["https:\/\/recambiosecogas.com\/wp-content\/uploads\/2026\/01\/kit-de-reparacion-lse98-reductor.png",1000,1000,false],"2048x2048":["https:\/\/recambiosecogas.com\/wp-content\/uploads\/2026\/01\/kit-de-reparacion-lse98-reductor.png",1000,1000,false],"woocommerce_archive_thumbnail":["https:\/\/recambiosecogas.com\/wp-content\/uploads\/2026\/01\/kit-de-reparacion-lse98-reductor.png",1000,1000,false],"woocommerce_thumbnail":["https:\/\/recambiosecogas.com\/wp-content\/uploads\/2026\/01\/kit-de-reparacion-lse98-reductor-300x300.png",300,300,true],"woocommerce_single":["https:\/\/recambiosecogas.com\/wp-content\/uploads\/2026\/01\/kit-de-reparacion-lse98-reductor.png",1000,1000,false],"woocommerce_gallery_thumbnail":["https:\/\/recambiosecogas.com\/wp-content\/uploads\/2026\/01\/kit-de-reparacion-lse98-reductor.png",1000,1000,false],"dgwt-wcas-product-suggestion":["https:\/\/recambiosecogas.com\/wp-content\/uploads\/2026\/01\/kit-de-reparacion-lse98-reductor-64x64.png",64,64,true]},"uagb_author_info":{"display_name":"Fran - Soporte T\u00e9cnico","author_link":"https:\/\/recambiosecogas.com\/it\/author\/"},"uagb_comment_info":0,"uagb_excerpt":"Kit di manutenzione per cambio Landi Renzo LSE98 nei sistemi a GPL Autogas.","_links":{"self":[{"href":"https:\/\/recambiosecogas.com\/it\/wp-json\/wp\/v2\/product\/45137","targetHints":{"allow":["GET"]}}],"collection":[{"href":"https:\/\/recambiosecogas.com\/it\/wp-json\/wp\/v2\/product"}],"about":[{"href":"https:\/\/recambiosecogas.com\/it\/wp-json\/wp\/v2\/types\/product"}],"replies":[{"embeddable":true,"href":"https:\/\/recambiosecogas.com\/it\/wp-json\/wp\/v2\/comments?post=45137"}],"wp:featuredmedia":[{"embeddable":true,"href":"https:\/\/recambiosecogas.com\/it\/wp-json\/wp\/v2\/media\/45138"}],"wp:attachment":[{"href":"https:\/\/recambiosecogas.com\/it\/wp-json\/wp\/v2\/media?parent=45137"}],"wp:term":[{"taxonomy":"product_brand","embeddable":true,"href":"https:\/\/recambiosecogas.com\/it\/wp-json\/wp\/v2\/product_brand?post=45137"},{"taxonomy":"product_cat","embeddable":true,"href":"https:\/\/recambiosecogas.com\/it\/wp-json\/wp\/v2\/product_cat?post=45137"},{"taxonomy":"product_tag","embeddable":true,"href":"https:\/\/recambiosecogas.com\/it\/wp-json\/wp\/v2\/product_tag?post=45137"}],"curies":[{"name":"wp","href":"https:\/\/api.w.org\/{rel}","templated":true}]}}