{"id":45013,"date":"2026-03-18T11:22:22","date_gmt":"2026-03-18T10:22:22","guid":{"rendered":"https:\/\/recambiosecogas.com\/producto\/6in1-2\/"},"modified":"2026-03-18T11:22:22","modified_gmt":"2026-03-18T10:22:22","slug":"6in1-2","status":"publish","type":"product","link":"https:\/\/recambiosecogas.com\/it\/producto\/6in1-2\/","title":{"rendered":"6IN1"},"content":{"rendered":"<p>\u00a1Un producto, infinitas posibilidades! Producto multifuncional para el hogar, el jard\u00edn, los hobbies, el coche, la moto, el karting, la n\u00e1utica, el ciclismo, los deportes en general, pero tambi\u00e9n para el mantenimiento industrial, la mec\u00e1nica y los artesanos. ANTICORROSIVO Protege las superficies met\u00e1licas planas, los mecanismos y los engranajes, inhibiendo y ralentizando los procesos de oxidaci\u00f3n y corrosi\u00f3n, manteniendo su eficiencia y alargando su vida \u00fatil. HIDRORREPELENTE Protege las superficies de la humedad y del agua, evitando la acumulaci\u00f3n de sales y dep\u00f3sitos calc\u00e1reos que podr\u00edan bloquear mecanismos y deslizamientos. Protege de la humedad y del lavado los circuitos el\u00e9ctricos y electr\u00f3nicos situados tanto en el interior como en el exterior. DETERGENTE Limpia eficazmente las superficies met\u00e1licas eliminando el polvo, la mugre, el \u00f3xido, las resinas y los adhesivos. Limpia y abrillanta las superficies cromadas. Seguro para el aluminio y las piezas pintadas (por seguridad, compruebe la resistencia de la pintura en una parte oculta). REACTIVADOR Restablece la conductividad el\u00e9ctrica eliminando las dispersiones de corriente. No a\u00edsla los contactos, no produce arcos el\u00e9ctricos y disuelve \u00f3xidos, aceites, grasas, mugre, alquitr\u00e1n y residuos de combusti\u00f3n. Su caracter\u00edstica diel\u00e9ctrica devuelve a los contactos su eficiencia inicial y los protege durante el funcionamiento. LUBRICANTE Lubrica eficazmente y durante mucho tiempo todos los mecanismos, protegi\u00e9ndolos del desgaste y la degradaci\u00f3n debidos a la fricci\u00f3n. Mantiene el movimiento fluido y eficiente. Elimina los chirridos, no genera mugre y no da\u00f1a las juntas de goma. DESBLOQUEANTE Desbloquea r\u00e1pidamente y con poco esfuerzo cualquier mecanismo o tornillo atascado, gracias a su poder de penetraci\u00f3n y a sus aditivos exclusivos. Penetra en profundidad en los mecanismos atascados, descomponiendo r\u00e1pidamente el \u00f3xido y los residuos.<\/p>\n","protected":false},"excerpt":{"rendered":"<p>\u00a1Un producto, infinitas posibilidades! Producto multifuncional para el hogar, el jard\u00edn, los hobbies, el coche, la moto, el karting, la n\u00e1utica, el ciclismo, los deportes en general, pero tambi\u00e9n para el mantenimiento industrial, la mec\u00e1nica y los artesanos. ANTICORROSIVO Protege las superficies met\u00e1licas planas, los mecanismos y los engranajes, inhibiendo y ralentizando los procesos de oxidaci\u00f3n y corrosi\u00f3n, manteniendo su eficiencia y alargando su vida \u00fatil. HIDRORREPELENTE Protege las superficies de la humedad y del agua, evitando la acumulaci\u00f3n de sales y dep\u00f3sitos calc\u00e1reos que podr\u00edan bloquear mecanismos y deslizamientos. Protege de la humedad y del lavado los circuitos el\u00e9ctricos y electr\u00f3nicos situados tanto en el interior como en el exterior. DETERGENTE Limpia eficazmente las superficies met\u00e1licas eliminando el polvo, la mugre, el \u00f3xido, las resinas y los adhesivos. Limpia y abrillanta las superficies cromadas. Seguro para el aluminio y las piezas pintadas (por seguridad, compruebe la resistencia de la pintura en una parte oculta). REACTIVADOR Restablece la conductividad el\u00e9ctrica eliminando las dispersiones de corriente. No a\u00edsla los contactos, no produce arcos el\u00e9ctricos y disuelve \u00f3xidos, aceites, grasas, mugre, alquitr\u00e1n y residuos de combusti\u00f3n. Su caracter\u00edstica diel\u00e9ctrica devuelve a los contactos su eficiencia inicial y los protege durante el funcionamiento. LUBRICANTE Lubrica eficazmente y durante mucho tiempo todos los mecanismos, protegi\u00e9ndolos del desgaste y la degradaci\u00f3n debidos a la fricci\u00f3n. Mantiene el movimiento fluido y eficiente. Elimina los chirridos, no genera mugre y no da\u00f1a las juntas de goma. DESBLOQUEANTE Desbloquea r\u00e1pidamente y con poco esfuerzo cualquier mecanismo o tornillo atascado, gracias a su poder de penetraci\u00f3n y a sus aditivos exclusivos. Penetra en profundidad en los mecanismos atascados, descomponiendo r\u00e1pidamente el \u00f3xido y los residuos.<\/p>\n","protected":false},"featured_media":45014,"comment_status":"open","ping_status":"closed","template":"","meta":{"googlesitekit_rrm_CAowud7EDA:productID":"","_uag_custom_page_level_css":""},"product_brand":[],"product_cat":[2115],"product_tag":[],"class_list":{"0":"post-45013","1":"product","2":"type-product","3":"status-publish","4":"has-post-thumbnail","6":"product_cat-6-en-1","8":"first","9":"outofstock","10":"taxable","11":"shipping-taxable","12":"purchasable","13":"product-type-simple"},"ct_brands":[],"yoast_head":"<!-- This site is optimized with the Yoast SEO Premium plugin v27.3 (Yoast SEO v27.3) - https:\/\/yoast.com\/product\/yoast-seo-premium-wordpress\/ -->\n<title>Producto Multifuncional 6 en 1 para Autogas | Recambios Ecogas<\/title>\n<meta name=\"description\" content=\"Producto multifuncional 6 en 1 para Autogas, ideal para proteger, limpiar y lubricar superficies met\u00e1licas. Aumenta la eficiencia y durabilidad.\" \/>\n<meta name=\"robots\" content=\"index, follow, max-snippet:-1, max-image-preview:large, max-video-preview:-1\" \/>\n<link rel=\"canonical\" href=\"https:\/\/recambiosecogas.com\/it\/producto\/6in1-2\/\" \/>\n<meta property=\"og:locale\" content=\"it_IT\" \/>\n<meta property=\"og:type\" content=\"article\" \/>\n<meta property=\"og:title\" content=\"6IN1\" \/>\n<meta property=\"og:description\" content=\"Producto multifuncional 6 en 1 para Autogas, ideal para proteger, limpiar y lubricar superficies met\u00e1licas. Aumenta la eficiencia y durabilidad.\" \/>\n<meta property=\"og:url\" content=\"https:\/\/recambiosecogas.com\/it\/producto\/6in1-2\/\" \/>\n<meta property=\"og:site_name\" content=\"Recambios EcoGas\" \/>\n<meta property=\"article:publisher\" content=\"https:\/\/www.facebook.com\/profile.php?id=100062419705358\" \/>\n<meta property=\"og:image\" content=\"https:\/\/recambiosecogas.com\/wp-content\/uploads\/2026\/03\/42011_400ml-2.png\" \/>\n\t<meta property=\"og:image:width\" content=\"682\" \/>\n\t<meta property=\"og:image:height\" content=\"1772\" \/>\n\t<meta property=\"og:image:type\" content=\"image\/png\" \/>\n<meta name=\"twitter:card\" content=\"summary_large_image\" \/>\n<meta name=\"twitter:label1\" content=\"Prezzo\" \/>\n\t<meta name=\"twitter:data1\" content=\"5,49&nbsp;&euro; (IVA incl.: 6,64&nbsp;&euro;)\" \/>\n\t<meta name=\"twitter:label2\" content=\"Disponibilit\u00e0\" \/>\n\t<meta name=\"twitter:data2\" content=\"Esaurito\" \/>\n<script type=\"application\/ld+json\" class=\"yoast-schema-graph\">{\"@context\":\"https:\\\/\\\/schema.org\",\"@graph\":[{\"@type\":\"WebPage\",\"@id\":\"https:\\\/\\\/recambiosecogas.com\\\/it\\\/producto\\\/6in1-2\\\/\",\"url\":\"https:\\\/\\\/recambiosecogas.com\\\/it\\\/producto\\\/6in1-2\\\/\",\"name\":\"Producto Multifuncional 6 en 1 para Autogas | Recambios Ecogas\",\"isPartOf\":{\"@id\":\"https:\\\/\\\/recambiosecogas.com\\\/it\\\/#website\"},\"primaryImageOfPage\":{\"@id\":\"https:\\\/\\\/recambiosecogas.com\\\/it\\\/producto\\\/6in1-2\\\/#primaryimage\"},\"image\":{\"@id\":\"https:\\\/\\\/recambiosecogas.com\\\/it\\\/producto\\\/6in1-2\\\/#primaryimage\"},\"thumbnailUrl\":\"https:\\\/\\\/recambiosecogas.com\\\/wp-content\\\/uploads\\\/2026\\\/03\\\/42011_400ml-2.png\",\"datePublished\":\"2026-03-18T10:22:22+00:00\",\"description\":\"Producto multifuncional 6 en 1 para Autogas, ideal para proteger, limpiar y lubricar superficies met\u00e1licas. Aumenta la eficiencia y durabilidad.\",\"breadcrumb\":{\"@id\":\"https:\\\/\\\/recambiosecogas.com\\\/it\\\/producto\\\/6in1-2\\\/#breadcrumb\"},\"inLanguage\":\"it-IT\",\"potentialAction\":[{\"@type\":\"ReadAction\",\"target\":[\"https:\\\/\\\/recambiosecogas.com\\\/it\\\/producto\\\/6in1-2\\\/\"]}]},{\"@type\":\"ImageObject\",\"inLanguage\":\"it-IT\",\"@id\":\"https:\\\/\\\/recambiosecogas.com\\\/it\\\/producto\\\/6in1-2\\\/#primaryimage\",\"url\":\"https:\\\/\\\/recambiosecogas.com\\\/wp-content\\\/uploads\\\/2026\\\/03\\\/42011_400ml-2.png\",\"contentUrl\":\"https:\\\/\\\/recambiosecogas.com\\\/wp-content\\\/uploads\\\/2026\\\/03\\\/42011_400ml-2.png\",\"width\":682,\"height\":1772},{\"@type\":\"BreadcrumbList\",\"@id\":\"https:\\\/\\\/recambiosecogas.com\\\/it\\\/producto\\\/6in1-2\\\/#breadcrumb\",\"itemListElement\":[{\"@type\":\"ListItem\",\"position\":1,\"name\":\"Portada\",\"item\":\"https:\\\/\\\/recambiosecogas.com\\\/it\\\/\"},{\"@type\":\"ListItem\",\"position\":2,\"name\":\"Negozio\",\"item\":\"https:\\\/\\\/recambiosecogas.com\\\/it\\\/?page_id=46382\"},{\"@type\":\"ListItem\",\"position\":3,\"name\":\"6IN1\"}]},{\"@type\":\"WebSite\",\"@id\":\"https:\\\/\\\/recambiosecogas.com\\\/it\\\/#website\",\"url\":\"https:\\\/\\\/recambiosecogas.com\\\/it\\\/\",\"name\":\"Recambios EcoGas\",\"description\":\"Recambios Multimarca para sistemas de GLP\\\/GNC\\\/GNL\\\/Hidr\u00f3geno\",\"publisher\":{\"@id\":\"https:\\\/\\\/recambiosecogas.com\\\/it\\\/#organization\"},\"alternateName\":\"Recambios Autogas GLP\",\"potentialAction\":[{\"@type\":\"SearchAction\",\"target\":{\"@type\":\"EntryPoint\",\"urlTemplate\":\"https:\\\/\\\/recambiosecogas.com\\\/it\\\/?s={search_term_string}\"},\"query-input\":{\"@type\":\"PropertyValueSpecification\",\"valueRequired\":true,\"valueName\":\"search_term_string\"}}],\"inLanguage\":\"it-IT\"},{\"@type\":[\"Organization\",\"Place\"],\"@id\":\"https:\\\/\\\/recambiosecogas.com\\\/it\\\/#organization\",\"name\":\"Recambios EcoGas\",\"alternateName\":\"Tienda Online GLP Espa\u00f1a\",\"url\":\"https:\\\/\\\/recambiosecogas.com\\\/it\\\/\",\"logo\":{\"@id\":\"https:\\\/\\\/recambiosecogas.com\\\/it\\\/producto\\\/6in1-2\\\/#local-main-organization-logo\"},\"image\":{\"@id\":\"https:\\\/\\\/recambiosecogas.com\\\/it\\\/producto\\\/6in1-2\\\/#local-main-organization-logo\"},\"sameAs\":[\"https:\\\/\\\/www.facebook.com\\\/profile.php?id=100062419705358\",\"https:\\\/\\\/www.instagram.com\\\/segimon_automocio\"],\"description\":\"Recambios EcoGas \u2013 Venta y distribuci\u00f3n de sistemas GLP y GNC en Espa\u00f1a y Portugal. Env\u00edos 24 h, soporte t\u00e9cnico a talleres y distribuidores.\",\"hasMerchantReturnPolicy\":{\"@type\":\"MerchantReturnPolicy\",\"merchantReturnLink\":\"https:\\\/\\\/recambiosecogas.com\\\/politicas-privacidad\\\/\"},\"address\":{\"@id\":\"https:\\\/\\\/recambiosecogas.com\\\/it\\\/producto\\\/6in1-2\\\/#local-main-place-address\"},\"telephone\":[\"616250633\"],\"contactPoint\":{\"@type\":\"ContactPoint\",\"email\":\"export@recambiosecogas.com\"},\"openingHoursSpecification\":[{\"@type\":\"OpeningHoursSpecification\",\"dayOfWeek\":[\"Monday\",\"Tuesday\",\"Wednesday\",\"Thursday\",\"Friday\",\"Saturday\",\"Sunday\"],\"opens\":\"09:00\",\"closes\":\"17:00\"}],\"email\":\"info@recambiosecogas.com\",\"faxNumber\":\"SEGIMON AUTOMOCION SL\",\"vatID\":\"ESB19819861\",\"globalLocationNumber\":\"938 616 339\"},{\"@type\":\"PostalAddress\",\"@id\":\"https:\\\/\\\/recambiosecogas.com\\\/it\\\/producto\\\/6in1-2\\\/#local-main-place-address\",\"streetAddress\":\"cami antic de vic, 29 (Nave 3), Pol\u00edgono Industrial Congost\",\"addressLocality\":\"CORRO D`AVALL\",\"postalCode\":\"08520\",\"addressRegion\":\"Barcelona\",\"addressCountry\":\"ES\"},{\"@type\":\"ImageObject\",\"inLanguage\":\"it-IT\",\"@id\":\"https:\\\/\\\/recambiosecogas.com\\\/it\\\/producto\\\/6in1-2\\\/#local-main-organization-logo\",\"url\":\"https:\\\/\\\/recambiosecogas.com\\\/wp-content\\\/uploads\\\/2024\\\/11\\\/cropped-RECAMBIOS-GLP-png.webp\",\"contentUrl\":\"https:\\\/\\\/recambiosecogas.com\\\/wp-content\\\/uploads\\\/2024\\\/11\\\/cropped-RECAMBIOS-GLP-png.webp\",\"width\":512,\"height\":512,\"caption\":\"Recambios EcoGas\"}]}<\/script>\n<meta property=\"product:price:amount\" content=\"5.49\" \/>\n<meta property=\"product:price:currency\" content=\"EUR\" \/>\n<meta property=\"og:availability\" content=\"out of stock\" \/>\n<meta property=\"product:availability\" content=\"out of stock\" \/>\n<meta property=\"product:retailer_item_id\" content=\"42011\" \/>\n<meta property=\"product:condition\" content=\"new\" \/>\n<meta name=\"geo.placename\" content=\"CORRO D`AVALL\" \/>\n<meta name=\"geo.region\" content=\"Spagna\" \/>\n<!-- \/ Yoast SEO Premium plugin. -->","yoast_head_json":{"title":"Producto Multifuncional 6 en 1 para Autogas | Recambios Ecogas","description":"Producto multifuncional 6 en 1 para Autogas, ideal para proteger, limpiar y lubricar superficies met\u00e1licas. Aumenta la eficiencia y durabilidad.","robots":{"index":"index","follow":"follow","max-snippet":"max-snippet:-1","max-image-preview":"max-image-preview:large","max-video-preview":"max-video-preview:-1"},"canonical":"https:\/\/recambiosecogas.com\/it\/producto\/6in1-2\/","og_locale":"it_IT","og_type":"article","og_title":"6IN1","og_description":"Producto multifuncional 6 en 1 para Autogas, ideal para proteger, limpiar y lubricar superficies met\u00e1licas. Aumenta la eficiencia y durabilidad.","og_url":"https:\/\/recambiosecogas.com\/it\/producto\/6in1-2\/","og_site_name":"Recambios EcoGas","article_publisher":"https:\/\/www.facebook.com\/profile.php?id=100062419705358","og_image":[{"width":682,"height":1772,"url":"https:\/\/recambiosecogas.com\/wp-content\/uploads\/2026\/03\/42011_400ml-2.png","type":"image\/png"}],"twitter_card":"summary_large_image","twitter_misc":{"Prezzo":"5,49&nbsp;&euro; (IVA incl.: 6,64&nbsp;&euro;)","Disponibilit\u00e0":"Esaurito"},"schema":{"@context":"https:\/\/schema.org","@graph":[{"@type":"WebPage","@id":"https:\/\/recambiosecogas.com\/it\/producto\/6in1-2\/","url":"https:\/\/recambiosecogas.com\/it\/producto\/6in1-2\/","name":"Producto Multifuncional 6 en 1 para Autogas | Recambios Ecogas","isPartOf":{"@id":"https:\/\/recambiosecogas.com\/it\/#website"},"primaryImageOfPage":{"@id":"https:\/\/recambiosecogas.com\/it\/producto\/6in1-2\/#primaryimage"},"image":{"@id":"https:\/\/recambiosecogas.com\/it\/producto\/6in1-2\/#primaryimage"},"thumbnailUrl":"https:\/\/recambiosecogas.com\/wp-content\/uploads\/2026\/03\/42011_400ml-2.png","datePublished":"2026-03-18T10:22:22+00:00","description":"Producto multifuncional 6 en 1 para Autogas, ideal para proteger, limpiar y lubricar superficies met\u00e1licas. Aumenta la eficiencia y durabilidad.","breadcrumb":{"@id":"https:\/\/recambiosecogas.com\/it\/producto\/6in1-2\/#breadcrumb"},"inLanguage":"it-IT","potentialAction":[{"@type":"ReadAction","target":["https:\/\/recambiosecogas.com\/it\/producto\/6in1-2\/"]}]},{"@type":"ImageObject","inLanguage":"it-IT","@id":"https:\/\/recambiosecogas.com\/it\/producto\/6in1-2\/#primaryimage","url":"https:\/\/recambiosecogas.com\/wp-content\/uploads\/2026\/03\/42011_400ml-2.png","contentUrl":"https:\/\/recambiosecogas.com\/wp-content\/uploads\/2026\/03\/42011_400ml-2.png","width":682,"height":1772},{"@type":"BreadcrumbList","@id":"https:\/\/recambiosecogas.com\/it\/producto\/6in1-2\/#breadcrumb","itemListElement":[{"@type":"ListItem","position":1,"name":"Portada","item":"https:\/\/recambiosecogas.com\/it\/"},{"@type":"ListItem","position":2,"name":"Negozio","item":"https:\/\/recambiosecogas.com\/it\/?page_id=46382"},{"@type":"ListItem","position":3,"name":"6IN1"}]},{"@type":"WebSite","@id":"https:\/\/recambiosecogas.com\/it\/#website","url":"https:\/\/recambiosecogas.com\/it\/","name":"Recambios EcoGas","description":"Recambios Multimarca para sistemas de GLP\/GNC\/GNL\/Hidr\u00f3geno","publisher":{"@id":"https:\/\/recambiosecogas.com\/it\/#organization"},"alternateName":"Recambios Autogas GLP","potentialAction":[{"@type":"SearchAction","target":{"@type":"EntryPoint","urlTemplate":"https:\/\/recambiosecogas.com\/it\/?s={search_term_string}"},"query-input":{"@type":"PropertyValueSpecification","valueRequired":true,"valueName":"search_term_string"}}],"inLanguage":"it-IT"},{"@type":["Organization","Place"],"@id":"https:\/\/recambiosecogas.com\/it\/#organization","name":"Recambios EcoGas","alternateName":"Tienda Online GLP Espa\u00f1a","url":"https:\/\/recambiosecogas.com\/it\/","logo":{"@id":"https:\/\/recambiosecogas.com\/it\/producto\/6in1-2\/#local-main-organization-logo"},"image":{"@id":"https:\/\/recambiosecogas.com\/it\/producto\/6in1-2\/#local-main-organization-logo"},"sameAs":["https:\/\/www.facebook.com\/profile.php?id=100062419705358","https:\/\/www.instagram.com\/segimon_automocio"],"description":"Recambios EcoGas \u2013 Venta y distribuci\u00f3n de sistemas GLP y GNC en Espa\u00f1a y Portugal. Env\u00edos 24 h, soporte t\u00e9cnico a talleres y distribuidores.","hasMerchantReturnPolicy":{"@type":"MerchantReturnPolicy","merchantReturnLink":"https:\/\/recambiosecogas.com\/politicas-privacidad\/"},"address":{"@id":"https:\/\/recambiosecogas.com\/it\/producto\/6in1-2\/#local-main-place-address"},"telephone":["616250633"],"contactPoint":{"@type":"ContactPoint","email":"export@recambiosecogas.com"},"openingHoursSpecification":[{"@type":"OpeningHoursSpecification","dayOfWeek":["Monday","Tuesday","Wednesday","Thursday","Friday","Saturday","Sunday"],"opens":"09:00","closes":"17:00"}],"email":"info@recambiosecogas.com","faxNumber":"SEGIMON AUTOMOCION SL","vatID":"ESB19819861","globalLocationNumber":"938 616 339"},{"@type":"PostalAddress","@id":"https:\/\/recambiosecogas.com\/it\/producto\/6in1-2\/#local-main-place-address","streetAddress":"cami antic de vic, 29 (Nave 3), Pol\u00edgono Industrial Congost","addressLocality":"CORRO D`AVALL","postalCode":"08520","addressRegion":"Barcelona","addressCountry":"ES"},{"@type":"ImageObject","inLanguage":"it-IT","@id":"https:\/\/recambiosecogas.com\/it\/producto\/6in1-2\/#local-main-organization-logo","url":"https:\/\/recambiosecogas.com\/wp-content\/uploads\/2024\/11\/cropped-RECAMBIOS-GLP-png.webp","contentUrl":"https:\/\/recambiosecogas.com\/wp-content\/uploads\/2024\/11\/cropped-RECAMBIOS-GLP-png.webp","width":512,"height":512,"caption":"Recambios EcoGas"}]},"product_price_amount":"5.49","product_price_currency":"EUR","og_availability":"out of stock","product_availability":"out of stock","product_retailer_item_id":"42011","product_condition":"new","geo.placename":"CORRO D`AVALL","geo.region":"Spagna"},"uagb_featured_image_src":{"full":["https:\/\/recambiosecogas.com\/wp-content\/uploads\/2026\/03\/42011_400ml-2.png",682,1772,false],"thumbnail":["https:\/\/recambiosecogas.com\/wp-content\/uploads\/2026\/03\/42011_400ml-2-150x150.png",150,150,true],"medium":["https:\/\/recambiosecogas.com\/wp-content\/uploads\/2026\/03\/42011_400ml-2-115x300.png",115,300,true],"medium_large":["https:\/\/recambiosecogas.com\/wp-content\/uploads\/2026\/03\/42011_400ml-2.png",682,1772,false],"large":["https:\/\/recambiosecogas.com\/wp-content\/uploads\/2026\/03\/42011_400ml-2-385x1000.png",385,1000,true],"1536x1536":["https:\/\/recambiosecogas.com\/wp-content\/uploads\/2026\/03\/42011_400ml-2-591x1536.png",591,1536,true],"2048x2048":["https:\/\/recambiosecogas.com\/wp-content\/uploads\/2026\/03\/42011_400ml-2.png",682,1772,false],"woocommerce_archive_thumbnail":["https:\/\/recambiosecogas.com\/wp-content\/uploads\/2026\/03\/42011_400ml-2-682x1000.png",682,1000,true],"woocommerce_thumbnail":["https:\/\/recambiosecogas.com\/wp-content\/uploads\/2026\/03\/42011_400ml-2-300x300.png",300,300,true],"woocommerce_single":["https:\/\/recambiosecogas.com\/wp-content\/uploads\/2026\/03\/42011_400ml-2.png",682,1772,false],"woocommerce_gallery_thumbnail":["https:\/\/recambiosecogas.com\/wp-content\/uploads\/2026\/03\/42011_400ml-2-682x1000.png",682,1000,true],"dgwt-wcas-product-suggestion":["https:\/\/recambiosecogas.com\/wp-content\/uploads\/2026\/03\/42011_400ml-2-64x166.png",64,166,true]},"uagb_author_info":{"display_name":"Gertjan Recambios EcoGas","author_link":"https:\/\/recambiosecogas.com\/it\/author\/"},"uagb_comment_info":0,"uagb_excerpt":"\u00a1Un producto, infinitas posibilidades! Producto multifuncional para el hogar, el jard\u00edn, los hobbies, el coche, la moto, el karting, la n\u00e1utica, el ciclismo, los deportes en general, pero tambi\u00e9n para el mantenimiento industrial, la mec\u00e1nica y los artesanos. ANTICORROSIVO Protege las superficies met\u00e1licas planas, los mecanismos y los engranajes, inhibiendo y ralentizando los procesos de&hellip;","_links":{"self":[{"href":"https:\/\/recambiosecogas.com\/it\/wp-json\/wp\/v2\/product\/45013","targetHints":{"allow":["GET"]}}],"collection":[{"href":"https:\/\/recambiosecogas.com\/it\/wp-json\/wp\/v2\/product"}],"about":[{"href":"https:\/\/recambiosecogas.com\/it\/wp-json\/wp\/v2\/types\/product"}],"replies":[{"embeddable":true,"href":"https:\/\/recambiosecogas.com\/it\/wp-json\/wp\/v2\/comments?post=45013"}],"wp:featuredmedia":[{"embeddable":true,"href":"https:\/\/recambiosecogas.com\/it\/wp-json\/wp\/v2\/media\/45014"}],"wp:attachment":[{"href":"https:\/\/recambiosecogas.com\/it\/wp-json\/wp\/v2\/media?parent=45013"}],"wp:term":[{"taxonomy":"product_brand","embeddable":true,"href":"https:\/\/recambiosecogas.com\/it\/wp-json\/wp\/v2\/product_brand?post=45013"},{"taxonomy":"product_cat","embeddable":true,"href":"https:\/\/recambiosecogas.com\/it\/wp-json\/wp\/v2\/product_cat?post=45013"},{"taxonomy":"product_tag","embeddable":true,"href":"https:\/\/recambiosecogas.com\/it\/wp-json\/wp\/v2\/product_tag?post=45013"}],"curies":[{"name":"wp","href":"https:\/\/api.w.org\/{rel}","templated":true}]}}