{"id":17980,"date":"2025-02-24T12:02:27","date_gmt":"2025-02-24T11:02:27","guid":{"rendered":"https:\/\/recambiosecogas.com\/producto\/dometic-cdf236dc-nevera-de-compresor\/"},"modified":"2026-03-26T12:07:09","modified_gmt":"2026-03-26T11:07:09","slug":"dometic-cdf236dc-nevera-de-compresor","status":"publish","type":"product","link":"https:\/\/recambiosecogas.com\/it\/producto\/dometic-cdf236dc-nevera-de-compresor\/","title":{"rendered":"Dometic CDF2 36C Nevera de compresor"},"content":{"rendered":"<p>Esta potente nevera y congelador enfr\u00eda bebidas y alimentos desde +10 \u00b0C hasta -15 \u00b0C. Los elementos de gu\u00eda integrados permiten fijarla de forma segura en el veh\u00edculo mediante correas o cinturones de seguridad. Adem\u00e1s, la empu\u00f1adura empotrada y el dise\u00f1o compacto facilitan su transporte.<\/p>\n<div class=\"al am an ao iw e4 er\">\n<div class=\"x jd o a8 a9 je cv a6 px me\">\n<div class=\"g1 jg g2 jh io g5 as\">\n<div class=\"y iv e1 ji\">\n<p class=\"as g o ak\">31 l de capacidad: para 49 latas o cinco botellas de 1,5 l<\/p>\n<\/div>\n<div class=\"y iv e1 ji\">\n<p class=\"as g o ak\">Dise\u00f1o compacto para un f\u00e1cil almacenamiento<\/p>\n<\/div>\n<div class=\"y iv e1 ji\">\n<p class=\"as g o ak\">Pantalla digital con iluminaci\u00f3n regulable e iluminaci\u00f3n interior LED<\/p>\n<\/div>\n<div class=\"y iv e1 ji\">\n<p class=\"as g o ak\">Asa integrada para una c\u00f3moda portabilidad<\/p>\n<\/div>\n<div class=\"y iv e1 ji\">\n<p class=\"as g o ak\">Elementos de sujeci\u00f3n incorporados para una f\u00e1cil fijaci\u00f3n en el veh\u00edculo usando correas o cinturones de seguridad<\/p>\n<\/div>\n<div class=\"y iv e1 ji\">\n<p class=\"as g o ak\">Temperatura ajustable entre +10 \u00b0C y \u201315 \u00b0C<\/p>\n<\/div>\n<div class=\"y iv e1 ji\">\n<p class=\"as g o ak\">Temperatura ajustable entre +10 \u00b0C y \u201315 \u00b0C<\/p>\n<p>Modelo en la etiqueta<br \/>\nCDF2 36<\/p>\n<p>Volumen de entrega<br \/>\n1 cooler; 1 manual; 1 DC power cord; 1 DC cord;1 belt<\/p>\n<p>Zona \u00fanica o doble<br \/>\nSingle<\/p>\n<p>Descripci\u00f3n del producto<br \/>\nNevera y congelador de compresor port\u00e1til, 31 l<\/p>\n<p>Tecnolog\u00eda de refrigeraci\u00f3n<br \/>\nCompresor<\/p>\n<\/div>\n<\/div>\n<\/div>\n<\/div>\n<p>La <strong>Nevera de Compresor Dometic CDF2 36<\/strong> es un dispositivo port\u00e1til dise\u00f1ado para mantener alimentos y bebidas fr\u00edas, con un rango de temperatura ajustable desde +10 \u00b0C hasta -15 \u00b0C. Con una capacidad de <strong>31 litros<\/strong>, esta nevera puede almacenar hasta 49 latas o cinco botellas de 1,5 litros, lo que la convierte en una opci\u00f3n ideal para viajes en veh\u00edculos.<\/p>\n<p>Este modelo cuenta con elementos de gu\u00eda integrados que permiten fijarla de forma segura en el veh\u00edculo mediante correas o cinturones de seguridad, asegurando su estabilidad durante el transporte. Su dise\u00f1o compacto facilita el almacenamiento y la portabilidad, mientras que la empu\u00f1adura empotrada proporciona comodidad al moverla.<\/p>\n<p>La pantalla digital con iluminaci\u00f3n regulable y la iluminaci\u00f3n interior LED permiten un f\u00e1cil monitoreo de la temperatura y el estado de la nevera. La tecnolog\u00eda de refrigeraci\u00f3n por compresor garantiza un enfriamiento eficiente, esencial para quienes utilizan sistemas de Autogas y requieren un suministro constante de alimentos y bebidas fr\u00edas.<\/p>\n<p>Este producto es especialmente \u00fatil en situaciones donde se necesita una fuente de refrigeraci\u00f3n confiable, como en viajes de camping, excursiones o en veh\u00edculos de recreo. La <strong>Nevera de Compresor Dometic CDF2 36<\/strong> es una soluci\u00f3n pr\u00e1ctica y eficiente para mantener la frescura de los productos, asegurando que siempre est\u00e9n listos para su consumo.<\/p>\n<h4>Datos t\u00e9cnicos<\/h4>\n<p>Modelo: <strong>CDF2 36<\/strong>. Capacidad: <strong>31 litros<\/strong>. Temperatura ajustable: <strong>+10 \u00b0C a -15 \u00b0C<\/strong>.<\/p>\n<h4>Compatibilidad<\/h4>\n<p>Compatible con veh\u00edculos equipados con sistemas de refrigeraci\u00f3n. Se recomienda verificar la referencia original antes de realizar la compra.<\/p>\n","protected":false},"excerpt":{"rendered":"<p>DOMETIC<\/p>\n","protected":false},"featured_media":18306,"comment_status":"open","ping_status":"closed","template":"","meta":{"googlesitekit_rrm_CAowud7EDA:productID":"","_uag_custom_page_level_css":""},"product_brand":[],"product_cat":[641],"product_tag":[],"class_list":{"0":"post-17980","1":"product","2":"type-product","3":"status-publish","4":"has-post-thumbnail","6":"product_cat-sistemas-de-refrigeracion-autocaravanas","8":"first","9":"onbackorder","10":"taxable","11":"shipping-taxable","12":"purchasable","13":"product-type-simple"},"ct_brands":[],"yoast_head":"<!-- This site is optimized with the Yoast SEO Premium plugin v27.3 (Yoast SEO v27.3) - https:\/\/yoast.com\/product\/yoast-seo-premium-wordpress\/ -->\n<title>Nevera de Compresor Dometic CDF2 36 | Recambios Ecogas<\/title>\n<meta name=\"description\" content=\"Nevera de compresor Dometic CDF2 36, ideal para mantener alimentos y bebidas fr\u00edas en veh\u00edculos, con capacidad de 31 litros y temperatura ajustable.\" \/>\n<meta name=\"robots\" content=\"index, follow, max-snippet:-1, max-image-preview:large, max-video-preview:-1\" \/>\n<link rel=\"canonical\" href=\"https:\/\/recambiosecogas.com\/it\/producto\/dometic-cdf236dc-nevera-de-compresor\/\" \/>\n<meta property=\"og:locale\" content=\"it_IT\" \/>\n<meta property=\"og:type\" content=\"article\" \/>\n<meta property=\"og:title\" content=\"Dometic CDF2 36C Nevera de compresor\" \/>\n<meta property=\"og:description\" content=\"Nevera de compresor Dometic CDF2 36, ideal para mantener alimentos y bebidas fr\u00edas en veh\u00edculos, con capacidad de 31 litros y temperatura ajustable.\" \/>\n<meta property=\"og:url\" content=\"https:\/\/recambiosecogas.com\/it\/producto\/dometic-cdf236dc-nevera-de-compresor\/\" \/>\n<meta property=\"og:site_name\" content=\"Recambios EcoGas\" \/>\n<meta property=\"article:publisher\" content=\"https:\/\/www.facebook.com\/profile.php?id=100062419705358\" \/>\n<meta property=\"article:modified_time\" content=\"2026-03-26T11:07:09+00:00\" \/>\n<meta property=\"og:image\" content=\"https:\/\/recambiosecogas.com\/wp-content\/uploads\/2025\/02\/Dometic-CDF2-36C-png.webp\" \/>\n\t<meta property=\"og:image:width\" content=\"1000\" \/>\n\t<meta property=\"og:image:height\" content=\"1000\" \/>\n\t<meta property=\"og:image:type\" content=\"image\/png\" \/>\n<meta name=\"twitter:card\" content=\"summary_large_image\" \/>\n<meta name=\"twitter:label1\" content=\"Prezzo\" \/>\n\t<meta name=\"twitter:data1\" content=\"521,60&nbsp;&euro; (IVA incl.: 631,14&nbsp;&euro;)\" \/>\n\t<meta name=\"twitter:label2\" content=\"Disponibilit\u00e0\" \/>\n\t<meta name=\"twitter:data2\" content=\"Su ordinazione\" \/>\n<script type=\"application\/ld+json\" class=\"yoast-schema-graph\">{\"@context\":\"https:\\\/\\\/schema.org\",\"@graph\":[{\"@type\":\"WebPage\",\"@id\":\"https:\\\/\\\/recambiosecogas.com\\\/it\\\/producto\\\/dometic-cdf236dc-nevera-de-compresor\\\/\",\"url\":\"https:\\\/\\\/recambiosecogas.com\\\/it\\\/producto\\\/dometic-cdf236dc-nevera-de-compresor\\\/\",\"name\":\"Nevera de Compresor Dometic CDF2 36 | Recambios Ecogas\",\"isPartOf\":{\"@id\":\"https:\\\/\\\/recambiosecogas.com\\\/it\\\/#website\"},\"primaryImageOfPage\":{\"@id\":\"https:\\\/\\\/recambiosecogas.com\\\/it\\\/producto\\\/dometic-cdf236dc-nevera-de-compresor\\\/#primaryimage\"},\"image\":{\"@id\":\"https:\\\/\\\/recambiosecogas.com\\\/it\\\/producto\\\/dometic-cdf236dc-nevera-de-compresor\\\/#primaryimage\"},\"thumbnailUrl\":\"https:\\\/\\\/recambiosecogas.com\\\/wp-content\\\/uploads\\\/2025\\\/02\\\/Dometic-CDF2-36C-png.webp\",\"datePublished\":\"2025-02-24T11:02:27+00:00\",\"dateModified\":\"2026-03-26T11:07:09+00:00\",\"description\":\"Nevera de compresor Dometic CDF2 36, ideal para mantener alimentos y bebidas fr\u00edas en veh\u00edculos, con capacidad de 31 litros y temperatura ajustable.\",\"breadcrumb\":{\"@id\":\"https:\\\/\\\/recambiosecogas.com\\\/it\\\/producto\\\/dometic-cdf236dc-nevera-de-compresor\\\/#breadcrumb\"},\"inLanguage\":\"it-IT\",\"potentialAction\":[{\"@type\":\"ReadAction\",\"target\":[\"https:\\\/\\\/recambiosecogas.com\\\/it\\\/producto\\\/dometic-cdf236dc-nevera-de-compresor\\\/\"]}]},{\"@type\":\"ImageObject\",\"inLanguage\":\"it-IT\",\"@id\":\"https:\\\/\\\/recambiosecogas.com\\\/it\\\/producto\\\/dometic-cdf236dc-nevera-de-compresor\\\/#primaryimage\",\"url\":\"https:\\\/\\\/recambiosecogas.com\\\/wp-content\\\/uploads\\\/2025\\\/02\\\/Dometic-CDF2-36C-png.webp\",\"contentUrl\":\"https:\\\/\\\/recambiosecogas.com\\\/wp-content\\\/uploads\\\/2025\\\/02\\\/Dometic-CDF2-36C-png.webp\",\"width\":1000,\"height\":1000},{\"@type\":\"BreadcrumbList\",\"@id\":\"https:\\\/\\\/recambiosecogas.com\\\/it\\\/producto\\\/dometic-cdf236dc-nevera-de-compresor\\\/#breadcrumb\",\"itemListElement\":[{\"@type\":\"ListItem\",\"position\":1,\"name\":\"Portada\",\"item\":\"https:\\\/\\\/recambiosecogas.com\\\/it\\\/\"},{\"@type\":\"ListItem\",\"position\":2,\"name\":\"Negozio\",\"item\":\"https:\\\/\\\/recambiosecogas.com\\\/it\\\/?page_id=46382\"},{\"@type\":\"ListItem\",\"position\":3,\"name\":\"Dometic CDF2 36C Nevera de compresor\"}]},{\"@type\":\"WebSite\",\"@id\":\"https:\\\/\\\/recambiosecogas.com\\\/it\\\/#website\",\"url\":\"https:\\\/\\\/recambiosecogas.com\\\/it\\\/\",\"name\":\"Recambios EcoGas\",\"description\":\"Recambios Multimarca para sistemas de GLP\\\/GNC\\\/GNL\\\/Hidr\u00f3geno\",\"publisher\":{\"@id\":\"https:\\\/\\\/recambiosecogas.com\\\/it\\\/#organization\"},\"alternateName\":\"Recambios Autogas GLP\",\"potentialAction\":[{\"@type\":\"SearchAction\",\"target\":{\"@type\":\"EntryPoint\",\"urlTemplate\":\"https:\\\/\\\/recambiosecogas.com\\\/it\\\/?s={search_term_string}\"},\"query-input\":{\"@type\":\"PropertyValueSpecification\",\"valueRequired\":true,\"valueName\":\"search_term_string\"}}],\"inLanguage\":\"it-IT\"},{\"@type\":[\"Organization\",\"Place\"],\"@id\":\"https:\\\/\\\/recambiosecogas.com\\\/it\\\/#organization\",\"name\":\"Recambios EcoGas\",\"alternateName\":\"Tienda Online GLP Espa\u00f1a\",\"url\":\"https:\\\/\\\/recambiosecogas.com\\\/it\\\/\",\"logo\":{\"@id\":\"https:\\\/\\\/recambiosecogas.com\\\/it\\\/producto\\\/dometic-cdf236dc-nevera-de-compresor\\\/#local-main-organization-logo\"},\"image\":{\"@id\":\"https:\\\/\\\/recambiosecogas.com\\\/it\\\/producto\\\/dometic-cdf236dc-nevera-de-compresor\\\/#local-main-organization-logo\"},\"sameAs\":[\"https:\\\/\\\/www.facebook.com\\\/profile.php?id=100062419705358\",\"https:\\\/\\\/www.instagram.com\\\/segimon_automocio\"],\"description\":\"Recambios EcoGas \u2013 Venta y distribuci\u00f3n de sistemas GLP y GNC en Espa\u00f1a y Portugal. Env\u00edos 24 h, soporte t\u00e9cnico a talleres y distribuidores.\",\"hasMerchantReturnPolicy\":{\"@type\":\"MerchantReturnPolicy\",\"merchantReturnLink\":\"https:\\\/\\\/recambiosecogas.com\\\/politicas-privacidad\\\/\"},\"address\":{\"@id\":\"https:\\\/\\\/recambiosecogas.com\\\/it\\\/producto\\\/dometic-cdf236dc-nevera-de-compresor\\\/#local-main-place-address\"},\"telephone\":[\"616250633\"],\"contactPoint\":{\"@type\":\"ContactPoint\",\"email\":\"export@recambiosecogas.com\"},\"openingHoursSpecification\":[{\"@type\":\"OpeningHoursSpecification\",\"dayOfWeek\":[\"Monday\",\"Tuesday\",\"Wednesday\",\"Thursday\",\"Friday\",\"Saturday\",\"Sunday\"],\"opens\":\"09:00\",\"closes\":\"17:00\"}],\"email\":\"info@recambiosecogas.com\",\"faxNumber\":\"SEGIMON AUTOMOCION SL\",\"vatID\":\"ESB19819861\",\"globalLocationNumber\":\"938 616 339\"},{\"@type\":\"PostalAddress\",\"@id\":\"https:\\\/\\\/recambiosecogas.com\\\/it\\\/producto\\\/dometic-cdf236dc-nevera-de-compresor\\\/#local-main-place-address\",\"streetAddress\":\"cami antic de vic, 29 (Nave 3), Pol\u00edgono Industrial Congost\",\"addressLocality\":\"CORRO D`AVALL\",\"postalCode\":\"08520\",\"addressRegion\":\"Barcelona\",\"addressCountry\":\"ES\"},{\"@type\":\"ImageObject\",\"inLanguage\":\"it-IT\",\"@id\":\"https:\\\/\\\/recambiosecogas.com\\\/it\\\/producto\\\/dometic-cdf236dc-nevera-de-compresor\\\/#local-main-organization-logo\",\"url\":\"https:\\\/\\\/recambiosecogas.com\\\/wp-content\\\/uploads\\\/2024\\\/11\\\/cropped-RECAMBIOS-GLP-png.webp\",\"contentUrl\":\"https:\\\/\\\/recambiosecogas.com\\\/wp-content\\\/uploads\\\/2024\\\/11\\\/cropped-RECAMBIOS-GLP-png.webp\",\"width\":512,\"height\":512,\"caption\":\"Recambios EcoGas\"}]}<\/script>\n<meta property=\"product:price:amount\" content=\"521.60\" \/>\n<meta property=\"product:price:currency\" content=\"EUR\" \/>\n<meta property=\"og:availability\" content=\"backorder\" \/>\n<meta property=\"product:availability\" content=\"available for order\" \/>\n<meta property=\"product:retailer_item_id\" content=\"116531A\" \/>\n<meta property=\"product:condition\" content=\"new\" \/>\n<meta name=\"geo.placename\" content=\"CORRO D`AVALL\" \/>\n<meta name=\"geo.region\" content=\"Spagna\" \/>\n<!-- \/ Yoast SEO Premium plugin. -->","yoast_head_json":{"title":"Nevera de Compresor Dometic CDF2 36 | Recambios Ecogas","description":"Nevera de compresor Dometic CDF2 36, ideal para mantener alimentos y bebidas fr\u00edas en veh\u00edculos, con capacidad de 31 litros y temperatura ajustable.","robots":{"index":"index","follow":"follow","max-snippet":"max-snippet:-1","max-image-preview":"max-image-preview:large","max-video-preview":"max-video-preview:-1"},"canonical":"https:\/\/recambiosecogas.com\/it\/producto\/dometic-cdf236dc-nevera-de-compresor\/","og_locale":"it_IT","og_type":"article","og_title":"Dometic CDF2 36C Nevera de compresor","og_description":"Nevera de compresor Dometic CDF2 36, ideal para mantener alimentos y bebidas fr\u00edas en veh\u00edculos, con capacidad de 31 litros y temperatura ajustable.","og_url":"https:\/\/recambiosecogas.com\/it\/producto\/dometic-cdf236dc-nevera-de-compresor\/","og_site_name":"Recambios EcoGas","article_publisher":"https:\/\/www.facebook.com\/profile.php?id=100062419705358","article_modified_time":"2026-03-26T11:07:09+00:00","og_image":[{"width":1000,"height":1000,"url":"https:\/\/recambiosecogas.com\/wp-content\/uploads\/2025\/02\/Dometic-CDF2-36C-png.webp","type":"image\/png"}],"twitter_card":"summary_large_image","twitter_misc":{"Prezzo":"521,60&nbsp;&euro; (IVA incl.: 631,14&nbsp;&euro;)","Disponibilit\u00e0":"Su ordinazione"},"schema":{"@context":"https:\/\/schema.org","@graph":[{"@type":"WebPage","@id":"https:\/\/recambiosecogas.com\/it\/producto\/dometic-cdf236dc-nevera-de-compresor\/","url":"https:\/\/recambiosecogas.com\/it\/producto\/dometic-cdf236dc-nevera-de-compresor\/","name":"Nevera de Compresor Dometic CDF2 36 | Recambios Ecogas","isPartOf":{"@id":"https:\/\/recambiosecogas.com\/it\/#website"},"primaryImageOfPage":{"@id":"https:\/\/recambiosecogas.com\/it\/producto\/dometic-cdf236dc-nevera-de-compresor\/#primaryimage"},"image":{"@id":"https:\/\/recambiosecogas.com\/it\/producto\/dometic-cdf236dc-nevera-de-compresor\/#primaryimage"},"thumbnailUrl":"https:\/\/recambiosecogas.com\/wp-content\/uploads\/2025\/02\/Dometic-CDF2-36C-png.webp","datePublished":"2025-02-24T11:02:27+00:00","dateModified":"2026-03-26T11:07:09+00:00","description":"Nevera de compresor Dometic CDF2 36, ideal para mantener alimentos y bebidas fr\u00edas en veh\u00edculos, con capacidad de 31 litros y temperatura ajustable.","breadcrumb":{"@id":"https:\/\/recambiosecogas.com\/it\/producto\/dometic-cdf236dc-nevera-de-compresor\/#breadcrumb"},"inLanguage":"it-IT","potentialAction":[{"@type":"ReadAction","target":["https:\/\/recambiosecogas.com\/it\/producto\/dometic-cdf236dc-nevera-de-compresor\/"]}]},{"@type":"ImageObject","inLanguage":"it-IT","@id":"https:\/\/recambiosecogas.com\/it\/producto\/dometic-cdf236dc-nevera-de-compresor\/#primaryimage","url":"https:\/\/recambiosecogas.com\/wp-content\/uploads\/2025\/02\/Dometic-CDF2-36C-png.webp","contentUrl":"https:\/\/recambiosecogas.com\/wp-content\/uploads\/2025\/02\/Dometic-CDF2-36C-png.webp","width":1000,"height":1000},{"@type":"BreadcrumbList","@id":"https:\/\/recambiosecogas.com\/it\/producto\/dometic-cdf236dc-nevera-de-compresor\/#breadcrumb","itemListElement":[{"@type":"ListItem","position":1,"name":"Portada","item":"https:\/\/recambiosecogas.com\/it\/"},{"@type":"ListItem","position":2,"name":"Negozio","item":"https:\/\/recambiosecogas.com\/it\/?page_id=46382"},{"@type":"ListItem","position":3,"name":"Dometic CDF2 36C Nevera de compresor"}]},{"@type":"WebSite","@id":"https:\/\/recambiosecogas.com\/it\/#website","url":"https:\/\/recambiosecogas.com\/it\/","name":"Recambios EcoGas","description":"Recambios Multimarca para sistemas de GLP\/GNC\/GNL\/Hidr\u00f3geno","publisher":{"@id":"https:\/\/recambiosecogas.com\/it\/#organization"},"alternateName":"Recambios Autogas GLP","potentialAction":[{"@type":"SearchAction","target":{"@type":"EntryPoint","urlTemplate":"https:\/\/recambiosecogas.com\/it\/?s={search_term_string}"},"query-input":{"@type":"PropertyValueSpecification","valueRequired":true,"valueName":"search_term_string"}}],"inLanguage":"it-IT"},{"@type":["Organization","Place"],"@id":"https:\/\/recambiosecogas.com\/it\/#organization","name":"Recambios EcoGas","alternateName":"Tienda Online GLP Espa\u00f1a","url":"https:\/\/recambiosecogas.com\/it\/","logo":{"@id":"https:\/\/recambiosecogas.com\/it\/producto\/dometic-cdf236dc-nevera-de-compresor\/#local-main-organization-logo"},"image":{"@id":"https:\/\/recambiosecogas.com\/it\/producto\/dometic-cdf236dc-nevera-de-compresor\/#local-main-organization-logo"},"sameAs":["https:\/\/www.facebook.com\/profile.php?id=100062419705358","https:\/\/www.instagram.com\/segimon_automocio"],"description":"Recambios EcoGas \u2013 Venta y distribuci\u00f3n de sistemas GLP y GNC en Espa\u00f1a y Portugal. Env\u00edos 24 h, soporte t\u00e9cnico a talleres y distribuidores.","hasMerchantReturnPolicy":{"@type":"MerchantReturnPolicy","merchantReturnLink":"https:\/\/recambiosecogas.com\/politicas-privacidad\/"},"address":{"@id":"https:\/\/recambiosecogas.com\/it\/producto\/dometic-cdf236dc-nevera-de-compresor\/#local-main-place-address"},"telephone":["616250633"],"contactPoint":{"@type":"ContactPoint","email":"export@recambiosecogas.com"},"openingHoursSpecification":[{"@type":"OpeningHoursSpecification","dayOfWeek":["Monday","Tuesday","Wednesday","Thursday","Friday","Saturday","Sunday"],"opens":"09:00","closes":"17:00"}],"email":"info@recambiosecogas.com","faxNumber":"SEGIMON AUTOMOCION SL","vatID":"ESB19819861","globalLocationNumber":"938 616 339"},{"@type":"PostalAddress","@id":"https:\/\/recambiosecogas.com\/it\/producto\/dometic-cdf236dc-nevera-de-compresor\/#local-main-place-address","streetAddress":"cami antic de vic, 29 (Nave 3), Pol\u00edgono Industrial Congost","addressLocality":"CORRO D`AVALL","postalCode":"08520","addressRegion":"Barcelona","addressCountry":"ES"},{"@type":"ImageObject","inLanguage":"it-IT","@id":"https:\/\/recambiosecogas.com\/it\/producto\/dometic-cdf236dc-nevera-de-compresor\/#local-main-organization-logo","url":"https:\/\/recambiosecogas.com\/wp-content\/uploads\/2024\/11\/cropped-RECAMBIOS-GLP-png.webp","contentUrl":"https:\/\/recambiosecogas.com\/wp-content\/uploads\/2024\/11\/cropped-RECAMBIOS-GLP-png.webp","width":512,"height":512,"caption":"Recambios EcoGas"}]},"product_price_amount":"521.60","product_price_currency":"EUR","og_availability":"backorder","product_availability":"available for order","product_retailer_item_id":"116531A","product_condition":"new","geo.placename":"CORRO D`AVALL","geo.region":"Spagna"},"uagb_featured_image_src":{"full":["https:\/\/recambiosecogas.com\/wp-content\/uploads\/2025\/02\/Dometic-CDF2-36C-png.webp",1000,1000,false],"thumbnail":["https:\/\/recambiosecogas.com\/wp-content\/uploads\/2025\/02\/Dometic-CDF2-36C-150x150.webp",150,150,true],"medium":["https:\/\/recambiosecogas.com\/wp-content\/uploads\/2025\/02\/Dometic-CDF2-36C-300x300.webp",300,300,true],"medium_large":["https:\/\/recambiosecogas.com\/wp-content\/uploads\/2025\/02\/Dometic-CDF2-36C-768x768.webp",768,768,true],"large":["https:\/\/recambiosecogas.com\/wp-content\/uploads\/2025\/02\/Dometic-CDF2-36C-png.webp",1000,1000,false],"1536x1536":["https:\/\/recambiosecogas.com\/wp-content\/uploads\/2025\/02\/Dometic-CDF2-36C-png.webp",1000,1000,false],"2048x2048":["https:\/\/recambiosecogas.com\/wp-content\/uploads\/2025\/02\/Dometic-CDF2-36C-png.webp",1000,1000,false],"woocommerce_archive_thumbnail":["https:\/\/recambiosecogas.com\/wp-content\/uploads\/2025\/02\/Dometic-CDF2-36C-png.webp",1000,1000,false],"woocommerce_thumbnail":["https:\/\/recambiosecogas.com\/wp-content\/uploads\/2025\/02\/Dometic-CDF2-36C-300x300.webp",300,300,true],"woocommerce_single":["https:\/\/recambiosecogas.com\/wp-content\/uploads\/2025\/02\/Dometic-CDF2-36C-png.webp",1000,1000,false],"woocommerce_gallery_thumbnail":["https:\/\/recambiosecogas.com\/wp-content\/uploads\/2025\/02\/Dometic-CDF2-36C-png.webp",1000,1000,false],"dgwt-wcas-product-suggestion":["https:\/\/recambiosecogas.com\/wp-content\/uploads\/2025\/02\/Dometic-CDF2-36C-64x64.webp",64,64,true]},"uagb_author_info":{"display_name":"Fran - Soporte T\u00e9cnico","author_link":"https:\/\/recambiosecogas.com\/it\/author\/"},"uagb_comment_info":0,"uagb_excerpt":"DOMETIC","_links":{"self":[{"href":"https:\/\/recambiosecogas.com\/it\/wp-json\/wp\/v2\/product\/17980","targetHints":{"allow":["GET"]}}],"collection":[{"href":"https:\/\/recambiosecogas.com\/it\/wp-json\/wp\/v2\/product"}],"about":[{"href":"https:\/\/recambiosecogas.com\/it\/wp-json\/wp\/v2\/types\/product"}],"replies":[{"embeddable":true,"href":"https:\/\/recambiosecogas.com\/it\/wp-json\/wp\/v2\/comments?post=17980"}],"wp:featuredmedia":[{"embeddable":true,"href":"https:\/\/recambiosecogas.com\/it\/wp-json\/wp\/v2\/media\/18306"}],"wp:attachment":[{"href":"https:\/\/recambiosecogas.com\/it\/wp-json\/wp\/v2\/media?parent=17980"}],"wp:term":[{"taxonomy":"product_brand","embeddable":true,"href":"https:\/\/recambiosecogas.com\/it\/wp-json\/wp\/v2\/product_brand?post=17980"},{"taxonomy":"product_cat","embeddable":true,"href":"https:\/\/recambiosecogas.com\/it\/wp-json\/wp\/v2\/product_cat?post=17980"},{"taxonomy":"product_tag","embeddable":true,"href":"https:\/\/recambiosecogas.com\/it\/wp-json\/wp\/v2\/product_tag?post=17980"}],"curies":[{"name":"wp","href":"https:\/\/api.w.org\/{rel}","templated":true}]}}