{"id":17978,"date":"2025-02-24T12:02:26","date_gmt":"2025-02-24T11:02:26","guid":{"rendered":"https:\/\/recambiosecogas.com\/producto\/dometic-cff70dz-ac220-240vdc12-24v-version-ue\/"},"modified":"2026-03-26T12:07:08","modified_gmt":"2026-03-26T11:07:08","slug":"dometic-cff70dz-ac220-240vdc12-24v-version-ue","status":"publish","type":"product","link":"https:\/\/recambiosecogas.com\/it\/producto\/dometic-cff70dz-ac220-240vdc12-24v-version-ue\/","title":{"rendered":"Dometic CFF 70DZ"},"content":{"rendered":"<div class=\"y j2 e1 jp\">\n<p>Dise\u00f1o elegante combinado con versatilidad. El Dometic CFF 70DZ tiene dos compartimentos con control de temperatura independiente. La combinaci\u00f3n de la tecnolog\u00eda de refrigeraci\u00f3n por compresor y un buen aislamiento garantiza un rendimiento de refrigeraci\u00f3n s\u00f3lido y eficiente.<\/p>\n<p class=\"as g o ak\">Volumen total de 70 L que permite almacenar hasta 17 (11+6) botellas est\u00e1ndar de 1,5 L o 100 latas (60+40, 330 ml)<\/p>\n<\/div>\n<div class=\"y j2 e1 jp\">\n<p class=\"as g o ak\">Doble compartimento de almacenamiento con control independiente de temperatura<\/p>\n<\/div>\n<div class=\"y j2 e1 jp\">\n<p class=\"as g o ak\">Aislamiento generoso y distribuci\u00f3n eficiente de la temperatura para un excelente rendimiento de enfriamiento y eficiencia energ\u00e9tica<\/p>\n<\/div>\n<div class=\"y j2 e1 jp\">\n<p class=\"as g o ak\">La potente tecnolog\u00eda de enfriamiento por compresor enfr\u00eda de forma fiable en altas temperaturas ambiente<\/p>\n<\/div>\n<div class=\"y j2 e1 jp\">\n<p class=\"as g o ak\">Construcci\u00f3n robusta para uso al aire libre<\/p>\n<\/div>\n<div class=\"y j2 e1 jp\">\n<p class=\"as g o ak\">Ajuste f\u00e1cilmente la temperatura entre +20 \u00b0C y \u201318 \u00b0C<\/p>\n<\/div>\n<div class=\"y j2 e1 jp\">\n<p class=\"as g o ak\">El sistema de protecci\u00f3n de bater\u00eda din\u00e1mico de tres etapas evita que se agote la bater\u00eda del veh\u00edculo o permite una mayor optimizaci\u00f3n del consumo con dos bater\u00edas<\/p>\n<div class=\"y j2 e1 jp\">\n<h3 class=\"h2 b7 h3 as hs cf g o h9\">Modelo en la etiqueta<\/h3>\n<p class=\"as g o ak\">CFF70DZ<\/p>\n<\/div>\n<div class=\"y j2 e1 jp\">\n<h3 class=\"h2 b7 h3 as hs cf g o h9\">Zona \u00fanica o doble<\/h3>\n<p class=\"as g o ak\">Dual<\/p>\n<\/div>\n<div class=\"y j2 e1 jp\">\n<h3 class=\"h2 b7 h3 as hs cf g o h9\">Descripci\u00f3n del producto<\/h3>\n<p class=\"as g o ak\">Nevera de compresor port\u00e1til con doble zona, 70 L<\/p>\n<\/div>\n<\/div>\n<p>La <strong>Dometic CFF 70DZ<\/strong> es una nevera de compresor port\u00e1til dise\u00f1ada para ofrecer un rendimiento de refrigeraci\u00f3n excepcional. Con un volumen total de <strong>70 L<\/strong>, permite almacenar hasta <strong>17 botellas est\u00e1ndar de 1,5 L<\/strong> o <strong>100 latas de 330 ml<\/strong>. Su dise\u00f1o de doble compartimento con control de temperatura independiente proporciona versatilidad, permitiendo enfriar diferentes tipos de alimentos y bebidas simult\u00e1neamente.<\/p>\n<p>La tecnolog\u00eda de refrigeraci\u00f3n por compresor garantiza un enfriamiento eficaz incluso en altas temperaturas ambiente, lo que la convierte en una opci\u00f3n ideal para acampar o viajar. Su robusta construcci\u00f3n est\u00e1 dise\u00f1ada para uso al aire libre, asegurando durabilidad y resistencia en diversas condiciones.<\/p>\n<p>El sistema de aislamiento generoso y la distribuci\u00f3n eficiente de la temperatura aseguran un excelente rendimiento de enfriamiento y eficiencia energ\u00e9tica. Los usuarios pueden ajustar f\u00e1cilmente la temperatura entre <strong>+20 \u00b0C y \u201318 \u00b0C<\/strong>, adapt\u00e1ndose a sus necesidades espec\u00edficas de refrigeraci\u00f3n.<\/p>\n<p>Adem\u00e1s, la Dometic CFF 70DZ cuenta con un sistema de protecci\u00f3n de bater\u00eda din\u00e1mico de tres etapas, que evita que se agote la bater\u00eda del veh\u00edculo, permitiendo una mayor optimizaci\u00f3n del consumo energ\u00e9tico, especialmente \u00fatil en veh\u00edculos equipados con sistemas de Autogas.<\/p>\n<h4>Datos t\u00e9cnicos<\/h4>\n<p>Modelo: <strong>CFF70DZ<\/strong>. Zona: <strong>Dual<\/strong>. Descripci\u00f3n: Nevera de compresor port\u00e1til con doble zona, 70 L.<\/p>\n","protected":false},"excerpt":{"rendered":"<p>DOMETIC<\/p>\n","protected":false},"featured_media":18310,"comment_status":"open","ping_status":"closed","template":"","meta":{"googlesitekit_rrm_CAowud7EDA:productID":"","_uag_custom_page_level_css":""},"product_brand":[],"product_cat":[641],"product_tag":[],"class_list":{"0":"post-17978","1":"product","2":"type-product","3":"status-publish","4":"has-post-thumbnail","6":"product_cat-sistemas-de-refrigeracion-autocaravanas","8":"first","9":"onbackorder","10":"taxable","11":"shipping-taxable","12":"purchasable","13":"product-type-simple"},"ct_brands":[],"yoast_head":"<!-- This site is optimized with the Yoast SEO Premium plugin v27.4 (Yoast SEO v27.4) - https:\/\/yoast.com\/product\/yoast-seo-premium-wordpress\/ -->\n<title>Dometic CFF 70DZ Nevera de Compresor | Recambios Ecogas<\/title>\n<meta name=\"description\" content=\"La Dometic CFF 70DZ es una nevera de compresor port\u00e1til de 70 L con doble compartimento y control de temperatura independiente, ideal para sistemas de Autogas.\" \/>\n<meta name=\"robots\" content=\"index, follow, max-snippet:-1, max-image-preview:large, max-video-preview:-1\" \/>\n<link rel=\"canonical\" href=\"https:\/\/recambiosecogas.com\/it\/producto\/dometic-cff70dz-ac220-240vdc12-24v-version-ue\/\" \/>\n<meta property=\"og:locale\" content=\"it_IT\" \/>\n<meta property=\"og:type\" content=\"article\" \/>\n<meta property=\"og:title\" content=\"Dometic CFF 70DZ\" \/>\n<meta property=\"og:description\" content=\"La Dometic CFF 70DZ es una nevera de compresor port\u00e1til de 70 L con doble compartimento y control de temperatura independiente, ideal para sistemas de Autogas.\" \/>\n<meta property=\"og:url\" content=\"https:\/\/recambiosecogas.com\/it\/producto\/dometic-cff70dz-ac220-240vdc12-24v-version-ue\/\" \/>\n<meta property=\"og:site_name\" content=\"Recambios EcoGas\" \/>\n<meta property=\"article:publisher\" content=\"https:\/\/www.facebook.com\/profile.php?id=100062419705358\" \/>\n<meta property=\"article:modified_time\" content=\"2026-03-26T11:07:08+00:00\" \/>\n<meta property=\"og:image\" content=\"https:\/\/recambiosecogas.com\/wp-content\/uploads\/2025\/02\/Dometic-CFF-70DZ-png.webp\" \/>\n\t<meta property=\"og:image:width\" content=\"1000\" \/>\n\t<meta property=\"og:image:height\" content=\"1000\" \/>\n\t<meta property=\"og:image:type\" content=\"image\/png\" \/>\n<meta name=\"twitter:card\" content=\"summary_large_image\" \/>\n<meta name=\"twitter:label1\" content=\"Prezzo\" \/>\n\t<meta name=\"twitter:data1\" content=\"903,54&nbsp;&euro; (Sin IVA: 746,73&nbsp;&euro;)\" \/>\n\t<meta name=\"twitter:label2\" content=\"Disponibilit\u00e0\" \/>\n\t<meta name=\"twitter:data2\" content=\"Su ordinazione\" \/>\n<script type=\"application\/ld+json\" class=\"yoast-schema-graph\">{\"@context\":\"https:\\\/\\\/schema.org\",\"@graph\":[{\"@type\":\"WebPage\",\"@id\":\"https:\\\/\\\/recambiosecogas.com\\\/it\\\/producto\\\/dometic-cff70dz-ac220-240vdc12-24v-version-ue\\\/\",\"url\":\"https:\\\/\\\/recambiosecogas.com\\\/it\\\/producto\\\/dometic-cff70dz-ac220-240vdc12-24v-version-ue\\\/\",\"name\":\"Dometic CFF 70DZ Nevera de Compresor | Recambios Ecogas\",\"isPartOf\":{\"@id\":\"https:\\\/\\\/recambiosecogas.com\\\/it\\\/#website\"},\"primaryImageOfPage\":{\"@id\":\"https:\\\/\\\/recambiosecogas.com\\\/it\\\/producto\\\/dometic-cff70dz-ac220-240vdc12-24v-version-ue\\\/#primaryimage\"},\"image\":{\"@id\":\"https:\\\/\\\/recambiosecogas.com\\\/it\\\/producto\\\/dometic-cff70dz-ac220-240vdc12-24v-version-ue\\\/#primaryimage\"},\"thumbnailUrl\":\"https:\\\/\\\/recambiosecogas.com\\\/wp-content\\\/uploads\\\/2025\\\/02\\\/Dometic-CFF-70DZ-png.webp\",\"datePublished\":\"2025-02-24T11:02:26+00:00\",\"dateModified\":\"2026-03-26T11:07:08+00:00\",\"description\":\"La Dometic CFF 70DZ es una nevera de compresor port\u00e1til de 70 L con doble compartimento y control de temperatura independiente, ideal para sistemas de Autogas.\",\"breadcrumb\":{\"@id\":\"https:\\\/\\\/recambiosecogas.com\\\/it\\\/producto\\\/dometic-cff70dz-ac220-240vdc12-24v-version-ue\\\/#breadcrumb\"},\"inLanguage\":\"it-IT\",\"potentialAction\":[{\"@type\":\"ReadAction\",\"target\":[\"https:\\\/\\\/recambiosecogas.com\\\/it\\\/producto\\\/dometic-cff70dz-ac220-240vdc12-24v-version-ue\\\/\"]}]},{\"@type\":\"ImageObject\",\"inLanguage\":\"it-IT\",\"@id\":\"https:\\\/\\\/recambiosecogas.com\\\/it\\\/producto\\\/dometic-cff70dz-ac220-240vdc12-24v-version-ue\\\/#primaryimage\",\"url\":\"https:\\\/\\\/recambiosecogas.com\\\/wp-content\\\/uploads\\\/2025\\\/02\\\/Dometic-CFF-70DZ-png.webp\",\"contentUrl\":\"https:\\\/\\\/recambiosecogas.com\\\/wp-content\\\/uploads\\\/2025\\\/02\\\/Dometic-CFF-70DZ-png.webp\",\"width\":1000,\"height\":1000},{\"@type\":\"BreadcrumbList\",\"@id\":\"https:\\\/\\\/recambiosecogas.com\\\/it\\\/producto\\\/dometic-cff70dz-ac220-240vdc12-24v-version-ue\\\/#breadcrumb\",\"itemListElement\":[{\"@type\":\"ListItem\",\"position\":1,\"name\":\"Portada\",\"item\":\"https:\\\/\\\/recambiosecogas.com\\\/it\\\/\"},{\"@type\":\"ListItem\",\"position\":2,\"name\":\"Negozio\",\"item\":\"https:\\\/\\\/recambiosecogas.com\\\/it\\\/?page_id=46382\"},{\"@type\":\"ListItem\",\"position\":3,\"name\":\"Dometic CFF 70DZ\"}]},{\"@type\":\"WebSite\",\"@id\":\"https:\\\/\\\/recambiosecogas.com\\\/it\\\/#website\",\"url\":\"https:\\\/\\\/recambiosecogas.com\\\/it\\\/\",\"name\":\"Recambios EcoGas\",\"description\":\"Recambios Multimarca para sistemas de GLP\\\/GNC\\\/GNL\\\/Hidr\u00f3geno\",\"publisher\":{\"@id\":\"https:\\\/\\\/recambiosecogas.com\\\/it\\\/#organization\"},\"alternateName\":\"Recambios Autogas GLP\",\"potentialAction\":[{\"@type\":\"SearchAction\",\"target\":{\"@type\":\"EntryPoint\",\"urlTemplate\":\"https:\\\/\\\/recambiosecogas.com\\\/it\\\/?s={search_term_string}\"},\"query-input\":{\"@type\":\"PropertyValueSpecification\",\"valueRequired\":true,\"valueName\":\"search_term_string\"}}],\"inLanguage\":\"it-IT\"},{\"@type\":[\"Organization\",\"Place\"],\"@id\":\"https:\\\/\\\/recambiosecogas.com\\\/it\\\/#organization\",\"name\":\"Recambios EcoGas\",\"alternateName\":\"Tienda Online GLP Espa\u00f1a\",\"url\":\"https:\\\/\\\/recambiosecogas.com\\\/it\\\/\",\"logo\":{\"@id\":\"https:\\\/\\\/recambiosecogas.com\\\/it\\\/producto\\\/dometic-cff70dz-ac220-240vdc12-24v-version-ue\\\/#local-main-organization-logo\"},\"image\":{\"@id\":\"https:\\\/\\\/recambiosecogas.com\\\/it\\\/producto\\\/dometic-cff70dz-ac220-240vdc12-24v-version-ue\\\/#local-main-organization-logo\"},\"sameAs\":[\"https:\\\/\\\/www.facebook.com\\\/profile.php?id=100062419705358\",\"https:\\\/\\\/www.instagram.com\\\/segimon_automocio\"],\"description\":\"Recambios EcoGas \u2013 Venta y distribuci\u00f3n de sistemas GLP y GNC en Espa\u00f1a y Portugal. Env\u00edos 24 h, soporte t\u00e9cnico a talleres y distribuidores.\",\"hasMerchantReturnPolicy\":{\"@type\":\"MerchantReturnPolicy\",\"merchantReturnLink\":\"https:\\\/\\\/recambiosecogas.com\\\/politicas-privacidad\\\/\"},\"address\":{\"@id\":\"https:\\\/\\\/recambiosecogas.com\\\/it\\\/producto\\\/dometic-cff70dz-ac220-240vdc12-24v-version-ue\\\/#local-main-place-address\"},\"telephone\":[\"616250633\"],\"contactPoint\":{\"@type\":\"ContactPoint\",\"email\":\"export@recambiosecogas.com\"},\"openingHoursSpecification\":[{\"@type\":\"OpeningHoursSpecification\",\"dayOfWeek\":[\"Monday\",\"Tuesday\",\"Wednesday\",\"Thursday\",\"Friday\",\"Saturday\",\"Sunday\"],\"opens\":\"09:00\",\"closes\":\"17:00\"}],\"email\":\"info@recambiosecogas.com\",\"faxNumber\":\"SEGIMON AUTOMOCION SL\",\"vatID\":\"ESB19819861\",\"globalLocationNumber\":\"938 616 339\"},{\"@type\":\"PostalAddress\",\"@id\":\"https:\\\/\\\/recambiosecogas.com\\\/it\\\/producto\\\/dometic-cff70dz-ac220-240vdc12-24v-version-ue\\\/#local-main-place-address\",\"streetAddress\":\"cami antic de vic, 29 (Nave 3), Pol\u00edgono Industrial Congost\",\"addressLocality\":\"CORRO D`AVALL\",\"postalCode\":\"08520\",\"addressRegion\":\"Barcelona\",\"addressCountry\":\"ES\"},{\"@type\":\"ImageObject\",\"inLanguage\":\"it-IT\",\"@id\":\"https:\\\/\\\/recambiosecogas.com\\\/it\\\/producto\\\/dometic-cff70dz-ac220-240vdc12-24v-version-ue\\\/#local-main-organization-logo\",\"url\":\"https:\\\/\\\/recambiosecogas.com\\\/wp-content\\\/uploads\\\/2024\\\/11\\\/cropped-RECAMBIOS-GLP-png.webp\",\"contentUrl\":\"https:\\\/\\\/recambiosecogas.com\\\/wp-content\\\/uploads\\\/2024\\\/11\\\/cropped-RECAMBIOS-GLP-png.webp\",\"width\":512,\"height\":512,\"caption\":\"Recambios EcoGas\"}]}<\/script>\n<meta property=\"product:price:amount\" content=\"903.54\" \/>\n<meta property=\"product:price:currency\" content=\"EUR\" \/>\n<meta property=\"og:availability\" content=\"backorder\" \/>\n<meta property=\"product:availability\" content=\"available for order\" \/>\n<meta property=\"product:retailer_item_id\" content=\"116529A\" \/>\n<meta property=\"product:condition\" content=\"new\" \/>\n<meta name=\"geo.placename\" content=\"CORRO D`AVALL\" \/>\n<meta name=\"geo.region\" content=\"Spagna\" \/>\n<!-- \/ Yoast SEO Premium plugin. -->","yoast_head_json":{"title":"Dometic CFF 70DZ Nevera de Compresor | Recambios Ecogas","description":"La Dometic CFF 70DZ es una nevera de compresor port\u00e1til de 70 L con doble compartimento y control de temperatura independiente, ideal para sistemas de Autogas.","robots":{"index":"index","follow":"follow","max-snippet":"max-snippet:-1","max-image-preview":"max-image-preview:large","max-video-preview":"max-video-preview:-1"},"canonical":"https:\/\/recambiosecogas.com\/it\/producto\/dometic-cff70dz-ac220-240vdc12-24v-version-ue\/","og_locale":"it_IT","og_type":"article","og_title":"Dometic CFF 70DZ","og_description":"La Dometic CFF 70DZ es una nevera de compresor port\u00e1til de 70 L con doble compartimento y control de temperatura independiente, ideal para sistemas de Autogas.","og_url":"https:\/\/recambiosecogas.com\/it\/producto\/dometic-cff70dz-ac220-240vdc12-24v-version-ue\/","og_site_name":"Recambios EcoGas","article_publisher":"https:\/\/www.facebook.com\/profile.php?id=100062419705358","article_modified_time":"2026-03-26T11:07:08+00:00","og_image":[{"width":1000,"height":1000,"url":"https:\/\/recambiosecogas.com\/wp-content\/uploads\/2025\/02\/Dometic-CFF-70DZ-png.webp","type":"image\/png"}],"twitter_card":"summary_large_image","twitter_misc":{"Prezzo":"903,54&nbsp;&euro; (Sin IVA: 746,73&nbsp;&euro;)","Disponibilit\u00e0":"Su ordinazione"},"schema":{"@context":"https:\/\/schema.org","@graph":[{"@type":"WebPage","@id":"https:\/\/recambiosecogas.com\/it\/producto\/dometic-cff70dz-ac220-240vdc12-24v-version-ue\/","url":"https:\/\/recambiosecogas.com\/it\/producto\/dometic-cff70dz-ac220-240vdc12-24v-version-ue\/","name":"Dometic CFF 70DZ Nevera de Compresor | Recambios Ecogas","isPartOf":{"@id":"https:\/\/recambiosecogas.com\/it\/#website"},"primaryImageOfPage":{"@id":"https:\/\/recambiosecogas.com\/it\/producto\/dometic-cff70dz-ac220-240vdc12-24v-version-ue\/#primaryimage"},"image":{"@id":"https:\/\/recambiosecogas.com\/it\/producto\/dometic-cff70dz-ac220-240vdc12-24v-version-ue\/#primaryimage"},"thumbnailUrl":"https:\/\/recambiosecogas.com\/wp-content\/uploads\/2025\/02\/Dometic-CFF-70DZ-png.webp","datePublished":"2025-02-24T11:02:26+00:00","dateModified":"2026-03-26T11:07:08+00:00","description":"La Dometic CFF 70DZ es una nevera de compresor port\u00e1til de 70 L con doble compartimento y control de temperatura independiente, ideal para sistemas de Autogas.","breadcrumb":{"@id":"https:\/\/recambiosecogas.com\/it\/producto\/dometic-cff70dz-ac220-240vdc12-24v-version-ue\/#breadcrumb"},"inLanguage":"it-IT","potentialAction":[{"@type":"ReadAction","target":["https:\/\/recambiosecogas.com\/it\/producto\/dometic-cff70dz-ac220-240vdc12-24v-version-ue\/"]}]},{"@type":"ImageObject","inLanguage":"it-IT","@id":"https:\/\/recambiosecogas.com\/it\/producto\/dometic-cff70dz-ac220-240vdc12-24v-version-ue\/#primaryimage","url":"https:\/\/recambiosecogas.com\/wp-content\/uploads\/2025\/02\/Dometic-CFF-70DZ-png.webp","contentUrl":"https:\/\/recambiosecogas.com\/wp-content\/uploads\/2025\/02\/Dometic-CFF-70DZ-png.webp","width":1000,"height":1000},{"@type":"BreadcrumbList","@id":"https:\/\/recambiosecogas.com\/it\/producto\/dometic-cff70dz-ac220-240vdc12-24v-version-ue\/#breadcrumb","itemListElement":[{"@type":"ListItem","position":1,"name":"Portada","item":"https:\/\/recambiosecogas.com\/it\/"},{"@type":"ListItem","position":2,"name":"Negozio","item":"https:\/\/recambiosecogas.com\/it\/?page_id=46382"},{"@type":"ListItem","position":3,"name":"Dometic CFF 70DZ"}]},{"@type":"WebSite","@id":"https:\/\/recambiosecogas.com\/it\/#website","url":"https:\/\/recambiosecogas.com\/it\/","name":"Recambios EcoGas","description":"Recambios Multimarca para sistemas de GLP\/GNC\/GNL\/Hidr\u00f3geno","publisher":{"@id":"https:\/\/recambiosecogas.com\/it\/#organization"},"alternateName":"Recambios Autogas GLP","potentialAction":[{"@type":"SearchAction","target":{"@type":"EntryPoint","urlTemplate":"https:\/\/recambiosecogas.com\/it\/?s={search_term_string}"},"query-input":{"@type":"PropertyValueSpecification","valueRequired":true,"valueName":"search_term_string"}}],"inLanguage":"it-IT"},{"@type":["Organization","Place"],"@id":"https:\/\/recambiosecogas.com\/it\/#organization","name":"Recambios EcoGas","alternateName":"Tienda Online GLP Espa\u00f1a","url":"https:\/\/recambiosecogas.com\/it\/","logo":{"@id":"https:\/\/recambiosecogas.com\/it\/producto\/dometic-cff70dz-ac220-240vdc12-24v-version-ue\/#local-main-organization-logo"},"image":{"@id":"https:\/\/recambiosecogas.com\/it\/producto\/dometic-cff70dz-ac220-240vdc12-24v-version-ue\/#local-main-organization-logo"},"sameAs":["https:\/\/www.facebook.com\/profile.php?id=100062419705358","https:\/\/www.instagram.com\/segimon_automocio"],"description":"Recambios EcoGas \u2013 Venta y distribuci\u00f3n de sistemas GLP y GNC en Espa\u00f1a y Portugal. Env\u00edos 24 h, soporte t\u00e9cnico a talleres y distribuidores.","hasMerchantReturnPolicy":{"@type":"MerchantReturnPolicy","merchantReturnLink":"https:\/\/recambiosecogas.com\/politicas-privacidad\/"},"address":{"@id":"https:\/\/recambiosecogas.com\/it\/producto\/dometic-cff70dz-ac220-240vdc12-24v-version-ue\/#local-main-place-address"},"telephone":["616250633"],"contactPoint":{"@type":"ContactPoint","email":"export@recambiosecogas.com"},"openingHoursSpecification":[{"@type":"OpeningHoursSpecification","dayOfWeek":["Monday","Tuesday","Wednesday","Thursday","Friday","Saturday","Sunday"],"opens":"09:00","closes":"17:00"}],"email":"info@recambiosecogas.com","faxNumber":"SEGIMON AUTOMOCION SL","vatID":"ESB19819861","globalLocationNumber":"938 616 339"},{"@type":"PostalAddress","@id":"https:\/\/recambiosecogas.com\/it\/producto\/dometic-cff70dz-ac220-240vdc12-24v-version-ue\/#local-main-place-address","streetAddress":"cami antic de vic, 29 (Nave 3), Pol\u00edgono Industrial Congost","addressLocality":"CORRO D`AVALL","postalCode":"08520","addressRegion":"Barcelona","addressCountry":"ES"},{"@type":"ImageObject","inLanguage":"it-IT","@id":"https:\/\/recambiosecogas.com\/it\/producto\/dometic-cff70dz-ac220-240vdc12-24v-version-ue\/#local-main-organization-logo","url":"https:\/\/recambiosecogas.com\/wp-content\/uploads\/2024\/11\/cropped-RECAMBIOS-GLP-png.webp","contentUrl":"https:\/\/recambiosecogas.com\/wp-content\/uploads\/2024\/11\/cropped-RECAMBIOS-GLP-png.webp","width":512,"height":512,"caption":"Recambios EcoGas"}]},"product_price_amount":"903.54","product_price_currency":"EUR","og_availability":"backorder","product_availability":"available for order","product_retailer_item_id":"116529A","product_condition":"new","geo.placename":"CORRO D`AVALL","geo.region":"Spagna"},"uagb_featured_image_src":{"full":["https:\/\/recambiosecogas.com\/wp-content\/uploads\/2025\/02\/Dometic-CFF-70DZ-png.webp",1000,1000,false],"thumbnail":["https:\/\/recambiosecogas.com\/wp-content\/uploads\/2025\/02\/Dometic-CFF-70DZ-150x150.webp",150,150,true],"medium":["https:\/\/recambiosecogas.com\/wp-content\/uploads\/2025\/02\/Dometic-CFF-70DZ-300x300.webp",300,300,true],"medium_large":["https:\/\/recambiosecogas.com\/wp-content\/uploads\/2025\/02\/Dometic-CFF-70DZ-768x768.webp",768,768,true],"large":["https:\/\/recambiosecogas.com\/wp-content\/uploads\/2025\/02\/Dometic-CFF-70DZ-png.webp",1000,1000,false],"1536x1536":["https:\/\/recambiosecogas.com\/wp-content\/uploads\/2025\/02\/Dometic-CFF-70DZ-png.webp",1000,1000,false],"2048x2048":["https:\/\/recambiosecogas.com\/wp-content\/uploads\/2025\/02\/Dometic-CFF-70DZ-png.webp",1000,1000,false],"woocommerce_archive_thumbnail":["https:\/\/recambiosecogas.com\/wp-content\/uploads\/2025\/02\/Dometic-CFF-70DZ-png.webp",1000,1000,false],"woocommerce_thumbnail":["https:\/\/recambiosecogas.com\/wp-content\/uploads\/2025\/02\/Dometic-CFF-70DZ-300x300.webp",300,300,true],"woocommerce_single":["https:\/\/recambiosecogas.com\/wp-content\/uploads\/2025\/02\/Dometic-CFF-70DZ-png.webp",1000,1000,false],"woocommerce_gallery_thumbnail":["https:\/\/recambiosecogas.com\/wp-content\/uploads\/2025\/02\/Dometic-CFF-70DZ-png.webp",1000,1000,false],"dgwt-wcas-product-suggestion":["https:\/\/recambiosecogas.com\/wp-content\/uploads\/2025\/02\/Dometic-CFF-70DZ-64x64.webp",64,64,true]},"uagb_author_info":{"display_name":"Fran - Soporte T\u00e9cnico","author_link":"https:\/\/recambiosecogas.com\/it\/author\/"},"uagb_comment_info":0,"uagb_excerpt":"DOMETIC","_links":{"self":[{"href":"https:\/\/recambiosecogas.com\/it\/wp-json\/wp\/v2\/product\/17978","targetHints":{"allow":["GET"]}}],"collection":[{"href":"https:\/\/recambiosecogas.com\/it\/wp-json\/wp\/v2\/product"}],"about":[{"href":"https:\/\/recambiosecogas.com\/it\/wp-json\/wp\/v2\/types\/product"}],"replies":[{"embeddable":true,"href":"https:\/\/recambiosecogas.com\/it\/wp-json\/wp\/v2\/comments?post=17978"}],"wp:featuredmedia":[{"embeddable":true,"href":"https:\/\/recambiosecogas.com\/it\/wp-json\/wp\/v2\/media\/18310"}],"wp:attachment":[{"href":"https:\/\/recambiosecogas.com\/it\/wp-json\/wp\/v2\/media?parent=17978"}],"wp:term":[{"taxonomy":"product_brand","embeddable":true,"href":"https:\/\/recambiosecogas.com\/it\/wp-json\/wp\/v2\/product_brand?post=17978"},{"taxonomy":"product_cat","embeddable":true,"href":"https:\/\/recambiosecogas.com\/it\/wp-json\/wp\/v2\/product_cat?post=17978"},{"taxonomy":"product_tag","embeddable":true,"href":"https:\/\/recambiosecogas.com\/it\/wp-json\/wp\/v2\/product_tag?post=17978"}],"curies":[{"name":"wp","href":"https:\/\/api.w.org\/{rel}","templated":true}]}}