{"id":17974,"date":"2025-02-24T12:02:23","date_gmt":"2025-02-24T11:02:23","guid":{"rendered":"https:\/\/recambiosecogas.com\/producto\/dometic-cdf-18-12-24v-18l\/"},"modified":"2026-03-26T12:07:05","modified_gmt":"2026-03-26T11:07:05","slug":"dometic-cdf-18-12-24v-18l","status":"publish","type":"product","link":"https:\/\/recambiosecogas.com\/it\/producto\/dometic-cdf-18-12-24v-18l\/","title":{"rendered":"Dometic CDF 18, 12\/24V, 18l"},"content":{"rendered":"<p>Nevera de compresor port\u00e1til, 19\u00a0l, 12\/24\u00a0V CC y 110-240\u00a0V CA<\/p>\n<div class=\"product_content__element\">\n<div class=\"product_content__element__content\">\n<p>La tecnolog\u00eda de compresores ligeros y el dise\u00f1o delgado del Dometic CoolFreeze CDF2 18 hacen que enfriar y congelar alimentos y bebidas sea un juego de ni\u00f1os. Las asas empotradas permiten un transporte c\u00f3modo, mientras que los elementos de gu\u00eda integrados para las correas o los cinturones de seguridad garantizan una fijaci\u00f3n f\u00e1cil y segura en su veh\u00edculo. La tapa optimizada, con su robusta bisagra y su cierre de f\u00e1cil manejo, tiene una superficie plana que tambi\u00e9n puede utilizarse como mesa. Gracias a su eficaz rendimiento de refrigeraci\u00f3n, la CoolFreeze CDF2 18 permite enfriar y congelar el contenido con un consumo m\u00ednimo de energ\u00eda, independientemente de la temperatura exterior. Disfrute de una refrigeraci\u00f3n fiable all\u00ed donde la necesite.<\/p>\n<ul>\n<li>Dise\u00f1o compacto para facilitar el almacenamiento<\/li>\n<li>Funci\u00f3n de refrigeraci\u00f3n y congelaci\u00f3n para sus comidas y bebidas favoritas<\/li>\n<li>Pantalla digital regulable e iluminaci\u00f3n interior LED<\/li>\n<li>Asa empotrada para facilitar el transporte<\/li>\n<li>Las gu\u00edas integradas garantizan una f\u00e1cil fijaci\u00f3n en el veh\u00edculo mediante correas o cinturones de seguridad<\/li>\n<li>Ajuste flexible de la temperatura entre +10 \u00b0C y -15 \u00b0C<\/li>\n<\/ul>\n<\/div>\n<\/div>\n<div class=\"product_content__element\">\n<div class=\"vmaster vmaster219302\" data-varid=\"181104\">\n<div class=\"vproduct vproduct181104 vvisible\" data-uk-observe=\"\">\n<div class=\"product_content__element__head\">\n<h2>Propiedades<\/h2>\n<\/div>\n<div class=\"product_content__element__content productfeatures\">\n<table class=\"uk-table uk-table-striped\">\n<tbody>\n<tr>\n<td class=\"uk-width-1-2\">Tipo de neveras<\/td>\n<td>Sistema de compresi\u00f3n<\/td>\n<\/tr>\n<tr>\n<td class=\"uk-width-1-2\">Botellas de 1,5 litros de altura<\/td>\n<td><\/td>\n<\/tr>\n<tr>\n<td class=\"uk-width-1-2\">Peso<\/td>\n<td>13,57 kg<\/td>\n<\/tr>\n<tr>\n<td class=\"uk-width-1-2\">Dimensiones (A x A x F)<\/td>\n<td>46,5 x 41,4 x 30 cm<\/td>\n<\/tr>\n<tr>\n<td class=\"uk-width-1-2\">Funcionamiento con bater\u00eda 12 V<\/td>\n<td><\/td>\n<\/tr>\n<tr>\n<td class=\"uk-width-1-2\">Funcionamiento con bater\u00eda 24 V<\/td>\n<td><\/td>\n<\/tr>\n<tr>\n<td class=\"uk-width-1-2\">Volumen<\/td>\n<td>18 l<\/td>\n<\/tr>\n<tr>\n<td class=\"uk-width-1-2\">ean<\/td>\n<td>4015704254761<\/td>\n<\/tr>\n<tr>\n<td class=\"uk-width-1-2\">Fabricante N\u00ba de art\u00edculo<\/td>\n<td>9600000460<\/td>\n<\/tr>\n<\/tbody>\n<\/table>\n<\/div>\n<\/div>\n<\/div>\n<\/div>\n<p>La <strong>Nevera de Compresor Dometic CDF 18<\/strong> es una soluci\u00f3n port\u00e1til dise\u00f1ada para enfriar y congelar alimentos y bebidas, ideal para su uso en veh\u00edculos equipados con sistemas de <strong>Autogas<\/strong>. Con un volumen de <strong>18 litros<\/strong>, esta nevera es perfecta para viajes y actividades al aire libre.<\/p>\n<p>Gracias a su tecnolog\u00eda de compresores ligeros y su dise\u00f1o delgado, la Dometic CDF 18 ofrece un rendimiento de refrigeraci\u00f3n eficiente, permitiendo ajustar la temperatura entre <strong>+10 \u00b0C y -15 \u00b0C<\/strong>. Su pantalla digital regulable y la iluminaci\u00f3n interior LED facilitan su uso, mientras que las asas empotradas garantizan un transporte c\u00f3modo.<\/p>\n<p>El dise\u00f1o compacto de esta nevera permite un f\u00e1cil almacenamiento, y sus gu\u00edas integradas aseguran una fijaci\u00f3n segura en el veh\u00edculo mediante correas o cinturones de seguridad. La tapa optimizada, con una robusta bisagra y un cierre de f\u00e1cil manejo, tambi\u00e9n puede utilizarse como mesa, lo que a\u00f1ade funcionalidad a su dise\u00f1o.<\/p>\n<p>Es recomendable utilizar la Dometic CDF 18 en situaciones donde se necesite una refrigeraci\u00f3n confiable y eficiente, especialmente en viajes largos o acampadas. Su capacidad de enfriamiento y congelaci\u00f3n la convierte en una opci\u00f3n vers\u00e1til para mantener los alimentos y bebidas frescos en cualquier momento.<\/p>\n<h4>Datos t\u00e9cnicos<\/h4>\n<table class=\"uk-table uk-table-striped\">\n<tbody>\n<tr>\n<td class=\"uk-width-1-2\">Tipo de neveras<\/td>\n<td>Sistema de compresi\u00f3n<\/td>\n<\/tr>\n<tr>\n<td class=\"uk-width-1-2\">Peso<\/td>\n<td>13,57 kg<\/td>\n<\/tr>\n<tr>\n<td class=\"uk-width-1-2\">Dimensiones (A x A x F)<\/td>\n<td>46,5 x 41,4 x 30 cm<\/td>\n<\/tr>\n<tr>\n<td class=\"uk-width-1-2\">Funcionamiento con bater\u00eda 12 V<\/td>\n<td><\/td>\n<\/tr>\n<tr>\n<td class=\"uk-width-1-2\">Funcionamiento con bater\u00eda 24 V<\/td>\n<td><\/td>\n<\/tr>\n<tr>\n<td class=\"uk-width-1-2\">Volumen<\/td>\n<td>18 l<\/td>\n<\/tr>\n<tr>\n<td class=\"uk-width-1-2\">ean<\/td>\n<td>4015704254761<\/td>\n<\/tr>\n<tr>\n<td class=\"uk-width-1-2\">Fabricante N\u00ba de art\u00edculo<\/td>\n<td>9600000460<\/td>\n<\/tr>\n<\/tbody>\n<\/table>\n<p>La Dometic CDF 18 es una opci\u00f3n ideal para quienes buscan una nevera port\u00e1til que combine eficiencia, funcionalidad y comodidad en su uso diario. Se recomienda verificar la referencia original antes de realizar la compra.<\/p>\n","protected":false},"excerpt":{"rendered":"<p>DOMETIC<\/p>\n","protected":false},"featured_media":18336,"comment_status":"open","ping_status":"closed","template":"","meta":{"googlesitekit_rrm_CAowud7EDA:productID":"","_uag_custom_page_level_css":""},"product_brand":[],"product_cat":[641],"product_tag":[],"class_list":{"0":"post-17974","1":"product","2":"type-product","3":"status-publish","4":"has-post-thumbnail","6":"product_cat-sistemas-de-refrigeracion-autocaravanas","8":"first","9":"onbackorder","10":"taxable","11":"shipping-taxable","12":"purchasable","13":"product-type-simple"},"ct_brands":[],"yoast_head":"<!-- This site is optimized with the Yoast SEO Premium plugin v27.3 (Yoast SEO v27.3) - https:\/\/yoast.com\/product\/yoast-seo-premium-wordpress\/ -->\n<title>Nevera de Compresor Dometic CDF 18, 12\/24V, 18L | Recambios Ecogas<\/title>\n<meta name=\"description\" content=\"Nevera de compresor port\u00e1til Dometic CDF 18, ideal para enfriar y congelar alimentos y bebidas en veh\u00edculos con sistemas de Autogas.\" \/>\n<meta name=\"robots\" content=\"index, follow, max-snippet:-1, max-image-preview:large, max-video-preview:-1\" \/>\n<link rel=\"canonical\" href=\"https:\/\/recambiosecogas.com\/it\/producto\/dometic-cdf-18-12-24v-18l\/\" \/>\n<meta property=\"og:locale\" content=\"it_IT\" \/>\n<meta property=\"og:type\" content=\"article\" \/>\n<meta property=\"og:title\" content=\"Dometic CDF 18, 12\/24V, 18l\" \/>\n<meta property=\"og:description\" content=\"Nevera de compresor port\u00e1til Dometic CDF 18, ideal para enfriar y congelar alimentos y bebidas en veh\u00edculos con sistemas de Autogas.\" \/>\n<meta property=\"og:url\" content=\"https:\/\/recambiosecogas.com\/it\/producto\/dometic-cdf-18-12-24v-18l\/\" \/>\n<meta property=\"og:site_name\" content=\"Recambios EcoGas\" \/>\n<meta property=\"article:publisher\" content=\"https:\/\/www.facebook.com\/profile.php?id=100062419705358\" \/>\n<meta property=\"article:modified_time\" content=\"2026-03-26T11:07:05+00:00\" \/>\n<meta property=\"og:image\" content=\"https:\/\/recambiosecogas.com\/wp-content\/uploads\/2025\/02\/Dometic-CDF-18-png.webp\" \/>\n\t<meta property=\"og:image:width\" content=\"1000\" \/>\n\t<meta property=\"og:image:height\" content=\"1000\" \/>\n\t<meta property=\"og:image:type\" content=\"image\/png\" \/>\n<meta name=\"twitter:card\" content=\"summary_large_image\" \/>\n<meta name=\"twitter:label1\" content=\"Prezzo\" \/>\n\t<meta name=\"twitter:data1\" content=\"481,42&nbsp;&euro; (IVA incl.: 582,52&nbsp;&euro;)\" \/>\n\t<meta name=\"twitter:label2\" content=\"Disponibilit\u00e0\" \/>\n\t<meta name=\"twitter:data2\" content=\"Su ordinazione\" \/>\n<script type=\"application\/ld+json\" class=\"yoast-schema-graph\">{\"@context\":\"https:\\\/\\\/schema.org\",\"@graph\":[{\"@type\":\"WebPage\",\"@id\":\"https:\\\/\\\/recambiosecogas.com\\\/it\\\/producto\\\/dometic-cdf-18-12-24v-18l\\\/\",\"url\":\"https:\\\/\\\/recambiosecogas.com\\\/it\\\/producto\\\/dometic-cdf-18-12-24v-18l\\\/\",\"name\":\"Nevera de Compresor Dometic CDF 18, 12\\\/24V, 18L | Recambios Ecogas\",\"isPartOf\":{\"@id\":\"https:\\\/\\\/recambiosecogas.com\\\/it\\\/#website\"},\"primaryImageOfPage\":{\"@id\":\"https:\\\/\\\/recambiosecogas.com\\\/it\\\/producto\\\/dometic-cdf-18-12-24v-18l\\\/#primaryimage\"},\"image\":{\"@id\":\"https:\\\/\\\/recambiosecogas.com\\\/it\\\/producto\\\/dometic-cdf-18-12-24v-18l\\\/#primaryimage\"},\"thumbnailUrl\":\"https:\\\/\\\/recambiosecogas.com\\\/wp-content\\\/uploads\\\/2025\\\/02\\\/Dometic-CDF-18-png.webp\",\"datePublished\":\"2025-02-24T11:02:23+00:00\",\"dateModified\":\"2026-03-26T11:07:05+00:00\",\"description\":\"Nevera de compresor port\u00e1til Dometic CDF 18, ideal para enfriar y congelar alimentos y bebidas en veh\u00edculos con sistemas de Autogas.\",\"breadcrumb\":{\"@id\":\"https:\\\/\\\/recambiosecogas.com\\\/it\\\/producto\\\/dometic-cdf-18-12-24v-18l\\\/#breadcrumb\"},\"inLanguage\":\"it-IT\",\"potentialAction\":[{\"@type\":\"ReadAction\",\"target\":[\"https:\\\/\\\/recambiosecogas.com\\\/it\\\/producto\\\/dometic-cdf-18-12-24v-18l\\\/\"]}]},{\"@type\":\"ImageObject\",\"inLanguage\":\"it-IT\",\"@id\":\"https:\\\/\\\/recambiosecogas.com\\\/it\\\/producto\\\/dometic-cdf-18-12-24v-18l\\\/#primaryimage\",\"url\":\"https:\\\/\\\/recambiosecogas.com\\\/wp-content\\\/uploads\\\/2025\\\/02\\\/Dometic-CDF-18-png.webp\",\"contentUrl\":\"https:\\\/\\\/recambiosecogas.com\\\/wp-content\\\/uploads\\\/2025\\\/02\\\/Dometic-CDF-18-png.webp\",\"width\":1000,\"height\":1000},{\"@type\":\"BreadcrumbList\",\"@id\":\"https:\\\/\\\/recambiosecogas.com\\\/it\\\/producto\\\/dometic-cdf-18-12-24v-18l\\\/#breadcrumb\",\"itemListElement\":[{\"@type\":\"ListItem\",\"position\":1,\"name\":\"Portada\",\"item\":\"https:\\\/\\\/recambiosecogas.com\\\/it\\\/\"},{\"@type\":\"ListItem\",\"position\":2,\"name\":\"Negozio\",\"item\":\"https:\\\/\\\/recambiosecogas.com\\\/it\\\/?page_id=46382\"},{\"@type\":\"ListItem\",\"position\":3,\"name\":\"Dometic CDF 18, 12\\\/24V, 18l\"}]},{\"@type\":\"WebSite\",\"@id\":\"https:\\\/\\\/recambiosecogas.com\\\/it\\\/#website\",\"url\":\"https:\\\/\\\/recambiosecogas.com\\\/it\\\/\",\"name\":\"Recambios EcoGas\",\"description\":\"Recambios Multimarca para sistemas de GLP\\\/GNC\\\/GNL\\\/Hidr\u00f3geno\",\"publisher\":{\"@id\":\"https:\\\/\\\/recambiosecogas.com\\\/it\\\/#organization\"},\"alternateName\":\"Recambios Autogas GLP\",\"potentialAction\":[{\"@type\":\"SearchAction\",\"target\":{\"@type\":\"EntryPoint\",\"urlTemplate\":\"https:\\\/\\\/recambiosecogas.com\\\/it\\\/?s={search_term_string}\"},\"query-input\":{\"@type\":\"PropertyValueSpecification\",\"valueRequired\":true,\"valueName\":\"search_term_string\"}}],\"inLanguage\":\"it-IT\"},{\"@type\":[\"Organization\",\"Place\"],\"@id\":\"https:\\\/\\\/recambiosecogas.com\\\/it\\\/#organization\",\"name\":\"Recambios EcoGas\",\"alternateName\":\"Tienda Online GLP Espa\u00f1a\",\"url\":\"https:\\\/\\\/recambiosecogas.com\\\/it\\\/\",\"logo\":{\"@id\":\"https:\\\/\\\/recambiosecogas.com\\\/it\\\/producto\\\/dometic-cdf-18-12-24v-18l\\\/#local-main-organization-logo\"},\"image\":{\"@id\":\"https:\\\/\\\/recambiosecogas.com\\\/it\\\/producto\\\/dometic-cdf-18-12-24v-18l\\\/#local-main-organization-logo\"},\"sameAs\":[\"https:\\\/\\\/www.facebook.com\\\/profile.php?id=100062419705358\",\"https:\\\/\\\/www.instagram.com\\\/segimon_automocio\"],\"description\":\"Recambios EcoGas \u2013 Venta y distribuci\u00f3n de sistemas GLP y GNC en Espa\u00f1a y Portugal. Env\u00edos 24 h, soporte t\u00e9cnico a talleres y distribuidores.\",\"hasMerchantReturnPolicy\":{\"@type\":\"MerchantReturnPolicy\",\"merchantReturnLink\":\"https:\\\/\\\/recambiosecogas.com\\\/politicas-privacidad\\\/\"},\"address\":{\"@id\":\"https:\\\/\\\/recambiosecogas.com\\\/it\\\/producto\\\/dometic-cdf-18-12-24v-18l\\\/#local-main-place-address\"},\"telephone\":[\"616250633\"],\"contactPoint\":{\"@type\":\"ContactPoint\",\"email\":\"export@recambiosecogas.com\"},\"openingHoursSpecification\":[{\"@type\":\"OpeningHoursSpecification\",\"dayOfWeek\":[\"Monday\",\"Tuesday\",\"Wednesday\",\"Thursday\",\"Friday\",\"Saturday\",\"Sunday\"],\"opens\":\"09:00\",\"closes\":\"17:00\"}],\"email\":\"info@recambiosecogas.com\",\"faxNumber\":\"SEGIMON AUTOMOCION SL\",\"vatID\":\"ESB19819861\",\"globalLocationNumber\":\"938 616 339\"},{\"@type\":\"PostalAddress\",\"@id\":\"https:\\\/\\\/recambiosecogas.com\\\/it\\\/producto\\\/dometic-cdf-18-12-24v-18l\\\/#local-main-place-address\",\"streetAddress\":\"cami antic de vic, 29 (Nave 3), Pol\u00edgono Industrial Congost\",\"addressLocality\":\"CORRO D`AVALL\",\"postalCode\":\"08520\",\"addressRegion\":\"Barcelona\",\"addressCountry\":\"ES\"},{\"@type\":\"ImageObject\",\"inLanguage\":\"it-IT\",\"@id\":\"https:\\\/\\\/recambiosecogas.com\\\/it\\\/producto\\\/dometic-cdf-18-12-24v-18l\\\/#local-main-organization-logo\",\"url\":\"https:\\\/\\\/recambiosecogas.com\\\/wp-content\\\/uploads\\\/2024\\\/11\\\/cropped-RECAMBIOS-GLP-png.webp\",\"contentUrl\":\"https:\\\/\\\/recambiosecogas.com\\\/wp-content\\\/uploads\\\/2024\\\/11\\\/cropped-RECAMBIOS-GLP-png.webp\",\"width\":512,\"height\":512,\"caption\":\"Recambios EcoGas\"}]}<\/script>\n<meta property=\"product:price:amount\" content=\"481.42\" \/>\n<meta property=\"product:price:currency\" content=\"EUR\" \/>\n<meta property=\"og:availability\" content=\"backorder\" \/>\n<meta property=\"product:availability\" content=\"available for order\" \/>\n<meta property=\"product:retailer_item_id\" content=\"116524A\" \/>\n<meta property=\"product:condition\" content=\"new\" \/>\n<meta name=\"geo.placename\" content=\"CORRO D`AVALL\" \/>\n<meta name=\"geo.region\" content=\"Spagna\" \/>\n<!-- \/ Yoast SEO Premium plugin. -->","yoast_head_json":{"title":"Nevera de Compresor Dometic CDF 18, 12\/24V, 18L | Recambios Ecogas","description":"Nevera de compresor port\u00e1til Dometic CDF 18, ideal para enfriar y congelar alimentos y bebidas en veh\u00edculos con sistemas de Autogas.","robots":{"index":"index","follow":"follow","max-snippet":"max-snippet:-1","max-image-preview":"max-image-preview:large","max-video-preview":"max-video-preview:-1"},"canonical":"https:\/\/recambiosecogas.com\/it\/producto\/dometic-cdf-18-12-24v-18l\/","og_locale":"it_IT","og_type":"article","og_title":"Dometic CDF 18, 12\/24V, 18l","og_description":"Nevera de compresor port\u00e1til Dometic CDF 18, ideal para enfriar y congelar alimentos y bebidas en veh\u00edculos con sistemas de Autogas.","og_url":"https:\/\/recambiosecogas.com\/it\/producto\/dometic-cdf-18-12-24v-18l\/","og_site_name":"Recambios EcoGas","article_publisher":"https:\/\/www.facebook.com\/profile.php?id=100062419705358","article_modified_time":"2026-03-26T11:07:05+00:00","og_image":[{"width":1000,"height":1000,"url":"https:\/\/recambiosecogas.com\/wp-content\/uploads\/2025\/02\/Dometic-CDF-18-png.webp","type":"image\/png"}],"twitter_card":"summary_large_image","twitter_misc":{"Prezzo":"481,42&nbsp;&euro; (IVA incl.: 582,52&nbsp;&euro;)","Disponibilit\u00e0":"Su ordinazione"},"schema":{"@context":"https:\/\/schema.org","@graph":[{"@type":"WebPage","@id":"https:\/\/recambiosecogas.com\/it\/producto\/dometic-cdf-18-12-24v-18l\/","url":"https:\/\/recambiosecogas.com\/it\/producto\/dometic-cdf-18-12-24v-18l\/","name":"Nevera de Compresor Dometic CDF 18, 12\/24V, 18L | Recambios Ecogas","isPartOf":{"@id":"https:\/\/recambiosecogas.com\/it\/#website"},"primaryImageOfPage":{"@id":"https:\/\/recambiosecogas.com\/it\/producto\/dometic-cdf-18-12-24v-18l\/#primaryimage"},"image":{"@id":"https:\/\/recambiosecogas.com\/it\/producto\/dometic-cdf-18-12-24v-18l\/#primaryimage"},"thumbnailUrl":"https:\/\/recambiosecogas.com\/wp-content\/uploads\/2025\/02\/Dometic-CDF-18-png.webp","datePublished":"2025-02-24T11:02:23+00:00","dateModified":"2026-03-26T11:07:05+00:00","description":"Nevera de compresor port\u00e1til Dometic CDF 18, ideal para enfriar y congelar alimentos y bebidas en veh\u00edculos con sistemas de Autogas.","breadcrumb":{"@id":"https:\/\/recambiosecogas.com\/it\/producto\/dometic-cdf-18-12-24v-18l\/#breadcrumb"},"inLanguage":"it-IT","potentialAction":[{"@type":"ReadAction","target":["https:\/\/recambiosecogas.com\/it\/producto\/dometic-cdf-18-12-24v-18l\/"]}]},{"@type":"ImageObject","inLanguage":"it-IT","@id":"https:\/\/recambiosecogas.com\/it\/producto\/dometic-cdf-18-12-24v-18l\/#primaryimage","url":"https:\/\/recambiosecogas.com\/wp-content\/uploads\/2025\/02\/Dometic-CDF-18-png.webp","contentUrl":"https:\/\/recambiosecogas.com\/wp-content\/uploads\/2025\/02\/Dometic-CDF-18-png.webp","width":1000,"height":1000},{"@type":"BreadcrumbList","@id":"https:\/\/recambiosecogas.com\/it\/producto\/dometic-cdf-18-12-24v-18l\/#breadcrumb","itemListElement":[{"@type":"ListItem","position":1,"name":"Portada","item":"https:\/\/recambiosecogas.com\/it\/"},{"@type":"ListItem","position":2,"name":"Negozio","item":"https:\/\/recambiosecogas.com\/it\/?page_id=46382"},{"@type":"ListItem","position":3,"name":"Dometic CDF 18, 12\/24V, 18l"}]},{"@type":"WebSite","@id":"https:\/\/recambiosecogas.com\/it\/#website","url":"https:\/\/recambiosecogas.com\/it\/","name":"Recambios EcoGas","description":"Recambios Multimarca para sistemas de GLP\/GNC\/GNL\/Hidr\u00f3geno","publisher":{"@id":"https:\/\/recambiosecogas.com\/it\/#organization"},"alternateName":"Recambios Autogas GLP","potentialAction":[{"@type":"SearchAction","target":{"@type":"EntryPoint","urlTemplate":"https:\/\/recambiosecogas.com\/it\/?s={search_term_string}"},"query-input":{"@type":"PropertyValueSpecification","valueRequired":true,"valueName":"search_term_string"}}],"inLanguage":"it-IT"},{"@type":["Organization","Place"],"@id":"https:\/\/recambiosecogas.com\/it\/#organization","name":"Recambios EcoGas","alternateName":"Tienda Online GLP Espa\u00f1a","url":"https:\/\/recambiosecogas.com\/it\/","logo":{"@id":"https:\/\/recambiosecogas.com\/it\/producto\/dometic-cdf-18-12-24v-18l\/#local-main-organization-logo"},"image":{"@id":"https:\/\/recambiosecogas.com\/it\/producto\/dometic-cdf-18-12-24v-18l\/#local-main-organization-logo"},"sameAs":["https:\/\/www.facebook.com\/profile.php?id=100062419705358","https:\/\/www.instagram.com\/segimon_automocio"],"description":"Recambios EcoGas \u2013 Venta y distribuci\u00f3n de sistemas GLP y GNC en Espa\u00f1a y Portugal. Env\u00edos 24 h, soporte t\u00e9cnico a talleres y distribuidores.","hasMerchantReturnPolicy":{"@type":"MerchantReturnPolicy","merchantReturnLink":"https:\/\/recambiosecogas.com\/politicas-privacidad\/"},"address":{"@id":"https:\/\/recambiosecogas.com\/it\/producto\/dometic-cdf-18-12-24v-18l\/#local-main-place-address"},"telephone":["616250633"],"contactPoint":{"@type":"ContactPoint","email":"export@recambiosecogas.com"},"openingHoursSpecification":[{"@type":"OpeningHoursSpecification","dayOfWeek":["Monday","Tuesday","Wednesday","Thursday","Friday","Saturday","Sunday"],"opens":"09:00","closes":"17:00"}],"email":"info@recambiosecogas.com","faxNumber":"SEGIMON AUTOMOCION SL","vatID":"ESB19819861","globalLocationNumber":"938 616 339"},{"@type":"PostalAddress","@id":"https:\/\/recambiosecogas.com\/it\/producto\/dometic-cdf-18-12-24v-18l\/#local-main-place-address","streetAddress":"cami antic de vic, 29 (Nave 3), Pol\u00edgono Industrial Congost","addressLocality":"CORRO D`AVALL","postalCode":"08520","addressRegion":"Barcelona","addressCountry":"ES"},{"@type":"ImageObject","inLanguage":"it-IT","@id":"https:\/\/recambiosecogas.com\/it\/producto\/dometic-cdf-18-12-24v-18l\/#local-main-organization-logo","url":"https:\/\/recambiosecogas.com\/wp-content\/uploads\/2024\/11\/cropped-RECAMBIOS-GLP-png.webp","contentUrl":"https:\/\/recambiosecogas.com\/wp-content\/uploads\/2024\/11\/cropped-RECAMBIOS-GLP-png.webp","width":512,"height":512,"caption":"Recambios EcoGas"}]},"product_price_amount":"481.42","product_price_currency":"EUR","og_availability":"backorder","product_availability":"available for order","product_retailer_item_id":"116524A","product_condition":"new","geo.placename":"CORRO D`AVALL","geo.region":"Spagna"},"uagb_featured_image_src":{"full":["https:\/\/recambiosecogas.com\/wp-content\/uploads\/2025\/02\/Dometic-CDF-18-png.webp",1000,1000,false],"thumbnail":["https:\/\/recambiosecogas.com\/wp-content\/uploads\/2025\/02\/Dometic-CDF-18-150x150.webp",150,150,true],"medium":["https:\/\/recambiosecogas.com\/wp-content\/uploads\/2025\/02\/Dometic-CDF-18-300x300.webp",300,300,true],"medium_large":["https:\/\/recambiosecogas.com\/wp-content\/uploads\/2025\/02\/Dometic-CDF-18-768x768.webp",768,768,true],"large":["https:\/\/recambiosecogas.com\/wp-content\/uploads\/2025\/02\/Dometic-CDF-18-png.webp",1000,1000,false],"1536x1536":["https:\/\/recambiosecogas.com\/wp-content\/uploads\/2025\/02\/Dometic-CDF-18-png.webp",1000,1000,false],"2048x2048":["https:\/\/recambiosecogas.com\/wp-content\/uploads\/2025\/02\/Dometic-CDF-18-png.webp",1000,1000,false],"woocommerce_archive_thumbnail":["https:\/\/recambiosecogas.com\/wp-content\/uploads\/2025\/02\/Dometic-CDF-18-png.webp",1000,1000,false],"woocommerce_thumbnail":["https:\/\/recambiosecogas.com\/wp-content\/uploads\/2025\/02\/Dometic-CDF-18-300x300.webp",300,300,true],"woocommerce_single":["https:\/\/recambiosecogas.com\/wp-content\/uploads\/2025\/02\/Dometic-CDF-18-png.webp",1000,1000,false],"woocommerce_gallery_thumbnail":["https:\/\/recambiosecogas.com\/wp-content\/uploads\/2025\/02\/Dometic-CDF-18-png.webp",1000,1000,false],"dgwt-wcas-product-suggestion":["https:\/\/recambiosecogas.com\/wp-content\/uploads\/2025\/02\/Dometic-CDF-18-64x64.webp",64,64,true]},"uagb_author_info":{"display_name":"Fran - Soporte T\u00e9cnico","author_link":"https:\/\/recambiosecogas.com\/it\/author\/"},"uagb_comment_info":0,"uagb_excerpt":"DOMETIC","_links":{"self":[{"href":"https:\/\/recambiosecogas.com\/it\/wp-json\/wp\/v2\/product\/17974","targetHints":{"allow":["GET"]}}],"collection":[{"href":"https:\/\/recambiosecogas.com\/it\/wp-json\/wp\/v2\/product"}],"about":[{"href":"https:\/\/recambiosecogas.com\/it\/wp-json\/wp\/v2\/types\/product"}],"replies":[{"embeddable":true,"href":"https:\/\/recambiosecogas.com\/it\/wp-json\/wp\/v2\/comments?post=17974"}],"wp:featuredmedia":[{"embeddable":true,"href":"https:\/\/recambiosecogas.com\/it\/wp-json\/wp\/v2\/media\/18336"}],"wp:attachment":[{"href":"https:\/\/recambiosecogas.com\/it\/wp-json\/wp\/v2\/media?parent=17974"}],"wp:term":[{"taxonomy":"product_brand","embeddable":true,"href":"https:\/\/recambiosecogas.com\/it\/wp-json\/wp\/v2\/product_brand?post=17974"},{"taxonomy":"product_cat","embeddable":true,"href":"https:\/\/recambiosecogas.com\/it\/wp-json\/wp\/v2\/product_cat?post=17974"},{"taxonomy":"product_tag","embeddable":true,"href":"https:\/\/recambiosecogas.com\/it\/wp-json\/wp\/v2\/product_tag?post=17974"}],"curies":[{"name":"wp","href":"https:\/\/api.w.org\/{rel}","templated":true}]}}