{"id":17973,"date":"2025-02-24T12:02:23","date_gmt":"2025-02-24T11:02:23","guid":{"rendered":"https:\/\/recambiosecogas.com\/producto\/truma-cooler-c96-nevera-de-compresor-de-doble-zona-40l-55l-de-doble-zona-2-zonas-de-temperatura\/"},"modified":"2026-03-26T12:07:03","modified_gmt":"2026-03-26T11:07:03","slug":"truma-cooler-c96-nevera-de-compresor-de-doble-zona-40l-55l-de-doble-zona-2-zonas-de-temperatura","status":"publish","type":"product","link":"https:\/\/recambiosecogas.com\/it\/producto\/truma-cooler-c96-nevera-de-compresor-de-doble-zona-40l-55l-de-doble-zona-2-zonas-de-temperatura\/","title":{"rendered":"Truma Cooler C96 Nevera de compresor de doble zona (40l + 55l) de doble zona (2 zonas de temperatura)"},"content":{"rendered":"<p>La nevera de compresor Truma Cooler C96 Dual Zone es el modelo Dual Zone m\u00e1s grande de Truma y permite enfriar y congelar simult\u00e1neamente cuando se est\u00e1 en movimiento.<\/p>\n<p>La nevera de compresor C96 ofrece suficiente espacio para botellas verticales y est\u00e1 equipada con iluminaci\u00f3n interior LED.<\/p>\n<p>La refrigeraci\u00f3n de larga duraci\u00f3n est\u00e1 garantizada por la alimentaci\u00f3n a trav\u00e9s de la bater\u00eda del coche, una red el\u00e9ctrica de 230 V o una bater\u00eda port\u00e1til. La nevera de compresor tambi\u00e9n puede alimentarse a trav\u00e9s de un m\u00f3dulo solar o del Battery Truma Cooler BatteryPack asociado.<\/p>\n<p>Adem\u00e1s, la nevera de compresor cuenta con un monitor de bater\u00eda integrado, mediante el cual la Truma Cooler C96 se desconecta autom\u00e1ticamente de la bater\u00eda del coche en cuanto hay riesgo de sobrecalentamiento.<\/p>\n<p>Eficiente: bajo consumo de energ\u00eda gracias al aislamiento de alta calidad<\/p>\n<p>Potente: refrigeraci\u00f3n fiable hasta -22 grados gracias al compresor Blue de larga duraci\u00f3n<\/p>\n<p>Ahorro de espacio: asas de transporte retr\u00e1ctiles y amplio interior<\/p>\n<p>Pr\u00e1ctico: Pantalla con indicaci\u00f3n de la temperatura ajustada\/real<\/p>\n<p>Independiente: refrigeraci\u00f3n activa incluso sin conexi\u00f3n a la red el\u00e9ctrica gracias a la bater\u00eda recargable port\u00e1til<\/p>\n<p>Con la pantalla digital o la App Truma Cooler gratuita se puede ajustar directamente la temperatura deseada.<\/p>\n<p>Volumen \u00fatil\u00a0<strong>95 litros (40 + 55 l)<\/strong><\/p>\n<p>Rango de refrigeraci\u00f3n\u00a0<strong>+10 \u00b0C a -22 \u00b0C<\/strong><\/p>\n<p>Peso\u00a0<strong>34, 9 kg<\/strong><\/p>\n<p>Dimensiones (L x A x A)\u00a0<strong>912 x 536 x 500 mm<\/strong><\/p>\n<p>Dimensiones interiores de la zona peque\u00f1a (L x A x A)<strong>\u00a0178 + 174 x 403 x 209 + 180 mm<\/strong><\/p>\n<p>Dimensiones interiores de la zona grande (L x A x A)\u00a0<strong>354 x 403 x 389 mm<\/strong><\/p>\n<p>Consumo medio de energ\u00eda (tensi\u00f3n de a bordo; 25\u00b0C de temperatura exterior; ajuste de temperatura 5\u00b0C)<strong>1,1 A<\/strong><\/p>\n<p>La <strong>Truma Cooler C96 Nevera de Compresor Doble Zona<\/strong> es el modelo m\u00e1s grande de Truma, dise\u00f1ado para ofrecer un rendimiento excepcional en refrigeraci\u00f3n y congelaci\u00f3n simult\u00e1nea. Con un volumen \u00fatil de <strong>95 litros<\/strong> (40 + 55 litros), esta nevera es perfecta para viajes prolongados, garantizando que tus alimentos y bebidas se mantengan fr\u00edos, incluso en condiciones extremas.<\/p>\n<p>Este modelo cuenta con un <strong>compresor Blue de larga duraci\u00f3n<\/strong> que permite alcanzar temperaturas de hasta <strong>-22 grados<\/strong>, asegurando una refrigeraci\u00f3n eficiente. La Truma Cooler C96 se puede alimentar a trav\u00e9s de la bater\u00eda del coche, una red el\u00e9ctrica de <strong>230 V<\/strong>, una bater\u00eda port\u00e1til o incluso mediante un m\u00f3dulo solar, lo que la convierte en una opci\u00f3n vers\u00e1til y pr\u00e1ctica para cualquier aventura.<\/p>\n<p>La nevera est\u00e1 equipada con un monitor de bater\u00eda integrado que desconecta autom\u00e1ticamente la unidad de la bater\u00eda del coche en caso de riesgo de sobrecalentamiento, protegiendo as\u00ed tu veh\u00edculo. Adem\u00e1s, su dise\u00f1o incluye asas de transporte retr\u00e1ctiles, facilitando su manejo y almacenamiento.<\/p>\n<p>La pantalla digital permite ajustar la temperatura deseada de manera sencilla, y con la aplicaci\u00f3n gratuita Truma Cooler, puedes controlar la nevera desde tu dispositivo m\u00f3vil. Su bajo consumo de energ\u00eda, con un promedio de <strong>1,1 A<\/strong> bajo condiciones espec\u00edficas, asegura un uso eficiente de la bater\u00eda.<\/p>\n<h4>Datos t\u00e9cnicos<\/h4>\n<p>Peso: <strong>34,9 kg<\/strong><br \/>Dimensiones (L x A x A): <strong>912 x 536 x 500 mm<\/strong><br \/>Dimensiones interiores de la zona peque\u00f1a (L x A x A): <strong>178 + 174 x 403 x 209 + 180 mm<\/strong><br \/>Dimensiones interiores de la zona grande (L x A x A): <strong>354 x 403 x 389 mm<\/strong><\/p>\n<h4>S\u00edntomas de fallo<\/h4>\n<ul>\n<li>La nevera no enfr\u00eda adecuadamente.<\/li>\n<li>El compresor emite ruidos inusuales.<\/li>\n<li>La pantalla digital no responde.<\/li>\n<li>La nevera se apaga inesperadamente.<\/li>\n<\/ul>\n<h4>Compatibilidad<\/h4>\n<p>Ideal para su uso en veh\u00edculos equipados con sistemas de <strong>Autogas<\/strong>. Se recomienda verificar la referencia original antes de realizar la compra.<\/p>\n","protected":false},"excerpt":{"rendered":"<p>TRUMA<\/p>\n","protected":false},"featured_media":18340,"comment_status":"open","ping_status":"closed","template":"","meta":{"googlesitekit_rrm_CAowud7EDA:productID":"","_uag_custom_page_level_css":""},"product_brand":[992],"product_cat":[641],"product_tag":[],"class_list":{"0":"post-17973","1":"product","2":"type-product","3":"status-publish","4":"has-post-thumbnail","6":"product_brand-truma","7":"product_cat-sistemas-de-refrigeracion-autocaravanas","9":"first","10":"onbackorder","11":"taxable","12":"shipping-taxable","13":"purchasable","14":"product-type-simple"},"ct_brands":[{"id":992,"name":"TRUMA","slug":"truma"}],"yoast_head":"<!-- This site is optimized with the Yoast SEO Premium plugin v27.3 (Yoast SEO v27.3) - https:\/\/yoast.com\/product\/yoast-seo-premium-wordpress\/ -->\n<title>Truma Cooler C96 Nevera de Compresor Doble Zona | Recambios Ecogas<\/title>\n<meta name=\"description\" content=\"La Truma Cooler C96 es una nevera de compresor de doble zona, ideal para mantener alimentos y bebidas fr\u00edas en sistemas de Autogas. Capacidad de 95 litros.\" \/>\n<meta name=\"robots\" content=\"index, follow, max-snippet:-1, max-image-preview:large, max-video-preview:-1\" \/>\n<link rel=\"canonical\" href=\"https:\/\/recambiosecogas.com\/it\/producto\/truma-cooler-c96-nevera-de-compresor-de-doble-zona-40l-55l-de-doble-zona-2-zonas-de-temperatura\/\" \/>\n<meta property=\"og:locale\" content=\"it_IT\" \/>\n<meta property=\"og:type\" content=\"article\" \/>\n<meta property=\"og:title\" content=\"Truma Cooler C96 Nevera de compresor de doble zona (40l + 55l) de doble zona (2 zonas de temperatura)\" \/>\n<meta property=\"og:description\" content=\"La Truma Cooler C96 es una nevera de compresor de doble zona, ideal para mantener alimentos y bebidas fr\u00edas en sistemas de Autogas. Capacidad de 95 litros.\" \/>\n<meta property=\"og:url\" content=\"https:\/\/recambiosecogas.com\/it\/producto\/truma-cooler-c96-nevera-de-compresor-de-doble-zona-40l-55l-de-doble-zona-2-zonas-de-temperatura\/\" \/>\n<meta property=\"og:site_name\" content=\"Recambios EcoGas\" \/>\n<meta property=\"article:publisher\" content=\"https:\/\/www.facebook.com\/profile.php?id=100062419705358\" \/>\n<meta property=\"article:modified_time\" content=\"2026-03-26T11:07:03+00:00\" \/>\n<meta property=\"og:image\" content=\"https:\/\/recambiosecogas.com\/wp-content\/uploads\/2025\/02\/Truma-Cooler-C96-png.webp\" \/>\n\t<meta property=\"og:image:width\" content=\"1000\" \/>\n\t<meta property=\"og:image:height\" content=\"1000\" \/>\n\t<meta property=\"og:image:type\" content=\"image\/png\" \/>\n<meta name=\"twitter:card\" content=\"summary_large_image\" \/>\n<meta name=\"twitter:label1\" content=\"Prezzo\" \/>\n\t<meta name=\"twitter:data1\" content=\"1.214,75&nbsp;&euro; (IVA incl.: 1.469,85&nbsp;&euro;)\" \/>\n\t<meta name=\"twitter:label2\" content=\"Disponibilit\u00e0\" \/>\n\t<meta name=\"twitter:data2\" content=\"Su ordinazione\" \/>\n<script type=\"application\/ld+json\" class=\"yoast-schema-graph\">{\"@context\":\"https:\\\/\\\/schema.org\",\"@graph\":[{\"@type\":\"WebPage\",\"@id\":\"https:\\\/\\\/recambiosecogas.com\\\/it\\\/producto\\\/truma-cooler-c96-nevera-de-compresor-de-doble-zona-40l-55l-de-doble-zona-2-zonas-de-temperatura\\\/\",\"url\":\"https:\\\/\\\/recambiosecogas.com\\\/it\\\/producto\\\/truma-cooler-c96-nevera-de-compresor-de-doble-zona-40l-55l-de-doble-zona-2-zonas-de-temperatura\\\/\",\"name\":\"Truma Cooler C96 Nevera de Compresor Doble Zona | Recambios Ecogas\",\"isPartOf\":{\"@id\":\"https:\\\/\\\/recambiosecogas.com\\\/it\\\/#website\"},\"primaryImageOfPage\":{\"@id\":\"https:\\\/\\\/recambiosecogas.com\\\/it\\\/producto\\\/truma-cooler-c96-nevera-de-compresor-de-doble-zona-40l-55l-de-doble-zona-2-zonas-de-temperatura\\\/#primaryimage\"},\"image\":{\"@id\":\"https:\\\/\\\/recambiosecogas.com\\\/it\\\/producto\\\/truma-cooler-c96-nevera-de-compresor-de-doble-zona-40l-55l-de-doble-zona-2-zonas-de-temperatura\\\/#primaryimage\"},\"thumbnailUrl\":\"https:\\\/\\\/recambiosecogas.com\\\/wp-content\\\/uploads\\\/2025\\\/02\\\/Truma-Cooler-C96-png.webp\",\"datePublished\":\"2025-02-24T11:02:23+00:00\",\"dateModified\":\"2026-03-26T11:07:03+00:00\",\"description\":\"La Truma Cooler C96 es una nevera de compresor de doble zona, ideal para mantener alimentos y bebidas fr\u00edas en sistemas de Autogas. Capacidad de 95 litros.\",\"breadcrumb\":{\"@id\":\"https:\\\/\\\/recambiosecogas.com\\\/it\\\/producto\\\/truma-cooler-c96-nevera-de-compresor-de-doble-zona-40l-55l-de-doble-zona-2-zonas-de-temperatura\\\/#breadcrumb\"},\"inLanguage\":\"it-IT\",\"potentialAction\":[{\"@type\":\"ReadAction\",\"target\":[\"https:\\\/\\\/recambiosecogas.com\\\/it\\\/producto\\\/truma-cooler-c96-nevera-de-compresor-de-doble-zona-40l-55l-de-doble-zona-2-zonas-de-temperatura\\\/\"]}]},{\"@type\":\"ImageObject\",\"inLanguage\":\"it-IT\",\"@id\":\"https:\\\/\\\/recambiosecogas.com\\\/it\\\/producto\\\/truma-cooler-c96-nevera-de-compresor-de-doble-zona-40l-55l-de-doble-zona-2-zonas-de-temperatura\\\/#primaryimage\",\"url\":\"https:\\\/\\\/recambiosecogas.com\\\/wp-content\\\/uploads\\\/2025\\\/02\\\/Truma-Cooler-C96-png.webp\",\"contentUrl\":\"https:\\\/\\\/recambiosecogas.com\\\/wp-content\\\/uploads\\\/2025\\\/02\\\/Truma-Cooler-C96-png.webp\",\"width\":1000,\"height\":1000},{\"@type\":\"BreadcrumbList\",\"@id\":\"https:\\\/\\\/recambiosecogas.com\\\/it\\\/producto\\\/truma-cooler-c96-nevera-de-compresor-de-doble-zona-40l-55l-de-doble-zona-2-zonas-de-temperatura\\\/#breadcrumb\",\"itemListElement\":[{\"@type\":\"ListItem\",\"position\":1,\"name\":\"Portada\",\"item\":\"https:\\\/\\\/recambiosecogas.com\\\/it\\\/\"},{\"@type\":\"ListItem\",\"position\":2,\"name\":\"Negozio\",\"item\":\"https:\\\/\\\/recambiosecogas.com\\\/it\\\/?page_id=46382\"},{\"@type\":\"ListItem\",\"position\":3,\"name\":\"Truma Cooler C96 Nevera de compresor de doble zona (40l + 55l) de doble zona (2 zonas de temperatura)\"}]},{\"@type\":\"WebSite\",\"@id\":\"https:\\\/\\\/recambiosecogas.com\\\/it\\\/#website\",\"url\":\"https:\\\/\\\/recambiosecogas.com\\\/it\\\/\",\"name\":\"Recambios EcoGas\",\"description\":\"Recambios Multimarca para sistemas de GLP\\\/GNC\\\/GNL\\\/Hidr\u00f3geno\",\"publisher\":{\"@id\":\"https:\\\/\\\/recambiosecogas.com\\\/it\\\/#organization\"},\"alternateName\":\"Recambios Autogas GLP\",\"potentialAction\":[{\"@type\":\"SearchAction\",\"target\":{\"@type\":\"EntryPoint\",\"urlTemplate\":\"https:\\\/\\\/recambiosecogas.com\\\/it\\\/?s={search_term_string}\"},\"query-input\":{\"@type\":\"PropertyValueSpecification\",\"valueRequired\":true,\"valueName\":\"search_term_string\"}}],\"inLanguage\":\"it-IT\"},{\"@type\":[\"Organization\",\"Place\"],\"@id\":\"https:\\\/\\\/recambiosecogas.com\\\/it\\\/#organization\",\"name\":\"Recambios EcoGas\",\"alternateName\":\"Tienda Online GLP Espa\u00f1a\",\"url\":\"https:\\\/\\\/recambiosecogas.com\\\/it\\\/\",\"logo\":{\"@id\":\"https:\\\/\\\/recambiosecogas.com\\\/it\\\/producto\\\/truma-cooler-c96-nevera-de-compresor-de-doble-zona-40l-55l-de-doble-zona-2-zonas-de-temperatura\\\/#local-main-organization-logo\"},\"image\":{\"@id\":\"https:\\\/\\\/recambiosecogas.com\\\/it\\\/producto\\\/truma-cooler-c96-nevera-de-compresor-de-doble-zona-40l-55l-de-doble-zona-2-zonas-de-temperatura\\\/#local-main-organization-logo\"},\"sameAs\":[\"https:\\\/\\\/www.facebook.com\\\/profile.php?id=100062419705358\",\"https:\\\/\\\/www.instagram.com\\\/segimon_automocio\"],\"description\":\"Recambios EcoGas \u2013 Venta y distribuci\u00f3n de sistemas GLP y GNC en Espa\u00f1a y Portugal. Env\u00edos 24 h, soporte t\u00e9cnico a talleres y distribuidores.\",\"hasMerchantReturnPolicy\":{\"@type\":\"MerchantReturnPolicy\",\"merchantReturnLink\":\"https:\\\/\\\/recambiosecogas.com\\\/politicas-privacidad\\\/\"},\"address\":{\"@id\":\"https:\\\/\\\/recambiosecogas.com\\\/it\\\/producto\\\/truma-cooler-c96-nevera-de-compresor-de-doble-zona-40l-55l-de-doble-zona-2-zonas-de-temperatura\\\/#local-main-place-address\"},\"telephone\":[\"616250633\"],\"contactPoint\":{\"@type\":\"ContactPoint\",\"email\":\"export@recambiosecogas.com\"},\"openingHoursSpecification\":[{\"@type\":\"OpeningHoursSpecification\",\"dayOfWeek\":[\"Monday\",\"Tuesday\",\"Wednesday\",\"Thursday\",\"Friday\",\"Saturday\",\"Sunday\"],\"opens\":\"09:00\",\"closes\":\"17:00\"}],\"email\":\"info@recambiosecogas.com\",\"faxNumber\":\"SEGIMON AUTOMOCION SL\",\"vatID\":\"ESB19819861\",\"globalLocationNumber\":\"938 616 339\"},{\"@type\":\"PostalAddress\",\"@id\":\"https:\\\/\\\/recambiosecogas.com\\\/it\\\/producto\\\/truma-cooler-c96-nevera-de-compresor-de-doble-zona-40l-55l-de-doble-zona-2-zonas-de-temperatura\\\/#local-main-place-address\",\"streetAddress\":\"cami antic de vic, 29 (Nave 3), Pol\u00edgono Industrial Congost\",\"addressLocality\":\"CORRO D`AVALL\",\"postalCode\":\"08520\",\"addressRegion\":\"Barcelona\",\"addressCountry\":\"ES\"},{\"@type\":\"ImageObject\",\"inLanguage\":\"it-IT\",\"@id\":\"https:\\\/\\\/recambiosecogas.com\\\/it\\\/producto\\\/truma-cooler-c96-nevera-de-compresor-de-doble-zona-40l-55l-de-doble-zona-2-zonas-de-temperatura\\\/#local-main-organization-logo\",\"url\":\"https:\\\/\\\/recambiosecogas.com\\\/wp-content\\\/uploads\\\/2024\\\/11\\\/cropped-RECAMBIOS-GLP-png.webp\",\"contentUrl\":\"https:\\\/\\\/recambiosecogas.com\\\/wp-content\\\/uploads\\\/2024\\\/11\\\/cropped-RECAMBIOS-GLP-png.webp\",\"width\":512,\"height\":512,\"caption\":\"Recambios EcoGas\"}]}<\/script>\n<meta property=\"product:brand\" content=\"TRUMA\" \/>\n<meta property=\"product:price:amount\" content=\"1214.75\" \/>\n<meta property=\"product:price:currency\" content=\"EUR\" \/>\n<meta property=\"og:availability\" content=\"backorder\" \/>\n<meta property=\"product:availability\" content=\"available for order\" \/>\n<meta property=\"product:retailer_item_id\" content=\"113689A\" \/>\n<meta property=\"product:condition\" content=\"new\" \/>\n<meta name=\"geo.placename\" content=\"CORRO D`AVALL\" \/>\n<meta name=\"geo.region\" content=\"Spagna\" \/>\n<!-- \/ Yoast SEO Premium plugin. -->","yoast_head_json":{"title":"Truma Cooler C96 Nevera de Compresor Doble Zona | Recambios Ecogas","description":"La Truma Cooler C96 es una nevera de compresor de doble zona, ideal para mantener alimentos y bebidas fr\u00edas en sistemas de Autogas. Capacidad de 95 litros.","robots":{"index":"index","follow":"follow","max-snippet":"max-snippet:-1","max-image-preview":"max-image-preview:large","max-video-preview":"max-video-preview:-1"},"canonical":"https:\/\/recambiosecogas.com\/it\/producto\/truma-cooler-c96-nevera-de-compresor-de-doble-zona-40l-55l-de-doble-zona-2-zonas-de-temperatura\/","og_locale":"it_IT","og_type":"article","og_title":"Truma Cooler C96 Nevera de compresor de doble zona (40l + 55l) de doble zona (2 zonas de temperatura)","og_description":"La Truma Cooler C96 es una nevera de compresor de doble zona, ideal para mantener alimentos y bebidas fr\u00edas en sistemas de Autogas. Capacidad de 95 litros.","og_url":"https:\/\/recambiosecogas.com\/it\/producto\/truma-cooler-c96-nevera-de-compresor-de-doble-zona-40l-55l-de-doble-zona-2-zonas-de-temperatura\/","og_site_name":"Recambios EcoGas","article_publisher":"https:\/\/www.facebook.com\/profile.php?id=100062419705358","article_modified_time":"2026-03-26T11:07:03+00:00","og_image":[{"width":1000,"height":1000,"url":"https:\/\/recambiosecogas.com\/wp-content\/uploads\/2025\/02\/Truma-Cooler-C96-png.webp","type":"image\/png"}],"twitter_card":"summary_large_image","twitter_misc":{"Prezzo":"1.214,75&nbsp;&euro; (IVA incl.: 1.469,85&nbsp;&euro;)","Disponibilit\u00e0":"Su ordinazione"},"schema":{"@context":"https:\/\/schema.org","@graph":[{"@type":"WebPage","@id":"https:\/\/recambiosecogas.com\/it\/producto\/truma-cooler-c96-nevera-de-compresor-de-doble-zona-40l-55l-de-doble-zona-2-zonas-de-temperatura\/","url":"https:\/\/recambiosecogas.com\/it\/producto\/truma-cooler-c96-nevera-de-compresor-de-doble-zona-40l-55l-de-doble-zona-2-zonas-de-temperatura\/","name":"Truma Cooler C96 Nevera de Compresor Doble Zona | Recambios Ecogas","isPartOf":{"@id":"https:\/\/recambiosecogas.com\/it\/#website"},"primaryImageOfPage":{"@id":"https:\/\/recambiosecogas.com\/it\/producto\/truma-cooler-c96-nevera-de-compresor-de-doble-zona-40l-55l-de-doble-zona-2-zonas-de-temperatura\/#primaryimage"},"image":{"@id":"https:\/\/recambiosecogas.com\/it\/producto\/truma-cooler-c96-nevera-de-compresor-de-doble-zona-40l-55l-de-doble-zona-2-zonas-de-temperatura\/#primaryimage"},"thumbnailUrl":"https:\/\/recambiosecogas.com\/wp-content\/uploads\/2025\/02\/Truma-Cooler-C96-png.webp","datePublished":"2025-02-24T11:02:23+00:00","dateModified":"2026-03-26T11:07:03+00:00","description":"La Truma Cooler C96 es una nevera de compresor de doble zona, ideal para mantener alimentos y bebidas fr\u00edas en sistemas de Autogas. Capacidad de 95 litros.","breadcrumb":{"@id":"https:\/\/recambiosecogas.com\/it\/producto\/truma-cooler-c96-nevera-de-compresor-de-doble-zona-40l-55l-de-doble-zona-2-zonas-de-temperatura\/#breadcrumb"},"inLanguage":"it-IT","potentialAction":[{"@type":"ReadAction","target":["https:\/\/recambiosecogas.com\/it\/producto\/truma-cooler-c96-nevera-de-compresor-de-doble-zona-40l-55l-de-doble-zona-2-zonas-de-temperatura\/"]}]},{"@type":"ImageObject","inLanguage":"it-IT","@id":"https:\/\/recambiosecogas.com\/it\/producto\/truma-cooler-c96-nevera-de-compresor-de-doble-zona-40l-55l-de-doble-zona-2-zonas-de-temperatura\/#primaryimage","url":"https:\/\/recambiosecogas.com\/wp-content\/uploads\/2025\/02\/Truma-Cooler-C96-png.webp","contentUrl":"https:\/\/recambiosecogas.com\/wp-content\/uploads\/2025\/02\/Truma-Cooler-C96-png.webp","width":1000,"height":1000},{"@type":"BreadcrumbList","@id":"https:\/\/recambiosecogas.com\/it\/producto\/truma-cooler-c96-nevera-de-compresor-de-doble-zona-40l-55l-de-doble-zona-2-zonas-de-temperatura\/#breadcrumb","itemListElement":[{"@type":"ListItem","position":1,"name":"Portada","item":"https:\/\/recambiosecogas.com\/it\/"},{"@type":"ListItem","position":2,"name":"Negozio","item":"https:\/\/recambiosecogas.com\/it\/?page_id=46382"},{"@type":"ListItem","position":3,"name":"Truma Cooler C96 Nevera de compresor de doble zona (40l + 55l) de doble zona (2 zonas de temperatura)"}]},{"@type":"WebSite","@id":"https:\/\/recambiosecogas.com\/it\/#website","url":"https:\/\/recambiosecogas.com\/it\/","name":"Recambios EcoGas","description":"Recambios Multimarca para sistemas de GLP\/GNC\/GNL\/Hidr\u00f3geno","publisher":{"@id":"https:\/\/recambiosecogas.com\/it\/#organization"},"alternateName":"Recambios Autogas GLP","potentialAction":[{"@type":"SearchAction","target":{"@type":"EntryPoint","urlTemplate":"https:\/\/recambiosecogas.com\/it\/?s={search_term_string}"},"query-input":{"@type":"PropertyValueSpecification","valueRequired":true,"valueName":"search_term_string"}}],"inLanguage":"it-IT"},{"@type":["Organization","Place"],"@id":"https:\/\/recambiosecogas.com\/it\/#organization","name":"Recambios EcoGas","alternateName":"Tienda Online GLP Espa\u00f1a","url":"https:\/\/recambiosecogas.com\/it\/","logo":{"@id":"https:\/\/recambiosecogas.com\/it\/producto\/truma-cooler-c96-nevera-de-compresor-de-doble-zona-40l-55l-de-doble-zona-2-zonas-de-temperatura\/#local-main-organization-logo"},"image":{"@id":"https:\/\/recambiosecogas.com\/it\/producto\/truma-cooler-c96-nevera-de-compresor-de-doble-zona-40l-55l-de-doble-zona-2-zonas-de-temperatura\/#local-main-organization-logo"},"sameAs":["https:\/\/www.facebook.com\/profile.php?id=100062419705358","https:\/\/www.instagram.com\/segimon_automocio"],"description":"Recambios EcoGas \u2013 Venta y distribuci\u00f3n de sistemas GLP y GNC en Espa\u00f1a y Portugal. Env\u00edos 24 h, soporte t\u00e9cnico a talleres y distribuidores.","hasMerchantReturnPolicy":{"@type":"MerchantReturnPolicy","merchantReturnLink":"https:\/\/recambiosecogas.com\/politicas-privacidad\/"},"address":{"@id":"https:\/\/recambiosecogas.com\/it\/producto\/truma-cooler-c96-nevera-de-compresor-de-doble-zona-40l-55l-de-doble-zona-2-zonas-de-temperatura\/#local-main-place-address"},"telephone":["616250633"],"contactPoint":{"@type":"ContactPoint","email":"export@recambiosecogas.com"},"openingHoursSpecification":[{"@type":"OpeningHoursSpecification","dayOfWeek":["Monday","Tuesday","Wednesday","Thursday","Friday","Saturday","Sunday"],"opens":"09:00","closes":"17:00"}],"email":"info@recambiosecogas.com","faxNumber":"SEGIMON AUTOMOCION SL","vatID":"ESB19819861","globalLocationNumber":"938 616 339"},{"@type":"PostalAddress","@id":"https:\/\/recambiosecogas.com\/it\/producto\/truma-cooler-c96-nevera-de-compresor-de-doble-zona-40l-55l-de-doble-zona-2-zonas-de-temperatura\/#local-main-place-address","streetAddress":"cami antic de vic, 29 (Nave 3), Pol\u00edgono Industrial Congost","addressLocality":"CORRO D`AVALL","postalCode":"08520","addressRegion":"Barcelona","addressCountry":"ES"},{"@type":"ImageObject","inLanguage":"it-IT","@id":"https:\/\/recambiosecogas.com\/it\/producto\/truma-cooler-c96-nevera-de-compresor-de-doble-zona-40l-55l-de-doble-zona-2-zonas-de-temperatura\/#local-main-organization-logo","url":"https:\/\/recambiosecogas.com\/wp-content\/uploads\/2024\/11\/cropped-RECAMBIOS-GLP-png.webp","contentUrl":"https:\/\/recambiosecogas.com\/wp-content\/uploads\/2024\/11\/cropped-RECAMBIOS-GLP-png.webp","width":512,"height":512,"caption":"Recambios EcoGas"}]},"product_brand":"TRUMA","product_price_amount":"1214.75","product_price_currency":"EUR","og_availability":"backorder","product_availability":"available for order","product_retailer_item_id":"113689A","product_condition":"new","geo.placename":"CORRO D`AVALL","geo.region":"Spagna"},"uagb_featured_image_src":{"full":["https:\/\/recambiosecogas.com\/wp-content\/uploads\/2025\/02\/Truma-Cooler-C96-png.webp",1000,1000,false],"thumbnail":["https:\/\/recambiosecogas.com\/wp-content\/uploads\/2025\/02\/Truma-Cooler-C96-150x150.webp",150,150,true],"medium":["https:\/\/recambiosecogas.com\/wp-content\/uploads\/2025\/02\/Truma-Cooler-C96-300x300.webp",300,300,true],"medium_large":["https:\/\/recambiosecogas.com\/wp-content\/uploads\/2025\/02\/Truma-Cooler-C96-768x768.webp",768,768,true],"large":["https:\/\/recambiosecogas.com\/wp-content\/uploads\/2025\/02\/Truma-Cooler-C96-png.webp",1000,1000,false],"1536x1536":["https:\/\/recambiosecogas.com\/wp-content\/uploads\/2025\/02\/Truma-Cooler-C96-png.webp",1000,1000,false],"2048x2048":["https:\/\/recambiosecogas.com\/wp-content\/uploads\/2025\/02\/Truma-Cooler-C96-png.webp",1000,1000,false],"woocommerce_archive_thumbnail":["https:\/\/recambiosecogas.com\/wp-content\/uploads\/2025\/02\/Truma-Cooler-C96-png.webp",1000,1000,false],"woocommerce_thumbnail":["https:\/\/recambiosecogas.com\/wp-content\/uploads\/2025\/02\/Truma-Cooler-C96-300x300.webp",300,300,true],"woocommerce_single":["https:\/\/recambiosecogas.com\/wp-content\/uploads\/2025\/02\/Truma-Cooler-C96-png.webp",1000,1000,false],"woocommerce_gallery_thumbnail":["https:\/\/recambiosecogas.com\/wp-content\/uploads\/2025\/02\/Truma-Cooler-C96-png.webp",1000,1000,false],"dgwt-wcas-product-suggestion":["https:\/\/recambiosecogas.com\/wp-content\/uploads\/2025\/02\/Truma-Cooler-C96-64x64.webp",64,64,true]},"uagb_author_info":{"display_name":"Fran - Soporte T\u00e9cnico","author_link":"https:\/\/recambiosecogas.com\/it\/author\/"},"uagb_comment_info":0,"uagb_excerpt":"TRUMA","_links":{"self":[{"href":"https:\/\/recambiosecogas.com\/it\/wp-json\/wp\/v2\/product\/17973","targetHints":{"allow":["GET"]}}],"collection":[{"href":"https:\/\/recambiosecogas.com\/it\/wp-json\/wp\/v2\/product"}],"about":[{"href":"https:\/\/recambiosecogas.com\/it\/wp-json\/wp\/v2\/types\/product"}],"replies":[{"embeddable":true,"href":"https:\/\/recambiosecogas.com\/it\/wp-json\/wp\/v2\/comments?post=17973"}],"wp:featuredmedia":[{"embeddable":true,"href":"https:\/\/recambiosecogas.com\/it\/wp-json\/wp\/v2\/media\/18340"}],"wp:attachment":[{"href":"https:\/\/recambiosecogas.com\/it\/wp-json\/wp\/v2\/media?parent=17973"}],"wp:term":[{"taxonomy":"product_brand","embeddable":true,"href":"https:\/\/recambiosecogas.com\/it\/wp-json\/wp\/v2\/product_brand?post=17973"},{"taxonomy":"product_cat","embeddable":true,"href":"https:\/\/recambiosecogas.com\/it\/wp-json\/wp\/v2\/product_cat?post=17973"},{"taxonomy":"product_tag","embeddable":true,"href":"https:\/\/recambiosecogas.com\/it\/wp-json\/wp\/v2\/product_tag?post=17973"}],"curies":[{"name":"wp","href":"https:\/\/api.w.org\/{rel}","templated":true}]}}