{"id":17971,"date":"2025-02-24T12:02:21","date_gmt":"2025-02-24T11:02:21","guid":{"rendered":"https:\/\/recambiosecogas.com\/producto\/truma-cooler-c60-nevera-de-compresor-de-una-zona-59-litros-con-funcion-de-congelacion\/"},"modified":"2026-03-26T12:07:00","modified_gmt":"2026-03-26T11:07:00","slug":"truma-cooler-c60-nevera-de-compresor-de-una-zona-59-litros-con-funcion-de-congelacion","status":"publish","type":"product","link":"https:\/\/recambiosecogas.com\/it\/producto\/truma-cooler-c60-nevera-de-compresor-de-una-zona-59-litros-con-funcion-de-congelacion\/","title":{"rendered":"Truma Cooler C60 Nevera de compresor de una zona 59 litros con funci\u00f3n de congelaci\u00f3n"},"content":{"rendered":"<p>La\u00a0<strong>nevera de compresor Truma Cooler C60<\/strong>\u00a0es uno de los modelos Single Zone de Truma y permite\u00a0<strong>enfriar y congelar simult\u00e1neamente<\/strong>\u00a0cuando se est\u00e1 en movimiento.<\/p>\n<p>La nevera de compresor C60 ofrece\u00a0<strong>suficiente espacio<\/strong>\u00a0para botellas verticales y est\u00e1 equipada con\u00a0<strong>iluminaci\u00f3n interior LED<\/strong>.<\/p>\n<p>La refrigeraci\u00f3n de larga duraci\u00f3n est\u00e1 garantizada por la alimentaci\u00f3n a trav\u00e9s de la\u00a0<strong>bater\u00eda del coche<\/strong>, una\u00a0<strong>red el\u00e9ctrica de 230 V<\/strong>\u00a0o una\u00a0<strong>bater\u00eda port\u00e1til<\/strong>. La nevera de compresor tambi\u00e9n puede alimentarse a trav\u00e9s de un\u00a0<strong>m\u00f3dulo solar<\/strong>\u00a0o del\u00a0<strong>Battery Truma Cooler BatteryPack<\/strong>\u00a0asociado.<\/p>\n<p>Adem\u00e1s, la nevera de compresor cuenta con un\u00a0<strong>monitor de bater\u00eda integrado<\/strong>, mediante el cual la Truma Cooler C60 se desconecta autom\u00e1ticamente de la bater\u00eda del coche en cuanto hay riesgo de sobrecalentamiento.<\/p>\n<p><strong>Eficiente<\/strong>: bajo consumo de energ\u00eda gracias al aislamiento de alta calidad<\/p>\n<p><strong>Potente<\/strong>: refrigeraci\u00f3n fiable hasta -22 grados<\/p>\n<p><strong>Robusto:\u00a0<\/strong>especialmente seguro gracias a su construcci\u00f3n estable<\/p>\n<p><strong>Pr\u00e1ctico<\/strong>: Pantalla con indicaci\u00f3n de la temperatura ajustada\/real<\/p>\n<p><strong>Variable:\u00a0<\/strong>las inserciones de la cesta son extra\u00edbles y se subdividen de forma flexible<\/p>\n<p>A trav\u00e9s de la\u00a0<strong>pantalla digital<\/strong>\u00a0o de la\u00a0<strong>App Truma Cooler<\/strong>\u00a0gratuita, se puede ajustar directamente la temperatura deseada.<\/p>\n<p>Volumen \u00fatil\u00a0<strong>59 litros<\/strong><\/p>\n<p>Rango de refrigeraci\u00f3n\u00a0<strong>+10 \u00b0C a -22 \u00b0C<\/strong><\/p>\n<p>Peso\u00a0<strong>25,6 kg<\/strong><\/p>\n<p>Dimensiones (L x A x A)\u00a0<strong>732 x 456 x 488 mm<\/strong><\/p>\n<p>Dimensiones interiores (L x A x A)\u00a0<strong>578 x 327 x 379 mm<\/strong><\/p>\n<p>Consumo medio de energ\u00eda (tensi\u00f3n a bordo; 25\u00b0C de temperatura exterior; ajuste de temperatura 5\u00b0C)\u00a0<strong>0,7 A<\/strong><\/p>\n<p>La <strong>nevera de compresor Truma Cooler C60<\/strong> es un modelo de <strong>una zona<\/strong> que permite <strong>enfriar y congelar simult\u00e1neamente<\/strong> mientras se est\u00e1 en movimiento. Con un volumen \u00fatil de <strong>59 litros<\/strong>, esta nevera es ideal para viajes largos y actividades al aire libre.<\/p>\n<p>La C60 ofrece suficiente espacio para botellas verticales y est\u00e1 equipada con <strong>iluminaci\u00f3n interior LED<\/strong>. Su refrigeraci\u00f3n de larga duraci\u00f3n est\u00e1 garantizada por la alimentaci\u00f3n a trav\u00e9s de la <strong>bater\u00eda del coche<\/strong>, una <strong>red el\u00e9ctrica de 230 V<\/strong> o una <strong>bater\u00eda port\u00e1til<\/strong>. Adem\u00e1s, puede alimentarse mediante un <strong>m\u00f3dulo solar<\/strong> o el <strong>Battery Truma Cooler BatteryPack<\/strong> asociado, lo que la convierte en una opci\u00f3n vers\u00e1til para los usuarios de sistemas de Autogas.<\/p>\n<p>Este modelo cuenta con un <strong>monitor de bater\u00eda integrado<\/strong> que desconecta autom\u00e1ticamente la nevera de la bater\u00eda del coche en caso de riesgo de sobrecalentamiento, asegurando un uso seguro. Su dise\u00f1o eficiente permite un bajo consumo de energ\u00eda gracias al aislamiento de alta calidad, mientras que su potente rendimiento garantiza temperaturas de refrigeraci\u00f3n de hasta <strong>-22 grados<\/strong>.<\/p>\n<p>La nevera es robusta y segura, con una construcci\u00f3n estable que la hace ideal para el transporte. La pantalla digital permite ajustar la temperatura deseada f\u00e1cilmente, y las inserciones de la cesta son extra\u00edbles y se pueden subdividir de forma flexible, adapt\u00e1ndose a las necesidades del usuario.<\/p>\n<h4>Datos t\u00e9cnicos<\/h4>\n<p>Peso: <strong>25,6 kg<\/strong><br \/>Dimensiones (L x A x A): <strong>732 x 456 x 488 mm<\/strong><br \/>Dimensiones interiores (L x A x A): <strong>578 x 327 x 379 mm<\/strong><br \/>Consumo medio de energ\u00eda: <strong>0,7 A<\/strong> (tensi\u00f3n a bordo; 25\u00b0C de temperatura exterior; ajuste de temperatura 5\u00b0C)<\/p>\n<h4>S\u00edntomas de fallo<\/h4>\n<ul>\n<li>La nevera no enfr\u00eda adecuadamente<\/li>\n<li>Ruidos inusuales durante el funcionamiento<\/li>\n<li>Fugas de refrigerante<\/li>\n<li>Desconexiones frecuentes del sistema<\/li>\n<\/ul>\n<h4>Compatibilidad<\/h4>\n<p>Compatible con sistemas de Autogas y diversas configuraciones de veh\u00edculos. Se recomienda verificar la referencia original antes de realizar la compra.<\/p>\n","protected":false},"excerpt":{"rendered":"<p>TRUMA<\/p>\n","protected":false},"featured_media":17569,"comment_status":"open","ping_status":"closed","template":"","meta":{"googlesitekit_rrm_CAowud7EDA:productID":"","_uag_custom_page_level_css":""},"product_brand":[992],"product_cat":[641],"product_tag":[],"class_list":{"0":"post-17971","1":"product","2":"type-product","3":"status-publish","4":"has-post-thumbnail","6":"product_brand-truma","7":"product_cat-sistemas-de-refrigeracion-autocaravanas","9":"first","10":"onbackorder","11":"taxable","12":"shipping-taxable","13":"purchasable","14":"product-type-simple"},"ct_brands":[{"id":992,"name":"TRUMA","slug":"truma"}],"yoast_head":"<!-- This site is optimized with the Yoast SEO Premium plugin v27.4 (Yoast SEO v27.4) - https:\/\/yoast.com\/product\/yoast-seo-premium-wordpress\/ -->\n<title>Nevera de Compresor Truma Cooler C60 59L | Recambios Ecogas<\/title>\n<meta name=\"description\" content=\"Nevera de compresor Truma Cooler C60 de 59 litros con funci\u00f3n de congelaci\u00f3n, ideal para sistemas de Autogas, eficiente y robusta.\" \/>\n<meta name=\"robots\" content=\"index, follow, max-snippet:-1, max-image-preview:large, max-video-preview:-1\" \/>\n<link rel=\"canonical\" href=\"https:\/\/recambiosecogas.com\/it\/producto\/truma-cooler-c60-nevera-de-compresor-de-una-zona-59-litros-con-funcion-de-congelacion\/\" \/>\n<meta property=\"og:locale\" content=\"it_IT\" \/>\n<meta property=\"og:type\" content=\"article\" \/>\n<meta property=\"og:title\" content=\"Truma Cooler C60 Nevera de compresor de una zona 59 litros con funci\u00f3n de congelaci\u00f3n\" \/>\n<meta property=\"og:description\" content=\"Nevera de compresor Truma Cooler C60 de 59 litros con funci\u00f3n de congelaci\u00f3n, ideal para sistemas de Autogas, eficiente y robusta.\" \/>\n<meta property=\"og:url\" content=\"https:\/\/recambiosecogas.com\/it\/producto\/truma-cooler-c60-nevera-de-compresor-de-una-zona-59-litros-con-funcion-de-congelacion\/\" \/>\n<meta property=\"og:site_name\" content=\"Recambios EcoGas\" \/>\n<meta property=\"article:publisher\" content=\"https:\/\/www.facebook.com\/profile.php?id=100062419705358\" \/>\n<meta property=\"article:modified_time\" content=\"2026-03-26T11:07:00+00:00\" \/>\n<meta property=\"og:image\" content=\"https:\/\/recambiosecogas.com\/wp-content\/uploads\/2025\/02\/imagen-no-disponible-recambios-ecogas-png.webp\" \/>\n\t<meta property=\"og:image:width\" content=\"1000\" \/>\n\t<meta property=\"og:image:height\" content=\"1000\" \/>\n\t<meta property=\"og:image:type\" content=\"image\/png\" \/>\n<meta name=\"twitter:card\" content=\"summary_large_image\" \/>\n<meta name=\"twitter:label1\" content=\"Prezzo\" \/>\n\t<meta name=\"twitter:data1\" content=\"1.175,61&nbsp;&euro; (Sin IVA: 971,58&nbsp;&euro;)\" \/>\n\t<meta name=\"twitter:label2\" content=\"Disponibilit\u00e0\" \/>\n\t<meta name=\"twitter:data2\" content=\"Su ordinazione\" \/>\n<script type=\"application\/ld+json\" class=\"yoast-schema-graph\">{\"@context\":\"https:\\\/\\\/schema.org\",\"@graph\":[{\"@type\":\"WebPage\",\"@id\":\"https:\\\/\\\/recambiosecogas.com\\\/it\\\/producto\\\/truma-cooler-c60-nevera-de-compresor-de-una-zona-59-litros-con-funcion-de-congelacion\\\/\",\"url\":\"https:\\\/\\\/recambiosecogas.com\\\/it\\\/producto\\\/truma-cooler-c60-nevera-de-compresor-de-una-zona-59-litros-con-funcion-de-congelacion\\\/\",\"name\":\"Nevera de Compresor Truma Cooler C60 59L | Recambios Ecogas\",\"isPartOf\":{\"@id\":\"https:\\\/\\\/recambiosecogas.com\\\/it\\\/#website\"},\"primaryImageOfPage\":{\"@id\":\"https:\\\/\\\/recambiosecogas.com\\\/it\\\/producto\\\/truma-cooler-c60-nevera-de-compresor-de-una-zona-59-litros-con-funcion-de-congelacion\\\/#primaryimage\"},\"image\":{\"@id\":\"https:\\\/\\\/recambiosecogas.com\\\/it\\\/producto\\\/truma-cooler-c60-nevera-de-compresor-de-una-zona-59-litros-con-funcion-de-congelacion\\\/#primaryimage\"},\"thumbnailUrl\":\"https:\\\/\\\/recambiosecogas.com\\\/wp-content\\\/uploads\\\/2025\\\/02\\\/imagen-no-disponible-recambios-ecogas-png.webp\",\"datePublished\":\"2025-02-24T11:02:21+00:00\",\"dateModified\":\"2026-03-26T11:07:00+00:00\",\"description\":\"Nevera de compresor Truma Cooler C60 de 59 litros con funci\u00f3n de congelaci\u00f3n, ideal para sistemas de Autogas, eficiente y robusta.\",\"breadcrumb\":{\"@id\":\"https:\\\/\\\/recambiosecogas.com\\\/it\\\/producto\\\/truma-cooler-c60-nevera-de-compresor-de-una-zona-59-litros-con-funcion-de-congelacion\\\/#breadcrumb\"},\"inLanguage\":\"it-IT\",\"potentialAction\":[{\"@type\":\"ReadAction\",\"target\":[\"https:\\\/\\\/recambiosecogas.com\\\/it\\\/producto\\\/truma-cooler-c60-nevera-de-compresor-de-una-zona-59-litros-con-funcion-de-congelacion\\\/\"]}]},{\"@type\":\"ImageObject\",\"inLanguage\":\"it-IT\",\"@id\":\"https:\\\/\\\/recambiosecogas.com\\\/it\\\/producto\\\/truma-cooler-c60-nevera-de-compresor-de-una-zona-59-litros-con-funcion-de-congelacion\\\/#primaryimage\",\"url\":\"https:\\\/\\\/recambiosecogas.com\\\/wp-content\\\/uploads\\\/2025\\\/02\\\/imagen-no-disponible-recambios-ecogas-png.webp\",\"contentUrl\":\"https:\\\/\\\/recambiosecogas.com\\\/wp-content\\\/uploads\\\/2025\\\/02\\\/imagen-no-disponible-recambios-ecogas-png.webp\",\"width\":1000,\"height\":1000},{\"@type\":\"BreadcrumbList\",\"@id\":\"https:\\\/\\\/recambiosecogas.com\\\/it\\\/producto\\\/truma-cooler-c60-nevera-de-compresor-de-una-zona-59-litros-con-funcion-de-congelacion\\\/#breadcrumb\",\"itemListElement\":[{\"@type\":\"ListItem\",\"position\":1,\"name\":\"Portada\",\"item\":\"https:\\\/\\\/recambiosecogas.com\\\/it\\\/\"},{\"@type\":\"ListItem\",\"position\":2,\"name\":\"Negozio\",\"item\":\"https:\\\/\\\/recambiosecogas.com\\\/it\\\/?page_id=46382\"},{\"@type\":\"ListItem\",\"position\":3,\"name\":\"Truma Cooler C60 Nevera de compresor de una zona 59 litros con funci\u00f3n de congelaci\u00f3n\"}]},{\"@type\":\"WebSite\",\"@id\":\"https:\\\/\\\/recambiosecogas.com\\\/it\\\/#website\",\"url\":\"https:\\\/\\\/recambiosecogas.com\\\/it\\\/\",\"name\":\"Recambios EcoGas\",\"description\":\"Recambios Multimarca para sistemas de GLP\\\/GNC\\\/GNL\\\/Hidr\u00f3geno\",\"publisher\":{\"@id\":\"https:\\\/\\\/recambiosecogas.com\\\/it\\\/#organization\"},\"alternateName\":\"Recambios Autogas GLP\",\"potentialAction\":[{\"@type\":\"SearchAction\",\"target\":{\"@type\":\"EntryPoint\",\"urlTemplate\":\"https:\\\/\\\/recambiosecogas.com\\\/it\\\/?s={search_term_string}\"},\"query-input\":{\"@type\":\"PropertyValueSpecification\",\"valueRequired\":true,\"valueName\":\"search_term_string\"}}],\"inLanguage\":\"it-IT\"},{\"@type\":[\"Organization\",\"Place\"],\"@id\":\"https:\\\/\\\/recambiosecogas.com\\\/it\\\/#organization\",\"name\":\"Recambios EcoGas\",\"alternateName\":\"Tienda Online GLP Espa\u00f1a\",\"url\":\"https:\\\/\\\/recambiosecogas.com\\\/it\\\/\",\"logo\":{\"@id\":\"https:\\\/\\\/recambiosecogas.com\\\/it\\\/producto\\\/truma-cooler-c60-nevera-de-compresor-de-una-zona-59-litros-con-funcion-de-congelacion\\\/#local-main-organization-logo\"},\"image\":{\"@id\":\"https:\\\/\\\/recambiosecogas.com\\\/it\\\/producto\\\/truma-cooler-c60-nevera-de-compresor-de-una-zona-59-litros-con-funcion-de-congelacion\\\/#local-main-organization-logo\"},\"sameAs\":[\"https:\\\/\\\/www.facebook.com\\\/profile.php?id=100062419705358\",\"https:\\\/\\\/www.instagram.com\\\/segimon_automocio\"],\"description\":\"Recambios EcoGas \u2013 Venta y distribuci\u00f3n de sistemas GLP y GNC en Espa\u00f1a y Portugal. Env\u00edos 24 h, soporte t\u00e9cnico a talleres y distribuidores.\",\"hasMerchantReturnPolicy\":{\"@type\":\"MerchantReturnPolicy\",\"merchantReturnLink\":\"https:\\\/\\\/recambiosecogas.com\\\/politicas-privacidad\\\/\"},\"address\":{\"@id\":\"https:\\\/\\\/recambiosecogas.com\\\/it\\\/producto\\\/truma-cooler-c60-nevera-de-compresor-de-una-zona-59-litros-con-funcion-de-congelacion\\\/#local-main-place-address\"},\"telephone\":[\"616250633\"],\"contactPoint\":{\"@type\":\"ContactPoint\",\"email\":\"export@recambiosecogas.com\"},\"openingHoursSpecification\":[{\"@type\":\"OpeningHoursSpecification\",\"dayOfWeek\":[\"Monday\",\"Tuesday\",\"Wednesday\",\"Thursday\",\"Friday\",\"Saturday\",\"Sunday\"],\"opens\":\"09:00\",\"closes\":\"17:00\"}],\"email\":\"info@recambiosecogas.com\",\"faxNumber\":\"SEGIMON AUTOMOCION SL\",\"vatID\":\"ESB19819861\",\"globalLocationNumber\":\"938 616 339\"},{\"@type\":\"PostalAddress\",\"@id\":\"https:\\\/\\\/recambiosecogas.com\\\/it\\\/producto\\\/truma-cooler-c60-nevera-de-compresor-de-una-zona-59-litros-con-funcion-de-congelacion\\\/#local-main-place-address\",\"streetAddress\":\"cami antic de vic, 29 (Nave 3), Pol\u00edgono Industrial Congost\",\"addressLocality\":\"CORRO D`AVALL\",\"postalCode\":\"08520\",\"addressRegion\":\"Barcelona\",\"addressCountry\":\"ES\"},{\"@type\":\"ImageObject\",\"inLanguage\":\"it-IT\",\"@id\":\"https:\\\/\\\/recambiosecogas.com\\\/it\\\/producto\\\/truma-cooler-c60-nevera-de-compresor-de-una-zona-59-litros-con-funcion-de-congelacion\\\/#local-main-organization-logo\",\"url\":\"https:\\\/\\\/recambiosecogas.com\\\/wp-content\\\/uploads\\\/2024\\\/11\\\/cropped-RECAMBIOS-GLP-png.webp\",\"contentUrl\":\"https:\\\/\\\/recambiosecogas.com\\\/wp-content\\\/uploads\\\/2024\\\/11\\\/cropped-RECAMBIOS-GLP-png.webp\",\"width\":512,\"height\":512,\"caption\":\"Recambios EcoGas\"}]}<\/script>\n<meta property=\"product:brand\" content=\"TRUMA\" \/>\n<meta property=\"product:price:amount\" content=\"1175.61\" \/>\n<meta property=\"product:price:currency\" content=\"EUR\" \/>\n<meta property=\"og:availability\" content=\"backorder\" \/>\n<meta property=\"product:availability\" content=\"available for order\" \/>\n<meta property=\"product:retailer_item_id\" content=\"113693A\" \/>\n<meta property=\"product:condition\" content=\"new\" \/>\n<meta name=\"geo.placename\" content=\"CORRO D`AVALL\" \/>\n<meta name=\"geo.region\" content=\"Spagna\" \/>\n<!-- \/ Yoast SEO Premium plugin. -->","yoast_head_json":{"title":"Nevera de Compresor Truma Cooler C60 59L | Recambios Ecogas","description":"Nevera de compresor Truma Cooler C60 de 59 litros con funci\u00f3n de congelaci\u00f3n, ideal para sistemas de Autogas, eficiente y robusta.","robots":{"index":"index","follow":"follow","max-snippet":"max-snippet:-1","max-image-preview":"max-image-preview:large","max-video-preview":"max-video-preview:-1"},"canonical":"https:\/\/recambiosecogas.com\/it\/producto\/truma-cooler-c60-nevera-de-compresor-de-una-zona-59-litros-con-funcion-de-congelacion\/","og_locale":"it_IT","og_type":"article","og_title":"Truma Cooler C60 Nevera de compresor de una zona 59 litros con funci\u00f3n de congelaci\u00f3n","og_description":"Nevera de compresor Truma Cooler C60 de 59 litros con funci\u00f3n de congelaci\u00f3n, ideal para sistemas de Autogas, eficiente y robusta.","og_url":"https:\/\/recambiosecogas.com\/it\/producto\/truma-cooler-c60-nevera-de-compresor-de-una-zona-59-litros-con-funcion-de-congelacion\/","og_site_name":"Recambios EcoGas","article_publisher":"https:\/\/www.facebook.com\/profile.php?id=100062419705358","article_modified_time":"2026-03-26T11:07:00+00:00","og_image":[{"width":1000,"height":1000,"url":"https:\/\/recambiosecogas.com\/wp-content\/uploads\/2025\/02\/imagen-no-disponible-recambios-ecogas-png.webp","type":"image\/png"}],"twitter_card":"summary_large_image","twitter_misc":{"Prezzo":"1.175,61&nbsp;&euro; (Sin IVA: 971,58&nbsp;&euro;)","Disponibilit\u00e0":"Su ordinazione"},"schema":{"@context":"https:\/\/schema.org","@graph":[{"@type":"WebPage","@id":"https:\/\/recambiosecogas.com\/it\/producto\/truma-cooler-c60-nevera-de-compresor-de-una-zona-59-litros-con-funcion-de-congelacion\/","url":"https:\/\/recambiosecogas.com\/it\/producto\/truma-cooler-c60-nevera-de-compresor-de-una-zona-59-litros-con-funcion-de-congelacion\/","name":"Nevera de Compresor Truma Cooler C60 59L | Recambios Ecogas","isPartOf":{"@id":"https:\/\/recambiosecogas.com\/it\/#website"},"primaryImageOfPage":{"@id":"https:\/\/recambiosecogas.com\/it\/producto\/truma-cooler-c60-nevera-de-compresor-de-una-zona-59-litros-con-funcion-de-congelacion\/#primaryimage"},"image":{"@id":"https:\/\/recambiosecogas.com\/it\/producto\/truma-cooler-c60-nevera-de-compresor-de-una-zona-59-litros-con-funcion-de-congelacion\/#primaryimage"},"thumbnailUrl":"https:\/\/recambiosecogas.com\/wp-content\/uploads\/2025\/02\/imagen-no-disponible-recambios-ecogas-png.webp","datePublished":"2025-02-24T11:02:21+00:00","dateModified":"2026-03-26T11:07:00+00:00","description":"Nevera de compresor Truma Cooler C60 de 59 litros con funci\u00f3n de congelaci\u00f3n, ideal para sistemas de Autogas, eficiente y robusta.","breadcrumb":{"@id":"https:\/\/recambiosecogas.com\/it\/producto\/truma-cooler-c60-nevera-de-compresor-de-una-zona-59-litros-con-funcion-de-congelacion\/#breadcrumb"},"inLanguage":"it-IT","potentialAction":[{"@type":"ReadAction","target":["https:\/\/recambiosecogas.com\/it\/producto\/truma-cooler-c60-nevera-de-compresor-de-una-zona-59-litros-con-funcion-de-congelacion\/"]}]},{"@type":"ImageObject","inLanguage":"it-IT","@id":"https:\/\/recambiosecogas.com\/it\/producto\/truma-cooler-c60-nevera-de-compresor-de-una-zona-59-litros-con-funcion-de-congelacion\/#primaryimage","url":"https:\/\/recambiosecogas.com\/wp-content\/uploads\/2025\/02\/imagen-no-disponible-recambios-ecogas-png.webp","contentUrl":"https:\/\/recambiosecogas.com\/wp-content\/uploads\/2025\/02\/imagen-no-disponible-recambios-ecogas-png.webp","width":1000,"height":1000},{"@type":"BreadcrumbList","@id":"https:\/\/recambiosecogas.com\/it\/producto\/truma-cooler-c60-nevera-de-compresor-de-una-zona-59-litros-con-funcion-de-congelacion\/#breadcrumb","itemListElement":[{"@type":"ListItem","position":1,"name":"Portada","item":"https:\/\/recambiosecogas.com\/it\/"},{"@type":"ListItem","position":2,"name":"Negozio","item":"https:\/\/recambiosecogas.com\/it\/?page_id=46382"},{"@type":"ListItem","position":3,"name":"Truma Cooler C60 Nevera de compresor de una zona 59 litros con funci\u00f3n de congelaci\u00f3n"}]},{"@type":"WebSite","@id":"https:\/\/recambiosecogas.com\/it\/#website","url":"https:\/\/recambiosecogas.com\/it\/","name":"Recambios EcoGas","description":"Recambios Multimarca para sistemas de GLP\/GNC\/GNL\/Hidr\u00f3geno","publisher":{"@id":"https:\/\/recambiosecogas.com\/it\/#organization"},"alternateName":"Recambios Autogas GLP","potentialAction":[{"@type":"SearchAction","target":{"@type":"EntryPoint","urlTemplate":"https:\/\/recambiosecogas.com\/it\/?s={search_term_string}"},"query-input":{"@type":"PropertyValueSpecification","valueRequired":true,"valueName":"search_term_string"}}],"inLanguage":"it-IT"},{"@type":["Organization","Place"],"@id":"https:\/\/recambiosecogas.com\/it\/#organization","name":"Recambios EcoGas","alternateName":"Tienda Online GLP Espa\u00f1a","url":"https:\/\/recambiosecogas.com\/it\/","logo":{"@id":"https:\/\/recambiosecogas.com\/it\/producto\/truma-cooler-c60-nevera-de-compresor-de-una-zona-59-litros-con-funcion-de-congelacion\/#local-main-organization-logo"},"image":{"@id":"https:\/\/recambiosecogas.com\/it\/producto\/truma-cooler-c60-nevera-de-compresor-de-una-zona-59-litros-con-funcion-de-congelacion\/#local-main-organization-logo"},"sameAs":["https:\/\/www.facebook.com\/profile.php?id=100062419705358","https:\/\/www.instagram.com\/segimon_automocio"],"description":"Recambios EcoGas \u2013 Venta y distribuci\u00f3n de sistemas GLP y GNC en Espa\u00f1a y Portugal. Env\u00edos 24 h, soporte t\u00e9cnico a talleres y distribuidores.","hasMerchantReturnPolicy":{"@type":"MerchantReturnPolicy","merchantReturnLink":"https:\/\/recambiosecogas.com\/politicas-privacidad\/"},"address":{"@id":"https:\/\/recambiosecogas.com\/it\/producto\/truma-cooler-c60-nevera-de-compresor-de-una-zona-59-litros-con-funcion-de-congelacion\/#local-main-place-address"},"telephone":["616250633"],"contactPoint":{"@type":"ContactPoint","email":"export@recambiosecogas.com"},"openingHoursSpecification":[{"@type":"OpeningHoursSpecification","dayOfWeek":["Monday","Tuesday","Wednesday","Thursday","Friday","Saturday","Sunday"],"opens":"09:00","closes":"17:00"}],"email":"info@recambiosecogas.com","faxNumber":"SEGIMON AUTOMOCION SL","vatID":"ESB19819861","globalLocationNumber":"938 616 339"},{"@type":"PostalAddress","@id":"https:\/\/recambiosecogas.com\/it\/producto\/truma-cooler-c60-nevera-de-compresor-de-una-zona-59-litros-con-funcion-de-congelacion\/#local-main-place-address","streetAddress":"cami antic de vic, 29 (Nave 3), Pol\u00edgono Industrial Congost","addressLocality":"CORRO D`AVALL","postalCode":"08520","addressRegion":"Barcelona","addressCountry":"ES"},{"@type":"ImageObject","inLanguage":"it-IT","@id":"https:\/\/recambiosecogas.com\/it\/producto\/truma-cooler-c60-nevera-de-compresor-de-una-zona-59-litros-con-funcion-de-congelacion\/#local-main-organization-logo","url":"https:\/\/recambiosecogas.com\/wp-content\/uploads\/2024\/11\/cropped-RECAMBIOS-GLP-png.webp","contentUrl":"https:\/\/recambiosecogas.com\/wp-content\/uploads\/2024\/11\/cropped-RECAMBIOS-GLP-png.webp","width":512,"height":512,"caption":"Recambios EcoGas"}]},"product_brand":"TRUMA","product_price_amount":"1175.61","product_price_currency":"EUR","og_availability":"backorder","product_availability":"available for order","product_retailer_item_id":"113693A","product_condition":"new","geo.placename":"CORRO D`AVALL","geo.region":"Spagna"},"uagb_featured_image_src":{"full":["https:\/\/recambiosecogas.com\/wp-content\/uploads\/2025\/02\/imagen-no-disponible-recambios-ecogas-png.webp",1000,1000,false],"thumbnail":["https:\/\/recambiosecogas.com\/wp-content\/uploads\/2025\/02\/imagen-no-disponible-recambios-ecogas-150x150.webp",150,150,true],"medium":["https:\/\/recambiosecogas.com\/wp-content\/uploads\/2025\/02\/imagen-no-disponible-recambios-ecogas-300x300.webp",300,300,true],"medium_large":["https:\/\/recambiosecogas.com\/wp-content\/uploads\/2025\/02\/imagen-no-disponible-recambios-ecogas-768x768.webp",768,768,true],"large":["https:\/\/recambiosecogas.com\/wp-content\/uploads\/2025\/02\/imagen-no-disponible-recambios-ecogas-png.webp",1000,1000,false],"1536x1536":["https:\/\/recambiosecogas.com\/wp-content\/uploads\/2025\/02\/imagen-no-disponible-recambios-ecogas-png.webp",1000,1000,false],"2048x2048":["https:\/\/recambiosecogas.com\/wp-content\/uploads\/2025\/02\/imagen-no-disponible-recambios-ecogas-png.webp",1000,1000,false],"woocommerce_archive_thumbnail":["https:\/\/recambiosecogas.com\/wp-content\/uploads\/2025\/02\/imagen-no-disponible-recambios-ecogas-png.webp",1000,1000,false],"woocommerce_thumbnail":["https:\/\/recambiosecogas.com\/wp-content\/uploads\/2025\/02\/imagen-no-disponible-recambios-ecogas-300x300.webp",300,300,true],"woocommerce_single":["https:\/\/recambiosecogas.com\/wp-content\/uploads\/2025\/02\/imagen-no-disponible-recambios-ecogas-png.webp",1000,1000,false],"woocommerce_gallery_thumbnail":["https:\/\/recambiosecogas.com\/wp-content\/uploads\/2025\/02\/imagen-no-disponible-recambios-ecogas-png.webp",1000,1000,false],"dgwt-wcas-product-suggestion":["https:\/\/recambiosecogas.com\/wp-content\/uploads\/2025\/02\/imagen-no-disponible-recambios-ecogas-64x64.webp",64,64,true]},"uagb_author_info":{"display_name":"Fran - Soporte T\u00e9cnico","author_link":"https:\/\/recambiosecogas.com\/it\/author\/"},"uagb_comment_info":0,"uagb_excerpt":"TRUMA","_links":{"self":[{"href":"https:\/\/recambiosecogas.com\/it\/wp-json\/wp\/v2\/product\/17971","targetHints":{"allow":["GET"]}}],"collection":[{"href":"https:\/\/recambiosecogas.com\/it\/wp-json\/wp\/v2\/product"}],"about":[{"href":"https:\/\/recambiosecogas.com\/it\/wp-json\/wp\/v2\/types\/product"}],"replies":[{"embeddable":true,"href":"https:\/\/recambiosecogas.com\/it\/wp-json\/wp\/v2\/comments?post=17971"}],"wp:featuredmedia":[{"embeddable":true,"href":"https:\/\/recambiosecogas.com\/it\/wp-json\/wp\/v2\/media\/17569"}],"wp:attachment":[{"href":"https:\/\/recambiosecogas.com\/it\/wp-json\/wp\/v2\/media?parent=17971"}],"wp:term":[{"taxonomy":"product_brand","embeddable":true,"href":"https:\/\/recambiosecogas.com\/it\/wp-json\/wp\/v2\/product_brand?post=17971"},{"taxonomy":"product_cat","embeddable":true,"href":"https:\/\/recambiosecogas.com\/it\/wp-json\/wp\/v2\/product_cat?post=17971"},{"taxonomy":"product_tag","embeddable":true,"href":"https:\/\/recambiosecogas.com\/it\/wp-json\/wp\/v2\/product_tag?post=17971"}],"curies":[{"name":"wp","href":"https:\/\/api.w.org\/{rel}","templated":true}]}}