{"id":17970,"date":"2025-02-24T12:02:21","date_gmt":"2025-02-24T11:02:21","guid":{"rendered":"https:\/\/recambiosecogas.com\/producto\/truma-cooler-c44-nevera-de-compresor-de-una-zona-43-litros-con-funcion-de-congelacion\/"},"modified":"2026-03-26T12:06:57","modified_gmt":"2026-03-26T11:06:57","slug":"truma-cooler-c44-nevera-de-compresor-de-una-zona-43-litros-con-funcion-de-congelacion","status":"publish","type":"product","link":"https:\/\/recambiosecogas.com\/it\/producto\/truma-cooler-c44-nevera-de-compresor-de-una-zona-43-litros-con-funcion-de-congelacion\/","title":{"rendered":"Truma Cooler C44 Nevera de compresor de una zona 43 litros con funci\u00f3n de congelaci\u00f3n"},"content":{"rendered":"<p>La nevera de compresor Truma Cooler C44 es uno de los modelos Single Zone de Truma y permite enfriar y congelar simult\u00e1neamente cuando se est\u00e1 en movimiento.<\/p>\n<p>La nevera de compresor C44 ofrece suficiente espacio para botellas verticales y est\u00e1 equipada con iluminaci\u00f3n interior LED.<\/p>\n<p>La refrigeraci\u00f3n de larga duraci\u00f3n est\u00e1 garantizada por la alimentaci\u00f3n a trav\u00e9s de la bater\u00eda del coche, una red el\u00e9ctrica de 230 V o una bater\u00eda port\u00e1til. La nevera de compresor tambi\u00e9n puede alimentarse a trav\u00e9s de un m\u00f3dulo solar o del Battery Truma Cooler BatteryPack asociado.<\/p>\n<p>Adem\u00e1s, la nevera de compresor cuenta con un monitor de bater\u00eda integrado, que desconecta autom\u00e1ticamente la Truma Cooler C44 de la bater\u00eda del coche en cuanto hay riesgo de sobrecalentamiento.<\/p>\n<p>Eficiente: bajo consumo de energ\u00eda gracias al aislamiento de alta calidad<\/p>\n<p>Potente: refrigeraci\u00f3n fiable hasta -22 grados<\/p>\n<p>Robusto: especialmente seguro gracias a su construcci\u00f3n estable<\/p>\n<p>Pr\u00e1ctico: Pantalla con indicaci\u00f3n de la temperatura ajustada\/real<\/p>\n<p>Variable: las inserciones de la cesta son extra\u00edbles y se subdividen de forma flexible<\/p>\n<p>A trav\u00e9s de la pantalla digital o de la App Truma Cooler gratuita, se puede ajustar directamente la temperatura deseada.<\/p>\n<p>Volumen \u00fatil 43 litros<\/p>\n<p>Rango de refrigeraci\u00f3n +10 \u00b0C a -22 \u00b0C<\/p>\n<p>Peso 23,4 kg<\/p>\n<p>Dimensiones (L x A x A) 652 x 412 x 488 mm<\/p>\n<p>Dimensiones interiores (L x A x A) 479 x 288 x 323 mm<\/p>\n<p>Consumo medio de energ\u00eda (tensi\u00f3n a bordo; 25\u00b0C de temperatura exterior; ajuste de temperatura 5\u00b0C) 0,6 A<\/p>\n<p>La <strong>Truma Cooler C44<\/strong> es una nevera de compresor de <strong>43 litros<\/strong> dise\u00f1ada para ofrecer un rendimiento excepcional en sistemas de <strong>Autogas<\/strong>. Este modelo permite enfriar y congelar simult\u00e1neamente, lo que la convierte en una opci\u00f3n ideal para viajes y actividades al aire libre.<\/p>\n<p>La nevera de compresor C44 garantiza una refrigeraci\u00f3n eficiente gracias a su capacidad de funcionamiento a trav\u00e9s de la bater\u00eda del coche, una red el\u00e9ctrica de <strong>230 V<\/strong>, o incluso mediante un m\u00f3dulo solar o el Battery Truma Cooler BatteryPack. Su dise\u00f1o robusto y estable asegura que el contenido se mantenga seguro y fresco, incluso en condiciones de movimiento.<\/p>\n<p>El monitor de bater\u00eda integrado desconecta autom\u00e1ticamente la Truma Cooler C44 de la bater\u00eda del coche en caso de riesgo de sobrecalentamiento, protegiendo as\u00ed el sistema el\u00e9ctrico del veh\u00edculo. Adem\u00e1s, su bajo consumo energ\u00e9tico se debe a un aislamiento de alta calidad, lo que la hace a\u00fan m\u00e1s eficiente.<\/p>\n<p>Con un rango de refrigeraci\u00f3n que va de <strong>+10 \u00b0C a -22 \u00b0C<\/strong>, esta nevera es capaz de mantener la temperatura deseada en diversas condiciones. La pantalla digital permite ajustar la temperatura de manera sencilla, y las inserciones de la cesta son extra\u00edbles, lo que facilita la organizaci\u00f3n del espacio interior.<\/p>\n<h4>Datos t\u00e9cnicos<\/h4>\n<p>Volumen \u00fatil: <strong>43 litros<\/strong><br \/>Rango de refrigeraci\u00f3n: <strong>+10 \u00b0C a -22 \u00b0C<\/strong><br \/>Peso: <strong>23,4 kg<\/strong><br \/>Dimensiones (L x A x A): <strong>652 x 412 x 488 mm<\/strong><br \/>Dimensiones interiores (L x A x A): <strong>479 x 288 x 323 mm<\/strong><br \/>Consumo medio de energ\u00eda: <strong>0,6 A<\/strong> (tensi\u00f3n a bordo; 25\u00b0C de temperatura exterior; ajuste de temperatura 5\u00b0C)<\/p>\n<p>La Truma Cooler C44 es la soluci\u00f3n perfecta para quienes buscan una nevera de compresor confiable y eficiente para sus aventuras en Autogas. Se recomienda verificar la referencia original antes de realizar la compra.<\/p>\n","protected":false},"excerpt":{"rendered":"<p>TRUMA<\/p>\n","protected":false},"featured_media":18344,"comment_status":"open","ping_status":"closed","template":"","meta":{"googlesitekit_rrm_CAowud7EDA:productID":"","_uag_custom_page_level_css":""},"product_brand":[992],"product_cat":[641],"product_tag":[],"class_list":{"0":"post-17970","1":"product","2":"type-product","3":"status-publish","4":"has-post-thumbnail","6":"product_brand-truma","7":"product_cat-sistemas-de-refrigeracion-autocaravanas","9":"first","10":"onbackorder","11":"taxable","12":"shipping-taxable","13":"purchasable","14":"product-type-simple"},"ct_brands":[{"id":992,"name":"TRUMA","slug":"truma"}],"yoast_head":"<!-- This site is optimized with the Yoast SEO Premium plugin v27.4 (Yoast SEO v27.4) - https:\/\/yoast.com\/product\/yoast-seo-premium-wordpress\/ -->\n<title>Truma Cooler C44 Nevera de Compresor 43L | Recambios Ecogas<\/title>\n<meta name=\"description\" content=\"La Truma Cooler C44 es una nevera de compresor de 43 litros, ideal para Autogas, con funci\u00f3n de congelaci\u00f3n y bajo consumo energ\u00e9tico.\" \/>\n<meta name=\"robots\" content=\"index, follow, max-snippet:-1, max-image-preview:large, max-video-preview:-1\" \/>\n<link rel=\"canonical\" href=\"https:\/\/recambiosecogas.com\/it\/producto\/truma-cooler-c44-nevera-de-compresor-de-una-zona-43-litros-con-funcion-de-congelacion\/\" \/>\n<meta property=\"og:locale\" content=\"it_IT\" \/>\n<meta property=\"og:type\" content=\"article\" \/>\n<meta property=\"og:title\" content=\"Truma Cooler C44 Nevera de compresor de una zona 43 litros con funci\u00f3n de congelaci\u00f3n\" \/>\n<meta property=\"og:description\" content=\"La Truma Cooler C44 es una nevera de compresor de 43 litros, ideal para Autogas, con funci\u00f3n de congelaci\u00f3n y bajo consumo energ\u00e9tico.\" \/>\n<meta property=\"og:url\" content=\"https:\/\/recambiosecogas.com\/it\/producto\/truma-cooler-c44-nevera-de-compresor-de-una-zona-43-litros-con-funcion-de-congelacion\/\" \/>\n<meta property=\"og:site_name\" content=\"Recambios EcoGas\" \/>\n<meta property=\"article:publisher\" content=\"https:\/\/www.facebook.com\/profile.php?id=100062419705358\" \/>\n<meta property=\"article:modified_time\" content=\"2026-03-26T11:06:57+00:00\" \/>\n<meta property=\"og:image\" content=\"https:\/\/recambiosecogas.com\/wp-content\/uploads\/2025\/02\/Truma-Cooler-C44-png.webp\" \/>\n\t<meta property=\"og:image:width\" content=\"1000\" \/>\n\t<meta property=\"og:image:height\" content=\"1000\" \/>\n\t<meta property=\"og:image:type\" content=\"image\/png\" \/>\n<meta name=\"twitter:card\" content=\"summary_large_image\" \/>\n<meta name=\"twitter:label1\" content=\"Prezzo\" \/>\n\t<meta name=\"twitter:data1\" content=\"883,18&nbsp;&euro; (IVA incl.: 1.068,65&nbsp;&euro;)\" \/>\n\t<meta name=\"twitter:label2\" content=\"Disponibilit\u00e0\" \/>\n\t<meta name=\"twitter:data2\" content=\"Su ordinazione\" \/>\n<script type=\"application\/ld+json\" class=\"yoast-schema-graph\">{\"@context\":\"https:\\\/\\\/schema.org\",\"@graph\":[{\"@type\":\"WebPage\",\"@id\":\"https:\\\/\\\/recambiosecogas.com\\\/it\\\/producto\\\/truma-cooler-c44-nevera-de-compresor-de-una-zona-43-litros-con-funcion-de-congelacion\\\/\",\"url\":\"https:\\\/\\\/recambiosecogas.com\\\/it\\\/producto\\\/truma-cooler-c44-nevera-de-compresor-de-una-zona-43-litros-con-funcion-de-congelacion\\\/\",\"name\":\"Truma Cooler C44 Nevera de Compresor 43L | Recambios Ecogas\",\"isPartOf\":{\"@id\":\"https:\\\/\\\/recambiosecogas.com\\\/it\\\/#website\"},\"primaryImageOfPage\":{\"@id\":\"https:\\\/\\\/recambiosecogas.com\\\/it\\\/producto\\\/truma-cooler-c44-nevera-de-compresor-de-una-zona-43-litros-con-funcion-de-congelacion\\\/#primaryimage\"},\"image\":{\"@id\":\"https:\\\/\\\/recambiosecogas.com\\\/it\\\/producto\\\/truma-cooler-c44-nevera-de-compresor-de-una-zona-43-litros-con-funcion-de-congelacion\\\/#primaryimage\"},\"thumbnailUrl\":\"https:\\\/\\\/recambiosecogas.com\\\/wp-content\\\/uploads\\\/2025\\\/02\\\/Truma-Cooler-C44-png.webp\",\"datePublished\":\"2025-02-24T11:02:21+00:00\",\"dateModified\":\"2026-03-26T11:06:57+00:00\",\"description\":\"La Truma Cooler C44 es una nevera de compresor de 43 litros, ideal para Autogas, con funci\u00f3n de congelaci\u00f3n y bajo consumo energ\u00e9tico.\",\"breadcrumb\":{\"@id\":\"https:\\\/\\\/recambiosecogas.com\\\/it\\\/producto\\\/truma-cooler-c44-nevera-de-compresor-de-una-zona-43-litros-con-funcion-de-congelacion\\\/#breadcrumb\"},\"inLanguage\":\"it-IT\",\"potentialAction\":[{\"@type\":\"ReadAction\",\"target\":[\"https:\\\/\\\/recambiosecogas.com\\\/it\\\/producto\\\/truma-cooler-c44-nevera-de-compresor-de-una-zona-43-litros-con-funcion-de-congelacion\\\/\"]}]},{\"@type\":\"ImageObject\",\"inLanguage\":\"it-IT\",\"@id\":\"https:\\\/\\\/recambiosecogas.com\\\/it\\\/producto\\\/truma-cooler-c44-nevera-de-compresor-de-una-zona-43-litros-con-funcion-de-congelacion\\\/#primaryimage\",\"url\":\"https:\\\/\\\/recambiosecogas.com\\\/wp-content\\\/uploads\\\/2025\\\/02\\\/Truma-Cooler-C44-png.webp\",\"contentUrl\":\"https:\\\/\\\/recambiosecogas.com\\\/wp-content\\\/uploads\\\/2025\\\/02\\\/Truma-Cooler-C44-png.webp\",\"width\":1000,\"height\":1000},{\"@type\":\"BreadcrumbList\",\"@id\":\"https:\\\/\\\/recambiosecogas.com\\\/it\\\/producto\\\/truma-cooler-c44-nevera-de-compresor-de-una-zona-43-litros-con-funcion-de-congelacion\\\/#breadcrumb\",\"itemListElement\":[{\"@type\":\"ListItem\",\"position\":1,\"name\":\"Portada\",\"item\":\"https:\\\/\\\/recambiosecogas.com\\\/it\\\/\"},{\"@type\":\"ListItem\",\"position\":2,\"name\":\"Negozio\",\"item\":\"https:\\\/\\\/recambiosecogas.com\\\/it\\\/?page_id=46382\"},{\"@type\":\"ListItem\",\"position\":3,\"name\":\"Truma Cooler C44 Nevera de compresor de una zona 43 litros con funci\u00f3n de congelaci\u00f3n\"}]},{\"@type\":\"WebSite\",\"@id\":\"https:\\\/\\\/recambiosecogas.com\\\/it\\\/#website\",\"url\":\"https:\\\/\\\/recambiosecogas.com\\\/it\\\/\",\"name\":\"Recambios EcoGas\",\"description\":\"Recambios Multimarca para sistemas de GLP\\\/GNC\\\/GNL\\\/Hidr\u00f3geno\",\"publisher\":{\"@id\":\"https:\\\/\\\/recambiosecogas.com\\\/it\\\/#organization\"},\"alternateName\":\"Recambios Autogas GLP\",\"potentialAction\":[{\"@type\":\"SearchAction\",\"target\":{\"@type\":\"EntryPoint\",\"urlTemplate\":\"https:\\\/\\\/recambiosecogas.com\\\/it\\\/?s={search_term_string}\"},\"query-input\":{\"@type\":\"PropertyValueSpecification\",\"valueRequired\":true,\"valueName\":\"search_term_string\"}}],\"inLanguage\":\"it-IT\"},{\"@type\":[\"Organization\",\"Place\"],\"@id\":\"https:\\\/\\\/recambiosecogas.com\\\/it\\\/#organization\",\"name\":\"Recambios EcoGas\",\"alternateName\":\"Tienda Online GLP Espa\u00f1a\",\"url\":\"https:\\\/\\\/recambiosecogas.com\\\/it\\\/\",\"logo\":{\"@id\":\"https:\\\/\\\/recambiosecogas.com\\\/it\\\/producto\\\/truma-cooler-c44-nevera-de-compresor-de-una-zona-43-litros-con-funcion-de-congelacion\\\/#local-main-organization-logo\"},\"image\":{\"@id\":\"https:\\\/\\\/recambiosecogas.com\\\/it\\\/producto\\\/truma-cooler-c44-nevera-de-compresor-de-una-zona-43-litros-con-funcion-de-congelacion\\\/#local-main-organization-logo\"},\"sameAs\":[\"https:\\\/\\\/www.facebook.com\\\/profile.php?id=100062419705358\",\"https:\\\/\\\/www.instagram.com\\\/segimon_automocio\"],\"description\":\"Recambios EcoGas \u2013 Venta y distribuci\u00f3n de sistemas GLP y GNC en Espa\u00f1a y Portugal. Env\u00edos 24 h, soporte t\u00e9cnico a talleres y distribuidores.\",\"hasMerchantReturnPolicy\":{\"@type\":\"MerchantReturnPolicy\",\"merchantReturnLink\":\"https:\\\/\\\/recambiosecogas.com\\\/politicas-privacidad\\\/\"},\"address\":{\"@id\":\"https:\\\/\\\/recambiosecogas.com\\\/it\\\/producto\\\/truma-cooler-c44-nevera-de-compresor-de-una-zona-43-litros-con-funcion-de-congelacion\\\/#local-main-place-address\"},\"telephone\":[\"616250633\"],\"contactPoint\":{\"@type\":\"ContactPoint\",\"email\":\"export@recambiosecogas.com\"},\"openingHoursSpecification\":[{\"@type\":\"OpeningHoursSpecification\",\"dayOfWeek\":[\"Monday\",\"Tuesday\",\"Wednesday\",\"Thursday\",\"Friday\",\"Saturday\",\"Sunday\"],\"opens\":\"09:00\",\"closes\":\"17:00\"}],\"email\":\"info@recambiosecogas.com\",\"faxNumber\":\"SEGIMON AUTOMOCION SL\",\"vatID\":\"ESB19819861\",\"globalLocationNumber\":\"938 616 339\"},{\"@type\":\"PostalAddress\",\"@id\":\"https:\\\/\\\/recambiosecogas.com\\\/it\\\/producto\\\/truma-cooler-c44-nevera-de-compresor-de-una-zona-43-litros-con-funcion-de-congelacion\\\/#local-main-place-address\",\"streetAddress\":\"cami antic de vic, 29 (Nave 3), Pol\u00edgono Industrial Congost\",\"addressLocality\":\"CORRO D`AVALL\",\"postalCode\":\"08520\",\"addressRegion\":\"Barcelona\",\"addressCountry\":\"ES\"},{\"@type\":\"ImageObject\",\"inLanguage\":\"it-IT\",\"@id\":\"https:\\\/\\\/recambiosecogas.com\\\/it\\\/producto\\\/truma-cooler-c44-nevera-de-compresor-de-una-zona-43-litros-con-funcion-de-congelacion\\\/#local-main-organization-logo\",\"url\":\"https:\\\/\\\/recambiosecogas.com\\\/wp-content\\\/uploads\\\/2024\\\/11\\\/cropped-RECAMBIOS-GLP-png.webp\",\"contentUrl\":\"https:\\\/\\\/recambiosecogas.com\\\/wp-content\\\/uploads\\\/2024\\\/11\\\/cropped-RECAMBIOS-GLP-png.webp\",\"width\":512,\"height\":512,\"caption\":\"Recambios EcoGas\"}]}<\/script>\n<meta property=\"product:brand\" content=\"TRUMA\" \/>\n<meta property=\"product:price:amount\" content=\"883.18\" \/>\n<meta property=\"product:price:currency\" content=\"EUR\" \/>\n<meta property=\"og:availability\" content=\"backorder\" \/>\n<meta property=\"product:availability\" content=\"available for order\" \/>\n<meta property=\"product:retailer_item_id\" content=\"113692A\" \/>\n<meta property=\"product:condition\" content=\"new\" \/>\n<meta name=\"geo.placename\" content=\"CORRO D`AVALL\" \/>\n<meta name=\"geo.region\" content=\"Spagna\" \/>\n<!-- \/ Yoast SEO Premium plugin. -->","yoast_head_json":{"title":"Truma Cooler C44 Nevera de Compresor 43L | Recambios Ecogas","description":"La Truma Cooler C44 es una nevera de compresor de 43 litros, ideal para Autogas, con funci\u00f3n de congelaci\u00f3n y bajo consumo energ\u00e9tico.","robots":{"index":"index","follow":"follow","max-snippet":"max-snippet:-1","max-image-preview":"max-image-preview:large","max-video-preview":"max-video-preview:-1"},"canonical":"https:\/\/recambiosecogas.com\/it\/producto\/truma-cooler-c44-nevera-de-compresor-de-una-zona-43-litros-con-funcion-de-congelacion\/","og_locale":"it_IT","og_type":"article","og_title":"Truma Cooler C44 Nevera de compresor de una zona 43 litros con funci\u00f3n de congelaci\u00f3n","og_description":"La Truma Cooler C44 es una nevera de compresor de 43 litros, ideal para Autogas, con funci\u00f3n de congelaci\u00f3n y bajo consumo energ\u00e9tico.","og_url":"https:\/\/recambiosecogas.com\/it\/producto\/truma-cooler-c44-nevera-de-compresor-de-una-zona-43-litros-con-funcion-de-congelacion\/","og_site_name":"Recambios EcoGas","article_publisher":"https:\/\/www.facebook.com\/profile.php?id=100062419705358","article_modified_time":"2026-03-26T11:06:57+00:00","og_image":[{"width":1000,"height":1000,"url":"https:\/\/recambiosecogas.com\/wp-content\/uploads\/2025\/02\/Truma-Cooler-C44-png.webp","type":"image\/png"}],"twitter_card":"summary_large_image","twitter_misc":{"Prezzo":"883,18&nbsp;&euro; (IVA incl.: 1.068,65&nbsp;&euro;)","Disponibilit\u00e0":"Su ordinazione"},"schema":{"@context":"https:\/\/schema.org","@graph":[{"@type":"WebPage","@id":"https:\/\/recambiosecogas.com\/it\/producto\/truma-cooler-c44-nevera-de-compresor-de-una-zona-43-litros-con-funcion-de-congelacion\/","url":"https:\/\/recambiosecogas.com\/it\/producto\/truma-cooler-c44-nevera-de-compresor-de-una-zona-43-litros-con-funcion-de-congelacion\/","name":"Truma Cooler C44 Nevera de Compresor 43L | Recambios Ecogas","isPartOf":{"@id":"https:\/\/recambiosecogas.com\/it\/#website"},"primaryImageOfPage":{"@id":"https:\/\/recambiosecogas.com\/it\/producto\/truma-cooler-c44-nevera-de-compresor-de-una-zona-43-litros-con-funcion-de-congelacion\/#primaryimage"},"image":{"@id":"https:\/\/recambiosecogas.com\/it\/producto\/truma-cooler-c44-nevera-de-compresor-de-una-zona-43-litros-con-funcion-de-congelacion\/#primaryimage"},"thumbnailUrl":"https:\/\/recambiosecogas.com\/wp-content\/uploads\/2025\/02\/Truma-Cooler-C44-png.webp","datePublished":"2025-02-24T11:02:21+00:00","dateModified":"2026-03-26T11:06:57+00:00","description":"La Truma Cooler C44 es una nevera de compresor de 43 litros, ideal para Autogas, con funci\u00f3n de congelaci\u00f3n y bajo consumo energ\u00e9tico.","breadcrumb":{"@id":"https:\/\/recambiosecogas.com\/it\/producto\/truma-cooler-c44-nevera-de-compresor-de-una-zona-43-litros-con-funcion-de-congelacion\/#breadcrumb"},"inLanguage":"it-IT","potentialAction":[{"@type":"ReadAction","target":["https:\/\/recambiosecogas.com\/it\/producto\/truma-cooler-c44-nevera-de-compresor-de-una-zona-43-litros-con-funcion-de-congelacion\/"]}]},{"@type":"ImageObject","inLanguage":"it-IT","@id":"https:\/\/recambiosecogas.com\/it\/producto\/truma-cooler-c44-nevera-de-compresor-de-una-zona-43-litros-con-funcion-de-congelacion\/#primaryimage","url":"https:\/\/recambiosecogas.com\/wp-content\/uploads\/2025\/02\/Truma-Cooler-C44-png.webp","contentUrl":"https:\/\/recambiosecogas.com\/wp-content\/uploads\/2025\/02\/Truma-Cooler-C44-png.webp","width":1000,"height":1000},{"@type":"BreadcrumbList","@id":"https:\/\/recambiosecogas.com\/it\/producto\/truma-cooler-c44-nevera-de-compresor-de-una-zona-43-litros-con-funcion-de-congelacion\/#breadcrumb","itemListElement":[{"@type":"ListItem","position":1,"name":"Portada","item":"https:\/\/recambiosecogas.com\/it\/"},{"@type":"ListItem","position":2,"name":"Negozio","item":"https:\/\/recambiosecogas.com\/it\/?page_id=46382"},{"@type":"ListItem","position":3,"name":"Truma Cooler C44 Nevera de compresor de una zona 43 litros con funci\u00f3n de congelaci\u00f3n"}]},{"@type":"WebSite","@id":"https:\/\/recambiosecogas.com\/it\/#website","url":"https:\/\/recambiosecogas.com\/it\/","name":"Recambios EcoGas","description":"Recambios Multimarca para sistemas de GLP\/GNC\/GNL\/Hidr\u00f3geno","publisher":{"@id":"https:\/\/recambiosecogas.com\/it\/#organization"},"alternateName":"Recambios Autogas GLP","potentialAction":[{"@type":"SearchAction","target":{"@type":"EntryPoint","urlTemplate":"https:\/\/recambiosecogas.com\/it\/?s={search_term_string}"},"query-input":{"@type":"PropertyValueSpecification","valueRequired":true,"valueName":"search_term_string"}}],"inLanguage":"it-IT"},{"@type":["Organization","Place"],"@id":"https:\/\/recambiosecogas.com\/it\/#organization","name":"Recambios EcoGas","alternateName":"Tienda Online GLP Espa\u00f1a","url":"https:\/\/recambiosecogas.com\/it\/","logo":{"@id":"https:\/\/recambiosecogas.com\/it\/producto\/truma-cooler-c44-nevera-de-compresor-de-una-zona-43-litros-con-funcion-de-congelacion\/#local-main-organization-logo"},"image":{"@id":"https:\/\/recambiosecogas.com\/it\/producto\/truma-cooler-c44-nevera-de-compresor-de-una-zona-43-litros-con-funcion-de-congelacion\/#local-main-organization-logo"},"sameAs":["https:\/\/www.facebook.com\/profile.php?id=100062419705358","https:\/\/www.instagram.com\/segimon_automocio"],"description":"Recambios EcoGas \u2013 Venta y distribuci\u00f3n de sistemas GLP y GNC en Espa\u00f1a y Portugal. Env\u00edos 24 h, soporte t\u00e9cnico a talleres y distribuidores.","hasMerchantReturnPolicy":{"@type":"MerchantReturnPolicy","merchantReturnLink":"https:\/\/recambiosecogas.com\/politicas-privacidad\/"},"address":{"@id":"https:\/\/recambiosecogas.com\/it\/producto\/truma-cooler-c44-nevera-de-compresor-de-una-zona-43-litros-con-funcion-de-congelacion\/#local-main-place-address"},"telephone":["616250633"],"contactPoint":{"@type":"ContactPoint","email":"export@recambiosecogas.com"},"openingHoursSpecification":[{"@type":"OpeningHoursSpecification","dayOfWeek":["Monday","Tuesday","Wednesday","Thursday","Friday","Saturday","Sunday"],"opens":"09:00","closes":"17:00"}],"email":"info@recambiosecogas.com","faxNumber":"SEGIMON AUTOMOCION SL","vatID":"ESB19819861","globalLocationNumber":"938 616 339"},{"@type":"PostalAddress","@id":"https:\/\/recambiosecogas.com\/it\/producto\/truma-cooler-c44-nevera-de-compresor-de-una-zona-43-litros-con-funcion-de-congelacion\/#local-main-place-address","streetAddress":"cami antic de vic, 29 (Nave 3), Pol\u00edgono Industrial Congost","addressLocality":"CORRO D`AVALL","postalCode":"08520","addressRegion":"Barcelona","addressCountry":"ES"},{"@type":"ImageObject","inLanguage":"it-IT","@id":"https:\/\/recambiosecogas.com\/it\/producto\/truma-cooler-c44-nevera-de-compresor-de-una-zona-43-litros-con-funcion-de-congelacion\/#local-main-organization-logo","url":"https:\/\/recambiosecogas.com\/wp-content\/uploads\/2024\/11\/cropped-RECAMBIOS-GLP-png.webp","contentUrl":"https:\/\/recambiosecogas.com\/wp-content\/uploads\/2024\/11\/cropped-RECAMBIOS-GLP-png.webp","width":512,"height":512,"caption":"Recambios EcoGas"}]},"product_brand":"TRUMA","product_price_amount":"883.18","product_price_currency":"EUR","og_availability":"backorder","product_availability":"available for order","product_retailer_item_id":"113692A","product_condition":"new","geo.placename":"CORRO D`AVALL","geo.region":"Spagna"},"uagb_featured_image_src":{"full":["https:\/\/recambiosecogas.com\/wp-content\/uploads\/2025\/02\/Truma-Cooler-C44-png.webp",1000,1000,false],"thumbnail":["https:\/\/recambiosecogas.com\/wp-content\/uploads\/2025\/02\/Truma-Cooler-C44-150x150.webp",150,150,true],"medium":["https:\/\/recambiosecogas.com\/wp-content\/uploads\/2025\/02\/Truma-Cooler-C44-300x300.webp",300,300,true],"medium_large":["https:\/\/recambiosecogas.com\/wp-content\/uploads\/2025\/02\/Truma-Cooler-C44-768x768.webp",768,768,true],"large":["https:\/\/recambiosecogas.com\/wp-content\/uploads\/2025\/02\/Truma-Cooler-C44-png.webp",1000,1000,false],"1536x1536":["https:\/\/recambiosecogas.com\/wp-content\/uploads\/2025\/02\/Truma-Cooler-C44-png.webp",1000,1000,false],"2048x2048":["https:\/\/recambiosecogas.com\/wp-content\/uploads\/2025\/02\/Truma-Cooler-C44-png.webp",1000,1000,false],"woocommerce_archive_thumbnail":["https:\/\/recambiosecogas.com\/wp-content\/uploads\/2025\/02\/Truma-Cooler-C44-png.webp",1000,1000,false],"woocommerce_thumbnail":["https:\/\/recambiosecogas.com\/wp-content\/uploads\/2025\/02\/Truma-Cooler-C44-300x300.webp",300,300,true],"woocommerce_single":["https:\/\/recambiosecogas.com\/wp-content\/uploads\/2025\/02\/Truma-Cooler-C44-png.webp",1000,1000,false],"woocommerce_gallery_thumbnail":["https:\/\/recambiosecogas.com\/wp-content\/uploads\/2025\/02\/Truma-Cooler-C44-png.webp",1000,1000,false],"dgwt-wcas-product-suggestion":["https:\/\/recambiosecogas.com\/wp-content\/uploads\/2025\/02\/Truma-Cooler-C44-64x64.webp",64,64,true]},"uagb_author_info":{"display_name":"Fran - Soporte T\u00e9cnico","author_link":"https:\/\/recambiosecogas.com\/it\/author\/"},"uagb_comment_info":0,"uagb_excerpt":"TRUMA","_links":{"self":[{"href":"https:\/\/recambiosecogas.com\/it\/wp-json\/wp\/v2\/product\/17970","targetHints":{"allow":["GET"]}}],"collection":[{"href":"https:\/\/recambiosecogas.com\/it\/wp-json\/wp\/v2\/product"}],"about":[{"href":"https:\/\/recambiosecogas.com\/it\/wp-json\/wp\/v2\/types\/product"}],"replies":[{"embeddable":true,"href":"https:\/\/recambiosecogas.com\/it\/wp-json\/wp\/v2\/comments?post=17970"}],"wp:featuredmedia":[{"embeddable":true,"href":"https:\/\/recambiosecogas.com\/it\/wp-json\/wp\/v2\/media\/18344"}],"wp:attachment":[{"href":"https:\/\/recambiosecogas.com\/it\/wp-json\/wp\/v2\/media?parent=17970"}],"wp:term":[{"taxonomy":"product_brand","embeddable":true,"href":"https:\/\/recambiosecogas.com\/it\/wp-json\/wp\/v2\/product_brand?post=17970"},{"taxonomy":"product_cat","embeddable":true,"href":"https:\/\/recambiosecogas.com\/it\/wp-json\/wp\/v2\/product_cat?post=17970"},{"taxonomy":"product_tag","embeddable":true,"href":"https:\/\/recambiosecogas.com\/it\/wp-json\/wp\/v2\/product_tag?post=17970"}],"curies":[{"name":"wp","href":"https:\/\/api.w.org\/{rel}","templated":true}]}}