{"id":17939,"date":"2025-02-24T12:01:50","date_gmt":"2025-02-24T11:01:50","guid":{"rendered":"https:\/\/recambiosecogas.com\/producto\/truma-saphir-aire-acondicionado-en-caja-compacta\/"},"modified":"2026-03-26T12:01:11","modified_gmt":"2026-03-26T11:01:11","slug":"truma-saphir-aire-acondicionado-en-caja-compacta","status":"publish","type":"product","link":"https:\/\/recambiosecogas.com\/it\/producto\/truma-saphir-aire-acondicionado-en-caja-compacta\/","title":{"rendered":"Truma Saphir Aire acondicionado en caja compacta"},"content":{"rendered":"<p>Fuente de alimentaci\u00f3n\u00a0<strong>230 V &#8211; 240 V ~, 50 Hz<\/strong><\/p>\n<p>Consumo de energ\u00eda de refrigeraci\u00f3n\u00a0<strong>2,8 A<\/strong><\/p>\n<p>Corriente de arranque\u00a0<strong>15 A (150 ms)<\/strong><\/p>\n<p>Capacidad de refrigeraci\u00f3n\u00a0<strong>1800 W<\/strong><\/p>\n<p>Rango de aplicaci\u00f3n\u00a0<strong>+16 \u00b0C a +40 \u00b0C<\/strong><\/p>\n<p>Peso (sin material de montaje)\u00a0<strong>aproximadamente. 20 kg<\/strong><\/p>\n<p>Dimensiones (L x A x A)\u00a0<strong>560 x 400 x 290 mm<\/strong><\/p>\n<p>Dimensiones de instalaci\u00f3n (L x A x A)\u00a0<strong>790 x 440 x 290 mm<\/strong><\/p>\n<p>Caudal de aire\u00a0<strong>m\u00e1ximo 310 m\u00b3\/h<\/strong><\/p>\n<p>Inclinaci\u00f3n m\u00e1xima durante el funcionamiento<strong>\u00a08%<\/strong><\/p>\n<p>El\u00a0<strong>Aire acondicionado de caja compacta<\/strong>\u00a0<strong>enfr\u00eda, seca y filtra<\/strong>\u00a0el aire al instante con s\u00f3lo pulsar un bot\u00f3n en\u00a0<strong>caravanas y autocaravanas peque\u00f1as y medianas<\/strong>.<\/p>\n<p>El climatizador de caja de almacenamiento es adecuado para\u00a0<strong>al\u00e9rgicos<\/strong>\u00a0y con sus\u00a0<strong>dimensiones compactas<\/strong>\u00a0puede instalarse en cualquier asiento de banco est\u00e1ndar de una caravana o autocaravana.<\/p>\n<p>El\u00a0<strong>mando a distancia infrarrojo claro<\/strong>\u00a0o el\u00a0<strong>panel de control digital CP plus iNet ready<\/strong>\u00a0pueden utilizarse para ajustar la temperatura deseada directamente.<\/p>\n<p>Adem\u00e1s, el Saphir compact dispone de una\u00a0<strong>funci\u00f3n Sleep<\/strong>\u00a0en la que se reduce la velocidad del ventilador y se asegura un\u00a0<strong>uso silencioso por la noche<\/strong>.<\/p>\n<p><strong>Eficiente<\/strong>: muy bajo consumo de energ\u00eda<\/p>\n<p><strong>Potente<\/strong>: tiempo de enfriamiento de hasta 15 horas de antelaci\u00f3n mediante la funci\u00f3n de temporizador<\/p>\n<p><strong>Ahorro de espacio<\/strong>: peque\u00f1o y manejable gracias a su dise\u00f1o compacto<\/p>\n<p><strong>Pr\u00e1ctico<\/strong>: posibilidad de escalones de temperatura de un grado mediante el mando a distancia por infrarrojos<\/p>\n<p><strong>Confortable<\/strong>: posibilidad de climatizaci\u00f3n autom\u00e1tica en combinaci\u00f3n con una calefacci\u00f3n Truma Combi<\/p>\n<p>El <strong>Aire Acondicionado Truma Saphir Compacto<\/strong> es un sistema de climatizaci\u00f3n dise\u00f1ado espec\u00edficamente para <strong>caravanas y autocaravanas peque\u00f1as y medianas<\/strong>. Este aire acondicionado en caja compacta enfr\u00eda, seca y filtra el aire de manera eficiente, proporcionando un ambiente confortable en cualquier viaje.<\/p>\n<p>Con un <strong>consumo de energ\u00eda de 2,8 A<\/strong> y una capacidad de refrigeraci\u00f3n de <strong>1800 W<\/strong>, el Saphir Compact es ideal para quienes buscan un sistema de refrigeraci\u00f3n potente y eficiente. Su rango de aplicaci\u00f3n de <strong>+16 \u00b0C a +40 \u00b0C<\/strong> lo hace vers\u00e1til para diversas condiciones clim\u00e1ticas. Adem\u00e1s, su dise\u00f1o compacto permite una instalaci\u00f3n sencilla en asientos de banco est\u00e1ndar, optimizando el espacio en el veh\u00edculo.<\/p>\n<p>Este aire acondicionado cuenta con un <strong>mando a distancia infrarrojo<\/strong> y un <strong>panel de control digital CP plus iNet ready<\/strong>, lo que facilita el ajuste de la temperatura deseada. La funci\u00f3n Sleep reduce la velocidad del ventilador para un funcionamiento silencioso durante la noche, garantizando un descanso reparador.<\/p>\n<p>El Saphir Compact es un sistema eficiente, con un muy bajo consumo de energ\u00eda, y su dise\u00f1o pr\u00e1ctico permite escalones de temperatura de un grado mediante el control remoto. Adem\u00e1s, la posibilidad de climatizaci\u00f3n autom\u00e1tica en combinaci\u00f3n con una calefacci\u00f3n Truma Combi lo convierte en una opci\u00f3n ideal para quienes buscan confort y funcionalidad en sus viajes.<\/p>\n<h4>Datos t\u00e9cnicos<\/h4>\n<p>Fuente de alimentaci\u00f3n: <strong>230 V &#8211; 240 V ~, 50 Hz<\/strong><\/p>\n<p>Corriente de arranque: <strong>15 A (150 ms)<\/strong><\/p>\n<p>Peso (sin material de montaje): <strong>aproximadamente 20 kg<\/strong><\/p>\n<p>Dimensiones (L x A x A): <strong>560 x 400 x 290 mm<\/strong><\/p>\n<p>Dimensiones de instalaci\u00f3n (L x A x A): <strong>790 x 440 x 290 mm<\/strong><\/p>\n<p>Caudal de aire m\u00e1ximo: <strong>310 m\u00b3\/h<\/strong><\/p>\n<p>Inclinaci\u00f3n m\u00e1xima durante el funcionamiento: <strong>8%<\/strong><\/p>\n<h4>Compatibilidad<\/h4>\n<p>Compatible con caravanas y autocaravanas que requieran un sistema de aire acondicionado compacto. Se recomienda verificar la referencia original antes de realizar la compra.<\/p>\n","protected":false},"excerpt":{"rendered":"<p>TRUMA<\/p>\n","protected":false},"featured_media":19646,"comment_status":"open","ping_status":"closed","template":"","meta":{"googlesitekit_rrm_CAowud7EDA:productID":"","_uag_custom_page_level_css":""},"product_brand":[992],"product_cat":[641],"product_tag":[],"class_list":{"0":"post-17939","1":"product","2":"type-product","3":"status-publish","4":"has-post-thumbnail","6":"product_brand-truma","7":"product_cat-sistemas-de-refrigeracion-autocaravanas","9":"first","10":"onbackorder","11":"taxable","12":"shipping-taxable","13":"purchasable","14":"product-type-simple"},"ct_brands":[{"id":992,"name":"TRUMA","slug":"truma"}],"yoast_head":"<!-- This site is optimized with the Yoast SEO Premium plugin v27.3 (Yoast SEO v27.3) - https:\/\/yoast.com\/product\/yoast-seo-premium-wordpress\/ -->\n<title>Aire Acondicionado Truma Saphir Compacto | Recambios Ecogas<\/title>\n<meta name=\"description\" content=\"Aire acondicionado Truma Saphir compacto para caravanas y autocaravanas, eficiente y f\u00e1cil de instalar, ideal para sistemas de Autogas.\" \/>\n<meta name=\"robots\" content=\"index, follow, max-snippet:-1, max-image-preview:large, max-video-preview:-1\" \/>\n<link rel=\"canonical\" href=\"https:\/\/recambiosecogas.com\/it\/producto\/truma-saphir-aire-acondicionado-en-caja-compacta\/\" \/>\n<meta property=\"og:locale\" content=\"it_IT\" \/>\n<meta property=\"og:type\" content=\"article\" \/>\n<meta property=\"og:title\" content=\"Truma Saphir Aire acondicionado en caja compacta\" \/>\n<meta property=\"og:description\" content=\"Aire acondicionado Truma Saphir compacto para caravanas y autocaravanas, eficiente y f\u00e1cil de instalar, ideal para sistemas de Autogas.\" \/>\n<meta property=\"og:url\" content=\"https:\/\/recambiosecogas.com\/it\/producto\/truma-saphir-aire-acondicionado-en-caja-compacta\/\" \/>\n<meta property=\"og:site_name\" content=\"Recambios EcoGas\" \/>\n<meta property=\"article:publisher\" content=\"https:\/\/www.facebook.com\/profile.php?id=100062419705358\" \/>\n<meta property=\"article:modified_time\" content=\"2026-03-26T11:01:11+00:00\" \/>\n<meta property=\"og:image\" content=\"https:\/\/recambiosecogas.com\/wp-content\/uploads\/2025\/02\/Truma-Saphir-Aire-acondicionado-en-caja-compacta-png.webp\" \/>\n\t<meta property=\"og:image:width\" content=\"1000\" \/>\n\t<meta property=\"og:image:height\" content=\"1000\" \/>\n\t<meta property=\"og:image:type\" content=\"image\/png\" \/>\n<meta name=\"twitter:card\" content=\"summary_large_image\" \/>\n<meta name=\"twitter:label1\" content=\"Prezzo\" \/>\n\t<meta name=\"twitter:data1\" content=\"1.546,20&nbsp;&euro; (IVA incl.: 1.870,90&nbsp;&euro;)\" \/>\n\t<meta name=\"twitter:label2\" content=\"Disponibilit\u00e0\" \/>\n\t<meta name=\"twitter:data2\" content=\"Su ordinazione\" \/>\n<script type=\"application\/ld+json\" class=\"yoast-schema-graph\">{\"@context\":\"https:\\\/\\\/schema.org\",\"@graph\":[{\"@type\":\"WebPage\",\"@id\":\"https:\\\/\\\/recambiosecogas.com\\\/it\\\/producto\\\/truma-saphir-aire-acondicionado-en-caja-compacta\\\/\",\"url\":\"https:\\\/\\\/recambiosecogas.com\\\/it\\\/producto\\\/truma-saphir-aire-acondicionado-en-caja-compacta\\\/\",\"name\":\"Aire Acondicionado Truma Saphir Compacto | Recambios Ecogas\",\"isPartOf\":{\"@id\":\"https:\\\/\\\/recambiosecogas.com\\\/it\\\/#website\"},\"primaryImageOfPage\":{\"@id\":\"https:\\\/\\\/recambiosecogas.com\\\/it\\\/producto\\\/truma-saphir-aire-acondicionado-en-caja-compacta\\\/#primaryimage\"},\"image\":{\"@id\":\"https:\\\/\\\/recambiosecogas.com\\\/it\\\/producto\\\/truma-saphir-aire-acondicionado-en-caja-compacta\\\/#primaryimage\"},\"thumbnailUrl\":\"https:\\\/\\\/recambiosecogas.com\\\/wp-content\\\/uploads\\\/2025\\\/02\\\/Truma-Saphir-Aire-acondicionado-en-caja-compacta-png.webp\",\"datePublished\":\"2025-02-24T11:01:50+00:00\",\"dateModified\":\"2026-03-26T11:01:11+00:00\",\"description\":\"Aire acondicionado Truma Saphir compacto para caravanas y autocaravanas, eficiente y f\u00e1cil de instalar, ideal para sistemas de Autogas.\",\"breadcrumb\":{\"@id\":\"https:\\\/\\\/recambiosecogas.com\\\/it\\\/producto\\\/truma-saphir-aire-acondicionado-en-caja-compacta\\\/#breadcrumb\"},\"inLanguage\":\"it-IT\",\"potentialAction\":[{\"@type\":\"ReadAction\",\"target\":[\"https:\\\/\\\/recambiosecogas.com\\\/it\\\/producto\\\/truma-saphir-aire-acondicionado-en-caja-compacta\\\/\"]}]},{\"@type\":\"ImageObject\",\"inLanguage\":\"it-IT\",\"@id\":\"https:\\\/\\\/recambiosecogas.com\\\/it\\\/producto\\\/truma-saphir-aire-acondicionado-en-caja-compacta\\\/#primaryimage\",\"url\":\"https:\\\/\\\/recambiosecogas.com\\\/wp-content\\\/uploads\\\/2025\\\/02\\\/Truma-Saphir-Aire-acondicionado-en-caja-compacta-png.webp\",\"contentUrl\":\"https:\\\/\\\/recambiosecogas.com\\\/wp-content\\\/uploads\\\/2025\\\/02\\\/Truma-Saphir-Aire-acondicionado-en-caja-compacta-png.webp\",\"width\":1000,\"height\":1000},{\"@type\":\"BreadcrumbList\",\"@id\":\"https:\\\/\\\/recambiosecogas.com\\\/it\\\/producto\\\/truma-saphir-aire-acondicionado-en-caja-compacta\\\/#breadcrumb\",\"itemListElement\":[{\"@type\":\"ListItem\",\"position\":1,\"name\":\"Portada\",\"item\":\"https:\\\/\\\/recambiosecogas.com\\\/it\\\/\"},{\"@type\":\"ListItem\",\"position\":2,\"name\":\"Negozio\",\"item\":\"https:\\\/\\\/recambiosecogas.com\\\/it\\\/?page_id=46382\"},{\"@type\":\"ListItem\",\"position\":3,\"name\":\"Truma Saphir Aire acondicionado en caja compacta\"}]},{\"@type\":\"WebSite\",\"@id\":\"https:\\\/\\\/recambiosecogas.com\\\/it\\\/#website\",\"url\":\"https:\\\/\\\/recambiosecogas.com\\\/it\\\/\",\"name\":\"Recambios EcoGas\",\"description\":\"Recambios Multimarca para sistemas de GLP\\\/GNC\\\/GNL\\\/Hidr\u00f3geno\",\"publisher\":{\"@id\":\"https:\\\/\\\/recambiosecogas.com\\\/it\\\/#organization\"},\"alternateName\":\"Recambios Autogas GLP\",\"potentialAction\":[{\"@type\":\"SearchAction\",\"target\":{\"@type\":\"EntryPoint\",\"urlTemplate\":\"https:\\\/\\\/recambiosecogas.com\\\/it\\\/?s={search_term_string}\"},\"query-input\":{\"@type\":\"PropertyValueSpecification\",\"valueRequired\":true,\"valueName\":\"search_term_string\"}}],\"inLanguage\":\"it-IT\"},{\"@type\":[\"Organization\",\"Place\"],\"@id\":\"https:\\\/\\\/recambiosecogas.com\\\/it\\\/#organization\",\"name\":\"Recambios EcoGas\",\"alternateName\":\"Tienda Online GLP Espa\u00f1a\",\"url\":\"https:\\\/\\\/recambiosecogas.com\\\/it\\\/\",\"logo\":{\"@id\":\"https:\\\/\\\/recambiosecogas.com\\\/it\\\/producto\\\/truma-saphir-aire-acondicionado-en-caja-compacta\\\/#local-main-organization-logo\"},\"image\":{\"@id\":\"https:\\\/\\\/recambiosecogas.com\\\/it\\\/producto\\\/truma-saphir-aire-acondicionado-en-caja-compacta\\\/#local-main-organization-logo\"},\"sameAs\":[\"https:\\\/\\\/www.facebook.com\\\/profile.php?id=100062419705358\",\"https:\\\/\\\/www.instagram.com\\\/segimon_automocio\"],\"description\":\"Recambios EcoGas \u2013 Venta y distribuci\u00f3n de sistemas GLP y GNC en Espa\u00f1a y Portugal. Env\u00edos 24 h, soporte t\u00e9cnico a talleres y distribuidores.\",\"hasMerchantReturnPolicy\":{\"@type\":\"MerchantReturnPolicy\",\"merchantReturnLink\":\"https:\\\/\\\/recambiosecogas.com\\\/politicas-privacidad\\\/\"},\"address\":{\"@id\":\"https:\\\/\\\/recambiosecogas.com\\\/it\\\/producto\\\/truma-saphir-aire-acondicionado-en-caja-compacta\\\/#local-main-place-address\"},\"telephone\":[\"616250633\"],\"contactPoint\":{\"@type\":\"ContactPoint\",\"email\":\"export@recambiosecogas.com\"},\"openingHoursSpecification\":[{\"@type\":\"OpeningHoursSpecification\",\"dayOfWeek\":[\"Monday\",\"Tuesday\",\"Wednesday\",\"Thursday\",\"Friday\",\"Saturday\",\"Sunday\"],\"opens\":\"09:00\",\"closes\":\"17:00\"}],\"email\":\"info@recambiosecogas.com\",\"faxNumber\":\"SEGIMON AUTOMOCION SL\",\"vatID\":\"ESB19819861\",\"globalLocationNumber\":\"938 616 339\"},{\"@type\":\"PostalAddress\",\"@id\":\"https:\\\/\\\/recambiosecogas.com\\\/it\\\/producto\\\/truma-saphir-aire-acondicionado-en-caja-compacta\\\/#local-main-place-address\",\"streetAddress\":\"cami antic de vic, 29 (Nave 3), Pol\u00edgono Industrial Congost\",\"addressLocality\":\"CORRO D`AVALL\",\"postalCode\":\"08520\",\"addressRegion\":\"Barcelona\",\"addressCountry\":\"ES\"},{\"@type\":\"ImageObject\",\"inLanguage\":\"it-IT\",\"@id\":\"https:\\\/\\\/recambiosecogas.com\\\/it\\\/producto\\\/truma-saphir-aire-acondicionado-en-caja-compacta\\\/#local-main-organization-logo\",\"url\":\"https:\\\/\\\/recambiosecogas.com\\\/wp-content\\\/uploads\\\/2024\\\/11\\\/cropped-RECAMBIOS-GLP-png.webp\",\"contentUrl\":\"https:\\\/\\\/recambiosecogas.com\\\/wp-content\\\/uploads\\\/2024\\\/11\\\/cropped-RECAMBIOS-GLP-png.webp\",\"width\":512,\"height\":512,\"caption\":\"Recambios EcoGas\"}]}<\/script>\n<meta property=\"product:brand\" content=\"TRUMA\" \/>\n<meta property=\"product:price:amount\" content=\"1546.20\" \/>\n<meta property=\"product:price:currency\" content=\"EUR\" \/>\n<meta property=\"og:availability\" content=\"backorder\" \/>\n<meta property=\"product:availability\" content=\"available for order\" \/>\n<meta property=\"product:retailer_item_id\" content=\"113699P\" \/>\n<meta property=\"product:condition\" content=\"new\" \/>\n<meta name=\"geo.placename\" content=\"CORRO D`AVALL\" \/>\n<meta name=\"geo.region\" content=\"Spagna\" \/>\n<!-- \/ Yoast SEO Premium plugin. -->","yoast_head_json":{"title":"Aire Acondicionado Truma Saphir Compacto | Recambios Ecogas","description":"Aire acondicionado Truma Saphir compacto para caravanas y autocaravanas, eficiente y f\u00e1cil de instalar, ideal para sistemas de Autogas.","robots":{"index":"index","follow":"follow","max-snippet":"max-snippet:-1","max-image-preview":"max-image-preview:large","max-video-preview":"max-video-preview:-1"},"canonical":"https:\/\/recambiosecogas.com\/it\/producto\/truma-saphir-aire-acondicionado-en-caja-compacta\/","og_locale":"it_IT","og_type":"article","og_title":"Truma Saphir Aire acondicionado en caja compacta","og_description":"Aire acondicionado Truma Saphir compacto para caravanas y autocaravanas, eficiente y f\u00e1cil de instalar, ideal para sistemas de Autogas.","og_url":"https:\/\/recambiosecogas.com\/it\/producto\/truma-saphir-aire-acondicionado-en-caja-compacta\/","og_site_name":"Recambios EcoGas","article_publisher":"https:\/\/www.facebook.com\/profile.php?id=100062419705358","article_modified_time":"2026-03-26T11:01:11+00:00","og_image":[{"width":1000,"height":1000,"url":"https:\/\/recambiosecogas.com\/wp-content\/uploads\/2025\/02\/Truma-Saphir-Aire-acondicionado-en-caja-compacta-png.webp","type":"image\/png"}],"twitter_card":"summary_large_image","twitter_misc":{"Prezzo":"1.546,20&nbsp;&euro; (IVA incl.: 1.870,90&nbsp;&euro;)","Disponibilit\u00e0":"Su ordinazione"},"schema":{"@context":"https:\/\/schema.org","@graph":[{"@type":"WebPage","@id":"https:\/\/recambiosecogas.com\/it\/producto\/truma-saphir-aire-acondicionado-en-caja-compacta\/","url":"https:\/\/recambiosecogas.com\/it\/producto\/truma-saphir-aire-acondicionado-en-caja-compacta\/","name":"Aire Acondicionado Truma Saphir Compacto | Recambios Ecogas","isPartOf":{"@id":"https:\/\/recambiosecogas.com\/it\/#website"},"primaryImageOfPage":{"@id":"https:\/\/recambiosecogas.com\/it\/producto\/truma-saphir-aire-acondicionado-en-caja-compacta\/#primaryimage"},"image":{"@id":"https:\/\/recambiosecogas.com\/it\/producto\/truma-saphir-aire-acondicionado-en-caja-compacta\/#primaryimage"},"thumbnailUrl":"https:\/\/recambiosecogas.com\/wp-content\/uploads\/2025\/02\/Truma-Saphir-Aire-acondicionado-en-caja-compacta-png.webp","datePublished":"2025-02-24T11:01:50+00:00","dateModified":"2026-03-26T11:01:11+00:00","description":"Aire acondicionado Truma Saphir compacto para caravanas y autocaravanas, eficiente y f\u00e1cil de instalar, ideal para sistemas de Autogas.","breadcrumb":{"@id":"https:\/\/recambiosecogas.com\/it\/producto\/truma-saphir-aire-acondicionado-en-caja-compacta\/#breadcrumb"},"inLanguage":"it-IT","potentialAction":[{"@type":"ReadAction","target":["https:\/\/recambiosecogas.com\/it\/producto\/truma-saphir-aire-acondicionado-en-caja-compacta\/"]}]},{"@type":"ImageObject","inLanguage":"it-IT","@id":"https:\/\/recambiosecogas.com\/it\/producto\/truma-saphir-aire-acondicionado-en-caja-compacta\/#primaryimage","url":"https:\/\/recambiosecogas.com\/wp-content\/uploads\/2025\/02\/Truma-Saphir-Aire-acondicionado-en-caja-compacta-png.webp","contentUrl":"https:\/\/recambiosecogas.com\/wp-content\/uploads\/2025\/02\/Truma-Saphir-Aire-acondicionado-en-caja-compacta-png.webp","width":1000,"height":1000},{"@type":"BreadcrumbList","@id":"https:\/\/recambiosecogas.com\/it\/producto\/truma-saphir-aire-acondicionado-en-caja-compacta\/#breadcrumb","itemListElement":[{"@type":"ListItem","position":1,"name":"Portada","item":"https:\/\/recambiosecogas.com\/it\/"},{"@type":"ListItem","position":2,"name":"Negozio","item":"https:\/\/recambiosecogas.com\/it\/?page_id=46382"},{"@type":"ListItem","position":3,"name":"Truma Saphir Aire acondicionado en caja compacta"}]},{"@type":"WebSite","@id":"https:\/\/recambiosecogas.com\/it\/#website","url":"https:\/\/recambiosecogas.com\/it\/","name":"Recambios EcoGas","description":"Recambios Multimarca para sistemas de GLP\/GNC\/GNL\/Hidr\u00f3geno","publisher":{"@id":"https:\/\/recambiosecogas.com\/it\/#organization"},"alternateName":"Recambios Autogas GLP","potentialAction":[{"@type":"SearchAction","target":{"@type":"EntryPoint","urlTemplate":"https:\/\/recambiosecogas.com\/it\/?s={search_term_string}"},"query-input":{"@type":"PropertyValueSpecification","valueRequired":true,"valueName":"search_term_string"}}],"inLanguage":"it-IT"},{"@type":["Organization","Place"],"@id":"https:\/\/recambiosecogas.com\/it\/#organization","name":"Recambios EcoGas","alternateName":"Tienda Online GLP Espa\u00f1a","url":"https:\/\/recambiosecogas.com\/it\/","logo":{"@id":"https:\/\/recambiosecogas.com\/it\/producto\/truma-saphir-aire-acondicionado-en-caja-compacta\/#local-main-organization-logo"},"image":{"@id":"https:\/\/recambiosecogas.com\/it\/producto\/truma-saphir-aire-acondicionado-en-caja-compacta\/#local-main-organization-logo"},"sameAs":["https:\/\/www.facebook.com\/profile.php?id=100062419705358","https:\/\/www.instagram.com\/segimon_automocio"],"description":"Recambios EcoGas \u2013 Venta y distribuci\u00f3n de sistemas GLP y GNC en Espa\u00f1a y Portugal. Env\u00edos 24 h, soporte t\u00e9cnico a talleres y distribuidores.","hasMerchantReturnPolicy":{"@type":"MerchantReturnPolicy","merchantReturnLink":"https:\/\/recambiosecogas.com\/politicas-privacidad\/"},"address":{"@id":"https:\/\/recambiosecogas.com\/it\/producto\/truma-saphir-aire-acondicionado-en-caja-compacta\/#local-main-place-address"},"telephone":["616250633"],"contactPoint":{"@type":"ContactPoint","email":"export@recambiosecogas.com"},"openingHoursSpecification":[{"@type":"OpeningHoursSpecification","dayOfWeek":["Monday","Tuesday","Wednesday","Thursday","Friday","Saturday","Sunday"],"opens":"09:00","closes":"17:00"}],"email":"info@recambiosecogas.com","faxNumber":"SEGIMON AUTOMOCION SL","vatID":"ESB19819861","globalLocationNumber":"938 616 339"},{"@type":"PostalAddress","@id":"https:\/\/recambiosecogas.com\/it\/producto\/truma-saphir-aire-acondicionado-en-caja-compacta\/#local-main-place-address","streetAddress":"cami antic de vic, 29 (Nave 3), Pol\u00edgono Industrial Congost","addressLocality":"CORRO D`AVALL","postalCode":"08520","addressRegion":"Barcelona","addressCountry":"ES"},{"@type":"ImageObject","inLanguage":"it-IT","@id":"https:\/\/recambiosecogas.com\/it\/producto\/truma-saphir-aire-acondicionado-en-caja-compacta\/#local-main-organization-logo","url":"https:\/\/recambiosecogas.com\/wp-content\/uploads\/2024\/11\/cropped-RECAMBIOS-GLP-png.webp","contentUrl":"https:\/\/recambiosecogas.com\/wp-content\/uploads\/2024\/11\/cropped-RECAMBIOS-GLP-png.webp","width":512,"height":512,"caption":"Recambios EcoGas"}]},"product_brand":"TRUMA","product_price_amount":"1546.20","product_price_currency":"EUR","og_availability":"backorder","product_availability":"available for order","product_retailer_item_id":"113699P","product_condition":"new","geo.placename":"CORRO D`AVALL","geo.region":"Spagna"},"uagb_featured_image_src":{"full":["https:\/\/recambiosecogas.com\/wp-content\/uploads\/2025\/02\/Truma-Saphir-Aire-acondicionado-en-caja-compacta-png.webp",1000,1000,false],"thumbnail":["https:\/\/recambiosecogas.com\/wp-content\/uploads\/2025\/02\/Truma-Saphir-Aire-acondicionado-en-caja-compacta-150x150.webp",150,150,true],"medium":["https:\/\/recambiosecogas.com\/wp-content\/uploads\/2025\/02\/Truma-Saphir-Aire-acondicionado-en-caja-compacta-300x300.webp",300,300,true],"medium_large":["https:\/\/recambiosecogas.com\/wp-content\/uploads\/2025\/02\/Truma-Saphir-Aire-acondicionado-en-caja-compacta-768x768.webp",768,768,true],"large":["https:\/\/recambiosecogas.com\/wp-content\/uploads\/2025\/02\/Truma-Saphir-Aire-acondicionado-en-caja-compacta-png.webp",1000,1000,false],"1536x1536":["https:\/\/recambiosecogas.com\/wp-content\/uploads\/2025\/02\/Truma-Saphir-Aire-acondicionado-en-caja-compacta-png.webp",1000,1000,false],"2048x2048":["https:\/\/recambiosecogas.com\/wp-content\/uploads\/2025\/02\/Truma-Saphir-Aire-acondicionado-en-caja-compacta-png.webp",1000,1000,false],"woocommerce_archive_thumbnail":["https:\/\/recambiosecogas.com\/wp-content\/uploads\/2025\/02\/Truma-Saphir-Aire-acondicionado-en-caja-compacta-png.webp",1000,1000,false],"woocommerce_thumbnail":["https:\/\/recambiosecogas.com\/wp-content\/uploads\/2025\/02\/Truma-Saphir-Aire-acondicionado-en-caja-compacta-300x300.webp",300,300,true],"woocommerce_single":["https:\/\/recambiosecogas.com\/wp-content\/uploads\/2025\/02\/Truma-Saphir-Aire-acondicionado-en-caja-compacta-png.webp",1000,1000,false],"woocommerce_gallery_thumbnail":["https:\/\/recambiosecogas.com\/wp-content\/uploads\/2025\/02\/Truma-Saphir-Aire-acondicionado-en-caja-compacta-png.webp",1000,1000,false],"dgwt-wcas-product-suggestion":["https:\/\/recambiosecogas.com\/wp-content\/uploads\/2025\/02\/Truma-Saphir-Aire-acondicionado-en-caja-compacta-64x64.webp",64,64,true]},"uagb_author_info":{"display_name":"Fran - Soporte T\u00e9cnico","author_link":"https:\/\/recambiosecogas.com\/it\/author\/"},"uagb_comment_info":0,"uagb_excerpt":"TRUMA","_links":{"self":[{"href":"https:\/\/recambiosecogas.com\/it\/wp-json\/wp\/v2\/product\/17939","targetHints":{"allow":["GET"]}}],"collection":[{"href":"https:\/\/recambiosecogas.com\/it\/wp-json\/wp\/v2\/product"}],"about":[{"href":"https:\/\/recambiosecogas.com\/it\/wp-json\/wp\/v2\/types\/product"}],"replies":[{"embeddable":true,"href":"https:\/\/recambiosecogas.com\/it\/wp-json\/wp\/v2\/comments?post=17939"}],"wp:featuredmedia":[{"embeddable":true,"href":"https:\/\/recambiosecogas.com\/it\/wp-json\/wp\/v2\/media\/19646"}],"wp:attachment":[{"href":"https:\/\/recambiosecogas.com\/it\/wp-json\/wp\/v2\/media?parent=17939"}],"wp:term":[{"taxonomy":"product_brand","embeddable":true,"href":"https:\/\/recambiosecogas.com\/it\/wp-json\/wp\/v2\/product_brand?post=17939"},{"taxonomy":"product_cat","embeddable":true,"href":"https:\/\/recambiosecogas.com\/it\/wp-json\/wp\/v2\/product_cat?post=17939"},{"taxonomy":"product_tag","embeddable":true,"href":"https:\/\/recambiosecogas.com\/it\/wp-json\/wp\/v2\/product_tag?post=17939"}],"curies":[{"name":"wp","href":"https:\/\/api.w.org\/{rel}","templated":true}]}}