{"id":17938,"date":"2025-02-24T12:01:50","date_gmt":"2025-02-24T11:01:50","guid":{"rendered":"https:\/\/recambiosecogas.com\/producto\/truma-saphir-comfort-rc-caja-de-almacenamiento-de-aire-acondicionado\/"},"modified":"2026-03-26T12:01:09","modified_gmt":"2026-03-26T11:01:09","slug":"truma-saphir-comfort-rc-caja-de-almacenamiento-de-aire-acondicionado","status":"publish","type":"product","link":"https:\/\/recambiosecogas.com\/it\/producto\/truma-saphir-comfort-rc-caja-de-almacenamiento-de-aire-acondicionado\/","title":{"rendered":"Truma Saphir Comfort RC caja de almacenamiento de aire acondicionado"},"content":{"rendered":"<p>El acondicionador de aire de caja de almacenamiento Saphir comfort RC y calefactor enfr\u00eda, seca y filtra el aire de las caravanas y autocaravanas al instante con s\u00f3lo pulsar un bot\u00f3n. Adem\u00e1s, contiene una funci\u00f3n de calefacci\u00f3n mediante un modo de bomba de calor.<\/p>\n<p>El acondicionador de aire de la caja de almacenamiento es adecuado para los al\u00e9rgicos y con sus dimensiones compactas se puede montar en cualquier asiento de banco est\u00e1ndar de una caravana o autocaravana.<\/p>\n<p>Con el mando a distancia por infrarrojos o el panel de control digital CP plus iNet ready se puede ajustar directamente la temperatura deseada.<\/p>\n<p>Adem\u00e1s, el Saphir compact dispone de una funci\u00f3n Sleep, en la que se reduce la velocidad del ventilador y se garantiza un descanso nocturno. Un temporizador integrado permite el encendido y apagado autom\u00e1tico.<\/p>\n<p>Eficiente: consumo de energ\u00eda muy bajo<\/p>\n<p>Potente: tiempo de enfriamiento de hasta 15 horas de antelaci\u00f3n mediante la funci\u00f3n de temporizador<\/p>\n<p>Ahorro de espacio: peque\u00f1o y manejable gracias a su dise\u00f1o compacto<\/p>\n<p>Pr\u00e1ctico: es posible realizar pasos de temperatura de un grado gracias al control remoto por infrarrojos<\/p>\n<p>El <strong>acondicionador de aire Truma Saphir Comfort RC<\/strong> es un sistema de refrigeraci\u00f3n dise\u00f1ado para ofrecer un ambiente confortable en caravanas y autocaravanas. Este modelo no solo enfr\u00eda, sino que tambi\u00e9n seca y filtra el aire de manera eficiente, todo con solo pulsar un bot\u00f3n. Adem\u00e1s, incluye una funci\u00f3n de calefacci\u00f3n mediante un modo de bomba de calor, lo que lo convierte en una opci\u00f3n vers\u00e1til para cualquier \u00e9poca del a\u00f1o.<\/p>\n<p>Con dimensiones compactas, el Saphir Comfort RC se puede instalar f\u00e1cilmente en cualquier asiento de banco est\u00e1ndar, optimizando el espacio en su veh\u00edculo. El control de la temperatura es sencillo gracias al mando a distancia por infrarrojos o al panel de control digital CP plus iNet ready, permitiendo ajustar la temperatura deseada de manera r\u00e1pida y eficiente.<\/p>\n<p>Este acondicionador de aire tambi\u00e9n cuenta con una funci\u00f3n Sleep, que reduce la velocidad del ventilador para garantizar un descanso nocturno sin ruidos molestos. Adem\u00e1s, su temporizador integrado permite programar el encendido y apagado autom\u00e1tico, lo que contribuye a un uso m\u00e1s eficiente de la energ\u00eda.<\/p>\n<p>El <strong>Saphir Comfort RC<\/strong> es ideal para quienes buscan un sistema de refrigeraci\u00f3n que combine eficiencia energ\u00e9tica y comodidad. Su dise\u00f1o compacto y su potente rendimiento aseguran un enfriamiento efectivo, con un tiempo de anticipaci\u00f3n de hasta 15 horas gracias a la funci\u00f3n de temporizador. Esta unidad es perfecta para aquellos que desean disfrutar de un ambiente agradable en sus viajes.<\/p>\n<h4>Compatibilidad<\/h4>\n<p>Compatible con caravanas y autocaravanas. Se recomienda verificar la referencia original antes de realizar la compra.<\/p>\n","protected":false},"excerpt":{"rendered":"<p>TRUMA<\/p>\n","protected":false},"featured_media":19644,"comment_status":"open","ping_status":"closed","template":"","meta":{"googlesitekit_rrm_CAowud7EDA:productID":"","_uag_custom_page_level_css":""},"product_brand":[992],"product_cat":[641],"product_tag":[],"class_list":{"0":"post-17938","1":"product","2":"type-product","3":"status-publish","4":"has-post-thumbnail","6":"product_brand-truma","7":"product_cat-sistemas-de-refrigeracion-autocaravanas","9":"first","10":"onbackorder","11":"taxable","12":"shipping-taxable","13":"purchasable","14":"product-type-simple"},"ct_brands":[{"id":992,"name":"TRUMA","slug":"truma"}],"yoast_head":"<!-- This site is optimized with the Yoast SEO Premium plugin v27.3 (Yoast SEO v27.3) - https:\/\/yoast.com\/product\/yoast-seo-premium-wordpress\/ -->\n<title>Acondicionador de Aire Truma Saphir Comfort RC | Recambios Ecogas<\/title>\n<meta name=\"description\" content=\"Acondicionador de aire Truma Saphir Comfort RC, ideal para caravanas y autocaravanas, con funci\u00f3n de calefacci\u00f3n y control remoto para un confort \u00f3ptimo.\" \/>\n<meta name=\"robots\" content=\"index, follow, max-snippet:-1, max-image-preview:large, max-video-preview:-1\" \/>\n<link rel=\"canonical\" href=\"https:\/\/recambiosecogas.com\/it\/producto\/truma-saphir-comfort-rc-caja-de-almacenamiento-de-aire-acondicionado\/\" \/>\n<meta property=\"og:locale\" content=\"it_IT\" \/>\n<meta property=\"og:type\" content=\"article\" \/>\n<meta property=\"og:title\" content=\"Truma Saphir Comfort RC caja de almacenamiento de aire acondicionado\" \/>\n<meta property=\"og:description\" content=\"Acondicionador de aire Truma Saphir Comfort RC, ideal para caravanas y autocaravanas, con funci\u00f3n de calefacci\u00f3n y control remoto para un confort \u00f3ptimo.\" \/>\n<meta property=\"og:url\" content=\"https:\/\/recambiosecogas.com\/it\/producto\/truma-saphir-comfort-rc-caja-de-almacenamiento-de-aire-acondicionado\/\" \/>\n<meta property=\"og:site_name\" content=\"Recambios EcoGas\" \/>\n<meta property=\"article:publisher\" content=\"https:\/\/www.facebook.com\/profile.php?id=100062419705358\" \/>\n<meta property=\"article:modified_time\" content=\"2026-03-26T11:01:09+00:00\" \/>\n<meta property=\"og:image\" content=\"https:\/\/recambiosecogas.com\/wp-content\/uploads\/2025\/02\/Truma-Saphir-Comfort-RC-caja-de-almacenamiento-de-aire-acondicionado-png.webp\" \/>\n\t<meta property=\"og:image:width\" content=\"1000\" \/>\n\t<meta property=\"og:image:height\" content=\"1000\" \/>\n\t<meta property=\"og:image:type\" content=\"image\/png\" \/>\n<meta name=\"twitter:card\" content=\"summary_large_image\" \/>\n<meta name=\"twitter:label1\" content=\"Prezzo\" \/>\n\t<meta name=\"twitter:data1\" content=\"1.767,22&nbsp;&euro; (IVA incl.: 2.138,34&nbsp;&euro;)\" \/>\n\t<meta name=\"twitter:label2\" content=\"Disponibilit\u00e0\" \/>\n\t<meta name=\"twitter:data2\" content=\"Su ordinazione\" \/>\n<script type=\"application\/ld+json\" class=\"yoast-schema-graph\">{\"@context\":\"https:\\\/\\\/schema.org\",\"@graph\":[{\"@type\":\"WebPage\",\"@id\":\"https:\\\/\\\/recambiosecogas.com\\\/it\\\/producto\\\/truma-saphir-comfort-rc-caja-de-almacenamiento-de-aire-acondicionado\\\/\",\"url\":\"https:\\\/\\\/recambiosecogas.com\\\/it\\\/producto\\\/truma-saphir-comfort-rc-caja-de-almacenamiento-de-aire-acondicionado\\\/\",\"name\":\"Acondicionador de Aire Truma Saphir Comfort RC | Recambios Ecogas\",\"isPartOf\":{\"@id\":\"https:\\\/\\\/recambiosecogas.com\\\/it\\\/#website\"},\"primaryImageOfPage\":{\"@id\":\"https:\\\/\\\/recambiosecogas.com\\\/it\\\/producto\\\/truma-saphir-comfort-rc-caja-de-almacenamiento-de-aire-acondicionado\\\/#primaryimage\"},\"image\":{\"@id\":\"https:\\\/\\\/recambiosecogas.com\\\/it\\\/producto\\\/truma-saphir-comfort-rc-caja-de-almacenamiento-de-aire-acondicionado\\\/#primaryimage\"},\"thumbnailUrl\":\"https:\\\/\\\/recambiosecogas.com\\\/wp-content\\\/uploads\\\/2025\\\/02\\\/Truma-Saphir-Comfort-RC-caja-de-almacenamiento-de-aire-acondicionado-png.webp\",\"datePublished\":\"2025-02-24T11:01:50+00:00\",\"dateModified\":\"2026-03-26T11:01:09+00:00\",\"description\":\"Acondicionador de aire Truma Saphir Comfort RC, ideal para caravanas y autocaravanas, con funci\u00f3n de calefacci\u00f3n y control remoto para un confort \u00f3ptimo.\",\"breadcrumb\":{\"@id\":\"https:\\\/\\\/recambiosecogas.com\\\/it\\\/producto\\\/truma-saphir-comfort-rc-caja-de-almacenamiento-de-aire-acondicionado\\\/#breadcrumb\"},\"inLanguage\":\"it-IT\",\"potentialAction\":[{\"@type\":\"ReadAction\",\"target\":[\"https:\\\/\\\/recambiosecogas.com\\\/it\\\/producto\\\/truma-saphir-comfort-rc-caja-de-almacenamiento-de-aire-acondicionado\\\/\"]}]},{\"@type\":\"ImageObject\",\"inLanguage\":\"it-IT\",\"@id\":\"https:\\\/\\\/recambiosecogas.com\\\/it\\\/producto\\\/truma-saphir-comfort-rc-caja-de-almacenamiento-de-aire-acondicionado\\\/#primaryimage\",\"url\":\"https:\\\/\\\/recambiosecogas.com\\\/wp-content\\\/uploads\\\/2025\\\/02\\\/Truma-Saphir-Comfort-RC-caja-de-almacenamiento-de-aire-acondicionado-png.webp\",\"contentUrl\":\"https:\\\/\\\/recambiosecogas.com\\\/wp-content\\\/uploads\\\/2025\\\/02\\\/Truma-Saphir-Comfort-RC-caja-de-almacenamiento-de-aire-acondicionado-png.webp\",\"width\":1000,\"height\":1000},{\"@type\":\"BreadcrumbList\",\"@id\":\"https:\\\/\\\/recambiosecogas.com\\\/it\\\/producto\\\/truma-saphir-comfort-rc-caja-de-almacenamiento-de-aire-acondicionado\\\/#breadcrumb\",\"itemListElement\":[{\"@type\":\"ListItem\",\"position\":1,\"name\":\"Portada\",\"item\":\"https:\\\/\\\/recambiosecogas.com\\\/it\\\/\"},{\"@type\":\"ListItem\",\"position\":2,\"name\":\"Negozio\",\"item\":\"https:\\\/\\\/recambiosecogas.com\\\/it\\\/?page_id=46382\"},{\"@type\":\"ListItem\",\"position\":3,\"name\":\"Truma Saphir Comfort RC caja de almacenamiento de aire acondicionado\"}]},{\"@type\":\"WebSite\",\"@id\":\"https:\\\/\\\/recambiosecogas.com\\\/it\\\/#website\",\"url\":\"https:\\\/\\\/recambiosecogas.com\\\/it\\\/\",\"name\":\"Recambios EcoGas\",\"description\":\"Recambios Multimarca para sistemas de GLP\\\/GNC\\\/GNL\\\/Hidr\u00f3geno\",\"publisher\":{\"@id\":\"https:\\\/\\\/recambiosecogas.com\\\/it\\\/#organization\"},\"alternateName\":\"Recambios Autogas GLP\",\"potentialAction\":[{\"@type\":\"SearchAction\",\"target\":{\"@type\":\"EntryPoint\",\"urlTemplate\":\"https:\\\/\\\/recambiosecogas.com\\\/it\\\/?s={search_term_string}\"},\"query-input\":{\"@type\":\"PropertyValueSpecification\",\"valueRequired\":true,\"valueName\":\"search_term_string\"}}],\"inLanguage\":\"it-IT\"},{\"@type\":[\"Organization\",\"Place\"],\"@id\":\"https:\\\/\\\/recambiosecogas.com\\\/it\\\/#organization\",\"name\":\"Recambios EcoGas\",\"alternateName\":\"Tienda Online GLP Espa\u00f1a\",\"url\":\"https:\\\/\\\/recambiosecogas.com\\\/it\\\/\",\"logo\":{\"@id\":\"https:\\\/\\\/recambiosecogas.com\\\/it\\\/producto\\\/truma-saphir-comfort-rc-caja-de-almacenamiento-de-aire-acondicionado\\\/#local-main-organization-logo\"},\"image\":{\"@id\":\"https:\\\/\\\/recambiosecogas.com\\\/it\\\/producto\\\/truma-saphir-comfort-rc-caja-de-almacenamiento-de-aire-acondicionado\\\/#local-main-organization-logo\"},\"sameAs\":[\"https:\\\/\\\/www.facebook.com\\\/profile.php?id=100062419705358\",\"https:\\\/\\\/www.instagram.com\\\/segimon_automocio\"],\"description\":\"Recambios EcoGas \u2013 Venta y distribuci\u00f3n de sistemas GLP y GNC en Espa\u00f1a y Portugal. Env\u00edos 24 h, soporte t\u00e9cnico a talleres y distribuidores.\",\"hasMerchantReturnPolicy\":{\"@type\":\"MerchantReturnPolicy\",\"merchantReturnLink\":\"https:\\\/\\\/recambiosecogas.com\\\/politicas-privacidad\\\/\"},\"address\":{\"@id\":\"https:\\\/\\\/recambiosecogas.com\\\/it\\\/producto\\\/truma-saphir-comfort-rc-caja-de-almacenamiento-de-aire-acondicionado\\\/#local-main-place-address\"},\"telephone\":[\"616250633\"],\"contactPoint\":{\"@type\":\"ContactPoint\",\"email\":\"export@recambiosecogas.com\"},\"openingHoursSpecification\":[{\"@type\":\"OpeningHoursSpecification\",\"dayOfWeek\":[\"Monday\",\"Tuesday\",\"Wednesday\",\"Thursday\",\"Friday\",\"Saturday\",\"Sunday\"],\"opens\":\"09:00\",\"closes\":\"17:00\"}],\"email\":\"info@recambiosecogas.com\",\"faxNumber\":\"SEGIMON AUTOMOCION SL\",\"vatID\":\"ESB19819861\",\"globalLocationNumber\":\"938 616 339\"},{\"@type\":\"PostalAddress\",\"@id\":\"https:\\\/\\\/recambiosecogas.com\\\/it\\\/producto\\\/truma-saphir-comfort-rc-caja-de-almacenamiento-de-aire-acondicionado\\\/#local-main-place-address\",\"streetAddress\":\"cami antic de vic, 29 (Nave 3), Pol\u00edgono Industrial Congost\",\"addressLocality\":\"CORRO D`AVALL\",\"postalCode\":\"08520\",\"addressRegion\":\"Barcelona\",\"addressCountry\":\"ES\"},{\"@type\":\"ImageObject\",\"inLanguage\":\"it-IT\",\"@id\":\"https:\\\/\\\/recambiosecogas.com\\\/it\\\/producto\\\/truma-saphir-comfort-rc-caja-de-almacenamiento-de-aire-acondicionado\\\/#local-main-organization-logo\",\"url\":\"https:\\\/\\\/recambiosecogas.com\\\/wp-content\\\/uploads\\\/2024\\\/11\\\/cropped-RECAMBIOS-GLP-png.webp\",\"contentUrl\":\"https:\\\/\\\/recambiosecogas.com\\\/wp-content\\\/uploads\\\/2024\\\/11\\\/cropped-RECAMBIOS-GLP-png.webp\",\"width\":512,\"height\":512,\"caption\":\"Recambios EcoGas\"}]}<\/script>\n<meta property=\"product:brand\" content=\"TRUMA\" \/>\n<meta property=\"product:price:amount\" content=\"1767.22\" \/>\n<meta property=\"product:price:currency\" content=\"EUR\" \/>\n<meta property=\"og:availability\" content=\"backorder\" \/>\n<meta property=\"product:availability\" content=\"available for order\" \/>\n<meta property=\"product:retailer_item_id\" content=\"113700P\" \/>\n<meta property=\"product:condition\" content=\"new\" \/>\n<meta name=\"geo.placename\" content=\"CORRO D`AVALL\" \/>\n<meta name=\"geo.region\" content=\"Spagna\" \/>\n<!-- \/ Yoast SEO Premium plugin. -->","yoast_head_json":{"title":"Acondicionador de Aire Truma Saphir Comfort RC | Recambios Ecogas","description":"Acondicionador de aire Truma Saphir Comfort RC, ideal para caravanas y autocaravanas, con funci\u00f3n de calefacci\u00f3n y control remoto para un confort \u00f3ptimo.","robots":{"index":"index","follow":"follow","max-snippet":"max-snippet:-1","max-image-preview":"max-image-preview:large","max-video-preview":"max-video-preview:-1"},"canonical":"https:\/\/recambiosecogas.com\/it\/producto\/truma-saphir-comfort-rc-caja-de-almacenamiento-de-aire-acondicionado\/","og_locale":"it_IT","og_type":"article","og_title":"Truma Saphir Comfort RC caja de almacenamiento de aire acondicionado","og_description":"Acondicionador de aire Truma Saphir Comfort RC, ideal para caravanas y autocaravanas, con funci\u00f3n de calefacci\u00f3n y control remoto para un confort \u00f3ptimo.","og_url":"https:\/\/recambiosecogas.com\/it\/producto\/truma-saphir-comfort-rc-caja-de-almacenamiento-de-aire-acondicionado\/","og_site_name":"Recambios EcoGas","article_publisher":"https:\/\/www.facebook.com\/profile.php?id=100062419705358","article_modified_time":"2026-03-26T11:01:09+00:00","og_image":[{"width":1000,"height":1000,"url":"https:\/\/recambiosecogas.com\/wp-content\/uploads\/2025\/02\/Truma-Saphir-Comfort-RC-caja-de-almacenamiento-de-aire-acondicionado-png.webp","type":"image\/png"}],"twitter_card":"summary_large_image","twitter_misc":{"Prezzo":"1.767,22&nbsp;&euro; (IVA incl.: 2.138,34&nbsp;&euro;)","Disponibilit\u00e0":"Su ordinazione"},"schema":{"@context":"https:\/\/schema.org","@graph":[{"@type":"WebPage","@id":"https:\/\/recambiosecogas.com\/it\/producto\/truma-saphir-comfort-rc-caja-de-almacenamiento-de-aire-acondicionado\/","url":"https:\/\/recambiosecogas.com\/it\/producto\/truma-saphir-comfort-rc-caja-de-almacenamiento-de-aire-acondicionado\/","name":"Acondicionador de Aire Truma Saphir Comfort RC | Recambios Ecogas","isPartOf":{"@id":"https:\/\/recambiosecogas.com\/it\/#website"},"primaryImageOfPage":{"@id":"https:\/\/recambiosecogas.com\/it\/producto\/truma-saphir-comfort-rc-caja-de-almacenamiento-de-aire-acondicionado\/#primaryimage"},"image":{"@id":"https:\/\/recambiosecogas.com\/it\/producto\/truma-saphir-comfort-rc-caja-de-almacenamiento-de-aire-acondicionado\/#primaryimage"},"thumbnailUrl":"https:\/\/recambiosecogas.com\/wp-content\/uploads\/2025\/02\/Truma-Saphir-Comfort-RC-caja-de-almacenamiento-de-aire-acondicionado-png.webp","datePublished":"2025-02-24T11:01:50+00:00","dateModified":"2026-03-26T11:01:09+00:00","description":"Acondicionador de aire Truma Saphir Comfort RC, ideal para caravanas y autocaravanas, con funci\u00f3n de calefacci\u00f3n y control remoto para un confort \u00f3ptimo.","breadcrumb":{"@id":"https:\/\/recambiosecogas.com\/it\/producto\/truma-saphir-comfort-rc-caja-de-almacenamiento-de-aire-acondicionado\/#breadcrumb"},"inLanguage":"it-IT","potentialAction":[{"@type":"ReadAction","target":["https:\/\/recambiosecogas.com\/it\/producto\/truma-saphir-comfort-rc-caja-de-almacenamiento-de-aire-acondicionado\/"]}]},{"@type":"ImageObject","inLanguage":"it-IT","@id":"https:\/\/recambiosecogas.com\/it\/producto\/truma-saphir-comfort-rc-caja-de-almacenamiento-de-aire-acondicionado\/#primaryimage","url":"https:\/\/recambiosecogas.com\/wp-content\/uploads\/2025\/02\/Truma-Saphir-Comfort-RC-caja-de-almacenamiento-de-aire-acondicionado-png.webp","contentUrl":"https:\/\/recambiosecogas.com\/wp-content\/uploads\/2025\/02\/Truma-Saphir-Comfort-RC-caja-de-almacenamiento-de-aire-acondicionado-png.webp","width":1000,"height":1000},{"@type":"BreadcrumbList","@id":"https:\/\/recambiosecogas.com\/it\/producto\/truma-saphir-comfort-rc-caja-de-almacenamiento-de-aire-acondicionado\/#breadcrumb","itemListElement":[{"@type":"ListItem","position":1,"name":"Portada","item":"https:\/\/recambiosecogas.com\/it\/"},{"@type":"ListItem","position":2,"name":"Negozio","item":"https:\/\/recambiosecogas.com\/it\/?page_id=46382"},{"@type":"ListItem","position":3,"name":"Truma Saphir Comfort RC caja de almacenamiento de aire acondicionado"}]},{"@type":"WebSite","@id":"https:\/\/recambiosecogas.com\/it\/#website","url":"https:\/\/recambiosecogas.com\/it\/","name":"Recambios EcoGas","description":"Recambios Multimarca para sistemas de GLP\/GNC\/GNL\/Hidr\u00f3geno","publisher":{"@id":"https:\/\/recambiosecogas.com\/it\/#organization"},"alternateName":"Recambios Autogas GLP","potentialAction":[{"@type":"SearchAction","target":{"@type":"EntryPoint","urlTemplate":"https:\/\/recambiosecogas.com\/it\/?s={search_term_string}"},"query-input":{"@type":"PropertyValueSpecification","valueRequired":true,"valueName":"search_term_string"}}],"inLanguage":"it-IT"},{"@type":["Organization","Place"],"@id":"https:\/\/recambiosecogas.com\/it\/#organization","name":"Recambios EcoGas","alternateName":"Tienda Online GLP Espa\u00f1a","url":"https:\/\/recambiosecogas.com\/it\/","logo":{"@id":"https:\/\/recambiosecogas.com\/it\/producto\/truma-saphir-comfort-rc-caja-de-almacenamiento-de-aire-acondicionado\/#local-main-organization-logo"},"image":{"@id":"https:\/\/recambiosecogas.com\/it\/producto\/truma-saphir-comfort-rc-caja-de-almacenamiento-de-aire-acondicionado\/#local-main-organization-logo"},"sameAs":["https:\/\/www.facebook.com\/profile.php?id=100062419705358","https:\/\/www.instagram.com\/segimon_automocio"],"description":"Recambios EcoGas \u2013 Venta y distribuci\u00f3n de sistemas GLP y GNC en Espa\u00f1a y Portugal. Env\u00edos 24 h, soporte t\u00e9cnico a talleres y distribuidores.","hasMerchantReturnPolicy":{"@type":"MerchantReturnPolicy","merchantReturnLink":"https:\/\/recambiosecogas.com\/politicas-privacidad\/"},"address":{"@id":"https:\/\/recambiosecogas.com\/it\/producto\/truma-saphir-comfort-rc-caja-de-almacenamiento-de-aire-acondicionado\/#local-main-place-address"},"telephone":["616250633"],"contactPoint":{"@type":"ContactPoint","email":"export@recambiosecogas.com"},"openingHoursSpecification":[{"@type":"OpeningHoursSpecification","dayOfWeek":["Monday","Tuesday","Wednesday","Thursday","Friday","Saturday","Sunday"],"opens":"09:00","closes":"17:00"}],"email":"info@recambiosecogas.com","faxNumber":"SEGIMON AUTOMOCION SL","vatID":"ESB19819861","globalLocationNumber":"938 616 339"},{"@type":"PostalAddress","@id":"https:\/\/recambiosecogas.com\/it\/producto\/truma-saphir-comfort-rc-caja-de-almacenamiento-de-aire-acondicionado\/#local-main-place-address","streetAddress":"cami antic de vic, 29 (Nave 3), Pol\u00edgono Industrial Congost","addressLocality":"CORRO D`AVALL","postalCode":"08520","addressRegion":"Barcelona","addressCountry":"ES"},{"@type":"ImageObject","inLanguage":"it-IT","@id":"https:\/\/recambiosecogas.com\/it\/producto\/truma-saphir-comfort-rc-caja-de-almacenamiento-de-aire-acondicionado\/#local-main-organization-logo","url":"https:\/\/recambiosecogas.com\/wp-content\/uploads\/2024\/11\/cropped-RECAMBIOS-GLP-png.webp","contentUrl":"https:\/\/recambiosecogas.com\/wp-content\/uploads\/2024\/11\/cropped-RECAMBIOS-GLP-png.webp","width":512,"height":512,"caption":"Recambios EcoGas"}]},"product_brand":"TRUMA","product_price_amount":"1767.22","product_price_currency":"EUR","og_availability":"backorder","product_availability":"available for order","product_retailer_item_id":"113700P","product_condition":"new","geo.placename":"CORRO D`AVALL","geo.region":"Spagna"},"uagb_featured_image_src":{"full":["https:\/\/recambiosecogas.com\/wp-content\/uploads\/2025\/02\/Truma-Saphir-Comfort-RC-caja-de-almacenamiento-de-aire-acondicionado-png.webp",1000,1000,false],"thumbnail":["https:\/\/recambiosecogas.com\/wp-content\/uploads\/2025\/02\/Truma-Saphir-Comfort-RC-caja-de-almacenamiento-de-aire-acondicionado-150x150.webp",150,150,true],"medium":["https:\/\/recambiosecogas.com\/wp-content\/uploads\/2025\/02\/Truma-Saphir-Comfort-RC-caja-de-almacenamiento-de-aire-acondicionado-300x300.webp",300,300,true],"medium_large":["https:\/\/recambiosecogas.com\/wp-content\/uploads\/2025\/02\/Truma-Saphir-Comfort-RC-caja-de-almacenamiento-de-aire-acondicionado-768x768.webp",768,768,true],"large":["https:\/\/recambiosecogas.com\/wp-content\/uploads\/2025\/02\/Truma-Saphir-Comfort-RC-caja-de-almacenamiento-de-aire-acondicionado-png.webp",1000,1000,false],"1536x1536":["https:\/\/recambiosecogas.com\/wp-content\/uploads\/2025\/02\/Truma-Saphir-Comfort-RC-caja-de-almacenamiento-de-aire-acondicionado-png.webp",1000,1000,false],"2048x2048":["https:\/\/recambiosecogas.com\/wp-content\/uploads\/2025\/02\/Truma-Saphir-Comfort-RC-caja-de-almacenamiento-de-aire-acondicionado-png.webp",1000,1000,false],"woocommerce_archive_thumbnail":["https:\/\/recambiosecogas.com\/wp-content\/uploads\/2025\/02\/Truma-Saphir-Comfort-RC-caja-de-almacenamiento-de-aire-acondicionado-png.webp",1000,1000,false],"woocommerce_thumbnail":["https:\/\/recambiosecogas.com\/wp-content\/uploads\/2025\/02\/Truma-Saphir-Comfort-RC-caja-de-almacenamiento-de-aire-acondicionado-300x300.webp",300,300,true],"woocommerce_single":["https:\/\/recambiosecogas.com\/wp-content\/uploads\/2025\/02\/Truma-Saphir-Comfort-RC-caja-de-almacenamiento-de-aire-acondicionado-png.webp",1000,1000,false],"woocommerce_gallery_thumbnail":["https:\/\/recambiosecogas.com\/wp-content\/uploads\/2025\/02\/Truma-Saphir-Comfort-RC-caja-de-almacenamiento-de-aire-acondicionado-png.webp",1000,1000,false],"dgwt-wcas-product-suggestion":["https:\/\/recambiosecogas.com\/wp-content\/uploads\/2025\/02\/Truma-Saphir-Comfort-RC-caja-de-almacenamiento-de-aire-acondicionado-64x64.webp",64,64,true]},"uagb_author_info":{"display_name":"Fran - Soporte T\u00e9cnico","author_link":"https:\/\/recambiosecogas.com\/it\/author\/"},"uagb_comment_info":0,"uagb_excerpt":"TRUMA","_links":{"self":[{"href":"https:\/\/recambiosecogas.com\/it\/wp-json\/wp\/v2\/product\/17938","targetHints":{"allow":["GET"]}}],"collection":[{"href":"https:\/\/recambiosecogas.com\/it\/wp-json\/wp\/v2\/product"}],"about":[{"href":"https:\/\/recambiosecogas.com\/it\/wp-json\/wp\/v2\/types\/product"}],"replies":[{"embeddable":true,"href":"https:\/\/recambiosecogas.com\/it\/wp-json\/wp\/v2\/comments?post=17938"}],"wp:featuredmedia":[{"embeddable":true,"href":"https:\/\/recambiosecogas.com\/it\/wp-json\/wp\/v2\/media\/19644"}],"wp:attachment":[{"href":"https:\/\/recambiosecogas.com\/it\/wp-json\/wp\/v2\/media?parent=17938"}],"wp:term":[{"taxonomy":"product_brand","embeddable":true,"href":"https:\/\/recambiosecogas.com\/it\/wp-json\/wp\/v2\/product_brand?post=17938"},{"taxonomy":"product_cat","embeddable":true,"href":"https:\/\/recambiosecogas.com\/it\/wp-json\/wp\/v2\/product_cat?post=17938"},{"taxonomy":"product_tag","embeddable":true,"href":"https:\/\/recambiosecogas.com\/it\/wp-json\/wp\/v2\/product_tag?post=17938"}],"curies":[{"name":"wp","href":"https:\/\/api.w.org\/{rel}","templated":true}]}}