{"id":17937,"date":"2025-02-24T12:01:49","date_gmt":"2025-02-24T11:01:49","guid":{"rendered":"https:\/\/recambiosecogas.com\/producto\/truma-distribuidor-de-aire-para-el-acondicionador-de-techo-aventa-pequeno-crema-marron\/"},"modified":"2026-03-26T12:01:07","modified_gmt":"2026-03-26T11:01:07","slug":"truma-distribuidor-de-aire-para-el-acondicionador-de-techo-aventa-pequeno-crema-marron","status":"publish","type":"product","link":"https:\/\/recambiosecogas.com\/it\/producto\/truma-distribuidor-de-aire-para-el-acondicionador-de-techo-aventa-pequeno-crema-marron\/","title":{"rendered":"Truma distribuidor de aire para el acondicionador de techo Aventa peque\u00f1o crema\/marr\u00f3n"},"content":{"rendered":"<div>\n<p>Distribuidor de aire Truma, unidad interior para los acondicionadores de techo Aventa para la distribuci\u00f3n de aire fr\u00edo en la caravana, autocaravana o autocaravana, incluyendo iluminaci\u00f3n LED regulable.<\/p>\n<p>La caja distribuidora de aire es adecuada para todos los acondicionadores de aire Truma Aventa de los modelos Aventa comfort, Aventa compact y Aventa eco.<\/p>\n<p>El sistema de filtro de aire en forma de panal limpia el aire antes de distribuirlo en el veh\u00edculo. Las salidas de aire ajustables individualmente permiten la dosificaci\u00f3n individual del flujo de aire. El dise\u00f1o plano del distribuidor de aire Truma ocupa poco espacio en el interior del veh\u00edculo.<\/p>\n<p>Gracias a la optimizaci\u00f3n t\u00e9cnica, la caja del distribuidor de aire garantiza una climatizaci\u00f3n especialmente silenciosa.<\/p>\n<\/div>\n<div class=\"pd_description\">\n<div>\n<p>Color\u00a0<strong>marr\u00f3n, blanco crema<\/strong><\/p>\n<p>Ancho 49,6 cm<\/p>\n<p>Altura\u00a0<strong>4,6 cm<\/strong><\/p>\n<p>Profundidad\u00a0<strong>55,6 cm<\/strong><\/p>\n<p>Peso\u00a0<strong>3,5 Kg<\/strong><\/p>\n<\/div>\n<\/div>\n<p>El <strong>Distribuidor de Aire Truma Aventa<\/strong> es una unidad interior dise\u00f1ada para acondicionadores de techo, ideal para la distribuci\u00f3n eficiente de aire fr\u00edo en caravanas y autocaravanas. Este componente incluye iluminaci\u00f3n LED regulable, lo que a\u00f1ade funcionalidad y confort al espacio interior del veh\u00edculo.<\/p>\n<p>Este distribuidor es compatible con todos los modelos de acondicionadores de aire Truma Aventa, incluyendo Aventa comfort, Aventa compact y Aventa eco. Su dise\u00f1o plano y compacto permite una instalaci\u00f3n discreta, ocupando poco espacio en el interior del veh\u00edculo, lo que es esencial para maximizar el confort en espacios reducidos.<\/p>\n<p>El sistema de filtro de aire en forma de panal garantiza que el aire se limpie antes de ser distribuido, mejorando la calidad del aire dentro del veh\u00edculo. Adem\u00e1s, las salidas de aire ajustables individualmente permiten una dosificaci\u00f3n precisa del flujo de aire, adapt\u00e1ndose a las necesidades espec\u00edficas de los ocupantes. Gracias a su optimizaci\u00f3n t\u00e9cnica, el distribuidor de aire Truma Aventa asegura una climatizaci\u00f3n especialmente silenciosa, lo que contribuye a una experiencia de viaje m\u00e1s placentera.<\/p>\n<h4>Datos t\u00e9cnicos<\/h4>\n<p>Color: <strong>marr\u00f3n, blanco crema<\/strong><\/p>\n<p>Ancho: <strong>49,6 cm<\/strong><\/p>\n<p>Altura: <strong>4,6 cm<\/strong><\/p>\n<p>Profundidad: <strong>55,6 cm<\/strong><\/p>\n<p>Peso: <strong>3,5 Kg<\/strong><\/p>\n<p>Este distribuidor es una soluci\u00f3n efectiva para quienes buscan mejorar la climatizaci\u00f3n en sus veh\u00edculos recreativos, asegurando un ambiente c\u00f3modo y agradable durante sus viajes. Se recomienda verificar la referencia original antes de realizar la compra.<\/p>\n","protected":false},"excerpt":{"rendered":"<p>TRUMA<\/p>\n","protected":false},"featured_media":19648,"comment_status":"open","ping_status":"closed","template":"","meta":{"googlesitekit_rrm_CAowud7EDA:productID":"","_uag_custom_page_level_css":""},"product_brand":[992],"product_cat":[641],"product_tag":[],"class_list":{"0":"post-17937","1":"product","2":"type-product","3":"status-publish","4":"has-post-thumbnail","6":"product_brand-truma","7":"product_cat-sistemas-de-refrigeracion-autocaravanas","9":"first","10":"onbackorder","11":"taxable","12":"shipping-taxable","13":"purchasable","14":"product-type-simple"},"ct_brands":[{"id":992,"name":"TRUMA","slug":"truma"}],"yoast_head":"<!-- This site is optimized with the Yoast SEO Premium plugin v27.3 (Yoast SEO v27.3) - https:\/\/yoast.com\/product\/yoast-seo-premium-wordpress\/ -->\n<title>Distribuidor de Aire Truma Aventa | Recambios Ecogas<\/title>\n<meta name=\"description\" content=\"Distribuidor de aire Truma Aventa, unidad interior para acondicionadores de techo, optimizando la climatizaci\u00f3n en caravanas y autocaravanas.\" \/>\n<meta name=\"robots\" content=\"index, follow, max-snippet:-1, max-image-preview:large, max-video-preview:-1\" \/>\n<link rel=\"canonical\" href=\"https:\/\/recambiosecogas.com\/it\/producto\/truma-distribuidor-de-aire-para-el-acondicionador-de-techo-aventa-pequeno-crema-marron\/\" \/>\n<meta property=\"og:locale\" content=\"it_IT\" \/>\n<meta property=\"og:type\" content=\"article\" \/>\n<meta property=\"og:title\" content=\"Truma distribuidor de aire para el acondicionador de techo Aventa peque\u00f1o crema\/marr\u00f3n\" \/>\n<meta property=\"og:description\" content=\"Distribuidor de aire Truma Aventa, unidad interior para acondicionadores de techo, optimizando la climatizaci\u00f3n en caravanas y autocaravanas.\" \/>\n<meta property=\"og:url\" content=\"https:\/\/recambiosecogas.com\/it\/producto\/truma-distribuidor-de-aire-para-el-acondicionador-de-techo-aventa-pequeno-crema-marron\/\" \/>\n<meta property=\"og:site_name\" content=\"Recambios EcoGas\" \/>\n<meta property=\"article:publisher\" content=\"https:\/\/www.facebook.com\/profile.php?id=100062419705358\" \/>\n<meta property=\"article:modified_time\" content=\"2026-03-26T11:01:07+00:00\" \/>\n<meta property=\"og:image\" content=\"https:\/\/recambiosecogas.com\/wp-content\/uploads\/2025\/02\/Truma-Aventa-Compact-distribuidor-de-aire-Cream-png.webp\" \/>\n\t<meta property=\"og:image:width\" content=\"1000\" \/>\n\t<meta property=\"og:image:height\" content=\"1000\" \/>\n\t<meta property=\"og:image:type\" content=\"image\/png\" \/>\n<meta name=\"twitter:card\" content=\"summary_large_image\" \/>\n<meta name=\"twitter:label1\" content=\"Prezzo\" \/>\n\t<meta name=\"twitter:data1\" content=\"202,45&nbsp;&euro; (IVA incl.: 244,96&nbsp;&euro;)\" \/>\n\t<meta name=\"twitter:label2\" content=\"Disponibilit\u00e0\" \/>\n\t<meta name=\"twitter:data2\" content=\"Su ordinazione\" \/>\n<script type=\"application\/ld+json\" class=\"yoast-schema-graph\">{\"@context\":\"https:\\\/\\\/schema.org\",\"@graph\":[{\"@type\":\"WebPage\",\"@id\":\"https:\\\/\\\/recambiosecogas.com\\\/it\\\/producto\\\/truma-distribuidor-de-aire-para-el-acondicionador-de-techo-aventa-pequeno-crema-marron\\\/\",\"url\":\"https:\\\/\\\/recambiosecogas.com\\\/it\\\/producto\\\/truma-distribuidor-de-aire-para-el-acondicionador-de-techo-aventa-pequeno-crema-marron\\\/\",\"name\":\"Distribuidor de Aire Truma Aventa | Recambios Ecogas\",\"isPartOf\":{\"@id\":\"https:\\\/\\\/recambiosecogas.com\\\/it\\\/#website\"},\"primaryImageOfPage\":{\"@id\":\"https:\\\/\\\/recambiosecogas.com\\\/it\\\/producto\\\/truma-distribuidor-de-aire-para-el-acondicionador-de-techo-aventa-pequeno-crema-marron\\\/#primaryimage\"},\"image\":{\"@id\":\"https:\\\/\\\/recambiosecogas.com\\\/it\\\/producto\\\/truma-distribuidor-de-aire-para-el-acondicionador-de-techo-aventa-pequeno-crema-marron\\\/#primaryimage\"},\"thumbnailUrl\":\"https:\\\/\\\/recambiosecogas.com\\\/wp-content\\\/uploads\\\/2025\\\/02\\\/Truma-Aventa-Compact-distribuidor-de-aire-Cream-png.webp\",\"datePublished\":\"2025-02-24T11:01:49+00:00\",\"dateModified\":\"2026-03-26T11:01:07+00:00\",\"description\":\"Distribuidor de aire Truma Aventa, unidad interior para acondicionadores de techo, optimizando la climatizaci\u00f3n en caravanas y autocaravanas.\",\"breadcrumb\":{\"@id\":\"https:\\\/\\\/recambiosecogas.com\\\/it\\\/producto\\\/truma-distribuidor-de-aire-para-el-acondicionador-de-techo-aventa-pequeno-crema-marron\\\/#breadcrumb\"},\"inLanguage\":\"it-IT\",\"potentialAction\":[{\"@type\":\"ReadAction\",\"target\":[\"https:\\\/\\\/recambiosecogas.com\\\/it\\\/producto\\\/truma-distribuidor-de-aire-para-el-acondicionador-de-techo-aventa-pequeno-crema-marron\\\/\"]}]},{\"@type\":\"ImageObject\",\"inLanguage\":\"it-IT\",\"@id\":\"https:\\\/\\\/recambiosecogas.com\\\/it\\\/producto\\\/truma-distribuidor-de-aire-para-el-acondicionador-de-techo-aventa-pequeno-crema-marron\\\/#primaryimage\",\"url\":\"https:\\\/\\\/recambiosecogas.com\\\/wp-content\\\/uploads\\\/2025\\\/02\\\/Truma-Aventa-Compact-distribuidor-de-aire-Cream-png.webp\",\"contentUrl\":\"https:\\\/\\\/recambiosecogas.com\\\/wp-content\\\/uploads\\\/2025\\\/02\\\/Truma-Aventa-Compact-distribuidor-de-aire-Cream-png.webp\",\"width\":1000,\"height\":1000},{\"@type\":\"BreadcrumbList\",\"@id\":\"https:\\\/\\\/recambiosecogas.com\\\/it\\\/producto\\\/truma-distribuidor-de-aire-para-el-acondicionador-de-techo-aventa-pequeno-crema-marron\\\/#breadcrumb\",\"itemListElement\":[{\"@type\":\"ListItem\",\"position\":1,\"name\":\"Portada\",\"item\":\"https:\\\/\\\/recambiosecogas.com\\\/it\\\/\"},{\"@type\":\"ListItem\",\"position\":2,\"name\":\"Negozio\",\"item\":\"https:\\\/\\\/recambiosecogas.com\\\/it\\\/?page_id=46382\"},{\"@type\":\"ListItem\",\"position\":3,\"name\":\"Truma distribuidor de aire para el acondicionador de techo Aventa peque\u00f1o crema\\\/marr\u00f3n\"}]},{\"@type\":\"WebSite\",\"@id\":\"https:\\\/\\\/recambiosecogas.com\\\/it\\\/#website\",\"url\":\"https:\\\/\\\/recambiosecogas.com\\\/it\\\/\",\"name\":\"Recambios EcoGas\",\"description\":\"Recambios Multimarca para sistemas de GLP\\\/GNC\\\/GNL\\\/Hidr\u00f3geno\",\"publisher\":{\"@id\":\"https:\\\/\\\/recambiosecogas.com\\\/it\\\/#organization\"},\"alternateName\":\"Recambios Autogas GLP\",\"potentialAction\":[{\"@type\":\"SearchAction\",\"target\":{\"@type\":\"EntryPoint\",\"urlTemplate\":\"https:\\\/\\\/recambiosecogas.com\\\/it\\\/?s={search_term_string}\"},\"query-input\":{\"@type\":\"PropertyValueSpecification\",\"valueRequired\":true,\"valueName\":\"search_term_string\"}}],\"inLanguage\":\"it-IT\"},{\"@type\":[\"Organization\",\"Place\"],\"@id\":\"https:\\\/\\\/recambiosecogas.com\\\/it\\\/#organization\",\"name\":\"Recambios EcoGas\",\"alternateName\":\"Tienda Online GLP Espa\u00f1a\",\"url\":\"https:\\\/\\\/recambiosecogas.com\\\/it\\\/\",\"logo\":{\"@id\":\"https:\\\/\\\/recambiosecogas.com\\\/it\\\/producto\\\/truma-distribuidor-de-aire-para-el-acondicionador-de-techo-aventa-pequeno-crema-marron\\\/#local-main-organization-logo\"},\"image\":{\"@id\":\"https:\\\/\\\/recambiosecogas.com\\\/it\\\/producto\\\/truma-distribuidor-de-aire-para-el-acondicionador-de-techo-aventa-pequeno-crema-marron\\\/#local-main-organization-logo\"},\"sameAs\":[\"https:\\\/\\\/www.facebook.com\\\/profile.php?id=100062419705358\",\"https:\\\/\\\/www.instagram.com\\\/segimon_automocio\"],\"description\":\"Recambios EcoGas \u2013 Venta y distribuci\u00f3n de sistemas GLP y GNC en Espa\u00f1a y Portugal. Env\u00edos 24 h, soporte t\u00e9cnico a talleres y distribuidores.\",\"hasMerchantReturnPolicy\":{\"@type\":\"MerchantReturnPolicy\",\"merchantReturnLink\":\"https:\\\/\\\/recambiosecogas.com\\\/politicas-privacidad\\\/\"},\"address\":{\"@id\":\"https:\\\/\\\/recambiosecogas.com\\\/it\\\/producto\\\/truma-distribuidor-de-aire-para-el-acondicionador-de-techo-aventa-pequeno-crema-marron\\\/#local-main-place-address\"},\"telephone\":[\"616250633\"],\"contactPoint\":{\"@type\":\"ContactPoint\",\"email\":\"export@recambiosecogas.com\"},\"openingHoursSpecification\":[{\"@type\":\"OpeningHoursSpecification\",\"dayOfWeek\":[\"Monday\",\"Tuesday\",\"Wednesday\",\"Thursday\",\"Friday\",\"Saturday\",\"Sunday\"],\"opens\":\"09:00\",\"closes\":\"17:00\"}],\"email\":\"info@recambiosecogas.com\",\"faxNumber\":\"SEGIMON AUTOMOCION SL\",\"vatID\":\"ESB19819861\",\"globalLocationNumber\":\"938 616 339\"},{\"@type\":\"PostalAddress\",\"@id\":\"https:\\\/\\\/recambiosecogas.com\\\/it\\\/producto\\\/truma-distribuidor-de-aire-para-el-acondicionador-de-techo-aventa-pequeno-crema-marron\\\/#local-main-place-address\",\"streetAddress\":\"cami antic de vic, 29 (Nave 3), Pol\u00edgono Industrial Congost\",\"addressLocality\":\"CORRO D`AVALL\",\"postalCode\":\"08520\",\"addressRegion\":\"Barcelona\",\"addressCountry\":\"ES\"},{\"@type\":\"ImageObject\",\"inLanguage\":\"it-IT\",\"@id\":\"https:\\\/\\\/recambiosecogas.com\\\/it\\\/producto\\\/truma-distribuidor-de-aire-para-el-acondicionador-de-techo-aventa-pequeno-crema-marron\\\/#local-main-organization-logo\",\"url\":\"https:\\\/\\\/recambiosecogas.com\\\/wp-content\\\/uploads\\\/2024\\\/11\\\/cropped-RECAMBIOS-GLP-png.webp\",\"contentUrl\":\"https:\\\/\\\/recambiosecogas.com\\\/wp-content\\\/uploads\\\/2024\\\/11\\\/cropped-RECAMBIOS-GLP-png.webp\",\"width\":512,\"height\":512,\"caption\":\"Recambios EcoGas\"}]}<\/script>\n<meta property=\"product:brand\" content=\"TRUMA\" \/>\n<meta property=\"product:price:amount\" content=\"202.45\" \/>\n<meta property=\"product:price:currency\" content=\"EUR\" \/>\n<meta property=\"og:availability\" content=\"backorder\" \/>\n<meta property=\"product:availability\" content=\"available for order\" \/>\n<meta property=\"product:retailer_item_id\" content=\"112618P\" \/>\n<meta property=\"product:condition\" content=\"new\" \/>\n<meta name=\"geo.placename\" content=\"CORRO D`AVALL\" \/>\n<meta name=\"geo.region\" content=\"Spagna\" \/>\n<!-- \/ Yoast SEO Premium plugin. -->","yoast_head_json":{"title":"Distribuidor de Aire Truma Aventa | Recambios Ecogas","description":"Distribuidor de aire Truma Aventa, unidad interior para acondicionadores de techo, optimizando la climatizaci\u00f3n en caravanas y autocaravanas.","robots":{"index":"index","follow":"follow","max-snippet":"max-snippet:-1","max-image-preview":"max-image-preview:large","max-video-preview":"max-video-preview:-1"},"canonical":"https:\/\/recambiosecogas.com\/it\/producto\/truma-distribuidor-de-aire-para-el-acondicionador-de-techo-aventa-pequeno-crema-marron\/","og_locale":"it_IT","og_type":"article","og_title":"Truma distribuidor de aire para el acondicionador de techo Aventa peque\u00f1o crema\/marr\u00f3n","og_description":"Distribuidor de aire Truma Aventa, unidad interior para acondicionadores de techo, optimizando la climatizaci\u00f3n en caravanas y autocaravanas.","og_url":"https:\/\/recambiosecogas.com\/it\/producto\/truma-distribuidor-de-aire-para-el-acondicionador-de-techo-aventa-pequeno-crema-marron\/","og_site_name":"Recambios EcoGas","article_publisher":"https:\/\/www.facebook.com\/profile.php?id=100062419705358","article_modified_time":"2026-03-26T11:01:07+00:00","og_image":[{"width":1000,"height":1000,"url":"https:\/\/recambiosecogas.com\/wp-content\/uploads\/2025\/02\/Truma-Aventa-Compact-distribuidor-de-aire-Cream-png.webp","type":"image\/png"}],"twitter_card":"summary_large_image","twitter_misc":{"Prezzo":"202,45&nbsp;&euro; (IVA incl.: 244,96&nbsp;&euro;)","Disponibilit\u00e0":"Su ordinazione"},"schema":{"@context":"https:\/\/schema.org","@graph":[{"@type":"WebPage","@id":"https:\/\/recambiosecogas.com\/it\/producto\/truma-distribuidor-de-aire-para-el-acondicionador-de-techo-aventa-pequeno-crema-marron\/","url":"https:\/\/recambiosecogas.com\/it\/producto\/truma-distribuidor-de-aire-para-el-acondicionador-de-techo-aventa-pequeno-crema-marron\/","name":"Distribuidor de Aire Truma Aventa | Recambios Ecogas","isPartOf":{"@id":"https:\/\/recambiosecogas.com\/it\/#website"},"primaryImageOfPage":{"@id":"https:\/\/recambiosecogas.com\/it\/producto\/truma-distribuidor-de-aire-para-el-acondicionador-de-techo-aventa-pequeno-crema-marron\/#primaryimage"},"image":{"@id":"https:\/\/recambiosecogas.com\/it\/producto\/truma-distribuidor-de-aire-para-el-acondicionador-de-techo-aventa-pequeno-crema-marron\/#primaryimage"},"thumbnailUrl":"https:\/\/recambiosecogas.com\/wp-content\/uploads\/2025\/02\/Truma-Aventa-Compact-distribuidor-de-aire-Cream-png.webp","datePublished":"2025-02-24T11:01:49+00:00","dateModified":"2026-03-26T11:01:07+00:00","description":"Distribuidor de aire Truma Aventa, unidad interior para acondicionadores de techo, optimizando la climatizaci\u00f3n en caravanas y autocaravanas.","breadcrumb":{"@id":"https:\/\/recambiosecogas.com\/it\/producto\/truma-distribuidor-de-aire-para-el-acondicionador-de-techo-aventa-pequeno-crema-marron\/#breadcrumb"},"inLanguage":"it-IT","potentialAction":[{"@type":"ReadAction","target":["https:\/\/recambiosecogas.com\/it\/producto\/truma-distribuidor-de-aire-para-el-acondicionador-de-techo-aventa-pequeno-crema-marron\/"]}]},{"@type":"ImageObject","inLanguage":"it-IT","@id":"https:\/\/recambiosecogas.com\/it\/producto\/truma-distribuidor-de-aire-para-el-acondicionador-de-techo-aventa-pequeno-crema-marron\/#primaryimage","url":"https:\/\/recambiosecogas.com\/wp-content\/uploads\/2025\/02\/Truma-Aventa-Compact-distribuidor-de-aire-Cream-png.webp","contentUrl":"https:\/\/recambiosecogas.com\/wp-content\/uploads\/2025\/02\/Truma-Aventa-Compact-distribuidor-de-aire-Cream-png.webp","width":1000,"height":1000},{"@type":"BreadcrumbList","@id":"https:\/\/recambiosecogas.com\/it\/producto\/truma-distribuidor-de-aire-para-el-acondicionador-de-techo-aventa-pequeno-crema-marron\/#breadcrumb","itemListElement":[{"@type":"ListItem","position":1,"name":"Portada","item":"https:\/\/recambiosecogas.com\/it\/"},{"@type":"ListItem","position":2,"name":"Negozio","item":"https:\/\/recambiosecogas.com\/it\/?page_id=46382"},{"@type":"ListItem","position":3,"name":"Truma distribuidor de aire para el acondicionador de techo Aventa peque\u00f1o crema\/marr\u00f3n"}]},{"@type":"WebSite","@id":"https:\/\/recambiosecogas.com\/it\/#website","url":"https:\/\/recambiosecogas.com\/it\/","name":"Recambios EcoGas","description":"Recambios Multimarca para sistemas de GLP\/GNC\/GNL\/Hidr\u00f3geno","publisher":{"@id":"https:\/\/recambiosecogas.com\/it\/#organization"},"alternateName":"Recambios Autogas GLP","potentialAction":[{"@type":"SearchAction","target":{"@type":"EntryPoint","urlTemplate":"https:\/\/recambiosecogas.com\/it\/?s={search_term_string}"},"query-input":{"@type":"PropertyValueSpecification","valueRequired":true,"valueName":"search_term_string"}}],"inLanguage":"it-IT"},{"@type":["Organization","Place"],"@id":"https:\/\/recambiosecogas.com\/it\/#organization","name":"Recambios EcoGas","alternateName":"Tienda Online GLP Espa\u00f1a","url":"https:\/\/recambiosecogas.com\/it\/","logo":{"@id":"https:\/\/recambiosecogas.com\/it\/producto\/truma-distribuidor-de-aire-para-el-acondicionador-de-techo-aventa-pequeno-crema-marron\/#local-main-organization-logo"},"image":{"@id":"https:\/\/recambiosecogas.com\/it\/producto\/truma-distribuidor-de-aire-para-el-acondicionador-de-techo-aventa-pequeno-crema-marron\/#local-main-organization-logo"},"sameAs":["https:\/\/www.facebook.com\/profile.php?id=100062419705358","https:\/\/www.instagram.com\/segimon_automocio"],"description":"Recambios EcoGas \u2013 Venta y distribuci\u00f3n de sistemas GLP y GNC en Espa\u00f1a y Portugal. Env\u00edos 24 h, soporte t\u00e9cnico a talleres y distribuidores.","hasMerchantReturnPolicy":{"@type":"MerchantReturnPolicy","merchantReturnLink":"https:\/\/recambiosecogas.com\/politicas-privacidad\/"},"address":{"@id":"https:\/\/recambiosecogas.com\/it\/producto\/truma-distribuidor-de-aire-para-el-acondicionador-de-techo-aventa-pequeno-crema-marron\/#local-main-place-address"},"telephone":["616250633"],"contactPoint":{"@type":"ContactPoint","email":"export@recambiosecogas.com"},"openingHoursSpecification":[{"@type":"OpeningHoursSpecification","dayOfWeek":["Monday","Tuesday","Wednesday","Thursday","Friday","Saturday","Sunday"],"opens":"09:00","closes":"17:00"}],"email":"info@recambiosecogas.com","faxNumber":"SEGIMON AUTOMOCION SL","vatID":"ESB19819861","globalLocationNumber":"938 616 339"},{"@type":"PostalAddress","@id":"https:\/\/recambiosecogas.com\/it\/producto\/truma-distribuidor-de-aire-para-el-acondicionador-de-techo-aventa-pequeno-crema-marron\/#local-main-place-address","streetAddress":"cami antic de vic, 29 (Nave 3), Pol\u00edgono Industrial Congost","addressLocality":"CORRO D`AVALL","postalCode":"08520","addressRegion":"Barcelona","addressCountry":"ES"},{"@type":"ImageObject","inLanguage":"it-IT","@id":"https:\/\/recambiosecogas.com\/it\/producto\/truma-distribuidor-de-aire-para-el-acondicionador-de-techo-aventa-pequeno-crema-marron\/#local-main-organization-logo","url":"https:\/\/recambiosecogas.com\/wp-content\/uploads\/2024\/11\/cropped-RECAMBIOS-GLP-png.webp","contentUrl":"https:\/\/recambiosecogas.com\/wp-content\/uploads\/2024\/11\/cropped-RECAMBIOS-GLP-png.webp","width":512,"height":512,"caption":"Recambios EcoGas"}]},"product_brand":"TRUMA","product_price_amount":"202.45","product_price_currency":"EUR","og_availability":"backorder","product_availability":"available for order","product_retailer_item_id":"112618P","product_condition":"new","geo.placename":"CORRO D`AVALL","geo.region":"Spagna"},"uagb_featured_image_src":{"full":["https:\/\/recambiosecogas.com\/wp-content\/uploads\/2025\/02\/Truma-Aventa-Compact-distribuidor-de-aire-Cream-png.webp",1000,1000,false],"thumbnail":["https:\/\/recambiosecogas.com\/wp-content\/uploads\/2025\/02\/Truma-Aventa-Compact-distribuidor-de-aire-Cream-150x150.webp",150,150,true],"medium":["https:\/\/recambiosecogas.com\/wp-content\/uploads\/2025\/02\/Truma-Aventa-Compact-distribuidor-de-aire-Cream-300x300.webp",300,300,true],"medium_large":["https:\/\/recambiosecogas.com\/wp-content\/uploads\/2025\/02\/Truma-Aventa-Compact-distribuidor-de-aire-Cream-768x768.webp",768,768,true],"large":["https:\/\/recambiosecogas.com\/wp-content\/uploads\/2025\/02\/Truma-Aventa-Compact-distribuidor-de-aire-Cream-png.webp",1000,1000,false],"1536x1536":["https:\/\/recambiosecogas.com\/wp-content\/uploads\/2025\/02\/Truma-Aventa-Compact-distribuidor-de-aire-Cream-png.webp",1000,1000,false],"2048x2048":["https:\/\/recambiosecogas.com\/wp-content\/uploads\/2025\/02\/Truma-Aventa-Compact-distribuidor-de-aire-Cream-png.webp",1000,1000,false],"woocommerce_archive_thumbnail":["https:\/\/recambiosecogas.com\/wp-content\/uploads\/2025\/02\/Truma-Aventa-Compact-distribuidor-de-aire-Cream-png.webp",1000,1000,false],"woocommerce_thumbnail":["https:\/\/recambiosecogas.com\/wp-content\/uploads\/2025\/02\/Truma-Aventa-Compact-distribuidor-de-aire-Cream-300x300.webp",300,300,true],"woocommerce_single":["https:\/\/recambiosecogas.com\/wp-content\/uploads\/2025\/02\/Truma-Aventa-Compact-distribuidor-de-aire-Cream-png.webp",1000,1000,false],"woocommerce_gallery_thumbnail":["https:\/\/recambiosecogas.com\/wp-content\/uploads\/2025\/02\/Truma-Aventa-Compact-distribuidor-de-aire-Cream-png.webp",1000,1000,false],"dgwt-wcas-product-suggestion":["https:\/\/recambiosecogas.com\/wp-content\/uploads\/2025\/02\/Truma-Aventa-Compact-distribuidor-de-aire-Cream-64x64.webp",64,64,true]},"uagb_author_info":{"display_name":"Fran - Soporte T\u00e9cnico","author_link":"https:\/\/recambiosecogas.com\/it\/author\/"},"uagb_comment_info":0,"uagb_excerpt":"TRUMA","_links":{"self":[{"href":"https:\/\/recambiosecogas.com\/it\/wp-json\/wp\/v2\/product\/17937","targetHints":{"allow":["GET"]}}],"collection":[{"href":"https:\/\/recambiosecogas.com\/it\/wp-json\/wp\/v2\/product"}],"about":[{"href":"https:\/\/recambiosecogas.com\/it\/wp-json\/wp\/v2\/types\/product"}],"replies":[{"embeddable":true,"href":"https:\/\/recambiosecogas.com\/it\/wp-json\/wp\/v2\/comments?post=17937"}],"wp:featuredmedia":[{"embeddable":true,"href":"https:\/\/recambiosecogas.com\/it\/wp-json\/wp\/v2\/media\/19648"}],"wp:attachment":[{"href":"https:\/\/recambiosecogas.com\/it\/wp-json\/wp\/v2\/media?parent=17937"}],"wp:term":[{"taxonomy":"product_brand","embeddable":true,"href":"https:\/\/recambiosecogas.com\/it\/wp-json\/wp\/v2\/product_brand?post=17937"},{"taxonomy":"product_cat","embeddable":true,"href":"https:\/\/recambiosecogas.com\/it\/wp-json\/wp\/v2\/product_cat?post=17937"},{"taxonomy":"product_tag","embeddable":true,"href":"https:\/\/recambiosecogas.com\/it\/wp-json\/wp\/v2\/product_tag?post=17937"}],"curies":[{"name":"wp","href":"https:\/\/api.w.org\/{rel}","templated":true}]}}