{"id":17923,"date":"2025-02-24T12:01:29","date_gmt":"2025-02-24T11:01:29","guid":{"rendered":"https:\/\/recambiosecogas.com\/producto\/hot-wok-sarten-de-hierro-fundido-de-35-cm\/"},"modified":"2026-03-26T12:00:58","modified_gmt":"2026-03-26T11:00:58","slug":"hot-wok-sarten-de-hierro-fundido-de-35-cm","status":"publish","type":"product","link":"https:\/\/recambiosecogas.com\/it\/producto\/hot-wok-sarten-de-hierro-fundido-de-35-cm\/","title":{"rendered":"HOT WOK Sart\u00e9n de hierro fundido de 35 cm"},"content":{"rendered":"<p><strong>La sart\u00e9n grill HOT WOK de 32,5cm<\/strong><\/p>\n<p>La sart\u00e9n grill HOT WOK, fabricada en\u00a0<strong>fundici\u00f3n de hierro<\/strong>, puede utilizarse por ambos lados y es perfecta para asar, cocinar y hornear.<\/p>\n<p>El lado estriado de la parrilla es especialmente adecuado para la carne o los alimentos asados en corto. El otro lado se puede utilizar para muchos otros platos.<\/p>\n<p>La sart\u00e9n grill HOT WOK tiene un\u00a0<strong>calor enorme<\/strong>\u00a0y se puede limpiar en su cocina.<\/p>\n<p>El\u00a0<strong>tiempo de calentamiento es de aproximadamente 1 minuto<\/strong>.<\/p>\n<p>La <strong>sart\u00e9n grill HOT WOK de 35 cm<\/strong> es un utensilio de cocina vers\u00e1til y esencial, fabricada en <strong>fundici\u00f3n de hierro<\/strong>. Su dise\u00f1o permite utilizarla por ambos lados, lo que la hace perfecta para asar, cocinar y hornear una variedad de alimentos.<\/p>\n<p>El lado estriado de la sart\u00e9n es especialmente adecuado para preparar carnes y otros alimentos asados, proporcionando marcas de grill que mejoran la presentaci\u00f3n y el sabor. El otro lado es ideal para cocinar una amplia gama de platos, asegurando una distribuci\u00f3n uniforme del calor.<\/p>\n<p>Esta sart\u00e9n grill destaca por su <strong>calor enorme<\/strong>, que permite un calentamiento r\u00e1pido, con un tiempo de aproximadamente <strong>1 minuto<\/strong>. Esto la convierte en una opci\u00f3n eficiente para quienes buscan rapidez y calidad en la cocina. Adem\u00e1s, su material de fundici\u00f3n de hierro garantiza una durabilidad excepcional y una excelente retenci\u00f3n del calor.<\/p>\n<p>Es recomendable limpiar la sart\u00e9n adecuadamente despu\u00e9s de cada uso para mantener su rendimiento y prolongar su vida \u00fatil. La sart\u00e9n grill HOT WOK es ideal para aquellos que utilizan sistemas de <strong>Autogas<\/strong> en su cocina, asegurando una experiencia culinaria satisfactoria y eficiente.<\/p>\n<h4>Compatibilidad<\/h4>\n<p>Compatible con sistemas de cocina que utilizan Autogas. Se recomienda verificar las especificaciones del fabricante antes de realizar la compra.<\/p>\n","protected":false},"excerpt":{"rendered":"<p>HOT WOK<\/p>\n","protected":false},"featured_media":19658,"comment_status":"open","ping_status":"closed","template":"","meta":{"_uag_custom_page_level_css":""},"product_brand":[],"product_cat":[1377],"product_tag":[],"class_list":{"0":"post-17923","1":"product","2":"type-product","3":"status-publish","4":"has-post-thumbnail","6":"product_cat-churrascos","8":"first","9":"onbackorder","10":"taxable","11":"shipping-taxable","12":"purchasable","13":"product-type-simple"},"ct_brands":[],"yoast_head":"<!-- This site is optimized with the Yoast SEO Premium plugin v27.5 (Yoast SEO v27.6) - https:\/\/yoast.com\/product\/yoast-seo-premium-wordpress\/ -->\n<title>Sart\u00e9n Grill HOT WOK de 35 cm | Recambios Ecogas<\/title>\n<meta name=\"description\" content=\"Sart\u00e9n grill HOT WOK de 35 cm, fabricada en fundici\u00f3n de hierro, ideal para asar y cocinar con sistemas de Autogas, ofrece un calentamiento r\u00e1pido y eficiente.\" \/>\n<meta name=\"robots\" content=\"index, follow, max-snippet:-1, max-image-preview:large, max-video-preview:-1\" \/>\n<link rel=\"canonical\" href=\"https:\/\/recambiosecogas.com\/it\/producto\/hot-wok-sarten-de-hierro-fundido-de-35-cm\/\" \/>\n<meta property=\"og:locale\" content=\"it_IT\" \/>\n<meta property=\"og:type\" content=\"article\" \/>\n<meta property=\"og:title\" content=\"HOT WOK Sart\u00e9n de hierro fundido de 35 cm\" \/>\n<meta property=\"og:description\" content=\"Sart\u00e9n grill HOT WOK de 35 cm, fabricada en fundici\u00f3n de hierro, ideal para asar y cocinar con sistemas de Autogas, ofrece un calentamiento r\u00e1pido y eficiente.\" \/>\n<meta property=\"og:url\" content=\"https:\/\/recambiosecogas.com\/it\/producto\/hot-wok-sarten-de-hierro-fundido-de-35-cm\/\" \/>\n<meta property=\"og:site_name\" content=\"Recambios EcoGas\" \/>\n<meta property=\"article:publisher\" content=\"https:\/\/www.facebook.com\/profile.php?id=100062419705358\" \/>\n<meta property=\"article:modified_time\" content=\"2026-03-26T11:00:58+00:00\" \/>\n<meta property=\"og:image\" content=\"https:\/\/recambiosecogas.com\/wp-content\/uploads\/2025\/02\/HOT-WOK-Sarten-de-hierro-fundido-de-35-cm-png.webp\" \/>\n\t<meta property=\"og:image:width\" content=\"1000\" \/>\n\t<meta property=\"og:image:height\" content=\"1000\" \/>\n\t<meta property=\"og:image:type\" content=\"image\/png\" \/>\n<meta name=\"twitter:card\" content=\"summary_large_image\" \/>\n<meta name=\"twitter:label1\" content=\"Prezzo\" \/>\n\t<meta name=\"twitter:data1\" content=\"58,91&nbsp;&euro; (Sin IVA: 48,69&nbsp;&euro;)\" \/>\n\t<meta name=\"twitter:label2\" content=\"Disponibilit\u00e0\" \/>\n\t<meta name=\"twitter:data2\" content=\"Su ordinazione\" \/>\n<script type=\"application\/ld+json\" class=\"yoast-schema-graph\">{\"@context\":\"https:\\\/\\\/schema.org\",\"@graph\":[{\"@type\":\"WebPage\",\"@id\":\"https:\\\/\\\/recambiosecogas.com\\\/it\\\/producto\\\/hot-wok-sarten-de-hierro-fundido-de-35-cm\\\/\",\"url\":\"https:\\\/\\\/recambiosecogas.com\\\/it\\\/producto\\\/hot-wok-sarten-de-hierro-fundido-de-35-cm\\\/\",\"name\":\"Sart\u00e9n Grill HOT WOK de 35 cm | Recambios Ecogas\",\"isPartOf\":{\"@id\":\"https:\\\/\\\/recambiosecogas.com\\\/it\\\/#website\"},\"primaryImageOfPage\":{\"@id\":\"https:\\\/\\\/recambiosecogas.com\\\/it\\\/producto\\\/hot-wok-sarten-de-hierro-fundido-de-35-cm\\\/#primaryimage\"},\"image\":{\"@id\":\"https:\\\/\\\/recambiosecogas.com\\\/it\\\/producto\\\/hot-wok-sarten-de-hierro-fundido-de-35-cm\\\/#primaryimage\"},\"thumbnailUrl\":\"https:\\\/\\\/recambiosecogas.com\\\/wp-content\\\/uploads\\\/2025\\\/02\\\/HOT-WOK-Sarten-de-hierro-fundido-de-35-cm-png.webp\",\"datePublished\":\"2025-02-24T11:01:29+00:00\",\"dateModified\":\"2026-03-26T11:00:58+00:00\",\"description\":\"Sart\u00e9n grill HOT WOK de 35 cm, fabricada en fundici\u00f3n de hierro, ideal para asar y cocinar con sistemas de Autogas, ofrece un calentamiento r\u00e1pido y eficiente.\",\"breadcrumb\":{\"@id\":\"https:\\\/\\\/recambiosecogas.com\\\/it\\\/producto\\\/hot-wok-sarten-de-hierro-fundido-de-35-cm\\\/#breadcrumb\"},\"inLanguage\":\"it-IT\",\"potentialAction\":[{\"@type\":\"ReadAction\",\"target\":[\"https:\\\/\\\/recambiosecogas.com\\\/it\\\/producto\\\/hot-wok-sarten-de-hierro-fundido-de-35-cm\\\/\"]}]},{\"@type\":\"ImageObject\",\"inLanguage\":\"it-IT\",\"@id\":\"https:\\\/\\\/recambiosecogas.com\\\/it\\\/producto\\\/hot-wok-sarten-de-hierro-fundido-de-35-cm\\\/#primaryimage\",\"url\":\"https:\\\/\\\/recambiosecogas.com\\\/wp-content\\\/uploads\\\/2025\\\/02\\\/HOT-WOK-Sarten-de-hierro-fundido-de-35-cm-png.webp\",\"contentUrl\":\"https:\\\/\\\/recambiosecogas.com\\\/wp-content\\\/uploads\\\/2025\\\/02\\\/HOT-WOK-Sarten-de-hierro-fundido-de-35-cm-png.webp\",\"width\":1000,\"height\":1000},{\"@type\":\"BreadcrumbList\",\"@id\":\"https:\\\/\\\/recambiosecogas.com\\\/it\\\/producto\\\/hot-wok-sarten-de-hierro-fundido-de-35-cm\\\/#breadcrumb\",\"itemListElement\":[{\"@type\":\"ListItem\",\"position\":1,\"name\":\"Portada\",\"item\":\"https:\\\/\\\/recambiosecogas.com\\\/it\\\/\"},{\"@type\":\"ListItem\",\"position\":2,\"name\":\"Negozio\",\"item\":\"https:\\\/\\\/recambiosecogas.com\\\/it\\\/?page_id=46382\"},{\"@type\":\"ListItem\",\"position\":3,\"name\":\"HOT WOK Sart\u00e9n de hierro fundido de 35 cm\"}]},{\"@type\":\"WebSite\",\"@id\":\"https:\\\/\\\/recambiosecogas.com\\\/it\\\/#website\",\"url\":\"https:\\\/\\\/recambiosecogas.com\\\/it\\\/\",\"name\":\"Recambios EcoGas\",\"description\":\"Recambios Multimarca para sistemas de GLP\\\/GNC\\\/GNL\\\/Hidr\u00f3geno\",\"publisher\":{\"@id\":\"https:\\\/\\\/recambiosecogas.com\\\/it\\\/#organization\"},\"alternateName\":\"Recambios Autogas GLP\",\"potentialAction\":[{\"@type\":\"SearchAction\",\"target\":{\"@type\":\"EntryPoint\",\"urlTemplate\":\"https:\\\/\\\/recambiosecogas.com\\\/it\\\/?s={search_term_string}\"},\"query-input\":{\"@type\":\"PropertyValueSpecification\",\"valueRequired\":true,\"valueName\":\"search_term_string\"}}],\"inLanguage\":\"it-IT\"},{\"@type\":[\"Organization\",\"Place\"],\"@id\":\"https:\\\/\\\/recambiosecogas.com\\\/it\\\/#organization\",\"name\":\"Recambios EcoGas\",\"alternateName\":\"Tienda Online GLP Espa\u00f1a\",\"url\":\"https:\\\/\\\/recambiosecogas.com\\\/it\\\/\",\"logo\":{\"@id\":\"https:\\\/\\\/recambiosecogas.com\\\/it\\\/producto\\\/hot-wok-sarten-de-hierro-fundido-de-35-cm\\\/#local-main-organization-logo\"},\"image\":{\"@id\":\"https:\\\/\\\/recambiosecogas.com\\\/it\\\/producto\\\/hot-wok-sarten-de-hierro-fundido-de-35-cm\\\/#local-main-organization-logo\"},\"sameAs\":[\"https:\\\/\\\/www.facebook.com\\\/profile.php?id=100062419705358\",\"https:\\\/\\\/www.instagram.com\\\/segimon_automocio\"],\"description\":\"Recambios EcoGas \u2013 Venta y distribuci\u00f3n de sistemas GLP y GNC en Espa\u00f1a y Portugal. Env\u00edos 24 h, soporte t\u00e9cnico a talleres y distribuidores.\",\"hasMerchantReturnPolicy\":{\"@type\":\"MerchantReturnPolicy\",\"merchantReturnLink\":\"https:\\\/\\\/recambiosecogas.com\\\/politicas-privacidad\\\/\"},\"address\":{\"@id\":\"https:\\\/\\\/recambiosecogas.com\\\/it\\\/producto\\\/hot-wok-sarten-de-hierro-fundido-de-35-cm\\\/#local-main-place-address\"},\"telephone\":[\"616250633\"],\"contactPoint\":{\"@type\":\"ContactPoint\",\"email\":\"export@recambiosecogas.com\"},\"openingHoursSpecification\":[{\"@type\":\"OpeningHoursSpecification\",\"dayOfWeek\":[\"Monday\",\"Tuesday\",\"Wednesday\",\"Thursday\",\"Friday\",\"Saturday\",\"Sunday\"],\"opens\":\"09:00\",\"closes\":\"17:00\"}],\"email\":\"info@recambiosecogas.com\",\"faxNumber\":\"SEGIMON AUTOMOCION SL\",\"vatID\":\"ESB19819861\",\"globalLocationNumber\":\"938 616 339\"},{\"@type\":\"PostalAddress\",\"@id\":\"https:\\\/\\\/recambiosecogas.com\\\/it\\\/producto\\\/hot-wok-sarten-de-hierro-fundido-de-35-cm\\\/#local-main-place-address\",\"streetAddress\":\"cami antic de vic, 29 (Nave 3), Pol\u00edgono Industrial Congost\",\"addressLocality\":\"CORRO D`AVALL\",\"postalCode\":\"08520\",\"addressRegion\":\"Barcelona\",\"addressCountry\":\"ES\"},{\"@type\":\"ImageObject\",\"inLanguage\":\"it-IT\",\"@id\":\"https:\\\/\\\/recambiosecogas.com\\\/it\\\/producto\\\/hot-wok-sarten-de-hierro-fundido-de-35-cm\\\/#local-main-organization-logo\",\"url\":\"https:\\\/\\\/recambiosecogas.com\\\/wp-content\\\/uploads\\\/2024\\\/11\\\/cropped-RECAMBIOS-GLP-png.webp\",\"contentUrl\":\"https:\\\/\\\/recambiosecogas.com\\\/wp-content\\\/uploads\\\/2024\\\/11\\\/cropped-RECAMBIOS-GLP-png.webp\",\"width\":512,\"height\":512,\"caption\":\"Recambios EcoGas\"}]}<\/script>\n<meta property=\"product:price:amount\" content=\"58.91\" \/>\n<meta property=\"product:price:currency\" content=\"EUR\" \/>\n<meta property=\"og:availability\" content=\"backorder\" \/>\n<meta property=\"product:availability\" content=\"available for order\" \/>\n<meta property=\"product:retailer_item_id\" content=\"111666A\" \/>\n<meta property=\"product:condition\" content=\"new\" \/>\n<meta name=\"geo.placename\" content=\"CORRO D`AVALL\" \/>\n<meta name=\"geo.region\" content=\"Spagna\" \/>\n<!-- \/ Yoast SEO Premium plugin. -->","yoast_head_json":{"title":"Sart\u00e9n Grill HOT WOK de 35 cm | Recambios Ecogas","description":"Sart\u00e9n grill HOT WOK de 35 cm, fabricada en fundici\u00f3n de hierro, ideal para asar y cocinar con sistemas de Autogas, ofrece un calentamiento r\u00e1pido y eficiente.","robots":{"index":"index","follow":"follow","max-snippet":"max-snippet:-1","max-image-preview":"max-image-preview:large","max-video-preview":"max-video-preview:-1"},"canonical":"https:\/\/recambiosecogas.com\/it\/producto\/hot-wok-sarten-de-hierro-fundido-de-35-cm\/","og_locale":"it_IT","og_type":"article","og_title":"HOT WOK Sart\u00e9n de hierro fundido de 35 cm","og_description":"Sart\u00e9n grill HOT WOK de 35 cm, fabricada en fundici\u00f3n de hierro, ideal para asar y cocinar con sistemas de Autogas, ofrece un calentamiento r\u00e1pido y eficiente.","og_url":"https:\/\/recambiosecogas.com\/it\/producto\/hot-wok-sarten-de-hierro-fundido-de-35-cm\/","og_site_name":"Recambios EcoGas","article_publisher":"https:\/\/www.facebook.com\/profile.php?id=100062419705358","article_modified_time":"2026-03-26T11:00:58+00:00","og_image":[{"width":1000,"height":1000,"url":"https:\/\/recambiosecogas.com\/wp-content\/uploads\/2025\/02\/HOT-WOK-Sarten-de-hierro-fundido-de-35-cm-png.webp","type":"image\/png"}],"twitter_card":"summary_large_image","twitter_misc":{"Prezzo":"58,91&nbsp;&euro; (Sin IVA: 48,69&nbsp;&euro;)","Disponibilit\u00e0":"Su ordinazione"},"schema":{"@context":"https:\/\/schema.org","@graph":[{"@type":"WebPage","@id":"https:\/\/recambiosecogas.com\/it\/producto\/hot-wok-sarten-de-hierro-fundido-de-35-cm\/","url":"https:\/\/recambiosecogas.com\/it\/producto\/hot-wok-sarten-de-hierro-fundido-de-35-cm\/","name":"Sart\u00e9n Grill HOT WOK de 35 cm | Recambios Ecogas","isPartOf":{"@id":"https:\/\/recambiosecogas.com\/it\/#website"},"primaryImageOfPage":{"@id":"https:\/\/recambiosecogas.com\/it\/producto\/hot-wok-sarten-de-hierro-fundido-de-35-cm\/#primaryimage"},"image":{"@id":"https:\/\/recambiosecogas.com\/it\/producto\/hot-wok-sarten-de-hierro-fundido-de-35-cm\/#primaryimage"},"thumbnailUrl":"https:\/\/recambiosecogas.com\/wp-content\/uploads\/2025\/02\/HOT-WOK-Sarten-de-hierro-fundido-de-35-cm-png.webp","datePublished":"2025-02-24T11:01:29+00:00","dateModified":"2026-03-26T11:00:58+00:00","description":"Sart\u00e9n grill HOT WOK de 35 cm, fabricada en fundici\u00f3n de hierro, ideal para asar y cocinar con sistemas de Autogas, ofrece un calentamiento r\u00e1pido y eficiente.","breadcrumb":{"@id":"https:\/\/recambiosecogas.com\/it\/producto\/hot-wok-sarten-de-hierro-fundido-de-35-cm\/#breadcrumb"},"inLanguage":"it-IT","potentialAction":[{"@type":"ReadAction","target":["https:\/\/recambiosecogas.com\/it\/producto\/hot-wok-sarten-de-hierro-fundido-de-35-cm\/"]}]},{"@type":"ImageObject","inLanguage":"it-IT","@id":"https:\/\/recambiosecogas.com\/it\/producto\/hot-wok-sarten-de-hierro-fundido-de-35-cm\/#primaryimage","url":"https:\/\/recambiosecogas.com\/wp-content\/uploads\/2025\/02\/HOT-WOK-Sarten-de-hierro-fundido-de-35-cm-png.webp","contentUrl":"https:\/\/recambiosecogas.com\/wp-content\/uploads\/2025\/02\/HOT-WOK-Sarten-de-hierro-fundido-de-35-cm-png.webp","width":1000,"height":1000},{"@type":"BreadcrumbList","@id":"https:\/\/recambiosecogas.com\/it\/producto\/hot-wok-sarten-de-hierro-fundido-de-35-cm\/#breadcrumb","itemListElement":[{"@type":"ListItem","position":1,"name":"Portada","item":"https:\/\/recambiosecogas.com\/it\/"},{"@type":"ListItem","position":2,"name":"Negozio","item":"https:\/\/recambiosecogas.com\/it\/?page_id=46382"},{"@type":"ListItem","position":3,"name":"HOT WOK Sart\u00e9n de hierro fundido de 35 cm"}]},{"@type":"WebSite","@id":"https:\/\/recambiosecogas.com\/it\/#website","url":"https:\/\/recambiosecogas.com\/it\/","name":"Recambios EcoGas","description":"Recambios Multimarca para sistemas de GLP\/GNC\/GNL\/Hidr\u00f3geno","publisher":{"@id":"https:\/\/recambiosecogas.com\/it\/#organization"},"alternateName":"Recambios Autogas GLP","potentialAction":[{"@type":"SearchAction","target":{"@type":"EntryPoint","urlTemplate":"https:\/\/recambiosecogas.com\/it\/?s={search_term_string}"},"query-input":{"@type":"PropertyValueSpecification","valueRequired":true,"valueName":"search_term_string"}}],"inLanguage":"it-IT"},{"@type":["Organization","Place"],"@id":"https:\/\/recambiosecogas.com\/it\/#organization","name":"Recambios EcoGas","alternateName":"Tienda Online GLP Espa\u00f1a","url":"https:\/\/recambiosecogas.com\/it\/","logo":{"@id":"https:\/\/recambiosecogas.com\/it\/producto\/hot-wok-sarten-de-hierro-fundido-de-35-cm\/#local-main-organization-logo"},"image":{"@id":"https:\/\/recambiosecogas.com\/it\/producto\/hot-wok-sarten-de-hierro-fundido-de-35-cm\/#local-main-organization-logo"},"sameAs":["https:\/\/www.facebook.com\/profile.php?id=100062419705358","https:\/\/www.instagram.com\/segimon_automocio"],"description":"Recambios EcoGas \u2013 Venta y distribuci\u00f3n de sistemas GLP y GNC en Espa\u00f1a y Portugal. Env\u00edos 24 h, soporte t\u00e9cnico a talleres y distribuidores.","hasMerchantReturnPolicy":{"@type":"MerchantReturnPolicy","merchantReturnLink":"https:\/\/recambiosecogas.com\/politicas-privacidad\/"},"address":{"@id":"https:\/\/recambiosecogas.com\/it\/producto\/hot-wok-sarten-de-hierro-fundido-de-35-cm\/#local-main-place-address"},"telephone":["616250633"],"contactPoint":{"@type":"ContactPoint","email":"export@recambiosecogas.com"},"openingHoursSpecification":[{"@type":"OpeningHoursSpecification","dayOfWeek":["Monday","Tuesday","Wednesday","Thursday","Friday","Saturday","Sunday"],"opens":"09:00","closes":"17:00"}],"email":"info@recambiosecogas.com","faxNumber":"SEGIMON AUTOMOCION SL","vatID":"ESB19819861","globalLocationNumber":"938 616 339"},{"@type":"PostalAddress","@id":"https:\/\/recambiosecogas.com\/it\/producto\/hot-wok-sarten-de-hierro-fundido-de-35-cm\/#local-main-place-address","streetAddress":"cami antic de vic, 29 (Nave 3), Pol\u00edgono Industrial Congost","addressLocality":"CORRO D`AVALL","postalCode":"08520","addressRegion":"Barcelona","addressCountry":"ES"},{"@type":"ImageObject","inLanguage":"it-IT","@id":"https:\/\/recambiosecogas.com\/it\/producto\/hot-wok-sarten-de-hierro-fundido-de-35-cm\/#local-main-organization-logo","url":"https:\/\/recambiosecogas.com\/wp-content\/uploads\/2024\/11\/cropped-RECAMBIOS-GLP-png.webp","contentUrl":"https:\/\/recambiosecogas.com\/wp-content\/uploads\/2024\/11\/cropped-RECAMBIOS-GLP-png.webp","width":512,"height":512,"caption":"Recambios EcoGas"}]},"product_price_amount":"58.91","product_price_currency":"EUR","og_availability":"backorder","product_availability":"available for order","product_retailer_item_id":"111666A","product_condition":"new","geo.placename":"CORRO D`AVALL","geo.region":"Spagna"},"uagb_featured_image_src":{"full":["https:\/\/recambiosecogas.com\/wp-content\/uploads\/2025\/02\/HOT-WOK-Sarten-de-hierro-fundido-de-35-cm-png.webp",1000,1000,false],"thumbnail":["https:\/\/recambiosecogas.com\/wp-content\/uploads\/2025\/02\/HOT-WOK-Sarten-de-hierro-fundido-de-35-cm-150x150.webp",150,150,true],"medium":["https:\/\/recambiosecogas.com\/wp-content\/uploads\/2025\/02\/HOT-WOK-Sarten-de-hierro-fundido-de-35-cm-300x300.webp",300,300,true],"medium_large":["https:\/\/recambiosecogas.com\/wp-content\/uploads\/2025\/02\/HOT-WOK-Sarten-de-hierro-fundido-de-35-cm-768x768.webp",768,768,true],"large":["https:\/\/recambiosecogas.com\/wp-content\/uploads\/2025\/02\/HOT-WOK-Sarten-de-hierro-fundido-de-35-cm-png.webp",1000,1000,false],"1536x1536":["https:\/\/recambiosecogas.com\/wp-content\/uploads\/2025\/02\/HOT-WOK-Sarten-de-hierro-fundido-de-35-cm-png.webp",1000,1000,false],"2048x2048":["https:\/\/recambiosecogas.com\/wp-content\/uploads\/2025\/02\/HOT-WOK-Sarten-de-hierro-fundido-de-35-cm-png.webp",1000,1000,false],"woocommerce_archive_thumbnail":["https:\/\/recambiosecogas.com\/wp-content\/uploads\/2025\/02\/HOT-WOK-Sarten-de-hierro-fundido-de-35-cm-png.webp",1000,1000,false],"woocommerce_thumbnail":["https:\/\/recambiosecogas.com\/wp-content\/uploads\/2025\/02\/HOT-WOK-Sarten-de-hierro-fundido-de-35-cm-300x300.webp",300,300,true],"woocommerce_single":["https:\/\/recambiosecogas.com\/wp-content\/uploads\/2025\/02\/HOT-WOK-Sarten-de-hierro-fundido-de-35-cm-png.webp",1000,1000,false],"woocommerce_gallery_thumbnail":["https:\/\/recambiosecogas.com\/wp-content\/uploads\/2025\/02\/HOT-WOK-Sarten-de-hierro-fundido-de-35-cm-png.webp",1000,1000,false],"dgwt-wcas-product-suggestion":["https:\/\/recambiosecogas.com\/wp-content\/uploads\/2025\/02\/HOT-WOK-Sarten-de-hierro-fundido-de-35-cm-64x64.webp",64,64,true]},"uagb_author_info":{"display_name":"Fran - Soporte T\u00e9cnico","author_link":"https:\/\/recambiosecogas.com\/it\/author\/"},"uagb_comment_info":0,"uagb_excerpt":"HOT WOK","_links":{"self":[{"href":"https:\/\/recambiosecogas.com\/it\/wp-json\/wp\/v2\/product\/17923","targetHints":{"allow":["GET"]}}],"collection":[{"href":"https:\/\/recambiosecogas.com\/it\/wp-json\/wp\/v2\/product"}],"about":[{"href":"https:\/\/recambiosecogas.com\/it\/wp-json\/wp\/v2\/types\/product"}],"replies":[{"embeddable":true,"href":"https:\/\/recambiosecogas.com\/it\/wp-json\/wp\/v2\/comments?post=17923"}],"wp:featuredmedia":[{"embeddable":true,"href":"https:\/\/recambiosecogas.com\/it\/wp-json\/wp\/v2\/media\/19658"}],"wp:attachment":[{"href":"https:\/\/recambiosecogas.com\/it\/wp-json\/wp\/v2\/media?parent=17923"}],"wp:term":[{"taxonomy":"product_brand","embeddable":true,"href":"https:\/\/recambiosecogas.com\/it\/wp-json\/wp\/v2\/product_brand?post=17923"},{"taxonomy":"product_cat","embeddable":true,"href":"https:\/\/recambiosecogas.com\/it\/wp-json\/wp\/v2\/product_cat?post=17923"},{"taxonomy":"product_tag","embeddable":true,"href":"https:\/\/recambiosecogas.com\/it\/wp-json\/wp\/v2\/product_tag?post=17923"}],"curies":[{"name":"wp","href":"https:\/\/api.w.org\/{rel}","templated":true}]}}