{"id":17875,"date":"2025-02-24T11:25:31","date_gmt":"2025-02-24T10:25:31","guid":{"rendered":"https:\/\/recambiosecogas.com\/producto\/gok-sistema-regulador-50-mbar-en61-1-kg-h-conex-comb-uv-sku-x-rvs-8-mm\/"},"modified":"2026-03-26T12:00:30","modified_gmt":"2026-03-26T11:00:30","slug":"gok-sistema-regulador-50-mbar-en61-1-kg-h-conex-comb-uv-sku-x-rvs-8-mm","status":"publish","type":"product","link":"https:\/\/recambiosecogas.com\/it\/producto\/gok-sistema-regulador-50-mbar-en61-1-kg-h-conex-comb-uv-sku-x-rvs-8-mm\/","title":{"rendered":"GOK sistema regulador 50 mbar EN61- 1 kg\/h conex. comb. UV\/SKU X RVS 8 mm"},"content":{"rendered":"<p>El regulador de presi\u00f3n de gas GOK EN61 PS 16bar se utiliza para la conexi\u00f3n directa a la bombona de gas a trav\u00e9s de una conexi\u00f3n roscada en la autocaravana o caravana. El regulador de presi\u00f3n regula la presi\u00f3n del gas para que se puedan conectar los aparatos deseados y es apto\u00a0<strong>para <\/strong><strong>autocaravanas <\/strong><strong>Westfalia\/Volkswagen<\/strong><strong>VW T 2, 3, 4<\/strong>El regulador de gas dispone de una v\u00e1lvula de purga de seguridad (PRV) y una conexi\u00f3n de ventilaci\u00f3n, que tambi\u00e9n impide la entrada de humedad, por ejemplo agua de lluvia, en el interior del regulador.<\/p>\n<p>En Alemania, el regulador de presi\u00f3n s\u00f3lo puede conectarse a botellas m\u00f3viles en el exterior, por ejemplo, en obras, barbacoas, etc. Existe homologaci\u00f3n seg\u00fan el examen CE de tipo DGR.<\/p>\n<p>Presi\u00f3n de salida<strong>:50mbar<\/strong><br \/>\nCaudal<strong>:1,0kg por hora<\/strong><\/p>\n<p><strong>Conexi\u00f3n combinada dep\u00f3sito de gas\/ bombona de gas<\/strong><\/p>\n<p>&#8211; 21,8 tuerca de racor rosca izquierda<br \/>\n&#8211; G. 5 Conexi\u00f3n para bombonas grandes (bombonas de gas de 5, 11 kg)<br \/>\n&#8211; G. 12 Conexi\u00f3n para botellas peque\u00f1as (botellas de gas de 33 kg)<br \/>\n&#8211; Conexi\u00f3n directa al dep\u00f3sito de gas combustible (21,8 mm)<\/p>\n<p><strong>Conexiones adecuadas Salida<\/strong><\/p>\n<p>&#8211; Racor de tubo de 8 mm<br \/>\n&#8211; Tuber\u00eda de 8 mm<\/p>\n<p><strong>Conexi\u00f3n salida v\u00e1lvula de prueba\/ suministro de emergencia<\/strong><\/p>\n<p>&#8211; Acoplamiento r\u00e1pido SKU<\/p>\n<p><strong>&#8211; V\u00e1lvula de palanca basculante y acoplamiento enchufable SKU con v\u00e1lvula de cierre para la comprobaci\u00f3n de estanqueidad y para la alimentaci\u00f3n de emergencia de aparatos externos como parrilla, calefacci\u00f3n radiante, etc.<\/strong><\/p>\n<p><strong>&#8211; Conexi\u00f3n para Truma Eis-Ex<\/strong><\/p>\n<p>Material: diverso<br \/>\nPiezas internas Acero inoxidable<\/p>\n<p><u>Conformidad\/aprobaci\u00f3n:<\/u><\/p>\n<p>&#8211; Marcado CE\/ Examen CE de tipo seg\u00fan DGR<\/p>\n<p>El <strong>regulador de presi\u00f3n de gas GOK EN61<\/strong> es un componente esencial para sistemas de gas en <strong>autocaravanas<\/strong> y <strong>caravanas<\/strong>. Dise\u00f1ado para regular la presi\u00f3n del gas a <strong>50 mbar<\/strong>, este regulador permite la conexi\u00f3n directa a bombonas de gas, garantizando un suministro seguro y eficiente de gas para los aparatos conectados.<\/p>\n<p>Este regulador cuenta con una v\u00e1lvula de purga de seguridad (PRV) y una conexi\u00f3n de ventilaci\u00f3n, que previene la entrada de humedad, como agua de lluvia, en su interior. Es importante mencionar que en Alemania, este regulador solo puede conectarse a botellas m\u00f3viles en el exterior, como en obras o barbacoas, y cuenta con la homologaci\u00f3n CE de tipo DGR.<\/p>\n<p>El regulador tiene un caudal de <strong>1,0 kg\/h<\/strong> y es compatible con diversas conexiones, incluyendo:<\/p>\n<ul>\n<li>Conexi\u00f3n de 21,8 mm para bombonas de gas grandes (5 y 11 kg).<\/li>\n<li>Conexi\u00f3n G. 12 para botellas peque\u00f1as (33 kg).<\/li>\n<li>Racor de tubo de 8 mm y tuber\u00eda de 8 mm.<\/li>\n<li>Salida para v\u00e1lvula de prueba y suministro de emergencia.<\/li>\n<\/ul>\n<p>Si no se reemplaza un regulador defectuoso, pueden ocurrir problemas como fluctuaciones en la presi\u00f3n del gas, lo que puede afectar el rendimiento de los aparatos conectados. Por lo tanto, es crucial revisar regularmente el estado del regulador y reemplazarlo si se observan signos de desgaste.<\/p>\n<h4>Datos t\u00e9cnicos<\/h4>\n<p>Presi\u00f3n de salida: <strong>50 mbar<\/strong>. Caudal: <strong>1,0 kg\/h<\/strong>.<\/p>\n<h4>Compatibilidad<\/h4>\n<p>Compatible con sistemas de gas en <strong>autocaravanas<\/strong> y <strong>caravanas<\/strong>. Se recomienda verificar la referencia original antes de realizar la compra.<\/p>\n<h4>Referencias OEM<\/h4>\n<ul>\n<li>Homologaci\u00f3n CE seg\u00fan DGR.<\/li>\n<\/ul>\n","protected":false},"excerpt":{"rendered":"<p>GOK<\/p>\n","protected":false},"featured_media":19034,"comment_status":"open","ping_status":"closed","template":"","meta":{"googlesitekit_rrm_CAowud7EDA:productID":"","_uag_custom_page_level_css":""},"product_brand":[991,992],"product_cat":[438],"product_tag":[],"class_list":{"0":"post-17875","1":"product","2":"type-product","3":"status-publish","4":"has-post-thumbnail","6":"product_brand-gok","7":"product_brand-truma","8":"product_cat-reguladores-para-depositos-glp","10":"first","11":"onbackorder","12":"taxable","13":"shipping-taxable","14":"purchasable","15":"product-type-simple"},"ct_brands":[{"id":991,"name":"GOK","slug":"gok"},{"id":992,"name":"TRUMA","slug":"truma"}],"yoast_head":"<!-- This site is optimized with the Yoast SEO Premium plugin v27.3 (Yoast SEO v27.3) - https:\/\/yoast.com\/product\/yoast-seo-premium-wordpress\/ -->\n<title>Regulador de presi\u00f3n GOK 50 mbar EN61 1 kg\/h | Recambios Ecogas<\/title>\n<meta name=\"description\" content=\"Regulador de presi\u00f3n GOK 50 mbar EN61, ideal para autocaravanas y caravanas. Regula la presi\u00f3n del gas para un funcionamiento seguro y eficiente.\" \/>\n<meta name=\"robots\" content=\"index, follow, max-snippet:-1, max-image-preview:large, max-video-preview:-1\" \/>\n<link rel=\"canonical\" href=\"https:\/\/recambiosecogas.com\/it\/producto\/gok-sistema-regulador-50-mbar-en61-1-kg-h-conex-comb-uv-sku-x-rvs-8-mm\/\" \/>\n<meta property=\"og:locale\" content=\"it_IT\" \/>\n<meta property=\"og:type\" content=\"article\" \/>\n<meta property=\"og:title\" content=\"GOK sistema regulador 50 mbar EN61- 1 kg\/h conex. comb. UV\/SKU X RVS 8 mm\" \/>\n<meta property=\"og:description\" content=\"Regulador de presi\u00f3n GOK 50 mbar EN61, ideal para autocaravanas y caravanas. Regula la presi\u00f3n del gas para un funcionamiento seguro y eficiente.\" \/>\n<meta property=\"og:url\" content=\"https:\/\/recambiosecogas.com\/it\/producto\/gok-sistema-regulador-50-mbar-en61-1-kg-h-conex-comb-uv-sku-x-rvs-8-mm\/\" \/>\n<meta property=\"og:site_name\" content=\"Recambios EcoGas\" \/>\n<meta property=\"article:publisher\" content=\"https:\/\/www.facebook.com\/profile.php?id=100062419705358\" \/>\n<meta property=\"article:modified_time\" content=\"2026-03-26T11:00:30+00:00\" \/>\n<meta property=\"og:image\" content=\"https:\/\/recambiosecogas.com\/wp-content\/uploads\/2025\/02\/GOK-sistema-regulador-50-mbar-EN61-1-kg-png.webp\" \/>\n\t<meta property=\"og:image:width\" content=\"1000\" \/>\n\t<meta property=\"og:image:height\" content=\"1000\" \/>\n\t<meta property=\"og:image:type\" content=\"image\/png\" \/>\n<meta name=\"twitter:card\" content=\"summary_large_image\" \/>\n<meta name=\"twitter:label1\" content=\"Prezzo\" \/>\n\t<meta name=\"twitter:data1\" content=\"278,02&nbsp;&euro; (IVA incl.: 336,40&nbsp;&euro;)\" \/>\n\t<meta name=\"twitter:label2\" content=\"Disponibilit\u00e0\" \/>\n\t<meta name=\"twitter:data2\" content=\"Su ordinazione\" \/>\n<script type=\"application\/ld+json\" class=\"yoast-schema-graph\">{\"@context\":\"https:\\\/\\\/schema.org\",\"@graph\":[{\"@type\":\"WebPage\",\"@id\":\"https:\\\/\\\/recambiosecogas.com\\\/it\\\/producto\\\/gok-sistema-regulador-50-mbar-en61-1-kg-h-conex-comb-uv-sku-x-rvs-8-mm\\\/\",\"url\":\"https:\\\/\\\/recambiosecogas.com\\\/it\\\/producto\\\/gok-sistema-regulador-50-mbar-en61-1-kg-h-conex-comb-uv-sku-x-rvs-8-mm\\\/\",\"name\":\"Regulador de presi\u00f3n GOK 50 mbar EN61 1 kg\\\/h | Recambios Ecogas\",\"isPartOf\":{\"@id\":\"https:\\\/\\\/recambiosecogas.com\\\/it\\\/#website\"},\"primaryImageOfPage\":{\"@id\":\"https:\\\/\\\/recambiosecogas.com\\\/it\\\/producto\\\/gok-sistema-regulador-50-mbar-en61-1-kg-h-conex-comb-uv-sku-x-rvs-8-mm\\\/#primaryimage\"},\"image\":{\"@id\":\"https:\\\/\\\/recambiosecogas.com\\\/it\\\/producto\\\/gok-sistema-regulador-50-mbar-en61-1-kg-h-conex-comb-uv-sku-x-rvs-8-mm\\\/#primaryimage\"},\"thumbnailUrl\":\"https:\\\/\\\/recambiosecogas.com\\\/wp-content\\\/uploads\\\/2025\\\/02\\\/GOK-sistema-regulador-50-mbar-EN61-1-kg-png.webp\",\"datePublished\":\"2025-02-24T10:25:31+00:00\",\"dateModified\":\"2026-03-26T11:00:30+00:00\",\"description\":\"Regulador de presi\u00f3n GOK 50 mbar EN61, ideal para autocaravanas y caravanas. Regula la presi\u00f3n del gas para un funcionamiento seguro y eficiente.\",\"breadcrumb\":{\"@id\":\"https:\\\/\\\/recambiosecogas.com\\\/it\\\/producto\\\/gok-sistema-regulador-50-mbar-en61-1-kg-h-conex-comb-uv-sku-x-rvs-8-mm\\\/#breadcrumb\"},\"inLanguage\":\"it-IT\",\"potentialAction\":[{\"@type\":\"ReadAction\",\"target\":[\"https:\\\/\\\/recambiosecogas.com\\\/it\\\/producto\\\/gok-sistema-regulador-50-mbar-en61-1-kg-h-conex-comb-uv-sku-x-rvs-8-mm\\\/\"]}]},{\"@type\":\"ImageObject\",\"inLanguage\":\"it-IT\",\"@id\":\"https:\\\/\\\/recambiosecogas.com\\\/it\\\/producto\\\/gok-sistema-regulador-50-mbar-en61-1-kg-h-conex-comb-uv-sku-x-rvs-8-mm\\\/#primaryimage\",\"url\":\"https:\\\/\\\/recambiosecogas.com\\\/wp-content\\\/uploads\\\/2025\\\/02\\\/GOK-sistema-regulador-50-mbar-EN61-1-kg-png.webp\",\"contentUrl\":\"https:\\\/\\\/recambiosecogas.com\\\/wp-content\\\/uploads\\\/2025\\\/02\\\/GOK-sistema-regulador-50-mbar-EN61-1-kg-png.webp\",\"width\":1000,\"height\":1000},{\"@type\":\"BreadcrumbList\",\"@id\":\"https:\\\/\\\/recambiosecogas.com\\\/it\\\/producto\\\/gok-sistema-regulador-50-mbar-en61-1-kg-h-conex-comb-uv-sku-x-rvs-8-mm\\\/#breadcrumb\",\"itemListElement\":[{\"@type\":\"ListItem\",\"position\":1,\"name\":\"Portada\",\"item\":\"https:\\\/\\\/recambiosecogas.com\\\/it\\\/\"},{\"@type\":\"ListItem\",\"position\":2,\"name\":\"Negozio\",\"item\":\"https:\\\/\\\/recambiosecogas.com\\\/it\\\/?page_id=46382\"},{\"@type\":\"ListItem\",\"position\":3,\"name\":\"GOK sistema regulador 50 mbar EN61- 1 kg\\\/h conex. comb. UV\\\/SKU X RVS 8 mm\"}]},{\"@type\":\"WebSite\",\"@id\":\"https:\\\/\\\/recambiosecogas.com\\\/it\\\/#website\",\"url\":\"https:\\\/\\\/recambiosecogas.com\\\/it\\\/\",\"name\":\"Recambios EcoGas\",\"description\":\"Recambios Multimarca para sistemas de GLP\\\/GNC\\\/GNL\\\/Hidr\u00f3geno\",\"publisher\":{\"@id\":\"https:\\\/\\\/recambiosecogas.com\\\/it\\\/#organization\"},\"alternateName\":\"Recambios Autogas GLP\",\"potentialAction\":[{\"@type\":\"SearchAction\",\"target\":{\"@type\":\"EntryPoint\",\"urlTemplate\":\"https:\\\/\\\/recambiosecogas.com\\\/it\\\/?s={search_term_string}\"},\"query-input\":{\"@type\":\"PropertyValueSpecification\",\"valueRequired\":true,\"valueName\":\"search_term_string\"}}],\"inLanguage\":\"it-IT\"},{\"@type\":[\"Organization\",\"Place\"],\"@id\":\"https:\\\/\\\/recambiosecogas.com\\\/it\\\/#organization\",\"name\":\"Recambios EcoGas\",\"alternateName\":\"Tienda Online GLP Espa\u00f1a\",\"url\":\"https:\\\/\\\/recambiosecogas.com\\\/it\\\/\",\"logo\":{\"@id\":\"https:\\\/\\\/recambiosecogas.com\\\/it\\\/producto\\\/gok-sistema-regulador-50-mbar-en61-1-kg-h-conex-comb-uv-sku-x-rvs-8-mm\\\/#local-main-organization-logo\"},\"image\":{\"@id\":\"https:\\\/\\\/recambiosecogas.com\\\/it\\\/producto\\\/gok-sistema-regulador-50-mbar-en61-1-kg-h-conex-comb-uv-sku-x-rvs-8-mm\\\/#local-main-organization-logo\"},\"sameAs\":[\"https:\\\/\\\/www.facebook.com\\\/profile.php?id=100062419705358\",\"https:\\\/\\\/www.instagram.com\\\/segimon_automocio\"],\"description\":\"Recambios EcoGas \u2013 Venta y distribuci\u00f3n de sistemas GLP y GNC en Espa\u00f1a y Portugal. Env\u00edos 24 h, soporte t\u00e9cnico a talleres y distribuidores.\",\"hasMerchantReturnPolicy\":{\"@type\":\"MerchantReturnPolicy\",\"merchantReturnLink\":\"https:\\\/\\\/recambiosecogas.com\\\/politicas-privacidad\\\/\"},\"address\":{\"@id\":\"https:\\\/\\\/recambiosecogas.com\\\/it\\\/producto\\\/gok-sistema-regulador-50-mbar-en61-1-kg-h-conex-comb-uv-sku-x-rvs-8-mm\\\/#local-main-place-address\"},\"telephone\":[\"616250633\"],\"contactPoint\":{\"@type\":\"ContactPoint\",\"email\":\"export@recambiosecogas.com\"},\"openingHoursSpecification\":[{\"@type\":\"OpeningHoursSpecification\",\"dayOfWeek\":[\"Monday\",\"Tuesday\",\"Wednesday\",\"Thursday\",\"Friday\",\"Saturday\",\"Sunday\"],\"opens\":\"09:00\",\"closes\":\"17:00\"}],\"email\":\"info@recambiosecogas.com\",\"faxNumber\":\"SEGIMON AUTOMOCION SL\",\"vatID\":\"ESB19819861\",\"globalLocationNumber\":\"938 616 339\"},{\"@type\":\"PostalAddress\",\"@id\":\"https:\\\/\\\/recambiosecogas.com\\\/it\\\/producto\\\/gok-sistema-regulador-50-mbar-en61-1-kg-h-conex-comb-uv-sku-x-rvs-8-mm\\\/#local-main-place-address\",\"streetAddress\":\"cami antic de vic, 29 (Nave 3), Pol\u00edgono Industrial Congost\",\"addressLocality\":\"CORRO D`AVALL\",\"postalCode\":\"08520\",\"addressRegion\":\"Barcelona\",\"addressCountry\":\"ES\"},{\"@type\":\"ImageObject\",\"inLanguage\":\"it-IT\",\"@id\":\"https:\\\/\\\/recambiosecogas.com\\\/it\\\/producto\\\/gok-sistema-regulador-50-mbar-en61-1-kg-h-conex-comb-uv-sku-x-rvs-8-mm\\\/#local-main-organization-logo\",\"url\":\"https:\\\/\\\/recambiosecogas.com\\\/wp-content\\\/uploads\\\/2024\\\/11\\\/cropped-RECAMBIOS-GLP-png.webp\",\"contentUrl\":\"https:\\\/\\\/recambiosecogas.com\\\/wp-content\\\/uploads\\\/2024\\\/11\\\/cropped-RECAMBIOS-GLP-png.webp\",\"width\":512,\"height\":512,\"caption\":\"Recambios EcoGas\"}]}<\/script>\n<meta property=\"product:brand\" content=\"GOK\" \/>\n<meta property=\"product:price:amount\" content=\"278.02\" \/>\n<meta property=\"product:price:currency\" content=\"EUR\" \/>\n<meta property=\"og:availability\" content=\"backorder\" \/>\n<meta property=\"product:availability\" content=\"available for order\" \/>\n<meta property=\"product:retailer_item_id\" content=\"106658\" \/>\n<meta property=\"product:condition\" content=\"new\" \/>\n<meta name=\"geo.placename\" content=\"CORRO D`AVALL\" \/>\n<meta name=\"geo.region\" content=\"Spagna\" \/>\n<!-- \/ Yoast SEO Premium plugin. -->","yoast_head_json":{"title":"Regulador de presi\u00f3n GOK 50 mbar EN61 1 kg\/h | Recambios Ecogas","description":"Regulador de presi\u00f3n GOK 50 mbar EN61, ideal para autocaravanas y caravanas. Regula la presi\u00f3n del gas para un funcionamiento seguro y eficiente.","robots":{"index":"index","follow":"follow","max-snippet":"max-snippet:-1","max-image-preview":"max-image-preview:large","max-video-preview":"max-video-preview:-1"},"canonical":"https:\/\/recambiosecogas.com\/it\/producto\/gok-sistema-regulador-50-mbar-en61-1-kg-h-conex-comb-uv-sku-x-rvs-8-mm\/","og_locale":"it_IT","og_type":"article","og_title":"GOK sistema regulador 50 mbar EN61- 1 kg\/h conex. comb. UV\/SKU X RVS 8 mm","og_description":"Regulador de presi\u00f3n GOK 50 mbar EN61, ideal para autocaravanas y caravanas. Regula la presi\u00f3n del gas para un funcionamiento seguro y eficiente.","og_url":"https:\/\/recambiosecogas.com\/it\/producto\/gok-sistema-regulador-50-mbar-en61-1-kg-h-conex-comb-uv-sku-x-rvs-8-mm\/","og_site_name":"Recambios EcoGas","article_publisher":"https:\/\/www.facebook.com\/profile.php?id=100062419705358","article_modified_time":"2026-03-26T11:00:30+00:00","og_image":[{"width":1000,"height":1000,"url":"https:\/\/recambiosecogas.com\/wp-content\/uploads\/2025\/02\/GOK-sistema-regulador-50-mbar-EN61-1-kg-png.webp","type":"image\/png"}],"twitter_card":"summary_large_image","twitter_misc":{"Prezzo":"278,02&nbsp;&euro; (IVA incl.: 336,40&nbsp;&euro;)","Disponibilit\u00e0":"Su ordinazione"},"schema":{"@context":"https:\/\/schema.org","@graph":[{"@type":"WebPage","@id":"https:\/\/recambiosecogas.com\/it\/producto\/gok-sistema-regulador-50-mbar-en61-1-kg-h-conex-comb-uv-sku-x-rvs-8-mm\/","url":"https:\/\/recambiosecogas.com\/it\/producto\/gok-sistema-regulador-50-mbar-en61-1-kg-h-conex-comb-uv-sku-x-rvs-8-mm\/","name":"Regulador de presi\u00f3n GOK 50 mbar EN61 1 kg\/h | Recambios Ecogas","isPartOf":{"@id":"https:\/\/recambiosecogas.com\/it\/#website"},"primaryImageOfPage":{"@id":"https:\/\/recambiosecogas.com\/it\/producto\/gok-sistema-regulador-50-mbar-en61-1-kg-h-conex-comb-uv-sku-x-rvs-8-mm\/#primaryimage"},"image":{"@id":"https:\/\/recambiosecogas.com\/it\/producto\/gok-sistema-regulador-50-mbar-en61-1-kg-h-conex-comb-uv-sku-x-rvs-8-mm\/#primaryimage"},"thumbnailUrl":"https:\/\/recambiosecogas.com\/wp-content\/uploads\/2025\/02\/GOK-sistema-regulador-50-mbar-EN61-1-kg-png.webp","datePublished":"2025-02-24T10:25:31+00:00","dateModified":"2026-03-26T11:00:30+00:00","description":"Regulador de presi\u00f3n GOK 50 mbar EN61, ideal para autocaravanas y caravanas. Regula la presi\u00f3n del gas para un funcionamiento seguro y eficiente.","breadcrumb":{"@id":"https:\/\/recambiosecogas.com\/it\/producto\/gok-sistema-regulador-50-mbar-en61-1-kg-h-conex-comb-uv-sku-x-rvs-8-mm\/#breadcrumb"},"inLanguage":"it-IT","potentialAction":[{"@type":"ReadAction","target":["https:\/\/recambiosecogas.com\/it\/producto\/gok-sistema-regulador-50-mbar-en61-1-kg-h-conex-comb-uv-sku-x-rvs-8-mm\/"]}]},{"@type":"ImageObject","inLanguage":"it-IT","@id":"https:\/\/recambiosecogas.com\/it\/producto\/gok-sistema-regulador-50-mbar-en61-1-kg-h-conex-comb-uv-sku-x-rvs-8-mm\/#primaryimage","url":"https:\/\/recambiosecogas.com\/wp-content\/uploads\/2025\/02\/GOK-sistema-regulador-50-mbar-EN61-1-kg-png.webp","contentUrl":"https:\/\/recambiosecogas.com\/wp-content\/uploads\/2025\/02\/GOK-sistema-regulador-50-mbar-EN61-1-kg-png.webp","width":1000,"height":1000},{"@type":"BreadcrumbList","@id":"https:\/\/recambiosecogas.com\/it\/producto\/gok-sistema-regulador-50-mbar-en61-1-kg-h-conex-comb-uv-sku-x-rvs-8-mm\/#breadcrumb","itemListElement":[{"@type":"ListItem","position":1,"name":"Portada","item":"https:\/\/recambiosecogas.com\/it\/"},{"@type":"ListItem","position":2,"name":"Negozio","item":"https:\/\/recambiosecogas.com\/it\/?page_id=46382"},{"@type":"ListItem","position":3,"name":"GOK sistema regulador 50 mbar EN61- 1 kg\/h conex. comb. UV\/SKU X RVS 8 mm"}]},{"@type":"WebSite","@id":"https:\/\/recambiosecogas.com\/it\/#website","url":"https:\/\/recambiosecogas.com\/it\/","name":"Recambios EcoGas","description":"Recambios Multimarca para sistemas de GLP\/GNC\/GNL\/Hidr\u00f3geno","publisher":{"@id":"https:\/\/recambiosecogas.com\/it\/#organization"},"alternateName":"Recambios Autogas GLP","potentialAction":[{"@type":"SearchAction","target":{"@type":"EntryPoint","urlTemplate":"https:\/\/recambiosecogas.com\/it\/?s={search_term_string}"},"query-input":{"@type":"PropertyValueSpecification","valueRequired":true,"valueName":"search_term_string"}}],"inLanguage":"it-IT"},{"@type":["Organization","Place"],"@id":"https:\/\/recambiosecogas.com\/it\/#organization","name":"Recambios EcoGas","alternateName":"Tienda Online GLP Espa\u00f1a","url":"https:\/\/recambiosecogas.com\/it\/","logo":{"@id":"https:\/\/recambiosecogas.com\/it\/producto\/gok-sistema-regulador-50-mbar-en61-1-kg-h-conex-comb-uv-sku-x-rvs-8-mm\/#local-main-organization-logo"},"image":{"@id":"https:\/\/recambiosecogas.com\/it\/producto\/gok-sistema-regulador-50-mbar-en61-1-kg-h-conex-comb-uv-sku-x-rvs-8-mm\/#local-main-organization-logo"},"sameAs":["https:\/\/www.facebook.com\/profile.php?id=100062419705358","https:\/\/www.instagram.com\/segimon_automocio"],"description":"Recambios EcoGas \u2013 Venta y distribuci\u00f3n de sistemas GLP y GNC en Espa\u00f1a y Portugal. Env\u00edos 24 h, soporte t\u00e9cnico a talleres y distribuidores.","hasMerchantReturnPolicy":{"@type":"MerchantReturnPolicy","merchantReturnLink":"https:\/\/recambiosecogas.com\/politicas-privacidad\/"},"address":{"@id":"https:\/\/recambiosecogas.com\/it\/producto\/gok-sistema-regulador-50-mbar-en61-1-kg-h-conex-comb-uv-sku-x-rvs-8-mm\/#local-main-place-address"},"telephone":["616250633"],"contactPoint":{"@type":"ContactPoint","email":"export@recambiosecogas.com"},"openingHoursSpecification":[{"@type":"OpeningHoursSpecification","dayOfWeek":["Monday","Tuesday","Wednesday","Thursday","Friday","Saturday","Sunday"],"opens":"09:00","closes":"17:00"}],"email":"info@recambiosecogas.com","faxNumber":"SEGIMON AUTOMOCION SL","vatID":"ESB19819861","globalLocationNumber":"938 616 339"},{"@type":"PostalAddress","@id":"https:\/\/recambiosecogas.com\/it\/producto\/gok-sistema-regulador-50-mbar-en61-1-kg-h-conex-comb-uv-sku-x-rvs-8-mm\/#local-main-place-address","streetAddress":"cami antic de vic, 29 (Nave 3), Pol\u00edgono Industrial Congost","addressLocality":"CORRO D`AVALL","postalCode":"08520","addressRegion":"Barcelona","addressCountry":"ES"},{"@type":"ImageObject","inLanguage":"it-IT","@id":"https:\/\/recambiosecogas.com\/it\/producto\/gok-sistema-regulador-50-mbar-en61-1-kg-h-conex-comb-uv-sku-x-rvs-8-mm\/#local-main-organization-logo","url":"https:\/\/recambiosecogas.com\/wp-content\/uploads\/2024\/11\/cropped-RECAMBIOS-GLP-png.webp","contentUrl":"https:\/\/recambiosecogas.com\/wp-content\/uploads\/2024\/11\/cropped-RECAMBIOS-GLP-png.webp","width":512,"height":512,"caption":"Recambios EcoGas"}]},"product_brand":"GOK","product_price_amount":"278.02","product_price_currency":"EUR","og_availability":"backorder","product_availability":"available for order","product_retailer_item_id":"106658","product_condition":"new","geo.placename":"CORRO D`AVALL","geo.region":"Spagna"},"uagb_featured_image_src":{"full":["https:\/\/recambiosecogas.com\/wp-content\/uploads\/2025\/02\/GOK-sistema-regulador-50-mbar-EN61-1-kg-png.webp",1000,1000,false],"thumbnail":["https:\/\/recambiosecogas.com\/wp-content\/uploads\/2025\/02\/GOK-sistema-regulador-50-mbar-EN61-1-kg-150x150.webp",150,150,true],"medium":["https:\/\/recambiosecogas.com\/wp-content\/uploads\/2025\/02\/GOK-sistema-regulador-50-mbar-EN61-1-kg-300x300.webp",300,300,true],"medium_large":["https:\/\/recambiosecogas.com\/wp-content\/uploads\/2025\/02\/GOK-sistema-regulador-50-mbar-EN61-1-kg-768x768.webp",768,768,true],"large":["https:\/\/recambiosecogas.com\/wp-content\/uploads\/2025\/02\/GOK-sistema-regulador-50-mbar-EN61-1-kg-png.webp",1000,1000,false],"1536x1536":["https:\/\/recambiosecogas.com\/wp-content\/uploads\/2025\/02\/GOK-sistema-regulador-50-mbar-EN61-1-kg-png.webp",1000,1000,false],"2048x2048":["https:\/\/recambiosecogas.com\/wp-content\/uploads\/2025\/02\/GOK-sistema-regulador-50-mbar-EN61-1-kg-png.webp",1000,1000,false],"woocommerce_archive_thumbnail":["https:\/\/recambiosecogas.com\/wp-content\/uploads\/2025\/02\/GOK-sistema-regulador-50-mbar-EN61-1-kg-png.webp",1000,1000,false],"woocommerce_thumbnail":["https:\/\/recambiosecogas.com\/wp-content\/uploads\/2025\/02\/GOK-sistema-regulador-50-mbar-EN61-1-kg-300x300.webp",300,300,true],"woocommerce_single":["https:\/\/recambiosecogas.com\/wp-content\/uploads\/2025\/02\/GOK-sistema-regulador-50-mbar-EN61-1-kg-png.webp",1000,1000,false],"woocommerce_gallery_thumbnail":["https:\/\/recambiosecogas.com\/wp-content\/uploads\/2025\/02\/GOK-sistema-regulador-50-mbar-EN61-1-kg-png.webp",1000,1000,false],"dgwt-wcas-product-suggestion":["https:\/\/recambiosecogas.com\/wp-content\/uploads\/2025\/02\/GOK-sistema-regulador-50-mbar-EN61-1-kg-64x64.webp",64,64,true]},"uagb_author_info":{"display_name":"Fran - Soporte T\u00e9cnico","author_link":"https:\/\/recambiosecogas.com\/it\/author\/"},"uagb_comment_info":0,"uagb_excerpt":"GOK","_links":{"self":[{"href":"https:\/\/recambiosecogas.com\/it\/wp-json\/wp\/v2\/product\/17875","targetHints":{"allow":["GET"]}}],"collection":[{"href":"https:\/\/recambiosecogas.com\/it\/wp-json\/wp\/v2\/product"}],"about":[{"href":"https:\/\/recambiosecogas.com\/it\/wp-json\/wp\/v2\/types\/product"}],"replies":[{"embeddable":true,"href":"https:\/\/recambiosecogas.com\/it\/wp-json\/wp\/v2\/comments?post=17875"}],"wp:featuredmedia":[{"embeddable":true,"href":"https:\/\/recambiosecogas.com\/it\/wp-json\/wp\/v2\/media\/19034"}],"wp:attachment":[{"href":"https:\/\/recambiosecogas.com\/it\/wp-json\/wp\/v2\/media?parent=17875"}],"wp:term":[{"taxonomy":"product_brand","embeddable":true,"href":"https:\/\/recambiosecogas.com\/it\/wp-json\/wp\/v2\/product_brand?post=17875"},{"taxonomy":"product_cat","embeddable":true,"href":"https:\/\/recambiosecogas.com\/it\/wp-json\/wp\/v2\/product_cat?post=17875"},{"taxonomy":"product_tag","embeddable":true,"href":"https:\/\/recambiosecogas.com\/it\/wp-json\/wp\/v2\/product_tag?post=17875"}],"curies":[{"name":"wp","href":"https:\/\/api.w.org\/{rel}","templated":true}]}}