{"id":17874,"date":"2025-02-24T11:25:30","date_gmt":"2025-02-24T10:25:30","guid":{"rendered":"https:\/\/recambiosecogas.com\/producto\/gok-caramatic-driveone-cs-30-mbar-15-kg-h-posicion-90\/"},"modified":"2026-03-26T12:00:28","modified_gmt":"2026-03-26T11:00:28","slug":"gok-caramatic-driveone-cs-30-mbar-15-kg-h-posicion-90","status":"publish","type":"product","link":"https:\/\/recambiosecogas.com\/it\/producto\/gok-caramatic-driveone-cs-30-mbar-15-kg-h-posicion-90\/","title":{"rendered":"GOK Caramatic DriveOne CS 30 mbar 1,5 kg\/h &#8211; posici\u00f3n 90\u00b0"},"content":{"rendered":"<p>Sistema de regulaci\u00f3n de la presi\u00f3n de gas de seguridad para el funcionamiento de los dep\u00f3sitos de gas combustible\u00a0<strong>en<\/strong>caravanas y autocaravanas durante la conducci\u00f3n, compuesto por<\/p>\n<p>&#8211; regulador de baja presi\u00f3n con dispositivo de seguridad contra sobrepresi\u00f3n S2SR<br \/>\n&#8211; sensor mec\u00e1nico de colisi\u00f3n y dispositivo de prueba<\/p>\n<p><strong>Ventajas y caracter\u00edsticas:<\/strong><\/p>\n<p>&#8211; Calefacci\u00f3n durante la marcha gracias al sensor de colisi\u00f3n mec\u00e1nico integrado, que interrumpe el flujo de gas en caso de accidente con una deceleraci\u00f3n de 3,5 g \u00b1 0,5 g que act\u00faa directamente sobre el elemento de activaci\u00f3n, lo que corresponde a una velocidad de impacto de aprox. 15 a 20 km\/h sobre un obst\u00e1culo s\u00f3lido con un peso medio del veh\u00edculo<\/p>\n<p>&#8211; Dispositivo de prueba para comprobar la estanqueidad del sistema GLP sin desmontar el dispositivo regulador de presi\u00f3n<\/p>\n<p>&#8211; Adecuado para conectar un Eis-Ex<\/p>\n<p>&#8211; Versi\u00f3n con conexi\u00f3n de salida RVS 10\/8 mm<\/p>\n<p><strong>Conformidad<\/strong><\/p>\n<p>&#8211; Examen CE de tipo seg\u00fan GAR<\/p>\n<p><strong>Entrada: <\/strong>Combi A<br \/>\n<strong>Salida: <\/strong>RVS 10<\/p>\n<p><strong>Presi\u00f3n de salida:<\/strong>30 mbar<br \/>\n<strong>Rendimiento<\/strong>:1,5 kg\/h<\/p>\n<p><strong>Posici\u00f3n de instalaci\u00f3n: <\/strong>Montaje directo en la v\u00e1lvula de salida del dep\u00f3sito de gas combustible<br \/>\n<strong>\u00c1ngulo de instalaci\u00f3n:<\/strong>90<\/p>\n<p><strong>Sensor de colisi\u00f3n para la utilizaci\u00f3n del gas durante la conducci\u00f3n:\u00a0<\/strong>incluido<br \/>\nPresi\u00f3n m\u00e1xima admisible: PS 16 bar<\/p>\n<p>&nbsp;<\/p>\n<h4>Datos t\u00e9cnicos<\/h4>\n<p><strong>Entrada: <\/strong>Combi A<br \/>\n<strong>Salida: <\/strong>RVS 10<\/p>\n<p><strong>Presi\u00f3n de salida:<\/strong>30 mbar<br \/>\n<strong>Rendimiento<\/strong>:1,5 kg\/h<\/p>\n<p><strong>Posici\u00f3n de montaje: <\/strong>Montaje directo en la v\u00e1lvula de salida del dep\u00f3sito de gas combustible<br \/>\n<strong>\u00c1ngulo de instalaci\u00f3n:<\/strong>90<\/p>\n<p><strong>Sensor de colisi\u00f3n para la utilizaci\u00f3n del gas durante la conducci\u00f3n:\u00a0<\/strong>incluido<br \/>\nPresi\u00f3n m\u00e1xima admisible: PS 16 bar<\/p>\n<p>El <strong>regulador de presi\u00f3n GOK Caramatic DriveOne<\/strong> es un componente esencial para la regulaci\u00f3n de la presi\u00f3n de gas en sistemas de <strong>Autogas<\/strong>, especialmente dise\u00f1ado para su uso en caravanas y autocaravanas. Este regulador asegura un funcionamiento seguro y eficiente del sistema de gas, proporcionando una presi\u00f3n de salida de <strong>30 mbar<\/strong> y un rendimiento de <strong>1,5 kg\/h<\/strong>.<\/p>\n<p>Este dispositivo cuenta con un <strong>sensor mec\u00e1nico de colisi\u00f3n<\/strong> que interrumpe el flujo de gas en caso de un accidente, garantizando la seguridad del usuario. La activaci\u00f3n del sensor se produce ante una deceleraci\u00f3n de 3,5 g \u00b1 0,5 g, lo que corresponde a una velocidad de impacto de aproximadamente 15 a 20 km\/h sobre un obst\u00e1culo s\u00f3lido. Esto es crucial para evitar fugas de gas y asegurar la integridad del sistema durante la conducci\u00f3n.<\/p>\n<p>Adem\u00e1s, el regulador incluye un <strong>dispositivo de prueba<\/strong> que permite verificar la estanqueidad del sistema de Autogas sin necesidad de desmontar el regulador. Este aspecto facilita el mantenimiento y asegura un funcionamiento \u00f3ptimo del sistema. La instalaci\u00f3n se realiza de manera directa en la v\u00e1lvula de salida del dep\u00f3sito de gas, con un \u00e1ngulo de instalaci\u00f3n de <strong>90\u00b0<\/strong>, lo que permite una adaptaci\u00f3n eficiente en el espacio disponible.<\/p>\n<p>Si no se reemplaza un regulador defectuoso, pueden producirse fugas de gas, lo que representa un riesgo significativo para la seguridad del veh\u00edculo y sus ocupantes. Por lo tanto, es fundamental realizar revisiones peri\u00f3dicas y sustituir cualquier componente que presente signos de desgaste.<\/p>\n<h4>Datos t\u00e9cnicos<\/h4>\n<p><strong>Entrada:<\/strong> Combi A<br \/><strong>Salida:<\/strong> RVS 10<br \/><strong>Presi\u00f3n de salida:<\/strong> 30 mbar<br \/><strong>Rendimiento:<\/strong> 1,5 kg\/h<br \/><strong>Posici\u00f3n de montaje:<\/strong> Montaje directo en la v\u00e1lvula de salida del dep\u00f3sito de gas combustible<br \/><strong>\u00c1ngulo de instalaci\u00f3n:<\/strong> 90\u00b0<br \/><strong>Sensor de colisi\u00f3n:<\/strong> incluido<br \/><strong>Presi\u00f3n m\u00e1xima admisible:<\/strong> PS 16 bar<\/p>\n","protected":false},"excerpt":{"rendered":"<p>GOK<\/p>\n","protected":false},"featured_media":19037,"comment_status":"open","ping_status":"closed","template":"","meta":{"googlesitekit_rrm_CAowud7EDA:productID":"","_uag_custom_page_level_css":""},"product_brand":[991],"product_cat":[438],"product_tag":[],"class_list":{"0":"post-17874","1":"product","2":"type-product","3":"status-publish","4":"has-post-thumbnail","6":"product_brand-gok","7":"product_cat-reguladores-para-depositos-glp","9":"first","10":"onbackorder","11":"taxable","12":"shipping-taxable","13":"purchasable","14":"product-type-simple"},"ct_brands":[{"id":991,"name":"GOK","slug":"gok"}],"yoast_head":"<!-- This site is optimized with the Yoast SEO Premium plugin v27.3 (Yoast SEO v27.3) - https:\/\/yoast.com\/product\/yoast-seo-premium-wordpress\/ -->\n<title>Regulador de presi\u00f3n GOK Caramatic DriveOne 30 mbar | Recambios Ecogas<\/title>\n<meta name=\"description\" content=\"Regulador de presi\u00f3n GOK Caramatic DriveOne 30 mbar, ideal para sistemas de Autogas en caravanas. Garantiza seguridad y eficiencia en el suministro de gas.\" \/>\n<meta name=\"robots\" content=\"index, follow, max-snippet:-1, max-image-preview:large, max-video-preview:-1\" \/>\n<link rel=\"canonical\" href=\"https:\/\/recambiosecogas.com\/it\/producto\/gok-caramatic-driveone-cs-30-mbar-15-kg-h-posicion-90\/\" \/>\n<meta property=\"og:locale\" content=\"it_IT\" \/>\n<meta property=\"og:type\" content=\"article\" \/>\n<meta property=\"og:title\" content=\"GOK Caramatic DriveOne CS 30 mbar 1,5 kg\/h - posici\u00f3n 90\u00b0\" \/>\n<meta property=\"og:description\" content=\"Regulador de presi\u00f3n GOK Caramatic DriveOne 30 mbar, ideal para sistemas de Autogas en caravanas. Garantiza seguridad y eficiencia en el suministro de gas.\" \/>\n<meta property=\"og:url\" content=\"https:\/\/recambiosecogas.com\/it\/producto\/gok-caramatic-driveone-cs-30-mbar-15-kg-h-posicion-90\/\" \/>\n<meta property=\"og:site_name\" content=\"Recambios EcoGas\" \/>\n<meta property=\"article:publisher\" content=\"https:\/\/www.facebook.com\/profile.php?id=100062419705358\" \/>\n<meta property=\"article:modified_time\" content=\"2026-03-26T11:00:28+00:00\" \/>\n<meta property=\"og:image\" content=\"https:\/\/recambiosecogas.com\/wp-content\/uploads\/2025\/02\/GOK-Caramatic-DriveOne-CS-30-mbar-15-kg-png.webp\" \/>\n\t<meta property=\"og:image:width\" content=\"1000\" \/>\n\t<meta property=\"og:image:height\" content=\"1000\" \/>\n\t<meta property=\"og:image:type\" content=\"image\/png\" \/>\n<meta name=\"twitter:card\" content=\"summary_large_image\" \/>\n<meta name=\"twitter:label1\" content=\"Prezzo\" \/>\n\t<meta name=\"twitter:data1\" content=\"157,20&nbsp;&euro; (IVA incl.: 190,21&nbsp;&euro;)\" \/>\n\t<meta name=\"twitter:label2\" content=\"Disponibilit\u00e0\" \/>\n\t<meta name=\"twitter:data2\" content=\"Su ordinazione\" \/>\n<script type=\"application\/ld+json\" class=\"yoast-schema-graph\">{\"@context\":\"https:\\\/\\\/schema.org\",\"@graph\":[{\"@type\":\"WebPage\",\"@id\":\"https:\\\/\\\/recambiosecogas.com\\\/it\\\/producto\\\/gok-caramatic-driveone-cs-30-mbar-15-kg-h-posicion-90\\\/\",\"url\":\"https:\\\/\\\/recambiosecogas.com\\\/it\\\/producto\\\/gok-caramatic-driveone-cs-30-mbar-15-kg-h-posicion-90\\\/\",\"name\":\"Regulador de presi\u00f3n GOK Caramatic DriveOne 30 mbar | Recambios Ecogas\",\"isPartOf\":{\"@id\":\"https:\\\/\\\/recambiosecogas.com\\\/it\\\/#website\"},\"primaryImageOfPage\":{\"@id\":\"https:\\\/\\\/recambiosecogas.com\\\/it\\\/producto\\\/gok-caramatic-driveone-cs-30-mbar-15-kg-h-posicion-90\\\/#primaryimage\"},\"image\":{\"@id\":\"https:\\\/\\\/recambiosecogas.com\\\/it\\\/producto\\\/gok-caramatic-driveone-cs-30-mbar-15-kg-h-posicion-90\\\/#primaryimage\"},\"thumbnailUrl\":\"https:\\\/\\\/recambiosecogas.com\\\/wp-content\\\/uploads\\\/2025\\\/02\\\/GOK-Caramatic-DriveOne-CS-30-mbar-15-kg-png.webp\",\"datePublished\":\"2025-02-24T10:25:30+00:00\",\"dateModified\":\"2026-03-26T11:00:28+00:00\",\"description\":\"Regulador de presi\u00f3n GOK Caramatic DriveOne 30 mbar, ideal para sistemas de Autogas en caravanas. Garantiza seguridad y eficiencia en el suministro de gas.\",\"breadcrumb\":{\"@id\":\"https:\\\/\\\/recambiosecogas.com\\\/it\\\/producto\\\/gok-caramatic-driveone-cs-30-mbar-15-kg-h-posicion-90\\\/#breadcrumb\"},\"inLanguage\":\"it-IT\",\"potentialAction\":[{\"@type\":\"ReadAction\",\"target\":[\"https:\\\/\\\/recambiosecogas.com\\\/it\\\/producto\\\/gok-caramatic-driveone-cs-30-mbar-15-kg-h-posicion-90\\\/\"]}]},{\"@type\":\"ImageObject\",\"inLanguage\":\"it-IT\",\"@id\":\"https:\\\/\\\/recambiosecogas.com\\\/it\\\/producto\\\/gok-caramatic-driveone-cs-30-mbar-15-kg-h-posicion-90\\\/#primaryimage\",\"url\":\"https:\\\/\\\/recambiosecogas.com\\\/wp-content\\\/uploads\\\/2025\\\/02\\\/GOK-Caramatic-DriveOne-CS-30-mbar-15-kg-png.webp\",\"contentUrl\":\"https:\\\/\\\/recambiosecogas.com\\\/wp-content\\\/uploads\\\/2025\\\/02\\\/GOK-Caramatic-DriveOne-CS-30-mbar-15-kg-png.webp\",\"width\":1000,\"height\":1000},{\"@type\":\"BreadcrumbList\",\"@id\":\"https:\\\/\\\/recambiosecogas.com\\\/it\\\/producto\\\/gok-caramatic-driveone-cs-30-mbar-15-kg-h-posicion-90\\\/#breadcrumb\",\"itemListElement\":[{\"@type\":\"ListItem\",\"position\":1,\"name\":\"Portada\",\"item\":\"https:\\\/\\\/recambiosecogas.com\\\/it\\\/\"},{\"@type\":\"ListItem\",\"position\":2,\"name\":\"Negozio\",\"item\":\"https:\\\/\\\/recambiosecogas.com\\\/it\\\/?page_id=46382\"},{\"@type\":\"ListItem\",\"position\":3,\"name\":\"GOK Caramatic DriveOne CS 30 mbar 1,5 kg\\\/h &#8211; posici\u00f3n 90\u00b0\"}]},{\"@type\":\"WebSite\",\"@id\":\"https:\\\/\\\/recambiosecogas.com\\\/it\\\/#website\",\"url\":\"https:\\\/\\\/recambiosecogas.com\\\/it\\\/\",\"name\":\"Recambios EcoGas\",\"description\":\"Recambios Multimarca para sistemas de GLP\\\/GNC\\\/GNL\\\/Hidr\u00f3geno\",\"publisher\":{\"@id\":\"https:\\\/\\\/recambiosecogas.com\\\/it\\\/#organization\"},\"alternateName\":\"Recambios Autogas GLP\",\"potentialAction\":[{\"@type\":\"SearchAction\",\"target\":{\"@type\":\"EntryPoint\",\"urlTemplate\":\"https:\\\/\\\/recambiosecogas.com\\\/it\\\/?s={search_term_string}\"},\"query-input\":{\"@type\":\"PropertyValueSpecification\",\"valueRequired\":true,\"valueName\":\"search_term_string\"}}],\"inLanguage\":\"it-IT\"},{\"@type\":[\"Organization\",\"Place\"],\"@id\":\"https:\\\/\\\/recambiosecogas.com\\\/it\\\/#organization\",\"name\":\"Recambios EcoGas\",\"alternateName\":\"Tienda Online GLP Espa\u00f1a\",\"url\":\"https:\\\/\\\/recambiosecogas.com\\\/it\\\/\",\"logo\":{\"@id\":\"https:\\\/\\\/recambiosecogas.com\\\/it\\\/producto\\\/gok-caramatic-driveone-cs-30-mbar-15-kg-h-posicion-90\\\/#local-main-organization-logo\"},\"image\":{\"@id\":\"https:\\\/\\\/recambiosecogas.com\\\/it\\\/producto\\\/gok-caramatic-driveone-cs-30-mbar-15-kg-h-posicion-90\\\/#local-main-organization-logo\"},\"sameAs\":[\"https:\\\/\\\/www.facebook.com\\\/profile.php?id=100062419705358\",\"https:\\\/\\\/www.instagram.com\\\/segimon_automocio\"],\"description\":\"Recambios EcoGas \u2013 Venta y distribuci\u00f3n de sistemas GLP y GNC en Espa\u00f1a y Portugal. Env\u00edos 24 h, soporte t\u00e9cnico a talleres y distribuidores.\",\"hasMerchantReturnPolicy\":{\"@type\":\"MerchantReturnPolicy\",\"merchantReturnLink\":\"https:\\\/\\\/recambiosecogas.com\\\/politicas-privacidad\\\/\"},\"address\":{\"@id\":\"https:\\\/\\\/recambiosecogas.com\\\/it\\\/producto\\\/gok-caramatic-driveone-cs-30-mbar-15-kg-h-posicion-90\\\/#local-main-place-address\"},\"telephone\":[\"616250633\"],\"contactPoint\":{\"@type\":\"ContactPoint\",\"email\":\"export@recambiosecogas.com\"},\"openingHoursSpecification\":[{\"@type\":\"OpeningHoursSpecification\",\"dayOfWeek\":[\"Monday\",\"Tuesday\",\"Wednesday\",\"Thursday\",\"Friday\",\"Saturday\",\"Sunday\"],\"opens\":\"09:00\",\"closes\":\"17:00\"}],\"email\":\"info@recambiosecogas.com\",\"faxNumber\":\"SEGIMON AUTOMOCION SL\",\"vatID\":\"ESB19819861\",\"globalLocationNumber\":\"938 616 339\"},{\"@type\":\"PostalAddress\",\"@id\":\"https:\\\/\\\/recambiosecogas.com\\\/it\\\/producto\\\/gok-caramatic-driveone-cs-30-mbar-15-kg-h-posicion-90\\\/#local-main-place-address\",\"streetAddress\":\"cami antic de vic, 29 (Nave 3), Pol\u00edgono Industrial Congost\",\"addressLocality\":\"CORRO D`AVALL\",\"postalCode\":\"08520\",\"addressRegion\":\"Barcelona\",\"addressCountry\":\"ES\"},{\"@type\":\"ImageObject\",\"inLanguage\":\"it-IT\",\"@id\":\"https:\\\/\\\/recambiosecogas.com\\\/it\\\/producto\\\/gok-caramatic-driveone-cs-30-mbar-15-kg-h-posicion-90\\\/#local-main-organization-logo\",\"url\":\"https:\\\/\\\/recambiosecogas.com\\\/wp-content\\\/uploads\\\/2024\\\/11\\\/cropped-RECAMBIOS-GLP-png.webp\",\"contentUrl\":\"https:\\\/\\\/recambiosecogas.com\\\/wp-content\\\/uploads\\\/2024\\\/11\\\/cropped-RECAMBIOS-GLP-png.webp\",\"width\":512,\"height\":512,\"caption\":\"Recambios EcoGas\"}]}<\/script>\n<meta property=\"product:brand\" content=\"GOK\" \/>\n<meta property=\"product:price:amount\" content=\"157.20\" \/>\n<meta property=\"product:price:currency\" content=\"EUR\" \/>\n<meta property=\"og:availability\" content=\"backorder\" \/>\n<meta property=\"product:availability\" content=\"available for order\" \/>\n<meta property=\"product:retailer_item_id\" content=\"108588\" \/>\n<meta property=\"product:condition\" content=\"new\" \/>\n<meta name=\"geo.placename\" content=\"CORRO D`AVALL\" \/>\n<meta name=\"geo.region\" content=\"Spagna\" \/>\n<!-- \/ Yoast SEO Premium plugin. -->","yoast_head_json":{"title":"Regulador de presi\u00f3n GOK Caramatic DriveOne 30 mbar | Recambios Ecogas","description":"Regulador de presi\u00f3n GOK Caramatic DriveOne 30 mbar, ideal para sistemas de Autogas en caravanas. Garantiza seguridad y eficiencia en el suministro de gas.","robots":{"index":"index","follow":"follow","max-snippet":"max-snippet:-1","max-image-preview":"max-image-preview:large","max-video-preview":"max-video-preview:-1"},"canonical":"https:\/\/recambiosecogas.com\/it\/producto\/gok-caramatic-driveone-cs-30-mbar-15-kg-h-posicion-90\/","og_locale":"it_IT","og_type":"article","og_title":"GOK Caramatic DriveOne CS 30 mbar 1,5 kg\/h - posici\u00f3n 90\u00b0","og_description":"Regulador de presi\u00f3n GOK Caramatic DriveOne 30 mbar, ideal para sistemas de Autogas en caravanas. Garantiza seguridad y eficiencia en el suministro de gas.","og_url":"https:\/\/recambiosecogas.com\/it\/producto\/gok-caramatic-driveone-cs-30-mbar-15-kg-h-posicion-90\/","og_site_name":"Recambios EcoGas","article_publisher":"https:\/\/www.facebook.com\/profile.php?id=100062419705358","article_modified_time":"2026-03-26T11:00:28+00:00","og_image":[{"width":1000,"height":1000,"url":"https:\/\/recambiosecogas.com\/wp-content\/uploads\/2025\/02\/GOK-Caramatic-DriveOne-CS-30-mbar-15-kg-png.webp","type":"image\/png"}],"twitter_card":"summary_large_image","twitter_misc":{"Prezzo":"157,20&nbsp;&euro; (IVA incl.: 190,21&nbsp;&euro;)","Disponibilit\u00e0":"Su ordinazione"},"schema":{"@context":"https:\/\/schema.org","@graph":[{"@type":"WebPage","@id":"https:\/\/recambiosecogas.com\/it\/producto\/gok-caramatic-driveone-cs-30-mbar-15-kg-h-posicion-90\/","url":"https:\/\/recambiosecogas.com\/it\/producto\/gok-caramatic-driveone-cs-30-mbar-15-kg-h-posicion-90\/","name":"Regulador de presi\u00f3n GOK Caramatic DriveOne 30 mbar | Recambios Ecogas","isPartOf":{"@id":"https:\/\/recambiosecogas.com\/it\/#website"},"primaryImageOfPage":{"@id":"https:\/\/recambiosecogas.com\/it\/producto\/gok-caramatic-driveone-cs-30-mbar-15-kg-h-posicion-90\/#primaryimage"},"image":{"@id":"https:\/\/recambiosecogas.com\/it\/producto\/gok-caramatic-driveone-cs-30-mbar-15-kg-h-posicion-90\/#primaryimage"},"thumbnailUrl":"https:\/\/recambiosecogas.com\/wp-content\/uploads\/2025\/02\/GOK-Caramatic-DriveOne-CS-30-mbar-15-kg-png.webp","datePublished":"2025-02-24T10:25:30+00:00","dateModified":"2026-03-26T11:00:28+00:00","description":"Regulador de presi\u00f3n GOK Caramatic DriveOne 30 mbar, ideal para sistemas de Autogas en caravanas. Garantiza seguridad y eficiencia en el suministro de gas.","breadcrumb":{"@id":"https:\/\/recambiosecogas.com\/it\/producto\/gok-caramatic-driveone-cs-30-mbar-15-kg-h-posicion-90\/#breadcrumb"},"inLanguage":"it-IT","potentialAction":[{"@type":"ReadAction","target":["https:\/\/recambiosecogas.com\/it\/producto\/gok-caramatic-driveone-cs-30-mbar-15-kg-h-posicion-90\/"]}]},{"@type":"ImageObject","inLanguage":"it-IT","@id":"https:\/\/recambiosecogas.com\/it\/producto\/gok-caramatic-driveone-cs-30-mbar-15-kg-h-posicion-90\/#primaryimage","url":"https:\/\/recambiosecogas.com\/wp-content\/uploads\/2025\/02\/GOK-Caramatic-DriveOne-CS-30-mbar-15-kg-png.webp","contentUrl":"https:\/\/recambiosecogas.com\/wp-content\/uploads\/2025\/02\/GOK-Caramatic-DriveOne-CS-30-mbar-15-kg-png.webp","width":1000,"height":1000},{"@type":"BreadcrumbList","@id":"https:\/\/recambiosecogas.com\/it\/producto\/gok-caramatic-driveone-cs-30-mbar-15-kg-h-posicion-90\/#breadcrumb","itemListElement":[{"@type":"ListItem","position":1,"name":"Portada","item":"https:\/\/recambiosecogas.com\/it\/"},{"@type":"ListItem","position":2,"name":"Negozio","item":"https:\/\/recambiosecogas.com\/it\/?page_id=46382"},{"@type":"ListItem","position":3,"name":"GOK Caramatic DriveOne CS 30 mbar 1,5 kg\/h &#8211; posici\u00f3n 90\u00b0"}]},{"@type":"WebSite","@id":"https:\/\/recambiosecogas.com\/it\/#website","url":"https:\/\/recambiosecogas.com\/it\/","name":"Recambios EcoGas","description":"Recambios Multimarca para sistemas de GLP\/GNC\/GNL\/Hidr\u00f3geno","publisher":{"@id":"https:\/\/recambiosecogas.com\/it\/#organization"},"alternateName":"Recambios Autogas GLP","potentialAction":[{"@type":"SearchAction","target":{"@type":"EntryPoint","urlTemplate":"https:\/\/recambiosecogas.com\/it\/?s={search_term_string}"},"query-input":{"@type":"PropertyValueSpecification","valueRequired":true,"valueName":"search_term_string"}}],"inLanguage":"it-IT"},{"@type":["Organization","Place"],"@id":"https:\/\/recambiosecogas.com\/it\/#organization","name":"Recambios EcoGas","alternateName":"Tienda Online GLP Espa\u00f1a","url":"https:\/\/recambiosecogas.com\/it\/","logo":{"@id":"https:\/\/recambiosecogas.com\/it\/producto\/gok-caramatic-driveone-cs-30-mbar-15-kg-h-posicion-90\/#local-main-organization-logo"},"image":{"@id":"https:\/\/recambiosecogas.com\/it\/producto\/gok-caramatic-driveone-cs-30-mbar-15-kg-h-posicion-90\/#local-main-organization-logo"},"sameAs":["https:\/\/www.facebook.com\/profile.php?id=100062419705358","https:\/\/www.instagram.com\/segimon_automocio"],"description":"Recambios EcoGas \u2013 Venta y distribuci\u00f3n de sistemas GLP y GNC en Espa\u00f1a y Portugal. Env\u00edos 24 h, soporte t\u00e9cnico a talleres y distribuidores.","hasMerchantReturnPolicy":{"@type":"MerchantReturnPolicy","merchantReturnLink":"https:\/\/recambiosecogas.com\/politicas-privacidad\/"},"address":{"@id":"https:\/\/recambiosecogas.com\/it\/producto\/gok-caramatic-driveone-cs-30-mbar-15-kg-h-posicion-90\/#local-main-place-address"},"telephone":["616250633"],"contactPoint":{"@type":"ContactPoint","email":"export@recambiosecogas.com"},"openingHoursSpecification":[{"@type":"OpeningHoursSpecification","dayOfWeek":["Monday","Tuesday","Wednesday","Thursday","Friday","Saturday","Sunday"],"opens":"09:00","closes":"17:00"}],"email":"info@recambiosecogas.com","faxNumber":"SEGIMON AUTOMOCION SL","vatID":"ESB19819861","globalLocationNumber":"938 616 339"},{"@type":"PostalAddress","@id":"https:\/\/recambiosecogas.com\/it\/producto\/gok-caramatic-driveone-cs-30-mbar-15-kg-h-posicion-90\/#local-main-place-address","streetAddress":"cami antic de vic, 29 (Nave 3), Pol\u00edgono Industrial Congost","addressLocality":"CORRO D`AVALL","postalCode":"08520","addressRegion":"Barcelona","addressCountry":"ES"},{"@type":"ImageObject","inLanguage":"it-IT","@id":"https:\/\/recambiosecogas.com\/it\/producto\/gok-caramatic-driveone-cs-30-mbar-15-kg-h-posicion-90\/#local-main-organization-logo","url":"https:\/\/recambiosecogas.com\/wp-content\/uploads\/2024\/11\/cropped-RECAMBIOS-GLP-png.webp","contentUrl":"https:\/\/recambiosecogas.com\/wp-content\/uploads\/2024\/11\/cropped-RECAMBIOS-GLP-png.webp","width":512,"height":512,"caption":"Recambios EcoGas"}]},"product_brand":"GOK","product_price_amount":"157.20","product_price_currency":"EUR","og_availability":"backorder","product_availability":"available for order","product_retailer_item_id":"108588","product_condition":"new","geo.placename":"CORRO D`AVALL","geo.region":"Spagna"},"uagb_featured_image_src":{"full":["https:\/\/recambiosecogas.com\/wp-content\/uploads\/2025\/02\/GOK-Caramatic-DriveOne-CS-30-mbar-15-kg-png.webp",1000,1000,false],"thumbnail":["https:\/\/recambiosecogas.com\/wp-content\/uploads\/2025\/02\/GOK-Caramatic-DriveOne-CS-30-mbar-15-kg-150x150.webp",150,150,true],"medium":["https:\/\/recambiosecogas.com\/wp-content\/uploads\/2025\/02\/GOK-Caramatic-DriveOne-CS-30-mbar-15-kg-300x300.webp",300,300,true],"medium_large":["https:\/\/recambiosecogas.com\/wp-content\/uploads\/2025\/02\/GOK-Caramatic-DriveOne-CS-30-mbar-15-kg-768x768.webp",768,768,true],"large":["https:\/\/recambiosecogas.com\/wp-content\/uploads\/2025\/02\/GOK-Caramatic-DriveOne-CS-30-mbar-15-kg-png.webp",1000,1000,false],"1536x1536":["https:\/\/recambiosecogas.com\/wp-content\/uploads\/2025\/02\/GOK-Caramatic-DriveOne-CS-30-mbar-15-kg-png.webp",1000,1000,false],"2048x2048":["https:\/\/recambiosecogas.com\/wp-content\/uploads\/2025\/02\/GOK-Caramatic-DriveOne-CS-30-mbar-15-kg-png.webp",1000,1000,false],"woocommerce_archive_thumbnail":["https:\/\/recambiosecogas.com\/wp-content\/uploads\/2025\/02\/GOK-Caramatic-DriveOne-CS-30-mbar-15-kg-png.webp",1000,1000,false],"woocommerce_thumbnail":["https:\/\/recambiosecogas.com\/wp-content\/uploads\/2025\/02\/GOK-Caramatic-DriveOne-CS-30-mbar-15-kg-300x300.webp",300,300,true],"woocommerce_single":["https:\/\/recambiosecogas.com\/wp-content\/uploads\/2025\/02\/GOK-Caramatic-DriveOne-CS-30-mbar-15-kg-png.webp",1000,1000,false],"woocommerce_gallery_thumbnail":["https:\/\/recambiosecogas.com\/wp-content\/uploads\/2025\/02\/GOK-Caramatic-DriveOne-CS-30-mbar-15-kg-png.webp",1000,1000,false],"dgwt-wcas-product-suggestion":["https:\/\/recambiosecogas.com\/wp-content\/uploads\/2025\/02\/GOK-Caramatic-DriveOne-CS-30-mbar-15-kg-64x64.webp",64,64,true]},"uagb_author_info":{"display_name":"Fran - Soporte T\u00e9cnico","author_link":"https:\/\/recambiosecogas.com\/it\/author\/"},"uagb_comment_info":0,"uagb_excerpt":"GOK","_links":{"self":[{"href":"https:\/\/recambiosecogas.com\/it\/wp-json\/wp\/v2\/product\/17874","targetHints":{"allow":["GET"]}}],"collection":[{"href":"https:\/\/recambiosecogas.com\/it\/wp-json\/wp\/v2\/product"}],"about":[{"href":"https:\/\/recambiosecogas.com\/it\/wp-json\/wp\/v2\/types\/product"}],"replies":[{"embeddable":true,"href":"https:\/\/recambiosecogas.com\/it\/wp-json\/wp\/v2\/comments?post=17874"}],"wp:featuredmedia":[{"embeddable":true,"href":"https:\/\/recambiosecogas.com\/it\/wp-json\/wp\/v2\/media\/19037"}],"wp:attachment":[{"href":"https:\/\/recambiosecogas.com\/it\/wp-json\/wp\/v2\/media?parent=17874"}],"wp:term":[{"taxonomy":"product_brand","embeddable":true,"href":"https:\/\/recambiosecogas.com\/it\/wp-json\/wp\/v2\/product_brand?post=17874"},{"taxonomy":"product_cat","embeddable":true,"href":"https:\/\/recambiosecogas.com\/it\/wp-json\/wp\/v2\/product_cat?post=17874"},{"taxonomy":"product_tag","embeddable":true,"href":"https:\/\/recambiosecogas.com\/it\/wp-json\/wp\/v2\/product_tag?post=17874"}],"curies":[{"name":"wp","href":"https:\/\/api.w.org\/{rel}","templated":true}]}}