{"id":17872,"date":"2025-02-24T11:25:29","date_gmt":"2025-02-24T10:25:29","guid":{"rendered":"https:\/\/recambiosecogas.com\/producto\/truma-regulador-de-presion-de-gas-cst-incl-filtro-g-5-10-mm\/"},"modified":"2026-03-26T12:00:22","modified_gmt":"2026-03-26T11:00:22","slug":"truma-regulador-de-presion-de-gas-cst-incl-filtro-g-5-10-mm","status":"publish","type":"product","link":"https:\/\/recambiosecogas.com\/it\/producto\/truma-regulador-de-presion-de-gas-cst-incl-filtro-g-5-10-mm\/","title":{"rendered":"Truma Regulador de presi\u00f3n de gas CST incl. filtro G.5 -> 10 mm"},"content":{"rendered":"<div>\n<p>El\u00a0<strong>regulador de presi\u00f3n de gas Truma CST<\/strong>, incluido el filtro, se enrosca\u00a0<strong>directamente<\/strong>\u00a0en la\u00a0<strong>v\u00e1lvula de toma<\/strong>\u00a0del dep\u00f3sito de propano de la\u00a0<strong>Camper<\/strong>. Un filtro de gas Truma LPG ya est\u00e1 premontado. El regulador de presi\u00f3n de gas Truma para dep\u00f3sitos de gas es adecuado para dep\u00f3sitos de gas con todas las posiciones de instalaci\u00f3n.<\/p>\n<p><strong>Compacto:<\/strong>El regulador de dep\u00f3sito de gas de vapor que incluye el filtro de gas ahorra espacio durante la instalaci\u00f3n.<\/p>\n<p><strong>Eficaz:<\/strong>\u00a0El filtro de gas Truma premontado filtra hasta el 99,9 % de los aerosoles y protege el sistema de gas y todos los aparatos de gas.<\/p>\n<p><strong>Pr\u00e1ctico:<\/strong>\u00a0Una \u00fanica variante simplifica el manejo. Compacto, ligero y f\u00e1cil de usar<\/p>\n<p>El regulador de presi\u00f3n del dep\u00f3sito de gas MonoControl CS garantiza una presi\u00f3n constante de 30 mbar. En caso de accidente, el sensor de choque integrado detiene el flujo de gas.<\/p>\n<p>&lt;p&lt; div=&#8221;&#8221;&gt;&lt;\/p&lt;&gt;<\/p><\/div>\n<div class=\"pd_description\">\n<p>Tipo de gas\u00a0<strong>Gas propano\/butano<\/strong><\/p>\n<p>Salida del regulador\u00a0<strong>hasta un m\u00e1ximo de 1,5 kg\/h<\/strong><\/p>\n<p>Entrada del regulador\u00a0<strong>tuerca de sombrerete W 21,8 x 1\/14 LH (G.5 )<\/strong><\/p>\n<p>Salida del controlador\u00a0<strong>Conexi\u00f3n roscada 30mbar 10 mm (H. 9)<\/strong><\/p>\n<p>Valor de activaci\u00f3n del sensor de choque\u00a0<strong>3,5 g +\/- 0,5 g<\/strong><\/p>\n<\/div>\n<p>El <strong>regulador de presi\u00f3n de gas Truma CST<\/strong>, que incluye un filtro premontado, se enrosca directamente en la v\u00e1lvula de toma del dep\u00f3sito de propano de la Camper. Este regulador es adecuado para dep\u00f3sitos de gas en todas las posiciones de instalaci\u00f3n, lo que lo convierte en una opci\u00f3n vers\u00e1til para sistemas de <strong>Autogas<\/strong>.<\/p>\n<p>Su dise\u00f1o compacto permite un ahorro de espacio durante la instalaci\u00f3n, mientras que el filtro de gas Truma filtra hasta el <strong>99,9 % de los aerosoles<\/strong>, protegiendo el sistema de gas y todos los aparatos conectados. Esto asegura un funcionamiento eficiente y seguro del sistema de gas.<\/p>\n<p>El regulador de presi\u00f3n del dep\u00f3sito de gas MonoControl CS garantiza una presi\u00f3n constante de <strong>30 mbar<\/strong>. Adem\u00e1s, cuenta con un sensor de choque integrado que detiene el flujo de gas en caso de accidente, brindando una capa adicional de seguridad.<\/p>\n<h4>Datos t\u00e9cnicos<\/h4>\n<p>Tipo de gas: <strong>Gas propano\/butano<\/strong>. Salida del regulador: <strong>hasta un m\u00e1ximo de 1,5 kg\/h<\/strong>. Entrada del regulador: <strong>tuerca de sombrerete W 21,8 x 1\/14 LH (G.5)<\/strong>. Salida del controlador: <strong>Conexi\u00f3n roscada 30mbar 10 mm (H. 9)<\/strong>. Valor de activaci\u00f3n del sensor de choque: <strong>3,5 g +\/- 0,5 g<\/strong>.<\/p>\n<h4>S\u00edntomas de fallo<\/h4>\n<ul>\n<li>Fugas de gas en la conexi\u00f3n<\/li>\n<li>Presi\u00f3n inestable en el sistema<\/li>\n<li>Fallo en el sensor de choque<\/li>\n<li>Ruidos inusuales durante el funcionamiento<\/li>\n<\/ul>\n<h4>Compatibilidad<\/h4>\n<p>Compatible con dep\u00f3sitos de gas propano y butano. Se recomienda verificar la referencia original antes de realizar la compra.<\/p>\n","protected":false},"excerpt":{"rendered":"<p>TRUMA<\/p>\n","protected":false},"featured_media":19044,"comment_status":"open","ping_status":"closed","template":"","meta":{"googlesitekit_rrm_CAowud7EDA:productID":"","_uag_custom_page_level_css":""},"product_brand":[992],"product_cat":[438],"product_tag":[],"class_list":{"0":"post-17872","1":"product","2":"type-product","3":"status-publish","4":"has-post-thumbnail","6":"product_brand-truma","7":"product_cat-reguladores-para-depositos-glp","9":"first","10":"onbackorder","11":"taxable","12":"shipping-taxable","13":"purchasable","14":"product-type-simple"},"ct_brands":[{"id":992,"name":"TRUMA","slug":"truma"}],"yoast_head":"<!-- This site is optimized with the Yoast SEO Premium plugin v27.3 (Yoast SEO v27.3) - https:\/\/yoast.com\/product\/yoast-seo-premium-wordpress\/ -->\n<title>Regulador de presi\u00f3n de gas Truma CST | Recambios Ecogas<\/title>\n<meta name=\"description\" content=\"Regulador de presi\u00f3n de gas Truma CST, ideal para dep\u00f3sitos de Autogas. Incluye filtro y garantiza una presi\u00f3n constante de 30 mbar.\" \/>\n<meta name=\"robots\" content=\"index, follow, max-snippet:-1, max-image-preview:large, max-video-preview:-1\" \/>\n<link rel=\"canonical\" href=\"https:\/\/recambiosecogas.com\/it\/producto\/truma-regulador-de-presion-de-gas-cst-incl-filtro-g-5-10-mm\/\" \/>\n<meta property=\"og:locale\" content=\"it_IT\" \/>\n<meta property=\"og:type\" content=\"article\" \/>\n<meta property=\"og:title\" content=\"Truma Regulador de presi\u00f3n de gas CST incl. filtro G.5 -&gt; 10 mm\" \/>\n<meta property=\"og:description\" content=\"Regulador de presi\u00f3n de gas Truma CST, ideal para dep\u00f3sitos de Autogas. Incluye filtro y garantiza una presi\u00f3n constante de 30 mbar.\" \/>\n<meta property=\"og:url\" content=\"https:\/\/recambiosecogas.com\/it\/producto\/truma-regulador-de-presion-de-gas-cst-incl-filtro-g-5-10-mm\/\" \/>\n<meta property=\"og:site_name\" content=\"Recambios EcoGas\" \/>\n<meta property=\"article:publisher\" content=\"https:\/\/www.facebook.com\/profile.php?id=100062419705358\" \/>\n<meta property=\"article:modified_time\" content=\"2026-03-26T11:00:22+00:00\" \/>\n<meta property=\"og:image\" content=\"https:\/\/recambiosecogas.com\/wp-content\/uploads\/2025\/02\/Truma-Regulador-de-presion-de-gas-CST-incl.-filtro-G.5-png.webp\" \/>\n\t<meta property=\"og:image:width\" content=\"1000\" \/>\n\t<meta property=\"og:image:height\" content=\"1000\" \/>\n\t<meta property=\"og:image:type\" content=\"image\/png\" \/>\n<meta name=\"twitter:card\" content=\"summary_large_image\" \/>\n<meta name=\"twitter:label1\" content=\"Prezzo\" \/>\n\t<meta name=\"twitter:data1\" content=\"173,70&nbsp;&euro; (IVA incl.: 210,18&nbsp;&euro;)\" \/>\n\t<meta name=\"twitter:label2\" content=\"Disponibilit\u00e0\" \/>\n\t<meta name=\"twitter:data2\" content=\"Su ordinazione\" \/>\n<script type=\"application\/ld+json\" class=\"yoast-schema-graph\">{\"@context\":\"https:\\\/\\\/schema.org\",\"@graph\":[{\"@type\":\"WebPage\",\"@id\":\"https:\\\/\\\/recambiosecogas.com\\\/it\\\/producto\\\/truma-regulador-de-presion-de-gas-cst-incl-filtro-g-5-10-mm\\\/\",\"url\":\"https:\\\/\\\/recambiosecogas.com\\\/it\\\/producto\\\/truma-regulador-de-presion-de-gas-cst-incl-filtro-g-5-10-mm\\\/\",\"name\":\"Regulador de presi\u00f3n de gas Truma CST | Recambios Ecogas\",\"isPartOf\":{\"@id\":\"https:\\\/\\\/recambiosecogas.com\\\/it\\\/#website\"},\"primaryImageOfPage\":{\"@id\":\"https:\\\/\\\/recambiosecogas.com\\\/it\\\/producto\\\/truma-regulador-de-presion-de-gas-cst-incl-filtro-g-5-10-mm\\\/#primaryimage\"},\"image\":{\"@id\":\"https:\\\/\\\/recambiosecogas.com\\\/it\\\/producto\\\/truma-regulador-de-presion-de-gas-cst-incl-filtro-g-5-10-mm\\\/#primaryimage\"},\"thumbnailUrl\":\"https:\\\/\\\/recambiosecogas.com\\\/wp-content\\\/uploads\\\/2025\\\/02\\\/Truma-Regulador-de-presion-de-gas-CST-incl.-filtro-G.5-png.webp\",\"datePublished\":\"2025-02-24T10:25:29+00:00\",\"dateModified\":\"2026-03-26T11:00:22+00:00\",\"description\":\"Regulador de presi\u00f3n de gas Truma CST, ideal para dep\u00f3sitos de Autogas. Incluye filtro y garantiza una presi\u00f3n constante de 30 mbar.\",\"breadcrumb\":{\"@id\":\"https:\\\/\\\/recambiosecogas.com\\\/it\\\/producto\\\/truma-regulador-de-presion-de-gas-cst-incl-filtro-g-5-10-mm\\\/#breadcrumb\"},\"inLanguage\":\"it-IT\",\"potentialAction\":[{\"@type\":\"ReadAction\",\"target\":[\"https:\\\/\\\/recambiosecogas.com\\\/it\\\/producto\\\/truma-regulador-de-presion-de-gas-cst-incl-filtro-g-5-10-mm\\\/\"]}]},{\"@type\":\"ImageObject\",\"inLanguage\":\"it-IT\",\"@id\":\"https:\\\/\\\/recambiosecogas.com\\\/it\\\/producto\\\/truma-regulador-de-presion-de-gas-cst-incl-filtro-g-5-10-mm\\\/#primaryimage\",\"url\":\"https:\\\/\\\/recambiosecogas.com\\\/wp-content\\\/uploads\\\/2025\\\/02\\\/Truma-Regulador-de-presion-de-gas-CST-incl.-filtro-G.5-png.webp\",\"contentUrl\":\"https:\\\/\\\/recambiosecogas.com\\\/wp-content\\\/uploads\\\/2025\\\/02\\\/Truma-Regulador-de-presion-de-gas-CST-incl.-filtro-G.5-png.webp\",\"width\":1000,\"height\":1000},{\"@type\":\"BreadcrumbList\",\"@id\":\"https:\\\/\\\/recambiosecogas.com\\\/it\\\/producto\\\/truma-regulador-de-presion-de-gas-cst-incl-filtro-g-5-10-mm\\\/#breadcrumb\",\"itemListElement\":[{\"@type\":\"ListItem\",\"position\":1,\"name\":\"Portada\",\"item\":\"https:\\\/\\\/recambiosecogas.com\\\/it\\\/\"},{\"@type\":\"ListItem\",\"position\":2,\"name\":\"Negozio\",\"item\":\"https:\\\/\\\/recambiosecogas.com\\\/it\\\/?page_id=46382\"},{\"@type\":\"ListItem\",\"position\":3,\"name\":\"Truma Regulador de presi\u00f3n de gas CST incl. filtro G.5 -> 10 mm\"}]},{\"@type\":\"WebSite\",\"@id\":\"https:\\\/\\\/recambiosecogas.com\\\/it\\\/#website\",\"url\":\"https:\\\/\\\/recambiosecogas.com\\\/it\\\/\",\"name\":\"Recambios EcoGas\",\"description\":\"Recambios Multimarca para sistemas de GLP\\\/GNC\\\/GNL\\\/Hidr\u00f3geno\",\"publisher\":{\"@id\":\"https:\\\/\\\/recambiosecogas.com\\\/it\\\/#organization\"},\"alternateName\":\"Recambios Autogas GLP\",\"potentialAction\":[{\"@type\":\"SearchAction\",\"target\":{\"@type\":\"EntryPoint\",\"urlTemplate\":\"https:\\\/\\\/recambiosecogas.com\\\/it\\\/?s={search_term_string}\"},\"query-input\":{\"@type\":\"PropertyValueSpecification\",\"valueRequired\":true,\"valueName\":\"search_term_string\"}}],\"inLanguage\":\"it-IT\"},{\"@type\":[\"Organization\",\"Place\"],\"@id\":\"https:\\\/\\\/recambiosecogas.com\\\/it\\\/#organization\",\"name\":\"Recambios EcoGas\",\"alternateName\":\"Tienda Online GLP Espa\u00f1a\",\"url\":\"https:\\\/\\\/recambiosecogas.com\\\/it\\\/\",\"logo\":{\"@id\":\"https:\\\/\\\/recambiosecogas.com\\\/it\\\/producto\\\/truma-regulador-de-presion-de-gas-cst-incl-filtro-g-5-10-mm\\\/#local-main-organization-logo\"},\"image\":{\"@id\":\"https:\\\/\\\/recambiosecogas.com\\\/it\\\/producto\\\/truma-regulador-de-presion-de-gas-cst-incl-filtro-g-5-10-mm\\\/#local-main-organization-logo\"},\"sameAs\":[\"https:\\\/\\\/www.facebook.com\\\/profile.php?id=100062419705358\",\"https:\\\/\\\/www.instagram.com\\\/segimon_automocio\"],\"description\":\"Recambios EcoGas \u2013 Venta y distribuci\u00f3n de sistemas GLP y GNC en Espa\u00f1a y Portugal. Env\u00edos 24 h, soporte t\u00e9cnico a talleres y distribuidores.\",\"hasMerchantReturnPolicy\":{\"@type\":\"MerchantReturnPolicy\",\"merchantReturnLink\":\"https:\\\/\\\/recambiosecogas.com\\\/politicas-privacidad\\\/\"},\"address\":{\"@id\":\"https:\\\/\\\/recambiosecogas.com\\\/it\\\/producto\\\/truma-regulador-de-presion-de-gas-cst-incl-filtro-g-5-10-mm\\\/#local-main-place-address\"},\"telephone\":[\"616250633\"],\"contactPoint\":{\"@type\":\"ContactPoint\",\"email\":\"export@recambiosecogas.com\"},\"openingHoursSpecification\":[{\"@type\":\"OpeningHoursSpecification\",\"dayOfWeek\":[\"Monday\",\"Tuesday\",\"Wednesday\",\"Thursday\",\"Friday\",\"Saturday\",\"Sunday\"],\"opens\":\"09:00\",\"closes\":\"17:00\"}],\"email\":\"info@recambiosecogas.com\",\"faxNumber\":\"SEGIMON AUTOMOCION SL\",\"vatID\":\"ESB19819861\",\"globalLocationNumber\":\"938 616 339\"},{\"@type\":\"PostalAddress\",\"@id\":\"https:\\\/\\\/recambiosecogas.com\\\/it\\\/producto\\\/truma-regulador-de-presion-de-gas-cst-incl-filtro-g-5-10-mm\\\/#local-main-place-address\",\"streetAddress\":\"cami antic de vic, 29 (Nave 3), Pol\u00edgono Industrial Congost\",\"addressLocality\":\"CORRO D`AVALL\",\"postalCode\":\"08520\",\"addressRegion\":\"Barcelona\",\"addressCountry\":\"ES\"},{\"@type\":\"ImageObject\",\"inLanguage\":\"it-IT\",\"@id\":\"https:\\\/\\\/recambiosecogas.com\\\/it\\\/producto\\\/truma-regulador-de-presion-de-gas-cst-incl-filtro-g-5-10-mm\\\/#local-main-organization-logo\",\"url\":\"https:\\\/\\\/recambiosecogas.com\\\/wp-content\\\/uploads\\\/2024\\\/11\\\/cropped-RECAMBIOS-GLP-png.webp\",\"contentUrl\":\"https:\\\/\\\/recambiosecogas.com\\\/wp-content\\\/uploads\\\/2024\\\/11\\\/cropped-RECAMBIOS-GLP-png.webp\",\"width\":512,\"height\":512,\"caption\":\"Recambios EcoGas\"}]}<\/script>\n<meta property=\"product:brand\" content=\"TRUMA\" \/>\n<meta property=\"product:price:amount\" content=\"173.70\" \/>\n<meta property=\"product:price:currency\" content=\"EUR\" \/>\n<meta property=\"og:availability\" content=\"backorder\" \/>\n<meta property=\"product:availability\" content=\"available for order\" \/>\n<meta property=\"product:retailer_item_id\" content=\"112016\" \/>\n<meta property=\"product:condition\" content=\"new\" \/>\n<meta name=\"geo.placename\" content=\"CORRO D`AVALL\" \/>\n<meta name=\"geo.region\" content=\"Spagna\" \/>\n<!-- \/ Yoast SEO Premium plugin. -->","yoast_head_json":{"title":"Regulador de presi\u00f3n de gas Truma CST | Recambios Ecogas","description":"Regulador de presi\u00f3n de gas Truma CST, ideal para dep\u00f3sitos de Autogas. Incluye filtro y garantiza una presi\u00f3n constante de 30 mbar.","robots":{"index":"index","follow":"follow","max-snippet":"max-snippet:-1","max-image-preview":"max-image-preview:large","max-video-preview":"max-video-preview:-1"},"canonical":"https:\/\/recambiosecogas.com\/it\/producto\/truma-regulador-de-presion-de-gas-cst-incl-filtro-g-5-10-mm\/","og_locale":"it_IT","og_type":"article","og_title":"Truma Regulador de presi\u00f3n de gas CST incl. filtro G.5 -> 10 mm","og_description":"Regulador de presi\u00f3n de gas Truma CST, ideal para dep\u00f3sitos de Autogas. Incluye filtro y garantiza una presi\u00f3n constante de 30 mbar.","og_url":"https:\/\/recambiosecogas.com\/it\/producto\/truma-regulador-de-presion-de-gas-cst-incl-filtro-g-5-10-mm\/","og_site_name":"Recambios EcoGas","article_publisher":"https:\/\/www.facebook.com\/profile.php?id=100062419705358","article_modified_time":"2026-03-26T11:00:22+00:00","og_image":[{"width":1000,"height":1000,"url":"https:\/\/recambiosecogas.com\/wp-content\/uploads\/2025\/02\/Truma-Regulador-de-presion-de-gas-CST-incl.-filtro-G.5-png.webp","type":"image\/png"}],"twitter_card":"summary_large_image","twitter_misc":{"Prezzo":"173,70&nbsp;&euro; (IVA incl.: 210,18&nbsp;&euro;)","Disponibilit\u00e0":"Su ordinazione"},"schema":{"@context":"https:\/\/schema.org","@graph":[{"@type":"WebPage","@id":"https:\/\/recambiosecogas.com\/it\/producto\/truma-regulador-de-presion-de-gas-cst-incl-filtro-g-5-10-mm\/","url":"https:\/\/recambiosecogas.com\/it\/producto\/truma-regulador-de-presion-de-gas-cst-incl-filtro-g-5-10-mm\/","name":"Regulador de presi\u00f3n de gas Truma CST | Recambios Ecogas","isPartOf":{"@id":"https:\/\/recambiosecogas.com\/it\/#website"},"primaryImageOfPage":{"@id":"https:\/\/recambiosecogas.com\/it\/producto\/truma-regulador-de-presion-de-gas-cst-incl-filtro-g-5-10-mm\/#primaryimage"},"image":{"@id":"https:\/\/recambiosecogas.com\/it\/producto\/truma-regulador-de-presion-de-gas-cst-incl-filtro-g-5-10-mm\/#primaryimage"},"thumbnailUrl":"https:\/\/recambiosecogas.com\/wp-content\/uploads\/2025\/02\/Truma-Regulador-de-presion-de-gas-CST-incl.-filtro-G.5-png.webp","datePublished":"2025-02-24T10:25:29+00:00","dateModified":"2026-03-26T11:00:22+00:00","description":"Regulador de presi\u00f3n de gas Truma CST, ideal para dep\u00f3sitos de Autogas. Incluye filtro y garantiza una presi\u00f3n constante de 30 mbar.","breadcrumb":{"@id":"https:\/\/recambiosecogas.com\/it\/producto\/truma-regulador-de-presion-de-gas-cst-incl-filtro-g-5-10-mm\/#breadcrumb"},"inLanguage":"it-IT","potentialAction":[{"@type":"ReadAction","target":["https:\/\/recambiosecogas.com\/it\/producto\/truma-regulador-de-presion-de-gas-cst-incl-filtro-g-5-10-mm\/"]}]},{"@type":"ImageObject","inLanguage":"it-IT","@id":"https:\/\/recambiosecogas.com\/it\/producto\/truma-regulador-de-presion-de-gas-cst-incl-filtro-g-5-10-mm\/#primaryimage","url":"https:\/\/recambiosecogas.com\/wp-content\/uploads\/2025\/02\/Truma-Regulador-de-presion-de-gas-CST-incl.-filtro-G.5-png.webp","contentUrl":"https:\/\/recambiosecogas.com\/wp-content\/uploads\/2025\/02\/Truma-Regulador-de-presion-de-gas-CST-incl.-filtro-G.5-png.webp","width":1000,"height":1000},{"@type":"BreadcrumbList","@id":"https:\/\/recambiosecogas.com\/it\/producto\/truma-regulador-de-presion-de-gas-cst-incl-filtro-g-5-10-mm\/#breadcrumb","itemListElement":[{"@type":"ListItem","position":1,"name":"Portada","item":"https:\/\/recambiosecogas.com\/it\/"},{"@type":"ListItem","position":2,"name":"Negozio","item":"https:\/\/recambiosecogas.com\/it\/?page_id=46382"},{"@type":"ListItem","position":3,"name":"Truma Regulador de presi\u00f3n de gas CST incl. filtro G.5 -> 10 mm"}]},{"@type":"WebSite","@id":"https:\/\/recambiosecogas.com\/it\/#website","url":"https:\/\/recambiosecogas.com\/it\/","name":"Recambios EcoGas","description":"Recambios Multimarca para sistemas de GLP\/GNC\/GNL\/Hidr\u00f3geno","publisher":{"@id":"https:\/\/recambiosecogas.com\/it\/#organization"},"alternateName":"Recambios Autogas GLP","potentialAction":[{"@type":"SearchAction","target":{"@type":"EntryPoint","urlTemplate":"https:\/\/recambiosecogas.com\/it\/?s={search_term_string}"},"query-input":{"@type":"PropertyValueSpecification","valueRequired":true,"valueName":"search_term_string"}}],"inLanguage":"it-IT"},{"@type":["Organization","Place"],"@id":"https:\/\/recambiosecogas.com\/it\/#organization","name":"Recambios EcoGas","alternateName":"Tienda Online GLP Espa\u00f1a","url":"https:\/\/recambiosecogas.com\/it\/","logo":{"@id":"https:\/\/recambiosecogas.com\/it\/producto\/truma-regulador-de-presion-de-gas-cst-incl-filtro-g-5-10-mm\/#local-main-organization-logo"},"image":{"@id":"https:\/\/recambiosecogas.com\/it\/producto\/truma-regulador-de-presion-de-gas-cst-incl-filtro-g-5-10-mm\/#local-main-organization-logo"},"sameAs":["https:\/\/www.facebook.com\/profile.php?id=100062419705358","https:\/\/www.instagram.com\/segimon_automocio"],"description":"Recambios EcoGas \u2013 Venta y distribuci\u00f3n de sistemas GLP y GNC en Espa\u00f1a y Portugal. Env\u00edos 24 h, soporte t\u00e9cnico a talleres y distribuidores.","hasMerchantReturnPolicy":{"@type":"MerchantReturnPolicy","merchantReturnLink":"https:\/\/recambiosecogas.com\/politicas-privacidad\/"},"address":{"@id":"https:\/\/recambiosecogas.com\/it\/producto\/truma-regulador-de-presion-de-gas-cst-incl-filtro-g-5-10-mm\/#local-main-place-address"},"telephone":["616250633"],"contactPoint":{"@type":"ContactPoint","email":"export@recambiosecogas.com"},"openingHoursSpecification":[{"@type":"OpeningHoursSpecification","dayOfWeek":["Monday","Tuesday","Wednesday","Thursday","Friday","Saturday","Sunday"],"opens":"09:00","closes":"17:00"}],"email":"info@recambiosecogas.com","faxNumber":"SEGIMON AUTOMOCION SL","vatID":"ESB19819861","globalLocationNumber":"938 616 339"},{"@type":"PostalAddress","@id":"https:\/\/recambiosecogas.com\/it\/producto\/truma-regulador-de-presion-de-gas-cst-incl-filtro-g-5-10-mm\/#local-main-place-address","streetAddress":"cami antic de vic, 29 (Nave 3), Pol\u00edgono Industrial Congost","addressLocality":"CORRO D`AVALL","postalCode":"08520","addressRegion":"Barcelona","addressCountry":"ES"},{"@type":"ImageObject","inLanguage":"it-IT","@id":"https:\/\/recambiosecogas.com\/it\/producto\/truma-regulador-de-presion-de-gas-cst-incl-filtro-g-5-10-mm\/#local-main-organization-logo","url":"https:\/\/recambiosecogas.com\/wp-content\/uploads\/2024\/11\/cropped-RECAMBIOS-GLP-png.webp","contentUrl":"https:\/\/recambiosecogas.com\/wp-content\/uploads\/2024\/11\/cropped-RECAMBIOS-GLP-png.webp","width":512,"height":512,"caption":"Recambios EcoGas"}]},"product_brand":"TRUMA","product_price_amount":"173.70","product_price_currency":"EUR","og_availability":"backorder","product_availability":"available for order","product_retailer_item_id":"112016","product_condition":"new","geo.placename":"CORRO D`AVALL","geo.region":"Spagna"},"uagb_featured_image_src":{"full":["https:\/\/recambiosecogas.com\/wp-content\/uploads\/2025\/02\/Truma-Regulador-de-presion-de-gas-CST-incl.-filtro-G.5-png.webp",1000,1000,false],"thumbnail":["https:\/\/recambiosecogas.com\/wp-content\/uploads\/2025\/02\/Truma-Regulador-de-presion-de-gas-CST-incl.-filtro-G.5-150x150.webp",150,150,true],"medium":["https:\/\/recambiosecogas.com\/wp-content\/uploads\/2025\/02\/Truma-Regulador-de-presion-de-gas-CST-incl.-filtro-G.5-300x300.webp",300,300,true],"medium_large":["https:\/\/recambiosecogas.com\/wp-content\/uploads\/2025\/02\/Truma-Regulador-de-presion-de-gas-CST-incl.-filtro-G.5-768x768.webp",768,768,true],"large":["https:\/\/recambiosecogas.com\/wp-content\/uploads\/2025\/02\/Truma-Regulador-de-presion-de-gas-CST-incl.-filtro-G.5-png.webp",1000,1000,false],"1536x1536":["https:\/\/recambiosecogas.com\/wp-content\/uploads\/2025\/02\/Truma-Regulador-de-presion-de-gas-CST-incl.-filtro-G.5-png.webp",1000,1000,false],"2048x2048":["https:\/\/recambiosecogas.com\/wp-content\/uploads\/2025\/02\/Truma-Regulador-de-presion-de-gas-CST-incl.-filtro-G.5-png.webp",1000,1000,false],"woocommerce_archive_thumbnail":["https:\/\/recambiosecogas.com\/wp-content\/uploads\/2025\/02\/Truma-Regulador-de-presion-de-gas-CST-incl.-filtro-G.5-png.webp",1000,1000,false],"woocommerce_thumbnail":["https:\/\/recambiosecogas.com\/wp-content\/uploads\/2025\/02\/Truma-Regulador-de-presion-de-gas-CST-incl.-filtro-G.5-300x300.webp",300,300,true],"woocommerce_single":["https:\/\/recambiosecogas.com\/wp-content\/uploads\/2025\/02\/Truma-Regulador-de-presion-de-gas-CST-incl.-filtro-G.5-png.webp",1000,1000,false],"woocommerce_gallery_thumbnail":["https:\/\/recambiosecogas.com\/wp-content\/uploads\/2025\/02\/Truma-Regulador-de-presion-de-gas-CST-incl.-filtro-G.5-png.webp",1000,1000,false],"dgwt-wcas-product-suggestion":["https:\/\/recambiosecogas.com\/wp-content\/uploads\/2025\/02\/Truma-Regulador-de-presion-de-gas-CST-incl.-filtro-G.5-64x64.webp",64,64,true]},"uagb_author_info":{"display_name":"Fran - Soporte T\u00e9cnico","author_link":"https:\/\/recambiosecogas.com\/it\/author\/"},"uagb_comment_info":0,"uagb_excerpt":"TRUMA","_links":{"self":[{"href":"https:\/\/recambiosecogas.com\/it\/wp-json\/wp\/v2\/product\/17872","targetHints":{"allow":["GET"]}}],"collection":[{"href":"https:\/\/recambiosecogas.com\/it\/wp-json\/wp\/v2\/product"}],"about":[{"href":"https:\/\/recambiosecogas.com\/it\/wp-json\/wp\/v2\/types\/product"}],"replies":[{"embeddable":true,"href":"https:\/\/recambiosecogas.com\/it\/wp-json\/wp\/v2\/comments?post=17872"}],"wp:featuredmedia":[{"embeddable":true,"href":"https:\/\/recambiosecogas.com\/it\/wp-json\/wp\/v2\/media\/19044"}],"wp:attachment":[{"href":"https:\/\/recambiosecogas.com\/it\/wp-json\/wp\/v2\/media?parent=17872"}],"wp:term":[{"taxonomy":"product_brand","embeddable":true,"href":"https:\/\/recambiosecogas.com\/it\/wp-json\/wp\/v2\/product_brand?post=17872"},{"taxonomy":"product_cat","embeddable":true,"href":"https:\/\/recambiosecogas.com\/it\/wp-json\/wp\/v2\/product_cat?post=17872"},{"taxonomy":"product_tag","embeddable":true,"href":"https:\/\/recambiosecogas.com\/it\/wp-json\/wp\/v2\/product_tag?post=17872"}],"curies":[{"name":"wp","href":"https:\/\/api.w.org\/{rel}","templated":true}]}}