{"id":17863,"date":"2025-02-24T11:25:11","date_gmt":"2025-02-24T10:25:11","guid":{"rendered":"https:\/\/recambiosecogas.com\/producto\/gok-regulador-de-presion-baja-en61-ds-15-kg-h-50-mbar-incl-proteccion-contra-ruptura-de-manguera\/"},"modified":"2026-03-26T11:59:46","modified_gmt":"2026-03-26T10:59:46","slug":"gok-regulador-de-presion-baja-en61-ds-15-kg-h-50-mbar-incl-proteccion-contra-ruptura-de-manguera","status":"publish","type":"product","link":"https:\/\/recambiosecogas.com\/it\/producto\/gok-regulador-de-presion-baja-en61-ds-15-kg-h-50-mbar-incl-proteccion-contra-ruptura-de-manguera\/","title":{"rendered":"GOK regulador de presi\u00f3n baja EN61-DS 1,5 kg\/h 50 mbar incl. protecci\u00f3n contra ruptura de manguera"},"content":{"rendered":"<p>Regulador de gas GOK50mbar<strong>&#8211; 1,5 kg\/incluido <\/strong>dispositivo de seguridad contra rotura de latiguillos y dispositivo de seguridad contra sobrepresi\u00f3n S2SR (\u00dcDS).<\/p>\n<p>El regulador dom\u00e9stico es obligatorio por ley para el uso <strong>de botellas de GLP en espacios cerrados<\/strong>.<\/p>\n<p>El regulador de presi\u00f3n tambi\u00e9n puede utilizarse en exteriores.<\/p>\n<p><strong>Conexi\u00f3n:<\/strong>G.12 (KLF &#8211; conexi\u00f3n para botellas peque\u00f1as) para todas las botellas de intercambio\/dep\u00f3sito disponibles en el mercado, as\u00ed como para las botellas de marca registrada disponibles en el mercado alem\u00e1n.<\/p>\n<p><strong>Presi\u00f3n nominal:<\/strong>50 \u00f3 30 mbar<\/p>\n<p><strong>Conexi\u00f3n:<\/strong>G1\/4&#8221; LH<\/p>\n<p><strong>Caudal de gas: <\/strong>m\u00e1x. 1,5 kg\/h<\/p>\n<p>El regulador es del <strong>a\u00f1o de fabricaci\u00f3n actual y <\/strong>est\u00e1 fabricado <strong>en Alemania<\/strong>.<\/p>\n<p>Ventajas y caracter\u00edsticas:<\/p>\n<p>&#8211; Dispositivo de seguridad contra sobrepresi\u00f3n S2SR (\u00dcDS) para proteger los aparatos consumidores de una presi\u00f3n inadmisiblemente alta.<br \/>\n&#8211; Indicador visual (verde\/rojo) con se\u00f1al visual (rojo) a presiones de salida superiores a 80 mbar Dispositivo de cierre t\u00e9rmico &#8220;T&#8221; (TAE) para el cierre autom\u00e1tico del flujo de gas si la temperatura supera los +100 \u00b0C<br \/>\n&#8211; Dispositivo integrado de seguridad contra rotura de manguera EFV (SBS) con apertura manual, corta el suministro de gas si la manguera est\u00e1 da\u00f1ada<\/p>\n<p>El <strong>Regulador de presi\u00f3n GOK 50 mbar<\/strong> es un componente esencial para sistemas de <strong>Autogas<\/strong>, dise\u00f1ado para garantizar un suministro seguro y eficiente de gas. Este regulador tiene una capacidad de <strong>1,5 kg\/h<\/strong> y est\u00e1 equipado con dispositivos de seguridad que protegen contra la rotura de mangueras y sobrepresiones, lo que lo convierte en una opci\u00f3n ideal tanto para uso en interiores como exteriores.<\/p>\n<p>Este regulador es obligatorio por ley para el uso de botellas de <strong>GLP en espacios cerrados<\/strong>, asegurando que se cumplan las normativas de seguridad. Su conexi\u00f3n es de tipo <strong>G.12<\/strong> (KLF), compatible con todas las botellas de intercambio y dep\u00f3sitos disponibles en el mercado, as\u00ed como con botellas de marcas registradas en Alemania.<\/p>\n<p>El regulador cuenta con un <strong>dispositivo de seguridad contra sobrepresi\u00f3n S2SR (\u00dcDS)<\/strong>, que protege los aparatos consumidores de una presi\u00f3n inadmisiblemente alta. Adem\u00e1s, incluye un indicador visual que alerta en caso de presiones de salida superiores a 80 mbar, y un dispositivo de cierre t\u00e9rmico que corta el flujo de gas si la temperatura supera los +100 \u00b0C.<\/p>\n<p>La seguridad es una prioridad en el dise\u00f1o de este regulador, que tambi\u00e9n incorpora un dispositivo de seguridad contra rotura de manguera (EFV) con apertura manual, que corta autom\u00e1ticamente el suministro de gas si se detecta un da\u00f1o en la manguera. Esto no solo mejora la seguridad del sistema, sino que tambi\u00e9n garantiza un funcionamiento confiable y continuo.<\/p>\n<h4>Datos t\u00e9cnicos<\/h4>\n<p>Presi\u00f3n nominal: <strong>50 mbar<\/strong>. Conexi\u00f3n: <strong>G1\/4&#8221; LH<\/strong>. Caudal de gas: <strong>m\u00e1x. 1,5 kg\/h<\/strong>. Fabricado en <strong>Alemania<\/strong>.<\/p>\n<h4>S\u00edntomas de fallo<\/h4>\n<ul>\n<li>Fugas de gas en las conexiones<\/li>\n<li>Incapacidad para regular la presi\u00f3n del gas<\/li>\n<li>Ruidos inusuales durante el funcionamiento<\/li>\n<li>Indicadores de presi\u00f3n fuera de rango<\/li>\n<\/ul>\n<h4>Compatibilidad<\/h4>\n<p>Compatible con sistemas de <strong>Autogas<\/strong> que utilizan botellas de GLP. Se recomienda verificar la referencia original antes de realizar la compra.<\/p>\n","protected":false},"excerpt":{"rendered":"<p>GOK<\/p>\n","protected":false},"featured_media":19072,"comment_status":"open","ping_status":"closed","template":"","meta":{"googlesitekit_rrm_CAowud7EDA:productID":"","_uag_custom_page_level_css":""},"product_brand":[991],"product_cat":[442],"product_tag":[],"class_list":{"0":"post-17863","1":"product","2":"type-product","3":"status-publish","4":"has-post-thumbnail","6":"product_brand-gok","7":"product_cat-reguladores-para-uso-comercial","9":"first","10":"onbackorder","11":"taxable","12":"shipping-taxable","13":"purchasable","14":"product-type-simple"},"ct_brands":[{"id":991,"name":"GOK","slug":"gok"}],"yoast_head":"<!-- This site is optimized with the Yoast SEO Premium plugin v27.4 (Yoast SEO v27.4) - https:\/\/yoast.com\/product\/yoast-seo-premium-wordpress\/ -->\n<title>Regulador de presi\u00f3n GOK 1,5 kg\/h 50 mbar | Recambios Ecogas<\/title>\n<meta name=\"description\" content=\"Regulador de presi\u00f3n GOK para sistemas de Autogas, con seguridad contra rotura de manguera y sobrepresi\u00f3n. Ideal para uso en interiores y exteriores.\" \/>\n<meta name=\"robots\" content=\"index, follow, max-snippet:-1, max-image-preview:large, max-video-preview:-1\" \/>\n<link rel=\"canonical\" href=\"https:\/\/recambiosecogas.com\/it\/producto\/gok-regulador-de-presion-baja-en61-ds-15-kg-h-50-mbar-incl-proteccion-contra-ruptura-de-manguera\/\" \/>\n<meta property=\"og:locale\" content=\"it_IT\" \/>\n<meta property=\"og:type\" content=\"article\" \/>\n<meta property=\"og:title\" content=\"GOK regulador de presi\u00f3n baja EN61-DS 1,5 kg\/h 50 mbar incl. protecci\u00f3n contra ruptura de manguera\" \/>\n<meta property=\"og:description\" content=\"Regulador de presi\u00f3n GOK para sistemas de Autogas, con seguridad contra rotura de manguera y sobrepresi\u00f3n. Ideal para uso en interiores y exteriores.\" \/>\n<meta property=\"og:url\" content=\"https:\/\/recambiosecogas.com\/it\/producto\/gok-regulador-de-presion-baja-en61-ds-15-kg-h-50-mbar-incl-proteccion-contra-ruptura-de-manguera\/\" \/>\n<meta property=\"og:site_name\" content=\"Recambios EcoGas\" \/>\n<meta property=\"article:publisher\" content=\"https:\/\/www.facebook.com\/profile.php?id=100062419705358\" \/>\n<meta property=\"article:modified_time\" content=\"2026-03-26T10:59:46+00:00\" \/>\n<meta property=\"og:image\" content=\"https:\/\/recambiosecogas.com\/wp-content\/uploads\/2025\/02\/GOK-regulador-de-presion-baja-EN61-DS-15-kg-h-50-mbar-incl.-proteccion-contra-ruptura-de-manguera-png.webp\" \/>\n\t<meta property=\"og:image:width\" content=\"1000\" \/>\n\t<meta property=\"og:image:height\" content=\"1000\" \/>\n\t<meta property=\"og:image:type\" content=\"image\/png\" \/>\n<meta name=\"twitter:card\" content=\"summary_large_image\" \/>\n<meta name=\"twitter:label1\" content=\"Prezzo\" \/>\n\t<meta name=\"twitter:data1\" content=\"76,34&nbsp;&euro; (IVA incl.: 92,37&nbsp;&euro;)\" \/>\n\t<meta name=\"twitter:label2\" content=\"Disponibilit\u00e0\" \/>\n\t<meta name=\"twitter:data2\" content=\"Su ordinazione\" \/>\n<script type=\"application\/ld+json\" class=\"yoast-schema-graph\">{\"@context\":\"https:\\\/\\\/schema.org\",\"@graph\":[{\"@type\":\"WebPage\",\"@id\":\"https:\\\/\\\/recambiosecogas.com\\\/it\\\/producto\\\/gok-regulador-de-presion-baja-en61-ds-15-kg-h-50-mbar-incl-proteccion-contra-ruptura-de-manguera\\\/\",\"url\":\"https:\\\/\\\/recambiosecogas.com\\\/it\\\/producto\\\/gok-regulador-de-presion-baja-en61-ds-15-kg-h-50-mbar-incl-proteccion-contra-ruptura-de-manguera\\\/\",\"name\":\"Regulador de presi\u00f3n GOK 1,5 kg\\\/h 50 mbar | Recambios Ecogas\",\"isPartOf\":{\"@id\":\"https:\\\/\\\/recambiosecogas.com\\\/it\\\/#website\"},\"primaryImageOfPage\":{\"@id\":\"https:\\\/\\\/recambiosecogas.com\\\/it\\\/producto\\\/gok-regulador-de-presion-baja-en61-ds-15-kg-h-50-mbar-incl-proteccion-contra-ruptura-de-manguera\\\/#primaryimage\"},\"image\":{\"@id\":\"https:\\\/\\\/recambiosecogas.com\\\/it\\\/producto\\\/gok-regulador-de-presion-baja-en61-ds-15-kg-h-50-mbar-incl-proteccion-contra-ruptura-de-manguera\\\/#primaryimage\"},\"thumbnailUrl\":\"https:\\\/\\\/recambiosecogas.com\\\/wp-content\\\/uploads\\\/2025\\\/02\\\/GOK-regulador-de-presion-baja-EN61-DS-15-kg-h-50-mbar-incl.-proteccion-contra-ruptura-de-manguera-png.webp\",\"datePublished\":\"2025-02-24T10:25:11+00:00\",\"dateModified\":\"2026-03-26T10:59:46+00:00\",\"description\":\"Regulador de presi\u00f3n GOK para sistemas de Autogas, con seguridad contra rotura de manguera y sobrepresi\u00f3n. Ideal para uso en interiores y exteriores.\",\"breadcrumb\":{\"@id\":\"https:\\\/\\\/recambiosecogas.com\\\/it\\\/producto\\\/gok-regulador-de-presion-baja-en61-ds-15-kg-h-50-mbar-incl-proteccion-contra-ruptura-de-manguera\\\/#breadcrumb\"},\"inLanguage\":\"it-IT\",\"potentialAction\":[{\"@type\":\"ReadAction\",\"target\":[\"https:\\\/\\\/recambiosecogas.com\\\/it\\\/producto\\\/gok-regulador-de-presion-baja-en61-ds-15-kg-h-50-mbar-incl-proteccion-contra-ruptura-de-manguera\\\/\"]}]},{\"@type\":\"ImageObject\",\"inLanguage\":\"it-IT\",\"@id\":\"https:\\\/\\\/recambiosecogas.com\\\/it\\\/producto\\\/gok-regulador-de-presion-baja-en61-ds-15-kg-h-50-mbar-incl-proteccion-contra-ruptura-de-manguera\\\/#primaryimage\",\"url\":\"https:\\\/\\\/recambiosecogas.com\\\/wp-content\\\/uploads\\\/2025\\\/02\\\/GOK-regulador-de-presion-baja-EN61-DS-15-kg-h-50-mbar-incl.-proteccion-contra-ruptura-de-manguera-png.webp\",\"contentUrl\":\"https:\\\/\\\/recambiosecogas.com\\\/wp-content\\\/uploads\\\/2025\\\/02\\\/GOK-regulador-de-presion-baja-EN61-DS-15-kg-h-50-mbar-incl.-proteccion-contra-ruptura-de-manguera-png.webp\",\"width\":1000,\"height\":1000},{\"@type\":\"BreadcrumbList\",\"@id\":\"https:\\\/\\\/recambiosecogas.com\\\/it\\\/producto\\\/gok-regulador-de-presion-baja-en61-ds-15-kg-h-50-mbar-incl-proteccion-contra-ruptura-de-manguera\\\/#breadcrumb\",\"itemListElement\":[{\"@type\":\"ListItem\",\"position\":1,\"name\":\"Portada\",\"item\":\"https:\\\/\\\/recambiosecogas.com\\\/it\\\/\"},{\"@type\":\"ListItem\",\"position\":2,\"name\":\"Negozio\",\"item\":\"https:\\\/\\\/recambiosecogas.com\\\/it\\\/?page_id=46382\"},{\"@type\":\"ListItem\",\"position\":3,\"name\":\"GOK regulador de presi\u00f3n baja EN61-DS 1,5 kg\\\/h 50 mbar incl. protecci\u00f3n contra ruptura de manguera\"}]},{\"@type\":\"WebSite\",\"@id\":\"https:\\\/\\\/recambiosecogas.com\\\/it\\\/#website\",\"url\":\"https:\\\/\\\/recambiosecogas.com\\\/it\\\/\",\"name\":\"Recambios EcoGas\",\"description\":\"Recambios Multimarca para sistemas de GLP\\\/GNC\\\/GNL\\\/Hidr\u00f3geno\",\"publisher\":{\"@id\":\"https:\\\/\\\/recambiosecogas.com\\\/it\\\/#organization\"},\"alternateName\":\"Recambios Autogas GLP\",\"potentialAction\":[{\"@type\":\"SearchAction\",\"target\":{\"@type\":\"EntryPoint\",\"urlTemplate\":\"https:\\\/\\\/recambiosecogas.com\\\/it\\\/?s={search_term_string}\"},\"query-input\":{\"@type\":\"PropertyValueSpecification\",\"valueRequired\":true,\"valueName\":\"search_term_string\"}}],\"inLanguage\":\"it-IT\"},{\"@type\":[\"Organization\",\"Place\"],\"@id\":\"https:\\\/\\\/recambiosecogas.com\\\/it\\\/#organization\",\"name\":\"Recambios EcoGas\",\"alternateName\":\"Tienda Online GLP Espa\u00f1a\",\"url\":\"https:\\\/\\\/recambiosecogas.com\\\/it\\\/\",\"logo\":{\"@id\":\"https:\\\/\\\/recambiosecogas.com\\\/it\\\/producto\\\/gok-regulador-de-presion-baja-en61-ds-15-kg-h-50-mbar-incl-proteccion-contra-ruptura-de-manguera\\\/#local-main-organization-logo\"},\"image\":{\"@id\":\"https:\\\/\\\/recambiosecogas.com\\\/it\\\/producto\\\/gok-regulador-de-presion-baja-en61-ds-15-kg-h-50-mbar-incl-proteccion-contra-ruptura-de-manguera\\\/#local-main-organization-logo\"},\"sameAs\":[\"https:\\\/\\\/www.facebook.com\\\/profile.php?id=100062419705358\",\"https:\\\/\\\/www.instagram.com\\\/segimon_automocio\"],\"description\":\"Recambios EcoGas \u2013 Venta y distribuci\u00f3n de sistemas GLP y GNC en Espa\u00f1a y Portugal. Env\u00edos 24 h, soporte t\u00e9cnico a talleres y distribuidores.\",\"hasMerchantReturnPolicy\":{\"@type\":\"MerchantReturnPolicy\",\"merchantReturnLink\":\"https:\\\/\\\/recambiosecogas.com\\\/politicas-privacidad\\\/\"},\"address\":{\"@id\":\"https:\\\/\\\/recambiosecogas.com\\\/it\\\/producto\\\/gok-regulador-de-presion-baja-en61-ds-15-kg-h-50-mbar-incl-proteccion-contra-ruptura-de-manguera\\\/#local-main-place-address\"},\"telephone\":[\"616250633\"],\"contactPoint\":{\"@type\":\"ContactPoint\",\"email\":\"export@recambiosecogas.com\"},\"openingHoursSpecification\":[{\"@type\":\"OpeningHoursSpecification\",\"dayOfWeek\":[\"Monday\",\"Tuesday\",\"Wednesday\",\"Thursday\",\"Friday\",\"Saturday\",\"Sunday\"],\"opens\":\"09:00\",\"closes\":\"17:00\"}],\"email\":\"info@recambiosecogas.com\",\"faxNumber\":\"SEGIMON AUTOMOCION SL\",\"vatID\":\"ESB19819861\",\"globalLocationNumber\":\"938 616 339\"},{\"@type\":\"PostalAddress\",\"@id\":\"https:\\\/\\\/recambiosecogas.com\\\/it\\\/producto\\\/gok-regulador-de-presion-baja-en61-ds-15-kg-h-50-mbar-incl-proteccion-contra-ruptura-de-manguera\\\/#local-main-place-address\",\"streetAddress\":\"cami antic de vic, 29 (Nave 3), Pol\u00edgono Industrial Congost\",\"addressLocality\":\"CORRO D`AVALL\",\"postalCode\":\"08520\",\"addressRegion\":\"Barcelona\",\"addressCountry\":\"ES\"},{\"@type\":\"ImageObject\",\"inLanguage\":\"it-IT\",\"@id\":\"https:\\\/\\\/recambiosecogas.com\\\/it\\\/producto\\\/gok-regulador-de-presion-baja-en61-ds-15-kg-h-50-mbar-incl-proteccion-contra-ruptura-de-manguera\\\/#local-main-organization-logo\",\"url\":\"https:\\\/\\\/recambiosecogas.com\\\/wp-content\\\/uploads\\\/2024\\\/11\\\/cropped-RECAMBIOS-GLP-png.webp\",\"contentUrl\":\"https:\\\/\\\/recambiosecogas.com\\\/wp-content\\\/uploads\\\/2024\\\/11\\\/cropped-RECAMBIOS-GLP-png.webp\",\"width\":512,\"height\":512,\"caption\":\"Recambios EcoGas\"}]}<\/script>\n<meta property=\"product:brand\" content=\"GOK\" \/>\n<meta property=\"product:price:amount\" content=\"76.34\" \/>\n<meta property=\"product:price:currency\" content=\"EUR\" \/>\n<meta property=\"og:availability\" content=\"backorder\" \/>\n<meta property=\"product:availability\" content=\"available for order\" \/>\n<meta property=\"product:retailer_item_id\" content=\"107864\" \/>\n<meta property=\"product:condition\" content=\"new\" \/>\n<meta name=\"geo.placename\" content=\"CORRO D`AVALL\" \/>\n<meta name=\"geo.region\" content=\"Spagna\" \/>\n<!-- \/ Yoast SEO Premium plugin. -->","yoast_head_json":{"title":"Regulador de presi\u00f3n GOK 1,5 kg\/h 50 mbar | Recambios Ecogas","description":"Regulador de presi\u00f3n GOK para sistemas de Autogas, con seguridad contra rotura de manguera y sobrepresi\u00f3n. Ideal para uso en interiores y exteriores.","robots":{"index":"index","follow":"follow","max-snippet":"max-snippet:-1","max-image-preview":"max-image-preview:large","max-video-preview":"max-video-preview:-1"},"canonical":"https:\/\/recambiosecogas.com\/it\/producto\/gok-regulador-de-presion-baja-en61-ds-15-kg-h-50-mbar-incl-proteccion-contra-ruptura-de-manguera\/","og_locale":"it_IT","og_type":"article","og_title":"GOK regulador de presi\u00f3n baja EN61-DS 1,5 kg\/h 50 mbar incl. protecci\u00f3n contra ruptura de manguera","og_description":"Regulador de presi\u00f3n GOK para sistemas de Autogas, con seguridad contra rotura de manguera y sobrepresi\u00f3n. Ideal para uso en interiores y exteriores.","og_url":"https:\/\/recambiosecogas.com\/it\/producto\/gok-regulador-de-presion-baja-en61-ds-15-kg-h-50-mbar-incl-proteccion-contra-ruptura-de-manguera\/","og_site_name":"Recambios EcoGas","article_publisher":"https:\/\/www.facebook.com\/profile.php?id=100062419705358","article_modified_time":"2026-03-26T10:59:46+00:00","og_image":[{"width":1000,"height":1000,"url":"https:\/\/recambiosecogas.com\/wp-content\/uploads\/2025\/02\/GOK-regulador-de-presion-baja-EN61-DS-15-kg-h-50-mbar-incl.-proteccion-contra-ruptura-de-manguera-png.webp","type":"image\/png"}],"twitter_card":"summary_large_image","twitter_misc":{"Prezzo":"76,34&nbsp;&euro; (IVA incl.: 92,37&nbsp;&euro;)","Disponibilit\u00e0":"Su ordinazione"},"schema":{"@context":"https:\/\/schema.org","@graph":[{"@type":"WebPage","@id":"https:\/\/recambiosecogas.com\/it\/producto\/gok-regulador-de-presion-baja-en61-ds-15-kg-h-50-mbar-incl-proteccion-contra-ruptura-de-manguera\/","url":"https:\/\/recambiosecogas.com\/it\/producto\/gok-regulador-de-presion-baja-en61-ds-15-kg-h-50-mbar-incl-proteccion-contra-ruptura-de-manguera\/","name":"Regulador de presi\u00f3n GOK 1,5 kg\/h 50 mbar | Recambios Ecogas","isPartOf":{"@id":"https:\/\/recambiosecogas.com\/it\/#website"},"primaryImageOfPage":{"@id":"https:\/\/recambiosecogas.com\/it\/producto\/gok-regulador-de-presion-baja-en61-ds-15-kg-h-50-mbar-incl-proteccion-contra-ruptura-de-manguera\/#primaryimage"},"image":{"@id":"https:\/\/recambiosecogas.com\/it\/producto\/gok-regulador-de-presion-baja-en61-ds-15-kg-h-50-mbar-incl-proteccion-contra-ruptura-de-manguera\/#primaryimage"},"thumbnailUrl":"https:\/\/recambiosecogas.com\/wp-content\/uploads\/2025\/02\/GOK-regulador-de-presion-baja-EN61-DS-15-kg-h-50-mbar-incl.-proteccion-contra-ruptura-de-manguera-png.webp","datePublished":"2025-02-24T10:25:11+00:00","dateModified":"2026-03-26T10:59:46+00:00","description":"Regulador de presi\u00f3n GOK para sistemas de Autogas, con seguridad contra rotura de manguera y sobrepresi\u00f3n. Ideal para uso en interiores y exteriores.","breadcrumb":{"@id":"https:\/\/recambiosecogas.com\/it\/producto\/gok-regulador-de-presion-baja-en61-ds-15-kg-h-50-mbar-incl-proteccion-contra-ruptura-de-manguera\/#breadcrumb"},"inLanguage":"it-IT","potentialAction":[{"@type":"ReadAction","target":["https:\/\/recambiosecogas.com\/it\/producto\/gok-regulador-de-presion-baja-en61-ds-15-kg-h-50-mbar-incl-proteccion-contra-ruptura-de-manguera\/"]}]},{"@type":"ImageObject","inLanguage":"it-IT","@id":"https:\/\/recambiosecogas.com\/it\/producto\/gok-regulador-de-presion-baja-en61-ds-15-kg-h-50-mbar-incl-proteccion-contra-ruptura-de-manguera\/#primaryimage","url":"https:\/\/recambiosecogas.com\/wp-content\/uploads\/2025\/02\/GOK-regulador-de-presion-baja-EN61-DS-15-kg-h-50-mbar-incl.-proteccion-contra-ruptura-de-manguera-png.webp","contentUrl":"https:\/\/recambiosecogas.com\/wp-content\/uploads\/2025\/02\/GOK-regulador-de-presion-baja-EN61-DS-15-kg-h-50-mbar-incl.-proteccion-contra-ruptura-de-manguera-png.webp","width":1000,"height":1000},{"@type":"BreadcrumbList","@id":"https:\/\/recambiosecogas.com\/it\/producto\/gok-regulador-de-presion-baja-en61-ds-15-kg-h-50-mbar-incl-proteccion-contra-ruptura-de-manguera\/#breadcrumb","itemListElement":[{"@type":"ListItem","position":1,"name":"Portada","item":"https:\/\/recambiosecogas.com\/it\/"},{"@type":"ListItem","position":2,"name":"Negozio","item":"https:\/\/recambiosecogas.com\/it\/?page_id=46382"},{"@type":"ListItem","position":3,"name":"GOK regulador de presi\u00f3n baja EN61-DS 1,5 kg\/h 50 mbar incl. protecci\u00f3n contra ruptura de manguera"}]},{"@type":"WebSite","@id":"https:\/\/recambiosecogas.com\/it\/#website","url":"https:\/\/recambiosecogas.com\/it\/","name":"Recambios EcoGas","description":"Recambios Multimarca para sistemas de GLP\/GNC\/GNL\/Hidr\u00f3geno","publisher":{"@id":"https:\/\/recambiosecogas.com\/it\/#organization"},"alternateName":"Recambios Autogas GLP","potentialAction":[{"@type":"SearchAction","target":{"@type":"EntryPoint","urlTemplate":"https:\/\/recambiosecogas.com\/it\/?s={search_term_string}"},"query-input":{"@type":"PropertyValueSpecification","valueRequired":true,"valueName":"search_term_string"}}],"inLanguage":"it-IT"},{"@type":["Organization","Place"],"@id":"https:\/\/recambiosecogas.com\/it\/#organization","name":"Recambios EcoGas","alternateName":"Tienda Online GLP Espa\u00f1a","url":"https:\/\/recambiosecogas.com\/it\/","logo":{"@id":"https:\/\/recambiosecogas.com\/it\/producto\/gok-regulador-de-presion-baja-en61-ds-15-kg-h-50-mbar-incl-proteccion-contra-ruptura-de-manguera\/#local-main-organization-logo"},"image":{"@id":"https:\/\/recambiosecogas.com\/it\/producto\/gok-regulador-de-presion-baja-en61-ds-15-kg-h-50-mbar-incl-proteccion-contra-ruptura-de-manguera\/#local-main-organization-logo"},"sameAs":["https:\/\/www.facebook.com\/profile.php?id=100062419705358","https:\/\/www.instagram.com\/segimon_automocio"],"description":"Recambios EcoGas \u2013 Venta y distribuci\u00f3n de sistemas GLP y GNC en Espa\u00f1a y Portugal. Env\u00edos 24 h, soporte t\u00e9cnico a talleres y distribuidores.","hasMerchantReturnPolicy":{"@type":"MerchantReturnPolicy","merchantReturnLink":"https:\/\/recambiosecogas.com\/politicas-privacidad\/"},"address":{"@id":"https:\/\/recambiosecogas.com\/it\/producto\/gok-regulador-de-presion-baja-en61-ds-15-kg-h-50-mbar-incl-proteccion-contra-ruptura-de-manguera\/#local-main-place-address"},"telephone":["616250633"],"contactPoint":{"@type":"ContactPoint","email":"export@recambiosecogas.com"},"openingHoursSpecification":[{"@type":"OpeningHoursSpecification","dayOfWeek":["Monday","Tuesday","Wednesday","Thursday","Friday","Saturday","Sunday"],"opens":"09:00","closes":"17:00"}],"email":"info@recambiosecogas.com","faxNumber":"SEGIMON AUTOMOCION SL","vatID":"ESB19819861","globalLocationNumber":"938 616 339"},{"@type":"PostalAddress","@id":"https:\/\/recambiosecogas.com\/it\/producto\/gok-regulador-de-presion-baja-en61-ds-15-kg-h-50-mbar-incl-proteccion-contra-ruptura-de-manguera\/#local-main-place-address","streetAddress":"cami antic de vic, 29 (Nave 3), Pol\u00edgono Industrial Congost","addressLocality":"CORRO D`AVALL","postalCode":"08520","addressRegion":"Barcelona","addressCountry":"ES"},{"@type":"ImageObject","inLanguage":"it-IT","@id":"https:\/\/recambiosecogas.com\/it\/producto\/gok-regulador-de-presion-baja-en61-ds-15-kg-h-50-mbar-incl-proteccion-contra-ruptura-de-manguera\/#local-main-organization-logo","url":"https:\/\/recambiosecogas.com\/wp-content\/uploads\/2024\/11\/cropped-RECAMBIOS-GLP-png.webp","contentUrl":"https:\/\/recambiosecogas.com\/wp-content\/uploads\/2024\/11\/cropped-RECAMBIOS-GLP-png.webp","width":512,"height":512,"caption":"Recambios EcoGas"}]},"product_brand":"GOK","product_price_amount":"76.34","product_price_currency":"EUR","og_availability":"backorder","product_availability":"available for order","product_retailer_item_id":"107864","product_condition":"new","geo.placename":"CORRO D`AVALL","geo.region":"Spagna"},"uagb_featured_image_src":{"full":["https:\/\/recambiosecogas.com\/wp-content\/uploads\/2025\/02\/GOK-regulador-de-presion-baja-EN61-DS-15-kg-h-50-mbar-incl.-proteccion-contra-ruptura-de-manguera-png.webp",1000,1000,false],"thumbnail":["https:\/\/recambiosecogas.com\/wp-content\/uploads\/2025\/02\/GOK-regulador-de-presion-baja-EN61-DS-15-kg-h-50-mbar-incl.-proteccion-contra-ruptura-de-manguera-150x150.webp",150,150,true],"medium":["https:\/\/recambiosecogas.com\/wp-content\/uploads\/2025\/02\/GOK-regulador-de-presion-baja-EN61-DS-15-kg-h-50-mbar-incl.-proteccion-contra-ruptura-de-manguera-300x300.webp",300,300,true],"medium_large":["https:\/\/recambiosecogas.com\/wp-content\/uploads\/2025\/02\/GOK-regulador-de-presion-baja-EN61-DS-15-kg-h-50-mbar-incl.-proteccion-contra-ruptura-de-manguera-768x768.webp",768,768,true],"large":["https:\/\/recambiosecogas.com\/wp-content\/uploads\/2025\/02\/GOK-regulador-de-presion-baja-EN61-DS-15-kg-h-50-mbar-incl.-proteccion-contra-ruptura-de-manguera-png.webp",1000,1000,false],"1536x1536":["https:\/\/recambiosecogas.com\/wp-content\/uploads\/2025\/02\/GOK-regulador-de-presion-baja-EN61-DS-15-kg-h-50-mbar-incl.-proteccion-contra-ruptura-de-manguera-png.webp",1000,1000,false],"2048x2048":["https:\/\/recambiosecogas.com\/wp-content\/uploads\/2025\/02\/GOK-regulador-de-presion-baja-EN61-DS-15-kg-h-50-mbar-incl.-proteccion-contra-ruptura-de-manguera-png.webp",1000,1000,false],"woocommerce_archive_thumbnail":["https:\/\/recambiosecogas.com\/wp-content\/uploads\/2025\/02\/GOK-regulador-de-presion-baja-EN61-DS-15-kg-h-50-mbar-incl.-proteccion-contra-ruptura-de-manguera-png.webp",1000,1000,false],"woocommerce_thumbnail":["https:\/\/recambiosecogas.com\/wp-content\/uploads\/2025\/02\/GOK-regulador-de-presion-baja-EN61-DS-15-kg-h-50-mbar-incl.-proteccion-contra-ruptura-de-manguera-300x300.webp",300,300,true],"woocommerce_single":["https:\/\/recambiosecogas.com\/wp-content\/uploads\/2025\/02\/GOK-regulador-de-presion-baja-EN61-DS-15-kg-h-50-mbar-incl.-proteccion-contra-ruptura-de-manguera-png.webp",1000,1000,false],"woocommerce_gallery_thumbnail":["https:\/\/recambiosecogas.com\/wp-content\/uploads\/2025\/02\/GOK-regulador-de-presion-baja-EN61-DS-15-kg-h-50-mbar-incl.-proteccion-contra-ruptura-de-manguera-png.webp",1000,1000,false],"dgwt-wcas-product-suggestion":["https:\/\/recambiosecogas.com\/wp-content\/uploads\/2025\/02\/GOK-regulador-de-presion-baja-EN61-DS-15-kg-h-50-mbar-incl.-proteccion-contra-ruptura-de-manguera-64x64.webp",64,64,true]},"uagb_author_info":{"display_name":"Fran - Soporte T\u00e9cnico","author_link":"https:\/\/recambiosecogas.com\/it\/author\/"},"uagb_comment_info":0,"uagb_excerpt":"GOK","_links":{"self":[{"href":"https:\/\/recambiosecogas.com\/it\/wp-json\/wp\/v2\/product\/17863","targetHints":{"allow":["GET"]}}],"collection":[{"href":"https:\/\/recambiosecogas.com\/it\/wp-json\/wp\/v2\/product"}],"about":[{"href":"https:\/\/recambiosecogas.com\/it\/wp-json\/wp\/v2\/types\/product"}],"replies":[{"embeddable":true,"href":"https:\/\/recambiosecogas.com\/it\/wp-json\/wp\/v2\/comments?post=17863"}],"wp:featuredmedia":[{"embeddable":true,"href":"https:\/\/recambiosecogas.com\/it\/wp-json\/wp\/v2\/media\/19072"}],"wp:attachment":[{"href":"https:\/\/recambiosecogas.com\/it\/wp-json\/wp\/v2\/media?parent=17863"}],"wp:term":[{"taxonomy":"product_brand","embeddable":true,"href":"https:\/\/recambiosecogas.com\/it\/wp-json\/wp\/v2\/product_brand?post=17863"},{"taxonomy":"product_cat","embeddable":true,"href":"https:\/\/recambiosecogas.com\/it\/wp-json\/wp\/v2\/product_cat?post=17863"},{"taxonomy":"product_tag","embeddable":true,"href":"https:\/\/recambiosecogas.com\/it\/wp-json\/wp\/v2\/product_tag?post=17863"}],"curies":[{"name":"wp","href":"https:\/\/api.w.org\/{rel}","templated":true}]}}