{"id":17861,"date":"2025-02-24T11:25:09","date_gmt":"2025-02-24T10:25:09","guid":{"rendered":"https:\/\/recambiosecogas.com\/producto\/gok-regulador-de-presion-baja-en61-ds-15-kg-h-50-mbar-incl-manometro\/"},"modified":"2026-03-26T12:06:42","modified_gmt":"2026-03-26T11:06:42","slug":"gok-regulador-de-presion-baja-en61-ds-15-kg-h-50-mbar-incl-manometro","status":"publish","type":"product","link":"https:\/\/recambiosecogas.com\/it\/producto\/gok-regulador-de-presion-baja-en61-ds-15-kg-h-50-mbar-incl-manometro\/","title":{"rendered":"GOK regulador de presi\u00f3n baja EN61-DS 1,5 kg\/h 50 mbar incl. man\u00f3metro"},"content":{"rendered":"<section>\n<div id=\"layout_content\">\n<div class=\"layout_content_inner cf\">\n<article>\n<div>\n<div id=\"horizontalTab\" class=\"pd_tabs\">\n<div class=\"resp-tabs-container\">\n<div class=\"pd_description resp-tab-content resp-tab-content-active\" aria-labelledby=\"tab_item-0\">\n<div>\n<p>Regulador dom\u00e9stico GOK50mbar<strong>&#8211; 1,5 kg\/incluido <\/strong>man\u00f3metro y dispositivo de seguridad contra sobrepresi\u00f3n S2SR (\u00dcDS).<\/p>\n<p>El regulador de gas es obligatorio <strong>por ley <\/strong>cuando se utilizan <strong>bombonas de GLP en locales cerrados<\/strong>.<\/p>\n<p>El regulador de presi\u00f3n tambi\u00e9n puede utilizarse en exteriores.<\/p>\n<p><strong>Conexi\u00f3n:<\/strong>G.12 (KLF &#8211; conexi\u00f3n para botellas peque\u00f1as) para todas las botellas de intercambio\/dep\u00f3sito disponibles en el mercado, as\u00ed como para las botellas patentadas disponibles en el mercado alem\u00e1n.<\/p>\n<p><strong>Presi\u00f3n nominal:<\/strong>50 \u00f3 30 mbar<\/p>\n<p><strong>Conexi\u00f3n:<\/strong>G1\/4&#8221; LH<\/p>\n<p><strong>Caudal de gas: <\/strong>m\u00e1x. 1,5 kg\/h<\/p>\n<p>El regulador de gas es del <strong>a\u00f1o de producci\u00f3n actual y <\/strong>est\u00e1 fabricado <strong>en Alemania<\/strong>.<\/p>\n<p>Ventajas y caracter\u00edsticas:<\/p>\n<p>&#8211; Dispositivo de seguridad contra sobrepresi\u00f3n S2SR (\u00dcDS) para proteger los aparatos consumidores de una presi\u00f3n inadmisiblemente alta.<br \/>\n&#8211; Indicador visual (verde\/rojo) con se\u00f1al visual (rojo) a presiones de salida superiores a 80 mbar Dispositivo de cierre t\u00e9rmico &#8220;T&#8221; (TAE) para cerrar autom\u00e1ticamente el flujo de gas si la temperatura supera los +100 \u00b0C<br \/>\n&#8211; Man\u00f3metro para pruebas de estanqueidad, por ejemplo, al cambiar de botella Versi\u00f3n &#8211; Versi\u00f3n con salida de 90\u00b0 para evitar dobleces en la manguera<\/p>\n<\/div>\n<\/div>\n<\/div>\n<\/div>\n<\/div>\n<\/article>\n<\/div>\n<\/div>\n<\/section>\n<p>El <strong>regulador de presi\u00f3n GOK 1.5 kg\/h 50 mbar<\/strong> es un componente esencial para sistemas de <strong>Autogas<\/strong>, dise\u00f1ado para garantizar un suministro seguro y eficiente de gas. Este regulador incluye un <strong>man\u00f3metro<\/strong> y un dispositivo de seguridad contra sobrepresi\u00f3n S2SR (\u00dcDS), lo que lo convierte en una opci\u00f3n ideal para instalaciones en interiores y exteriores.<\/p>\n<p>Este regulador de gas es obligatorio por ley cuando se utilizan <strong>bombonas de GLP en locales cerrados<\/strong>, asegurando as\u00ed el cumplimiento de las normativas de seguridad. Su conexi\u00f3n es de tipo G.12 (KLF), compatible con todas las botellas de intercambio y dep\u00f3sitos disponibles en el mercado, as\u00ed como con botellas patentadas en Alemania.<\/p>\n<p>Con una presi\u00f3n nominal de <strong>50 mbar<\/strong> y un caudal m\u00e1ximo de <strong>1.5 kg\/h<\/strong>, este regulador est\u00e1 fabricado en Alemania y es del a\u00f1o de producci\u00f3n actual. Su dise\u00f1o incluye un dispositivo de cierre t\u00e9rmico que se activa autom\u00e1ticamente si la temperatura supera los +100 \u00b0C, garantizando una operaci\u00f3n segura en todo momento.<\/p>\n<h4>Datos t\u00e9cnicos<\/h4>\n<p>Presi\u00f3n nominal: <strong>50 mbar<\/strong>. Caudal de gas: <strong>1.5 kg\/h<\/strong>. Conexi\u00f3n: <strong>G1\/4&#8221; LH<\/strong>.<\/p>\n<h4>S\u00edntomas de fallo<\/h4>\n<ul>\n<li>Fugas de gas en la conexi\u00f3n<\/li>\n<li>Man\u00f3metro que indica presi\u00f3n inadecuada<\/li>\n<li>Dispositivo de cierre t\u00e9rmico activado frecuentemente<\/li>\n<li>Incapacidad para mantener la presi\u00f3n nominal<\/li>\n<\/ul>\n<h4>Compatibilidad<\/h4>\n<p>Compatible con sistemas de <strong>Autogas<\/strong> que utilizan bombonas de GLP y reguladores de presi\u00f3n de 50 mbar. Se recomienda verificar la referencia original antes de realizar la compra.<\/p>\n","protected":false},"excerpt":{"rendered":"<p>GOK<\/p>\n","protected":false},"featured_media":19076,"comment_status":"open","ping_status":"closed","template":"","meta":{"googlesitekit_rrm_CAowud7EDA:productID":"","_uag_custom_page_level_css":""},"product_brand":[991],"product_cat":[442],"product_tag":[],"class_list":{"0":"post-17861","1":"product","2":"type-product","3":"status-publish","4":"has-post-thumbnail","6":"product_brand-gok","7":"product_cat-reguladores-para-uso-comercial","9":"first","10":"onbackorder","11":"taxable","12":"shipping-taxable","13":"purchasable","14":"product-type-simple"},"ct_brands":[{"id":991,"name":"GOK","slug":"gok"}],"yoast_head":"<!-- This site is optimized with the Yoast SEO Premium plugin v27.4 (Yoast SEO v27.4) - https:\/\/yoast.com\/product\/yoast-seo-premium-wordpress\/ -->\n<title>Regulador de presi\u00f3n GOK 1.5 kg\/h 50 mbar | Recambios Ecogas<\/title>\n<meta name=\"description\" content=\"Regulador de presi\u00f3n GOK de 1.5 kg\/h y 50 mbar, incluye man\u00f3metro y dispositivo de seguridad. Ideal para instalaciones de GLP en interiores y exteriores.\" \/>\n<meta name=\"robots\" content=\"index, follow, max-snippet:-1, max-image-preview:large, max-video-preview:-1\" \/>\n<link rel=\"canonical\" href=\"https:\/\/recambiosecogas.com\/it\/producto\/gok-regulador-de-presion-baja-en61-ds-15-kg-h-50-mbar-incl-manometro\/\" \/>\n<meta property=\"og:locale\" content=\"it_IT\" \/>\n<meta property=\"og:type\" content=\"article\" \/>\n<meta property=\"og:title\" content=\"GOK regulador de presi\u00f3n baja EN61-DS 1,5 kg\/h 50 mbar incl. man\u00f3metro\" \/>\n<meta property=\"og:description\" content=\"Regulador de presi\u00f3n GOK de 1.5 kg\/h y 50 mbar, incluye man\u00f3metro y dispositivo de seguridad. Ideal para instalaciones de GLP en interiores y exteriores.\" \/>\n<meta property=\"og:url\" content=\"https:\/\/recambiosecogas.com\/it\/producto\/gok-regulador-de-presion-baja-en61-ds-15-kg-h-50-mbar-incl-manometro\/\" \/>\n<meta property=\"og:site_name\" content=\"Recambios EcoGas\" \/>\n<meta property=\"article:publisher\" content=\"https:\/\/www.facebook.com\/profile.php?id=100062419705358\" \/>\n<meta property=\"article:modified_time\" content=\"2026-03-26T11:06:42+00:00\" \/>\n<meta property=\"og:image\" content=\"https:\/\/recambiosecogas.com\/wp-content\/uploads\/2025\/02\/GOK-regulador-de-presion-baja-EN61-DS-15-kg-h-50-mbar-incl.-manometro-png.webp\" \/>\n\t<meta property=\"og:image:width\" content=\"1000\" \/>\n\t<meta property=\"og:image:height\" content=\"1000\" \/>\n\t<meta property=\"og:image:type\" content=\"image\/png\" \/>\n<meta name=\"twitter:card\" content=\"summary_large_image\" \/>\n<meta name=\"twitter:label1\" content=\"Prezzo\" \/>\n\t<meta name=\"twitter:data1\" content=\"81,18&nbsp;&euro; (IVA incl.: 98,23&nbsp;&euro;)\" \/>\n\t<meta name=\"twitter:label2\" content=\"Disponibilit\u00e0\" \/>\n\t<meta name=\"twitter:data2\" content=\"Su ordinazione\" \/>\n<script type=\"application\/ld+json\" class=\"yoast-schema-graph\">{\"@context\":\"https:\\\/\\\/schema.org\",\"@graph\":[{\"@type\":\"WebPage\",\"@id\":\"https:\\\/\\\/recambiosecogas.com\\\/it\\\/producto\\\/gok-regulador-de-presion-baja-en61-ds-15-kg-h-50-mbar-incl-manometro\\\/\",\"url\":\"https:\\\/\\\/recambiosecogas.com\\\/it\\\/producto\\\/gok-regulador-de-presion-baja-en61-ds-15-kg-h-50-mbar-incl-manometro\\\/\",\"name\":\"Regulador de presi\u00f3n GOK 1.5 kg\\\/h 50 mbar | Recambios Ecogas\",\"isPartOf\":{\"@id\":\"https:\\\/\\\/recambiosecogas.com\\\/it\\\/#website\"},\"primaryImageOfPage\":{\"@id\":\"https:\\\/\\\/recambiosecogas.com\\\/it\\\/producto\\\/gok-regulador-de-presion-baja-en61-ds-15-kg-h-50-mbar-incl-manometro\\\/#primaryimage\"},\"image\":{\"@id\":\"https:\\\/\\\/recambiosecogas.com\\\/it\\\/producto\\\/gok-regulador-de-presion-baja-en61-ds-15-kg-h-50-mbar-incl-manometro\\\/#primaryimage\"},\"thumbnailUrl\":\"https:\\\/\\\/recambiosecogas.com\\\/wp-content\\\/uploads\\\/2025\\\/02\\\/GOK-regulador-de-presion-baja-EN61-DS-15-kg-h-50-mbar-incl.-manometro-png.webp\",\"datePublished\":\"2025-02-24T10:25:09+00:00\",\"dateModified\":\"2026-03-26T11:06:42+00:00\",\"description\":\"Regulador de presi\u00f3n GOK de 1.5 kg\\\/h y 50 mbar, incluye man\u00f3metro y dispositivo de seguridad. Ideal para instalaciones de GLP en interiores y exteriores.\",\"breadcrumb\":{\"@id\":\"https:\\\/\\\/recambiosecogas.com\\\/it\\\/producto\\\/gok-regulador-de-presion-baja-en61-ds-15-kg-h-50-mbar-incl-manometro\\\/#breadcrumb\"},\"inLanguage\":\"it-IT\",\"potentialAction\":[{\"@type\":\"ReadAction\",\"target\":[\"https:\\\/\\\/recambiosecogas.com\\\/it\\\/producto\\\/gok-regulador-de-presion-baja-en61-ds-15-kg-h-50-mbar-incl-manometro\\\/\"]}]},{\"@type\":\"ImageObject\",\"inLanguage\":\"it-IT\",\"@id\":\"https:\\\/\\\/recambiosecogas.com\\\/it\\\/producto\\\/gok-regulador-de-presion-baja-en61-ds-15-kg-h-50-mbar-incl-manometro\\\/#primaryimage\",\"url\":\"https:\\\/\\\/recambiosecogas.com\\\/wp-content\\\/uploads\\\/2025\\\/02\\\/GOK-regulador-de-presion-baja-EN61-DS-15-kg-h-50-mbar-incl.-manometro-png.webp\",\"contentUrl\":\"https:\\\/\\\/recambiosecogas.com\\\/wp-content\\\/uploads\\\/2025\\\/02\\\/GOK-regulador-de-presion-baja-EN61-DS-15-kg-h-50-mbar-incl.-manometro-png.webp\",\"width\":1000,\"height\":1000},{\"@type\":\"BreadcrumbList\",\"@id\":\"https:\\\/\\\/recambiosecogas.com\\\/it\\\/producto\\\/gok-regulador-de-presion-baja-en61-ds-15-kg-h-50-mbar-incl-manometro\\\/#breadcrumb\",\"itemListElement\":[{\"@type\":\"ListItem\",\"position\":1,\"name\":\"Portada\",\"item\":\"https:\\\/\\\/recambiosecogas.com\\\/it\\\/\"},{\"@type\":\"ListItem\",\"position\":2,\"name\":\"Negozio\",\"item\":\"https:\\\/\\\/recambiosecogas.com\\\/it\\\/?page_id=46382\"},{\"@type\":\"ListItem\",\"position\":3,\"name\":\"GOK regulador de presi\u00f3n baja EN61-DS 1,5 kg\\\/h 50 mbar incl. man\u00f3metro\"}]},{\"@type\":\"WebSite\",\"@id\":\"https:\\\/\\\/recambiosecogas.com\\\/it\\\/#website\",\"url\":\"https:\\\/\\\/recambiosecogas.com\\\/it\\\/\",\"name\":\"Recambios EcoGas\",\"description\":\"Recambios Multimarca para sistemas de GLP\\\/GNC\\\/GNL\\\/Hidr\u00f3geno\",\"publisher\":{\"@id\":\"https:\\\/\\\/recambiosecogas.com\\\/it\\\/#organization\"},\"alternateName\":\"Recambios Autogas GLP\",\"potentialAction\":[{\"@type\":\"SearchAction\",\"target\":{\"@type\":\"EntryPoint\",\"urlTemplate\":\"https:\\\/\\\/recambiosecogas.com\\\/it\\\/?s={search_term_string}\"},\"query-input\":{\"@type\":\"PropertyValueSpecification\",\"valueRequired\":true,\"valueName\":\"search_term_string\"}}],\"inLanguage\":\"it-IT\"},{\"@type\":[\"Organization\",\"Place\"],\"@id\":\"https:\\\/\\\/recambiosecogas.com\\\/it\\\/#organization\",\"name\":\"Recambios EcoGas\",\"alternateName\":\"Tienda Online GLP Espa\u00f1a\",\"url\":\"https:\\\/\\\/recambiosecogas.com\\\/it\\\/\",\"logo\":{\"@id\":\"https:\\\/\\\/recambiosecogas.com\\\/it\\\/producto\\\/gok-regulador-de-presion-baja-en61-ds-15-kg-h-50-mbar-incl-manometro\\\/#local-main-organization-logo\"},\"image\":{\"@id\":\"https:\\\/\\\/recambiosecogas.com\\\/it\\\/producto\\\/gok-regulador-de-presion-baja-en61-ds-15-kg-h-50-mbar-incl-manometro\\\/#local-main-organization-logo\"},\"sameAs\":[\"https:\\\/\\\/www.facebook.com\\\/profile.php?id=100062419705358\",\"https:\\\/\\\/www.instagram.com\\\/segimon_automocio\"],\"description\":\"Recambios EcoGas \u2013 Venta y distribuci\u00f3n de sistemas GLP y GNC en Espa\u00f1a y Portugal. Env\u00edos 24 h, soporte t\u00e9cnico a talleres y distribuidores.\",\"hasMerchantReturnPolicy\":{\"@type\":\"MerchantReturnPolicy\",\"merchantReturnLink\":\"https:\\\/\\\/recambiosecogas.com\\\/politicas-privacidad\\\/\"},\"address\":{\"@id\":\"https:\\\/\\\/recambiosecogas.com\\\/it\\\/producto\\\/gok-regulador-de-presion-baja-en61-ds-15-kg-h-50-mbar-incl-manometro\\\/#local-main-place-address\"},\"telephone\":[\"616250633\"],\"contactPoint\":{\"@type\":\"ContactPoint\",\"email\":\"export@recambiosecogas.com\"},\"openingHoursSpecification\":[{\"@type\":\"OpeningHoursSpecification\",\"dayOfWeek\":[\"Monday\",\"Tuesday\",\"Wednesday\",\"Thursday\",\"Friday\",\"Saturday\",\"Sunday\"],\"opens\":\"09:00\",\"closes\":\"17:00\"}],\"email\":\"info@recambiosecogas.com\",\"faxNumber\":\"SEGIMON AUTOMOCION SL\",\"vatID\":\"ESB19819861\",\"globalLocationNumber\":\"938 616 339\"},{\"@type\":\"PostalAddress\",\"@id\":\"https:\\\/\\\/recambiosecogas.com\\\/it\\\/producto\\\/gok-regulador-de-presion-baja-en61-ds-15-kg-h-50-mbar-incl-manometro\\\/#local-main-place-address\",\"streetAddress\":\"cami antic de vic, 29 (Nave 3), Pol\u00edgono Industrial Congost\",\"addressLocality\":\"CORRO D`AVALL\",\"postalCode\":\"08520\",\"addressRegion\":\"Barcelona\",\"addressCountry\":\"ES\"},{\"@type\":\"ImageObject\",\"inLanguage\":\"it-IT\",\"@id\":\"https:\\\/\\\/recambiosecogas.com\\\/it\\\/producto\\\/gok-regulador-de-presion-baja-en61-ds-15-kg-h-50-mbar-incl-manometro\\\/#local-main-organization-logo\",\"url\":\"https:\\\/\\\/recambiosecogas.com\\\/wp-content\\\/uploads\\\/2024\\\/11\\\/cropped-RECAMBIOS-GLP-png.webp\",\"contentUrl\":\"https:\\\/\\\/recambiosecogas.com\\\/wp-content\\\/uploads\\\/2024\\\/11\\\/cropped-RECAMBIOS-GLP-png.webp\",\"width\":512,\"height\":512,\"caption\":\"Recambios EcoGas\"}]}<\/script>\n<meta property=\"product:brand\" content=\"GOK\" \/>\n<meta property=\"product:price:amount\" content=\"81.18\" \/>\n<meta property=\"product:price:currency\" content=\"EUR\" \/>\n<meta property=\"og:availability\" content=\"backorder\" \/>\n<meta property=\"product:availability\" content=\"available for order\" \/>\n<meta property=\"product:retailer_item_id\" content=\"107299\" \/>\n<meta property=\"product:condition\" content=\"new\" \/>\n<meta name=\"geo.placename\" content=\"CORRO D`AVALL\" \/>\n<meta name=\"geo.region\" content=\"Spagna\" \/>\n<!-- \/ Yoast SEO Premium plugin. -->","yoast_head_json":{"title":"Regulador de presi\u00f3n GOK 1.5 kg\/h 50 mbar | Recambios Ecogas","description":"Regulador de presi\u00f3n GOK de 1.5 kg\/h y 50 mbar, incluye man\u00f3metro y dispositivo de seguridad. Ideal para instalaciones de GLP en interiores y exteriores.","robots":{"index":"index","follow":"follow","max-snippet":"max-snippet:-1","max-image-preview":"max-image-preview:large","max-video-preview":"max-video-preview:-1"},"canonical":"https:\/\/recambiosecogas.com\/it\/producto\/gok-regulador-de-presion-baja-en61-ds-15-kg-h-50-mbar-incl-manometro\/","og_locale":"it_IT","og_type":"article","og_title":"GOK regulador de presi\u00f3n baja EN61-DS 1,5 kg\/h 50 mbar incl. man\u00f3metro","og_description":"Regulador de presi\u00f3n GOK de 1.5 kg\/h y 50 mbar, incluye man\u00f3metro y dispositivo de seguridad. Ideal para instalaciones de GLP en interiores y exteriores.","og_url":"https:\/\/recambiosecogas.com\/it\/producto\/gok-regulador-de-presion-baja-en61-ds-15-kg-h-50-mbar-incl-manometro\/","og_site_name":"Recambios EcoGas","article_publisher":"https:\/\/www.facebook.com\/profile.php?id=100062419705358","article_modified_time":"2026-03-26T11:06:42+00:00","og_image":[{"width":1000,"height":1000,"url":"https:\/\/recambiosecogas.com\/wp-content\/uploads\/2025\/02\/GOK-regulador-de-presion-baja-EN61-DS-15-kg-h-50-mbar-incl.-manometro-png.webp","type":"image\/png"}],"twitter_card":"summary_large_image","twitter_misc":{"Prezzo":"81,18&nbsp;&euro; (IVA incl.: 98,23&nbsp;&euro;)","Disponibilit\u00e0":"Su ordinazione"},"schema":{"@context":"https:\/\/schema.org","@graph":[{"@type":"WebPage","@id":"https:\/\/recambiosecogas.com\/it\/producto\/gok-regulador-de-presion-baja-en61-ds-15-kg-h-50-mbar-incl-manometro\/","url":"https:\/\/recambiosecogas.com\/it\/producto\/gok-regulador-de-presion-baja-en61-ds-15-kg-h-50-mbar-incl-manometro\/","name":"Regulador de presi\u00f3n GOK 1.5 kg\/h 50 mbar | Recambios Ecogas","isPartOf":{"@id":"https:\/\/recambiosecogas.com\/it\/#website"},"primaryImageOfPage":{"@id":"https:\/\/recambiosecogas.com\/it\/producto\/gok-regulador-de-presion-baja-en61-ds-15-kg-h-50-mbar-incl-manometro\/#primaryimage"},"image":{"@id":"https:\/\/recambiosecogas.com\/it\/producto\/gok-regulador-de-presion-baja-en61-ds-15-kg-h-50-mbar-incl-manometro\/#primaryimage"},"thumbnailUrl":"https:\/\/recambiosecogas.com\/wp-content\/uploads\/2025\/02\/GOK-regulador-de-presion-baja-EN61-DS-15-kg-h-50-mbar-incl.-manometro-png.webp","datePublished":"2025-02-24T10:25:09+00:00","dateModified":"2026-03-26T11:06:42+00:00","description":"Regulador de presi\u00f3n GOK de 1.5 kg\/h y 50 mbar, incluye man\u00f3metro y dispositivo de seguridad. Ideal para instalaciones de GLP en interiores y exteriores.","breadcrumb":{"@id":"https:\/\/recambiosecogas.com\/it\/producto\/gok-regulador-de-presion-baja-en61-ds-15-kg-h-50-mbar-incl-manometro\/#breadcrumb"},"inLanguage":"it-IT","potentialAction":[{"@type":"ReadAction","target":["https:\/\/recambiosecogas.com\/it\/producto\/gok-regulador-de-presion-baja-en61-ds-15-kg-h-50-mbar-incl-manometro\/"]}]},{"@type":"ImageObject","inLanguage":"it-IT","@id":"https:\/\/recambiosecogas.com\/it\/producto\/gok-regulador-de-presion-baja-en61-ds-15-kg-h-50-mbar-incl-manometro\/#primaryimage","url":"https:\/\/recambiosecogas.com\/wp-content\/uploads\/2025\/02\/GOK-regulador-de-presion-baja-EN61-DS-15-kg-h-50-mbar-incl.-manometro-png.webp","contentUrl":"https:\/\/recambiosecogas.com\/wp-content\/uploads\/2025\/02\/GOK-regulador-de-presion-baja-EN61-DS-15-kg-h-50-mbar-incl.-manometro-png.webp","width":1000,"height":1000},{"@type":"BreadcrumbList","@id":"https:\/\/recambiosecogas.com\/it\/producto\/gok-regulador-de-presion-baja-en61-ds-15-kg-h-50-mbar-incl-manometro\/#breadcrumb","itemListElement":[{"@type":"ListItem","position":1,"name":"Portada","item":"https:\/\/recambiosecogas.com\/it\/"},{"@type":"ListItem","position":2,"name":"Negozio","item":"https:\/\/recambiosecogas.com\/it\/?page_id=46382"},{"@type":"ListItem","position":3,"name":"GOK regulador de presi\u00f3n baja EN61-DS 1,5 kg\/h 50 mbar incl. man\u00f3metro"}]},{"@type":"WebSite","@id":"https:\/\/recambiosecogas.com\/it\/#website","url":"https:\/\/recambiosecogas.com\/it\/","name":"Recambios EcoGas","description":"Recambios Multimarca para sistemas de GLP\/GNC\/GNL\/Hidr\u00f3geno","publisher":{"@id":"https:\/\/recambiosecogas.com\/it\/#organization"},"alternateName":"Recambios Autogas GLP","potentialAction":[{"@type":"SearchAction","target":{"@type":"EntryPoint","urlTemplate":"https:\/\/recambiosecogas.com\/it\/?s={search_term_string}"},"query-input":{"@type":"PropertyValueSpecification","valueRequired":true,"valueName":"search_term_string"}}],"inLanguage":"it-IT"},{"@type":["Organization","Place"],"@id":"https:\/\/recambiosecogas.com\/it\/#organization","name":"Recambios EcoGas","alternateName":"Tienda Online GLP Espa\u00f1a","url":"https:\/\/recambiosecogas.com\/it\/","logo":{"@id":"https:\/\/recambiosecogas.com\/it\/producto\/gok-regulador-de-presion-baja-en61-ds-15-kg-h-50-mbar-incl-manometro\/#local-main-organization-logo"},"image":{"@id":"https:\/\/recambiosecogas.com\/it\/producto\/gok-regulador-de-presion-baja-en61-ds-15-kg-h-50-mbar-incl-manometro\/#local-main-organization-logo"},"sameAs":["https:\/\/www.facebook.com\/profile.php?id=100062419705358","https:\/\/www.instagram.com\/segimon_automocio"],"description":"Recambios EcoGas \u2013 Venta y distribuci\u00f3n de sistemas GLP y GNC en Espa\u00f1a y Portugal. Env\u00edos 24 h, soporte t\u00e9cnico a talleres y distribuidores.","hasMerchantReturnPolicy":{"@type":"MerchantReturnPolicy","merchantReturnLink":"https:\/\/recambiosecogas.com\/politicas-privacidad\/"},"address":{"@id":"https:\/\/recambiosecogas.com\/it\/producto\/gok-regulador-de-presion-baja-en61-ds-15-kg-h-50-mbar-incl-manometro\/#local-main-place-address"},"telephone":["616250633"],"contactPoint":{"@type":"ContactPoint","email":"export@recambiosecogas.com"},"openingHoursSpecification":[{"@type":"OpeningHoursSpecification","dayOfWeek":["Monday","Tuesday","Wednesday","Thursday","Friday","Saturday","Sunday"],"opens":"09:00","closes":"17:00"}],"email":"info@recambiosecogas.com","faxNumber":"SEGIMON AUTOMOCION SL","vatID":"ESB19819861","globalLocationNumber":"938 616 339"},{"@type":"PostalAddress","@id":"https:\/\/recambiosecogas.com\/it\/producto\/gok-regulador-de-presion-baja-en61-ds-15-kg-h-50-mbar-incl-manometro\/#local-main-place-address","streetAddress":"cami antic de vic, 29 (Nave 3), Pol\u00edgono Industrial Congost","addressLocality":"CORRO D`AVALL","postalCode":"08520","addressRegion":"Barcelona","addressCountry":"ES"},{"@type":"ImageObject","inLanguage":"it-IT","@id":"https:\/\/recambiosecogas.com\/it\/producto\/gok-regulador-de-presion-baja-en61-ds-15-kg-h-50-mbar-incl-manometro\/#local-main-organization-logo","url":"https:\/\/recambiosecogas.com\/wp-content\/uploads\/2024\/11\/cropped-RECAMBIOS-GLP-png.webp","contentUrl":"https:\/\/recambiosecogas.com\/wp-content\/uploads\/2024\/11\/cropped-RECAMBIOS-GLP-png.webp","width":512,"height":512,"caption":"Recambios EcoGas"}]},"product_brand":"GOK","product_price_amount":"81.18","product_price_currency":"EUR","og_availability":"backorder","product_availability":"available for order","product_retailer_item_id":"107299","product_condition":"new","geo.placename":"CORRO D`AVALL","geo.region":"Spagna"},"uagb_featured_image_src":{"full":["https:\/\/recambiosecogas.com\/wp-content\/uploads\/2025\/02\/GOK-regulador-de-presion-baja-EN61-DS-15-kg-h-50-mbar-incl.-manometro-png.webp",1000,1000,false],"thumbnail":["https:\/\/recambiosecogas.com\/wp-content\/uploads\/2025\/02\/GOK-regulador-de-presion-baja-EN61-DS-15-kg-h-50-mbar-incl.-manometro-150x150.webp",150,150,true],"medium":["https:\/\/recambiosecogas.com\/wp-content\/uploads\/2025\/02\/GOK-regulador-de-presion-baja-EN61-DS-15-kg-h-50-mbar-incl.-manometro-300x300.webp",300,300,true],"medium_large":["https:\/\/recambiosecogas.com\/wp-content\/uploads\/2025\/02\/GOK-regulador-de-presion-baja-EN61-DS-15-kg-h-50-mbar-incl.-manometro-768x768.webp",768,768,true],"large":["https:\/\/recambiosecogas.com\/wp-content\/uploads\/2025\/02\/GOK-regulador-de-presion-baja-EN61-DS-15-kg-h-50-mbar-incl.-manometro-png.webp",1000,1000,false],"1536x1536":["https:\/\/recambiosecogas.com\/wp-content\/uploads\/2025\/02\/GOK-regulador-de-presion-baja-EN61-DS-15-kg-h-50-mbar-incl.-manometro-png.webp",1000,1000,false],"2048x2048":["https:\/\/recambiosecogas.com\/wp-content\/uploads\/2025\/02\/GOK-regulador-de-presion-baja-EN61-DS-15-kg-h-50-mbar-incl.-manometro-png.webp",1000,1000,false],"woocommerce_archive_thumbnail":["https:\/\/recambiosecogas.com\/wp-content\/uploads\/2025\/02\/GOK-regulador-de-presion-baja-EN61-DS-15-kg-h-50-mbar-incl.-manometro-png.webp",1000,1000,false],"woocommerce_thumbnail":["https:\/\/recambiosecogas.com\/wp-content\/uploads\/2025\/02\/GOK-regulador-de-presion-baja-EN61-DS-15-kg-h-50-mbar-incl.-manometro-300x300.webp",300,300,true],"woocommerce_single":["https:\/\/recambiosecogas.com\/wp-content\/uploads\/2025\/02\/GOK-regulador-de-presion-baja-EN61-DS-15-kg-h-50-mbar-incl.-manometro-png.webp",1000,1000,false],"woocommerce_gallery_thumbnail":["https:\/\/recambiosecogas.com\/wp-content\/uploads\/2025\/02\/GOK-regulador-de-presion-baja-EN61-DS-15-kg-h-50-mbar-incl.-manometro-png.webp",1000,1000,false],"dgwt-wcas-product-suggestion":["https:\/\/recambiosecogas.com\/wp-content\/uploads\/2025\/02\/GOK-regulador-de-presion-baja-EN61-DS-15-kg-h-50-mbar-incl.-manometro-64x64.webp",64,64,true]},"uagb_author_info":{"display_name":"Fran - Soporte T\u00e9cnico","author_link":"https:\/\/recambiosecogas.com\/it\/author\/"},"uagb_comment_info":0,"uagb_excerpt":"GOK","_links":{"self":[{"href":"https:\/\/recambiosecogas.com\/it\/wp-json\/wp\/v2\/product\/17861","targetHints":{"allow":["GET"]}}],"collection":[{"href":"https:\/\/recambiosecogas.com\/it\/wp-json\/wp\/v2\/product"}],"about":[{"href":"https:\/\/recambiosecogas.com\/it\/wp-json\/wp\/v2\/types\/product"}],"replies":[{"embeddable":true,"href":"https:\/\/recambiosecogas.com\/it\/wp-json\/wp\/v2\/comments?post=17861"}],"wp:featuredmedia":[{"embeddable":true,"href":"https:\/\/recambiosecogas.com\/it\/wp-json\/wp\/v2\/media\/19076"}],"wp:attachment":[{"href":"https:\/\/recambiosecogas.com\/it\/wp-json\/wp\/v2\/media?parent=17861"}],"wp:term":[{"taxonomy":"product_brand","embeddable":true,"href":"https:\/\/recambiosecogas.com\/it\/wp-json\/wp\/v2\/product_brand?post=17861"},{"taxonomy":"product_cat","embeddable":true,"href":"https:\/\/recambiosecogas.com\/it\/wp-json\/wp\/v2\/product_cat?post=17861"},{"taxonomy":"product_tag","embeddable":true,"href":"https:\/\/recambiosecogas.com\/it\/wp-json\/wp\/v2\/product_tag?post=17861"}],"curies":[{"name":"wp","href":"https:\/\/api.w.org\/{rel}","templated":true}]}}