{"id":17859,"date":"2025-02-24T11:25:08","date_gmt":"2025-02-24T10:25:08","guid":{"rendered":"https:\/\/recambiosecogas.com\/producto\/gok-reductor-de-presion-regulador-de-presion-baja-29-30-mbar-regulador-de-gas-propano-regulador-de-gas\/"},"modified":"2026-03-26T12:06:32","modified_gmt":"2026-03-26T11:06:32","slug":"gok-reductor-de-presion-regulador-de-presion-baja-29-30-mbar-regulador-de-gas-propano-regulador-de-gas","status":"publish","type":"product","link":"https:\/\/recambiosecogas.com\/it\/producto\/gok-reductor-de-presion-regulador-de-presion-baja-29-30-mbar-regulador-de-gas-propano-regulador-de-gas\/","title":{"rendered":"GOK reductor de presi\u00f3n, regulador de presi\u00f3n baja 29\/30 mbar &#8211; regulador de gas propano \/ regulador de gas"},"content":{"rendered":"<p>El regulador de baja presi\u00f3n GOK con man\u00f3metro se utiliza para la conexi\u00f3n directa a la bombona de gas a trav\u00e9s de una conexi\u00f3n roscada en la autocaravana o caravana. El regulador de presi\u00f3n regula la presi\u00f3n del gas para poder conectar los aparatos deseados.<\/p>\n<p>Presi\u00f3n de salida<strong>: 29 (30) mbar<\/strong><br \/>\n<strong><br \/>\nCaudal<\/strong><strong>: 1,5 kg por hora <\/strong>Entrada<strong>: Conexi\u00f3n <\/strong><strong>para bombona <\/strong><strong>peque\u00f1a G.12<\/strong><br \/>\nSalida<strong>: G 1\/4&#8221; LH<\/strong><\/p>\n<p>Aplicaci\u00f3n: Dispositivos con una presi\u00f3n de funcionamiento de 30 mbar \/ 37 mbar<\/p>\n<p>Varios: &#8211; Dispositivo de cierre t\u00e9rmico TAE para aumento de temperatura por encima de 100\u00b0C<\/p>\n<p>&#8211; Man\u00f3metro de control para pruebas de estanqueidad<\/p>\n<p>El <strong>reductor de presi\u00f3n GOK 29\/30 mbar<\/strong> es un componente esencial para la conexi\u00f3n de sistemas de <strong>Autogas<\/strong> en autocaravanas y caravanas. Este regulador de baja presi\u00f3n se conecta directamente a la bombona de gas mediante una conexi\u00f3n roscada, garantizando un suministro seguro y regulado de gas a los dispositivos conectados.<\/p>\n<p>Este regulador es capaz de mantener una presi\u00f3n de salida de <strong>29 (30) mbar<\/strong> y un caudal de <strong>1,5 kg por hora<\/strong>, lo que lo hace adecuado para aplicaciones que requieren una presi\u00f3n de funcionamiento de 30 mbar o 37 mbar. La entrada est\u00e1 dise\u00f1ada para bombonas peque\u00f1as con conexi\u00f3n G.12, mientras que la salida es de tipo G 1\/4&#8221; LH.<\/p>\n<p>El reductor de presi\u00f3n GOK incluye un dispositivo de cierre t\u00e9rmico TAE, que se activa si la temperatura supera los 100\u00b0C, asegurando as\u00ed un funcionamiento seguro. Adem\u00e1s, cuenta con un man\u00f3metro de control que permite realizar pruebas de estanqueidad, lo que es fundamental para garantizar la seguridad en el uso de gas.<\/p>\n<p>Es importante verificar la compatibilidad del regulador con los dispositivos que se conectar\u00e1n, as\u00ed como realizar un mantenimiento regular para asegurar su correcto funcionamiento. Un regulador defectuoso puede provocar fluctuaciones en la presi\u00f3n del gas, lo que podr\u00eda afectar el rendimiento de los dispositivos conectados y representar un riesgo de seguridad.<\/p>\n<h4>Datos t\u00e9cnicos<\/h4>\n<p>Presi\u00f3n de salida: <strong>29 (30) mbar<\/strong>. Caudal: <strong>1,5 kg por hora<\/strong>. Entrada: Conexi\u00f3n para bombona peque\u00f1a G.12. Salida: G 1\/4&#8221; LH.<\/p>\n<h4>S\u00edntomas de fallo<\/h4>\n<ul>\n<li>Fluctuaciones en la presi\u00f3n del gas<\/li>\n<li>Fugas de gas en las conexiones<\/li>\n<li>Dispositivos que no funcionan correctamente<\/li>\n<li>Man\u00f3metro que indica presi\u00f3n inestable<\/li>\n<\/ul>\n<h4>Compatibilidad<\/h4>\n<p>Compatible con dispositivos que operan a una presi\u00f3n de funcionamiento de 30 mbar \/ 37 mbar. Se recomienda verificar la referencia original antes de realizar la compra.<\/p>\n","protected":false},"excerpt":{"rendered":"<p>GOK<\/p>\n","protected":false},"featured_media":19078,"comment_status":"open","ping_status":"closed","template":"","meta":{"googlesitekit_rrm_CAowud7EDA:productID":"","_uag_custom_page_level_css":""},"product_brand":[991],"product_cat":[442],"product_tag":[],"class_list":{"0":"post-17859","1":"product","2":"type-product","3":"status-publish","4":"has-post-thumbnail","6":"product_brand-gok","7":"product_cat-reguladores-para-uso-comercial","9":"first","10":"onbackorder","11":"taxable","12":"shipping-taxable","13":"purchasable","14":"product-type-simple"},"ct_brands":[{"id":991,"name":"GOK","slug":"gok"}],"yoast_head":"<!-- This site is optimized with the Yoast SEO Premium plugin v27.3 (Yoast SEO v27.3) - https:\/\/yoast.com\/product\/yoast-seo-premium-wordpress\/ -->\n<title>GOK reductor de presi\u00f3n 29\/30 mbar para Autogas | Recambios Ecogas<\/title>\n<meta name=\"description\" content=\"Reductor de presi\u00f3n GOK 29\/30 mbar, ideal para sistemas de Autogas. Regula la presi\u00f3n del gas y permite la conexi\u00f3n de dispositivos de forma segura.\" \/>\n<meta name=\"robots\" content=\"index, follow, max-snippet:-1, max-image-preview:large, max-video-preview:-1\" \/>\n<link rel=\"canonical\" href=\"https:\/\/recambiosecogas.com\/it\/producto\/gok-reductor-de-presion-regulador-de-presion-baja-29-30-mbar-regulador-de-gas-propano-regulador-de-gas\/\" \/>\n<meta property=\"og:locale\" content=\"it_IT\" \/>\n<meta property=\"og:type\" content=\"article\" \/>\n<meta property=\"og:title\" content=\"GOK reductor de presi\u00f3n, regulador de presi\u00f3n baja 29\/30 mbar - regulador de gas propano \/ regulador de gas\" \/>\n<meta property=\"og:description\" content=\"Reductor de presi\u00f3n GOK 29\/30 mbar, ideal para sistemas de Autogas. Regula la presi\u00f3n del gas y permite la conexi\u00f3n de dispositivos de forma segura.\" \/>\n<meta property=\"og:url\" content=\"https:\/\/recambiosecogas.com\/it\/producto\/gok-reductor-de-presion-regulador-de-presion-baja-29-30-mbar-regulador-de-gas-propano-regulador-de-gas\/\" \/>\n<meta property=\"og:site_name\" content=\"Recambios EcoGas\" \/>\n<meta property=\"article:publisher\" content=\"https:\/\/www.facebook.com\/profile.php?id=100062419705358\" \/>\n<meta property=\"article:modified_time\" content=\"2026-03-26T11:06:32+00:00\" \/>\n<meta property=\"og:image\" content=\"https:\/\/recambiosecogas.com\/wp-content\/uploads\/2025\/02\/GOK-regulador-de-presion-baja-EN61-DS-15-kg-h-50-mbar-incl.-manometro-2-png.webp\" \/>\n\t<meta property=\"og:image:width\" content=\"1000\" \/>\n\t<meta property=\"og:image:height\" content=\"1000\" \/>\n\t<meta property=\"og:image:type\" content=\"image\/png\" \/>\n<meta name=\"twitter:card\" content=\"summary_large_image\" \/>\n<meta name=\"twitter:label1\" content=\"Prezzo\" \/>\n\t<meta name=\"twitter:data1\" content=\"38,78&nbsp;&euro; (IVA incl.: 46,92&nbsp;&euro;)\" \/>\n\t<meta name=\"twitter:label2\" content=\"Disponibilit\u00e0\" \/>\n\t<meta name=\"twitter:data2\" content=\"Su ordinazione\" \/>\n<script type=\"application\/ld+json\" class=\"yoast-schema-graph\">{\"@context\":\"https:\\\/\\\/schema.org\",\"@graph\":[{\"@type\":\"WebPage\",\"@id\":\"https:\\\/\\\/recambiosecogas.com\\\/it\\\/producto\\\/gok-reductor-de-presion-regulador-de-presion-baja-29-30-mbar-regulador-de-gas-propano-regulador-de-gas\\\/\",\"url\":\"https:\\\/\\\/recambiosecogas.com\\\/it\\\/producto\\\/gok-reductor-de-presion-regulador-de-presion-baja-29-30-mbar-regulador-de-gas-propano-regulador-de-gas\\\/\",\"name\":\"GOK reductor de presi\u00f3n 29\\\/30 mbar para Autogas | Recambios Ecogas\",\"isPartOf\":{\"@id\":\"https:\\\/\\\/recambiosecogas.com\\\/it\\\/#website\"},\"primaryImageOfPage\":{\"@id\":\"https:\\\/\\\/recambiosecogas.com\\\/it\\\/producto\\\/gok-reductor-de-presion-regulador-de-presion-baja-29-30-mbar-regulador-de-gas-propano-regulador-de-gas\\\/#primaryimage\"},\"image\":{\"@id\":\"https:\\\/\\\/recambiosecogas.com\\\/it\\\/producto\\\/gok-reductor-de-presion-regulador-de-presion-baja-29-30-mbar-regulador-de-gas-propano-regulador-de-gas\\\/#primaryimage\"},\"thumbnailUrl\":\"https:\\\/\\\/recambiosecogas.com\\\/wp-content\\\/uploads\\\/2025\\\/02\\\/GOK-regulador-de-presion-baja-EN61-DS-15-kg-h-50-mbar-incl.-manometro-2-png.webp\",\"datePublished\":\"2025-02-24T10:25:08+00:00\",\"dateModified\":\"2026-03-26T11:06:32+00:00\",\"description\":\"Reductor de presi\u00f3n GOK 29\\\/30 mbar, ideal para sistemas de Autogas. Regula la presi\u00f3n del gas y permite la conexi\u00f3n de dispositivos de forma segura.\",\"breadcrumb\":{\"@id\":\"https:\\\/\\\/recambiosecogas.com\\\/it\\\/producto\\\/gok-reductor-de-presion-regulador-de-presion-baja-29-30-mbar-regulador-de-gas-propano-regulador-de-gas\\\/#breadcrumb\"},\"inLanguage\":\"it-IT\",\"potentialAction\":[{\"@type\":\"ReadAction\",\"target\":[\"https:\\\/\\\/recambiosecogas.com\\\/it\\\/producto\\\/gok-reductor-de-presion-regulador-de-presion-baja-29-30-mbar-regulador-de-gas-propano-regulador-de-gas\\\/\"]}]},{\"@type\":\"ImageObject\",\"inLanguage\":\"it-IT\",\"@id\":\"https:\\\/\\\/recambiosecogas.com\\\/it\\\/producto\\\/gok-reductor-de-presion-regulador-de-presion-baja-29-30-mbar-regulador-de-gas-propano-regulador-de-gas\\\/#primaryimage\",\"url\":\"https:\\\/\\\/recambiosecogas.com\\\/wp-content\\\/uploads\\\/2025\\\/02\\\/GOK-regulador-de-presion-baja-EN61-DS-15-kg-h-50-mbar-incl.-manometro-2-png.webp\",\"contentUrl\":\"https:\\\/\\\/recambiosecogas.com\\\/wp-content\\\/uploads\\\/2025\\\/02\\\/GOK-regulador-de-presion-baja-EN61-DS-15-kg-h-50-mbar-incl.-manometro-2-png.webp\",\"width\":1000,\"height\":1000},{\"@type\":\"BreadcrumbList\",\"@id\":\"https:\\\/\\\/recambiosecogas.com\\\/it\\\/producto\\\/gok-reductor-de-presion-regulador-de-presion-baja-29-30-mbar-regulador-de-gas-propano-regulador-de-gas\\\/#breadcrumb\",\"itemListElement\":[{\"@type\":\"ListItem\",\"position\":1,\"name\":\"Portada\",\"item\":\"https:\\\/\\\/recambiosecogas.com\\\/it\\\/\"},{\"@type\":\"ListItem\",\"position\":2,\"name\":\"Negozio\",\"item\":\"https:\\\/\\\/recambiosecogas.com\\\/it\\\/?page_id=46382\"},{\"@type\":\"ListItem\",\"position\":3,\"name\":\"GOK reductor de presi\u00f3n, regulador de presi\u00f3n baja 29\\\/30 mbar &#8211; regulador de gas propano \\\/ regulador de gas\"}]},{\"@type\":\"WebSite\",\"@id\":\"https:\\\/\\\/recambiosecogas.com\\\/it\\\/#website\",\"url\":\"https:\\\/\\\/recambiosecogas.com\\\/it\\\/\",\"name\":\"Recambios EcoGas\",\"description\":\"Recambios Multimarca para sistemas de GLP\\\/GNC\\\/GNL\\\/Hidr\u00f3geno\",\"publisher\":{\"@id\":\"https:\\\/\\\/recambiosecogas.com\\\/it\\\/#organization\"},\"alternateName\":\"Recambios Autogas GLP\",\"potentialAction\":[{\"@type\":\"SearchAction\",\"target\":{\"@type\":\"EntryPoint\",\"urlTemplate\":\"https:\\\/\\\/recambiosecogas.com\\\/it\\\/?s={search_term_string}\"},\"query-input\":{\"@type\":\"PropertyValueSpecification\",\"valueRequired\":true,\"valueName\":\"search_term_string\"}}],\"inLanguage\":\"it-IT\"},{\"@type\":[\"Organization\",\"Place\"],\"@id\":\"https:\\\/\\\/recambiosecogas.com\\\/it\\\/#organization\",\"name\":\"Recambios EcoGas\",\"alternateName\":\"Tienda Online GLP Espa\u00f1a\",\"url\":\"https:\\\/\\\/recambiosecogas.com\\\/it\\\/\",\"logo\":{\"@id\":\"https:\\\/\\\/recambiosecogas.com\\\/it\\\/producto\\\/gok-reductor-de-presion-regulador-de-presion-baja-29-30-mbar-regulador-de-gas-propano-regulador-de-gas\\\/#local-main-organization-logo\"},\"image\":{\"@id\":\"https:\\\/\\\/recambiosecogas.com\\\/it\\\/producto\\\/gok-reductor-de-presion-regulador-de-presion-baja-29-30-mbar-regulador-de-gas-propano-regulador-de-gas\\\/#local-main-organization-logo\"},\"sameAs\":[\"https:\\\/\\\/www.facebook.com\\\/profile.php?id=100062419705358\",\"https:\\\/\\\/www.instagram.com\\\/segimon_automocio\"],\"description\":\"Recambios EcoGas \u2013 Venta y distribuci\u00f3n de sistemas GLP y GNC en Espa\u00f1a y Portugal. Env\u00edos 24 h, soporte t\u00e9cnico a talleres y distribuidores.\",\"hasMerchantReturnPolicy\":{\"@type\":\"MerchantReturnPolicy\",\"merchantReturnLink\":\"https:\\\/\\\/recambiosecogas.com\\\/politicas-privacidad\\\/\"},\"address\":{\"@id\":\"https:\\\/\\\/recambiosecogas.com\\\/it\\\/producto\\\/gok-reductor-de-presion-regulador-de-presion-baja-29-30-mbar-regulador-de-gas-propano-regulador-de-gas\\\/#local-main-place-address\"},\"telephone\":[\"616250633\"],\"contactPoint\":{\"@type\":\"ContactPoint\",\"email\":\"export@recambiosecogas.com\"},\"openingHoursSpecification\":[{\"@type\":\"OpeningHoursSpecification\",\"dayOfWeek\":[\"Monday\",\"Tuesday\",\"Wednesday\",\"Thursday\",\"Friday\",\"Saturday\",\"Sunday\"],\"opens\":\"09:00\",\"closes\":\"17:00\"}],\"email\":\"info@recambiosecogas.com\",\"faxNumber\":\"SEGIMON AUTOMOCION SL\",\"vatID\":\"ESB19819861\",\"globalLocationNumber\":\"938 616 339\"},{\"@type\":\"PostalAddress\",\"@id\":\"https:\\\/\\\/recambiosecogas.com\\\/it\\\/producto\\\/gok-reductor-de-presion-regulador-de-presion-baja-29-30-mbar-regulador-de-gas-propano-regulador-de-gas\\\/#local-main-place-address\",\"streetAddress\":\"cami antic de vic, 29 (Nave 3), Pol\u00edgono Industrial Congost\",\"addressLocality\":\"CORRO D`AVALL\",\"postalCode\":\"08520\",\"addressRegion\":\"Barcelona\",\"addressCountry\":\"ES\"},{\"@type\":\"ImageObject\",\"inLanguage\":\"it-IT\",\"@id\":\"https:\\\/\\\/recambiosecogas.com\\\/it\\\/producto\\\/gok-reductor-de-presion-regulador-de-presion-baja-29-30-mbar-regulador-de-gas-propano-regulador-de-gas\\\/#local-main-organization-logo\",\"url\":\"https:\\\/\\\/recambiosecogas.com\\\/wp-content\\\/uploads\\\/2024\\\/11\\\/cropped-RECAMBIOS-GLP-png.webp\",\"contentUrl\":\"https:\\\/\\\/recambiosecogas.com\\\/wp-content\\\/uploads\\\/2024\\\/11\\\/cropped-RECAMBIOS-GLP-png.webp\",\"width\":512,\"height\":512,\"caption\":\"Recambios EcoGas\"}]}<\/script>\n<meta property=\"product:brand\" content=\"GOK\" \/>\n<meta property=\"product:price:amount\" content=\"38.78\" \/>\n<meta property=\"product:price:currency\" content=\"EUR\" \/>\n<meta property=\"og:availability\" content=\"backorder\" \/>\n<meta property=\"product:availability\" content=\"available for order\" \/>\n<meta property=\"product:retailer_item_id\" content=\"107242A\" \/>\n<meta property=\"product:condition\" content=\"new\" \/>\n<meta name=\"geo.placename\" content=\"CORRO D`AVALL\" \/>\n<meta name=\"geo.region\" content=\"Spagna\" \/>\n<!-- \/ Yoast SEO Premium plugin. -->","yoast_head_json":{"title":"GOK reductor de presi\u00f3n 29\/30 mbar para Autogas | Recambios Ecogas","description":"Reductor de presi\u00f3n GOK 29\/30 mbar, ideal para sistemas de Autogas. Regula la presi\u00f3n del gas y permite la conexi\u00f3n de dispositivos de forma segura.","robots":{"index":"index","follow":"follow","max-snippet":"max-snippet:-1","max-image-preview":"max-image-preview:large","max-video-preview":"max-video-preview:-1"},"canonical":"https:\/\/recambiosecogas.com\/it\/producto\/gok-reductor-de-presion-regulador-de-presion-baja-29-30-mbar-regulador-de-gas-propano-regulador-de-gas\/","og_locale":"it_IT","og_type":"article","og_title":"GOK reductor de presi\u00f3n, regulador de presi\u00f3n baja 29\/30 mbar - regulador de gas propano \/ regulador de gas","og_description":"Reductor de presi\u00f3n GOK 29\/30 mbar, ideal para sistemas de Autogas. Regula la presi\u00f3n del gas y permite la conexi\u00f3n de dispositivos de forma segura.","og_url":"https:\/\/recambiosecogas.com\/it\/producto\/gok-reductor-de-presion-regulador-de-presion-baja-29-30-mbar-regulador-de-gas-propano-regulador-de-gas\/","og_site_name":"Recambios EcoGas","article_publisher":"https:\/\/www.facebook.com\/profile.php?id=100062419705358","article_modified_time":"2026-03-26T11:06:32+00:00","og_image":[{"width":1000,"height":1000,"url":"https:\/\/recambiosecogas.com\/wp-content\/uploads\/2025\/02\/GOK-regulador-de-presion-baja-EN61-DS-15-kg-h-50-mbar-incl.-manometro-2-png.webp","type":"image\/png"}],"twitter_card":"summary_large_image","twitter_misc":{"Prezzo":"38,78&nbsp;&euro; (IVA incl.: 46,92&nbsp;&euro;)","Disponibilit\u00e0":"Su ordinazione"},"schema":{"@context":"https:\/\/schema.org","@graph":[{"@type":"WebPage","@id":"https:\/\/recambiosecogas.com\/it\/producto\/gok-reductor-de-presion-regulador-de-presion-baja-29-30-mbar-regulador-de-gas-propano-regulador-de-gas\/","url":"https:\/\/recambiosecogas.com\/it\/producto\/gok-reductor-de-presion-regulador-de-presion-baja-29-30-mbar-regulador-de-gas-propano-regulador-de-gas\/","name":"GOK reductor de presi\u00f3n 29\/30 mbar para Autogas | Recambios Ecogas","isPartOf":{"@id":"https:\/\/recambiosecogas.com\/it\/#website"},"primaryImageOfPage":{"@id":"https:\/\/recambiosecogas.com\/it\/producto\/gok-reductor-de-presion-regulador-de-presion-baja-29-30-mbar-regulador-de-gas-propano-regulador-de-gas\/#primaryimage"},"image":{"@id":"https:\/\/recambiosecogas.com\/it\/producto\/gok-reductor-de-presion-regulador-de-presion-baja-29-30-mbar-regulador-de-gas-propano-regulador-de-gas\/#primaryimage"},"thumbnailUrl":"https:\/\/recambiosecogas.com\/wp-content\/uploads\/2025\/02\/GOK-regulador-de-presion-baja-EN61-DS-15-kg-h-50-mbar-incl.-manometro-2-png.webp","datePublished":"2025-02-24T10:25:08+00:00","dateModified":"2026-03-26T11:06:32+00:00","description":"Reductor de presi\u00f3n GOK 29\/30 mbar, ideal para sistemas de Autogas. Regula la presi\u00f3n del gas y permite la conexi\u00f3n de dispositivos de forma segura.","breadcrumb":{"@id":"https:\/\/recambiosecogas.com\/it\/producto\/gok-reductor-de-presion-regulador-de-presion-baja-29-30-mbar-regulador-de-gas-propano-regulador-de-gas\/#breadcrumb"},"inLanguage":"it-IT","potentialAction":[{"@type":"ReadAction","target":["https:\/\/recambiosecogas.com\/it\/producto\/gok-reductor-de-presion-regulador-de-presion-baja-29-30-mbar-regulador-de-gas-propano-regulador-de-gas\/"]}]},{"@type":"ImageObject","inLanguage":"it-IT","@id":"https:\/\/recambiosecogas.com\/it\/producto\/gok-reductor-de-presion-regulador-de-presion-baja-29-30-mbar-regulador-de-gas-propano-regulador-de-gas\/#primaryimage","url":"https:\/\/recambiosecogas.com\/wp-content\/uploads\/2025\/02\/GOK-regulador-de-presion-baja-EN61-DS-15-kg-h-50-mbar-incl.-manometro-2-png.webp","contentUrl":"https:\/\/recambiosecogas.com\/wp-content\/uploads\/2025\/02\/GOK-regulador-de-presion-baja-EN61-DS-15-kg-h-50-mbar-incl.-manometro-2-png.webp","width":1000,"height":1000},{"@type":"BreadcrumbList","@id":"https:\/\/recambiosecogas.com\/it\/producto\/gok-reductor-de-presion-regulador-de-presion-baja-29-30-mbar-regulador-de-gas-propano-regulador-de-gas\/#breadcrumb","itemListElement":[{"@type":"ListItem","position":1,"name":"Portada","item":"https:\/\/recambiosecogas.com\/it\/"},{"@type":"ListItem","position":2,"name":"Negozio","item":"https:\/\/recambiosecogas.com\/it\/?page_id=46382"},{"@type":"ListItem","position":3,"name":"GOK reductor de presi\u00f3n, regulador de presi\u00f3n baja 29\/30 mbar &#8211; regulador de gas propano \/ regulador de gas"}]},{"@type":"WebSite","@id":"https:\/\/recambiosecogas.com\/it\/#website","url":"https:\/\/recambiosecogas.com\/it\/","name":"Recambios EcoGas","description":"Recambios Multimarca para sistemas de GLP\/GNC\/GNL\/Hidr\u00f3geno","publisher":{"@id":"https:\/\/recambiosecogas.com\/it\/#organization"},"alternateName":"Recambios Autogas GLP","potentialAction":[{"@type":"SearchAction","target":{"@type":"EntryPoint","urlTemplate":"https:\/\/recambiosecogas.com\/it\/?s={search_term_string}"},"query-input":{"@type":"PropertyValueSpecification","valueRequired":true,"valueName":"search_term_string"}}],"inLanguage":"it-IT"},{"@type":["Organization","Place"],"@id":"https:\/\/recambiosecogas.com\/it\/#organization","name":"Recambios EcoGas","alternateName":"Tienda Online GLP Espa\u00f1a","url":"https:\/\/recambiosecogas.com\/it\/","logo":{"@id":"https:\/\/recambiosecogas.com\/it\/producto\/gok-reductor-de-presion-regulador-de-presion-baja-29-30-mbar-regulador-de-gas-propano-regulador-de-gas\/#local-main-organization-logo"},"image":{"@id":"https:\/\/recambiosecogas.com\/it\/producto\/gok-reductor-de-presion-regulador-de-presion-baja-29-30-mbar-regulador-de-gas-propano-regulador-de-gas\/#local-main-organization-logo"},"sameAs":["https:\/\/www.facebook.com\/profile.php?id=100062419705358","https:\/\/www.instagram.com\/segimon_automocio"],"description":"Recambios EcoGas \u2013 Venta y distribuci\u00f3n de sistemas GLP y GNC en Espa\u00f1a y Portugal. Env\u00edos 24 h, soporte t\u00e9cnico a talleres y distribuidores.","hasMerchantReturnPolicy":{"@type":"MerchantReturnPolicy","merchantReturnLink":"https:\/\/recambiosecogas.com\/politicas-privacidad\/"},"address":{"@id":"https:\/\/recambiosecogas.com\/it\/producto\/gok-reductor-de-presion-regulador-de-presion-baja-29-30-mbar-regulador-de-gas-propano-regulador-de-gas\/#local-main-place-address"},"telephone":["616250633"],"contactPoint":{"@type":"ContactPoint","email":"export@recambiosecogas.com"},"openingHoursSpecification":[{"@type":"OpeningHoursSpecification","dayOfWeek":["Monday","Tuesday","Wednesday","Thursday","Friday","Saturday","Sunday"],"opens":"09:00","closes":"17:00"}],"email":"info@recambiosecogas.com","faxNumber":"SEGIMON AUTOMOCION SL","vatID":"ESB19819861","globalLocationNumber":"938 616 339"},{"@type":"PostalAddress","@id":"https:\/\/recambiosecogas.com\/it\/producto\/gok-reductor-de-presion-regulador-de-presion-baja-29-30-mbar-regulador-de-gas-propano-regulador-de-gas\/#local-main-place-address","streetAddress":"cami antic de vic, 29 (Nave 3), Pol\u00edgono Industrial Congost","addressLocality":"CORRO D`AVALL","postalCode":"08520","addressRegion":"Barcelona","addressCountry":"ES"},{"@type":"ImageObject","inLanguage":"it-IT","@id":"https:\/\/recambiosecogas.com\/it\/producto\/gok-reductor-de-presion-regulador-de-presion-baja-29-30-mbar-regulador-de-gas-propano-regulador-de-gas\/#local-main-organization-logo","url":"https:\/\/recambiosecogas.com\/wp-content\/uploads\/2024\/11\/cropped-RECAMBIOS-GLP-png.webp","contentUrl":"https:\/\/recambiosecogas.com\/wp-content\/uploads\/2024\/11\/cropped-RECAMBIOS-GLP-png.webp","width":512,"height":512,"caption":"Recambios EcoGas"}]},"product_brand":"GOK","product_price_amount":"38.78","product_price_currency":"EUR","og_availability":"backorder","product_availability":"available for order","product_retailer_item_id":"107242A","product_condition":"new","geo.placename":"CORRO D`AVALL","geo.region":"Spagna"},"uagb_featured_image_src":{"full":["https:\/\/recambiosecogas.com\/wp-content\/uploads\/2025\/02\/GOK-regulador-de-presion-baja-EN61-DS-15-kg-h-50-mbar-incl.-manometro-2-png.webp",1000,1000,false],"thumbnail":["https:\/\/recambiosecogas.com\/wp-content\/uploads\/2025\/02\/GOK-regulador-de-presion-baja-EN61-DS-15-kg-h-50-mbar-incl.-manometro-2-150x150.webp",150,150,true],"medium":["https:\/\/recambiosecogas.com\/wp-content\/uploads\/2025\/02\/GOK-regulador-de-presion-baja-EN61-DS-15-kg-h-50-mbar-incl.-manometro-2-300x300.webp",300,300,true],"medium_large":["https:\/\/recambiosecogas.com\/wp-content\/uploads\/2025\/02\/GOK-regulador-de-presion-baja-EN61-DS-15-kg-h-50-mbar-incl.-manometro-2-768x768.webp",768,768,true],"large":["https:\/\/recambiosecogas.com\/wp-content\/uploads\/2025\/02\/GOK-regulador-de-presion-baja-EN61-DS-15-kg-h-50-mbar-incl.-manometro-2-png.webp",1000,1000,false],"1536x1536":["https:\/\/recambiosecogas.com\/wp-content\/uploads\/2025\/02\/GOK-regulador-de-presion-baja-EN61-DS-15-kg-h-50-mbar-incl.-manometro-2-png.webp",1000,1000,false],"2048x2048":["https:\/\/recambiosecogas.com\/wp-content\/uploads\/2025\/02\/GOK-regulador-de-presion-baja-EN61-DS-15-kg-h-50-mbar-incl.-manometro-2-png.webp",1000,1000,false],"woocommerce_archive_thumbnail":["https:\/\/recambiosecogas.com\/wp-content\/uploads\/2025\/02\/GOK-regulador-de-presion-baja-EN61-DS-15-kg-h-50-mbar-incl.-manometro-2-png.webp",1000,1000,false],"woocommerce_thumbnail":["https:\/\/recambiosecogas.com\/wp-content\/uploads\/2025\/02\/GOK-regulador-de-presion-baja-EN61-DS-15-kg-h-50-mbar-incl.-manometro-2-300x300.webp",300,300,true],"woocommerce_single":["https:\/\/recambiosecogas.com\/wp-content\/uploads\/2025\/02\/GOK-regulador-de-presion-baja-EN61-DS-15-kg-h-50-mbar-incl.-manometro-2-png.webp",1000,1000,false],"woocommerce_gallery_thumbnail":["https:\/\/recambiosecogas.com\/wp-content\/uploads\/2025\/02\/GOK-regulador-de-presion-baja-EN61-DS-15-kg-h-50-mbar-incl.-manometro-2-png.webp",1000,1000,false],"dgwt-wcas-product-suggestion":["https:\/\/recambiosecogas.com\/wp-content\/uploads\/2025\/02\/GOK-regulador-de-presion-baja-EN61-DS-15-kg-h-50-mbar-incl.-manometro-2-64x64.webp",64,64,true]},"uagb_author_info":{"display_name":"Fran - Soporte T\u00e9cnico","author_link":"https:\/\/recambiosecogas.com\/it\/author\/"},"uagb_comment_info":0,"uagb_excerpt":"GOK","_links":{"self":[{"href":"https:\/\/recambiosecogas.com\/it\/wp-json\/wp\/v2\/product\/17859","targetHints":{"allow":["GET"]}}],"collection":[{"href":"https:\/\/recambiosecogas.com\/it\/wp-json\/wp\/v2\/product"}],"about":[{"href":"https:\/\/recambiosecogas.com\/it\/wp-json\/wp\/v2\/types\/product"}],"replies":[{"embeddable":true,"href":"https:\/\/recambiosecogas.com\/it\/wp-json\/wp\/v2\/comments?post=17859"}],"wp:featuredmedia":[{"embeddable":true,"href":"https:\/\/recambiosecogas.com\/it\/wp-json\/wp\/v2\/media\/19078"}],"wp:attachment":[{"href":"https:\/\/recambiosecogas.com\/it\/wp-json\/wp\/v2\/media?parent=17859"}],"wp:term":[{"taxonomy":"product_brand","embeddable":true,"href":"https:\/\/recambiosecogas.com\/it\/wp-json\/wp\/v2\/product_brand?post=17859"},{"taxonomy":"product_cat","embeddable":true,"href":"https:\/\/recambiosecogas.com\/it\/wp-json\/wp\/v2\/product_cat?post=17859"},{"taxonomy":"product_tag","embeddable":true,"href":"https:\/\/recambiosecogas.com\/it\/wp-json\/wp\/v2\/product_tag?post=17859"}],"curies":[{"name":"wp","href":"https:\/\/api.w.org\/{rel}","templated":true}]}}