{"id":17803,"date":"2025-02-24T11:24:02","date_gmt":"2025-02-24T10:24:02","guid":{"rendered":"https:\/\/recambiosecogas.com\/producto\/toptron-conmutador-e-indicador-led\/"},"modified":"2026-03-26T12:11:51","modified_gmt":"2026-03-26T11:11:51","slug":"toptron-conmutador-e-indicador-led","status":"publish","type":"product","link":"https:\/\/recambiosecogas.com\/it\/producto\/toptron-conmutador-e-indicador-led\/","title":{"rendered":"Toptron conmutador e indicador LED"},"content":{"rendered":"<section>\n<div id=\"layout_content\">\n<div class=\"layout_content_inner cf\">\n<article>\n<div>\n<div id=\"horizontalTab\" class=\"pd_tabs\">\n<div class=\"resp-tabs-container\">\n<div class=\"pd_description resp-tab-content resp-tab-content-active\" aria-labelledby=\"tab_item-0\">\n<div>\n<p><strong>LED off Sistema <\/strong>apagado, alimentaci\u00f3n del acelerador desconectada<\/p>\n<p><strong>LED verde Sistema <\/strong>conectado; suministro de gas conectado, botella de funcionamiento llena<\/p>\n<p><strong>LED rojo Sistema <\/strong>desconectado; posici\u00f3n inclinada o valores de aceleraci\u00f3n excesivos han provocado la activaci\u00f3n, por ejemplo, en caso de accidente<\/p>\n<p><strong>LED amarillo Sistema\u00a0 <\/strong>conectado; alimentaci\u00f3n de gas conectada; botella de servicio vac\u00eda<\/p>\n<p>El LED parpadea\u00a0<strong>en <\/strong>amarillo Autocomprobaci\u00f3n durante aprox. 2 segundos tras la conexi\u00f3n<\/p>\n<p>El LED parpadea en rojo <strong>una vez <\/strong>V\u00e1lvula no conectada a la unidad de control o fallo interno<\/p>\n<p>El LED parpadea<strong>dos veces <\/strong>en rojo Sobretensi\u00f3n (tensi\u00f3n de alimentaci\u00f3n &gt;15 V)<br \/>\nEn caso necesario, comprobar las pilas<\/p>\n<p>El LED parpadea en rojo<strong>3 veces <\/strong>Subtensi\u00f3n (tensi\u00f3n de alimentaci\u00f3n &lt;10,0V)<br \/>\nTiempo de rearme &lt; 45 segundos; compruebe las pilas si es necesario<\/p>\n<p><strong><u>Comportamiento funcional de la unidad de conmutaci\u00f3n<\/u><\/strong><\/p>\n<p>&#8211; Despu\u00e9s de comprobar que el indicador de conmutaci\u00f3n autom\u00e1tica permanece verde para ambas posiciones de la palanca<br \/>\npermanece verde para ambas posiciones de la palanca, gire la flecha hacia la derecha o hacia la izquierda seg\u00fan sea necesario. La flecha de la palanca apunta a la<br \/>\nbotella de servicio.<\/p>\n<p>&#8211; El indicador de conmutaci\u00f3n autom\u00e1tica est\u00e1 en rojo (el LED de la pantalla remota est\u00e1 en amarillo), lo que significa que<br \/>\nque la botella de servicio se ha agotado. El sistema funciona entonces con la<br \/>\nbotella de reserva.<\/p>\n<p>&#8211; Si el indicador de conmutaci\u00f3n autom\u00e1tica est\u00e1 rojo (el LED del visualizador remoto est\u00e1 amarillo), pero la botella de servicio<br \/>\ncilindro de servicio a\u00fan no se ha consumido por completo, se puede cancelar el proceso de conmutaci\u00f3n activando la<br \/>\nprotecci\u00f3n contra rotura de la manguera de alta presi\u00f3n de la botella de mando o por<br \/>\no por bloqueo de la entrada del regulador, por ejemplo, por part\u00edculas de suciedad.<\/p>\n<p>Para restablecer <strong>el sistema<\/strong>, pulse el interruptor de la unidad de visualizaci\u00f3n, que cierra la electrov\u00e1lvula.<br \/>\ncierra la electrov\u00e1lvula. El indicador LED se apaga. Transcurridos unos 45 segundos, el sistema puede volver a ponerse en marcha pulsando de nuevo el interruptor.<br \/>\nEl sistema puede volver a ponerse en funcionamiento pulsando de nuevo el interruptor.<br \/>\nAl poner fuera de servicio el sistema<br \/>\ncierre las v\u00e1lvulas de los cilindros.<br \/>\nSi no se va a utilizar el sistema durante un largo periodo de tiempo, debe desconectarse la bater\u00eda &#8211; v\u00e9anse las instrucciones de uso del veh\u00edculo.<\/p>\n<\/div>\n<\/div>\n<\/div>\n<\/div>\n<\/div>\n<\/article>\n<\/div>\n<\/div>\n<\/section>\n<p>El <strong>conmutador e indicador LED para Autogas<\/strong> es un componente esencial en sistemas de GLP, dise\u00f1ado para proporcionar un control efectivo del suministro de gas y asegurar la seguridad del sistema. Este dispositivo cuenta con m\u00faltiples indicadores LED que informan sobre el estado del sistema, permitiendo a los usuarios identificar r\u00e1pidamente cualquier problema.<\/p>\n<p>Los LEDs del conmutador indican diferentes estados: el <strong>LED verde<\/strong> muestra que el sistema est\u00e1 conectado y el suministro de gas est\u00e1 activo, mientras que el <strong>LED rojo<\/strong> indica que el sistema est\u00e1 desconectado, lo que puede ocurrir en situaciones de inclinaci\u00f3n excesiva o fallos en el sistema. Adem\u00e1s, el <strong>LED amarillo<\/strong> se\u00f1ala que la botella de servicio est\u00e1 vac\u00eda, lo que es crucial para el funcionamiento continuo del sistema.<\/p>\n<p>Este conmutador es fundamental para el mantenimiento de la seguridad en veh\u00edculos que utilizan sistemas de Autogas. Si el sistema no se restablece correctamente, pueden ocurrir problemas como la falta de suministro de gas, lo que podr\u00eda afectar el rendimiento del veh\u00edculo. Por lo tanto, es recomendable verificar regularmente el estado de los LEDs y realizar el mantenimiento necesario.<\/p>\n<p>El conmutador se activa mediante un interruptor que cierra la electrov\u00e1lvula, permitiendo que el sistema se apague de manera segura. En caso de que el sistema no se utilice durante un per\u00edodo prolongado, se recomienda desconectar la bater\u00eda para evitar problemas futuros. Este dispositivo es ideal para quienes buscan un control efectivo y seguro en sus instalaciones de Autogas.<\/p>\n<h4>Datos t\u00e9cnicos<\/h4>\n<p>El conmutador est\u00e1 dise\u00f1ado para operar en sistemas de Autogas, garantizando un funcionamiento seguro y eficiente.<\/p>\n<h4>S\u00edntomas de fallo<\/h4>\n<ul>\n<li>LED rojo encendido indica desconexi\u00f3n del sistema.<\/li>\n<li>LED amarillo encendido indica botella de servicio vac\u00eda.<\/li>\n<li>LED verde apagado indica falta de suministro de gas.<\/li>\n<\/ul>\n<h4>Compatibilidad<\/h4>\n<p>Compatible con sistemas de Autogas que requieren un conmutador e indicador LED. Se recomienda verificar la referencia original antes de realizar la compra.<\/p>\n","protected":false},"excerpt":{"rendered":"<p>TOPTRON<\/p>\n","protected":false},"featured_media":19327,"comment_status":"open","ping_status":"closed","template":"","meta":{"googlesitekit_rrm_CAowud7EDA:productID":"","_uag_custom_page_level_css":""},"product_brand":[995],"product_cat":[439],"product_tag":[],"class_list":{"0":"post-17803","1":"product","2":"type-product","3":"status-publish","4":"has-post-thumbnail","6":"product_brand-toptron","7":"product_cat-accesorios-recambios-reguladores-de-gas-autocaravanas","9":"first","10":"onbackorder","11":"taxable","12":"shipping-taxable","13":"purchasable","14":"product-type-simple"},"ct_brands":[{"id":995,"name":"TOPTRON","slug":"toptron"}],"yoast_head":"<!-- This site is optimized with the Yoast SEO Premium plugin v27.3 (Yoast SEO v27.3) - https:\/\/yoast.com\/product\/yoast-seo-premium-wordpress\/ -->\n<title>Conmutador e Indicador LED para Autogas | Recambios Ecogas<\/title>\n<meta name=\"description\" content=\"Conmutador e indicador LED para sistemas de Autogas, facilita el control del suministro de gas y la seguridad del sistema. Ideal para instalaciones de GLP.\" \/>\n<meta name=\"robots\" content=\"index, follow, max-snippet:-1, max-image-preview:large, max-video-preview:-1\" \/>\n<link rel=\"canonical\" href=\"https:\/\/recambiosecogas.com\/it\/producto\/toptron-conmutador-e-indicador-led\/\" \/>\n<meta property=\"og:locale\" content=\"it_IT\" \/>\n<meta property=\"og:type\" content=\"article\" \/>\n<meta property=\"og:title\" content=\"Toptron conmutador e indicador LED\" \/>\n<meta property=\"og:description\" content=\"Conmutador e indicador LED para sistemas de Autogas, facilita el control del suministro de gas y la seguridad del sistema. Ideal para instalaciones de GLP.\" \/>\n<meta property=\"og:url\" content=\"https:\/\/recambiosecogas.com\/it\/producto\/toptron-conmutador-e-indicador-led\/\" \/>\n<meta property=\"og:site_name\" content=\"Recambios EcoGas\" \/>\n<meta property=\"article:publisher\" content=\"https:\/\/www.facebook.com\/profile.php?id=100062419705358\" \/>\n<meta property=\"article:modified_time\" content=\"2026-03-26T11:11:51+00:00\" \/>\n<meta property=\"og:image\" content=\"https:\/\/recambiosecogas.com\/wp-content\/uploads\/2025\/02\/Toptron-conmutador-e-indicador-LED-png.webp\" \/>\n\t<meta property=\"og:image:width\" content=\"1000\" \/>\n\t<meta property=\"og:image:height\" content=\"1000\" \/>\n\t<meta property=\"og:image:type\" content=\"image\/png\" \/>\n<meta name=\"twitter:card\" content=\"summary_large_image\" \/>\n<meta name=\"twitter:label1\" content=\"Prezzo\" \/>\n\t<meta name=\"twitter:data1\" content=\"26,91&nbsp;&euro; (IVA incl.: 32,56&nbsp;&euro;)\" \/>\n\t<meta name=\"twitter:label2\" content=\"Disponibilit\u00e0\" \/>\n\t<meta name=\"twitter:data2\" content=\"Su ordinazione\" \/>\n<script type=\"application\/ld+json\" class=\"yoast-schema-graph\">{\"@context\":\"https:\\\/\\\/schema.org\",\"@graph\":[{\"@type\":\"WebPage\",\"@id\":\"https:\\\/\\\/recambiosecogas.com\\\/it\\\/producto\\\/toptron-conmutador-e-indicador-led\\\/\",\"url\":\"https:\\\/\\\/recambiosecogas.com\\\/it\\\/producto\\\/toptron-conmutador-e-indicador-led\\\/\",\"name\":\"Conmutador e Indicador LED para Autogas | Recambios Ecogas\",\"isPartOf\":{\"@id\":\"https:\\\/\\\/recambiosecogas.com\\\/it\\\/#website\"},\"primaryImageOfPage\":{\"@id\":\"https:\\\/\\\/recambiosecogas.com\\\/it\\\/producto\\\/toptron-conmutador-e-indicador-led\\\/#primaryimage\"},\"image\":{\"@id\":\"https:\\\/\\\/recambiosecogas.com\\\/it\\\/producto\\\/toptron-conmutador-e-indicador-led\\\/#primaryimage\"},\"thumbnailUrl\":\"https:\\\/\\\/recambiosecogas.com\\\/wp-content\\\/uploads\\\/2025\\\/02\\\/Toptron-conmutador-e-indicador-LED-png.webp\",\"datePublished\":\"2025-02-24T10:24:02+00:00\",\"dateModified\":\"2026-03-26T11:11:51+00:00\",\"description\":\"Conmutador e indicador LED para sistemas de Autogas, facilita el control del suministro de gas y la seguridad del sistema. Ideal para instalaciones de GLP.\",\"breadcrumb\":{\"@id\":\"https:\\\/\\\/recambiosecogas.com\\\/it\\\/producto\\\/toptron-conmutador-e-indicador-led\\\/#breadcrumb\"},\"inLanguage\":\"it-IT\",\"potentialAction\":[{\"@type\":\"ReadAction\",\"target\":[\"https:\\\/\\\/recambiosecogas.com\\\/it\\\/producto\\\/toptron-conmutador-e-indicador-led\\\/\"]}]},{\"@type\":\"ImageObject\",\"inLanguage\":\"it-IT\",\"@id\":\"https:\\\/\\\/recambiosecogas.com\\\/it\\\/producto\\\/toptron-conmutador-e-indicador-led\\\/#primaryimage\",\"url\":\"https:\\\/\\\/recambiosecogas.com\\\/wp-content\\\/uploads\\\/2025\\\/02\\\/Toptron-conmutador-e-indicador-LED-png.webp\",\"contentUrl\":\"https:\\\/\\\/recambiosecogas.com\\\/wp-content\\\/uploads\\\/2025\\\/02\\\/Toptron-conmutador-e-indicador-LED-png.webp\",\"width\":1000,\"height\":1000},{\"@type\":\"BreadcrumbList\",\"@id\":\"https:\\\/\\\/recambiosecogas.com\\\/it\\\/producto\\\/toptron-conmutador-e-indicador-led\\\/#breadcrumb\",\"itemListElement\":[{\"@type\":\"ListItem\",\"position\":1,\"name\":\"Portada\",\"item\":\"https:\\\/\\\/recambiosecogas.com\\\/it\\\/\"},{\"@type\":\"ListItem\",\"position\":2,\"name\":\"Negozio\",\"item\":\"https:\\\/\\\/recambiosecogas.com\\\/it\\\/?page_id=46382\"},{\"@type\":\"ListItem\",\"position\":3,\"name\":\"Toptron conmutador e indicador LED\"}]},{\"@type\":\"WebSite\",\"@id\":\"https:\\\/\\\/recambiosecogas.com\\\/it\\\/#website\",\"url\":\"https:\\\/\\\/recambiosecogas.com\\\/it\\\/\",\"name\":\"Recambios EcoGas\",\"description\":\"Recambios Multimarca para sistemas de GLP\\\/GNC\\\/GNL\\\/Hidr\u00f3geno\",\"publisher\":{\"@id\":\"https:\\\/\\\/recambiosecogas.com\\\/it\\\/#organization\"},\"alternateName\":\"Recambios Autogas GLP\",\"potentialAction\":[{\"@type\":\"SearchAction\",\"target\":{\"@type\":\"EntryPoint\",\"urlTemplate\":\"https:\\\/\\\/recambiosecogas.com\\\/it\\\/?s={search_term_string}\"},\"query-input\":{\"@type\":\"PropertyValueSpecification\",\"valueRequired\":true,\"valueName\":\"search_term_string\"}}],\"inLanguage\":\"it-IT\"},{\"@type\":[\"Organization\",\"Place\"],\"@id\":\"https:\\\/\\\/recambiosecogas.com\\\/it\\\/#organization\",\"name\":\"Recambios EcoGas\",\"alternateName\":\"Tienda Online GLP Espa\u00f1a\",\"url\":\"https:\\\/\\\/recambiosecogas.com\\\/it\\\/\",\"logo\":{\"@id\":\"https:\\\/\\\/recambiosecogas.com\\\/it\\\/producto\\\/toptron-conmutador-e-indicador-led\\\/#local-main-organization-logo\"},\"image\":{\"@id\":\"https:\\\/\\\/recambiosecogas.com\\\/it\\\/producto\\\/toptron-conmutador-e-indicador-led\\\/#local-main-organization-logo\"},\"sameAs\":[\"https:\\\/\\\/www.facebook.com\\\/profile.php?id=100062419705358\",\"https:\\\/\\\/www.instagram.com\\\/segimon_automocio\"],\"description\":\"Recambios EcoGas \u2013 Venta y distribuci\u00f3n de sistemas GLP y GNC en Espa\u00f1a y Portugal. Env\u00edos 24 h, soporte t\u00e9cnico a talleres y distribuidores.\",\"hasMerchantReturnPolicy\":{\"@type\":\"MerchantReturnPolicy\",\"merchantReturnLink\":\"https:\\\/\\\/recambiosecogas.com\\\/politicas-privacidad\\\/\"},\"address\":{\"@id\":\"https:\\\/\\\/recambiosecogas.com\\\/it\\\/producto\\\/toptron-conmutador-e-indicador-led\\\/#local-main-place-address\"},\"telephone\":[\"616250633\"],\"contactPoint\":{\"@type\":\"ContactPoint\",\"email\":\"export@recambiosecogas.com\"},\"openingHoursSpecification\":[{\"@type\":\"OpeningHoursSpecification\",\"dayOfWeek\":[\"Monday\",\"Tuesday\",\"Wednesday\",\"Thursday\",\"Friday\",\"Saturday\",\"Sunday\"],\"opens\":\"09:00\",\"closes\":\"17:00\"}],\"email\":\"info@recambiosecogas.com\",\"faxNumber\":\"SEGIMON AUTOMOCION SL\",\"vatID\":\"ESB19819861\",\"globalLocationNumber\":\"938 616 339\"},{\"@type\":\"PostalAddress\",\"@id\":\"https:\\\/\\\/recambiosecogas.com\\\/it\\\/producto\\\/toptron-conmutador-e-indicador-led\\\/#local-main-place-address\",\"streetAddress\":\"cami antic de vic, 29 (Nave 3), Pol\u00edgono Industrial Congost\",\"addressLocality\":\"CORRO D`AVALL\",\"postalCode\":\"08520\",\"addressRegion\":\"Barcelona\",\"addressCountry\":\"ES\"},{\"@type\":\"ImageObject\",\"inLanguage\":\"it-IT\",\"@id\":\"https:\\\/\\\/recambiosecogas.com\\\/it\\\/producto\\\/toptron-conmutador-e-indicador-led\\\/#local-main-organization-logo\",\"url\":\"https:\\\/\\\/recambiosecogas.com\\\/wp-content\\\/uploads\\\/2024\\\/11\\\/cropped-RECAMBIOS-GLP-png.webp\",\"contentUrl\":\"https:\\\/\\\/recambiosecogas.com\\\/wp-content\\\/uploads\\\/2024\\\/11\\\/cropped-RECAMBIOS-GLP-png.webp\",\"width\":512,\"height\":512,\"caption\":\"Recambios EcoGas\"}]}<\/script>\n<meta property=\"product:brand\" content=\"TOPTRON\" \/>\n<meta property=\"product:price:amount\" content=\"26.91\" \/>\n<meta property=\"product:price:currency\" content=\"EUR\" \/>\n<meta property=\"og:availability\" content=\"backorder\" \/>\n<meta property=\"product:availability\" content=\"available for order\" \/>\n<meta property=\"product:retailer_item_id\" content=\"107926\" \/>\n<meta property=\"product:condition\" content=\"new\" \/>\n<meta name=\"geo.placename\" content=\"CORRO D`AVALL\" \/>\n<meta name=\"geo.region\" content=\"Spagna\" \/>\n<!-- \/ Yoast SEO Premium plugin. -->","yoast_head_json":{"title":"Conmutador e Indicador LED para Autogas | Recambios Ecogas","description":"Conmutador e indicador LED para sistemas de Autogas, facilita el control del suministro de gas y la seguridad del sistema. Ideal para instalaciones de GLP.","robots":{"index":"index","follow":"follow","max-snippet":"max-snippet:-1","max-image-preview":"max-image-preview:large","max-video-preview":"max-video-preview:-1"},"canonical":"https:\/\/recambiosecogas.com\/it\/producto\/toptron-conmutador-e-indicador-led\/","og_locale":"it_IT","og_type":"article","og_title":"Toptron conmutador e indicador LED","og_description":"Conmutador e indicador LED para sistemas de Autogas, facilita el control del suministro de gas y la seguridad del sistema. Ideal para instalaciones de GLP.","og_url":"https:\/\/recambiosecogas.com\/it\/producto\/toptron-conmutador-e-indicador-led\/","og_site_name":"Recambios EcoGas","article_publisher":"https:\/\/www.facebook.com\/profile.php?id=100062419705358","article_modified_time":"2026-03-26T11:11:51+00:00","og_image":[{"width":1000,"height":1000,"url":"https:\/\/recambiosecogas.com\/wp-content\/uploads\/2025\/02\/Toptron-conmutador-e-indicador-LED-png.webp","type":"image\/png"}],"twitter_card":"summary_large_image","twitter_misc":{"Prezzo":"26,91&nbsp;&euro; (IVA incl.: 32,56&nbsp;&euro;)","Disponibilit\u00e0":"Su ordinazione"},"schema":{"@context":"https:\/\/schema.org","@graph":[{"@type":"WebPage","@id":"https:\/\/recambiosecogas.com\/it\/producto\/toptron-conmutador-e-indicador-led\/","url":"https:\/\/recambiosecogas.com\/it\/producto\/toptron-conmutador-e-indicador-led\/","name":"Conmutador e Indicador LED para Autogas | Recambios Ecogas","isPartOf":{"@id":"https:\/\/recambiosecogas.com\/it\/#website"},"primaryImageOfPage":{"@id":"https:\/\/recambiosecogas.com\/it\/producto\/toptron-conmutador-e-indicador-led\/#primaryimage"},"image":{"@id":"https:\/\/recambiosecogas.com\/it\/producto\/toptron-conmutador-e-indicador-led\/#primaryimage"},"thumbnailUrl":"https:\/\/recambiosecogas.com\/wp-content\/uploads\/2025\/02\/Toptron-conmutador-e-indicador-LED-png.webp","datePublished":"2025-02-24T10:24:02+00:00","dateModified":"2026-03-26T11:11:51+00:00","description":"Conmutador e indicador LED para sistemas de Autogas, facilita el control del suministro de gas y la seguridad del sistema. Ideal para instalaciones de GLP.","breadcrumb":{"@id":"https:\/\/recambiosecogas.com\/it\/producto\/toptron-conmutador-e-indicador-led\/#breadcrumb"},"inLanguage":"it-IT","potentialAction":[{"@type":"ReadAction","target":["https:\/\/recambiosecogas.com\/it\/producto\/toptron-conmutador-e-indicador-led\/"]}]},{"@type":"ImageObject","inLanguage":"it-IT","@id":"https:\/\/recambiosecogas.com\/it\/producto\/toptron-conmutador-e-indicador-led\/#primaryimage","url":"https:\/\/recambiosecogas.com\/wp-content\/uploads\/2025\/02\/Toptron-conmutador-e-indicador-LED-png.webp","contentUrl":"https:\/\/recambiosecogas.com\/wp-content\/uploads\/2025\/02\/Toptron-conmutador-e-indicador-LED-png.webp","width":1000,"height":1000},{"@type":"BreadcrumbList","@id":"https:\/\/recambiosecogas.com\/it\/producto\/toptron-conmutador-e-indicador-led\/#breadcrumb","itemListElement":[{"@type":"ListItem","position":1,"name":"Portada","item":"https:\/\/recambiosecogas.com\/it\/"},{"@type":"ListItem","position":2,"name":"Negozio","item":"https:\/\/recambiosecogas.com\/it\/?page_id=46382"},{"@type":"ListItem","position":3,"name":"Toptron conmutador e indicador LED"}]},{"@type":"WebSite","@id":"https:\/\/recambiosecogas.com\/it\/#website","url":"https:\/\/recambiosecogas.com\/it\/","name":"Recambios EcoGas","description":"Recambios Multimarca para sistemas de GLP\/GNC\/GNL\/Hidr\u00f3geno","publisher":{"@id":"https:\/\/recambiosecogas.com\/it\/#organization"},"alternateName":"Recambios Autogas GLP","potentialAction":[{"@type":"SearchAction","target":{"@type":"EntryPoint","urlTemplate":"https:\/\/recambiosecogas.com\/it\/?s={search_term_string}"},"query-input":{"@type":"PropertyValueSpecification","valueRequired":true,"valueName":"search_term_string"}}],"inLanguage":"it-IT"},{"@type":["Organization","Place"],"@id":"https:\/\/recambiosecogas.com\/it\/#organization","name":"Recambios EcoGas","alternateName":"Tienda Online GLP Espa\u00f1a","url":"https:\/\/recambiosecogas.com\/it\/","logo":{"@id":"https:\/\/recambiosecogas.com\/it\/producto\/toptron-conmutador-e-indicador-led\/#local-main-organization-logo"},"image":{"@id":"https:\/\/recambiosecogas.com\/it\/producto\/toptron-conmutador-e-indicador-led\/#local-main-organization-logo"},"sameAs":["https:\/\/www.facebook.com\/profile.php?id=100062419705358","https:\/\/www.instagram.com\/segimon_automocio"],"description":"Recambios EcoGas \u2013 Venta y distribuci\u00f3n de sistemas GLP y GNC en Espa\u00f1a y Portugal. Env\u00edos 24 h, soporte t\u00e9cnico a talleres y distribuidores.","hasMerchantReturnPolicy":{"@type":"MerchantReturnPolicy","merchantReturnLink":"https:\/\/recambiosecogas.com\/politicas-privacidad\/"},"address":{"@id":"https:\/\/recambiosecogas.com\/it\/producto\/toptron-conmutador-e-indicador-led\/#local-main-place-address"},"telephone":["616250633"],"contactPoint":{"@type":"ContactPoint","email":"export@recambiosecogas.com"},"openingHoursSpecification":[{"@type":"OpeningHoursSpecification","dayOfWeek":["Monday","Tuesday","Wednesday","Thursday","Friday","Saturday","Sunday"],"opens":"09:00","closes":"17:00"}],"email":"info@recambiosecogas.com","faxNumber":"SEGIMON AUTOMOCION SL","vatID":"ESB19819861","globalLocationNumber":"938 616 339"},{"@type":"PostalAddress","@id":"https:\/\/recambiosecogas.com\/it\/producto\/toptron-conmutador-e-indicador-led\/#local-main-place-address","streetAddress":"cami antic de vic, 29 (Nave 3), Pol\u00edgono Industrial Congost","addressLocality":"CORRO D`AVALL","postalCode":"08520","addressRegion":"Barcelona","addressCountry":"ES"},{"@type":"ImageObject","inLanguage":"it-IT","@id":"https:\/\/recambiosecogas.com\/it\/producto\/toptron-conmutador-e-indicador-led\/#local-main-organization-logo","url":"https:\/\/recambiosecogas.com\/wp-content\/uploads\/2024\/11\/cropped-RECAMBIOS-GLP-png.webp","contentUrl":"https:\/\/recambiosecogas.com\/wp-content\/uploads\/2024\/11\/cropped-RECAMBIOS-GLP-png.webp","width":512,"height":512,"caption":"Recambios EcoGas"}]},"product_brand":"TOPTRON","product_price_amount":"26.91","product_price_currency":"EUR","og_availability":"backorder","product_availability":"available for order","product_retailer_item_id":"107926","product_condition":"new","geo.placename":"CORRO D`AVALL","geo.region":"Spagna"},"uagb_featured_image_src":{"full":["https:\/\/recambiosecogas.com\/wp-content\/uploads\/2025\/02\/Toptron-conmutador-e-indicador-LED-png.webp",1000,1000,false],"thumbnail":["https:\/\/recambiosecogas.com\/wp-content\/uploads\/2025\/02\/Toptron-conmutador-e-indicador-LED-150x150.webp",150,150,true],"medium":["https:\/\/recambiosecogas.com\/wp-content\/uploads\/2025\/02\/Toptron-conmutador-e-indicador-LED-300x300.webp",300,300,true],"medium_large":["https:\/\/recambiosecogas.com\/wp-content\/uploads\/2025\/02\/Toptron-conmutador-e-indicador-LED-768x768.webp",768,768,true],"large":["https:\/\/recambiosecogas.com\/wp-content\/uploads\/2025\/02\/Toptron-conmutador-e-indicador-LED-png.webp",1000,1000,false],"1536x1536":["https:\/\/recambiosecogas.com\/wp-content\/uploads\/2025\/02\/Toptron-conmutador-e-indicador-LED-png.webp",1000,1000,false],"2048x2048":["https:\/\/recambiosecogas.com\/wp-content\/uploads\/2025\/02\/Toptron-conmutador-e-indicador-LED-png.webp",1000,1000,false],"woocommerce_archive_thumbnail":["https:\/\/recambiosecogas.com\/wp-content\/uploads\/2025\/02\/Toptron-conmutador-e-indicador-LED-png.webp",1000,1000,false],"woocommerce_thumbnail":["https:\/\/recambiosecogas.com\/wp-content\/uploads\/2025\/02\/Toptron-conmutador-e-indicador-LED-300x300.webp",300,300,true],"woocommerce_single":["https:\/\/recambiosecogas.com\/wp-content\/uploads\/2025\/02\/Toptron-conmutador-e-indicador-LED-png.webp",1000,1000,false],"woocommerce_gallery_thumbnail":["https:\/\/recambiosecogas.com\/wp-content\/uploads\/2025\/02\/Toptron-conmutador-e-indicador-LED-png.webp",1000,1000,false],"dgwt-wcas-product-suggestion":["https:\/\/recambiosecogas.com\/wp-content\/uploads\/2025\/02\/Toptron-conmutador-e-indicador-LED-64x64.webp",64,64,true]},"uagb_author_info":{"display_name":"Fran - Soporte T\u00e9cnico","author_link":"https:\/\/recambiosecogas.com\/it\/author\/"},"uagb_comment_info":0,"uagb_excerpt":"TOPTRON","_links":{"self":[{"href":"https:\/\/recambiosecogas.com\/it\/wp-json\/wp\/v2\/product\/17803","targetHints":{"allow":["GET"]}}],"collection":[{"href":"https:\/\/recambiosecogas.com\/it\/wp-json\/wp\/v2\/product"}],"about":[{"href":"https:\/\/recambiosecogas.com\/it\/wp-json\/wp\/v2\/types\/product"}],"replies":[{"embeddable":true,"href":"https:\/\/recambiosecogas.com\/it\/wp-json\/wp\/v2\/comments?post=17803"}],"wp:featuredmedia":[{"embeddable":true,"href":"https:\/\/recambiosecogas.com\/it\/wp-json\/wp\/v2\/media\/19327"}],"wp:attachment":[{"href":"https:\/\/recambiosecogas.com\/it\/wp-json\/wp\/v2\/media?parent=17803"}],"wp:term":[{"taxonomy":"product_brand","embeddable":true,"href":"https:\/\/recambiosecogas.com\/it\/wp-json\/wp\/v2\/product_brand?post=17803"},{"taxonomy":"product_cat","embeddable":true,"href":"https:\/\/recambiosecogas.com\/it\/wp-json\/wp\/v2\/product_cat?post=17803"},{"taxonomy":"product_tag","embeddable":true,"href":"https:\/\/recambiosecogas.com\/it\/wp-json\/wp\/v2\/product_tag?post=17803"}],"curies":[{"name":"wp","href":"https:\/\/api.w.org\/{rel}","templated":true}]}}