{"id":16118,"date":"2025-01-21T10:43:54","date_gmt":"2025-01-21T09:43:54","guid":{"rendered":"https:\/\/recambiosecogas.com\/producto\/thetford-caprice-3-quemadores-grill-y-horno-todo-gas\/"},"modified":"2026-03-26T12:05:27","modified_gmt":"2026-03-26T11:05:27","slug":"thetford-caprice-3-quemadores-grill-y-horno-todo-gas","status":"publish","type":"product","link":"https:\/\/recambiosecogas.com\/it\/producto\/thetford-caprice-3-quemadores-grill-y-horno-todo-gas\/","title":{"rendered":"Thetford CAPRICE 3 Quemadores Grill y Horno &#8211; Todo gas"},"content":{"rendered":"<p>Con sus 3 quemadores de gas, grill independiente y horno independiente, le ofrece todas las opciones que necesita para preparar una comida gourmet.<\/p>\n<p>&nbsp;<\/p>\n<h4>Datos t\u00e9cnicos<\/h4>\n<p>12V &#8211; Encendido: S\u00ed<\/p>\n<p>Dimensiones (AlxAnxPr): 644x463x500mm<\/p>\n<p>Dimensiones de instalaci\u00f3n (AnxAlxPr): 646x445x493mm<\/p>\n<p>Placa de cocci\u00f3n el\u00e9ctrica (220 &#8211; 240V &#8211; 50Hz) &#8211; Placa de cocci\u00f3n: &#8211; Quemador de gas<\/p>\n<p>Quemador de gas &#8211; placa de cocci\u00f3n: 2 x 1,5kW 1 x 2,4kW<\/p>\n<p>Quemador de gas &#8211; grill: 1,6 kW<\/p>\n<p>Quemador de gas &#8211; horno: 1,5 kW<\/p>\n<p>Potencia calor\u00edfica total (gas): 8,5 kW<\/p>\n<p>Capacidad del grill: 13,7L (140x337x290mm)<\/p>\n<p>Capacidad de la placa &#8211; tama\u00f1os m\u00e1ximos de sartenes: 3 x \u00d8100 &#8211; \u00d8180mm<\/p>\n<p>Volumen m\u00e1ximo de gas de entrada: 612,0 g\/h<\/p>\n<p>Peso neto: 25.0kg<\/p>\n<p>Horno de convecci\u00f3n: NO<\/p>\n<p>Volumen del horno: 36 litros (250 x 380 x 360 mm)<\/p>\n<p>La <strong>Cocina Thetford CAPRICE 3 Quemadores Grill y Horno<\/strong> es una soluci\u00f3n vers\u00e1til y eficiente para preparar comidas en veh\u00edculos. Con sus tres quemadores de gas, grill independiente y horno, ofrece todas las opciones necesarias para disfrutar de una experiencia culinaria completa mientras viaja.<\/p>\n<p>El dise\u00f1o de esta cocina permite un uso \u00f3ptimo del espacio, facilitando la preparaci\u00f3n de diferentes platos al mismo tiempo. Su potencia calor\u00edfica total de <strong>8,5 kW<\/strong> asegura un rendimiento eficiente, permitiendo que los quemadores de gas funcionen de manera efectiva. Los quemadores incluyen dos de <strong>1,5 kW<\/strong> y uno de <strong>2,4 kW<\/strong> para la placa de cocci\u00f3n, adem\u00e1s de un quemador de <strong>1,6 kW<\/strong> para el grill y <strong>1,5 kW<\/strong> para el horno.<\/p>\n<p>Las dimensiones de la cocina son <strong>644x463x500 mm<\/strong>, mientras que las dimensiones de instalaci\u00f3n son <strong>646x445x493 mm<\/strong>. La capacidad del grill es de <strong>13,7 litros<\/strong> y el volumen del horno alcanza los <strong>36 litros<\/strong>. Este dise\u00f1o permite utilizar sartenes de hasta <strong>\u00d8180 mm<\/strong> en la placa de cocci\u00f3n, haciendo que sea ideal para preparar comidas gourmet en cualquier lugar.<\/p>\n<h4>Datos t\u00e9cnicos<\/h4>\n<p>Voltaje: <strong>12V<\/strong> &#8211; Encendido: S\u00ed<\/p>\n<ul>\n<li>Placa de cocci\u00f3n el\u00e9ctrica: <strong>220 &#8211; 240V &#8211; 50Hz<\/strong><\/li>\n<li>Potencia calor\u00edfica total (gas): <strong>8,5 kW<\/strong><\/li>\n<li>Volumen m\u00e1ximo de gas de entrada: <strong>612,0 g\/h<\/strong><\/li>\n<li>Peso neto: <strong>25.0 kg<\/strong><\/li>\n<\/ul>\n<p>La <strong>Cocina Thetford CAPRICE<\/strong> es una excelente opci\u00f3n para quienes buscan comodidad y funcionalidad en sus viajes. Su dise\u00f1o eficiente y su potente rendimiento la convierten en una herramienta indispensable para disfrutar de la cocina en la carretera.<\/p>\n","protected":false},"excerpt":{"rendered":"<p>THETFORD<\/p>\n","protected":false},"featured_media":16554,"comment_status":"open","ping_status":"closed","template":"","meta":{"googlesitekit_rrm_CAowud7EDA:productID":"","_uag_custom_page_level_css":""},"product_brand":[],"product_cat":[639,638],"product_tag":[],"class_list":{"0":"post-16118","1":"product","2":"type-product","3":"status-publish","4":"has-post-thumbnail","6":"product_cat-cocinas-autocaravana-glp","7":"product_cat-instalacion-de-gas-autocaravanas","9":"first","10":"onbackorder","11":"taxable","12":"shipping-taxable","13":"purchasable","14":"product-type-simple"},"ct_brands":[],"yoast_head":"<!-- This site is optimized with the Yoast SEO Premium plugin v27.3 (Yoast SEO v27.3) - https:\/\/yoast.com\/product\/yoast-seo-premium-wordpress\/ -->\n<title>Cocina Thetford CAPRICE 3 Quemadores Grill y Horno | Recambios Ecogas<\/title>\n<meta name=\"description\" content=\"Cocina Thetford CAPRICE 3 quemadores con grill y horno, ideal para preparar comidas en veh\u00edculos. Potencia total de 8,5 kW y dise\u00f1o eficiente.\" \/>\n<meta name=\"robots\" content=\"index, follow, max-snippet:-1, max-image-preview:large, max-video-preview:-1\" \/>\n<link rel=\"canonical\" href=\"https:\/\/recambiosecogas.com\/it\/producto\/thetford-caprice-3-quemadores-grill-y-horno-todo-gas\/\" \/>\n<meta property=\"og:locale\" content=\"it_IT\" \/>\n<meta property=\"og:type\" content=\"article\" \/>\n<meta property=\"og:title\" content=\"Thetford CAPRICE 3 Quemadores Grill y Horno - Todo gas\" \/>\n<meta property=\"og:description\" content=\"Cocina Thetford CAPRICE 3 quemadores con grill y horno, ideal para preparar comidas en veh\u00edculos. Potencia total de 8,5 kW y dise\u00f1o eficiente.\" \/>\n<meta property=\"og:url\" content=\"https:\/\/recambiosecogas.com\/it\/producto\/thetford-caprice-3-quemadores-grill-y-horno-todo-gas\/\" \/>\n<meta property=\"og:site_name\" content=\"Recambios EcoGas\" \/>\n<meta property=\"article:publisher\" content=\"https:\/\/www.facebook.com\/profile.php?id=100062419705358\" \/>\n<meta property=\"article:modified_time\" content=\"2026-03-26T11:05:27+00:00\" \/>\n<meta property=\"og:image\" content=\"https:\/\/recambiosecogas.com\/wp-content\/uploads\/2025\/01\/Thetford-CAPRICE-3-Quemadores-Grill-y-Horno-Todo-gas-png.webp\" \/>\n\t<meta property=\"og:image:width\" content=\"1000\" \/>\n\t<meta property=\"og:image:height\" content=\"1000\" \/>\n\t<meta property=\"og:image:type\" content=\"image\/png\" \/>\n<meta name=\"twitter:card\" content=\"summary_large_image\" \/>\n<meta name=\"twitter:label1\" content=\"Prezzo\" \/>\n\t<meta name=\"twitter:data1\" content=\"1.244,27&nbsp;&euro; (IVA incl.: 1.505,56&nbsp;&euro;)\" \/>\n\t<meta name=\"twitter:label2\" content=\"Disponibilit\u00e0\" \/>\n\t<meta name=\"twitter:data2\" content=\"Su ordinazione\" \/>\n<script type=\"application\/ld+json\" class=\"yoast-schema-graph\">{\"@context\":\"https:\\\/\\\/schema.org\",\"@graph\":[{\"@type\":\"WebPage\",\"@id\":\"https:\\\/\\\/recambiosecogas.com\\\/it\\\/producto\\\/thetford-caprice-3-quemadores-grill-y-horno-todo-gas\\\/\",\"url\":\"https:\\\/\\\/recambiosecogas.com\\\/it\\\/producto\\\/thetford-caprice-3-quemadores-grill-y-horno-todo-gas\\\/\",\"name\":\"Cocina Thetford CAPRICE 3 Quemadores Grill y Horno | Recambios Ecogas\",\"isPartOf\":{\"@id\":\"https:\\\/\\\/recambiosecogas.com\\\/it\\\/#website\"},\"primaryImageOfPage\":{\"@id\":\"https:\\\/\\\/recambiosecogas.com\\\/it\\\/producto\\\/thetford-caprice-3-quemadores-grill-y-horno-todo-gas\\\/#primaryimage\"},\"image\":{\"@id\":\"https:\\\/\\\/recambiosecogas.com\\\/it\\\/producto\\\/thetford-caprice-3-quemadores-grill-y-horno-todo-gas\\\/#primaryimage\"},\"thumbnailUrl\":\"https:\\\/\\\/recambiosecogas.com\\\/wp-content\\\/uploads\\\/2025\\\/01\\\/Thetford-CAPRICE-3-Quemadores-Grill-y-Horno-Todo-gas-png.webp\",\"datePublished\":\"2025-01-21T09:43:54+00:00\",\"dateModified\":\"2026-03-26T11:05:27+00:00\",\"description\":\"Cocina Thetford CAPRICE 3 quemadores con grill y horno, ideal para preparar comidas en veh\u00edculos. Potencia total de 8,5 kW y dise\u00f1o eficiente.\",\"breadcrumb\":{\"@id\":\"https:\\\/\\\/recambiosecogas.com\\\/it\\\/producto\\\/thetford-caprice-3-quemadores-grill-y-horno-todo-gas\\\/#breadcrumb\"},\"inLanguage\":\"it-IT\",\"potentialAction\":[{\"@type\":\"ReadAction\",\"target\":[\"https:\\\/\\\/recambiosecogas.com\\\/it\\\/producto\\\/thetford-caprice-3-quemadores-grill-y-horno-todo-gas\\\/\"]}]},{\"@type\":\"ImageObject\",\"inLanguage\":\"it-IT\",\"@id\":\"https:\\\/\\\/recambiosecogas.com\\\/it\\\/producto\\\/thetford-caprice-3-quemadores-grill-y-horno-todo-gas\\\/#primaryimage\",\"url\":\"https:\\\/\\\/recambiosecogas.com\\\/wp-content\\\/uploads\\\/2025\\\/01\\\/Thetford-CAPRICE-3-Quemadores-Grill-y-Horno-Todo-gas-png.webp\",\"contentUrl\":\"https:\\\/\\\/recambiosecogas.com\\\/wp-content\\\/uploads\\\/2025\\\/01\\\/Thetford-CAPRICE-3-Quemadores-Grill-y-Horno-Todo-gas-png.webp\",\"width\":1000,\"height\":1000},{\"@type\":\"BreadcrumbList\",\"@id\":\"https:\\\/\\\/recambiosecogas.com\\\/it\\\/producto\\\/thetford-caprice-3-quemadores-grill-y-horno-todo-gas\\\/#breadcrumb\",\"itemListElement\":[{\"@type\":\"ListItem\",\"position\":1,\"name\":\"Portada\",\"item\":\"https:\\\/\\\/recambiosecogas.com\\\/it\\\/\"},{\"@type\":\"ListItem\",\"position\":2,\"name\":\"Negozio\",\"item\":\"https:\\\/\\\/recambiosecogas.com\\\/it\\\/?page_id=46382\"},{\"@type\":\"ListItem\",\"position\":3,\"name\":\"Thetford CAPRICE 3 Quemadores Grill y Horno &#8211; Todo gas\"}]},{\"@type\":\"WebSite\",\"@id\":\"https:\\\/\\\/recambiosecogas.com\\\/it\\\/#website\",\"url\":\"https:\\\/\\\/recambiosecogas.com\\\/it\\\/\",\"name\":\"Recambios EcoGas\",\"description\":\"Recambios Multimarca para sistemas de GLP\\\/GNC\\\/GNL\\\/Hidr\u00f3geno\",\"publisher\":{\"@id\":\"https:\\\/\\\/recambiosecogas.com\\\/it\\\/#organization\"},\"alternateName\":\"Recambios Autogas GLP\",\"potentialAction\":[{\"@type\":\"SearchAction\",\"target\":{\"@type\":\"EntryPoint\",\"urlTemplate\":\"https:\\\/\\\/recambiosecogas.com\\\/it\\\/?s={search_term_string}\"},\"query-input\":{\"@type\":\"PropertyValueSpecification\",\"valueRequired\":true,\"valueName\":\"search_term_string\"}}],\"inLanguage\":\"it-IT\"},{\"@type\":[\"Organization\",\"Place\"],\"@id\":\"https:\\\/\\\/recambiosecogas.com\\\/it\\\/#organization\",\"name\":\"Recambios EcoGas\",\"alternateName\":\"Tienda Online GLP Espa\u00f1a\",\"url\":\"https:\\\/\\\/recambiosecogas.com\\\/it\\\/\",\"logo\":{\"@id\":\"https:\\\/\\\/recambiosecogas.com\\\/it\\\/producto\\\/thetford-caprice-3-quemadores-grill-y-horno-todo-gas\\\/#local-main-organization-logo\"},\"image\":{\"@id\":\"https:\\\/\\\/recambiosecogas.com\\\/it\\\/producto\\\/thetford-caprice-3-quemadores-grill-y-horno-todo-gas\\\/#local-main-organization-logo\"},\"sameAs\":[\"https:\\\/\\\/www.facebook.com\\\/profile.php?id=100062419705358\",\"https:\\\/\\\/www.instagram.com\\\/segimon_automocio\"],\"description\":\"Recambios EcoGas \u2013 Venta y distribuci\u00f3n de sistemas GLP y GNC en Espa\u00f1a y Portugal. Env\u00edos 24 h, soporte t\u00e9cnico a talleres y distribuidores.\",\"hasMerchantReturnPolicy\":{\"@type\":\"MerchantReturnPolicy\",\"merchantReturnLink\":\"https:\\\/\\\/recambiosecogas.com\\\/politicas-privacidad\\\/\"},\"address\":{\"@id\":\"https:\\\/\\\/recambiosecogas.com\\\/it\\\/producto\\\/thetford-caprice-3-quemadores-grill-y-horno-todo-gas\\\/#local-main-place-address\"},\"telephone\":[\"616250633\"],\"contactPoint\":{\"@type\":\"ContactPoint\",\"email\":\"export@recambiosecogas.com\"},\"openingHoursSpecification\":[{\"@type\":\"OpeningHoursSpecification\",\"dayOfWeek\":[\"Monday\",\"Tuesday\",\"Wednesday\",\"Thursday\",\"Friday\",\"Saturday\",\"Sunday\"],\"opens\":\"09:00\",\"closes\":\"17:00\"}],\"email\":\"info@recambiosecogas.com\",\"faxNumber\":\"SEGIMON AUTOMOCION SL\",\"vatID\":\"ESB19819861\",\"globalLocationNumber\":\"938 616 339\"},{\"@type\":\"PostalAddress\",\"@id\":\"https:\\\/\\\/recambiosecogas.com\\\/it\\\/producto\\\/thetford-caprice-3-quemadores-grill-y-horno-todo-gas\\\/#local-main-place-address\",\"streetAddress\":\"cami antic de vic, 29 (Nave 3), Pol\u00edgono Industrial Congost\",\"addressLocality\":\"CORRO D`AVALL\",\"postalCode\":\"08520\",\"addressRegion\":\"Barcelona\",\"addressCountry\":\"ES\"},{\"@type\":\"ImageObject\",\"inLanguage\":\"it-IT\",\"@id\":\"https:\\\/\\\/recambiosecogas.com\\\/it\\\/producto\\\/thetford-caprice-3-quemadores-grill-y-horno-todo-gas\\\/#local-main-organization-logo\",\"url\":\"https:\\\/\\\/recambiosecogas.com\\\/wp-content\\\/uploads\\\/2024\\\/11\\\/cropped-RECAMBIOS-GLP-png.webp\",\"contentUrl\":\"https:\\\/\\\/recambiosecogas.com\\\/wp-content\\\/uploads\\\/2024\\\/11\\\/cropped-RECAMBIOS-GLP-png.webp\",\"width\":512,\"height\":512,\"caption\":\"Recambios EcoGas\"}]}<\/script>\n<meta property=\"product:price:amount\" content=\"1244.27\" \/>\n<meta property=\"product:price:currency\" content=\"EUR\" \/>\n<meta property=\"og:availability\" content=\"backorder\" \/>\n<meta property=\"product:availability\" content=\"available for order\" \/>\n<meta property=\"product:retailer_item_id\" content=\"115794A\" \/>\n<meta property=\"product:condition\" content=\"new\" \/>\n<meta name=\"geo.placename\" content=\"CORRO D`AVALL\" \/>\n<meta name=\"geo.region\" content=\"Spagna\" \/>\n<!-- \/ Yoast SEO Premium plugin. -->","yoast_head_json":{"title":"Cocina Thetford CAPRICE 3 Quemadores Grill y Horno | Recambios Ecogas","description":"Cocina Thetford CAPRICE 3 quemadores con grill y horno, ideal para preparar comidas en veh\u00edculos. Potencia total de 8,5 kW y dise\u00f1o eficiente.","robots":{"index":"index","follow":"follow","max-snippet":"max-snippet:-1","max-image-preview":"max-image-preview:large","max-video-preview":"max-video-preview:-1"},"canonical":"https:\/\/recambiosecogas.com\/it\/producto\/thetford-caprice-3-quemadores-grill-y-horno-todo-gas\/","og_locale":"it_IT","og_type":"article","og_title":"Thetford CAPRICE 3 Quemadores Grill y Horno - Todo gas","og_description":"Cocina Thetford CAPRICE 3 quemadores con grill y horno, ideal para preparar comidas en veh\u00edculos. Potencia total de 8,5 kW y dise\u00f1o eficiente.","og_url":"https:\/\/recambiosecogas.com\/it\/producto\/thetford-caprice-3-quemadores-grill-y-horno-todo-gas\/","og_site_name":"Recambios EcoGas","article_publisher":"https:\/\/www.facebook.com\/profile.php?id=100062419705358","article_modified_time":"2026-03-26T11:05:27+00:00","og_image":[{"width":1000,"height":1000,"url":"https:\/\/recambiosecogas.com\/wp-content\/uploads\/2025\/01\/Thetford-CAPRICE-3-Quemadores-Grill-y-Horno-Todo-gas-png.webp","type":"image\/png"}],"twitter_card":"summary_large_image","twitter_misc":{"Prezzo":"1.244,27&nbsp;&euro; (IVA incl.: 1.505,56&nbsp;&euro;)","Disponibilit\u00e0":"Su ordinazione"},"schema":{"@context":"https:\/\/schema.org","@graph":[{"@type":"WebPage","@id":"https:\/\/recambiosecogas.com\/it\/producto\/thetford-caprice-3-quemadores-grill-y-horno-todo-gas\/","url":"https:\/\/recambiosecogas.com\/it\/producto\/thetford-caprice-3-quemadores-grill-y-horno-todo-gas\/","name":"Cocina Thetford CAPRICE 3 Quemadores Grill y Horno | Recambios Ecogas","isPartOf":{"@id":"https:\/\/recambiosecogas.com\/it\/#website"},"primaryImageOfPage":{"@id":"https:\/\/recambiosecogas.com\/it\/producto\/thetford-caprice-3-quemadores-grill-y-horno-todo-gas\/#primaryimage"},"image":{"@id":"https:\/\/recambiosecogas.com\/it\/producto\/thetford-caprice-3-quemadores-grill-y-horno-todo-gas\/#primaryimage"},"thumbnailUrl":"https:\/\/recambiosecogas.com\/wp-content\/uploads\/2025\/01\/Thetford-CAPRICE-3-Quemadores-Grill-y-Horno-Todo-gas-png.webp","datePublished":"2025-01-21T09:43:54+00:00","dateModified":"2026-03-26T11:05:27+00:00","description":"Cocina Thetford CAPRICE 3 quemadores con grill y horno, ideal para preparar comidas en veh\u00edculos. Potencia total de 8,5 kW y dise\u00f1o eficiente.","breadcrumb":{"@id":"https:\/\/recambiosecogas.com\/it\/producto\/thetford-caprice-3-quemadores-grill-y-horno-todo-gas\/#breadcrumb"},"inLanguage":"it-IT","potentialAction":[{"@type":"ReadAction","target":["https:\/\/recambiosecogas.com\/it\/producto\/thetford-caprice-3-quemadores-grill-y-horno-todo-gas\/"]}]},{"@type":"ImageObject","inLanguage":"it-IT","@id":"https:\/\/recambiosecogas.com\/it\/producto\/thetford-caprice-3-quemadores-grill-y-horno-todo-gas\/#primaryimage","url":"https:\/\/recambiosecogas.com\/wp-content\/uploads\/2025\/01\/Thetford-CAPRICE-3-Quemadores-Grill-y-Horno-Todo-gas-png.webp","contentUrl":"https:\/\/recambiosecogas.com\/wp-content\/uploads\/2025\/01\/Thetford-CAPRICE-3-Quemadores-Grill-y-Horno-Todo-gas-png.webp","width":1000,"height":1000},{"@type":"BreadcrumbList","@id":"https:\/\/recambiosecogas.com\/it\/producto\/thetford-caprice-3-quemadores-grill-y-horno-todo-gas\/#breadcrumb","itemListElement":[{"@type":"ListItem","position":1,"name":"Portada","item":"https:\/\/recambiosecogas.com\/it\/"},{"@type":"ListItem","position":2,"name":"Negozio","item":"https:\/\/recambiosecogas.com\/it\/?page_id=46382"},{"@type":"ListItem","position":3,"name":"Thetford CAPRICE 3 Quemadores Grill y Horno &#8211; Todo gas"}]},{"@type":"WebSite","@id":"https:\/\/recambiosecogas.com\/it\/#website","url":"https:\/\/recambiosecogas.com\/it\/","name":"Recambios EcoGas","description":"Recambios Multimarca para sistemas de GLP\/GNC\/GNL\/Hidr\u00f3geno","publisher":{"@id":"https:\/\/recambiosecogas.com\/it\/#organization"},"alternateName":"Recambios Autogas GLP","potentialAction":[{"@type":"SearchAction","target":{"@type":"EntryPoint","urlTemplate":"https:\/\/recambiosecogas.com\/it\/?s={search_term_string}"},"query-input":{"@type":"PropertyValueSpecification","valueRequired":true,"valueName":"search_term_string"}}],"inLanguage":"it-IT"},{"@type":["Organization","Place"],"@id":"https:\/\/recambiosecogas.com\/it\/#organization","name":"Recambios EcoGas","alternateName":"Tienda Online GLP Espa\u00f1a","url":"https:\/\/recambiosecogas.com\/it\/","logo":{"@id":"https:\/\/recambiosecogas.com\/it\/producto\/thetford-caprice-3-quemadores-grill-y-horno-todo-gas\/#local-main-organization-logo"},"image":{"@id":"https:\/\/recambiosecogas.com\/it\/producto\/thetford-caprice-3-quemadores-grill-y-horno-todo-gas\/#local-main-organization-logo"},"sameAs":["https:\/\/www.facebook.com\/profile.php?id=100062419705358","https:\/\/www.instagram.com\/segimon_automocio"],"description":"Recambios EcoGas \u2013 Venta y distribuci\u00f3n de sistemas GLP y GNC en Espa\u00f1a y Portugal. Env\u00edos 24 h, soporte t\u00e9cnico a talleres y distribuidores.","hasMerchantReturnPolicy":{"@type":"MerchantReturnPolicy","merchantReturnLink":"https:\/\/recambiosecogas.com\/politicas-privacidad\/"},"address":{"@id":"https:\/\/recambiosecogas.com\/it\/producto\/thetford-caprice-3-quemadores-grill-y-horno-todo-gas\/#local-main-place-address"},"telephone":["616250633"],"contactPoint":{"@type":"ContactPoint","email":"export@recambiosecogas.com"},"openingHoursSpecification":[{"@type":"OpeningHoursSpecification","dayOfWeek":["Monday","Tuesday","Wednesday","Thursday","Friday","Saturday","Sunday"],"opens":"09:00","closes":"17:00"}],"email":"info@recambiosecogas.com","faxNumber":"SEGIMON AUTOMOCION SL","vatID":"ESB19819861","globalLocationNumber":"938 616 339"},{"@type":"PostalAddress","@id":"https:\/\/recambiosecogas.com\/it\/producto\/thetford-caprice-3-quemadores-grill-y-horno-todo-gas\/#local-main-place-address","streetAddress":"cami antic de vic, 29 (Nave 3), Pol\u00edgono Industrial Congost","addressLocality":"CORRO D`AVALL","postalCode":"08520","addressRegion":"Barcelona","addressCountry":"ES"},{"@type":"ImageObject","inLanguage":"it-IT","@id":"https:\/\/recambiosecogas.com\/it\/producto\/thetford-caprice-3-quemadores-grill-y-horno-todo-gas\/#local-main-organization-logo","url":"https:\/\/recambiosecogas.com\/wp-content\/uploads\/2024\/11\/cropped-RECAMBIOS-GLP-png.webp","contentUrl":"https:\/\/recambiosecogas.com\/wp-content\/uploads\/2024\/11\/cropped-RECAMBIOS-GLP-png.webp","width":512,"height":512,"caption":"Recambios EcoGas"}]},"product_price_amount":"1244.27","product_price_currency":"EUR","og_availability":"backorder","product_availability":"available for order","product_retailer_item_id":"115794A","product_condition":"new","geo.placename":"CORRO D`AVALL","geo.region":"Spagna"},"uagb_featured_image_src":{"full":["https:\/\/recambiosecogas.com\/wp-content\/uploads\/2025\/01\/Thetford-CAPRICE-3-Quemadores-Grill-y-Horno-Todo-gas-png.webp",1000,1000,false],"thumbnail":["https:\/\/recambiosecogas.com\/wp-content\/uploads\/2025\/01\/Thetford-CAPRICE-3-Quemadores-Grill-y-Horno-Todo-gas-150x150.webp",150,150,true],"medium":["https:\/\/recambiosecogas.com\/wp-content\/uploads\/2025\/01\/Thetford-CAPRICE-3-Quemadores-Grill-y-Horno-Todo-gas-300x300.webp",300,300,true],"medium_large":["https:\/\/recambiosecogas.com\/wp-content\/uploads\/2025\/01\/Thetford-CAPRICE-3-Quemadores-Grill-y-Horno-Todo-gas-768x768.webp",768,768,true],"large":["https:\/\/recambiosecogas.com\/wp-content\/uploads\/2025\/01\/Thetford-CAPRICE-3-Quemadores-Grill-y-Horno-Todo-gas-png.webp",1000,1000,false],"1536x1536":["https:\/\/recambiosecogas.com\/wp-content\/uploads\/2025\/01\/Thetford-CAPRICE-3-Quemadores-Grill-y-Horno-Todo-gas-png.webp",1000,1000,false],"2048x2048":["https:\/\/recambiosecogas.com\/wp-content\/uploads\/2025\/01\/Thetford-CAPRICE-3-Quemadores-Grill-y-Horno-Todo-gas-png.webp",1000,1000,false],"woocommerce_archive_thumbnail":["https:\/\/recambiosecogas.com\/wp-content\/uploads\/2025\/01\/Thetford-CAPRICE-3-Quemadores-Grill-y-Horno-Todo-gas-png.webp",1000,1000,false],"woocommerce_thumbnail":["https:\/\/recambiosecogas.com\/wp-content\/uploads\/2025\/01\/Thetford-CAPRICE-3-Quemadores-Grill-y-Horno-Todo-gas-300x300.webp",300,300,true],"woocommerce_single":["https:\/\/recambiosecogas.com\/wp-content\/uploads\/2025\/01\/Thetford-CAPRICE-3-Quemadores-Grill-y-Horno-Todo-gas-png.webp",1000,1000,false],"woocommerce_gallery_thumbnail":["https:\/\/recambiosecogas.com\/wp-content\/uploads\/2025\/01\/Thetford-CAPRICE-3-Quemadores-Grill-y-Horno-Todo-gas-png.webp",1000,1000,false],"dgwt-wcas-product-suggestion":["https:\/\/recambiosecogas.com\/wp-content\/uploads\/2025\/01\/Thetford-CAPRICE-3-Quemadores-Grill-y-Horno-Todo-gas-64x64.webp",64,64,true]},"uagb_author_info":{"display_name":"Fran - Soporte T\u00e9cnico","author_link":"https:\/\/recambiosecogas.com\/it\/author\/"},"uagb_comment_info":0,"uagb_excerpt":"THETFORD","_links":{"self":[{"href":"https:\/\/recambiosecogas.com\/it\/wp-json\/wp\/v2\/product\/16118","targetHints":{"allow":["GET"]}}],"collection":[{"href":"https:\/\/recambiosecogas.com\/it\/wp-json\/wp\/v2\/product"}],"about":[{"href":"https:\/\/recambiosecogas.com\/it\/wp-json\/wp\/v2\/types\/product"}],"replies":[{"embeddable":true,"href":"https:\/\/recambiosecogas.com\/it\/wp-json\/wp\/v2\/comments?post=16118"}],"wp:featuredmedia":[{"embeddable":true,"href":"https:\/\/recambiosecogas.com\/it\/wp-json\/wp\/v2\/media\/16554"}],"wp:attachment":[{"href":"https:\/\/recambiosecogas.com\/it\/wp-json\/wp\/v2\/media?parent=16118"}],"wp:term":[{"taxonomy":"product_brand","embeddable":true,"href":"https:\/\/recambiosecogas.com\/it\/wp-json\/wp\/v2\/product_brand?post=16118"},{"taxonomy":"product_cat","embeddable":true,"href":"https:\/\/recambiosecogas.com\/it\/wp-json\/wp\/v2\/product_cat?post=16118"},{"taxonomy":"product_tag","embeddable":true,"href":"https:\/\/recambiosecogas.com\/it\/wp-json\/wp\/v2\/product_tag?post=16118"}],"curies":[{"name":"wp","href":"https:\/\/api.w.org\/{rel}","templated":true}]}}