{"id":16113,"date":"2025-01-21T10:43:51","date_gmt":"2025-01-21T09:43:51","guid":{"rendered":"https:\/\/recambiosecogas.com\/producto\/thetford-topline-series-111-unidad-combinada-de-placa-de-coccion-y-fregadero\/"},"modified":"2026-03-26T12:05:19","modified_gmt":"2026-03-26T11:05:19","slug":"thetford-topline-series-111-unidad-combinada-de-placa-de-coccion-y-fregadero","status":"publish","type":"product","link":"https:\/\/recambiosecogas.com\/it\/producto\/thetford-topline-series-111-unidad-combinada-de-placa-de-coccion-y-fregadero\/","title":{"rendered":"Thetford Topline Series 111 &#8211; unidad combinada de placa de cocci\u00f3n y fregadero"},"content":{"rendered":"<p>Con la serie Topline 111 de Thetford, podr\u00e1 disfrutar cocinando en su autocaravana o caravana con este electrodom\u00e9stico combinado con 2 placas de cocina de bonito dise\u00f1o y un fregadero de acero inoxidable.<\/p>\n<p>Esta combinaci\u00f3n de cocina y fregadero ultra elegante y moderna con un rendimiento de cocci\u00f3n superior cuenta con pomos y asas de tama\u00f1o dom\u00e9stico que le har\u00e1n sentirse como en casa.<\/p>\n<p><strong>Caracter\u00edsticas:<\/strong><\/p>\n<ul>\n<li>Materiales y componentes de alta calidad<\/li>\n<li>Dise\u00f1o contempor\u00e1neo y hogare\u00f1o<\/li>\n<li>Aprovechamiento \u00f3ptimo del espacio<\/li>\n<li>Excelente rendimiento de cocci\u00f3n<\/li>\n<\/ul>\n<p><strong>Datos t\u00e9cnicos:<\/strong><\/p>\n<ul>\n<li>Montaje en superficie<\/li>\n<li>Todos los combustibles de gas<\/li>\n<li>Quemador de gas: 2 x 1,5 kW<\/li>\n<li>Tapa de cristal<\/li>\n<li>Material encimera: cristal negro<\/li>\n<li>Encendido: 12v<\/li>\n<li>Pomos: n\u00edquel mate recto<\/li>\n<li>Peso neto: 11.0kg<\/li>\n<li>Dimensiones totales: 195 x 900 x 370mm<\/li>\n<li>Potencia calor\u00edfica total: 3,0 kW<\/li>\n<li>Dimensiones de la encimera: 888 x 358 mm<\/li>\n<\/ul>\n<p>La <strong>unidad combinada Thetford Topline 111<\/strong> es un electrodom\u00e9stico dise\u00f1ado para optimizar el espacio en su autocaravana o caravana. Este modelo incluye <strong>dos placas de cocci\u00f3n<\/strong> y un fregadero de acero inoxidable, ofreciendo un rendimiento de cocci\u00f3n superior y un dise\u00f1o contempor\u00e1neo que se integra perfectamente en cualquier ambiente.<\/p>\n<p>El dise\u00f1o de la Topline 111 no solo es est\u00e9tico, sino tambi\u00e9n funcional. Equipado con pomos y asas de tama\u00f1o dom\u00e9stico, proporciona una experiencia de uso similar a la de una cocina tradicional. La tapa de cristal y la encimera de cristal negro a\u00f1aden un toque elegante, mientras que su potente rendimiento de <strong>3,0 kW<\/strong> asegura una cocci\u00f3n eficiente.<\/p>\n<p>Este electrodom\u00e9stico es ideal para aquellos que buscan disfrutar de la cocina mientras est\u00e1n de viaje. La instalaci\u00f3n es sencilla, ya que est\u00e1 dise\u00f1ado para montarse en superficie y es compatible con todos los combustibles de gas. Es importante tener en cuenta que, al utilizar este tipo de cocina, se debe asegurar un suministro adecuado de gas para un funcionamiento \u00f3ptimo.<\/p>\n<p>Si no se reemplaza o se mantiene adecuadamente, una unidad de cocina y fregadero defectuosa puede afectar la experiencia de cocci\u00f3n y la seguridad en la autocaravana. Por lo tanto, es recomendable revisar regularmente el estado de los componentes y realizar el mantenimiento necesario.<\/p>\n<h4>Datos t\u00e9cnicos<\/h4>\n<ul>\n<li>Montaje en superficie<\/li>\n<li>Todos los combustibles de gas<\/li>\n<li>Quemador de gas: 2 x 1,5 kW<\/li>\n<li>Tapa de cristal<\/li>\n<li>Material encimera: cristal negro<\/li>\n<li>Encendido: 12v<\/li>\n<li>Pomos: n\u00edquel mate recto<\/li>\n<li>Peso neto: 11.0kg<\/li>\n<li>Dimensiones totales: 195 x 900 x 370mm<\/li>\n<li>Potencia calor\u00edfica total: 3,0 kW<\/li>\n<li>Dimensiones de la encimera: 888 x 358 mm<\/li>\n<\/ul>\n","protected":false},"excerpt":{"rendered":"<p>THETFORD<\/p>\n","protected":false},"featured_media":16564,"comment_status":"open","ping_status":"closed","template":"","meta":{"googlesitekit_rrm_CAowud7EDA:productID":"","_uag_custom_page_level_css":""},"product_brand":[],"product_cat":[858],"product_tag":[],"class_list":{"0":"post-16113","1":"product","2":"type-product","3":"status-publish","4":"has-post-thumbnail","6":"product_cat-placas-de-cocina","8":"first","9":"onbackorder","10":"taxable","11":"shipping-taxable","12":"purchasable","13":"product-type-simple"},"ct_brands":[],"yoast_head":"<!-- This site is optimized with the Yoast SEO Premium plugin v27.4 (Yoast SEO v27.4) - https:\/\/yoast.com\/product\/yoast-seo-premium-wordpress\/ -->\n<title>Thetford Topline 111 unidad combinada de cocina y fregadero | Recambios Ecogas<\/title>\n<meta name=\"description\" content=\"Unidad combinada Thetford Topline 111 con 2 placas de cocina y fregadero de acero inoxidable, ideal para autocaravanas. Dise\u00f1o moderno y eficiente.\" \/>\n<meta name=\"robots\" content=\"index, follow, max-snippet:-1, max-image-preview:large, max-video-preview:-1\" \/>\n<link rel=\"canonical\" href=\"https:\/\/recambiosecogas.com\/it\/producto\/thetford-topline-series-111-unidad-combinada-de-placa-de-coccion-y-fregadero\/\" \/>\n<meta property=\"og:locale\" content=\"it_IT\" \/>\n<meta property=\"og:type\" content=\"article\" \/>\n<meta property=\"og:title\" content=\"Thetford Topline Series 111 - unidad combinada de placa de cocci\u00f3n y fregadero\" \/>\n<meta property=\"og:description\" content=\"Unidad combinada Thetford Topline 111 con 2 placas de cocina y fregadero de acero inoxidable, ideal para autocaravanas. Dise\u00f1o moderno y eficiente.\" \/>\n<meta property=\"og:url\" content=\"https:\/\/recambiosecogas.com\/it\/producto\/thetford-topline-series-111-unidad-combinada-de-placa-de-coccion-y-fregadero\/\" \/>\n<meta property=\"og:site_name\" content=\"Recambios EcoGas\" \/>\n<meta property=\"article:publisher\" content=\"https:\/\/www.facebook.com\/profile.php?id=100062419705358\" \/>\n<meta property=\"article:modified_time\" content=\"2026-03-26T11:05:19+00:00\" \/>\n<meta property=\"og:image\" content=\"https:\/\/recambiosecogas.com\/wp-content\/uploads\/2025\/01\/Thetford-Topline-Series-111-unidad-combinada-de-placa-de-coccion-y-fregadero-png.webp\" \/>\n\t<meta property=\"og:image:width\" content=\"1000\" \/>\n\t<meta property=\"og:image:height\" content=\"1000\" \/>\n\t<meta property=\"og:image:type\" content=\"image\/png\" \/>\n<meta name=\"twitter:card\" content=\"summary_large_image\" \/>\n<meta name=\"twitter:label1\" content=\"Prezzo\" \/>\n\t<meta name=\"twitter:data1\" content=\"734,18&nbsp;&euro; (IVA incl.: 888,36&nbsp;&euro;)\" \/>\n\t<meta name=\"twitter:label2\" content=\"Disponibilit\u00e0\" \/>\n\t<meta name=\"twitter:data2\" content=\"Su ordinazione\" \/>\n<script type=\"application\/ld+json\" class=\"yoast-schema-graph\">{\"@context\":\"https:\\\/\\\/schema.org\",\"@graph\":[{\"@type\":\"WebPage\",\"@id\":\"https:\\\/\\\/recambiosecogas.com\\\/it\\\/producto\\\/thetford-topline-series-111-unidad-combinada-de-placa-de-coccion-y-fregadero\\\/\",\"url\":\"https:\\\/\\\/recambiosecogas.com\\\/it\\\/producto\\\/thetford-topline-series-111-unidad-combinada-de-placa-de-coccion-y-fregadero\\\/\",\"name\":\"Thetford Topline 111 unidad combinada de cocina y fregadero | Recambios Ecogas\",\"isPartOf\":{\"@id\":\"https:\\\/\\\/recambiosecogas.com\\\/it\\\/#website\"},\"primaryImageOfPage\":{\"@id\":\"https:\\\/\\\/recambiosecogas.com\\\/it\\\/producto\\\/thetford-topline-series-111-unidad-combinada-de-placa-de-coccion-y-fregadero\\\/#primaryimage\"},\"image\":{\"@id\":\"https:\\\/\\\/recambiosecogas.com\\\/it\\\/producto\\\/thetford-topline-series-111-unidad-combinada-de-placa-de-coccion-y-fregadero\\\/#primaryimage\"},\"thumbnailUrl\":\"https:\\\/\\\/recambiosecogas.com\\\/wp-content\\\/uploads\\\/2025\\\/01\\\/Thetford-Topline-Series-111-unidad-combinada-de-placa-de-coccion-y-fregadero-png.webp\",\"datePublished\":\"2025-01-21T09:43:51+00:00\",\"dateModified\":\"2026-03-26T11:05:19+00:00\",\"description\":\"Unidad combinada Thetford Topline 111 con 2 placas de cocina y fregadero de acero inoxidable, ideal para autocaravanas. Dise\u00f1o moderno y eficiente.\",\"breadcrumb\":{\"@id\":\"https:\\\/\\\/recambiosecogas.com\\\/it\\\/producto\\\/thetford-topline-series-111-unidad-combinada-de-placa-de-coccion-y-fregadero\\\/#breadcrumb\"},\"inLanguage\":\"it-IT\",\"potentialAction\":[{\"@type\":\"ReadAction\",\"target\":[\"https:\\\/\\\/recambiosecogas.com\\\/it\\\/producto\\\/thetford-topline-series-111-unidad-combinada-de-placa-de-coccion-y-fregadero\\\/\"]}]},{\"@type\":\"ImageObject\",\"inLanguage\":\"it-IT\",\"@id\":\"https:\\\/\\\/recambiosecogas.com\\\/it\\\/producto\\\/thetford-topline-series-111-unidad-combinada-de-placa-de-coccion-y-fregadero\\\/#primaryimage\",\"url\":\"https:\\\/\\\/recambiosecogas.com\\\/wp-content\\\/uploads\\\/2025\\\/01\\\/Thetford-Topline-Series-111-unidad-combinada-de-placa-de-coccion-y-fregadero-png.webp\",\"contentUrl\":\"https:\\\/\\\/recambiosecogas.com\\\/wp-content\\\/uploads\\\/2025\\\/01\\\/Thetford-Topline-Series-111-unidad-combinada-de-placa-de-coccion-y-fregadero-png.webp\",\"width\":1000,\"height\":1000},{\"@type\":\"BreadcrumbList\",\"@id\":\"https:\\\/\\\/recambiosecogas.com\\\/it\\\/producto\\\/thetford-topline-series-111-unidad-combinada-de-placa-de-coccion-y-fregadero\\\/#breadcrumb\",\"itemListElement\":[{\"@type\":\"ListItem\",\"position\":1,\"name\":\"Portada\",\"item\":\"https:\\\/\\\/recambiosecogas.com\\\/it\\\/\"},{\"@type\":\"ListItem\",\"position\":2,\"name\":\"Negozio\",\"item\":\"https:\\\/\\\/recambiosecogas.com\\\/it\\\/?page_id=46382\"},{\"@type\":\"ListItem\",\"position\":3,\"name\":\"Thetford Topline Series 111 &#8211; unidad combinada de placa de cocci\u00f3n y fregadero\"}]},{\"@type\":\"WebSite\",\"@id\":\"https:\\\/\\\/recambiosecogas.com\\\/it\\\/#website\",\"url\":\"https:\\\/\\\/recambiosecogas.com\\\/it\\\/\",\"name\":\"Recambios EcoGas\",\"description\":\"Recambios Multimarca para sistemas de GLP\\\/GNC\\\/GNL\\\/Hidr\u00f3geno\",\"publisher\":{\"@id\":\"https:\\\/\\\/recambiosecogas.com\\\/it\\\/#organization\"},\"alternateName\":\"Recambios Autogas GLP\",\"potentialAction\":[{\"@type\":\"SearchAction\",\"target\":{\"@type\":\"EntryPoint\",\"urlTemplate\":\"https:\\\/\\\/recambiosecogas.com\\\/it\\\/?s={search_term_string}\"},\"query-input\":{\"@type\":\"PropertyValueSpecification\",\"valueRequired\":true,\"valueName\":\"search_term_string\"}}],\"inLanguage\":\"it-IT\"},{\"@type\":[\"Organization\",\"Place\"],\"@id\":\"https:\\\/\\\/recambiosecogas.com\\\/it\\\/#organization\",\"name\":\"Recambios EcoGas\",\"alternateName\":\"Tienda Online GLP Espa\u00f1a\",\"url\":\"https:\\\/\\\/recambiosecogas.com\\\/it\\\/\",\"logo\":{\"@id\":\"https:\\\/\\\/recambiosecogas.com\\\/it\\\/producto\\\/thetford-topline-series-111-unidad-combinada-de-placa-de-coccion-y-fregadero\\\/#local-main-organization-logo\"},\"image\":{\"@id\":\"https:\\\/\\\/recambiosecogas.com\\\/it\\\/producto\\\/thetford-topline-series-111-unidad-combinada-de-placa-de-coccion-y-fregadero\\\/#local-main-organization-logo\"},\"sameAs\":[\"https:\\\/\\\/www.facebook.com\\\/profile.php?id=100062419705358\",\"https:\\\/\\\/www.instagram.com\\\/segimon_automocio\"],\"description\":\"Recambios EcoGas \u2013 Venta y distribuci\u00f3n de sistemas GLP y GNC en Espa\u00f1a y Portugal. Env\u00edos 24 h, soporte t\u00e9cnico a talleres y distribuidores.\",\"hasMerchantReturnPolicy\":{\"@type\":\"MerchantReturnPolicy\",\"merchantReturnLink\":\"https:\\\/\\\/recambiosecogas.com\\\/politicas-privacidad\\\/\"},\"address\":{\"@id\":\"https:\\\/\\\/recambiosecogas.com\\\/it\\\/producto\\\/thetford-topline-series-111-unidad-combinada-de-placa-de-coccion-y-fregadero\\\/#local-main-place-address\"},\"telephone\":[\"616250633\"],\"contactPoint\":{\"@type\":\"ContactPoint\",\"email\":\"export@recambiosecogas.com\"},\"openingHoursSpecification\":[{\"@type\":\"OpeningHoursSpecification\",\"dayOfWeek\":[\"Monday\",\"Tuesday\",\"Wednesday\",\"Thursday\",\"Friday\",\"Saturday\",\"Sunday\"],\"opens\":\"09:00\",\"closes\":\"17:00\"}],\"email\":\"info@recambiosecogas.com\",\"faxNumber\":\"SEGIMON AUTOMOCION SL\",\"vatID\":\"ESB19819861\",\"globalLocationNumber\":\"938 616 339\"},{\"@type\":\"PostalAddress\",\"@id\":\"https:\\\/\\\/recambiosecogas.com\\\/it\\\/producto\\\/thetford-topline-series-111-unidad-combinada-de-placa-de-coccion-y-fregadero\\\/#local-main-place-address\",\"streetAddress\":\"cami antic de vic, 29 (Nave 3), Pol\u00edgono Industrial Congost\",\"addressLocality\":\"CORRO D`AVALL\",\"postalCode\":\"08520\",\"addressRegion\":\"Barcelona\",\"addressCountry\":\"ES\"},{\"@type\":\"ImageObject\",\"inLanguage\":\"it-IT\",\"@id\":\"https:\\\/\\\/recambiosecogas.com\\\/it\\\/producto\\\/thetford-topline-series-111-unidad-combinada-de-placa-de-coccion-y-fregadero\\\/#local-main-organization-logo\",\"url\":\"https:\\\/\\\/recambiosecogas.com\\\/wp-content\\\/uploads\\\/2024\\\/11\\\/cropped-RECAMBIOS-GLP-png.webp\",\"contentUrl\":\"https:\\\/\\\/recambiosecogas.com\\\/wp-content\\\/uploads\\\/2024\\\/11\\\/cropped-RECAMBIOS-GLP-png.webp\",\"width\":512,\"height\":512,\"caption\":\"Recambios EcoGas\"}]}<\/script>\n<meta property=\"product:price:amount\" content=\"734.18\" \/>\n<meta property=\"product:price:currency\" content=\"EUR\" \/>\n<meta property=\"og:availability\" content=\"backorder\" \/>\n<meta property=\"product:availability\" content=\"available for order\" \/>\n<meta property=\"product:retailer_item_id\" content=\"116876A\" \/>\n<meta property=\"product:condition\" content=\"new\" \/>\n<meta name=\"geo.placename\" content=\"CORRO D`AVALL\" \/>\n<meta name=\"geo.region\" content=\"Spagna\" \/>\n<!-- \/ Yoast SEO Premium plugin. -->","yoast_head_json":{"title":"Thetford Topline 111 unidad combinada de cocina y fregadero | Recambios Ecogas","description":"Unidad combinada Thetford Topline 111 con 2 placas de cocina y fregadero de acero inoxidable, ideal para autocaravanas. Dise\u00f1o moderno y eficiente.","robots":{"index":"index","follow":"follow","max-snippet":"max-snippet:-1","max-image-preview":"max-image-preview:large","max-video-preview":"max-video-preview:-1"},"canonical":"https:\/\/recambiosecogas.com\/it\/producto\/thetford-topline-series-111-unidad-combinada-de-placa-de-coccion-y-fregadero\/","og_locale":"it_IT","og_type":"article","og_title":"Thetford Topline Series 111 - unidad combinada de placa de cocci\u00f3n y fregadero","og_description":"Unidad combinada Thetford Topline 111 con 2 placas de cocina y fregadero de acero inoxidable, ideal para autocaravanas. Dise\u00f1o moderno y eficiente.","og_url":"https:\/\/recambiosecogas.com\/it\/producto\/thetford-topline-series-111-unidad-combinada-de-placa-de-coccion-y-fregadero\/","og_site_name":"Recambios EcoGas","article_publisher":"https:\/\/www.facebook.com\/profile.php?id=100062419705358","article_modified_time":"2026-03-26T11:05:19+00:00","og_image":[{"width":1000,"height":1000,"url":"https:\/\/recambiosecogas.com\/wp-content\/uploads\/2025\/01\/Thetford-Topline-Series-111-unidad-combinada-de-placa-de-coccion-y-fregadero-png.webp","type":"image\/png"}],"twitter_card":"summary_large_image","twitter_misc":{"Prezzo":"734,18&nbsp;&euro; (IVA incl.: 888,36&nbsp;&euro;)","Disponibilit\u00e0":"Su ordinazione"},"schema":{"@context":"https:\/\/schema.org","@graph":[{"@type":"WebPage","@id":"https:\/\/recambiosecogas.com\/it\/producto\/thetford-topline-series-111-unidad-combinada-de-placa-de-coccion-y-fregadero\/","url":"https:\/\/recambiosecogas.com\/it\/producto\/thetford-topline-series-111-unidad-combinada-de-placa-de-coccion-y-fregadero\/","name":"Thetford Topline 111 unidad combinada de cocina y fregadero | Recambios Ecogas","isPartOf":{"@id":"https:\/\/recambiosecogas.com\/it\/#website"},"primaryImageOfPage":{"@id":"https:\/\/recambiosecogas.com\/it\/producto\/thetford-topline-series-111-unidad-combinada-de-placa-de-coccion-y-fregadero\/#primaryimage"},"image":{"@id":"https:\/\/recambiosecogas.com\/it\/producto\/thetford-topline-series-111-unidad-combinada-de-placa-de-coccion-y-fregadero\/#primaryimage"},"thumbnailUrl":"https:\/\/recambiosecogas.com\/wp-content\/uploads\/2025\/01\/Thetford-Topline-Series-111-unidad-combinada-de-placa-de-coccion-y-fregadero-png.webp","datePublished":"2025-01-21T09:43:51+00:00","dateModified":"2026-03-26T11:05:19+00:00","description":"Unidad combinada Thetford Topline 111 con 2 placas de cocina y fregadero de acero inoxidable, ideal para autocaravanas. Dise\u00f1o moderno y eficiente.","breadcrumb":{"@id":"https:\/\/recambiosecogas.com\/it\/producto\/thetford-topline-series-111-unidad-combinada-de-placa-de-coccion-y-fregadero\/#breadcrumb"},"inLanguage":"it-IT","potentialAction":[{"@type":"ReadAction","target":["https:\/\/recambiosecogas.com\/it\/producto\/thetford-topline-series-111-unidad-combinada-de-placa-de-coccion-y-fregadero\/"]}]},{"@type":"ImageObject","inLanguage":"it-IT","@id":"https:\/\/recambiosecogas.com\/it\/producto\/thetford-topline-series-111-unidad-combinada-de-placa-de-coccion-y-fregadero\/#primaryimage","url":"https:\/\/recambiosecogas.com\/wp-content\/uploads\/2025\/01\/Thetford-Topline-Series-111-unidad-combinada-de-placa-de-coccion-y-fregadero-png.webp","contentUrl":"https:\/\/recambiosecogas.com\/wp-content\/uploads\/2025\/01\/Thetford-Topline-Series-111-unidad-combinada-de-placa-de-coccion-y-fregadero-png.webp","width":1000,"height":1000},{"@type":"BreadcrumbList","@id":"https:\/\/recambiosecogas.com\/it\/producto\/thetford-topline-series-111-unidad-combinada-de-placa-de-coccion-y-fregadero\/#breadcrumb","itemListElement":[{"@type":"ListItem","position":1,"name":"Portada","item":"https:\/\/recambiosecogas.com\/it\/"},{"@type":"ListItem","position":2,"name":"Negozio","item":"https:\/\/recambiosecogas.com\/it\/?page_id=46382"},{"@type":"ListItem","position":3,"name":"Thetford Topline Series 111 &#8211; unidad combinada de placa de cocci\u00f3n y fregadero"}]},{"@type":"WebSite","@id":"https:\/\/recambiosecogas.com\/it\/#website","url":"https:\/\/recambiosecogas.com\/it\/","name":"Recambios EcoGas","description":"Recambios Multimarca para sistemas de GLP\/GNC\/GNL\/Hidr\u00f3geno","publisher":{"@id":"https:\/\/recambiosecogas.com\/it\/#organization"},"alternateName":"Recambios Autogas GLP","potentialAction":[{"@type":"SearchAction","target":{"@type":"EntryPoint","urlTemplate":"https:\/\/recambiosecogas.com\/it\/?s={search_term_string}"},"query-input":{"@type":"PropertyValueSpecification","valueRequired":true,"valueName":"search_term_string"}}],"inLanguage":"it-IT"},{"@type":["Organization","Place"],"@id":"https:\/\/recambiosecogas.com\/it\/#organization","name":"Recambios EcoGas","alternateName":"Tienda Online GLP Espa\u00f1a","url":"https:\/\/recambiosecogas.com\/it\/","logo":{"@id":"https:\/\/recambiosecogas.com\/it\/producto\/thetford-topline-series-111-unidad-combinada-de-placa-de-coccion-y-fregadero\/#local-main-organization-logo"},"image":{"@id":"https:\/\/recambiosecogas.com\/it\/producto\/thetford-topline-series-111-unidad-combinada-de-placa-de-coccion-y-fregadero\/#local-main-organization-logo"},"sameAs":["https:\/\/www.facebook.com\/profile.php?id=100062419705358","https:\/\/www.instagram.com\/segimon_automocio"],"description":"Recambios EcoGas \u2013 Venta y distribuci\u00f3n de sistemas GLP y GNC en Espa\u00f1a y Portugal. Env\u00edos 24 h, soporte t\u00e9cnico a talleres y distribuidores.","hasMerchantReturnPolicy":{"@type":"MerchantReturnPolicy","merchantReturnLink":"https:\/\/recambiosecogas.com\/politicas-privacidad\/"},"address":{"@id":"https:\/\/recambiosecogas.com\/it\/producto\/thetford-topline-series-111-unidad-combinada-de-placa-de-coccion-y-fregadero\/#local-main-place-address"},"telephone":["616250633"],"contactPoint":{"@type":"ContactPoint","email":"export@recambiosecogas.com"},"openingHoursSpecification":[{"@type":"OpeningHoursSpecification","dayOfWeek":["Monday","Tuesday","Wednesday","Thursday","Friday","Saturday","Sunday"],"opens":"09:00","closes":"17:00"}],"email":"info@recambiosecogas.com","faxNumber":"SEGIMON AUTOMOCION SL","vatID":"ESB19819861","globalLocationNumber":"938 616 339"},{"@type":"PostalAddress","@id":"https:\/\/recambiosecogas.com\/it\/producto\/thetford-topline-series-111-unidad-combinada-de-placa-de-coccion-y-fregadero\/#local-main-place-address","streetAddress":"cami antic de vic, 29 (Nave 3), Pol\u00edgono Industrial Congost","addressLocality":"CORRO D`AVALL","postalCode":"08520","addressRegion":"Barcelona","addressCountry":"ES"},{"@type":"ImageObject","inLanguage":"it-IT","@id":"https:\/\/recambiosecogas.com\/it\/producto\/thetford-topline-series-111-unidad-combinada-de-placa-de-coccion-y-fregadero\/#local-main-organization-logo","url":"https:\/\/recambiosecogas.com\/wp-content\/uploads\/2024\/11\/cropped-RECAMBIOS-GLP-png.webp","contentUrl":"https:\/\/recambiosecogas.com\/wp-content\/uploads\/2024\/11\/cropped-RECAMBIOS-GLP-png.webp","width":512,"height":512,"caption":"Recambios EcoGas"}]},"product_price_amount":"734.18","product_price_currency":"EUR","og_availability":"backorder","product_availability":"available for order","product_retailer_item_id":"116876A","product_condition":"new","geo.placename":"CORRO D`AVALL","geo.region":"Spagna"},"uagb_featured_image_src":{"full":["https:\/\/recambiosecogas.com\/wp-content\/uploads\/2025\/01\/Thetford-Topline-Series-111-unidad-combinada-de-placa-de-coccion-y-fregadero-png.webp",1000,1000,false],"thumbnail":["https:\/\/recambiosecogas.com\/wp-content\/uploads\/2025\/01\/Thetford-Topline-Series-111-unidad-combinada-de-placa-de-coccion-y-fregadero-150x150.webp",150,150,true],"medium":["https:\/\/recambiosecogas.com\/wp-content\/uploads\/2025\/01\/Thetford-Topline-Series-111-unidad-combinada-de-placa-de-coccion-y-fregadero-300x300.webp",300,300,true],"medium_large":["https:\/\/recambiosecogas.com\/wp-content\/uploads\/2025\/01\/Thetford-Topline-Series-111-unidad-combinada-de-placa-de-coccion-y-fregadero-768x768.webp",768,768,true],"large":["https:\/\/recambiosecogas.com\/wp-content\/uploads\/2025\/01\/Thetford-Topline-Series-111-unidad-combinada-de-placa-de-coccion-y-fregadero-png.webp",1000,1000,false],"1536x1536":["https:\/\/recambiosecogas.com\/wp-content\/uploads\/2025\/01\/Thetford-Topline-Series-111-unidad-combinada-de-placa-de-coccion-y-fregadero-png.webp",1000,1000,false],"2048x2048":["https:\/\/recambiosecogas.com\/wp-content\/uploads\/2025\/01\/Thetford-Topline-Series-111-unidad-combinada-de-placa-de-coccion-y-fregadero-png.webp",1000,1000,false],"woocommerce_archive_thumbnail":["https:\/\/recambiosecogas.com\/wp-content\/uploads\/2025\/01\/Thetford-Topline-Series-111-unidad-combinada-de-placa-de-coccion-y-fregadero-png.webp",1000,1000,false],"woocommerce_thumbnail":["https:\/\/recambiosecogas.com\/wp-content\/uploads\/2025\/01\/Thetford-Topline-Series-111-unidad-combinada-de-placa-de-coccion-y-fregadero-300x300.webp",300,300,true],"woocommerce_single":["https:\/\/recambiosecogas.com\/wp-content\/uploads\/2025\/01\/Thetford-Topline-Series-111-unidad-combinada-de-placa-de-coccion-y-fregadero-png.webp",1000,1000,false],"woocommerce_gallery_thumbnail":["https:\/\/recambiosecogas.com\/wp-content\/uploads\/2025\/01\/Thetford-Topline-Series-111-unidad-combinada-de-placa-de-coccion-y-fregadero-png.webp",1000,1000,false],"dgwt-wcas-product-suggestion":["https:\/\/recambiosecogas.com\/wp-content\/uploads\/2025\/01\/Thetford-Topline-Series-111-unidad-combinada-de-placa-de-coccion-y-fregadero-64x64.webp",64,64,true]},"uagb_author_info":{"display_name":"Fran - Soporte T\u00e9cnico","author_link":"https:\/\/recambiosecogas.com\/it\/author\/"},"uagb_comment_info":0,"uagb_excerpt":"THETFORD","_links":{"self":[{"href":"https:\/\/recambiosecogas.com\/it\/wp-json\/wp\/v2\/product\/16113","targetHints":{"allow":["GET"]}}],"collection":[{"href":"https:\/\/recambiosecogas.com\/it\/wp-json\/wp\/v2\/product"}],"about":[{"href":"https:\/\/recambiosecogas.com\/it\/wp-json\/wp\/v2\/types\/product"}],"replies":[{"embeddable":true,"href":"https:\/\/recambiosecogas.com\/it\/wp-json\/wp\/v2\/comments?post=16113"}],"wp:featuredmedia":[{"embeddable":true,"href":"https:\/\/recambiosecogas.com\/it\/wp-json\/wp\/v2\/media\/16564"}],"wp:attachment":[{"href":"https:\/\/recambiosecogas.com\/it\/wp-json\/wp\/v2\/media?parent=16113"}],"wp:term":[{"taxonomy":"product_brand","embeddable":true,"href":"https:\/\/recambiosecogas.com\/it\/wp-json\/wp\/v2\/product_brand?post=16113"},{"taxonomy":"product_cat","embeddable":true,"href":"https:\/\/recambiosecogas.com\/it\/wp-json\/wp\/v2\/product_cat?post=16113"},{"taxonomy":"product_tag","embeddable":true,"href":"https:\/\/recambiosecogas.com\/it\/wp-json\/wp\/v2\/product_tag?post=16113"}],"curies":[{"name":"wp","href":"https:\/\/api.w.org\/{rel}","templated":true}]}}