{"id":16084,"date":"2025-01-21T10:43:34","date_gmt":"2025-01-21T09:43:34","guid":{"rendered":"https:\/\/recambiosecogas.com\/producto\/thetford-placa-de-coccion-serie-353-con-tapa-de-cristal\/"},"modified":"2026-03-26T12:21:19","modified_gmt":"2026-03-26T11:21:19","slug":"thetford-placa-de-coccion-serie-353-con-tapa-de-cristal","status":"publish","type":"product","link":"https:\/\/recambiosecogas.com\/it\/producto\/thetford-placa-de-coccion-serie-353-con-tapa-de-cristal\/","title":{"rendered":"Thetford Placa de cocci\u00f3n Serie 353 con tapa de cristal"},"content":{"rendered":"<p>Puede ver y experimentar que cada placa de cocci\u00f3n tiene una disposici\u00f3n bien pensada para lograr la mayor comodidad a la hora de cocinar. Hay mucho espacio para las sartenes de diferentes tama\u00f1os y accesibilidad a los mandos de tama\u00f1o dom\u00e9stico. Los materiales elegidos han sido probados a fondo y optimizados para cumplir los elevados est\u00e1ndares de calidad de los productos Thetford.<\/p>\n<p>Datos t\u00e9cnicos<br \/>\nFijaci\u00f3n: Montaje en superficie<\/p>\n<p>Combustible: Todo gas<\/p>\n<p>Quemador de gas: 1 x 1,0 kW \/ 1x 1,5 kW \/ 1x 2,6 kW<\/p>\n<p>Tapa de cristal: S\u00ed<\/p>\n<p>Material de la placa: Acero inoxidable<\/p>\n<p>Encendido: 12 V<\/p>\n<p>Pomos: N\u00edquel mate<\/p>\n<p>Peso neto: 7,5 kg<\/p>\n<p>Dimensiones totales (AlxAnxPr): 101 x 660 x 410 mm<\/p>\n<p>Potencia calor\u00edfica total: 4,9 kW<\/p>\n<p>Dimensiones de la encimera (AnxPr): 642 x 389 mm<\/p>\n<p>La <strong>Placa de cocci\u00f3n Thetford Serie 353<\/strong> es un dispositivo de cocina dise\u00f1ado espec\u00edficamente para su uso en sistemas de <strong>Autogas<\/strong>. Esta placa ofrece una disposici\u00f3n bien pensada que maximiza la comodidad al cocinar, permitiendo el uso de sartenes de diferentes tama\u00f1os. Su dise\u00f1o incluye una tapa de cristal que no solo proporciona un acabado elegante, sino que tambi\u00e9n permite una mejor visualizaci\u00f3n de los alimentos mientras se cocinan.<\/p>\n<p>Equipado con tres quemadores de gas, que incluyen un quemador de <strong>1,0 kW<\/strong>, uno de <strong>1,5 kW<\/strong> y otro de <strong>2,6 kW<\/strong>, la placa de cocci\u00f3n garantiza un rendimiento eficiente y vers\u00e1til. La potencia calor\u00edfica total de <strong>4,9 kW<\/strong> asegura que los alimentos se cocinen de manera r\u00e1pida y uniforme, lo que es esencial para una experiencia culinaria satisfactoria.<\/p>\n<p>La instalaci\u00f3n de la placa se realiza mediante un montaje en superficie, lo que facilita su integraci\u00f3n en diferentes espacios de cocina. Antes de la compra, es recomendable verificar la compatibilidad con el sistema de gas existente. La placa est\u00e1 fabricada con materiales de alta calidad, incluyendo acero inoxidable, lo que asegura durabilidad y resistencia al desgaste.<\/p>\n<p>Si no se reemplaza una placa de cocci\u00f3n defectuosa, pueden surgir problemas como una cocci\u00f3n ineficiente o incluso riesgos de seguridad relacionados con fugas de gas. Por lo tanto, es fundamental realizar un mantenimiento regular y reemplazar cualquier componente que presente signos de desgaste.<\/p>\n<h4>Datos t\u00e9cnicos<\/h4>\n<p>Fijaci\u00f3n: Montaje en superficie<br \/>Combustible: Todo gas<br \/>Quemadores de gas: 1 x 1,0 kW \/ 1 x 1,5 kW \/ 1 x 2,6 kW<br \/>Tapa de cristal: S\u00ed<br \/>Material de la placa: Acero inoxidable<br \/>Encendido: 12 V<br \/>Pomos: N\u00edquel mate<br \/>Peso neto: 7,5 kg<br \/>Dimensiones totales (AlxAnxPr): 101 x 660 x 410 mm<br \/>Potencia calor\u00edfica total: 4,9 kW<br \/>Dimensiones de la encimera (AnxPr): 642 x 389 mm<\/p>\n","protected":false},"excerpt":{"rendered":"<p>THETFORD<\/p>\n","protected":false},"featured_media":16607,"comment_status":"open","ping_status":"closed","template":"","meta":{"googlesitekit_rrm_CAowud7EDA:productID":"","_uag_custom_page_level_css":""},"product_brand":[],"product_cat":[858],"product_tag":[],"class_list":{"0":"post-16084","1":"product","2":"type-product","3":"status-publish","4":"has-post-thumbnail","6":"product_cat-placas-de-cocina","8":"first","9":"onbackorder","10":"taxable","11":"shipping-taxable","12":"purchasable","13":"product-type-simple"},"ct_brands":[],"yoast_head":"<!-- This site is optimized with the Yoast SEO Premium plugin v27.3 (Yoast SEO v27.3) - https:\/\/yoast.com\/product\/yoast-seo-premium-wordpress\/ -->\n<title>Placa de cocci\u00f3n Thetford Serie 353 con tapa de cristal | Recambios Ecogas<\/title>\n<meta name=\"description\" content=\"Placa de cocci\u00f3n Thetford Serie 353, dise\u00f1ada para sistemas de Autogas. Incluye tapa de cristal y quemadores de alta potencia para una cocci\u00f3n eficiente.\" \/>\n<meta name=\"robots\" content=\"index, follow, max-snippet:-1, max-image-preview:large, max-video-preview:-1\" \/>\n<link rel=\"canonical\" href=\"https:\/\/recambiosecogas.com\/it\/producto\/thetford-placa-de-coccion-serie-353-con-tapa-de-cristal\/\" \/>\n<meta property=\"og:locale\" content=\"it_IT\" \/>\n<meta property=\"og:type\" content=\"article\" \/>\n<meta property=\"og:title\" content=\"Thetford Placa de cocci\u00f3n Serie 353 con tapa de cristal\" \/>\n<meta property=\"og:description\" content=\"Placa de cocci\u00f3n Thetford Serie 353, dise\u00f1ada para sistemas de Autogas. Incluye tapa de cristal y quemadores de alta potencia para una cocci\u00f3n eficiente.\" \/>\n<meta property=\"og:url\" content=\"https:\/\/recambiosecogas.com\/it\/producto\/thetford-placa-de-coccion-serie-353-con-tapa-de-cristal\/\" \/>\n<meta property=\"og:site_name\" content=\"Recambios EcoGas\" \/>\n<meta property=\"article:publisher\" content=\"https:\/\/www.facebook.com\/profile.php?id=100062419705358\" \/>\n<meta property=\"article:modified_time\" content=\"2026-03-26T11:21:19+00:00\" \/>\n<meta property=\"og:image\" content=\"https:\/\/recambiosecogas.com\/wp-content\/uploads\/2025\/01\/Thetford-Placa-de-coccion-Serie-353-con-tapa-de-cristal-png.webp\" \/>\n\t<meta property=\"og:image:width\" content=\"1000\" \/>\n\t<meta property=\"og:image:height\" content=\"1000\" \/>\n\t<meta property=\"og:image:type\" content=\"image\/png\" \/>\n<meta name=\"twitter:card\" content=\"summary_large_image\" \/>\n<meta name=\"twitter:label1\" content=\"Prezzo\" \/>\n\t<meta name=\"twitter:data1\" content=\"632,58&nbsp;&euro; (IVA incl.: 765,42&nbsp;&euro;)\" \/>\n\t<meta name=\"twitter:label2\" content=\"Disponibilit\u00e0\" \/>\n\t<meta name=\"twitter:data2\" content=\"Su ordinazione\" \/>\n<script type=\"application\/ld+json\" class=\"yoast-schema-graph\">{\"@context\":\"https:\\\/\\\/schema.org\",\"@graph\":[{\"@type\":\"WebPage\",\"@id\":\"https:\\\/\\\/recambiosecogas.com\\\/it\\\/producto\\\/thetford-placa-de-coccion-serie-353-con-tapa-de-cristal\\\/\",\"url\":\"https:\\\/\\\/recambiosecogas.com\\\/it\\\/producto\\\/thetford-placa-de-coccion-serie-353-con-tapa-de-cristal\\\/\",\"name\":\"Placa de cocci\u00f3n Thetford Serie 353 con tapa de cristal | Recambios Ecogas\",\"isPartOf\":{\"@id\":\"https:\\\/\\\/recambiosecogas.com\\\/it\\\/#website\"},\"primaryImageOfPage\":{\"@id\":\"https:\\\/\\\/recambiosecogas.com\\\/it\\\/producto\\\/thetford-placa-de-coccion-serie-353-con-tapa-de-cristal\\\/#primaryimage\"},\"image\":{\"@id\":\"https:\\\/\\\/recambiosecogas.com\\\/it\\\/producto\\\/thetford-placa-de-coccion-serie-353-con-tapa-de-cristal\\\/#primaryimage\"},\"thumbnailUrl\":\"https:\\\/\\\/recambiosecogas.com\\\/wp-content\\\/uploads\\\/2025\\\/01\\\/Thetford-Placa-de-coccion-Serie-353-con-tapa-de-cristal-png.webp\",\"datePublished\":\"2025-01-21T09:43:34+00:00\",\"dateModified\":\"2026-03-26T11:21:19+00:00\",\"description\":\"Placa de cocci\u00f3n Thetford Serie 353, dise\u00f1ada para sistemas de Autogas. Incluye tapa de cristal y quemadores de alta potencia para una cocci\u00f3n eficiente.\",\"breadcrumb\":{\"@id\":\"https:\\\/\\\/recambiosecogas.com\\\/it\\\/producto\\\/thetford-placa-de-coccion-serie-353-con-tapa-de-cristal\\\/#breadcrumb\"},\"inLanguage\":\"it-IT\",\"potentialAction\":[{\"@type\":\"ReadAction\",\"target\":[\"https:\\\/\\\/recambiosecogas.com\\\/it\\\/producto\\\/thetford-placa-de-coccion-serie-353-con-tapa-de-cristal\\\/\"]}]},{\"@type\":\"ImageObject\",\"inLanguage\":\"it-IT\",\"@id\":\"https:\\\/\\\/recambiosecogas.com\\\/it\\\/producto\\\/thetford-placa-de-coccion-serie-353-con-tapa-de-cristal\\\/#primaryimage\",\"url\":\"https:\\\/\\\/recambiosecogas.com\\\/wp-content\\\/uploads\\\/2025\\\/01\\\/Thetford-Placa-de-coccion-Serie-353-con-tapa-de-cristal-png.webp\",\"contentUrl\":\"https:\\\/\\\/recambiosecogas.com\\\/wp-content\\\/uploads\\\/2025\\\/01\\\/Thetford-Placa-de-coccion-Serie-353-con-tapa-de-cristal-png.webp\",\"width\":1000,\"height\":1000},{\"@type\":\"BreadcrumbList\",\"@id\":\"https:\\\/\\\/recambiosecogas.com\\\/it\\\/producto\\\/thetford-placa-de-coccion-serie-353-con-tapa-de-cristal\\\/#breadcrumb\",\"itemListElement\":[{\"@type\":\"ListItem\",\"position\":1,\"name\":\"Portada\",\"item\":\"https:\\\/\\\/recambiosecogas.com\\\/it\\\/\"},{\"@type\":\"ListItem\",\"position\":2,\"name\":\"Negozio\",\"item\":\"https:\\\/\\\/recambiosecogas.com\\\/it\\\/?page_id=46382\"},{\"@type\":\"ListItem\",\"position\":3,\"name\":\"Thetford Placa de cocci\u00f3n Serie 353 con tapa de cristal\"}]},{\"@type\":\"WebSite\",\"@id\":\"https:\\\/\\\/recambiosecogas.com\\\/it\\\/#website\",\"url\":\"https:\\\/\\\/recambiosecogas.com\\\/it\\\/\",\"name\":\"Recambios EcoGas\",\"description\":\"Recambios Multimarca para sistemas de GLP\\\/GNC\\\/GNL\\\/Hidr\u00f3geno\",\"publisher\":{\"@id\":\"https:\\\/\\\/recambiosecogas.com\\\/it\\\/#organization\"},\"alternateName\":\"Recambios Autogas GLP\",\"potentialAction\":[{\"@type\":\"SearchAction\",\"target\":{\"@type\":\"EntryPoint\",\"urlTemplate\":\"https:\\\/\\\/recambiosecogas.com\\\/it\\\/?s={search_term_string}\"},\"query-input\":{\"@type\":\"PropertyValueSpecification\",\"valueRequired\":true,\"valueName\":\"search_term_string\"}}],\"inLanguage\":\"it-IT\"},{\"@type\":[\"Organization\",\"Place\"],\"@id\":\"https:\\\/\\\/recambiosecogas.com\\\/it\\\/#organization\",\"name\":\"Recambios EcoGas\",\"alternateName\":\"Tienda Online GLP Espa\u00f1a\",\"url\":\"https:\\\/\\\/recambiosecogas.com\\\/it\\\/\",\"logo\":{\"@id\":\"https:\\\/\\\/recambiosecogas.com\\\/it\\\/producto\\\/thetford-placa-de-coccion-serie-353-con-tapa-de-cristal\\\/#local-main-organization-logo\"},\"image\":{\"@id\":\"https:\\\/\\\/recambiosecogas.com\\\/it\\\/producto\\\/thetford-placa-de-coccion-serie-353-con-tapa-de-cristal\\\/#local-main-organization-logo\"},\"sameAs\":[\"https:\\\/\\\/www.facebook.com\\\/profile.php?id=100062419705358\",\"https:\\\/\\\/www.instagram.com\\\/segimon_automocio\"],\"description\":\"Recambios EcoGas \u2013 Venta y distribuci\u00f3n de sistemas GLP y GNC en Espa\u00f1a y Portugal. Env\u00edos 24 h, soporte t\u00e9cnico a talleres y distribuidores.\",\"hasMerchantReturnPolicy\":{\"@type\":\"MerchantReturnPolicy\",\"merchantReturnLink\":\"https:\\\/\\\/recambiosecogas.com\\\/politicas-privacidad\\\/\"},\"address\":{\"@id\":\"https:\\\/\\\/recambiosecogas.com\\\/it\\\/producto\\\/thetford-placa-de-coccion-serie-353-con-tapa-de-cristal\\\/#local-main-place-address\"},\"telephone\":[\"616250633\"],\"contactPoint\":{\"@type\":\"ContactPoint\",\"email\":\"export@recambiosecogas.com\"},\"openingHoursSpecification\":[{\"@type\":\"OpeningHoursSpecification\",\"dayOfWeek\":[\"Monday\",\"Tuesday\",\"Wednesday\",\"Thursday\",\"Friday\",\"Saturday\",\"Sunday\"],\"opens\":\"09:00\",\"closes\":\"17:00\"}],\"email\":\"info@recambiosecogas.com\",\"faxNumber\":\"SEGIMON AUTOMOCION SL\",\"vatID\":\"ESB19819861\",\"globalLocationNumber\":\"938 616 339\"},{\"@type\":\"PostalAddress\",\"@id\":\"https:\\\/\\\/recambiosecogas.com\\\/it\\\/producto\\\/thetford-placa-de-coccion-serie-353-con-tapa-de-cristal\\\/#local-main-place-address\",\"streetAddress\":\"cami antic de vic, 29 (Nave 3), Pol\u00edgono Industrial Congost\",\"addressLocality\":\"CORRO D`AVALL\",\"postalCode\":\"08520\",\"addressRegion\":\"Barcelona\",\"addressCountry\":\"ES\"},{\"@type\":\"ImageObject\",\"inLanguage\":\"it-IT\",\"@id\":\"https:\\\/\\\/recambiosecogas.com\\\/it\\\/producto\\\/thetford-placa-de-coccion-serie-353-con-tapa-de-cristal\\\/#local-main-organization-logo\",\"url\":\"https:\\\/\\\/recambiosecogas.com\\\/wp-content\\\/uploads\\\/2024\\\/11\\\/cropped-RECAMBIOS-GLP-png.webp\",\"contentUrl\":\"https:\\\/\\\/recambiosecogas.com\\\/wp-content\\\/uploads\\\/2024\\\/11\\\/cropped-RECAMBIOS-GLP-png.webp\",\"width\":512,\"height\":512,\"caption\":\"Recambios EcoGas\"}]}<\/script>\n<meta property=\"product:price:amount\" content=\"632.58\" \/>\n<meta property=\"product:price:currency\" content=\"EUR\" \/>\n<meta property=\"og:availability\" content=\"backorder\" \/>\n<meta property=\"product:availability\" content=\"available for order\" \/>\n<meta property=\"product:retailer_item_id\" content=\"115778A\" \/>\n<meta property=\"product:condition\" content=\"new\" \/>\n<meta name=\"geo.placename\" content=\"CORRO D`AVALL\" \/>\n<meta name=\"geo.region\" content=\"Spagna\" \/>\n<!-- \/ Yoast SEO Premium plugin. -->","yoast_head_json":{"title":"Placa de cocci\u00f3n Thetford Serie 353 con tapa de cristal | Recambios Ecogas","description":"Placa de cocci\u00f3n Thetford Serie 353, dise\u00f1ada para sistemas de Autogas. Incluye tapa de cristal y quemadores de alta potencia para una cocci\u00f3n eficiente.","robots":{"index":"index","follow":"follow","max-snippet":"max-snippet:-1","max-image-preview":"max-image-preview:large","max-video-preview":"max-video-preview:-1"},"canonical":"https:\/\/recambiosecogas.com\/it\/producto\/thetford-placa-de-coccion-serie-353-con-tapa-de-cristal\/","og_locale":"it_IT","og_type":"article","og_title":"Thetford Placa de cocci\u00f3n Serie 353 con tapa de cristal","og_description":"Placa de cocci\u00f3n Thetford Serie 353, dise\u00f1ada para sistemas de Autogas. Incluye tapa de cristal y quemadores de alta potencia para una cocci\u00f3n eficiente.","og_url":"https:\/\/recambiosecogas.com\/it\/producto\/thetford-placa-de-coccion-serie-353-con-tapa-de-cristal\/","og_site_name":"Recambios EcoGas","article_publisher":"https:\/\/www.facebook.com\/profile.php?id=100062419705358","article_modified_time":"2026-03-26T11:21:19+00:00","og_image":[{"width":1000,"height":1000,"url":"https:\/\/recambiosecogas.com\/wp-content\/uploads\/2025\/01\/Thetford-Placa-de-coccion-Serie-353-con-tapa-de-cristal-png.webp","type":"image\/png"}],"twitter_card":"summary_large_image","twitter_misc":{"Prezzo":"632,58&nbsp;&euro; (IVA incl.: 765,42&nbsp;&euro;)","Disponibilit\u00e0":"Su ordinazione"},"schema":{"@context":"https:\/\/schema.org","@graph":[{"@type":"WebPage","@id":"https:\/\/recambiosecogas.com\/it\/producto\/thetford-placa-de-coccion-serie-353-con-tapa-de-cristal\/","url":"https:\/\/recambiosecogas.com\/it\/producto\/thetford-placa-de-coccion-serie-353-con-tapa-de-cristal\/","name":"Placa de cocci\u00f3n Thetford Serie 353 con tapa de cristal | Recambios Ecogas","isPartOf":{"@id":"https:\/\/recambiosecogas.com\/it\/#website"},"primaryImageOfPage":{"@id":"https:\/\/recambiosecogas.com\/it\/producto\/thetford-placa-de-coccion-serie-353-con-tapa-de-cristal\/#primaryimage"},"image":{"@id":"https:\/\/recambiosecogas.com\/it\/producto\/thetford-placa-de-coccion-serie-353-con-tapa-de-cristal\/#primaryimage"},"thumbnailUrl":"https:\/\/recambiosecogas.com\/wp-content\/uploads\/2025\/01\/Thetford-Placa-de-coccion-Serie-353-con-tapa-de-cristal-png.webp","datePublished":"2025-01-21T09:43:34+00:00","dateModified":"2026-03-26T11:21:19+00:00","description":"Placa de cocci\u00f3n Thetford Serie 353, dise\u00f1ada para sistemas de Autogas. Incluye tapa de cristal y quemadores de alta potencia para una cocci\u00f3n eficiente.","breadcrumb":{"@id":"https:\/\/recambiosecogas.com\/it\/producto\/thetford-placa-de-coccion-serie-353-con-tapa-de-cristal\/#breadcrumb"},"inLanguage":"it-IT","potentialAction":[{"@type":"ReadAction","target":["https:\/\/recambiosecogas.com\/it\/producto\/thetford-placa-de-coccion-serie-353-con-tapa-de-cristal\/"]}]},{"@type":"ImageObject","inLanguage":"it-IT","@id":"https:\/\/recambiosecogas.com\/it\/producto\/thetford-placa-de-coccion-serie-353-con-tapa-de-cristal\/#primaryimage","url":"https:\/\/recambiosecogas.com\/wp-content\/uploads\/2025\/01\/Thetford-Placa-de-coccion-Serie-353-con-tapa-de-cristal-png.webp","contentUrl":"https:\/\/recambiosecogas.com\/wp-content\/uploads\/2025\/01\/Thetford-Placa-de-coccion-Serie-353-con-tapa-de-cristal-png.webp","width":1000,"height":1000},{"@type":"BreadcrumbList","@id":"https:\/\/recambiosecogas.com\/it\/producto\/thetford-placa-de-coccion-serie-353-con-tapa-de-cristal\/#breadcrumb","itemListElement":[{"@type":"ListItem","position":1,"name":"Portada","item":"https:\/\/recambiosecogas.com\/it\/"},{"@type":"ListItem","position":2,"name":"Negozio","item":"https:\/\/recambiosecogas.com\/it\/?page_id=46382"},{"@type":"ListItem","position":3,"name":"Thetford Placa de cocci\u00f3n Serie 353 con tapa de cristal"}]},{"@type":"WebSite","@id":"https:\/\/recambiosecogas.com\/it\/#website","url":"https:\/\/recambiosecogas.com\/it\/","name":"Recambios EcoGas","description":"Recambios Multimarca para sistemas de GLP\/GNC\/GNL\/Hidr\u00f3geno","publisher":{"@id":"https:\/\/recambiosecogas.com\/it\/#organization"},"alternateName":"Recambios Autogas GLP","potentialAction":[{"@type":"SearchAction","target":{"@type":"EntryPoint","urlTemplate":"https:\/\/recambiosecogas.com\/it\/?s={search_term_string}"},"query-input":{"@type":"PropertyValueSpecification","valueRequired":true,"valueName":"search_term_string"}}],"inLanguage":"it-IT"},{"@type":["Organization","Place"],"@id":"https:\/\/recambiosecogas.com\/it\/#organization","name":"Recambios EcoGas","alternateName":"Tienda Online GLP Espa\u00f1a","url":"https:\/\/recambiosecogas.com\/it\/","logo":{"@id":"https:\/\/recambiosecogas.com\/it\/producto\/thetford-placa-de-coccion-serie-353-con-tapa-de-cristal\/#local-main-organization-logo"},"image":{"@id":"https:\/\/recambiosecogas.com\/it\/producto\/thetford-placa-de-coccion-serie-353-con-tapa-de-cristal\/#local-main-organization-logo"},"sameAs":["https:\/\/www.facebook.com\/profile.php?id=100062419705358","https:\/\/www.instagram.com\/segimon_automocio"],"description":"Recambios EcoGas \u2013 Venta y distribuci\u00f3n de sistemas GLP y GNC en Espa\u00f1a y Portugal. Env\u00edos 24 h, soporte t\u00e9cnico a talleres y distribuidores.","hasMerchantReturnPolicy":{"@type":"MerchantReturnPolicy","merchantReturnLink":"https:\/\/recambiosecogas.com\/politicas-privacidad\/"},"address":{"@id":"https:\/\/recambiosecogas.com\/it\/producto\/thetford-placa-de-coccion-serie-353-con-tapa-de-cristal\/#local-main-place-address"},"telephone":["616250633"],"contactPoint":{"@type":"ContactPoint","email":"export@recambiosecogas.com"},"openingHoursSpecification":[{"@type":"OpeningHoursSpecification","dayOfWeek":["Monday","Tuesday","Wednesday","Thursday","Friday","Saturday","Sunday"],"opens":"09:00","closes":"17:00"}],"email":"info@recambiosecogas.com","faxNumber":"SEGIMON AUTOMOCION SL","vatID":"ESB19819861","globalLocationNumber":"938 616 339"},{"@type":"PostalAddress","@id":"https:\/\/recambiosecogas.com\/it\/producto\/thetford-placa-de-coccion-serie-353-con-tapa-de-cristal\/#local-main-place-address","streetAddress":"cami antic de vic, 29 (Nave 3), Pol\u00edgono Industrial Congost","addressLocality":"CORRO D`AVALL","postalCode":"08520","addressRegion":"Barcelona","addressCountry":"ES"},{"@type":"ImageObject","inLanguage":"it-IT","@id":"https:\/\/recambiosecogas.com\/it\/producto\/thetford-placa-de-coccion-serie-353-con-tapa-de-cristal\/#local-main-organization-logo","url":"https:\/\/recambiosecogas.com\/wp-content\/uploads\/2024\/11\/cropped-RECAMBIOS-GLP-png.webp","contentUrl":"https:\/\/recambiosecogas.com\/wp-content\/uploads\/2024\/11\/cropped-RECAMBIOS-GLP-png.webp","width":512,"height":512,"caption":"Recambios EcoGas"}]},"product_price_amount":"632.58","product_price_currency":"EUR","og_availability":"backorder","product_availability":"available for order","product_retailer_item_id":"115778A","product_condition":"new","geo.placename":"CORRO D`AVALL","geo.region":"Spagna"},"uagb_featured_image_src":{"full":["https:\/\/recambiosecogas.com\/wp-content\/uploads\/2025\/01\/Thetford-Placa-de-coccion-Serie-353-con-tapa-de-cristal-png.webp",1000,1000,false],"thumbnail":["https:\/\/recambiosecogas.com\/wp-content\/uploads\/2025\/01\/Thetford-Placa-de-coccion-Serie-353-con-tapa-de-cristal-150x150.webp",150,150,true],"medium":["https:\/\/recambiosecogas.com\/wp-content\/uploads\/2025\/01\/Thetford-Placa-de-coccion-Serie-353-con-tapa-de-cristal-300x300.webp",300,300,true],"medium_large":["https:\/\/recambiosecogas.com\/wp-content\/uploads\/2025\/01\/Thetford-Placa-de-coccion-Serie-353-con-tapa-de-cristal-768x768.webp",768,768,true],"large":["https:\/\/recambiosecogas.com\/wp-content\/uploads\/2025\/01\/Thetford-Placa-de-coccion-Serie-353-con-tapa-de-cristal-png.webp",1000,1000,false],"1536x1536":["https:\/\/recambiosecogas.com\/wp-content\/uploads\/2025\/01\/Thetford-Placa-de-coccion-Serie-353-con-tapa-de-cristal-png.webp",1000,1000,false],"2048x2048":["https:\/\/recambiosecogas.com\/wp-content\/uploads\/2025\/01\/Thetford-Placa-de-coccion-Serie-353-con-tapa-de-cristal-png.webp",1000,1000,false],"woocommerce_archive_thumbnail":["https:\/\/recambiosecogas.com\/wp-content\/uploads\/2025\/01\/Thetford-Placa-de-coccion-Serie-353-con-tapa-de-cristal-png.webp",1000,1000,false],"woocommerce_thumbnail":["https:\/\/recambiosecogas.com\/wp-content\/uploads\/2025\/01\/Thetford-Placa-de-coccion-Serie-353-con-tapa-de-cristal-300x300.webp",300,300,true],"woocommerce_single":["https:\/\/recambiosecogas.com\/wp-content\/uploads\/2025\/01\/Thetford-Placa-de-coccion-Serie-353-con-tapa-de-cristal-png.webp",1000,1000,false],"woocommerce_gallery_thumbnail":["https:\/\/recambiosecogas.com\/wp-content\/uploads\/2025\/01\/Thetford-Placa-de-coccion-Serie-353-con-tapa-de-cristal-png.webp",1000,1000,false],"dgwt-wcas-product-suggestion":["https:\/\/recambiosecogas.com\/wp-content\/uploads\/2025\/01\/Thetford-Placa-de-coccion-Serie-353-con-tapa-de-cristal-64x64.webp",64,64,true]},"uagb_author_info":{"display_name":"Fran - Soporte T\u00e9cnico","author_link":"https:\/\/recambiosecogas.com\/it\/author\/"},"uagb_comment_info":0,"uagb_excerpt":"THETFORD","_links":{"self":[{"href":"https:\/\/recambiosecogas.com\/it\/wp-json\/wp\/v2\/product\/16084","targetHints":{"allow":["GET"]}}],"collection":[{"href":"https:\/\/recambiosecogas.com\/it\/wp-json\/wp\/v2\/product"}],"about":[{"href":"https:\/\/recambiosecogas.com\/it\/wp-json\/wp\/v2\/types\/product"}],"replies":[{"embeddable":true,"href":"https:\/\/recambiosecogas.com\/it\/wp-json\/wp\/v2\/comments?post=16084"}],"wp:featuredmedia":[{"embeddable":true,"href":"https:\/\/recambiosecogas.com\/it\/wp-json\/wp\/v2\/media\/16607"}],"wp:attachment":[{"href":"https:\/\/recambiosecogas.com\/it\/wp-json\/wp\/v2\/media?parent=16084"}],"wp:term":[{"taxonomy":"product_brand","embeddable":true,"href":"https:\/\/recambiosecogas.com\/it\/wp-json\/wp\/v2\/product_brand?post=16084"},{"taxonomy":"product_cat","embeddable":true,"href":"https:\/\/recambiosecogas.com\/it\/wp-json\/wp\/v2\/product_cat?post=16084"},{"taxonomy":"product_tag","embeddable":true,"href":"https:\/\/recambiosecogas.com\/it\/wp-json\/wp\/v2\/product_tag?post=16084"}],"curies":[{"name":"wp","href":"https:\/\/api.w.org\/{rel}","templated":true}]}}