{"id":16077,"date":"2025-01-21T10:43:30","date_gmt":"2025-01-21T09:43:30","guid":{"rendered":"https:\/\/recambiosecogas.com\/producto\/thetford-k1520-cocina-doble-combustible-con-horno-asistido-por-ventilador\/"},"modified":"2026-03-26T12:21:08","modified_gmt":"2026-03-26T11:21:08","slug":"thetford-k1520-cocina-doble-combustible-con-horno-asistido-por-ventilador","status":"publish","type":"product","link":"https:\/\/recambiosecogas.com\/it\/producto\/thetford-k1520-cocina-doble-combustible-con-horno-asistido-por-ventilador\/","title":{"rendered":"Thetford K1520 Cocina &#8211; doble combustible, con horno asistido por ventilador"},"content":{"rendered":"<p>Esta cocina combinada todo en uno con 3 quemadores de gas y 1 placa el\u00e9ctrica, grill y horno de convecci\u00f3n lleva la cocina en la autocaravana a un nuevo nivel. Con una calidad superior y un aprovechamiento \u00f3ptimo del espacio.<\/p>\n<p>&nbsp;<\/p>\n<h4>Datos t\u00e9cnicos<\/h4>\n<p>12V &#8211; Encendido: S\u00ed<\/p>\n<p>Dimensiones (AlxAnxPr): 645x515x501mm<\/p>\n<p>Referencia: SCK43199-SP<\/p>\n<p>Dimensiones de instalaci\u00f3n (AlxAnxPr): 646x496x493mm<\/p>\n<p>Placa de cocci\u00f3n el\u00e9ctrica (220 &#8211; 240V &#8211; 50Hz) &#8211; Placa de cocci\u00f3n: 1025W (\u00d8 145mm)<\/p>\n<p>Desconexi\u00f3n de gas &#8211; tapa de cristal: s\u00ed<\/p>\n<p>Quemadores de gas &#8211; placa de cocci\u00f3n: 1x 0,95kW 2x 1,72kW<\/p>\n<p>Quemador de gas &#8211; grill: 1,64 kW<\/p>\n<p>Quemador de gas &#8211; horno: 1,76 kW<\/p>\n<p>Potencia calor\u00edfica total (gas): 7,79 kW<\/p>\n<p>Volumen del grill: 15L (130x380x303mm)<\/p>\n<p>Capacidad de la cocina &#8211; tama\u00f1os m\u00e1ximos de olla: 3x \u00d8120 &#8211; \u00d8200mm 1x \u00d8100 &#8211; \u00d8200mm<\/p>\n<p>Peso neto: 27,5kg<\/p>\n<p>Horno de convecci\u00f3n: S\u00ed<\/p>\n<p>Volumen de la c\u00e1mara de combusti\u00f3n: 37L<\/p>\n<p>La <strong>Cocina Thetford K1520<\/strong> es una soluci\u00f3n integral para quienes buscan optimizar el espacio en su autocaravana. Este modelo combina la funcionalidad de <strong>tres quemadores de gas<\/strong> y un <strong>horno de convecci\u00f3n<\/strong>, permitiendo preparar una variedad de platillos con facilidad y eficiencia.<\/p>\n<p>Con un dise\u00f1o que maximiza el aprovechamiento del espacio, la cocina cuenta con un encendido a <strong>12V<\/strong> y una placa de cocci\u00f3n el\u00e9ctrica de <strong>1025W<\/strong> (\u00d8 145mm), ideal para complementar la cocci\u00f3n a gas. La potencia calor\u00edfica total del sistema de gas es de <strong>7,79 kW<\/strong>, lo que garantiza un rendimiento \u00f3ptimo en cada uso.<\/p>\n<p>La instalaci\u00f3n de la cocina es sencilla, con dimensiones de instalaci\u00f3n de <strong>646x496x493mm<\/strong>. Adem\u00e1s, su tapa de cristal proporciona una desconexi\u00f3n de gas segura, asegurando un uso sin preocupaciones. Los quemadores de gas incluyen: 1x 0,95kW y 2x 1,72kW en la placa de cocci\u00f3n, un quemador de <strong>1,64 kW<\/strong> para el grill, y un quemador de <strong>1,76 kW<\/strong> para el horno.<\/p>\n<p>Si no se reemplaza una cocina defectuosa, se pueden presentar problemas en la cocci\u00f3n y la seguridad, lo que puede afectar la experiencia de camping. Por ello, es fundamental revisar regularmente el estado de la cocina y realizar el mantenimiento necesario.<\/p>\n<h4>Datos t\u00e9cnicos<\/h4>\n<p>Dimensiones (AlxAnxPr): <strong>645x515x501mm<\/strong>. Peso neto: <strong>27,5kg<\/strong>. Volumen del grill: <strong>15L<\/strong> (130x380x303mm). Capacidad de la cocina &#8211; tama\u00f1os m\u00e1ximos de olla: <strong>3x \u00d8120 &#8211; \u00d8200mm<\/strong> y <strong>1x \u00d8100 &#8211; \u00d8200mm<\/strong>.<\/p>\n<h4>S\u00edntomas de fallo<\/h4>\n<ul>\n<li>Fugas de gas en la conexi\u00f3n<\/li>\n<li>Dificultad para encender los quemadores<\/li>\n<li>Inconsistencia en la temperatura del horno<\/li>\n<li>Ruidos inusuales durante el funcionamiento<\/li>\n<\/ul>\n<h4>Compatibilidad<\/h4>\n<p>Esta cocina es ideal para su uso en autocaravanas y veh\u00edculos de camping. Se recomienda verificar las especificaciones del espacio de instalaci\u00f3n antes de realizar la compra.<\/p>\n","protected":false},"excerpt":{"rendered":"<p>THETFORD<\/p>\n","protected":false},"featured_media":16616,"comment_status":"open","ping_status":"closed","template":"","meta":{"googlesitekit_rrm_CAowud7EDA:productID":"","_uag_custom_page_level_css":""},"product_brand":[],"product_cat":[858],"product_tag":[],"class_list":{"0":"post-16077","1":"product","2":"type-product","3":"status-publish","4":"has-post-thumbnail","6":"product_cat-placas-de-cocina","8":"first","9":"onbackorder","10":"taxable","11":"shipping-taxable","12":"purchasable","13":"product-type-simple"},"ct_brands":[],"yoast_head":"<!-- This site is optimized with the Yoast SEO Premium plugin v27.3 (Yoast SEO v27.3) - https:\/\/yoast.com\/product\/yoast-seo-premium-wordpress\/ -->\n<title>Cocina Thetford K1520 Doble Combustible con Horno | Recambios Ecogas<\/title>\n<meta name=\"description\" content=\"Cocina Thetford K1520 de doble combustible, equipada con 3 quemadores de gas y horno de convecci\u00f3n. Ideal para autocaravanas y camping.\" \/>\n<meta name=\"robots\" content=\"index, follow, max-snippet:-1, max-image-preview:large, max-video-preview:-1\" \/>\n<link rel=\"canonical\" href=\"https:\/\/recambiosecogas.com\/it\/producto\/thetford-k1520-cocina-doble-combustible-con-horno-asistido-por-ventilador\/\" \/>\n<meta property=\"og:locale\" content=\"it_IT\" \/>\n<meta property=\"og:type\" content=\"article\" \/>\n<meta property=\"og:title\" content=\"Thetford K1520 Cocina - doble combustible, con horno asistido por ventilador\" \/>\n<meta property=\"og:description\" content=\"Cocina Thetford K1520 de doble combustible, equipada con 3 quemadores de gas y horno de convecci\u00f3n. Ideal para autocaravanas y camping.\" \/>\n<meta property=\"og:url\" content=\"https:\/\/recambiosecogas.com\/it\/producto\/thetford-k1520-cocina-doble-combustible-con-horno-asistido-por-ventilador\/\" \/>\n<meta property=\"og:site_name\" content=\"Recambios EcoGas\" \/>\n<meta property=\"article:publisher\" content=\"https:\/\/www.facebook.com\/profile.php?id=100062419705358\" \/>\n<meta property=\"article:modified_time\" content=\"2026-03-26T11:21:08+00:00\" \/>\n<meta property=\"og:image\" content=\"https:\/\/recambiosecogas.com\/wp-content\/uploads\/2025\/01\/Thetford-K1520-doble-combustible-con-horno-asistido-por-ventilador-png.webp\" \/>\n\t<meta property=\"og:image:width\" content=\"1000\" \/>\n\t<meta property=\"og:image:height\" content=\"1000\" \/>\n\t<meta property=\"og:image:type\" content=\"image\/png\" \/>\n<meta name=\"twitter:card\" content=\"summary_large_image\" \/>\n<meta name=\"twitter:label1\" content=\"Prezzo\" \/>\n\t<meta name=\"twitter:data1\" content=\"1.979,62&nbsp;&euro; (IVA incl.: 2.395,34&nbsp;&euro;)\" \/>\n\t<meta name=\"twitter:label2\" content=\"Disponibilit\u00e0\" \/>\n\t<meta name=\"twitter:data2\" content=\"Su ordinazione\" \/>\n<script type=\"application\/ld+json\" class=\"yoast-schema-graph\">{\"@context\":\"https:\\\/\\\/schema.org\",\"@graph\":[{\"@type\":\"WebPage\",\"@id\":\"https:\\\/\\\/recambiosecogas.com\\\/it\\\/producto\\\/thetford-k1520-cocina-doble-combustible-con-horno-asistido-por-ventilador\\\/\",\"url\":\"https:\\\/\\\/recambiosecogas.com\\\/it\\\/producto\\\/thetford-k1520-cocina-doble-combustible-con-horno-asistido-por-ventilador\\\/\",\"name\":\"Cocina Thetford K1520 Doble Combustible con Horno | Recambios Ecogas\",\"isPartOf\":{\"@id\":\"https:\\\/\\\/recambiosecogas.com\\\/it\\\/#website\"},\"primaryImageOfPage\":{\"@id\":\"https:\\\/\\\/recambiosecogas.com\\\/it\\\/producto\\\/thetford-k1520-cocina-doble-combustible-con-horno-asistido-por-ventilador\\\/#primaryimage\"},\"image\":{\"@id\":\"https:\\\/\\\/recambiosecogas.com\\\/it\\\/producto\\\/thetford-k1520-cocina-doble-combustible-con-horno-asistido-por-ventilador\\\/#primaryimage\"},\"thumbnailUrl\":\"https:\\\/\\\/recambiosecogas.com\\\/wp-content\\\/uploads\\\/2025\\\/01\\\/Thetford-K1520-doble-combustible-con-horno-asistido-por-ventilador-png.webp\",\"datePublished\":\"2025-01-21T09:43:30+00:00\",\"dateModified\":\"2026-03-26T11:21:08+00:00\",\"description\":\"Cocina Thetford K1520 de doble combustible, equipada con 3 quemadores de gas y horno de convecci\u00f3n. Ideal para autocaravanas y camping.\",\"breadcrumb\":{\"@id\":\"https:\\\/\\\/recambiosecogas.com\\\/it\\\/producto\\\/thetford-k1520-cocina-doble-combustible-con-horno-asistido-por-ventilador\\\/#breadcrumb\"},\"inLanguage\":\"it-IT\",\"potentialAction\":[{\"@type\":\"ReadAction\",\"target\":[\"https:\\\/\\\/recambiosecogas.com\\\/it\\\/producto\\\/thetford-k1520-cocina-doble-combustible-con-horno-asistido-por-ventilador\\\/\"]}]},{\"@type\":\"ImageObject\",\"inLanguage\":\"it-IT\",\"@id\":\"https:\\\/\\\/recambiosecogas.com\\\/it\\\/producto\\\/thetford-k1520-cocina-doble-combustible-con-horno-asistido-por-ventilador\\\/#primaryimage\",\"url\":\"https:\\\/\\\/recambiosecogas.com\\\/wp-content\\\/uploads\\\/2025\\\/01\\\/Thetford-K1520-doble-combustible-con-horno-asistido-por-ventilador-png.webp\",\"contentUrl\":\"https:\\\/\\\/recambiosecogas.com\\\/wp-content\\\/uploads\\\/2025\\\/01\\\/Thetford-K1520-doble-combustible-con-horno-asistido-por-ventilador-png.webp\",\"width\":1000,\"height\":1000},{\"@type\":\"BreadcrumbList\",\"@id\":\"https:\\\/\\\/recambiosecogas.com\\\/it\\\/producto\\\/thetford-k1520-cocina-doble-combustible-con-horno-asistido-por-ventilador\\\/#breadcrumb\",\"itemListElement\":[{\"@type\":\"ListItem\",\"position\":1,\"name\":\"Portada\",\"item\":\"https:\\\/\\\/recambiosecogas.com\\\/it\\\/\"},{\"@type\":\"ListItem\",\"position\":2,\"name\":\"Negozio\",\"item\":\"https:\\\/\\\/recambiosecogas.com\\\/it\\\/?page_id=46382\"},{\"@type\":\"ListItem\",\"position\":3,\"name\":\"Thetford K1520 Cocina &#8211; doble combustible, con horno asistido por ventilador\"}]},{\"@type\":\"WebSite\",\"@id\":\"https:\\\/\\\/recambiosecogas.com\\\/it\\\/#website\",\"url\":\"https:\\\/\\\/recambiosecogas.com\\\/it\\\/\",\"name\":\"Recambios EcoGas\",\"description\":\"Recambios Multimarca para sistemas de GLP\\\/GNC\\\/GNL\\\/Hidr\u00f3geno\",\"publisher\":{\"@id\":\"https:\\\/\\\/recambiosecogas.com\\\/it\\\/#organization\"},\"alternateName\":\"Recambios Autogas GLP\",\"potentialAction\":[{\"@type\":\"SearchAction\",\"target\":{\"@type\":\"EntryPoint\",\"urlTemplate\":\"https:\\\/\\\/recambiosecogas.com\\\/it\\\/?s={search_term_string}\"},\"query-input\":{\"@type\":\"PropertyValueSpecification\",\"valueRequired\":true,\"valueName\":\"search_term_string\"}}],\"inLanguage\":\"it-IT\"},{\"@type\":[\"Organization\",\"Place\"],\"@id\":\"https:\\\/\\\/recambiosecogas.com\\\/it\\\/#organization\",\"name\":\"Recambios EcoGas\",\"alternateName\":\"Tienda Online GLP Espa\u00f1a\",\"url\":\"https:\\\/\\\/recambiosecogas.com\\\/it\\\/\",\"logo\":{\"@id\":\"https:\\\/\\\/recambiosecogas.com\\\/it\\\/producto\\\/thetford-k1520-cocina-doble-combustible-con-horno-asistido-por-ventilador\\\/#local-main-organization-logo\"},\"image\":{\"@id\":\"https:\\\/\\\/recambiosecogas.com\\\/it\\\/producto\\\/thetford-k1520-cocina-doble-combustible-con-horno-asistido-por-ventilador\\\/#local-main-organization-logo\"},\"sameAs\":[\"https:\\\/\\\/www.facebook.com\\\/profile.php?id=100062419705358\",\"https:\\\/\\\/www.instagram.com\\\/segimon_automocio\"],\"description\":\"Recambios EcoGas \u2013 Venta y distribuci\u00f3n de sistemas GLP y GNC en Espa\u00f1a y Portugal. Env\u00edos 24 h, soporte t\u00e9cnico a talleres y distribuidores.\",\"hasMerchantReturnPolicy\":{\"@type\":\"MerchantReturnPolicy\",\"merchantReturnLink\":\"https:\\\/\\\/recambiosecogas.com\\\/politicas-privacidad\\\/\"},\"address\":{\"@id\":\"https:\\\/\\\/recambiosecogas.com\\\/it\\\/producto\\\/thetford-k1520-cocina-doble-combustible-con-horno-asistido-por-ventilador\\\/#local-main-place-address\"},\"telephone\":[\"616250633\"],\"contactPoint\":{\"@type\":\"ContactPoint\",\"email\":\"export@recambiosecogas.com\"},\"openingHoursSpecification\":[{\"@type\":\"OpeningHoursSpecification\",\"dayOfWeek\":[\"Monday\",\"Tuesday\",\"Wednesday\",\"Thursday\",\"Friday\",\"Saturday\",\"Sunday\"],\"opens\":\"09:00\",\"closes\":\"17:00\"}],\"email\":\"info@recambiosecogas.com\",\"faxNumber\":\"SEGIMON AUTOMOCION SL\",\"vatID\":\"ESB19819861\",\"globalLocationNumber\":\"938 616 339\"},{\"@type\":\"PostalAddress\",\"@id\":\"https:\\\/\\\/recambiosecogas.com\\\/it\\\/producto\\\/thetford-k1520-cocina-doble-combustible-con-horno-asistido-por-ventilador\\\/#local-main-place-address\",\"streetAddress\":\"cami antic de vic, 29 (Nave 3), Pol\u00edgono Industrial Congost\",\"addressLocality\":\"CORRO D`AVALL\",\"postalCode\":\"08520\",\"addressRegion\":\"Barcelona\",\"addressCountry\":\"ES\"},{\"@type\":\"ImageObject\",\"inLanguage\":\"it-IT\",\"@id\":\"https:\\\/\\\/recambiosecogas.com\\\/it\\\/producto\\\/thetford-k1520-cocina-doble-combustible-con-horno-asistido-por-ventilador\\\/#local-main-organization-logo\",\"url\":\"https:\\\/\\\/recambiosecogas.com\\\/wp-content\\\/uploads\\\/2024\\\/11\\\/cropped-RECAMBIOS-GLP-png.webp\",\"contentUrl\":\"https:\\\/\\\/recambiosecogas.com\\\/wp-content\\\/uploads\\\/2024\\\/11\\\/cropped-RECAMBIOS-GLP-png.webp\",\"width\":512,\"height\":512,\"caption\":\"Recambios EcoGas\"}]}<\/script>\n<meta property=\"product:price:amount\" content=\"1979.62\" \/>\n<meta property=\"product:price:currency\" content=\"EUR\" \/>\n<meta property=\"og:availability\" content=\"backorder\" \/>\n<meta property=\"product:availability\" content=\"available for order\" \/>\n<meta property=\"product:retailer_item_id\" content=\"115762A\" \/>\n<meta property=\"product:condition\" content=\"new\" \/>\n<meta name=\"geo.placename\" content=\"CORRO D`AVALL\" \/>\n<meta name=\"geo.region\" content=\"Spagna\" \/>\n<!-- \/ Yoast SEO Premium plugin. -->","yoast_head_json":{"title":"Cocina Thetford K1520 Doble Combustible con Horno | Recambios Ecogas","description":"Cocina Thetford K1520 de doble combustible, equipada con 3 quemadores de gas y horno de convecci\u00f3n. Ideal para autocaravanas y camping.","robots":{"index":"index","follow":"follow","max-snippet":"max-snippet:-1","max-image-preview":"max-image-preview:large","max-video-preview":"max-video-preview:-1"},"canonical":"https:\/\/recambiosecogas.com\/it\/producto\/thetford-k1520-cocina-doble-combustible-con-horno-asistido-por-ventilador\/","og_locale":"it_IT","og_type":"article","og_title":"Thetford K1520 Cocina - doble combustible, con horno asistido por ventilador","og_description":"Cocina Thetford K1520 de doble combustible, equipada con 3 quemadores de gas y horno de convecci\u00f3n. Ideal para autocaravanas y camping.","og_url":"https:\/\/recambiosecogas.com\/it\/producto\/thetford-k1520-cocina-doble-combustible-con-horno-asistido-por-ventilador\/","og_site_name":"Recambios EcoGas","article_publisher":"https:\/\/www.facebook.com\/profile.php?id=100062419705358","article_modified_time":"2026-03-26T11:21:08+00:00","og_image":[{"width":1000,"height":1000,"url":"https:\/\/recambiosecogas.com\/wp-content\/uploads\/2025\/01\/Thetford-K1520-doble-combustible-con-horno-asistido-por-ventilador-png.webp","type":"image\/png"}],"twitter_card":"summary_large_image","twitter_misc":{"Prezzo":"1.979,62&nbsp;&euro; (IVA incl.: 2.395,34&nbsp;&euro;)","Disponibilit\u00e0":"Su ordinazione"},"schema":{"@context":"https:\/\/schema.org","@graph":[{"@type":"WebPage","@id":"https:\/\/recambiosecogas.com\/it\/producto\/thetford-k1520-cocina-doble-combustible-con-horno-asistido-por-ventilador\/","url":"https:\/\/recambiosecogas.com\/it\/producto\/thetford-k1520-cocina-doble-combustible-con-horno-asistido-por-ventilador\/","name":"Cocina Thetford K1520 Doble Combustible con Horno | Recambios Ecogas","isPartOf":{"@id":"https:\/\/recambiosecogas.com\/it\/#website"},"primaryImageOfPage":{"@id":"https:\/\/recambiosecogas.com\/it\/producto\/thetford-k1520-cocina-doble-combustible-con-horno-asistido-por-ventilador\/#primaryimage"},"image":{"@id":"https:\/\/recambiosecogas.com\/it\/producto\/thetford-k1520-cocina-doble-combustible-con-horno-asistido-por-ventilador\/#primaryimage"},"thumbnailUrl":"https:\/\/recambiosecogas.com\/wp-content\/uploads\/2025\/01\/Thetford-K1520-doble-combustible-con-horno-asistido-por-ventilador-png.webp","datePublished":"2025-01-21T09:43:30+00:00","dateModified":"2026-03-26T11:21:08+00:00","description":"Cocina Thetford K1520 de doble combustible, equipada con 3 quemadores de gas y horno de convecci\u00f3n. Ideal para autocaravanas y camping.","breadcrumb":{"@id":"https:\/\/recambiosecogas.com\/it\/producto\/thetford-k1520-cocina-doble-combustible-con-horno-asistido-por-ventilador\/#breadcrumb"},"inLanguage":"it-IT","potentialAction":[{"@type":"ReadAction","target":["https:\/\/recambiosecogas.com\/it\/producto\/thetford-k1520-cocina-doble-combustible-con-horno-asistido-por-ventilador\/"]}]},{"@type":"ImageObject","inLanguage":"it-IT","@id":"https:\/\/recambiosecogas.com\/it\/producto\/thetford-k1520-cocina-doble-combustible-con-horno-asistido-por-ventilador\/#primaryimage","url":"https:\/\/recambiosecogas.com\/wp-content\/uploads\/2025\/01\/Thetford-K1520-doble-combustible-con-horno-asistido-por-ventilador-png.webp","contentUrl":"https:\/\/recambiosecogas.com\/wp-content\/uploads\/2025\/01\/Thetford-K1520-doble-combustible-con-horno-asistido-por-ventilador-png.webp","width":1000,"height":1000},{"@type":"BreadcrumbList","@id":"https:\/\/recambiosecogas.com\/it\/producto\/thetford-k1520-cocina-doble-combustible-con-horno-asistido-por-ventilador\/#breadcrumb","itemListElement":[{"@type":"ListItem","position":1,"name":"Portada","item":"https:\/\/recambiosecogas.com\/it\/"},{"@type":"ListItem","position":2,"name":"Negozio","item":"https:\/\/recambiosecogas.com\/it\/?page_id=46382"},{"@type":"ListItem","position":3,"name":"Thetford K1520 Cocina &#8211; doble combustible, con horno asistido por ventilador"}]},{"@type":"WebSite","@id":"https:\/\/recambiosecogas.com\/it\/#website","url":"https:\/\/recambiosecogas.com\/it\/","name":"Recambios EcoGas","description":"Recambios Multimarca para sistemas de GLP\/GNC\/GNL\/Hidr\u00f3geno","publisher":{"@id":"https:\/\/recambiosecogas.com\/it\/#organization"},"alternateName":"Recambios Autogas GLP","potentialAction":[{"@type":"SearchAction","target":{"@type":"EntryPoint","urlTemplate":"https:\/\/recambiosecogas.com\/it\/?s={search_term_string}"},"query-input":{"@type":"PropertyValueSpecification","valueRequired":true,"valueName":"search_term_string"}}],"inLanguage":"it-IT"},{"@type":["Organization","Place"],"@id":"https:\/\/recambiosecogas.com\/it\/#organization","name":"Recambios EcoGas","alternateName":"Tienda Online GLP Espa\u00f1a","url":"https:\/\/recambiosecogas.com\/it\/","logo":{"@id":"https:\/\/recambiosecogas.com\/it\/producto\/thetford-k1520-cocina-doble-combustible-con-horno-asistido-por-ventilador\/#local-main-organization-logo"},"image":{"@id":"https:\/\/recambiosecogas.com\/it\/producto\/thetford-k1520-cocina-doble-combustible-con-horno-asistido-por-ventilador\/#local-main-organization-logo"},"sameAs":["https:\/\/www.facebook.com\/profile.php?id=100062419705358","https:\/\/www.instagram.com\/segimon_automocio"],"description":"Recambios EcoGas \u2013 Venta y distribuci\u00f3n de sistemas GLP y GNC en Espa\u00f1a y Portugal. Env\u00edos 24 h, soporte t\u00e9cnico a talleres y distribuidores.","hasMerchantReturnPolicy":{"@type":"MerchantReturnPolicy","merchantReturnLink":"https:\/\/recambiosecogas.com\/politicas-privacidad\/"},"address":{"@id":"https:\/\/recambiosecogas.com\/it\/producto\/thetford-k1520-cocina-doble-combustible-con-horno-asistido-por-ventilador\/#local-main-place-address"},"telephone":["616250633"],"contactPoint":{"@type":"ContactPoint","email":"export@recambiosecogas.com"},"openingHoursSpecification":[{"@type":"OpeningHoursSpecification","dayOfWeek":["Monday","Tuesday","Wednesday","Thursday","Friday","Saturday","Sunday"],"opens":"09:00","closes":"17:00"}],"email":"info@recambiosecogas.com","faxNumber":"SEGIMON AUTOMOCION SL","vatID":"ESB19819861","globalLocationNumber":"938 616 339"},{"@type":"PostalAddress","@id":"https:\/\/recambiosecogas.com\/it\/producto\/thetford-k1520-cocina-doble-combustible-con-horno-asistido-por-ventilador\/#local-main-place-address","streetAddress":"cami antic de vic, 29 (Nave 3), Pol\u00edgono Industrial Congost","addressLocality":"CORRO D`AVALL","postalCode":"08520","addressRegion":"Barcelona","addressCountry":"ES"},{"@type":"ImageObject","inLanguage":"it-IT","@id":"https:\/\/recambiosecogas.com\/it\/producto\/thetford-k1520-cocina-doble-combustible-con-horno-asistido-por-ventilador\/#local-main-organization-logo","url":"https:\/\/recambiosecogas.com\/wp-content\/uploads\/2024\/11\/cropped-RECAMBIOS-GLP-png.webp","contentUrl":"https:\/\/recambiosecogas.com\/wp-content\/uploads\/2024\/11\/cropped-RECAMBIOS-GLP-png.webp","width":512,"height":512,"caption":"Recambios EcoGas"}]},"product_price_amount":"1979.62","product_price_currency":"EUR","og_availability":"backorder","product_availability":"available for order","product_retailer_item_id":"115762A","product_condition":"new","geo.placename":"CORRO D`AVALL","geo.region":"Spagna"},"uagb_featured_image_src":{"full":["https:\/\/recambiosecogas.com\/wp-content\/uploads\/2025\/01\/Thetford-K1520-doble-combustible-con-horno-asistido-por-ventilador-png.webp",1000,1000,false],"thumbnail":["https:\/\/recambiosecogas.com\/wp-content\/uploads\/2025\/01\/Thetford-K1520-doble-combustible-con-horno-asistido-por-ventilador-150x150.webp",150,150,true],"medium":["https:\/\/recambiosecogas.com\/wp-content\/uploads\/2025\/01\/Thetford-K1520-doble-combustible-con-horno-asistido-por-ventilador-300x300.webp",300,300,true],"medium_large":["https:\/\/recambiosecogas.com\/wp-content\/uploads\/2025\/01\/Thetford-K1520-doble-combustible-con-horno-asistido-por-ventilador-768x768.webp",768,768,true],"large":["https:\/\/recambiosecogas.com\/wp-content\/uploads\/2025\/01\/Thetford-K1520-doble-combustible-con-horno-asistido-por-ventilador-png.webp",1000,1000,false],"1536x1536":["https:\/\/recambiosecogas.com\/wp-content\/uploads\/2025\/01\/Thetford-K1520-doble-combustible-con-horno-asistido-por-ventilador-png.webp",1000,1000,false],"2048x2048":["https:\/\/recambiosecogas.com\/wp-content\/uploads\/2025\/01\/Thetford-K1520-doble-combustible-con-horno-asistido-por-ventilador-png.webp",1000,1000,false],"woocommerce_archive_thumbnail":["https:\/\/recambiosecogas.com\/wp-content\/uploads\/2025\/01\/Thetford-K1520-doble-combustible-con-horno-asistido-por-ventilador-png.webp",1000,1000,false],"woocommerce_thumbnail":["https:\/\/recambiosecogas.com\/wp-content\/uploads\/2025\/01\/Thetford-K1520-doble-combustible-con-horno-asistido-por-ventilador-300x300.webp",300,300,true],"woocommerce_single":["https:\/\/recambiosecogas.com\/wp-content\/uploads\/2025\/01\/Thetford-K1520-doble-combustible-con-horno-asistido-por-ventilador-png.webp",1000,1000,false],"woocommerce_gallery_thumbnail":["https:\/\/recambiosecogas.com\/wp-content\/uploads\/2025\/01\/Thetford-K1520-doble-combustible-con-horno-asistido-por-ventilador-png.webp",1000,1000,false],"dgwt-wcas-product-suggestion":["https:\/\/recambiosecogas.com\/wp-content\/uploads\/2025\/01\/Thetford-K1520-doble-combustible-con-horno-asistido-por-ventilador-64x64.webp",64,64,true]},"uagb_author_info":{"display_name":"Fran - Soporte T\u00e9cnico","author_link":"https:\/\/recambiosecogas.com\/it\/author\/"},"uagb_comment_info":0,"uagb_excerpt":"THETFORD","_links":{"self":[{"href":"https:\/\/recambiosecogas.com\/it\/wp-json\/wp\/v2\/product\/16077","targetHints":{"allow":["GET"]}}],"collection":[{"href":"https:\/\/recambiosecogas.com\/it\/wp-json\/wp\/v2\/product"}],"about":[{"href":"https:\/\/recambiosecogas.com\/it\/wp-json\/wp\/v2\/types\/product"}],"replies":[{"embeddable":true,"href":"https:\/\/recambiosecogas.com\/it\/wp-json\/wp\/v2\/comments?post=16077"}],"wp:featuredmedia":[{"embeddable":true,"href":"https:\/\/recambiosecogas.com\/it\/wp-json\/wp\/v2\/media\/16616"}],"wp:attachment":[{"href":"https:\/\/recambiosecogas.com\/it\/wp-json\/wp\/v2\/media?parent=16077"}],"wp:term":[{"taxonomy":"product_brand","embeddable":true,"href":"https:\/\/recambiosecogas.com\/it\/wp-json\/wp\/v2\/product_brand?post=16077"},{"taxonomy":"product_cat","embeddable":true,"href":"https:\/\/recambiosecogas.com\/it\/wp-json\/wp\/v2\/product_cat?post=16077"},{"taxonomy":"product_tag","embeddable":true,"href":"https:\/\/recambiosecogas.com\/it\/wp-json\/wp\/v2\/product_tag?post=16077"}],"curies":[{"name":"wp","href":"https:\/\/api.w.org\/{rel}","templated":true}]}}