{"id":16073,"date":"2025-01-21T10:43:28","date_gmt":"2025-01-21T09:43:28","guid":{"rendered":"https:\/\/recambiosecogas.com\/producto\/cocina-diesel-webasto-x-100-robusta-placa-ceran-con-dos-zonas-de-coccion-para-autocaravanas-campings-y-barcos\/"},"modified":"2026-03-26T12:21:01","modified_gmt":"2026-03-26T11:21:01","slug":"cocina-diesel-webasto-x-100-robusta-placa-ceran-con-dos-zonas-de-coccion-para-autocaravanas-campings-y-barcos","status":"publish","type":"product","link":"https:\/\/recambiosecogas.com\/it\/producto\/cocina-diesel-webasto-x-100-robusta-placa-ceran-con-dos-zonas-de-coccion-para-autocaravanas-campings-y-barcos\/","title":{"rendered":"Cocina diesel Webasto X 100, robusta placa CERAN con dos zonas de cocci\u00f3n para autocaravanas, campings y barcos"},"content":{"rendered":"<p>Cocina de gas\u00f3leo X 100 &#8211; libertad y autonom\u00eda<\/p>\n<p>La cocina de gas\u00f3leo Webasto es la soluci\u00f3n perfecta para los viajeros independientes y las personas que quieren viajar con\u00a0<strong>un solo combustible<\/strong>\u00a0a bordo. La cocina funciona mediante una\u00a0<strong>llama de gas\u00f3leo<\/strong>\u00a0que funciona con el combustible del\u00a0<strong>dep\u00f3sito del veh\u00edculo<\/strong>. El aire caliente, los gases de escape de la combusti\u00f3n y los olores se conducen directamente al exterior.<\/p>\n<p>La robusta placa de cocci\u00f3n de alta calidad\u00a0<strong>CERAN\u00ae<\/strong>\u00a0ofrece dos zonas de cocci\u00f3n:<\/p>\n<p>Una para cocinar<\/p>\n<p>Una para recalentar o mantener el calor.<\/p>\n<p>Gracias a sus dimensiones compactas y a su\u00a0<strong>dise\u00f1o plano<\/strong>, la cocina de gas\u00f3leo Webasto encaja hasta en la cocina m\u00e1s peque\u00f1a. Otra ventaja de la placa de cocci\u00f3n CERAN\u00ae: es f\u00e1cil de limpiar.<\/p>\n<p><strong>Ventajas:<\/strong><\/p>\n<p>Robusta placa de cocci\u00f3n CERAN\u00ae<\/p>\n<p>F\u00e1cil de manejar y de limpiar<\/p>\n<p>Bajo consumo de energ\u00eda y de combustible<\/p>\n<p>Luz indicadora de calor restante<\/p>\n<p>Funcionalidad total a grandes alturas<\/p>\n<p>Funcionamiento muy silencioso<\/p>\n<p>La <strong>Cocina de gas\u00f3leo Webasto X 100<\/strong> es la soluci\u00f3n perfecta para quienes buscan <strong>libertad y autonom\u00eda<\/strong> en sus viajes. Dise\u00f1ada para funcionar con el combustible del <strong>dep\u00f3sito del veh\u00edculo<\/strong>, esta cocina utiliza una <strong>llama de gas\u00f3leo<\/strong> que permite cocinar de manera eficiente y segura. Los gases de escape y olores se expulsan directamente al exterior, garantizando un ambiente interior limpio.<\/p>\n<p>Equipado con una robusta placa de cocci\u00f3n de alta calidad <strong>CERAN\u00ae<\/strong>, el modelo X 100 ofrece dos zonas de cocci\u00f3n: una para cocinar y otra para recalentar o mantener el calor. Esta versatilidad es ideal para preparar comidas en cualquier momento durante sus aventuras.<\/p>\n<p>Gracias a sus dimensiones compactas y dise\u00f1o plano, la cocina de gas\u00f3leo Webasto se adapta perfectamente a espacios reducidos, lo que la convierte en una opci\u00f3n excelente para autocaravanas y camping. Adem\u00e1s, la superficie CERAN\u00ae no solo es resistente, sino tambi\u00e9n f\u00e1cil de limpiar, lo que ahorra tiempo y esfuerzo despu\u00e9s de cada uso.<\/p>\n<p>Entre las ventajas de la cocina Webasto X 100 se incluyen:<\/p>\n<ul>\n<li>Robusta placa de cocci\u00f3n CERAN\u00ae<\/li>\n<li>F\u00e1cil manejo y limpieza<\/li>\n<li>Bajo consumo de energ\u00eda y combustible<\/li>\n<li>Luz indicadora de calor restante<\/li>\n<li>Funcionalidad total a grandes alturas<\/li>\n<li>Funcionamiento muy silencioso<\/li>\n<\/ul>\n<p>Esta cocina es ideal para aquellos que desean disfrutar de una experiencia de cocina al aire libre sin comprometer la calidad y la eficiencia. Su dise\u00f1o y funcionalidad la hacen indispensable para cualquier viajero que utilice sistemas de Autogas.<\/p>\n","protected":false},"excerpt":{"rendered":"<p>WEBASTO<\/p>\n","protected":false},"featured_media":16620,"comment_status":"open","ping_status":"closed","template":"","meta":{"googlesitekit_rrm_CAowud7EDA:productID":"","_uag_custom_page_level_css":""},"product_brand":[],"product_cat":[858],"product_tag":[],"class_list":{"0":"post-16073","1":"product","2":"type-product","3":"status-publish","4":"has-post-thumbnail","6":"product_cat-placas-de-cocina","8":"first","9":"onbackorder","10":"taxable","11":"shipping-taxable","12":"purchasable","13":"product-type-simple"},"ct_brands":[],"yoast_head":"<!-- This site is optimized with the Yoast SEO Premium plugin v27.3 (Yoast SEO v27.3) - https:\/\/yoast.com\/product\/yoast-seo-premium-wordpress\/ -->\n<title>Cocina de gas\u00f3leo Webasto X 100 para Autocaravanas | Recambios Ecogas<\/title>\n<meta name=\"description\" content=\"Cocina de gas\u00f3leo Webasto X 100, ideal para autocaravanas y camping. Placa CERAN de dos zonas de cocci\u00f3n, eficiente y f\u00e1cil de limpiar.\" \/>\n<meta name=\"robots\" content=\"index, follow, max-snippet:-1, max-image-preview:large, max-video-preview:-1\" \/>\n<link rel=\"canonical\" href=\"https:\/\/recambiosecogas.com\/it\/producto\/cocina-diesel-webasto-x-100-robusta-placa-ceran-con-dos-zonas-de-coccion-para-autocaravanas-campings-y-barcos\/\" \/>\n<meta property=\"og:locale\" content=\"it_IT\" \/>\n<meta property=\"og:type\" content=\"article\" \/>\n<meta property=\"og:title\" content=\"Cocina diesel Webasto X 100, robusta placa CERAN con dos zonas de cocci\u00f3n para autocaravanas, campings y barcos\" \/>\n<meta property=\"og:description\" content=\"Cocina de gas\u00f3leo Webasto X 100, ideal para autocaravanas y camping. Placa CERAN de dos zonas de cocci\u00f3n, eficiente y f\u00e1cil de limpiar.\" \/>\n<meta property=\"og:url\" content=\"https:\/\/recambiosecogas.com\/it\/producto\/cocina-diesel-webasto-x-100-robusta-placa-ceran-con-dos-zonas-de-coccion-para-autocaravanas-campings-y-barcos\/\" \/>\n<meta property=\"og:site_name\" content=\"Recambios EcoGas\" \/>\n<meta property=\"article:publisher\" content=\"https:\/\/www.facebook.com\/profile.php?id=100062419705358\" \/>\n<meta property=\"article:modified_time\" content=\"2026-03-26T11:21:01+00:00\" \/>\n<meta property=\"og:image\" content=\"https:\/\/recambiosecogas.com\/wp-content\/uploads\/2025\/01\/Cocina-diesel-Webasto-X-100-robusta-placa-CERAN-con-dos-zonas-de-coccion-para-autocaravanas-campings-y-barcos-png.webp\" \/>\n\t<meta property=\"og:image:width\" content=\"1000\" \/>\n\t<meta property=\"og:image:height\" content=\"1000\" \/>\n\t<meta property=\"og:image:type\" content=\"image\/png\" \/>\n<meta name=\"twitter:card\" content=\"summary_large_image\" \/>\n<meta name=\"twitter:label1\" content=\"Prezzo\" \/>\n\t<meta name=\"twitter:data1\" content=\"1.936,82&nbsp;&euro; (IVA incl.: 2.343,55&nbsp;&euro;)\" \/>\n\t<meta name=\"twitter:label2\" content=\"Disponibilit\u00e0\" \/>\n\t<meta name=\"twitter:data2\" content=\"Su ordinazione\" \/>\n<script type=\"application\/ld+json\" class=\"yoast-schema-graph\">{\"@context\":\"https:\\\/\\\/schema.org\",\"@graph\":[{\"@type\":\"WebPage\",\"@id\":\"https:\\\/\\\/recambiosecogas.com\\\/it\\\/producto\\\/cocina-diesel-webasto-x-100-robusta-placa-ceran-con-dos-zonas-de-coccion-para-autocaravanas-campings-y-barcos\\\/\",\"url\":\"https:\\\/\\\/recambiosecogas.com\\\/it\\\/producto\\\/cocina-diesel-webasto-x-100-robusta-placa-ceran-con-dos-zonas-de-coccion-para-autocaravanas-campings-y-barcos\\\/\",\"name\":\"Cocina de gas\u00f3leo Webasto X 100 para Autocaravanas | Recambios Ecogas\",\"isPartOf\":{\"@id\":\"https:\\\/\\\/recambiosecogas.com\\\/it\\\/#website\"},\"primaryImageOfPage\":{\"@id\":\"https:\\\/\\\/recambiosecogas.com\\\/it\\\/producto\\\/cocina-diesel-webasto-x-100-robusta-placa-ceran-con-dos-zonas-de-coccion-para-autocaravanas-campings-y-barcos\\\/#primaryimage\"},\"image\":{\"@id\":\"https:\\\/\\\/recambiosecogas.com\\\/it\\\/producto\\\/cocina-diesel-webasto-x-100-robusta-placa-ceran-con-dos-zonas-de-coccion-para-autocaravanas-campings-y-barcos\\\/#primaryimage\"},\"thumbnailUrl\":\"https:\\\/\\\/recambiosecogas.com\\\/wp-content\\\/uploads\\\/2025\\\/01\\\/Cocina-diesel-Webasto-X-100-robusta-placa-CERAN-con-dos-zonas-de-coccion-para-autocaravanas-campings-y-barcos-png.webp\",\"datePublished\":\"2025-01-21T09:43:28+00:00\",\"dateModified\":\"2026-03-26T11:21:01+00:00\",\"description\":\"Cocina de gas\u00f3leo Webasto X 100, ideal para autocaravanas y camping. Placa CERAN de dos zonas de cocci\u00f3n, eficiente y f\u00e1cil de limpiar.\",\"breadcrumb\":{\"@id\":\"https:\\\/\\\/recambiosecogas.com\\\/it\\\/producto\\\/cocina-diesel-webasto-x-100-robusta-placa-ceran-con-dos-zonas-de-coccion-para-autocaravanas-campings-y-barcos\\\/#breadcrumb\"},\"inLanguage\":\"it-IT\",\"potentialAction\":[{\"@type\":\"ReadAction\",\"target\":[\"https:\\\/\\\/recambiosecogas.com\\\/it\\\/producto\\\/cocina-diesel-webasto-x-100-robusta-placa-ceran-con-dos-zonas-de-coccion-para-autocaravanas-campings-y-barcos\\\/\"]}]},{\"@type\":\"ImageObject\",\"inLanguage\":\"it-IT\",\"@id\":\"https:\\\/\\\/recambiosecogas.com\\\/it\\\/producto\\\/cocina-diesel-webasto-x-100-robusta-placa-ceran-con-dos-zonas-de-coccion-para-autocaravanas-campings-y-barcos\\\/#primaryimage\",\"url\":\"https:\\\/\\\/recambiosecogas.com\\\/wp-content\\\/uploads\\\/2025\\\/01\\\/Cocina-diesel-Webasto-X-100-robusta-placa-CERAN-con-dos-zonas-de-coccion-para-autocaravanas-campings-y-barcos-png.webp\",\"contentUrl\":\"https:\\\/\\\/recambiosecogas.com\\\/wp-content\\\/uploads\\\/2025\\\/01\\\/Cocina-diesel-Webasto-X-100-robusta-placa-CERAN-con-dos-zonas-de-coccion-para-autocaravanas-campings-y-barcos-png.webp\",\"width\":1000,\"height\":1000},{\"@type\":\"BreadcrumbList\",\"@id\":\"https:\\\/\\\/recambiosecogas.com\\\/it\\\/producto\\\/cocina-diesel-webasto-x-100-robusta-placa-ceran-con-dos-zonas-de-coccion-para-autocaravanas-campings-y-barcos\\\/#breadcrumb\",\"itemListElement\":[{\"@type\":\"ListItem\",\"position\":1,\"name\":\"Portada\",\"item\":\"https:\\\/\\\/recambiosecogas.com\\\/it\\\/\"},{\"@type\":\"ListItem\",\"position\":2,\"name\":\"Negozio\",\"item\":\"https:\\\/\\\/recambiosecogas.com\\\/it\\\/?page_id=46382\"},{\"@type\":\"ListItem\",\"position\":3,\"name\":\"Cocina diesel Webasto X 100, robusta placa CERAN con dos zonas de cocci\u00f3n para autocaravanas, campings y barcos\"}]},{\"@type\":\"WebSite\",\"@id\":\"https:\\\/\\\/recambiosecogas.com\\\/it\\\/#website\",\"url\":\"https:\\\/\\\/recambiosecogas.com\\\/it\\\/\",\"name\":\"Recambios EcoGas\",\"description\":\"Recambios Multimarca para sistemas de GLP\\\/GNC\\\/GNL\\\/Hidr\u00f3geno\",\"publisher\":{\"@id\":\"https:\\\/\\\/recambiosecogas.com\\\/it\\\/#organization\"},\"alternateName\":\"Recambios Autogas GLP\",\"potentialAction\":[{\"@type\":\"SearchAction\",\"target\":{\"@type\":\"EntryPoint\",\"urlTemplate\":\"https:\\\/\\\/recambiosecogas.com\\\/it\\\/?s={search_term_string}\"},\"query-input\":{\"@type\":\"PropertyValueSpecification\",\"valueRequired\":true,\"valueName\":\"search_term_string\"}}],\"inLanguage\":\"it-IT\"},{\"@type\":[\"Organization\",\"Place\"],\"@id\":\"https:\\\/\\\/recambiosecogas.com\\\/it\\\/#organization\",\"name\":\"Recambios EcoGas\",\"alternateName\":\"Tienda Online GLP Espa\u00f1a\",\"url\":\"https:\\\/\\\/recambiosecogas.com\\\/it\\\/\",\"logo\":{\"@id\":\"https:\\\/\\\/recambiosecogas.com\\\/it\\\/producto\\\/cocina-diesel-webasto-x-100-robusta-placa-ceran-con-dos-zonas-de-coccion-para-autocaravanas-campings-y-barcos\\\/#local-main-organization-logo\"},\"image\":{\"@id\":\"https:\\\/\\\/recambiosecogas.com\\\/it\\\/producto\\\/cocina-diesel-webasto-x-100-robusta-placa-ceran-con-dos-zonas-de-coccion-para-autocaravanas-campings-y-barcos\\\/#local-main-organization-logo\"},\"sameAs\":[\"https:\\\/\\\/www.facebook.com\\\/profile.php?id=100062419705358\",\"https:\\\/\\\/www.instagram.com\\\/segimon_automocio\"],\"description\":\"Recambios EcoGas \u2013 Venta y distribuci\u00f3n de sistemas GLP y GNC en Espa\u00f1a y Portugal. Env\u00edos 24 h, soporte t\u00e9cnico a talleres y distribuidores.\",\"hasMerchantReturnPolicy\":{\"@type\":\"MerchantReturnPolicy\",\"merchantReturnLink\":\"https:\\\/\\\/recambiosecogas.com\\\/politicas-privacidad\\\/\"},\"address\":{\"@id\":\"https:\\\/\\\/recambiosecogas.com\\\/it\\\/producto\\\/cocina-diesel-webasto-x-100-robusta-placa-ceran-con-dos-zonas-de-coccion-para-autocaravanas-campings-y-barcos\\\/#local-main-place-address\"},\"telephone\":[\"616250633\"],\"contactPoint\":{\"@type\":\"ContactPoint\",\"email\":\"export@recambiosecogas.com\"},\"openingHoursSpecification\":[{\"@type\":\"OpeningHoursSpecification\",\"dayOfWeek\":[\"Monday\",\"Tuesday\",\"Wednesday\",\"Thursday\",\"Friday\",\"Saturday\",\"Sunday\"],\"opens\":\"09:00\",\"closes\":\"17:00\"}],\"email\":\"info@recambiosecogas.com\",\"faxNumber\":\"SEGIMON AUTOMOCION SL\",\"vatID\":\"ESB19819861\",\"globalLocationNumber\":\"938 616 339\"},{\"@type\":\"PostalAddress\",\"@id\":\"https:\\\/\\\/recambiosecogas.com\\\/it\\\/producto\\\/cocina-diesel-webasto-x-100-robusta-placa-ceran-con-dos-zonas-de-coccion-para-autocaravanas-campings-y-barcos\\\/#local-main-place-address\",\"streetAddress\":\"cami antic de vic, 29 (Nave 3), Pol\u00edgono Industrial Congost\",\"addressLocality\":\"CORRO D`AVALL\",\"postalCode\":\"08520\",\"addressRegion\":\"Barcelona\",\"addressCountry\":\"ES\"},{\"@type\":\"ImageObject\",\"inLanguage\":\"it-IT\",\"@id\":\"https:\\\/\\\/recambiosecogas.com\\\/it\\\/producto\\\/cocina-diesel-webasto-x-100-robusta-placa-ceran-con-dos-zonas-de-coccion-para-autocaravanas-campings-y-barcos\\\/#local-main-organization-logo\",\"url\":\"https:\\\/\\\/recambiosecogas.com\\\/wp-content\\\/uploads\\\/2024\\\/11\\\/cropped-RECAMBIOS-GLP-png.webp\",\"contentUrl\":\"https:\\\/\\\/recambiosecogas.com\\\/wp-content\\\/uploads\\\/2024\\\/11\\\/cropped-RECAMBIOS-GLP-png.webp\",\"width\":512,\"height\":512,\"caption\":\"Recambios EcoGas\"}]}<\/script>\n<meta property=\"product:price:amount\" content=\"1936.82\" \/>\n<meta property=\"product:price:currency\" content=\"EUR\" \/>\n<meta property=\"og:availability\" content=\"backorder\" \/>\n<meta property=\"product:availability\" content=\"available for order\" \/>\n<meta property=\"product:retailer_item_id\" content=\"109844\" \/>\n<meta property=\"product:condition\" content=\"new\" \/>\n<meta name=\"geo.placename\" content=\"CORRO D`AVALL\" \/>\n<meta name=\"geo.region\" content=\"Spagna\" \/>\n<!-- \/ Yoast SEO Premium plugin. -->","yoast_head_json":{"title":"Cocina de gas\u00f3leo Webasto X 100 para Autocaravanas | Recambios Ecogas","description":"Cocina de gas\u00f3leo Webasto X 100, ideal para autocaravanas y camping. Placa CERAN de dos zonas de cocci\u00f3n, eficiente y f\u00e1cil de limpiar.","robots":{"index":"index","follow":"follow","max-snippet":"max-snippet:-1","max-image-preview":"max-image-preview:large","max-video-preview":"max-video-preview:-1"},"canonical":"https:\/\/recambiosecogas.com\/it\/producto\/cocina-diesel-webasto-x-100-robusta-placa-ceran-con-dos-zonas-de-coccion-para-autocaravanas-campings-y-barcos\/","og_locale":"it_IT","og_type":"article","og_title":"Cocina diesel Webasto X 100, robusta placa CERAN con dos zonas de cocci\u00f3n para autocaravanas, campings y barcos","og_description":"Cocina de gas\u00f3leo Webasto X 100, ideal para autocaravanas y camping. Placa CERAN de dos zonas de cocci\u00f3n, eficiente y f\u00e1cil de limpiar.","og_url":"https:\/\/recambiosecogas.com\/it\/producto\/cocina-diesel-webasto-x-100-robusta-placa-ceran-con-dos-zonas-de-coccion-para-autocaravanas-campings-y-barcos\/","og_site_name":"Recambios EcoGas","article_publisher":"https:\/\/www.facebook.com\/profile.php?id=100062419705358","article_modified_time":"2026-03-26T11:21:01+00:00","og_image":[{"width":1000,"height":1000,"url":"https:\/\/recambiosecogas.com\/wp-content\/uploads\/2025\/01\/Cocina-diesel-Webasto-X-100-robusta-placa-CERAN-con-dos-zonas-de-coccion-para-autocaravanas-campings-y-barcos-png.webp","type":"image\/png"}],"twitter_card":"summary_large_image","twitter_misc":{"Prezzo":"1.936,82&nbsp;&euro; (IVA incl.: 2.343,55&nbsp;&euro;)","Disponibilit\u00e0":"Su ordinazione"},"schema":{"@context":"https:\/\/schema.org","@graph":[{"@type":"WebPage","@id":"https:\/\/recambiosecogas.com\/it\/producto\/cocina-diesel-webasto-x-100-robusta-placa-ceran-con-dos-zonas-de-coccion-para-autocaravanas-campings-y-barcos\/","url":"https:\/\/recambiosecogas.com\/it\/producto\/cocina-diesel-webasto-x-100-robusta-placa-ceran-con-dos-zonas-de-coccion-para-autocaravanas-campings-y-barcos\/","name":"Cocina de gas\u00f3leo Webasto X 100 para Autocaravanas | Recambios Ecogas","isPartOf":{"@id":"https:\/\/recambiosecogas.com\/it\/#website"},"primaryImageOfPage":{"@id":"https:\/\/recambiosecogas.com\/it\/producto\/cocina-diesel-webasto-x-100-robusta-placa-ceran-con-dos-zonas-de-coccion-para-autocaravanas-campings-y-barcos\/#primaryimage"},"image":{"@id":"https:\/\/recambiosecogas.com\/it\/producto\/cocina-diesel-webasto-x-100-robusta-placa-ceran-con-dos-zonas-de-coccion-para-autocaravanas-campings-y-barcos\/#primaryimage"},"thumbnailUrl":"https:\/\/recambiosecogas.com\/wp-content\/uploads\/2025\/01\/Cocina-diesel-Webasto-X-100-robusta-placa-CERAN-con-dos-zonas-de-coccion-para-autocaravanas-campings-y-barcos-png.webp","datePublished":"2025-01-21T09:43:28+00:00","dateModified":"2026-03-26T11:21:01+00:00","description":"Cocina de gas\u00f3leo Webasto X 100, ideal para autocaravanas y camping. Placa CERAN de dos zonas de cocci\u00f3n, eficiente y f\u00e1cil de limpiar.","breadcrumb":{"@id":"https:\/\/recambiosecogas.com\/it\/producto\/cocina-diesel-webasto-x-100-robusta-placa-ceran-con-dos-zonas-de-coccion-para-autocaravanas-campings-y-barcos\/#breadcrumb"},"inLanguage":"it-IT","potentialAction":[{"@type":"ReadAction","target":["https:\/\/recambiosecogas.com\/it\/producto\/cocina-diesel-webasto-x-100-robusta-placa-ceran-con-dos-zonas-de-coccion-para-autocaravanas-campings-y-barcos\/"]}]},{"@type":"ImageObject","inLanguage":"it-IT","@id":"https:\/\/recambiosecogas.com\/it\/producto\/cocina-diesel-webasto-x-100-robusta-placa-ceran-con-dos-zonas-de-coccion-para-autocaravanas-campings-y-barcos\/#primaryimage","url":"https:\/\/recambiosecogas.com\/wp-content\/uploads\/2025\/01\/Cocina-diesel-Webasto-X-100-robusta-placa-CERAN-con-dos-zonas-de-coccion-para-autocaravanas-campings-y-barcos-png.webp","contentUrl":"https:\/\/recambiosecogas.com\/wp-content\/uploads\/2025\/01\/Cocina-diesel-Webasto-X-100-robusta-placa-CERAN-con-dos-zonas-de-coccion-para-autocaravanas-campings-y-barcos-png.webp","width":1000,"height":1000},{"@type":"BreadcrumbList","@id":"https:\/\/recambiosecogas.com\/it\/producto\/cocina-diesel-webasto-x-100-robusta-placa-ceran-con-dos-zonas-de-coccion-para-autocaravanas-campings-y-barcos\/#breadcrumb","itemListElement":[{"@type":"ListItem","position":1,"name":"Portada","item":"https:\/\/recambiosecogas.com\/it\/"},{"@type":"ListItem","position":2,"name":"Negozio","item":"https:\/\/recambiosecogas.com\/it\/?page_id=46382"},{"@type":"ListItem","position":3,"name":"Cocina diesel Webasto X 100, robusta placa CERAN con dos zonas de cocci\u00f3n para autocaravanas, campings y barcos"}]},{"@type":"WebSite","@id":"https:\/\/recambiosecogas.com\/it\/#website","url":"https:\/\/recambiosecogas.com\/it\/","name":"Recambios EcoGas","description":"Recambios Multimarca para sistemas de GLP\/GNC\/GNL\/Hidr\u00f3geno","publisher":{"@id":"https:\/\/recambiosecogas.com\/it\/#organization"},"alternateName":"Recambios Autogas GLP","potentialAction":[{"@type":"SearchAction","target":{"@type":"EntryPoint","urlTemplate":"https:\/\/recambiosecogas.com\/it\/?s={search_term_string}"},"query-input":{"@type":"PropertyValueSpecification","valueRequired":true,"valueName":"search_term_string"}}],"inLanguage":"it-IT"},{"@type":["Organization","Place"],"@id":"https:\/\/recambiosecogas.com\/it\/#organization","name":"Recambios EcoGas","alternateName":"Tienda Online GLP Espa\u00f1a","url":"https:\/\/recambiosecogas.com\/it\/","logo":{"@id":"https:\/\/recambiosecogas.com\/it\/producto\/cocina-diesel-webasto-x-100-robusta-placa-ceran-con-dos-zonas-de-coccion-para-autocaravanas-campings-y-barcos\/#local-main-organization-logo"},"image":{"@id":"https:\/\/recambiosecogas.com\/it\/producto\/cocina-diesel-webasto-x-100-robusta-placa-ceran-con-dos-zonas-de-coccion-para-autocaravanas-campings-y-barcos\/#local-main-organization-logo"},"sameAs":["https:\/\/www.facebook.com\/profile.php?id=100062419705358","https:\/\/www.instagram.com\/segimon_automocio"],"description":"Recambios EcoGas \u2013 Venta y distribuci\u00f3n de sistemas GLP y GNC en Espa\u00f1a y Portugal. Env\u00edos 24 h, soporte t\u00e9cnico a talleres y distribuidores.","hasMerchantReturnPolicy":{"@type":"MerchantReturnPolicy","merchantReturnLink":"https:\/\/recambiosecogas.com\/politicas-privacidad\/"},"address":{"@id":"https:\/\/recambiosecogas.com\/it\/producto\/cocina-diesel-webasto-x-100-robusta-placa-ceran-con-dos-zonas-de-coccion-para-autocaravanas-campings-y-barcos\/#local-main-place-address"},"telephone":["616250633"],"contactPoint":{"@type":"ContactPoint","email":"export@recambiosecogas.com"},"openingHoursSpecification":[{"@type":"OpeningHoursSpecification","dayOfWeek":["Monday","Tuesday","Wednesday","Thursday","Friday","Saturday","Sunday"],"opens":"09:00","closes":"17:00"}],"email":"info@recambiosecogas.com","faxNumber":"SEGIMON AUTOMOCION SL","vatID":"ESB19819861","globalLocationNumber":"938 616 339"},{"@type":"PostalAddress","@id":"https:\/\/recambiosecogas.com\/it\/producto\/cocina-diesel-webasto-x-100-robusta-placa-ceran-con-dos-zonas-de-coccion-para-autocaravanas-campings-y-barcos\/#local-main-place-address","streetAddress":"cami antic de vic, 29 (Nave 3), Pol\u00edgono Industrial Congost","addressLocality":"CORRO D`AVALL","postalCode":"08520","addressRegion":"Barcelona","addressCountry":"ES"},{"@type":"ImageObject","inLanguage":"it-IT","@id":"https:\/\/recambiosecogas.com\/it\/producto\/cocina-diesel-webasto-x-100-robusta-placa-ceran-con-dos-zonas-de-coccion-para-autocaravanas-campings-y-barcos\/#local-main-organization-logo","url":"https:\/\/recambiosecogas.com\/wp-content\/uploads\/2024\/11\/cropped-RECAMBIOS-GLP-png.webp","contentUrl":"https:\/\/recambiosecogas.com\/wp-content\/uploads\/2024\/11\/cropped-RECAMBIOS-GLP-png.webp","width":512,"height":512,"caption":"Recambios EcoGas"}]},"product_price_amount":"1936.82","product_price_currency":"EUR","og_availability":"backorder","product_availability":"available for order","product_retailer_item_id":"109844","product_condition":"new","geo.placename":"CORRO D`AVALL","geo.region":"Spagna"},"uagb_featured_image_src":{"full":["https:\/\/recambiosecogas.com\/wp-content\/uploads\/2025\/01\/Cocina-diesel-Webasto-X-100-robusta-placa-CERAN-con-dos-zonas-de-coccion-para-autocaravanas-campings-y-barcos-png.webp",1000,1000,false],"thumbnail":["https:\/\/recambiosecogas.com\/wp-content\/uploads\/2025\/01\/Cocina-diesel-Webasto-X-100-robusta-placa-CERAN-con-dos-zonas-de-coccion-para-autocaravanas-campings-y-barcos-150x150.webp",150,150,true],"medium":["https:\/\/recambiosecogas.com\/wp-content\/uploads\/2025\/01\/Cocina-diesel-Webasto-X-100-robusta-placa-CERAN-con-dos-zonas-de-coccion-para-autocaravanas-campings-y-barcos-300x300.webp",300,300,true],"medium_large":["https:\/\/recambiosecogas.com\/wp-content\/uploads\/2025\/01\/Cocina-diesel-Webasto-X-100-robusta-placa-CERAN-con-dos-zonas-de-coccion-para-autocaravanas-campings-y-barcos-768x768.webp",768,768,true],"large":["https:\/\/recambiosecogas.com\/wp-content\/uploads\/2025\/01\/Cocina-diesel-Webasto-X-100-robusta-placa-CERAN-con-dos-zonas-de-coccion-para-autocaravanas-campings-y-barcos-png.webp",1000,1000,false],"1536x1536":["https:\/\/recambiosecogas.com\/wp-content\/uploads\/2025\/01\/Cocina-diesel-Webasto-X-100-robusta-placa-CERAN-con-dos-zonas-de-coccion-para-autocaravanas-campings-y-barcos-png.webp",1000,1000,false],"2048x2048":["https:\/\/recambiosecogas.com\/wp-content\/uploads\/2025\/01\/Cocina-diesel-Webasto-X-100-robusta-placa-CERAN-con-dos-zonas-de-coccion-para-autocaravanas-campings-y-barcos-png.webp",1000,1000,false],"woocommerce_archive_thumbnail":["https:\/\/recambiosecogas.com\/wp-content\/uploads\/2025\/01\/Cocina-diesel-Webasto-X-100-robusta-placa-CERAN-con-dos-zonas-de-coccion-para-autocaravanas-campings-y-barcos-png.webp",1000,1000,false],"woocommerce_thumbnail":["https:\/\/recambiosecogas.com\/wp-content\/uploads\/2025\/01\/Cocina-diesel-Webasto-X-100-robusta-placa-CERAN-con-dos-zonas-de-coccion-para-autocaravanas-campings-y-barcos-300x300.webp",300,300,true],"woocommerce_single":["https:\/\/recambiosecogas.com\/wp-content\/uploads\/2025\/01\/Cocina-diesel-Webasto-X-100-robusta-placa-CERAN-con-dos-zonas-de-coccion-para-autocaravanas-campings-y-barcos-png.webp",1000,1000,false],"woocommerce_gallery_thumbnail":["https:\/\/recambiosecogas.com\/wp-content\/uploads\/2025\/01\/Cocina-diesel-Webasto-X-100-robusta-placa-CERAN-con-dos-zonas-de-coccion-para-autocaravanas-campings-y-barcos-png.webp",1000,1000,false],"dgwt-wcas-product-suggestion":["https:\/\/recambiosecogas.com\/wp-content\/uploads\/2025\/01\/Cocina-diesel-Webasto-X-100-robusta-placa-CERAN-con-dos-zonas-de-coccion-para-autocaravanas-campings-y-barcos-64x64.webp",64,64,true]},"uagb_author_info":{"display_name":"Fran - Soporte T\u00e9cnico","author_link":"https:\/\/recambiosecogas.com\/it\/author\/"},"uagb_comment_info":0,"uagb_excerpt":"WEBASTO","_links":{"self":[{"href":"https:\/\/recambiosecogas.com\/it\/wp-json\/wp\/v2\/product\/16073","targetHints":{"allow":["GET"]}}],"collection":[{"href":"https:\/\/recambiosecogas.com\/it\/wp-json\/wp\/v2\/product"}],"about":[{"href":"https:\/\/recambiosecogas.com\/it\/wp-json\/wp\/v2\/types\/product"}],"replies":[{"embeddable":true,"href":"https:\/\/recambiosecogas.com\/it\/wp-json\/wp\/v2\/comments?post=16073"}],"wp:featuredmedia":[{"embeddable":true,"href":"https:\/\/recambiosecogas.com\/it\/wp-json\/wp\/v2\/media\/16620"}],"wp:attachment":[{"href":"https:\/\/recambiosecogas.com\/it\/wp-json\/wp\/v2\/media?parent=16073"}],"wp:term":[{"taxonomy":"product_brand","embeddable":true,"href":"https:\/\/recambiosecogas.com\/it\/wp-json\/wp\/v2\/product_brand?post=16073"},{"taxonomy":"product_cat","embeddable":true,"href":"https:\/\/recambiosecogas.com\/it\/wp-json\/wp\/v2\/product_cat?post=16073"},{"taxonomy":"product_tag","embeddable":true,"href":"https:\/\/recambiosecogas.com\/it\/wp-json\/wp\/v2\/product_tag?post=16073"}],"curies":[{"name":"wp","href":"https:\/\/api.w.org\/{rel}","templated":true}]}}