{"id":15919,"date":"2025-01-21T10:41:58","date_gmt":"2025-01-21T09:41:58","guid":{"rendered":"https:\/\/recambiosecogas.com\/producto\/truma-caldera-de-gas-electrica-caldera-de-agua-caliente-10-litros\/"},"modified":"2026-03-26T12:04:22","modified_gmt":"2026-03-26T11:04:22","slug":"truma-caldera-de-gas-electrica-caldera-de-agua-caliente-10-litros","status":"publish","type":"product","link":"https:\/\/recambiosecogas.com\/it\/producto\/truma-caldera-de-gas-electrica-caldera-de-agua-caliente-10-litros\/","title":{"rendered":"Truma caldera de gas-el\u00e9ctrica, caldera de agua caliente 10 litros"},"content":{"rendered":"<p>La\u00a0<strong>caldera de gas Truma<\/strong>\u00a0o la\u00a0<strong>caldera de gas \/ el\u00e9ctrica Truma<\/strong>\u00a0son\u00a0<strong>calentadores de agua caliente<\/strong>\u00a0en los que el agua de un dep\u00f3sito de 10 litros se calienta en un\u00a0<strong>corto espacio de tiempo<\/strong>\u00a0mediante un potente quemador de gas.<\/p>\n<p>La caldera de gas Truma funciona con el\u00a0<strong>gas licuado propano \/ butano<\/strong>\u00a0y funciona independientemente de una conexi\u00f3n el\u00e9ctrica. El agua se calienta a\u00a0<strong>70 grados<\/strong>\u00a0en\u00a0<strong>30 minutos<\/strong>.<\/p>\n<p>En cambio, la caldera Truma Gas\/Electricidad tiene un elemento calefactor el\u00e9ctrico adicional y funciona con el\u00a0<strong>gas licuado de propano\/butano<\/strong>, as\u00ed como con\u00a0<strong>electricidad<\/strong>. Tarda unos\u00a0<strong>15 minutos<\/strong>\u00a0en calentar el agua a\u00a0<strong>70 grados<\/strong>.<\/p>\n<p>Gracias a un panel de control, la temperatura deseada del agua puede ajustarse f\u00e1cilmente entre\u00a0<strong>30 y 70 grados<\/strong>.<\/p>\n<p>En cuanto se ha consumido el agua caliente, el calentador se llena de agua nueva y la calienta de nuevo. Esto significa que varias personas pueden ducharse una tras otra\u00a0<strong>sin tener que esperar m\u00e1s<\/strong>.<\/p>\n<p><strong>Eficiente<\/strong>: bajo consumo de gas y electricidad<\/p>\n<p><strong>Pr\u00e1ctico<\/strong>: instalaci\u00f3n que ahorra espacio gracias a sus dimensiones compactas<\/p>\n<p><strong>Seguro<\/strong>: gracias a los elementos de control electr\u00f3nico y a la v\u00e1lvula de alivio de presi\u00f3n<\/p>\n<p><strong>Ahorro de energ\u00eda<\/strong>: el aislamiento protege contra la p\u00e9rdida de calor<\/p>\n<p>Fuente de energ\u00eda\u00a0<strong>Gas propano \/ butano + electricidad<\/strong><\/p>\n<p>Fuente de tensi\u00f3n\u00a0<strong>230 V ~, 50 Hz<\/strong><\/p>\n<p>Potencia del calentador el\u00e9ctrico\u00a0<strong>850 W \/ 1300 W<\/strong><\/p>\n<p>Potencia del gas\u00a0<strong>1500 W<\/strong><\/p>\n<p>Consumo de corriente (a 230 V)<strong>3,7 A \/ 5,7 A<\/strong><\/p>\n<p>Capacidad de agua\u00a0<strong>10 litros<\/strong><\/p>\n<p>Tiempo de calentamiento\u00a0<strong>desde aprox. 15 \u00b0C a aprox. 70 \u00b0C: aprox. 31 min. (funcionamiento a gas) aprox. 29 min. (funcionamiento el\u00e9ctrico) aprox. 16 min. (funcionamiento mixto)<\/strong><\/p>\n<p>Consumo de gas\u00a0<strong>120 g\/h<\/strong><\/p>\n<p>Peso sin contenido\u00a0<strong>aproximadamente. 7,4 kg<\/strong><\/p>\n<p>Dimensiones (L x A x A)\u00a0<strong>350 x 350 x 320 mm<\/strong><\/p>\n<p>Consumo de corriente (a 12 V)\u00a0<strong>Encendida: 0,16 A Calentada: 0,12 A En espera: 0,05 A<\/strong><\/p>\n<p>L\u00edmite de temperatura\u00a0<strong>70 \u00b0C<\/strong><\/p>\n<p>Presi\u00f3n de la bomba\u00a0<strong>m\u00e1xima. 2,8 bar<\/strong><\/p>\n<p>Presi\u00f3n del sistema\u00a0<strong>m\u00e1xima de 4,5 bar<\/strong><\/p>\n<p>La <strong>caldera de agua caliente Truma<\/strong> de 10 litros es un dispositivo vers\u00e1til dise\u00f1ado para proporcionar agua caliente de manera eficiente en entornos como caravanas y camping. Este modelo puede funcionar tanto con <strong>gas licuado de propano\/butano<\/strong> como con electricidad, lo que lo convierte en una opci\u00f3n ideal para quienes buscan flexibilidad en sus fuentes de energ\u00eda.<\/p>\n<p>La caldera de gas Truma calienta el agua a <strong>70 grados<\/strong> en aproximadamente <strong>30 minutos<\/strong> utilizando solo gas, mientras que el modelo el\u00e9ctrico puede calentar el agua en solo <strong>15 minutos<\/strong>. Adem\u00e1s, cuenta con un panel de control que permite ajustar la temperatura del agua entre <strong>30 y 70 grados<\/strong>, brindando comodidad y control al usuario.<\/p>\n<p>Este calentador es especialmente pr\u00e1ctico, ya que se recarga autom\u00e1ticamente con agua nueva una vez que se ha consumido, permitiendo que varias personas puedan ducharse de manera consecutiva sin largos tiempos de espera. Su dise\u00f1o compacto ahorra espacio, lo que es fundamental en veh\u00edculos recreativos.<\/p>\n<p>La caldera de agua caliente Truma no solo es eficiente en t\u00e9rminos de consumo de gas y electricidad, sino que tambi\u00e9n est\u00e1 equipada con elementos de control electr\u00f3nico y una v\u00e1lvula de alivio de presi\u00f3n, garantizando un funcionamiento seguro. El aislamiento de la caldera ayuda a minimizar la p\u00e9rdida de calor, lo que contribuye a un uso m\u00e1s econ\u00f3mico de la energ\u00eda.<\/p>\n<h4>Datos t\u00e9cnicos<\/h4>\n<p>Fuente de energ\u00eda: <strong>Gas propano\/butano + electricidad<\/strong><br \/>Fuente de tensi\u00f3n: <strong>230 V ~, 50 Hz<\/strong><br \/>Potencia del calentador el\u00e9ctrico: <strong>850 W \/ 1300 W<\/strong><br \/>Potencia del gas: <strong>1500 W<\/strong><br \/>Consumo de corriente (a 230 V): <strong>3,7 A \/ 5,7 A<\/strong><br \/>Capacidad de agua: <strong>10 litros<\/strong><br \/>Tiempo de calentamiento: <strong>desde aprox. 15 \u00b0C a aprox. 70 \u00b0C: aprox. 31 min. (gas), aprox. 29 min. (el\u00e9ctrico), aprox. 16 min. (mixto)<\/strong><br \/>Consumo de gas: <strong>120 g\/h<\/strong><br \/>Peso sin contenido: <strong>aproximadamente 7,4 kg<\/strong><br \/>Dimensiones (L x A x A): <strong>350 x 350 x 320 mm<\/strong><br \/>Consumo de corriente (a 12 V): <strong>Encendida: 0,16 A, Calentada: 0,12 A, En espera: 0,05 A<\/strong><br \/>L\u00edmite de temperatura: <strong>70 \u00b0C<\/strong><br \/>Presi\u00f3n de la bomba m\u00e1xima: <strong>2,8 bar<\/strong><br \/>Presi\u00f3n del sistema m\u00e1xima: <strong>4,5 bar<\/strong><\/p>\n<h4>S\u00edntomas de fallo<\/h4>\n<ul>\n<li>Agua no caliente al encender la caldera<\/li>\n<li>Ruidos inusuales durante el funcionamiento<\/li>\n<li>Fugas de agua o gas<\/li>\n<li>Incapacidad para alcanzar la temperatura deseada<\/li>\n<\/ul>\n<h4>Compatibilidad<\/h4>\n<p>Compatible con sistemas de <strong>Autogas<\/strong> que requieren calentadores de agua. Se recomienda verificar la referencia original antes de realizar la compra.<\/p>\n","protected":false},"excerpt":{"rendered":"<p>TRUMA<\/p>\n","protected":false},"featured_media":19501,"comment_status":"open","ping_status":"closed","template":"","meta":{"googlesitekit_rrm_CAowud7EDA:productID":"","_uag_custom_page_level_css":""},"product_brand":[992],"product_cat":[759],"product_tag":[],"class_list":{"0":"post-15919","1":"product","2":"type-product","3":"status-publish","4":"has-post-thumbnail","6":"product_brand-truma","7":"product_cat-calentador-de-agua","9":"first","10":"onbackorder","11":"taxable","12":"shipping-taxable","13":"purchasable","14":"product-type-simple"},"ct_brands":[{"id":992,"name":"TRUMA","slug":"truma"}],"yoast_head":"<!-- This site is optimized with the Yoast SEO Premium plugin v27.3 (Yoast SEO v27.3) - https:\/\/yoast.com\/product\/yoast-seo-premium-wordpress\/ -->\n<title>Caldera de Agua Caliente Truma 10 Litros | Recambios Ecogas<\/title>\n<meta name=\"description\" content=\"Caldera de agua caliente Truma de 10 litros, funciona con gas y electricidad. Ideal para camping y caravanas, calienta el agua r\u00e1pidamente.\" \/>\n<meta name=\"robots\" content=\"index, follow, max-snippet:-1, max-image-preview:large, max-video-preview:-1\" \/>\n<link rel=\"canonical\" href=\"https:\/\/recambiosecogas.com\/it\/producto\/truma-caldera-de-gas-electrica-caldera-de-agua-caliente-10-litros\/\" \/>\n<meta property=\"og:locale\" content=\"it_IT\" \/>\n<meta property=\"og:type\" content=\"article\" \/>\n<meta property=\"og:title\" content=\"Truma caldera de gas-el\u00e9ctrica, caldera de agua caliente 10 litros\" \/>\n<meta property=\"og:description\" content=\"Caldera de agua caliente Truma de 10 litros, funciona con gas y electricidad. Ideal para camping y caravanas, calienta el agua r\u00e1pidamente.\" \/>\n<meta property=\"og:url\" content=\"https:\/\/recambiosecogas.com\/it\/producto\/truma-caldera-de-gas-electrica-caldera-de-agua-caliente-10-litros\/\" \/>\n<meta property=\"og:site_name\" content=\"Recambios EcoGas\" \/>\n<meta property=\"article:publisher\" content=\"https:\/\/www.facebook.com\/profile.php?id=100062419705358\" \/>\n<meta property=\"article:modified_time\" content=\"2026-03-26T11:04:22+00:00\" \/>\n<meta property=\"og:image\" content=\"https:\/\/recambiosecogas.com\/wp-content\/uploads\/2025\/01\/Truma-caldera-de-gas-electrica-caldera-de-agua-caliente-10-litros-01-png.webp\" \/>\n\t<meta property=\"og:image:width\" content=\"1000\" \/>\n\t<meta property=\"og:image:height\" content=\"1000\" \/>\n\t<meta property=\"og:image:type\" content=\"image\/png\" \/>\n<meta name=\"twitter:card\" content=\"summary_large_image\" \/>\n<meta name=\"twitter:label1\" content=\"Prezzo\" \/>\n\t<meta name=\"twitter:data1\" content=\"989,25&nbsp;&euro; (IVA incl.: 1.197,00&nbsp;&euro;)\" \/>\n\t<meta name=\"twitter:label2\" content=\"Disponibilit\u00e0\" \/>\n\t<meta name=\"twitter:data2\" content=\"Su ordinazione\" \/>\n<script type=\"application\/ld+json\" class=\"yoast-schema-graph\">{\"@context\":\"https:\\\/\\\/schema.org\",\"@graph\":[{\"@type\":\"WebPage\",\"@id\":\"https:\\\/\\\/recambiosecogas.com\\\/it\\\/producto\\\/truma-caldera-de-gas-electrica-caldera-de-agua-caliente-10-litros\\\/\",\"url\":\"https:\\\/\\\/recambiosecogas.com\\\/it\\\/producto\\\/truma-caldera-de-gas-electrica-caldera-de-agua-caliente-10-litros\\\/\",\"name\":\"Caldera de Agua Caliente Truma 10 Litros | Recambios Ecogas\",\"isPartOf\":{\"@id\":\"https:\\\/\\\/recambiosecogas.com\\\/it\\\/#website\"},\"primaryImageOfPage\":{\"@id\":\"https:\\\/\\\/recambiosecogas.com\\\/it\\\/producto\\\/truma-caldera-de-gas-electrica-caldera-de-agua-caliente-10-litros\\\/#primaryimage\"},\"image\":{\"@id\":\"https:\\\/\\\/recambiosecogas.com\\\/it\\\/producto\\\/truma-caldera-de-gas-electrica-caldera-de-agua-caliente-10-litros\\\/#primaryimage\"},\"thumbnailUrl\":\"https:\\\/\\\/recambiosecogas.com\\\/wp-content\\\/uploads\\\/2025\\\/01\\\/Truma-caldera-de-gas-electrica-caldera-de-agua-caliente-10-litros-01-png.webp\",\"datePublished\":\"2025-01-21T09:41:58+00:00\",\"dateModified\":\"2026-03-26T11:04:22+00:00\",\"description\":\"Caldera de agua caliente Truma de 10 litros, funciona con gas y electricidad. Ideal para camping y caravanas, calienta el agua r\u00e1pidamente.\",\"breadcrumb\":{\"@id\":\"https:\\\/\\\/recambiosecogas.com\\\/it\\\/producto\\\/truma-caldera-de-gas-electrica-caldera-de-agua-caliente-10-litros\\\/#breadcrumb\"},\"inLanguage\":\"it-IT\",\"potentialAction\":[{\"@type\":\"ReadAction\",\"target\":[\"https:\\\/\\\/recambiosecogas.com\\\/it\\\/producto\\\/truma-caldera-de-gas-electrica-caldera-de-agua-caliente-10-litros\\\/\"]}]},{\"@type\":\"ImageObject\",\"inLanguage\":\"it-IT\",\"@id\":\"https:\\\/\\\/recambiosecogas.com\\\/it\\\/producto\\\/truma-caldera-de-gas-electrica-caldera-de-agua-caliente-10-litros\\\/#primaryimage\",\"url\":\"https:\\\/\\\/recambiosecogas.com\\\/wp-content\\\/uploads\\\/2025\\\/01\\\/Truma-caldera-de-gas-electrica-caldera-de-agua-caliente-10-litros-01-png.webp\",\"contentUrl\":\"https:\\\/\\\/recambiosecogas.com\\\/wp-content\\\/uploads\\\/2025\\\/01\\\/Truma-caldera-de-gas-electrica-caldera-de-agua-caliente-10-litros-01-png.webp\",\"width\":1000,\"height\":1000},{\"@type\":\"BreadcrumbList\",\"@id\":\"https:\\\/\\\/recambiosecogas.com\\\/it\\\/producto\\\/truma-caldera-de-gas-electrica-caldera-de-agua-caliente-10-litros\\\/#breadcrumb\",\"itemListElement\":[{\"@type\":\"ListItem\",\"position\":1,\"name\":\"Portada\",\"item\":\"https:\\\/\\\/recambiosecogas.com\\\/it\\\/\"},{\"@type\":\"ListItem\",\"position\":2,\"name\":\"Negozio\",\"item\":\"https:\\\/\\\/recambiosecogas.com\\\/it\\\/?page_id=46382\"},{\"@type\":\"ListItem\",\"position\":3,\"name\":\"Truma caldera de gas-el\u00e9ctrica, caldera de agua caliente 10 litros\"}]},{\"@type\":\"WebSite\",\"@id\":\"https:\\\/\\\/recambiosecogas.com\\\/it\\\/#website\",\"url\":\"https:\\\/\\\/recambiosecogas.com\\\/it\\\/\",\"name\":\"Recambios EcoGas\",\"description\":\"Recambios Multimarca para sistemas de GLP\\\/GNC\\\/GNL\\\/Hidr\u00f3geno\",\"publisher\":{\"@id\":\"https:\\\/\\\/recambiosecogas.com\\\/it\\\/#organization\"},\"alternateName\":\"Recambios Autogas GLP\",\"potentialAction\":[{\"@type\":\"SearchAction\",\"target\":{\"@type\":\"EntryPoint\",\"urlTemplate\":\"https:\\\/\\\/recambiosecogas.com\\\/it\\\/?s={search_term_string}\"},\"query-input\":{\"@type\":\"PropertyValueSpecification\",\"valueRequired\":true,\"valueName\":\"search_term_string\"}}],\"inLanguage\":\"it-IT\"},{\"@type\":[\"Organization\",\"Place\"],\"@id\":\"https:\\\/\\\/recambiosecogas.com\\\/it\\\/#organization\",\"name\":\"Recambios EcoGas\",\"alternateName\":\"Tienda Online GLP Espa\u00f1a\",\"url\":\"https:\\\/\\\/recambiosecogas.com\\\/it\\\/\",\"logo\":{\"@id\":\"https:\\\/\\\/recambiosecogas.com\\\/it\\\/producto\\\/truma-caldera-de-gas-electrica-caldera-de-agua-caliente-10-litros\\\/#local-main-organization-logo\"},\"image\":{\"@id\":\"https:\\\/\\\/recambiosecogas.com\\\/it\\\/producto\\\/truma-caldera-de-gas-electrica-caldera-de-agua-caliente-10-litros\\\/#local-main-organization-logo\"},\"sameAs\":[\"https:\\\/\\\/www.facebook.com\\\/profile.php?id=100062419705358\",\"https:\\\/\\\/www.instagram.com\\\/segimon_automocio\"],\"description\":\"Recambios EcoGas \u2013 Venta y distribuci\u00f3n de sistemas GLP y GNC en Espa\u00f1a y Portugal. Env\u00edos 24 h, soporte t\u00e9cnico a talleres y distribuidores.\",\"hasMerchantReturnPolicy\":{\"@type\":\"MerchantReturnPolicy\",\"merchantReturnLink\":\"https:\\\/\\\/recambiosecogas.com\\\/politicas-privacidad\\\/\"},\"address\":{\"@id\":\"https:\\\/\\\/recambiosecogas.com\\\/it\\\/producto\\\/truma-caldera-de-gas-electrica-caldera-de-agua-caliente-10-litros\\\/#local-main-place-address\"},\"telephone\":[\"616250633\"],\"contactPoint\":{\"@type\":\"ContactPoint\",\"email\":\"export@recambiosecogas.com\"},\"openingHoursSpecification\":[{\"@type\":\"OpeningHoursSpecification\",\"dayOfWeek\":[\"Monday\",\"Tuesday\",\"Wednesday\",\"Thursday\",\"Friday\",\"Saturday\",\"Sunday\"],\"opens\":\"09:00\",\"closes\":\"17:00\"}],\"email\":\"info@recambiosecogas.com\",\"faxNumber\":\"SEGIMON AUTOMOCION SL\",\"vatID\":\"ESB19819861\",\"globalLocationNumber\":\"938 616 339\"},{\"@type\":\"PostalAddress\",\"@id\":\"https:\\\/\\\/recambiosecogas.com\\\/it\\\/producto\\\/truma-caldera-de-gas-electrica-caldera-de-agua-caliente-10-litros\\\/#local-main-place-address\",\"streetAddress\":\"cami antic de vic, 29 (Nave 3), Pol\u00edgono Industrial Congost\",\"addressLocality\":\"CORRO D`AVALL\",\"postalCode\":\"08520\",\"addressRegion\":\"Barcelona\",\"addressCountry\":\"ES\"},{\"@type\":\"ImageObject\",\"inLanguage\":\"it-IT\",\"@id\":\"https:\\\/\\\/recambiosecogas.com\\\/it\\\/producto\\\/truma-caldera-de-gas-electrica-caldera-de-agua-caliente-10-litros\\\/#local-main-organization-logo\",\"url\":\"https:\\\/\\\/recambiosecogas.com\\\/wp-content\\\/uploads\\\/2024\\\/11\\\/cropped-RECAMBIOS-GLP-png.webp\",\"contentUrl\":\"https:\\\/\\\/recambiosecogas.com\\\/wp-content\\\/uploads\\\/2024\\\/11\\\/cropped-RECAMBIOS-GLP-png.webp\",\"width\":512,\"height\":512,\"caption\":\"Recambios EcoGas\"}]}<\/script>\n<meta property=\"product:brand\" content=\"TRUMA\" \/>\n<meta property=\"product:price:amount\" content=\"989.25\" \/>\n<meta property=\"product:price:currency\" content=\"EUR\" \/>\n<meta property=\"og:availability\" content=\"backorder\" \/>\n<meta property=\"product:availability\" content=\"available for order\" \/>\n<meta property=\"product:retailer_item_id\" content=\"113701P\" \/>\n<meta property=\"product:condition\" content=\"new\" \/>\n<meta name=\"geo.placename\" content=\"CORRO D`AVALL\" \/>\n<meta name=\"geo.region\" content=\"Spagna\" \/>\n<!-- \/ Yoast SEO Premium plugin. -->","yoast_head_json":{"title":"Caldera de Agua Caliente Truma 10 Litros | Recambios Ecogas","description":"Caldera de agua caliente Truma de 10 litros, funciona con gas y electricidad. Ideal para camping y caravanas, calienta el agua r\u00e1pidamente.","robots":{"index":"index","follow":"follow","max-snippet":"max-snippet:-1","max-image-preview":"max-image-preview:large","max-video-preview":"max-video-preview:-1"},"canonical":"https:\/\/recambiosecogas.com\/it\/producto\/truma-caldera-de-gas-electrica-caldera-de-agua-caliente-10-litros\/","og_locale":"it_IT","og_type":"article","og_title":"Truma caldera de gas-el\u00e9ctrica, caldera de agua caliente 10 litros","og_description":"Caldera de agua caliente Truma de 10 litros, funciona con gas y electricidad. Ideal para camping y caravanas, calienta el agua r\u00e1pidamente.","og_url":"https:\/\/recambiosecogas.com\/it\/producto\/truma-caldera-de-gas-electrica-caldera-de-agua-caliente-10-litros\/","og_site_name":"Recambios EcoGas","article_publisher":"https:\/\/www.facebook.com\/profile.php?id=100062419705358","article_modified_time":"2026-03-26T11:04:22+00:00","og_image":[{"width":1000,"height":1000,"url":"https:\/\/recambiosecogas.com\/wp-content\/uploads\/2025\/01\/Truma-caldera-de-gas-electrica-caldera-de-agua-caliente-10-litros-01-png.webp","type":"image\/png"}],"twitter_card":"summary_large_image","twitter_misc":{"Prezzo":"989,25&nbsp;&euro; (IVA incl.: 1.197,00&nbsp;&euro;)","Disponibilit\u00e0":"Su ordinazione"},"schema":{"@context":"https:\/\/schema.org","@graph":[{"@type":"WebPage","@id":"https:\/\/recambiosecogas.com\/it\/producto\/truma-caldera-de-gas-electrica-caldera-de-agua-caliente-10-litros\/","url":"https:\/\/recambiosecogas.com\/it\/producto\/truma-caldera-de-gas-electrica-caldera-de-agua-caliente-10-litros\/","name":"Caldera de Agua Caliente Truma 10 Litros | Recambios Ecogas","isPartOf":{"@id":"https:\/\/recambiosecogas.com\/it\/#website"},"primaryImageOfPage":{"@id":"https:\/\/recambiosecogas.com\/it\/producto\/truma-caldera-de-gas-electrica-caldera-de-agua-caliente-10-litros\/#primaryimage"},"image":{"@id":"https:\/\/recambiosecogas.com\/it\/producto\/truma-caldera-de-gas-electrica-caldera-de-agua-caliente-10-litros\/#primaryimage"},"thumbnailUrl":"https:\/\/recambiosecogas.com\/wp-content\/uploads\/2025\/01\/Truma-caldera-de-gas-electrica-caldera-de-agua-caliente-10-litros-01-png.webp","datePublished":"2025-01-21T09:41:58+00:00","dateModified":"2026-03-26T11:04:22+00:00","description":"Caldera de agua caliente Truma de 10 litros, funciona con gas y electricidad. Ideal para camping y caravanas, calienta el agua r\u00e1pidamente.","breadcrumb":{"@id":"https:\/\/recambiosecogas.com\/it\/producto\/truma-caldera-de-gas-electrica-caldera-de-agua-caliente-10-litros\/#breadcrumb"},"inLanguage":"it-IT","potentialAction":[{"@type":"ReadAction","target":["https:\/\/recambiosecogas.com\/it\/producto\/truma-caldera-de-gas-electrica-caldera-de-agua-caliente-10-litros\/"]}]},{"@type":"ImageObject","inLanguage":"it-IT","@id":"https:\/\/recambiosecogas.com\/it\/producto\/truma-caldera-de-gas-electrica-caldera-de-agua-caliente-10-litros\/#primaryimage","url":"https:\/\/recambiosecogas.com\/wp-content\/uploads\/2025\/01\/Truma-caldera-de-gas-electrica-caldera-de-agua-caliente-10-litros-01-png.webp","contentUrl":"https:\/\/recambiosecogas.com\/wp-content\/uploads\/2025\/01\/Truma-caldera-de-gas-electrica-caldera-de-agua-caliente-10-litros-01-png.webp","width":1000,"height":1000},{"@type":"BreadcrumbList","@id":"https:\/\/recambiosecogas.com\/it\/producto\/truma-caldera-de-gas-electrica-caldera-de-agua-caliente-10-litros\/#breadcrumb","itemListElement":[{"@type":"ListItem","position":1,"name":"Portada","item":"https:\/\/recambiosecogas.com\/it\/"},{"@type":"ListItem","position":2,"name":"Negozio","item":"https:\/\/recambiosecogas.com\/it\/?page_id=46382"},{"@type":"ListItem","position":3,"name":"Truma caldera de gas-el\u00e9ctrica, caldera de agua caliente 10 litros"}]},{"@type":"WebSite","@id":"https:\/\/recambiosecogas.com\/it\/#website","url":"https:\/\/recambiosecogas.com\/it\/","name":"Recambios EcoGas","description":"Recambios Multimarca para sistemas de GLP\/GNC\/GNL\/Hidr\u00f3geno","publisher":{"@id":"https:\/\/recambiosecogas.com\/it\/#organization"},"alternateName":"Recambios Autogas GLP","potentialAction":[{"@type":"SearchAction","target":{"@type":"EntryPoint","urlTemplate":"https:\/\/recambiosecogas.com\/it\/?s={search_term_string}"},"query-input":{"@type":"PropertyValueSpecification","valueRequired":true,"valueName":"search_term_string"}}],"inLanguage":"it-IT"},{"@type":["Organization","Place"],"@id":"https:\/\/recambiosecogas.com\/it\/#organization","name":"Recambios EcoGas","alternateName":"Tienda Online GLP Espa\u00f1a","url":"https:\/\/recambiosecogas.com\/it\/","logo":{"@id":"https:\/\/recambiosecogas.com\/it\/producto\/truma-caldera-de-gas-electrica-caldera-de-agua-caliente-10-litros\/#local-main-organization-logo"},"image":{"@id":"https:\/\/recambiosecogas.com\/it\/producto\/truma-caldera-de-gas-electrica-caldera-de-agua-caliente-10-litros\/#local-main-organization-logo"},"sameAs":["https:\/\/www.facebook.com\/profile.php?id=100062419705358","https:\/\/www.instagram.com\/segimon_automocio"],"description":"Recambios EcoGas \u2013 Venta y distribuci\u00f3n de sistemas GLP y GNC en Espa\u00f1a y Portugal. Env\u00edos 24 h, soporte t\u00e9cnico a talleres y distribuidores.","hasMerchantReturnPolicy":{"@type":"MerchantReturnPolicy","merchantReturnLink":"https:\/\/recambiosecogas.com\/politicas-privacidad\/"},"address":{"@id":"https:\/\/recambiosecogas.com\/it\/producto\/truma-caldera-de-gas-electrica-caldera-de-agua-caliente-10-litros\/#local-main-place-address"},"telephone":["616250633"],"contactPoint":{"@type":"ContactPoint","email":"export@recambiosecogas.com"},"openingHoursSpecification":[{"@type":"OpeningHoursSpecification","dayOfWeek":["Monday","Tuesday","Wednesday","Thursday","Friday","Saturday","Sunday"],"opens":"09:00","closes":"17:00"}],"email":"info@recambiosecogas.com","faxNumber":"SEGIMON AUTOMOCION SL","vatID":"ESB19819861","globalLocationNumber":"938 616 339"},{"@type":"PostalAddress","@id":"https:\/\/recambiosecogas.com\/it\/producto\/truma-caldera-de-gas-electrica-caldera-de-agua-caliente-10-litros\/#local-main-place-address","streetAddress":"cami antic de vic, 29 (Nave 3), Pol\u00edgono Industrial Congost","addressLocality":"CORRO D`AVALL","postalCode":"08520","addressRegion":"Barcelona","addressCountry":"ES"},{"@type":"ImageObject","inLanguage":"it-IT","@id":"https:\/\/recambiosecogas.com\/it\/producto\/truma-caldera-de-gas-electrica-caldera-de-agua-caliente-10-litros\/#local-main-organization-logo","url":"https:\/\/recambiosecogas.com\/wp-content\/uploads\/2024\/11\/cropped-RECAMBIOS-GLP-png.webp","contentUrl":"https:\/\/recambiosecogas.com\/wp-content\/uploads\/2024\/11\/cropped-RECAMBIOS-GLP-png.webp","width":512,"height":512,"caption":"Recambios EcoGas"}]},"product_brand":"TRUMA","product_price_amount":"989.25","product_price_currency":"EUR","og_availability":"backorder","product_availability":"available for order","product_retailer_item_id":"113701P","product_condition":"new","geo.placename":"CORRO D`AVALL","geo.region":"Spagna"},"uagb_featured_image_src":{"full":["https:\/\/recambiosecogas.com\/wp-content\/uploads\/2025\/01\/Truma-caldera-de-gas-electrica-caldera-de-agua-caliente-10-litros-01-png.webp",1000,1000,false],"thumbnail":["https:\/\/recambiosecogas.com\/wp-content\/uploads\/2025\/01\/Truma-caldera-de-gas-electrica-caldera-de-agua-caliente-10-litros-01-150x150.webp",150,150,true],"medium":["https:\/\/recambiosecogas.com\/wp-content\/uploads\/2025\/01\/Truma-caldera-de-gas-electrica-caldera-de-agua-caliente-10-litros-01-300x300.webp",300,300,true],"medium_large":["https:\/\/recambiosecogas.com\/wp-content\/uploads\/2025\/01\/Truma-caldera-de-gas-electrica-caldera-de-agua-caliente-10-litros-01-768x768.webp",768,768,true],"large":["https:\/\/recambiosecogas.com\/wp-content\/uploads\/2025\/01\/Truma-caldera-de-gas-electrica-caldera-de-agua-caliente-10-litros-01-png.webp",1000,1000,false],"1536x1536":["https:\/\/recambiosecogas.com\/wp-content\/uploads\/2025\/01\/Truma-caldera-de-gas-electrica-caldera-de-agua-caliente-10-litros-01-png.webp",1000,1000,false],"2048x2048":["https:\/\/recambiosecogas.com\/wp-content\/uploads\/2025\/01\/Truma-caldera-de-gas-electrica-caldera-de-agua-caliente-10-litros-01-png.webp",1000,1000,false],"woocommerce_archive_thumbnail":["https:\/\/recambiosecogas.com\/wp-content\/uploads\/2025\/01\/Truma-caldera-de-gas-electrica-caldera-de-agua-caliente-10-litros-01-png.webp",1000,1000,false],"woocommerce_thumbnail":["https:\/\/recambiosecogas.com\/wp-content\/uploads\/2025\/01\/Truma-caldera-de-gas-electrica-caldera-de-agua-caliente-10-litros-01-300x300.webp",300,300,true],"woocommerce_single":["https:\/\/recambiosecogas.com\/wp-content\/uploads\/2025\/01\/Truma-caldera-de-gas-electrica-caldera-de-agua-caliente-10-litros-01-png.webp",1000,1000,false],"woocommerce_gallery_thumbnail":["https:\/\/recambiosecogas.com\/wp-content\/uploads\/2025\/01\/Truma-caldera-de-gas-electrica-caldera-de-agua-caliente-10-litros-01-png.webp",1000,1000,false],"dgwt-wcas-product-suggestion":["https:\/\/recambiosecogas.com\/wp-content\/uploads\/2025\/01\/Truma-caldera-de-gas-electrica-caldera-de-agua-caliente-10-litros-01-64x64.webp",64,64,true]},"uagb_author_info":{"display_name":"Fran - Soporte T\u00e9cnico","author_link":"https:\/\/recambiosecogas.com\/it\/author\/"},"uagb_comment_info":0,"uagb_excerpt":"TRUMA","_links":{"self":[{"href":"https:\/\/recambiosecogas.com\/it\/wp-json\/wp\/v2\/product\/15919","targetHints":{"allow":["GET"]}}],"collection":[{"href":"https:\/\/recambiosecogas.com\/it\/wp-json\/wp\/v2\/product"}],"about":[{"href":"https:\/\/recambiosecogas.com\/it\/wp-json\/wp\/v2\/types\/product"}],"replies":[{"embeddable":true,"href":"https:\/\/recambiosecogas.com\/it\/wp-json\/wp\/v2\/comments?post=15919"}],"wp:featuredmedia":[{"embeddable":true,"href":"https:\/\/recambiosecogas.com\/it\/wp-json\/wp\/v2\/media\/19501"}],"wp:attachment":[{"href":"https:\/\/recambiosecogas.com\/it\/wp-json\/wp\/v2\/media?parent=15919"}],"wp:term":[{"taxonomy":"product_brand","embeddable":true,"href":"https:\/\/recambiosecogas.com\/it\/wp-json\/wp\/v2\/product_brand?post=15919"},{"taxonomy":"product_cat","embeddable":true,"href":"https:\/\/recambiosecogas.com\/it\/wp-json\/wp\/v2\/product_cat?post=15919"},{"taxonomy":"product_tag","embeddable":true,"href":"https:\/\/recambiosecogas.com\/it\/wp-json\/wp\/v2\/product_tag?post=15919"}],"curies":[{"name":"wp","href":"https:\/\/api.w.org\/{rel}","templated":true}]}}