{"id":15900,"date":"2025-01-21T10:41:44","date_gmt":"2025-01-21T09:41:44","guid":{"rendered":"https:\/\/recambiosecogas.com\/producto\/truma-teb-3-12-v-soplador-para-s-3004-s-5004-panel-de-control-externo\/"},"modified":"2026-03-26T11:56:22","modified_gmt":"2026-03-26T10:56:22","slug":"truma-teb-3-12-v-soplador-para-s-3004-s-5004-panel-de-control-externo","status":"publish","type":"product","link":"https:\/\/recambiosecogas.com\/it\/producto\/truma-teb-3-12-v-soplador-para-s-3004-s-5004-panel-de-control-externo\/","title":{"rendered":"Truma TEB-3 12 V soplador para S 3004 \/ S 5004, panel de control externo"},"content":{"rendered":"<div class=\"product--description\">Ventilador TEB-3, 12 V, con regulaci\u00f3n autom\u00e1tica de la velocidad, conexi\u00f3n para tubo del ventilador \u00dcR \u00d8 65 mm o VR \u00d8 72 mm. Soplador est\u00e1ndar con unidad de control integrada con amplificador para el montaje en el panel de calefacci\u00f3n para Truma S 5004 o S 3004.<\/div>\n<ul>\n<li class=\"base-info--entry entry-attribute\"><strong class=\"entry--label\">Volumen de suministro:\u00a0<\/strong><span class=\"entry--content\">Ventilador TEB-3, panel de control integrado<\/span><\/li>\n<\/ul>\n<div class=\"product--properties panel has--border\">\n<table class=\"product--properties-table\">\n<tbody>\n<tr class=\"product--properties-row\">\n<td class=\"product--properties-label is--bold\">Tipo:<\/td>\n<td class=\"product--properties-value\">Calefacci\u00f3n el\u00e9ctrica<\/td>\n<\/tr>\n<tr class=\"product--properties-row\">\n<td class=\"product--properties-label is--bold\">Voltaje:<\/td>\n<td class=\"product--properties-value\">12 V<\/td>\n<\/tr>\n<tr class=\"product--properties-row\">\n<td class=\"product--properties-label is--bold\">Capacidad de calentamiento de corriente nominal (A):<\/td>\n<td class=\"product--properties-value\">1.2 A<\/td>\n<\/tr>\n<tr class=\"product--properties-row\">\n<td class=\"product--properties-label is--bold\">Corriente de reposo en A:<\/td>\n<td class=\"product--properties-value\">0.2 A<\/td>\n<\/tr>\n<tr class=\"product--properties-row\">\n<td class=\"product--properties-label is--bold\">Caudal de aire:<\/td>\n<td class=\"product--properties-value\">149 m\u00b3\/h<\/td>\n<\/tr>\n<tr class=\"product--properties-row\">\n<td class=\"product--properties-label is--bold\">Peso en kilogramos:<\/td>\n<td class=\"product--properties-value\">1.1 kg<\/td>\n<\/tr>\n<\/tbody>\n<\/table>\n<\/div>\n<p>El <strong>ventilador TEB-3 12 V<\/strong> es un componente esencial para los sistemas de calefacci\u00f3n Truma S 3004 y S 5004. Este soplador est\u00e1 dise\u00f1ado para proporcionar un flujo de aire eficiente, asegurando un ambiente c\u00e1lido y confortable en su veh\u00edculo. Con una regulaci\u00f3n autom\u00e1tica de la velocidad, el TEB-3 optimiza el consumo energ\u00e9tico mientras mantiene un rendimiento constante.<\/p>\n<p>Este ventilador cuenta con una conexi\u00f3n para tubo del ventilador \u00dcR de <strong>\u00d8 65 mm<\/strong> o VR de <strong>\u00d8 72 mm<\/strong>, lo que permite una instalaci\u00f3n sencilla y adaptable a diferentes configuraciones de calefacci\u00f3n. La unidad de control integrada incluye un amplificador que facilita el montaje en el panel de calefacci\u00f3n, garantizando una integraci\u00f3n perfecta con el sistema existente.<\/p>\n<p>El ventilador TEB-3 es ideal para aquellos que buscan mejorar la eficiencia de su sistema de calefacci\u00f3n. Es especialmente \u00fatil en condiciones fr\u00edas, donde un flujo de aire adecuado es crucial para el confort de los ocupantes. Adem\u00e1s, su dise\u00f1o robusto y ligero, con un peso de <strong>1.1 kg<\/strong>, asegura una durabilidad prolongada y un mantenimiento m\u00ednimo.<\/p>\n<p>Si no se reemplaza un ventilador defectuoso, puede resultar en un rendimiento ineficiente del sistema de calefacci\u00f3n, lo que podr\u00eda llevar a una experiencia inc\u00f3moda en el interior del veh\u00edculo. Por lo tanto, es recomendable verificar el estado del ventilador regularmente y proceder a su reemplazo si se observan signos de desgaste.<\/p>\n<h4>Datos t\u00e9cnicos<\/h4>\n<table class=\"product--properties-table\">\n<tbody>\n<tr class=\"product--properties-row\">\n<td class=\"product--properties-label is--bold\">Tipo:<\/td>\n<td class=\"product--properties-value\">Calefacci\u00f3n el\u00e9ctrica<\/td>\n<\/tr>\n<tr class=\"product--properties-row\">\n<td class=\"product--properties-label is--bold\">Voltaje:<\/td>\n<td class=\"product--properties-value\">12 V<\/td>\n<\/tr>\n<tr class=\"product--properties-row\">\n<td class=\"product--properties-label is--bold\">Capacidad de calentamiento de corriente nominal (A):<\/td>\n<td class=\"product--properties-value\">1.2 A<\/td>\n<\/tr>\n<tr class=\"product--properties-row\">\n<td class=\"product--properties-label is--bold\">Corriente de reposo en A:<\/td>\n<td class=\"product--properties-value\">0.2 A<\/td>\n<\/tr>\n<tr class=\"product--properties-row\">\n<td class=\"product--properties-label is--bold\">Caudal de aire:<\/td>\n<td class=\"product--properties-value\">149 m\u00b3\/h<\/td>\n<\/tr>\n<tr class=\"product--properties-row\">\n<td class=\"product--properties-label is--bold\">Peso en kilogramos:<\/td>\n<td class=\"product--properties-value\">1.1 kg<\/td>\n<\/tr>\n<\/tbody>\n<\/table>\n<h4>S\u00edntomas de fallo<\/h4>\n<ul>\n<li>Reducci\u00f3n en el flujo de aire<\/li>\n<li>Ruidos inusuales durante el funcionamiento<\/li>\n<li>Fallo en la regulaci\u00f3n autom\u00e1tica de la velocidad<\/li>\n<\/ul>\n<h4>Compatibilidad<\/h4>\n<p>Compatible con sistemas de calefacci\u00f3n Truma S 3004 y S 5004. Se recomienda verificar la referencia original antes de realizar la compra.<\/p>\n","protected":false},"excerpt":{"rendered":"<p>TRUMA<\/p>\n","protected":false},"featured_media":19673,"comment_status":"open","ping_status":"closed","template":"","meta":{"googlesitekit_rrm_CAowud7EDA:productID":"","_uag_custom_page_level_css":""},"product_brand":[992],"product_cat":[758],"product_tag":[],"class_list":{"0":"post-15900","1":"product","2":"type-product","3":"status-publish","4":"has-post-thumbnail","6":"product_brand-truma","7":"product_cat-calentador-de-aire","9":"first","10":"onbackorder","11":"taxable","12":"shipping-taxable","13":"purchasable","14":"product-type-simple"},"ct_brands":[{"id":992,"name":"TRUMA","slug":"truma"}],"yoast_head":"<!-- This site is optimized with the Yoast SEO Premium plugin v27.3 (Yoast SEO v27.3) - https:\/\/yoast.com\/product\/yoast-seo-premium-wordpress\/ -->\n<title>Ventilador TEB-3 12 V para Truma S 3004 y S 5004 | Recambios Ecogas<\/title>\n<meta name=\"description\" content=\"Ventilador TEB-3 12 V con control autom\u00e1tico, ideal para calefacci\u00f3n en Truma S 3004 y S 5004. Asegura un flujo de aire eficiente y c\u00f3modo.\" \/>\n<meta name=\"robots\" content=\"index, follow, max-snippet:-1, max-image-preview:large, max-video-preview:-1\" \/>\n<link rel=\"canonical\" href=\"https:\/\/recambiosecogas.com\/it\/producto\/truma-teb-3-12-v-soplador-para-s-3004-s-5004-panel-de-control-externo\/\" \/>\n<meta property=\"og:locale\" content=\"it_IT\" \/>\n<meta property=\"og:type\" content=\"article\" \/>\n<meta property=\"og:title\" content=\"Truma TEB-3 12 V soplador para S 3004 \/ S 5004, panel de control externo\" \/>\n<meta property=\"og:description\" content=\"Ventilador TEB-3 12 V con control autom\u00e1tico, ideal para calefacci\u00f3n en Truma S 3004 y S 5004. Asegura un flujo de aire eficiente y c\u00f3modo.\" \/>\n<meta property=\"og:url\" content=\"https:\/\/recambiosecogas.com\/it\/producto\/truma-teb-3-12-v-soplador-para-s-3004-s-5004-panel-de-control-externo\/\" \/>\n<meta property=\"og:site_name\" content=\"Recambios EcoGas\" \/>\n<meta property=\"article:publisher\" content=\"https:\/\/www.facebook.com\/profile.php?id=100062419705358\" \/>\n<meta property=\"article:modified_time\" content=\"2026-03-26T10:56:22+00:00\" \/>\n<meta property=\"og:image\" content=\"https:\/\/recambiosecogas.com\/wp-content\/uploads\/2025\/01\/Truma-TEB-3-12-V-soplador-para-S-3004-S-5004-panel-de-control-externo-png.webp\" \/>\n\t<meta property=\"og:image:width\" content=\"1000\" \/>\n\t<meta property=\"og:image:height\" content=\"1000\" \/>\n\t<meta property=\"og:image:type\" content=\"image\/png\" \/>\n<meta name=\"twitter:card\" content=\"summary_large_image\" \/>\n<meta name=\"twitter:label1\" content=\"Prezzo\" \/>\n\t<meta name=\"twitter:data1\" content=\"237,80&nbsp;&euro; (IVA incl.: 287,74&nbsp;&euro;)\" \/>\n\t<meta name=\"twitter:label2\" content=\"Disponibilit\u00e0\" \/>\n\t<meta name=\"twitter:data2\" content=\"Su ordinazione\" \/>\n<script type=\"application\/ld+json\" class=\"yoast-schema-graph\">{\"@context\":\"https:\\\/\\\/schema.org\",\"@graph\":[{\"@type\":\"WebPage\",\"@id\":\"https:\\\/\\\/recambiosecogas.com\\\/it\\\/producto\\\/truma-teb-3-12-v-soplador-para-s-3004-s-5004-panel-de-control-externo\\\/\",\"url\":\"https:\\\/\\\/recambiosecogas.com\\\/it\\\/producto\\\/truma-teb-3-12-v-soplador-para-s-3004-s-5004-panel-de-control-externo\\\/\",\"name\":\"Ventilador TEB-3 12 V para Truma S 3004 y S 5004 | Recambios Ecogas\",\"isPartOf\":{\"@id\":\"https:\\\/\\\/recambiosecogas.com\\\/it\\\/#website\"},\"primaryImageOfPage\":{\"@id\":\"https:\\\/\\\/recambiosecogas.com\\\/it\\\/producto\\\/truma-teb-3-12-v-soplador-para-s-3004-s-5004-panel-de-control-externo\\\/#primaryimage\"},\"image\":{\"@id\":\"https:\\\/\\\/recambiosecogas.com\\\/it\\\/producto\\\/truma-teb-3-12-v-soplador-para-s-3004-s-5004-panel-de-control-externo\\\/#primaryimage\"},\"thumbnailUrl\":\"https:\\\/\\\/recambiosecogas.com\\\/wp-content\\\/uploads\\\/2025\\\/01\\\/Truma-TEB-3-12-V-soplador-para-S-3004-S-5004-panel-de-control-externo-png.webp\",\"datePublished\":\"2025-01-21T09:41:44+00:00\",\"dateModified\":\"2026-03-26T10:56:22+00:00\",\"description\":\"Ventilador TEB-3 12 V con control autom\u00e1tico, ideal para calefacci\u00f3n en Truma S 3004 y S 5004. Asegura un flujo de aire eficiente y c\u00f3modo.\",\"breadcrumb\":{\"@id\":\"https:\\\/\\\/recambiosecogas.com\\\/it\\\/producto\\\/truma-teb-3-12-v-soplador-para-s-3004-s-5004-panel-de-control-externo\\\/#breadcrumb\"},\"inLanguage\":\"it-IT\",\"potentialAction\":[{\"@type\":\"ReadAction\",\"target\":[\"https:\\\/\\\/recambiosecogas.com\\\/it\\\/producto\\\/truma-teb-3-12-v-soplador-para-s-3004-s-5004-panel-de-control-externo\\\/\"]}]},{\"@type\":\"ImageObject\",\"inLanguage\":\"it-IT\",\"@id\":\"https:\\\/\\\/recambiosecogas.com\\\/it\\\/producto\\\/truma-teb-3-12-v-soplador-para-s-3004-s-5004-panel-de-control-externo\\\/#primaryimage\",\"url\":\"https:\\\/\\\/recambiosecogas.com\\\/wp-content\\\/uploads\\\/2025\\\/01\\\/Truma-TEB-3-12-V-soplador-para-S-3004-S-5004-panel-de-control-externo-png.webp\",\"contentUrl\":\"https:\\\/\\\/recambiosecogas.com\\\/wp-content\\\/uploads\\\/2025\\\/01\\\/Truma-TEB-3-12-V-soplador-para-S-3004-S-5004-panel-de-control-externo-png.webp\",\"width\":1000,\"height\":1000},{\"@type\":\"BreadcrumbList\",\"@id\":\"https:\\\/\\\/recambiosecogas.com\\\/it\\\/producto\\\/truma-teb-3-12-v-soplador-para-s-3004-s-5004-panel-de-control-externo\\\/#breadcrumb\",\"itemListElement\":[{\"@type\":\"ListItem\",\"position\":1,\"name\":\"Portada\",\"item\":\"https:\\\/\\\/recambiosecogas.com\\\/it\\\/\"},{\"@type\":\"ListItem\",\"position\":2,\"name\":\"Negozio\",\"item\":\"https:\\\/\\\/recambiosecogas.com\\\/it\\\/?page_id=46382\"},{\"@type\":\"ListItem\",\"position\":3,\"name\":\"Truma TEB-3 12 V soplador para S 3004 \\\/ S 5004, panel de control externo\"}]},{\"@type\":\"WebSite\",\"@id\":\"https:\\\/\\\/recambiosecogas.com\\\/it\\\/#website\",\"url\":\"https:\\\/\\\/recambiosecogas.com\\\/it\\\/\",\"name\":\"Recambios EcoGas\",\"description\":\"Recambios Multimarca para sistemas de GLP\\\/GNC\\\/GNL\\\/Hidr\u00f3geno\",\"publisher\":{\"@id\":\"https:\\\/\\\/recambiosecogas.com\\\/it\\\/#organization\"},\"alternateName\":\"Recambios Autogas GLP\",\"potentialAction\":[{\"@type\":\"SearchAction\",\"target\":{\"@type\":\"EntryPoint\",\"urlTemplate\":\"https:\\\/\\\/recambiosecogas.com\\\/it\\\/?s={search_term_string}\"},\"query-input\":{\"@type\":\"PropertyValueSpecification\",\"valueRequired\":true,\"valueName\":\"search_term_string\"}}],\"inLanguage\":\"it-IT\"},{\"@type\":[\"Organization\",\"Place\"],\"@id\":\"https:\\\/\\\/recambiosecogas.com\\\/it\\\/#organization\",\"name\":\"Recambios EcoGas\",\"alternateName\":\"Tienda Online GLP Espa\u00f1a\",\"url\":\"https:\\\/\\\/recambiosecogas.com\\\/it\\\/\",\"logo\":{\"@id\":\"https:\\\/\\\/recambiosecogas.com\\\/it\\\/producto\\\/truma-teb-3-12-v-soplador-para-s-3004-s-5004-panel-de-control-externo\\\/#local-main-organization-logo\"},\"image\":{\"@id\":\"https:\\\/\\\/recambiosecogas.com\\\/it\\\/producto\\\/truma-teb-3-12-v-soplador-para-s-3004-s-5004-panel-de-control-externo\\\/#local-main-organization-logo\"},\"sameAs\":[\"https:\\\/\\\/www.facebook.com\\\/profile.php?id=100062419705358\",\"https:\\\/\\\/www.instagram.com\\\/segimon_automocio\"],\"description\":\"Recambios EcoGas \u2013 Venta y distribuci\u00f3n de sistemas GLP y GNC en Espa\u00f1a y Portugal. Env\u00edos 24 h, soporte t\u00e9cnico a talleres y distribuidores.\",\"hasMerchantReturnPolicy\":{\"@type\":\"MerchantReturnPolicy\",\"merchantReturnLink\":\"https:\\\/\\\/recambiosecogas.com\\\/politicas-privacidad\\\/\"},\"address\":{\"@id\":\"https:\\\/\\\/recambiosecogas.com\\\/it\\\/producto\\\/truma-teb-3-12-v-soplador-para-s-3004-s-5004-panel-de-control-externo\\\/#local-main-place-address\"},\"telephone\":[\"616250633\"],\"contactPoint\":{\"@type\":\"ContactPoint\",\"email\":\"export@recambiosecogas.com\"},\"openingHoursSpecification\":[{\"@type\":\"OpeningHoursSpecification\",\"dayOfWeek\":[\"Monday\",\"Tuesday\",\"Wednesday\",\"Thursday\",\"Friday\",\"Saturday\",\"Sunday\"],\"opens\":\"09:00\",\"closes\":\"17:00\"}],\"email\":\"info@recambiosecogas.com\",\"faxNumber\":\"SEGIMON AUTOMOCION SL\",\"vatID\":\"ESB19819861\",\"globalLocationNumber\":\"938 616 339\"},{\"@type\":\"PostalAddress\",\"@id\":\"https:\\\/\\\/recambiosecogas.com\\\/it\\\/producto\\\/truma-teb-3-12-v-soplador-para-s-3004-s-5004-panel-de-control-externo\\\/#local-main-place-address\",\"streetAddress\":\"cami antic de vic, 29 (Nave 3), Pol\u00edgono Industrial Congost\",\"addressLocality\":\"CORRO D`AVALL\",\"postalCode\":\"08520\",\"addressRegion\":\"Barcelona\",\"addressCountry\":\"ES\"},{\"@type\":\"ImageObject\",\"inLanguage\":\"it-IT\",\"@id\":\"https:\\\/\\\/recambiosecogas.com\\\/it\\\/producto\\\/truma-teb-3-12-v-soplador-para-s-3004-s-5004-panel-de-control-externo\\\/#local-main-organization-logo\",\"url\":\"https:\\\/\\\/recambiosecogas.com\\\/wp-content\\\/uploads\\\/2024\\\/11\\\/cropped-RECAMBIOS-GLP-png.webp\",\"contentUrl\":\"https:\\\/\\\/recambiosecogas.com\\\/wp-content\\\/uploads\\\/2024\\\/11\\\/cropped-RECAMBIOS-GLP-png.webp\",\"width\":512,\"height\":512,\"caption\":\"Recambios EcoGas\"}]}<\/script>\n<meta property=\"product:brand\" content=\"TRUMA\" \/>\n<meta property=\"product:price:amount\" content=\"237.80\" \/>\n<meta property=\"product:price:currency\" content=\"EUR\" \/>\n<meta property=\"og:availability\" content=\"backorder\" \/>\n<meta property=\"product:availability\" content=\"available for order\" \/>\n<meta property=\"product:retailer_item_id\" content=\"112599\" \/>\n<meta property=\"product:condition\" content=\"new\" \/>\n<meta name=\"geo.placename\" content=\"CORRO D`AVALL\" \/>\n<meta name=\"geo.region\" content=\"Spagna\" \/>\n<!-- \/ Yoast SEO Premium plugin. -->","yoast_head_json":{"title":"Ventilador TEB-3 12 V para Truma S 3004 y S 5004 | Recambios Ecogas","description":"Ventilador TEB-3 12 V con control autom\u00e1tico, ideal para calefacci\u00f3n en Truma S 3004 y S 5004. Asegura un flujo de aire eficiente y c\u00f3modo.","robots":{"index":"index","follow":"follow","max-snippet":"max-snippet:-1","max-image-preview":"max-image-preview:large","max-video-preview":"max-video-preview:-1"},"canonical":"https:\/\/recambiosecogas.com\/it\/producto\/truma-teb-3-12-v-soplador-para-s-3004-s-5004-panel-de-control-externo\/","og_locale":"it_IT","og_type":"article","og_title":"Truma TEB-3 12 V soplador para S 3004 \/ S 5004, panel de control externo","og_description":"Ventilador TEB-3 12 V con control autom\u00e1tico, ideal para calefacci\u00f3n en Truma S 3004 y S 5004. Asegura un flujo de aire eficiente y c\u00f3modo.","og_url":"https:\/\/recambiosecogas.com\/it\/producto\/truma-teb-3-12-v-soplador-para-s-3004-s-5004-panel-de-control-externo\/","og_site_name":"Recambios EcoGas","article_publisher":"https:\/\/www.facebook.com\/profile.php?id=100062419705358","article_modified_time":"2026-03-26T10:56:22+00:00","og_image":[{"width":1000,"height":1000,"url":"https:\/\/recambiosecogas.com\/wp-content\/uploads\/2025\/01\/Truma-TEB-3-12-V-soplador-para-S-3004-S-5004-panel-de-control-externo-png.webp","type":"image\/png"}],"twitter_card":"summary_large_image","twitter_misc":{"Prezzo":"237,80&nbsp;&euro; (IVA incl.: 287,74&nbsp;&euro;)","Disponibilit\u00e0":"Su ordinazione"},"schema":{"@context":"https:\/\/schema.org","@graph":[{"@type":"WebPage","@id":"https:\/\/recambiosecogas.com\/it\/producto\/truma-teb-3-12-v-soplador-para-s-3004-s-5004-panel-de-control-externo\/","url":"https:\/\/recambiosecogas.com\/it\/producto\/truma-teb-3-12-v-soplador-para-s-3004-s-5004-panel-de-control-externo\/","name":"Ventilador TEB-3 12 V para Truma S 3004 y S 5004 | Recambios Ecogas","isPartOf":{"@id":"https:\/\/recambiosecogas.com\/it\/#website"},"primaryImageOfPage":{"@id":"https:\/\/recambiosecogas.com\/it\/producto\/truma-teb-3-12-v-soplador-para-s-3004-s-5004-panel-de-control-externo\/#primaryimage"},"image":{"@id":"https:\/\/recambiosecogas.com\/it\/producto\/truma-teb-3-12-v-soplador-para-s-3004-s-5004-panel-de-control-externo\/#primaryimage"},"thumbnailUrl":"https:\/\/recambiosecogas.com\/wp-content\/uploads\/2025\/01\/Truma-TEB-3-12-V-soplador-para-S-3004-S-5004-panel-de-control-externo-png.webp","datePublished":"2025-01-21T09:41:44+00:00","dateModified":"2026-03-26T10:56:22+00:00","description":"Ventilador TEB-3 12 V con control autom\u00e1tico, ideal para calefacci\u00f3n en Truma S 3004 y S 5004. Asegura un flujo de aire eficiente y c\u00f3modo.","breadcrumb":{"@id":"https:\/\/recambiosecogas.com\/it\/producto\/truma-teb-3-12-v-soplador-para-s-3004-s-5004-panel-de-control-externo\/#breadcrumb"},"inLanguage":"it-IT","potentialAction":[{"@type":"ReadAction","target":["https:\/\/recambiosecogas.com\/it\/producto\/truma-teb-3-12-v-soplador-para-s-3004-s-5004-panel-de-control-externo\/"]}]},{"@type":"ImageObject","inLanguage":"it-IT","@id":"https:\/\/recambiosecogas.com\/it\/producto\/truma-teb-3-12-v-soplador-para-s-3004-s-5004-panel-de-control-externo\/#primaryimage","url":"https:\/\/recambiosecogas.com\/wp-content\/uploads\/2025\/01\/Truma-TEB-3-12-V-soplador-para-S-3004-S-5004-panel-de-control-externo-png.webp","contentUrl":"https:\/\/recambiosecogas.com\/wp-content\/uploads\/2025\/01\/Truma-TEB-3-12-V-soplador-para-S-3004-S-5004-panel-de-control-externo-png.webp","width":1000,"height":1000},{"@type":"BreadcrumbList","@id":"https:\/\/recambiosecogas.com\/it\/producto\/truma-teb-3-12-v-soplador-para-s-3004-s-5004-panel-de-control-externo\/#breadcrumb","itemListElement":[{"@type":"ListItem","position":1,"name":"Portada","item":"https:\/\/recambiosecogas.com\/it\/"},{"@type":"ListItem","position":2,"name":"Negozio","item":"https:\/\/recambiosecogas.com\/it\/?page_id=46382"},{"@type":"ListItem","position":3,"name":"Truma TEB-3 12 V soplador para S 3004 \/ S 5004, panel de control externo"}]},{"@type":"WebSite","@id":"https:\/\/recambiosecogas.com\/it\/#website","url":"https:\/\/recambiosecogas.com\/it\/","name":"Recambios EcoGas","description":"Recambios Multimarca para sistemas de GLP\/GNC\/GNL\/Hidr\u00f3geno","publisher":{"@id":"https:\/\/recambiosecogas.com\/it\/#organization"},"alternateName":"Recambios Autogas GLP","potentialAction":[{"@type":"SearchAction","target":{"@type":"EntryPoint","urlTemplate":"https:\/\/recambiosecogas.com\/it\/?s={search_term_string}"},"query-input":{"@type":"PropertyValueSpecification","valueRequired":true,"valueName":"search_term_string"}}],"inLanguage":"it-IT"},{"@type":["Organization","Place"],"@id":"https:\/\/recambiosecogas.com\/it\/#organization","name":"Recambios EcoGas","alternateName":"Tienda Online GLP Espa\u00f1a","url":"https:\/\/recambiosecogas.com\/it\/","logo":{"@id":"https:\/\/recambiosecogas.com\/it\/producto\/truma-teb-3-12-v-soplador-para-s-3004-s-5004-panel-de-control-externo\/#local-main-organization-logo"},"image":{"@id":"https:\/\/recambiosecogas.com\/it\/producto\/truma-teb-3-12-v-soplador-para-s-3004-s-5004-panel-de-control-externo\/#local-main-organization-logo"},"sameAs":["https:\/\/www.facebook.com\/profile.php?id=100062419705358","https:\/\/www.instagram.com\/segimon_automocio"],"description":"Recambios EcoGas \u2013 Venta y distribuci\u00f3n de sistemas GLP y GNC en Espa\u00f1a y Portugal. Env\u00edos 24 h, soporte t\u00e9cnico a talleres y distribuidores.","hasMerchantReturnPolicy":{"@type":"MerchantReturnPolicy","merchantReturnLink":"https:\/\/recambiosecogas.com\/politicas-privacidad\/"},"address":{"@id":"https:\/\/recambiosecogas.com\/it\/producto\/truma-teb-3-12-v-soplador-para-s-3004-s-5004-panel-de-control-externo\/#local-main-place-address"},"telephone":["616250633"],"contactPoint":{"@type":"ContactPoint","email":"export@recambiosecogas.com"},"openingHoursSpecification":[{"@type":"OpeningHoursSpecification","dayOfWeek":["Monday","Tuesday","Wednesday","Thursday","Friday","Saturday","Sunday"],"opens":"09:00","closes":"17:00"}],"email":"info@recambiosecogas.com","faxNumber":"SEGIMON AUTOMOCION SL","vatID":"ESB19819861","globalLocationNumber":"938 616 339"},{"@type":"PostalAddress","@id":"https:\/\/recambiosecogas.com\/it\/producto\/truma-teb-3-12-v-soplador-para-s-3004-s-5004-panel-de-control-externo\/#local-main-place-address","streetAddress":"cami antic de vic, 29 (Nave 3), Pol\u00edgono Industrial Congost","addressLocality":"CORRO D`AVALL","postalCode":"08520","addressRegion":"Barcelona","addressCountry":"ES"},{"@type":"ImageObject","inLanguage":"it-IT","@id":"https:\/\/recambiosecogas.com\/it\/producto\/truma-teb-3-12-v-soplador-para-s-3004-s-5004-panel-de-control-externo\/#local-main-organization-logo","url":"https:\/\/recambiosecogas.com\/wp-content\/uploads\/2024\/11\/cropped-RECAMBIOS-GLP-png.webp","contentUrl":"https:\/\/recambiosecogas.com\/wp-content\/uploads\/2024\/11\/cropped-RECAMBIOS-GLP-png.webp","width":512,"height":512,"caption":"Recambios EcoGas"}]},"product_brand":"TRUMA","product_price_amount":"237.80","product_price_currency":"EUR","og_availability":"backorder","product_availability":"available for order","product_retailer_item_id":"112599","product_condition":"new","geo.placename":"CORRO D`AVALL","geo.region":"Spagna"},"uagb_featured_image_src":{"full":["https:\/\/recambiosecogas.com\/wp-content\/uploads\/2025\/01\/Truma-TEB-3-12-V-soplador-para-S-3004-S-5004-panel-de-control-externo-png.webp",1000,1000,false],"thumbnail":["https:\/\/recambiosecogas.com\/wp-content\/uploads\/2025\/01\/Truma-TEB-3-12-V-soplador-para-S-3004-S-5004-panel-de-control-externo-150x150.webp",150,150,true],"medium":["https:\/\/recambiosecogas.com\/wp-content\/uploads\/2025\/01\/Truma-TEB-3-12-V-soplador-para-S-3004-S-5004-panel-de-control-externo-300x300.webp",300,300,true],"medium_large":["https:\/\/recambiosecogas.com\/wp-content\/uploads\/2025\/01\/Truma-TEB-3-12-V-soplador-para-S-3004-S-5004-panel-de-control-externo-768x768.webp",768,768,true],"large":["https:\/\/recambiosecogas.com\/wp-content\/uploads\/2025\/01\/Truma-TEB-3-12-V-soplador-para-S-3004-S-5004-panel-de-control-externo-png.webp",1000,1000,false],"1536x1536":["https:\/\/recambiosecogas.com\/wp-content\/uploads\/2025\/01\/Truma-TEB-3-12-V-soplador-para-S-3004-S-5004-panel-de-control-externo-png.webp",1000,1000,false],"2048x2048":["https:\/\/recambiosecogas.com\/wp-content\/uploads\/2025\/01\/Truma-TEB-3-12-V-soplador-para-S-3004-S-5004-panel-de-control-externo-png.webp",1000,1000,false],"woocommerce_archive_thumbnail":["https:\/\/recambiosecogas.com\/wp-content\/uploads\/2025\/01\/Truma-TEB-3-12-V-soplador-para-S-3004-S-5004-panel-de-control-externo-png.webp",1000,1000,false],"woocommerce_thumbnail":["https:\/\/recambiosecogas.com\/wp-content\/uploads\/2025\/01\/Truma-TEB-3-12-V-soplador-para-S-3004-S-5004-panel-de-control-externo-300x300.webp",300,300,true],"woocommerce_single":["https:\/\/recambiosecogas.com\/wp-content\/uploads\/2025\/01\/Truma-TEB-3-12-V-soplador-para-S-3004-S-5004-panel-de-control-externo-png.webp",1000,1000,false],"woocommerce_gallery_thumbnail":["https:\/\/recambiosecogas.com\/wp-content\/uploads\/2025\/01\/Truma-TEB-3-12-V-soplador-para-S-3004-S-5004-panel-de-control-externo-png.webp",1000,1000,false],"dgwt-wcas-product-suggestion":["https:\/\/recambiosecogas.com\/wp-content\/uploads\/2025\/01\/Truma-TEB-3-12-V-soplador-para-S-3004-S-5004-panel-de-control-externo-64x64.webp",64,64,true]},"uagb_author_info":{"display_name":"Fran - Soporte T\u00e9cnico","author_link":"https:\/\/recambiosecogas.com\/it\/author\/"},"uagb_comment_info":0,"uagb_excerpt":"TRUMA","_links":{"self":[{"href":"https:\/\/recambiosecogas.com\/it\/wp-json\/wp\/v2\/product\/15900","targetHints":{"allow":["GET"]}}],"collection":[{"href":"https:\/\/recambiosecogas.com\/it\/wp-json\/wp\/v2\/product"}],"about":[{"href":"https:\/\/recambiosecogas.com\/it\/wp-json\/wp\/v2\/types\/product"}],"replies":[{"embeddable":true,"href":"https:\/\/recambiosecogas.com\/it\/wp-json\/wp\/v2\/comments?post=15900"}],"wp:featuredmedia":[{"embeddable":true,"href":"https:\/\/recambiosecogas.com\/it\/wp-json\/wp\/v2\/media\/19673"}],"wp:attachment":[{"href":"https:\/\/recambiosecogas.com\/it\/wp-json\/wp\/v2\/media?parent=15900"}],"wp:term":[{"taxonomy":"product_brand","embeddable":true,"href":"https:\/\/recambiosecogas.com\/it\/wp-json\/wp\/v2\/product_brand?post=15900"},{"taxonomy":"product_cat","embeddable":true,"href":"https:\/\/recambiosecogas.com\/it\/wp-json\/wp\/v2\/product_cat?post=15900"},{"taxonomy":"product_tag","embeddable":true,"href":"https:\/\/recambiosecogas.com\/it\/wp-json\/wp\/v2\/product_tag?post=15900"}],"curies":[{"name":"wp","href":"https:\/\/api.w.org\/{rel}","templated":true}]}}