{"id":15895,"date":"2025-01-21T10:41:40","date_gmt":"2025-01-21T09:41:40","guid":{"rendered":"https:\/\/recambiosecogas.com\/producto\/truma-calentador-de-gas-s-5004-60-kw-para-2-sopladores-30-mbar-con-sistema-de-encendido-automatico\/"},"modified":"2026-03-26T11:56:17","modified_gmt":"2026-03-26T10:56:17","slug":"truma-calentador-de-gas-s-5004-60-kw-para-2-sopladores-30-mbar-con-sistema-de-encendido-automatico","status":"publish","type":"product","link":"https:\/\/recambiosecogas.com\/it\/producto\/truma-calentador-de-gas-s-5004-60-kw-para-2-sopladores-30-mbar-con-sistema-de-encendido-automatico\/","title":{"rendered":"Truma calentador de gas S 5004 6,0 kW para 2 sopladores, 30 mbar, con sistema de encendido autom\u00e1tico"},"content":{"rendered":"<p>La\u00a0<strong>Truma S 5004<\/strong>\u00a0es una\u00a0<strong>calefacci\u00f3n de gas<\/strong>\u00a0para\u00a0<strong>caravanas &amp; caravanas<\/strong>. La Truma S 5004 convence por su absoluta fiabilidad y su gran rendimiento. Dos quemadores e intercambiadores de calor proporcionan cada uno el calor deseado incluso en \u00e9pocas fr\u00edas. La temperatura ambiente y la potencia del ventilador se pueden regular de forma continua mediante un mando giratorio.<\/p>\n<p><strong>Booster-. Funci\u00f3n<\/strong>\u00a0para un 20% m\u00e1s de flujo de aire<\/p>\n<p><strong>Mandos ergon\u00f3micos<\/strong>\u00a0con superficie antideslizante<\/p>\n<p><strong>Eficiencia<\/strong>\u00a0robusta y de bajo mantenimiento<\/p>\n<p><strong>Calentamiento sin electricidad<\/strong>\u00a0durante la Conducci\u00f3n<\/p>\n<p><strong>Integraci\u00f3n \u00f3ptima<\/strong>\u00a0en el interior gracias a la cubierta plana<\/p>\n<p><strong>Regulaci\u00f3n variable<\/strong>\u00a0de la temperatura y la velocidad del ventilador<\/p>\n<p>El dise\u00f1o intemporal y plano ofrece una variedad de opciones de equipamiento, bspw. Revestimiento de chimenea con ac\u00fastica de llama. La funci\u00f3n booster permite una distribuci\u00f3n especialmente r\u00e1pida del aire caliente. Esto deshumidifica adicionalmente la caravana.<\/p>\n<p>Tipo de gas\u00a0<strong>LPG (propano \/ butano)<\/strong><\/p>\n<p>Presi\u00f3n de funcionamiento\u00a0<strong>30 mbar<\/strong><\/p>\n<p>Potencia t\u00e9rmica nominal\u00a0<strong>6000 W<\/strong><\/p>\n<p>Consumo de gas\u00a0<strong>60 &#8211; 480 g\/h<\/strong><\/p>\n<p>Tensi\u00f3n de funcionamiento\u00a0<strong>1, 5 V (encendido autom\u00e1tico con funcionamiento a pilas)<\/strong><\/p>\n<p>Consumo de corriente\u00a0<strong>225 mW (encendido)<\/strong><\/p>\n<p>Peso (sin soplador)\u00a0<strong>aproximadamente. 17,5 kg<\/strong><\/p>\n<p>Dimensiones (L x A x A)\u00a0<strong>496 x 533 x 568 mm<\/strong><\/p>\n<p>Secci\u00f3n de entrada (L x A x A)\u00a0<strong>380 x 510 x 505 mm<\/strong><\/p>\n<p>Especificaciones adicionales seg\u00fan EN 624\u00a0<strong>Qn = 6,8 kW (Hs); 490 g\/h; C51; I3B\/P<\/strong><\/p>\n<p><strong><u>PRECAUCI\u00d3N<\/u><\/strong><strong>\u00a0<\/strong>Entrega sin revestimiento y ventilador.<\/p>\n<p>La <strong>Truma S 5004<\/strong> es un <strong>calentador de gas<\/strong> dise\u00f1ado espec\u00edficamente para <strong>caravanas<\/strong>, ofreciendo un rendimiento excepcional y fiabilidad. Con una potencia t\u00e9rmica nominal de <strong>6000 W<\/strong>, este calentador asegura un ambiente c\u00e1lido incluso en condiciones clim\u00e1ticas adversas. Su dise\u00f1o permite un funcionamiento eficiente con <strong>gas LPG (propano\/butano)<\/strong> a una presi\u00f3n de <strong>30 mbar<\/strong>.<\/p>\n<p>El sistema cuenta con dos quemadores e intercambiadores de calor que proporcionan el calor deseado, y su <strong>funci\u00f3n booster<\/strong> incrementa el flujo de aire en un <strong>20%<\/strong>, permitiendo una distribuci\u00f3n r\u00e1pida del aire caliente. Esto no solo mejora el confort, sino que tambi\u00e9n ayuda a deshumidificar el interior de la caravana.<\/p>\n<p>La Truma S 5004 se integra de manera \u00f3ptima en el espacio interior gracias a su cubierta plana, y su regulaci\u00f3n variable de temperatura y velocidad del ventilador se controla f\u00e1cilmente mediante un mando giratorio ergon\u00f3mico. Este calentador es ideal para quienes buscan una soluci\u00f3n de calefacci\u00f3n robusta y de bajo mantenimiento, ya que no requiere electricidad durante la conducci\u00f3n.<\/p>\n<p>Es importante se\u00f1alar que el calentador se entrega sin revestimiento y ventilador, lo que permite personalizar la instalaci\u00f3n seg\u00fan las necesidades del usuario. Antes de la compra, se recomienda verificar la compatibilidad con el sistema de calefacci\u00f3n de la caravana.<\/p>\n<h4>Datos t\u00e9cnicos<\/h4>\n<p>Potencia t\u00e9rmica nominal: <strong>6000 W<\/strong>. Consumo de gas: <strong>60 &#8211; 480 g\/h<\/strong>. Tensi\u00f3n de funcionamiento: <strong>1,5 V<\/strong> (encendido autom\u00e1tico a pilas). Consumo de corriente: <strong>225 mW<\/strong> (encendido). Peso (sin soplador): <strong>aproximadamente 17,5 kg<\/strong>. Dimensiones (L x A x A): <strong>496 x 533 x 568 mm<\/strong>.<\/p>\n<h4>S\u00edntomas de fallo<\/h4>\n<ul>\n<li>Fugas de gas en la conexi\u00f3n<\/li>\n<li>Incapacidad para encender el calentador<\/li>\n<li>Ruidos inusuales durante el funcionamiento<\/li>\n<li>Fluctuaciones en la temperatura del aire caliente<\/li>\n<\/ul>\n<h4>Compatibilidad<\/h4>\n<p>Compatible con sistemas de calefacci\u00f3n de gas en <strong>caravanas<\/strong>. Se recomienda verificar la referencia original antes de realizar la compra.<\/p>\n","protected":false},"excerpt":{"rendered":"<p>TRUMA<\/p>\n","protected":false},"featured_media":17569,"comment_status":"open","ping_status":"closed","template":"","meta":{"googlesitekit_rrm_CAowud7EDA:productID":"","_uag_custom_page_level_css":""},"product_brand":[992],"product_cat":[758],"product_tag":[],"class_list":{"0":"post-15895","1":"product","2":"type-product","3":"status-publish","4":"has-post-thumbnail","6":"product_brand-truma","7":"product_cat-calentador-de-aire","9":"first","10":"onbackorder","11":"taxable","12":"shipping-taxable","13":"purchasable","14":"product-type-simple"},"ct_brands":[{"id":992,"name":"TRUMA","slug":"truma"}],"yoast_head":"<!-- This site is optimized with the Yoast SEO Premium plugin v27.3 (Yoast SEO v27.3) - https:\/\/yoast.com\/product\/yoast-seo-premium-wordpress\/ -->\n<title>Calentador de gas Truma S 5004 6,0 kW | Recambios Ecogas<\/title>\n<meta name=\"description\" content=\"Calentador de gas Truma S 5004 de 6,0 kW para caravanas, con encendido autom\u00e1tico y regulaci\u00f3n de temperatura. Ideal para mantener el confort en invierno.\" \/>\n<meta name=\"robots\" content=\"index, follow, max-snippet:-1, max-image-preview:large, max-video-preview:-1\" \/>\n<link rel=\"canonical\" href=\"https:\/\/recambiosecogas.com\/it\/producto\/truma-calentador-de-gas-s-5004-60-kw-para-2-sopladores-30-mbar-con-sistema-de-encendido-automatico\/\" \/>\n<meta property=\"og:locale\" content=\"it_IT\" \/>\n<meta property=\"og:type\" content=\"article\" \/>\n<meta property=\"og:title\" content=\"Truma calentador de gas S 5004 6,0 kW para 2 sopladores, 30 mbar, con sistema de encendido autom\u00e1tico\" \/>\n<meta property=\"og:description\" content=\"Calentador de gas Truma S 5004 de 6,0 kW para caravanas, con encendido autom\u00e1tico y regulaci\u00f3n de temperatura. Ideal para mantener el confort en invierno.\" \/>\n<meta property=\"og:url\" content=\"https:\/\/recambiosecogas.com\/it\/producto\/truma-calentador-de-gas-s-5004-60-kw-para-2-sopladores-30-mbar-con-sistema-de-encendido-automatico\/\" \/>\n<meta property=\"og:site_name\" content=\"Recambios EcoGas\" \/>\n<meta property=\"article:publisher\" content=\"https:\/\/www.facebook.com\/profile.php?id=100062419705358\" \/>\n<meta property=\"article:modified_time\" content=\"2026-03-26T10:56:17+00:00\" \/>\n<meta property=\"og:image\" content=\"https:\/\/recambiosecogas.com\/wp-content\/uploads\/2025\/02\/imagen-no-disponible-recambios-ecogas-png.webp\" \/>\n\t<meta property=\"og:image:width\" content=\"1000\" \/>\n\t<meta property=\"og:image:height\" content=\"1000\" \/>\n\t<meta property=\"og:image:type\" content=\"image\/png\" \/>\n<meta name=\"twitter:card\" content=\"summary_large_image\" \/>\n<meta name=\"twitter:label1\" content=\"Prezzo\" \/>\n\t<meta name=\"twitter:data1\" content=\"847,80&nbsp;&euro; (IVA incl.: 1.025,84&nbsp;&euro;)\" \/>\n\t<meta name=\"twitter:label2\" content=\"Disponibilit\u00e0\" \/>\n\t<meta name=\"twitter:data2\" content=\"Su ordinazione\" \/>\n<script type=\"application\/ld+json\" class=\"yoast-schema-graph\">{\"@context\":\"https:\\\/\\\/schema.org\",\"@graph\":[{\"@type\":\"WebPage\",\"@id\":\"https:\\\/\\\/recambiosecogas.com\\\/it\\\/producto\\\/truma-calentador-de-gas-s-5004-60-kw-para-2-sopladores-30-mbar-con-sistema-de-encendido-automatico\\\/\",\"url\":\"https:\\\/\\\/recambiosecogas.com\\\/it\\\/producto\\\/truma-calentador-de-gas-s-5004-60-kw-para-2-sopladores-30-mbar-con-sistema-de-encendido-automatico\\\/\",\"name\":\"Calentador de gas Truma S 5004 6,0 kW | Recambios Ecogas\",\"isPartOf\":{\"@id\":\"https:\\\/\\\/recambiosecogas.com\\\/it\\\/#website\"},\"primaryImageOfPage\":{\"@id\":\"https:\\\/\\\/recambiosecogas.com\\\/it\\\/producto\\\/truma-calentador-de-gas-s-5004-60-kw-para-2-sopladores-30-mbar-con-sistema-de-encendido-automatico\\\/#primaryimage\"},\"image\":{\"@id\":\"https:\\\/\\\/recambiosecogas.com\\\/it\\\/producto\\\/truma-calentador-de-gas-s-5004-60-kw-para-2-sopladores-30-mbar-con-sistema-de-encendido-automatico\\\/#primaryimage\"},\"thumbnailUrl\":\"https:\\\/\\\/recambiosecogas.com\\\/wp-content\\\/uploads\\\/2025\\\/02\\\/imagen-no-disponible-recambios-ecogas-png.webp\",\"datePublished\":\"2025-01-21T09:41:40+00:00\",\"dateModified\":\"2026-03-26T10:56:17+00:00\",\"description\":\"Calentador de gas Truma S 5004 de 6,0 kW para caravanas, con encendido autom\u00e1tico y regulaci\u00f3n de temperatura. Ideal para mantener el confort en invierno.\",\"breadcrumb\":{\"@id\":\"https:\\\/\\\/recambiosecogas.com\\\/it\\\/producto\\\/truma-calentador-de-gas-s-5004-60-kw-para-2-sopladores-30-mbar-con-sistema-de-encendido-automatico\\\/#breadcrumb\"},\"inLanguage\":\"it-IT\",\"potentialAction\":[{\"@type\":\"ReadAction\",\"target\":[\"https:\\\/\\\/recambiosecogas.com\\\/it\\\/producto\\\/truma-calentador-de-gas-s-5004-60-kw-para-2-sopladores-30-mbar-con-sistema-de-encendido-automatico\\\/\"]}]},{\"@type\":\"ImageObject\",\"inLanguage\":\"it-IT\",\"@id\":\"https:\\\/\\\/recambiosecogas.com\\\/it\\\/producto\\\/truma-calentador-de-gas-s-5004-60-kw-para-2-sopladores-30-mbar-con-sistema-de-encendido-automatico\\\/#primaryimage\",\"url\":\"https:\\\/\\\/recambiosecogas.com\\\/wp-content\\\/uploads\\\/2025\\\/02\\\/imagen-no-disponible-recambios-ecogas-png.webp\",\"contentUrl\":\"https:\\\/\\\/recambiosecogas.com\\\/wp-content\\\/uploads\\\/2025\\\/02\\\/imagen-no-disponible-recambios-ecogas-png.webp\",\"width\":1000,\"height\":1000},{\"@type\":\"BreadcrumbList\",\"@id\":\"https:\\\/\\\/recambiosecogas.com\\\/it\\\/producto\\\/truma-calentador-de-gas-s-5004-60-kw-para-2-sopladores-30-mbar-con-sistema-de-encendido-automatico\\\/#breadcrumb\",\"itemListElement\":[{\"@type\":\"ListItem\",\"position\":1,\"name\":\"Portada\",\"item\":\"https:\\\/\\\/recambiosecogas.com\\\/it\\\/\"},{\"@type\":\"ListItem\",\"position\":2,\"name\":\"Negozio\",\"item\":\"https:\\\/\\\/recambiosecogas.com\\\/it\\\/?page_id=46382\"},{\"@type\":\"ListItem\",\"position\":3,\"name\":\"Truma calentador de gas S 5004 6,0 kW para 2 sopladores, 30 mbar, con sistema de encendido autom\u00e1tico\"}]},{\"@type\":\"WebSite\",\"@id\":\"https:\\\/\\\/recambiosecogas.com\\\/it\\\/#website\",\"url\":\"https:\\\/\\\/recambiosecogas.com\\\/it\\\/\",\"name\":\"Recambios EcoGas\",\"description\":\"Recambios Multimarca para sistemas de GLP\\\/GNC\\\/GNL\\\/Hidr\u00f3geno\",\"publisher\":{\"@id\":\"https:\\\/\\\/recambiosecogas.com\\\/it\\\/#organization\"},\"alternateName\":\"Recambios Autogas GLP\",\"potentialAction\":[{\"@type\":\"SearchAction\",\"target\":{\"@type\":\"EntryPoint\",\"urlTemplate\":\"https:\\\/\\\/recambiosecogas.com\\\/it\\\/?s={search_term_string}\"},\"query-input\":{\"@type\":\"PropertyValueSpecification\",\"valueRequired\":true,\"valueName\":\"search_term_string\"}}],\"inLanguage\":\"it-IT\"},{\"@type\":[\"Organization\",\"Place\"],\"@id\":\"https:\\\/\\\/recambiosecogas.com\\\/it\\\/#organization\",\"name\":\"Recambios EcoGas\",\"alternateName\":\"Tienda Online GLP Espa\u00f1a\",\"url\":\"https:\\\/\\\/recambiosecogas.com\\\/it\\\/\",\"logo\":{\"@id\":\"https:\\\/\\\/recambiosecogas.com\\\/it\\\/producto\\\/truma-calentador-de-gas-s-5004-60-kw-para-2-sopladores-30-mbar-con-sistema-de-encendido-automatico\\\/#local-main-organization-logo\"},\"image\":{\"@id\":\"https:\\\/\\\/recambiosecogas.com\\\/it\\\/producto\\\/truma-calentador-de-gas-s-5004-60-kw-para-2-sopladores-30-mbar-con-sistema-de-encendido-automatico\\\/#local-main-organization-logo\"},\"sameAs\":[\"https:\\\/\\\/www.facebook.com\\\/profile.php?id=100062419705358\",\"https:\\\/\\\/www.instagram.com\\\/segimon_automocio\"],\"description\":\"Recambios EcoGas \u2013 Venta y distribuci\u00f3n de sistemas GLP y GNC en Espa\u00f1a y Portugal. Env\u00edos 24 h, soporte t\u00e9cnico a talleres y distribuidores.\",\"hasMerchantReturnPolicy\":{\"@type\":\"MerchantReturnPolicy\",\"merchantReturnLink\":\"https:\\\/\\\/recambiosecogas.com\\\/politicas-privacidad\\\/\"},\"address\":{\"@id\":\"https:\\\/\\\/recambiosecogas.com\\\/it\\\/producto\\\/truma-calentador-de-gas-s-5004-60-kw-para-2-sopladores-30-mbar-con-sistema-de-encendido-automatico\\\/#local-main-place-address\"},\"telephone\":[\"616250633\"],\"contactPoint\":{\"@type\":\"ContactPoint\",\"email\":\"export@recambiosecogas.com\"},\"openingHoursSpecification\":[{\"@type\":\"OpeningHoursSpecification\",\"dayOfWeek\":[\"Monday\",\"Tuesday\",\"Wednesday\",\"Thursday\",\"Friday\",\"Saturday\",\"Sunday\"],\"opens\":\"09:00\",\"closes\":\"17:00\"}],\"email\":\"info@recambiosecogas.com\",\"faxNumber\":\"SEGIMON AUTOMOCION SL\",\"vatID\":\"ESB19819861\",\"globalLocationNumber\":\"938 616 339\"},{\"@type\":\"PostalAddress\",\"@id\":\"https:\\\/\\\/recambiosecogas.com\\\/it\\\/producto\\\/truma-calentador-de-gas-s-5004-60-kw-para-2-sopladores-30-mbar-con-sistema-de-encendido-automatico\\\/#local-main-place-address\",\"streetAddress\":\"cami antic de vic, 29 (Nave 3), Pol\u00edgono Industrial Congost\",\"addressLocality\":\"CORRO D`AVALL\",\"postalCode\":\"08520\",\"addressRegion\":\"Barcelona\",\"addressCountry\":\"ES\"},{\"@type\":\"ImageObject\",\"inLanguage\":\"it-IT\",\"@id\":\"https:\\\/\\\/recambiosecogas.com\\\/it\\\/producto\\\/truma-calentador-de-gas-s-5004-60-kw-para-2-sopladores-30-mbar-con-sistema-de-encendido-automatico\\\/#local-main-organization-logo\",\"url\":\"https:\\\/\\\/recambiosecogas.com\\\/wp-content\\\/uploads\\\/2024\\\/11\\\/cropped-RECAMBIOS-GLP-png.webp\",\"contentUrl\":\"https:\\\/\\\/recambiosecogas.com\\\/wp-content\\\/uploads\\\/2024\\\/11\\\/cropped-RECAMBIOS-GLP-png.webp\",\"width\":512,\"height\":512,\"caption\":\"Recambios EcoGas\"}]}<\/script>\n<meta property=\"product:brand\" content=\"TRUMA\" \/>\n<meta property=\"product:price:amount\" content=\"847.80\" \/>\n<meta property=\"product:price:currency\" content=\"EUR\" \/>\n<meta property=\"og:availability\" content=\"backorder\" \/>\n<meta property=\"product:availability\" content=\"available for order\" \/>\n<meta property=\"product:retailer_item_id\" content=\"112607A\" \/>\n<meta property=\"product:condition\" content=\"new\" \/>\n<meta name=\"geo.placename\" content=\"CORRO D`AVALL\" \/>\n<meta name=\"geo.region\" content=\"Spagna\" \/>\n<!-- \/ Yoast SEO Premium plugin. -->","yoast_head_json":{"title":"Calentador de gas Truma S 5004 6,0 kW | Recambios Ecogas","description":"Calentador de gas Truma S 5004 de 6,0 kW para caravanas, con encendido autom\u00e1tico y regulaci\u00f3n de temperatura. Ideal para mantener el confort en invierno.","robots":{"index":"index","follow":"follow","max-snippet":"max-snippet:-1","max-image-preview":"max-image-preview:large","max-video-preview":"max-video-preview:-1"},"canonical":"https:\/\/recambiosecogas.com\/it\/producto\/truma-calentador-de-gas-s-5004-60-kw-para-2-sopladores-30-mbar-con-sistema-de-encendido-automatico\/","og_locale":"it_IT","og_type":"article","og_title":"Truma calentador de gas S 5004 6,0 kW para 2 sopladores, 30 mbar, con sistema de encendido autom\u00e1tico","og_description":"Calentador de gas Truma S 5004 de 6,0 kW para caravanas, con encendido autom\u00e1tico y regulaci\u00f3n de temperatura. Ideal para mantener el confort en invierno.","og_url":"https:\/\/recambiosecogas.com\/it\/producto\/truma-calentador-de-gas-s-5004-60-kw-para-2-sopladores-30-mbar-con-sistema-de-encendido-automatico\/","og_site_name":"Recambios EcoGas","article_publisher":"https:\/\/www.facebook.com\/profile.php?id=100062419705358","article_modified_time":"2026-03-26T10:56:17+00:00","og_image":[{"width":1000,"height":1000,"url":"https:\/\/recambiosecogas.com\/wp-content\/uploads\/2025\/02\/imagen-no-disponible-recambios-ecogas-png.webp","type":"image\/png"}],"twitter_card":"summary_large_image","twitter_misc":{"Prezzo":"847,80&nbsp;&euro; (IVA incl.: 1.025,84&nbsp;&euro;)","Disponibilit\u00e0":"Su ordinazione"},"schema":{"@context":"https:\/\/schema.org","@graph":[{"@type":"WebPage","@id":"https:\/\/recambiosecogas.com\/it\/producto\/truma-calentador-de-gas-s-5004-60-kw-para-2-sopladores-30-mbar-con-sistema-de-encendido-automatico\/","url":"https:\/\/recambiosecogas.com\/it\/producto\/truma-calentador-de-gas-s-5004-60-kw-para-2-sopladores-30-mbar-con-sistema-de-encendido-automatico\/","name":"Calentador de gas Truma S 5004 6,0 kW | Recambios Ecogas","isPartOf":{"@id":"https:\/\/recambiosecogas.com\/it\/#website"},"primaryImageOfPage":{"@id":"https:\/\/recambiosecogas.com\/it\/producto\/truma-calentador-de-gas-s-5004-60-kw-para-2-sopladores-30-mbar-con-sistema-de-encendido-automatico\/#primaryimage"},"image":{"@id":"https:\/\/recambiosecogas.com\/it\/producto\/truma-calentador-de-gas-s-5004-60-kw-para-2-sopladores-30-mbar-con-sistema-de-encendido-automatico\/#primaryimage"},"thumbnailUrl":"https:\/\/recambiosecogas.com\/wp-content\/uploads\/2025\/02\/imagen-no-disponible-recambios-ecogas-png.webp","datePublished":"2025-01-21T09:41:40+00:00","dateModified":"2026-03-26T10:56:17+00:00","description":"Calentador de gas Truma S 5004 de 6,0 kW para caravanas, con encendido autom\u00e1tico y regulaci\u00f3n de temperatura. Ideal para mantener el confort en invierno.","breadcrumb":{"@id":"https:\/\/recambiosecogas.com\/it\/producto\/truma-calentador-de-gas-s-5004-60-kw-para-2-sopladores-30-mbar-con-sistema-de-encendido-automatico\/#breadcrumb"},"inLanguage":"it-IT","potentialAction":[{"@type":"ReadAction","target":["https:\/\/recambiosecogas.com\/it\/producto\/truma-calentador-de-gas-s-5004-60-kw-para-2-sopladores-30-mbar-con-sistema-de-encendido-automatico\/"]}]},{"@type":"ImageObject","inLanguage":"it-IT","@id":"https:\/\/recambiosecogas.com\/it\/producto\/truma-calentador-de-gas-s-5004-60-kw-para-2-sopladores-30-mbar-con-sistema-de-encendido-automatico\/#primaryimage","url":"https:\/\/recambiosecogas.com\/wp-content\/uploads\/2025\/02\/imagen-no-disponible-recambios-ecogas-png.webp","contentUrl":"https:\/\/recambiosecogas.com\/wp-content\/uploads\/2025\/02\/imagen-no-disponible-recambios-ecogas-png.webp","width":1000,"height":1000},{"@type":"BreadcrumbList","@id":"https:\/\/recambiosecogas.com\/it\/producto\/truma-calentador-de-gas-s-5004-60-kw-para-2-sopladores-30-mbar-con-sistema-de-encendido-automatico\/#breadcrumb","itemListElement":[{"@type":"ListItem","position":1,"name":"Portada","item":"https:\/\/recambiosecogas.com\/it\/"},{"@type":"ListItem","position":2,"name":"Negozio","item":"https:\/\/recambiosecogas.com\/it\/?page_id=46382"},{"@type":"ListItem","position":3,"name":"Truma calentador de gas S 5004 6,0 kW para 2 sopladores, 30 mbar, con sistema de encendido autom\u00e1tico"}]},{"@type":"WebSite","@id":"https:\/\/recambiosecogas.com\/it\/#website","url":"https:\/\/recambiosecogas.com\/it\/","name":"Recambios EcoGas","description":"Recambios Multimarca para sistemas de GLP\/GNC\/GNL\/Hidr\u00f3geno","publisher":{"@id":"https:\/\/recambiosecogas.com\/it\/#organization"},"alternateName":"Recambios Autogas GLP","potentialAction":[{"@type":"SearchAction","target":{"@type":"EntryPoint","urlTemplate":"https:\/\/recambiosecogas.com\/it\/?s={search_term_string}"},"query-input":{"@type":"PropertyValueSpecification","valueRequired":true,"valueName":"search_term_string"}}],"inLanguage":"it-IT"},{"@type":["Organization","Place"],"@id":"https:\/\/recambiosecogas.com\/it\/#organization","name":"Recambios EcoGas","alternateName":"Tienda Online GLP Espa\u00f1a","url":"https:\/\/recambiosecogas.com\/it\/","logo":{"@id":"https:\/\/recambiosecogas.com\/it\/producto\/truma-calentador-de-gas-s-5004-60-kw-para-2-sopladores-30-mbar-con-sistema-de-encendido-automatico\/#local-main-organization-logo"},"image":{"@id":"https:\/\/recambiosecogas.com\/it\/producto\/truma-calentador-de-gas-s-5004-60-kw-para-2-sopladores-30-mbar-con-sistema-de-encendido-automatico\/#local-main-organization-logo"},"sameAs":["https:\/\/www.facebook.com\/profile.php?id=100062419705358","https:\/\/www.instagram.com\/segimon_automocio"],"description":"Recambios EcoGas \u2013 Venta y distribuci\u00f3n de sistemas GLP y GNC en Espa\u00f1a y Portugal. Env\u00edos 24 h, soporte t\u00e9cnico a talleres y distribuidores.","hasMerchantReturnPolicy":{"@type":"MerchantReturnPolicy","merchantReturnLink":"https:\/\/recambiosecogas.com\/politicas-privacidad\/"},"address":{"@id":"https:\/\/recambiosecogas.com\/it\/producto\/truma-calentador-de-gas-s-5004-60-kw-para-2-sopladores-30-mbar-con-sistema-de-encendido-automatico\/#local-main-place-address"},"telephone":["616250633"],"contactPoint":{"@type":"ContactPoint","email":"export@recambiosecogas.com"},"openingHoursSpecification":[{"@type":"OpeningHoursSpecification","dayOfWeek":["Monday","Tuesday","Wednesday","Thursday","Friday","Saturday","Sunday"],"opens":"09:00","closes":"17:00"}],"email":"info@recambiosecogas.com","faxNumber":"SEGIMON AUTOMOCION SL","vatID":"ESB19819861","globalLocationNumber":"938 616 339"},{"@type":"PostalAddress","@id":"https:\/\/recambiosecogas.com\/it\/producto\/truma-calentador-de-gas-s-5004-60-kw-para-2-sopladores-30-mbar-con-sistema-de-encendido-automatico\/#local-main-place-address","streetAddress":"cami antic de vic, 29 (Nave 3), Pol\u00edgono Industrial Congost","addressLocality":"CORRO D`AVALL","postalCode":"08520","addressRegion":"Barcelona","addressCountry":"ES"},{"@type":"ImageObject","inLanguage":"it-IT","@id":"https:\/\/recambiosecogas.com\/it\/producto\/truma-calentador-de-gas-s-5004-60-kw-para-2-sopladores-30-mbar-con-sistema-de-encendido-automatico\/#local-main-organization-logo","url":"https:\/\/recambiosecogas.com\/wp-content\/uploads\/2024\/11\/cropped-RECAMBIOS-GLP-png.webp","contentUrl":"https:\/\/recambiosecogas.com\/wp-content\/uploads\/2024\/11\/cropped-RECAMBIOS-GLP-png.webp","width":512,"height":512,"caption":"Recambios EcoGas"}]},"product_brand":"TRUMA","product_price_amount":"847.80","product_price_currency":"EUR","og_availability":"backorder","product_availability":"available for order","product_retailer_item_id":"112607A","product_condition":"new","geo.placename":"CORRO D`AVALL","geo.region":"Spagna"},"uagb_featured_image_src":{"full":["https:\/\/recambiosecogas.com\/wp-content\/uploads\/2025\/02\/imagen-no-disponible-recambios-ecogas-png.webp",1000,1000,false],"thumbnail":["https:\/\/recambiosecogas.com\/wp-content\/uploads\/2025\/02\/imagen-no-disponible-recambios-ecogas-150x150.webp",150,150,true],"medium":["https:\/\/recambiosecogas.com\/wp-content\/uploads\/2025\/02\/imagen-no-disponible-recambios-ecogas-300x300.webp",300,300,true],"medium_large":["https:\/\/recambiosecogas.com\/wp-content\/uploads\/2025\/02\/imagen-no-disponible-recambios-ecogas-768x768.webp",768,768,true],"large":["https:\/\/recambiosecogas.com\/wp-content\/uploads\/2025\/02\/imagen-no-disponible-recambios-ecogas-png.webp",1000,1000,false],"1536x1536":["https:\/\/recambiosecogas.com\/wp-content\/uploads\/2025\/02\/imagen-no-disponible-recambios-ecogas-png.webp",1000,1000,false],"2048x2048":["https:\/\/recambiosecogas.com\/wp-content\/uploads\/2025\/02\/imagen-no-disponible-recambios-ecogas-png.webp",1000,1000,false],"woocommerce_archive_thumbnail":["https:\/\/recambiosecogas.com\/wp-content\/uploads\/2025\/02\/imagen-no-disponible-recambios-ecogas-png.webp",1000,1000,false],"woocommerce_thumbnail":["https:\/\/recambiosecogas.com\/wp-content\/uploads\/2025\/02\/imagen-no-disponible-recambios-ecogas-300x300.webp",300,300,true],"woocommerce_single":["https:\/\/recambiosecogas.com\/wp-content\/uploads\/2025\/02\/imagen-no-disponible-recambios-ecogas-png.webp",1000,1000,false],"woocommerce_gallery_thumbnail":["https:\/\/recambiosecogas.com\/wp-content\/uploads\/2025\/02\/imagen-no-disponible-recambios-ecogas-png.webp",1000,1000,false],"dgwt-wcas-product-suggestion":["https:\/\/recambiosecogas.com\/wp-content\/uploads\/2025\/02\/imagen-no-disponible-recambios-ecogas-64x64.webp",64,64,true]},"uagb_author_info":{"display_name":"Fran - Soporte T\u00e9cnico","author_link":"https:\/\/recambiosecogas.com\/it\/author\/"},"uagb_comment_info":0,"uagb_excerpt":"TRUMA","_links":{"self":[{"href":"https:\/\/recambiosecogas.com\/it\/wp-json\/wp\/v2\/product\/15895","targetHints":{"allow":["GET"]}}],"collection":[{"href":"https:\/\/recambiosecogas.com\/it\/wp-json\/wp\/v2\/product"}],"about":[{"href":"https:\/\/recambiosecogas.com\/it\/wp-json\/wp\/v2\/types\/product"}],"replies":[{"embeddable":true,"href":"https:\/\/recambiosecogas.com\/it\/wp-json\/wp\/v2\/comments?post=15895"}],"wp:featuredmedia":[{"embeddable":true,"href":"https:\/\/recambiosecogas.com\/it\/wp-json\/wp\/v2\/media\/17569"}],"wp:attachment":[{"href":"https:\/\/recambiosecogas.com\/it\/wp-json\/wp\/v2\/media?parent=15895"}],"wp:term":[{"taxonomy":"product_brand","embeddable":true,"href":"https:\/\/recambiosecogas.com\/it\/wp-json\/wp\/v2\/product_brand?post=15895"},{"taxonomy":"product_cat","embeddable":true,"href":"https:\/\/recambiosecogas.com\/it\/wp-json\/wp\/v2\/product_cat?post=15895"},{"taxonomy":"product_tag","embeddable":true,"href":"https:\/\/recambiosecogas.com\/it\/wp-json\/wp\/v2\/product_tag?post=15895"}],"curies":[{"name":"wp","href":"https:\/\/api.w.org\/{rel}","templated":true}]}}