{"id":15830,"date":"2025-01-21T10:40:47","date_gmt":"2025-01-21T09:40:47","guid":{"rendered":"https:\/\/recambiosecogas.com\/producto\/drehmeister-pieza-en-t-rosca-3-4-16-unf-para-manguera-de-llenado-de-glp-2\/"},"modified":"2026-03-26T11:55:14","modified_gmt":"2026-03-26T10:55:14","slug":"drehmeister-pieza-en-t-rosca-3-4-16-unf-para-manguera-de-llenado-de-glp-2","status":"publish","type":"product","link":"https:\/\/recambiosecogas.com\/it\/producto\/drehmeister-pieza-en-t-rosca-3-4-16-unf-para-manguera-de-llenado-de-glp-2\/","title":{"rendered":"DREHMEISTER Pieza en T Rosca 3\/4&#8243;-16 UNF para manguera de llenado de GLP"},"content":{"rendered":"<p>Pieza en T<strong>DREHMEISTER<\/strong>\u00a0con rosca 3\/4&#8243;-16 UNF para conectar mangueras de llenado de GLP.<\/p>\n<p>A menudo se utiliza para conectar una boquilla de tanque de GLP con dos cilindros de tanque de gas que funcionan en paralelo (por ejemplo, CAMPKO o Alugas). La pieza en T conecta la manguera de llenado de GLP de la boquilla del dep\u00f3sito al lado de entrada de ambas botellas del dep\u00f3sito de gas y permite el funcionamiento seguro de un sistema de suministro de gas de 2 botellas en una autocaravana, furgoneta camper o caravana.<\/p>\n<p>La <strong>pieza en T DREHMEISTER<\/strong> con rosca <strong>3\/4&#8243;-16 UNF<\/strong> es un componente esencial para conectar mangueras de llenado de <strong>GLP<\/strong>. Este accesorio es utilizado frecuentemente para unir una boquilla de tanque de GLP con dos cilindros de gas que operan en paralelo, como en sistemas de autocaravanas, furgonetas camper o caravanas.<\/p>\n<p>Su funci\u00f3n principal es facilitar la conexi\u00f3n de la manguera de llenado de GLP desde la boquilla del dep\u00f3sito hacia las entradas de ambas botellas del sistema de gas. Esto permite un funcionamiento seguro y eficiente del suministro de gas en veh\u00edculos que requieren un sistema de dos botellas, garantizando as\u00ed un suministro continuo y confiable de combustible.<\/p>\n<p>Es importante considerar que la instalaci\u00f3n de esta pieza debe realizarse con cuidado, asegur\u00e1ndose de que todas las conexiones sean seguras y est\u00e9n libres de fugas. La pieza en T es ideal para aplicaciones donde se requiere un suministro de gas estable y seguro, y es un elemento clave en la configuraci\u00f3n de sistemas de Autogas.<\/p>\n<p>Si no se reemplaza o se instala correctamente, pueden surgir problemas como fugas de gas o un suministro inadecuado, lo que puede comprometer la seguridad del sistema. Por ello, es recomendable revisar peri\u00f3dicamente las conexiones y la integridad de la pieza en T.<\/p>\n","protected":false},"excerpt":{"rendered":"<p>DREHMEISTER<\/p>\n","protected":false},"featured_media":16921,"comment_status":"open","ping_status":"closed","template":"","meta":{"_uag_custom_page_level_css":""},"product_brand":[990,611],"product_cat":[366,428,429],"product_tag":[],"class_list":{"0":"post-15830","1":"product","2":"type-product","3":"status-publish","4":"has-post-thumbnail","6":"product_brand-alugas","7":"product_brand-drehmeister","8":"product_cat-manguera-de-llenado","9":"product_cat-mangueras-autocaravanas","10":"product_cat-mangueras-de-llenado","12":"first","13":"onbackorder","14":"taxable","15":"shipping-taxable","16":"purchasable","17":"product-type-simple"},"ct_brands":[{"id":990,"name":"ALUGAS","slug":"alugas"},{"id":611,"name":"DREHMEISTER","slug":"drehmeister"}],"yoast_head":"<!-- This site is optimized with the Yoast SEO Premium plugin v27.5 (Yoast SEO v27.6) - https:\/\/yoast.com\/product\/yoast-seo-premium-wordpress\/ -->\n<title>Pieza en T DREHMEISTER 3\/4&quot;-16 UNF para Manguera de Llenado de GLP | Recambios Ecogas<\/title>\n<meta name=\"description\" content=\"Pieza en T DREHMEISTER 3\/4&quot;-16 UNF, ideal para conectar mangueras de llenado de GLP en autocaravanas. Asegura un suministro seguro en sistemas de gas.\" \/>\n<meta name=\"robots\" content=\"index, follow, max-snippet:-1, max-image-preview:large, max-video-preview:-1\" \/>\n<link rel=\"canonical\" href=\"https:\/\/recambiosecogas.com\/it\/producto\/drehmeister-pieza-en-t-rosca-3-4-16-unf-para-manguera-de-llenado-de-glp-2\/\" \/>\n<meta property=\"og:locale\" content=\"it_IT\" \/>\n<meta property=\"og:type\" content=\"article\" \/>\n<meta property=\"og:title\" content=\"DREHMEISTER Pieza en T Rosca 3\/4&quot;-16 UNF para manguera de llenado de GLP\" \/>\n<meta property=\"og:description\" content=\"Pieza en T DREHMEISTER 3\/4&quot;-16 UNF, ideal para conectar mangueras de llenado de GLP en autocaravanas. Asegura un suministro seguro en sistemas de gas.\" \/>\n<meta property=\"og:url\" content=\"https:\/\/recambiosecogas.com\/it\/producto\/drehmeister-pieza-en-t-rosca-3-4-16-unf-para-manguera-de-llenado-de-glp-2\/\" \/>\n<meta property=\"og:site_name\" content=\"Recambios EcoGas\" \/>\n<meta property=\"article:publisher\" content=\"https:\/\/www.facebook.com\/profile.php?id=100062419705358\" \/>\n<meta property=\"article:modified_time\" content=\"2026-03-26T10:55:14+00:00\" \/>\n<meta property=\"og:image\" content=\"https:\/\/recambiosecogas.com\/wp-content\/uploads\/2025\/01\/DREHMEISTER-Pieza-en-T-Rosca-3-4-16-UNF-para-manguera-de-llenado-de-GLP-png.webp\" \/>\n\t<meta property=\"og:image:width\" content=\"1000\" \/>\n\t<meta property=\"og:image:height\" content=\"1000\" \/>\n\t<meta property=\"og:image:type\" content=\"image\/png\" \/>\n<meta name=\"twitter:card\" content=\"summary_large_image\" \/>\n<meta name=\"twitter:label1\" content=\"Prezzo\" \/>\n\t<meta name=\"twitter:data1\" content=\"17,46&nbsp;&euro; (Sin IVA: 14,43&nbsp;&euro;)\" \/>\n\t<meta name=\"twitter:label2\" content=\"Disponibilit\u00e0\" \/>\n\t<meta name=\"twitter:data2\" content=\"Su ordinazione\" \/>\n<script type=\"application\/ld+json\" class=\"yoast-schema-graph\">{\"@context\":\"https:\\\/\\\/schema.org\",\"@graph\":[{\"@type\":\"WebPage\",\"@id\":\"https:\\\/\\\/recambiosecogas.com\\\/it\\\/producto\\\/drehmeister-pieza-en-t-rosca-3-4-16-unf-para-manguera-de-llenado-de-glp-2\\\/\",\"url\":\"https:\\\/\\\/recambiosecogas.com\\\/it\\\/producto\\\/drehmeister-pieza-en-t-rosca-3-4-16-unf-para-manguera-de-llenado-de-glp-2\\\/\",\"name\":\"Pieza en T DREHMEISTER 3\\\/4\\\"-16 UNF para Manguera de Llenado de GLP | Recambios Ecogas\",\"isPartOf\":{\"@id\":\"https:\\\/\\\/recambiosecogas.com\\\/it\\\/#website\"},\"primaryImageOfPage\":{\"@id\":\"https:\\\/\\\/recambiosecogas.com\\\/it\\\/producto\\\/drehmeister-pieza-en-t-rosca-3-4-16-unf-para-manguera-de-llenado-de-glp-2\\\/#primaryimage\"},\"image\":{\"@id\":\"https:\\\/\\\/recambiosecogas.com\\\/it\\\/producto\\\/drehmeister-pieza-en-t-rosca-3-4-16-unf-para-manguera-de-llenado-de-glp-2\\\/#primaryimage\"},\"thumbnailUrl\":\"https:\\\/\\\/recambiosecogas.com\\\/wp-content\\\/uploads\\\/2025\\\/01\\\/DREHMEISTER-Pieza-en-T-Rosca-3-4-16-UNF-para-manguera-de-llenado-de-GLP-png.webp\",\"datePublished\":\"2025-01-21T09:40:47+00:00\",\"dateModified\":\"2026-03-26T10:55:14+00:00\",\"description\":\"Pieza en T DREHMEISTER 3\\\/4\\\"-16 UNF, ideal para conectar mangueras de llenado de GLP en autocaravanas. Asegura un suministro seguro en sistemas de gas.\",\"breadcrumb\":{\"@id\":\"https:\\\/\\\/recambiosecogas.com\\\/it\\\/producto\\\/drehmeister-pieza-en-t-rosca-3-4-16-unf-para-manguera-de-llenado-de-glp-2\\\/#breadcrumb\"},\"inLanguage\":\"it-IT\",\"potentialAction\":[{\"@type\":\"ReadAction\",\"target\":[\"https:\\\/\\\/recambiosecogas.com\\\/it\\\/producto\\\/drehmeister-pieza-en-t-rosca-3-4-16-unf-para-manguera-de-llenado-de-glp-2\\\/\"]}]},{\"@type\":\"ImageObject\",\"inLanguage\":\"it-IT\",\"@id\":\"https:\\\/\\\/recambiosecogas.com\\\/it\\\/producto\\\/drehmeister-pieza-en-t-rosca-3-4-16-unf-para-manguera-de-llenado-de-glp-2\\\/#primaryimage\",\"url\":\"https:\\\/\\\/recambiosecogas.com\\\/wp-content\\\/uploads\\\/2025\\\/01\\\/DREHMEISTER-Pieza-en-T-Rosca-3-4-16-UNF-para-manguera-de-llenado-de-GLP-png.webp\",\"contentUrl\":\"https:\\\/\\\/recambiosecogas.com\\\/wp-content\\\/uploads\\\/2025\\\/01\\\/DREHMEISTER-Pieza-en-T-Rosca-3-4-16-UNF-para-manguera-de-llenado-de-GLP-png.webp\",\"width\":1000,\"height\":1000},{\"@type\":\"BreadcrumbList\",\"@id\":\"https:\\\/\\\/recambiosecogas.com\\\/it\\\/producto\\\/drehmeister-pieza-en-t-rosca-3-4-16-unf-para-manguera-de-llenado-de-glp-2\\\/#breadcrumb\",\"itemListElement\":[{\"@type\":\"ListItem\",\"position\":1,\"name\":\"Portada\",\"item\":\"https:\\\/\\\/recambiosecogas.com\\\/it\\\/\"},{\"@type\":\"ListItem\",\"position\":2,\"name\":\"Negozio\",\"item\":\"https:\\\/\\\/recambiosecogas.com\\\/it\\\/?page_id=46382\"},{\"@type\":\"ListItem\",\"position\":3,\"name\":\"DREHMEISTER Pieza en T Rosca 3\\\/4&#8243;-16 UNF para manguera de llenado de GLP\"}]},{\"@type\":\"WebSite\",\"@id\":\"https:\\\/\\\/recambiosecogas.com\\\/it\\\/#website\",\"url\":\"https:\\\/\\\/recambiosecogas.com\\\/it\\\/\",\"name\":\"Recambios EcoGas\",\"description\":\"Recambios Multimarca para sistemas de GLP\\\/GNC\\\/GNL\\\/Hidr\u00f3geno\",\"publisher\":{\"@id\":\"https:\\\/\\\/recambiosecogas.com\\\/it\\\/#organization\"},\"alternateName\":\"Recambios Autogas GLP\",\"potentialAction\":[{\"@type\":\"SearchAction\",\"target\":{\"@type\":\"EntryPoint\",\"urlTemplate\":\"https:\\\/\\\/recambiosecogas.com\\\/it\\\/?s={search_term_string}\"},\"query-input\":{\"@type\":\"PropertyValueSpecification\",\"valueRequired\":true,\"valueName\":\"search_term_string\"}}],\"inLanguage\":\"it-IT\"},{\"@type\":[\"Organization\",\"Place\"],\"@id\":\"https:\\\/\\\/recambiosecogas.com\\\/it\\\/#organization\",\"name\":\"Recambios EcoGas\",\"alternateName\":\"Tienda Online GLP Espa\u00f1a\",\"url\":\"https:\\\/\\\/recambiosecogas.com\\\/it\\\/\",\"logo\":{\"@id\":\"https:\\\/\\\/recambiosecogas.com\\\/it\\\/producto\\\/drehmeister-pieza-en-t-rosca-3-4-16-unf-para-manguera-de-llenado-de-glp-2\\\/#local-main-organization-logo\"},\"image\":{\"@id\":\"https:\\\/\\\/recambiosecogas.com\\\/it\\\/producto\\\/drehmeister-pieza-en-t-rosca-3-4-16-unf-para-manguera-de-llenado-de-glp-2\\\/#local-main-organization-logo\"},\"sameAs\":[\"https:\\\/\\\/www.facebook.com\\\/profile.php?id=100062419705358\",\"https:\\\/\\\/www.instagram.com\\\/segimon_automocio\"],\"description\":\"Recambios EcoGas \u2013 Venta y distribuci\u00f3n de sistemas GLP y GNC en Espa\u00f1a y Portugal. Env\u00edos 24 h, soporte t\u00e9cnico a talleres y distribuidores.\",\"hasMerchantReturnPolicy\":{\"@type\":\"MerchantReturnPolicy\",\"merchantReturnLink\":\"https:\\\/\\\/recambiosecogas.com\\\/politicas-privacidad\\\/\"},\"address\":{\"@id\":\"https:\\\/\\\/recambiosecogas.com\\\/it\\\/producto\\\/drehmeister-pieza-en-t-rosca-3-4-16-unf-para-manguera-de-llenado-de-glp-2\\\/#local-main-place-address\"},\"telephone\":[\"616250633\"],\"contactPoint\":{\"@type\":\"ContactPoint\",\"email\":\"export@recambiosecogas.com\"},\"openingHoursSpecification\":[{\"@type\":\"OpeningHoursSpecification\",\"dayOfWeek\":[\"Monday\",\"Tuesday\",\"Wednesday\",\"Thursday\",\"Friday\",\"Saturday\",\"Sunday\"],\"opens\":\"09:00\",\"closes\":\"17:00\"}],\"email\":\"info@recambiosecogas.com\",\"faxNumber\":\"SEGIMON AUTOMOCION SL\",\"vatID\":\"ESB19819861\",\"globalLocationNumber\":\"938 616 339\"},{\"@type\":\"PostalAddress\",\"@id\":\"https:\\\/\\\/recambiosecogas.com\\\/it\\\/producto\\\/drehmeister-pieza-en-t-rosca-3-4-16-unf-para-manguera-de-llenado-de-glp-2\\\/#local-main-place-address\",\"streetAddress\":\"cami antic de vic, 29 (Nave 3), Pol\u00edgono Industrial Congost\",\"addressLocality\":\"CORRO D`AVALL\",\"postalCode\":\"08520\",\"addressRegion\":\"Barcelona\",\"addressCountry\":\"ES\"},{\"@type\":\"ImageObject\",\"inLanguage\":\"it-IT\",\"@id\":\"https:\\\/\\\/recambiosecogas.com\\\/it\\\/producto\\\/drehmeister-pieza-en-t-rosca-3-4-16-unf-para-manguera-de-llenado-de-glp-2\\\/#local-main-organization-logo\",\"url\":\"https:\\\/\\\/recambiosecogas.com\\\/wp-content\\\/uploads\\\/2024\\\/11\\\/cropped-RECAMBIOS-GLP-png.webp\",\"contentUrl\":\"https:\\\/\\\/recambiosecogas.com\\\/wp-content\\\/uploads\\\/2024\\\/11\\\/cropped-RECAMBIOS-GLP-png.webp\",\"width\":512,\"height\":512,\"caption\":\"Recambios EcoGas\"}]}<\/script>\n<meta property=\"product:brand\" content=\"ALUGAS\" \/>\n<meta property=\"product:price:amount\" content=\"17.46\" \/>\n<meta property=\"product:price:currency\" content=\"EUR\" \/>\n<meta property=\"og:availability\" content=\"backorder\" \/>\n<meta property=\"product:availability\" content=\"available for order\" \/>\n<meta property=\"product:retailer_item_id\" content=\"107256\" \/>\n<meta property=\"product:condition\" content=\"new\" \/>\n<meta name=\"geo.placename\" content=\"CORRO D`AVALL\" \/>\n<meta name=\"geo.region\" content=\"Spagna\" \/>\n<!-- \/ Yoast SEO Premium plugin. -->","yoast_head_json":{"title":"Pieza en T DREHMEISTER 3\/4\"-16 UNF para Manguera de Llenado de GLP | Recambios Ecogas","description":"Pieza en T DREHMEISTER 3\/4\"-16 UNF, ideal para conectar mangueras de llenado de GLP en autocaravanas. Asegura un suministro seguro en sistemas de gas.","robots":{"index":"index","follow":"follow","max-snippet":"max-snippet:-1","max-image-preview":"max-image-preview:large","max-video-preview":"max-video-preview:-1"},"canonical":"https:\/\/recambiosecogas.com\/it\/producto\/drehmeister-pieza-en-t-rosca-3-4-16-unf-para-manguera-de-llenado-de-glp-2\/","og_locale":"it_IT","og_type":"article","og_title":"DREHMEISTER Pieza en T Rosca 3\/4\"-16 UNF para manguera de llenado de GLP","og_description":"Pieza en T DREHMEISTER 3\/4\"-16 UNF, ideal para conectar mangueras de llenado de GLP en autocaravanas. Asegura un suministro seguro en sistemas de gas.","og_url":"https:\/\/recambiosecogas.com\/it\/producto\/drehmeister-pieza-en-t-rosca-3-4-16-unf-para-manguera-de-llenado-de-glp-2\/","og_site_name":"Recambios EcoGas","article_publisher":"https:\/\/www.facebook.com\/profile.php?id=100062419705358","article_modified_time":"2026-03-26T10:55:14+00:00","og_image":[{"width":1000,"height":1000,"url":"https:\/\/recambiosecogas.com\/wp-content\/uploads\/2025\/01\/DREHMEISTER-Pieza-en-T-Rosca-3-4-16-UNF-para-manguera-de-llenado-de-GLP-png.webp","type":"image\/png"}],"twitter_card":"summary_large_image","twitter_misc":{"Prezzo":"17,46&nbsp;&euro; (Sin IVA: 14,43&nbsp;&euro;)","Disponibilit\u00e0":"Su ordinazione"},"schema":{"@context":"https:\/\/schema.org","@graph":[{"@type":"WebPage","@id":"https:\/\/recambiosecogas.com\/it\/producto\/drehmeister-pieza-en-t-rosca-3-4-16-unf-para-manguera-de-llenado-de-glp-2\/","url":"https:\/\/recambiosecogas.com\/it\/producto\/drehmeister-pieza-en-t-rosca-3-4-16-unf-para-manguera-de-llenado-de-glp-2\/","name":"Pieza en T DREHMEISTER 3\/4\"-16 UNF para Manguera de Llenado de GLP | Recambios Ecogas","isPartOf":{"@id":"https:\/\/recambiosecogas.com\/it\/#website"},"primaryImageOfPage":{"@id":"https:\/\/recambiosecogas.com\/it\/producto\/drehmeister-pieza-en-t-rosca-3-4-16-unf-para-manguera-de-llenado-de-glp-2\/#primaryimage"},"image":{"@id":"https:\/\/recambiosecogas.com\/it\/producto\/drehmeister-pieza-en-t-rosca-3-4-16-unf-para-manguera-de-llenado-de-glp-2\/#primaryimage"},"thumbnailUrl":"https:\/\/recambiosecogas.com\/wp-content\/uploads\/2025\/01\/DREHMEISTER-Pieza-en-T-Rosca-3-4-16-UNF-para-manguera-de-llenado-de-GLP-png.webp","datePublished":"2025-01-21T09:40:47+00:00","dateModified":"2026-03-26T10:55:14+00:00","description":"Pieza en T DREHMEISTER 3\/4\"-16 UNF, ideal para conectar mangueras de llenado de GLP en autocaravanas. Asegura un suministro seguro en sistemas de gas.","breadcrumb":{"@id":"https:\/\/recambiosecogas.com\/it\/producto\/drehmeister-pieza-en-t-rosca-3-4-16-unf-para-manguera-de-llenado-de-glp-2\/#breadcrumb"},"inLanguage":"it-IT","potentialAction":[{"@type":"ReadAction","target":["https:\/\/recambiosecogas.com\/it\/producto\/drehmeister-pieza-en-t-rosca-3-4-16-unf-para-manguera-de-llenado-de-glp-2\/"]}]},{"@type":"ImageObject","inLanguage":"it-IT","@id":"https:\/\/recambiosecogas.com\/it\/producto\/drehmeister-pieza-en-t-rosca-3-4-16-unf-para-manguera-de-llenado-de-glp-2\/#primaryimage","url":"https:\/\/recambiosecogas.com\/wp-content\/uploads\/2025\/01\/DREHMEISTER-Pieza-en-T-Rosca-3-4-16-UNF-para-manguera-de-llenado-de-GLP-png.webp","contentUrl":"https:\/\/recambiosecogas.com\/wp-content\/uploads\/2025\/01\/DREHMEISTER-Pieza-en-T-Rosca-3-4-16-UNF-para-manguera-de-llenado-de-GLP-png.webp","width":1000,"height":1000},{"@type":"BreadcrumbList","@id":"https:\/\/recambiosecogas.com\/it\/producto\/drehmeister-pieza-en-t-rosca-3-4-16-unf-para-manguera-de-llenado-de-glp-2\/#breadcrumb","itemListElement":[{"@type":"ListItem","position":1,"name":"Portada","item":"https:\/\/recambiosecogas.com\/it\/"},{"@type":"ListItem","position":2,"name":"Negozio","item":"https:\/\/recambiosecogas.com\/it\/?page_id=46382"},{"@type":"ListItem","position":3,"name":"DREHMEISTER Pieza en T Rosca 3\/4&#8243;-16 UNF para manguera de llenado de GLP"}]},{"@type":"WebSite","@id":"https:\/\/recambiosecogas.com\/it\/#website","url":"https:\/\/recambiosecogas.com\/it\/","name":"Recambios EcoGas","description":"Recambios Multimarca para sistemas de GLP\/GNC\/GNL\/Hidr\u00f3geno","publisher":{"@id":"https:\/\/recambiosecogas.com\/it\/#organization"},"alternateName":"Recambios Autogas GLP","potentialAction":[{"@type":"SearchAction","target":{"@type":"EntryPoint","urlTemplate":"https:\/\/recambiosecogas.com\/it\/?s={search_term_string}"},"query-input":{"@type":"PropertyValueSpecification","valueRequired":true,"valueName":"search_term_string"}}],"inLanguage":"it-IT"},{"@type":["Organization","Place"],"@id":"https:\/\/recambiosecogas.com\/it\/#organization","name":"Recambios EcoGas","alternateName":"Tienda Online GLP Espa\u00f1a","url":"https:\/\/recambiosecogas.com\/it\/","logo":{"@id":"https:\/\/recambiosecogas.com\/it\/producto\/drehmeister-pieza-en-t-rosca-3-4-16-unf-para-manguera-de-llenado-de-glp-2\/#local-main-organization-logo"},"image":{"@id":"https:\/\/recambiosecogas.com\/it\/producto\/drehmeister-pieza-en-t-rosca-3-4-16-unf-para-manguera-de-llenado-de-glp-2\/#local-main-organization-logo"},"sameAs":["https:\/\/www.facebook.com\/profile.php?id=100062419705358","https:\/\/www.instagram.com\/segimon_automocio"],"description":"Recambios EcoGas \u2013 Venta y distribuci\u00f3n de sistemas GLP y GNC en Espa\u00f1a y Portugal. Env\u00edos 24 h, soporte t\u00e9cnico a talleres y distribuidores.","hasMerchantReturnPolicy":{"@type":"MerchantReturnPolicy","merchantReturnLink":"https:\/\/recambiosecogas.com\/politicas-privacidad\/"},"address":{"@id":"https:\/\/recambiosecogas.com\/it\/producto\/drehmeister-pieza-en-t-rosca-3-4-16-unf-para-manguera-de-llenado-de-glp-2\/#local-main-place-address"},"telephone":["616250633"],"contactPoint":{"@type":"ContactPoint","email":"export@recambiosecogas.com"},"openingHoursSpecification":[{"@type":"OpeningHoursSpecification","dayOfWeek":["Monday","Tuesday","Wednesday","Thursday","Friday","Saturday","Sunday"],"opens":"09:00","closes":"17:00"}],"email":"info@recambiosecogas.com","faxNumber":"SEGIMON AUTOMOCION SL","vatID":"ESB19819861","globalLocationNumber":"938 616 339"},{"@type":"PostalAddress","@id":"https:\/\/recambiosecogas.com\/it\/producto\/drehmeister-pieza-en-t-rosca-3-4-16-unf-para-manguera-de-llenado-de-glp-2\/#local-main-place-address","streetAddress":"cami antic de vic, 29 (Nave 3), Pol\u00edgono Industrial Congost","addressLocality":"CORRO D`AVALL","postalCode":"08520","addressRegion":"Barcelona","addressCountry":"ES"},{"@type":"ImageObject","inLanguage":"it-IT","@id":"https:\/\/recambiosecogas.com\/it\/producto\/drehmeister-pieza-en-t-rosca-3-4-16-unf-para-manguera-de-llenado-de-glp-2\/#local-main-organization-logo","url":"https:\/\/recambiosecogas.com\/wp-content\/uploads\/2024\/11\/cropped-RECAMBIOS-GLP-png.webp","contentUrl":"https:\/\/recambiosecogas.com\/wp-content\/uploads\/2024\/11\/cropped-RECAMBIOS-GLP-png.webp","width":512,"height":512,"caption":"Recambios EcoGas"}]},"product_brand":"ALUGAS","product_price_amount":"17.46","product_price_currency":"EUR","og_availability":"backorder","product_availability":"available for order","product_retailer_item_id":"107256","product_condition":"new","geo.placename":"CORRO D`AVALL","geo.region":"Spagna"},"uagb_featured_image_src":{"full":["https:\/\/recambiosecogas.com\/wp-content\/uploads\/2025\/01\/DREHMEISTER-Pieza-en-T-Rosca-3-4-16-UNF-para-manguera-de-llenado-de-GLP-png.webp",1000,1000,false],"thumbnail":["https:\/\/recambiosecogas.com\/wp-content\/uploads\/2025\/01\/DREHMEISTER-Pieza-en-T-Rosca-3-4-16-UNF-para-manguera-de-llenado-de-GLP-150x150.webp",150,150,true],"medium":["https:\/\/recambiosecogas.com\/wp-content\/uploads\/2025\/01\/DREHMEISTER-Pieza-en-T-Rosca-3-4-16-UNF-para-manguera-de-llenado-de-GLP-300x300.webp",300,300,true],"medium_large":["https:\/\/recambiosecogas.com\/wp-content\/uploads\/2025\/01\/DREHMEISTER-Pieza-en-T-Rosca-3-4-16-UNF-para-manguera-de-llenado-de-GLP-768x768.webp",768,768,true],"large":["https:\/\/recambiosecogas.com\/wp-content\/uploads\/2025\/01\/DREHMEISTER-Pieza-en-T-Rosca-3-4-16-UNF-para-manguera-de-llenado-de-GLP-png.webp",1000,1000,false],"1536x1536":["https:\/\/recambiosecogas.com\/wp-content\/uploads\/2025\/01\/DREHMEISTER-Pieza-en-T-Rosca-3-4-16-UNF-para-manguera-de-llenado-de-GLP-png.webp",1000,1000,false],"2048x2048":["https:\/\/recambiosecogas.com\/wp-content\/uploads\/2025\/01\/DREHMEISTER-Pieza-en-T-Rosca-3-4-16-UNF-para-manguera-de-llenado-de-GLP-png.webp",1000,1000,false],"woocommerce_archive_thumbnail":["https:\/\/recambiosecogas.com\/wp-content\/uploads\/2025\/01\/DREHMEISTER-Pieza-en-T-Rosca-3-4-16-UNF-para-manguera-de-llenado-de-GLP-png.webp",1000,1000,false],"woocommerce_thumbnail":["https:\/\/recambiosecogas.com\/wp-content\/uploads\/2025\/01\/DREHMEISTER-Pieza-en-T-Rosca-3-4-16-UNF-para-manguera-de-llenado-de-GLP-300x300.webp",300,300,true],"woocommerce_single":["https:\/\/recambiosecogas.com\/wp-content\/uploads\/2025\/01\/DREHMEISTER-Pieza-en-T-Rosca-3-4-16-UNF-para-manguera-de-llenado-de-GLP-png.webp",1000,1000,false],"woocommerce_gallery_thumbnail":["https:\/\/recambiosecogas.com\/wp-content\/uploads\/2025\/01\/DREHMEISTER-Pieza-en-T-Rosca-3-4-16-UNF-para-manguera-de-llenado-de-GLP-png.webp",1000,1000,false],"dgwt-wcas-product-suggestion":["https:\/\/recambiosecogas.com\/wp-content\/uploads\/2025\/01\/DREHMEISTER-Pieza-en-T-Rosca-3-4-16-UNF-para-manguera-de-llenado-de-GLP-64x64.webp",64,64,true]},"uagb_author_info":{"display_name":"Fran - Soporte T\u00e9cnico","author_link":"https:\/\/recambiosecogas.com\/it\/author\/"},"uagb_comment_info":0,"uagb_excerpt":"DREHMEISTER","_links":{"self":[{"href":"https:\/\/recambiosecogas.com\/it\/wp-json\/wp\/v2\/product\/15830","targetHints":{"allow":["GET"]}}],"collection":[{"href":"https:\/\/recambiosecogas.com\/it\/wp-json\/wp\/v2\/product"}],"about":[{"href":"https:\/\/recambiosecogas.com\/it\/wp-json\/wp\/v2\/types\/product"}],"replies":[{"embeddable":true,"href":"https:\/\/recambiosecogas.com\/it\/wp-json\/wp\/v2\/comments?post=15830"}],"wp:featuredmedia":[{"embeddable":true,"href":"https:\/\/recambiosecogas.com\/it\/wp-json\/wp\/v2\/media\/16921"}],"wp:attachment":[{"href":"https:\/\/recambiosecogas.com\/it\/wp-json\/wp\/v2\/media?parent=15830"}],"wp:term":[{"taxonomy":"product_brand","embeddable":true,"href":"https:\/\/recambiosecogas.com\/it\/wp-json\/wp\/v2\/product_brand?post=15830"},{"taxonomy":"product_cat","embeddable":true,"href":"https:\/\/recambiosecogas.com\/it\/wp-json\/wp\/v2\/product_cat?post=15830"},{"taxonomy":"product_tag","embeddable":true,"href":"https:\/\/recambiosecogas.com\/it\/wp-json\/wp\/v2\/product_tag?post=15830"}],"curies":[{"name":"wp","href":"https:\/\/api.w.org\/{rel}","templated":true}]}}