{"id":15827,"date":"2025-01-21T10:40:45","date_gmt":"2025-01-21T09:40:45","guid":{"rendered":"https:\/\/recambiosecogas.com\/producto\/conector-para-manguera-de-llenado-2-x-rosca-externa\/"},"modified":"2026-03-26T11:55:09","modified_gmt":"2026-03-26T10:55:09","slug":"conector-para-manguera-de-llenado-2-x-rosca-externa","status":"publish","type":"product","link":"https:\/\/recambiosecogas.com\/it\/producto\/conector-para-manguera-de-llenado-2-x-rosca-externa\/","title":{"rendered":"Conector para manguera de llenado 2 x rosca externa"},"content":{"rendered":"<p>El <strong>conector para manguera de llenado GLP<\/strong> es un componente esencial para sistemas de repostaje de gas. Dise\u00f1ado para facilitar la conexi\u00f3n de dos mangueras de llenado, este conector permite extender la manguera de repostaje en veh\u00edculos que utilizan <strong>Autogas<\/strong> y en autocaravanas con sistema de repostaje externo.<\/p>\n<p>Este conector es fundamental para asegurar un flujo adecuado de gas durante el proceso de llenado, lo que contribuye a un repostaje m\u00e1s eficiente y seguro. Su dise\u00f1o robusto garantiza una conexi\u00f3n segura, minimizando el riesgo de fugas y asegurando el correcto funcionamiento del sistema de combustible.<\/p>\n<p>Es recomendable utilizar este conector cuando se necesite reemplazar o extender las mangueras de repostaje existentes. Antes de realizar la compra, es importante verificar la compatibilidad con las mangueras y sistemas de repostaje que se est\u00e9n utilizando.<\/p>\n<p>Si no se reemplaza o se utiliza un conector defectuoso, pueden ocurrir fugas de gas, lo que representa un riesgo tanto para la seguridad del veh\u00edculo como para el rendimiento del sistema de Autogas. Por lo tanto, se aconseja revisar regularmente las conexiones y reemplazar cualquier componente que presente signos de desgaste.<\/p>\n<h4>Compatibilidad<\/h4>\n<p>Compatible con sistemas de <strong>Autogas<\/strong> que utilizan mangueras de llenado. Se recomienda verificar la referencia original antes de realizar la compra.<\/p>\n","protected":false},"excerpt":{"rendered":"<p>Conector para manguera de llenado de GLP, ideal para prolongar el repostaje en veh\u00edculos y autocaravanas. Asegura un suministro eficiente de gas.<\/p>\n","protected":false},"featured_media":16933,"comment_status":"open","ping_status":"closed","template":"","meta":{"_uag_custom_page_level_css":""},"product_brand":[611],"product_cat":[1615,1401,1407],"product_tag":[],"class_list":{"0":"post-15827","1":"product","2":"type-product","3":"status-publish","4":"has-post-thumbnail","6":"product_brand-drehmeister","7":"product_cat-mangueira-de-enchimento","8":"product_cat-mangueiras-autocaravanas","9":"product_cat-mangueiras-de-enchimento","11":"first","12":"instock","13":"taxable","14":"shipping-taxable","15":"purchasable","16":"product-type-simple"},"ct_brands":[{"id":611,"name":"DREHMEISTER","slug":"drehmeister"}],"yoast_head":"<!-- This site is optimized with the Yoast SEO Premium plugin v27.5 (Yoast SEO v27.6) - https:\/\/yoast.com\/product\/yoast-seo-premium-wordpress\/ -->\n<title>Conector para Manguera de Llenado GLP | Recambios Ecogas<\/title>\n<meta name=\"description\" content=\"Conector para manguera de llenado de GLP, ideal para prolongar el repostaje en veh\u00edculos y autocaravanas. Asegura un suministro eficiente de gas.\" \/>\n<meta name=\"robots\" content=\"index, follow, max-snippet:-1, max-image-preview:large, max-video-preview:-1\" \/>\n<link rel=\"canonical\" href=\"https:\/\/recambiosecogas.com\/it\/producto\/conector-para-manguera-de-llenado-2-x-rosca-externa\/\" \/>\n<meta property=\"og:locale\" content=\"it_IT\" \/>\n<meta property=\"og:type\" content=\"article\" \/>\n<meta property=\"og:title\" content=\"Conector para manguera de llenado 2 x rosca externa\" \/>\n<meta property=\"og:description\" content=\"Conector para manguera de llenado de GLP, ideal para prolongar el repostaje en veh\u00edculos y autocaravanas. Asegura un suministro eficiente de gas.\" \/>\n<meta property=\"og:url\" content=\"https:\/\/recambiosecogas.com\/it\/producto\/conector-para-manguera-de-llenado-2-x-rosca-externa\/\" \/>\n<meta property=\"og:site_name\" content=\"Recambios EcoGas\" \/>\n<meta property=\"article:publisher\" content=\"https:\/\/www.facebook.com\/profile.php?id=100062419705358\" \/>\n<meta property=\"article:modified_time\" content=\"2026-03-26T10:55:09+00:00\" \/>\n<meta property=\"og:image\" content=\"https:\/\/recambiosecogas.com\/wp-content\/uploads\/2025\/01\/Conector-para-manguera-de-llenado-2-x-rosca-externa-png.webp\" \/>\n\t<meta property=\"og:image:width\" content=\"1000\" \/>\n\t<meta property=\"og:image:height\" content=\"1000\" \/>\n\t<meta property=\"og:image:type\" content=\"image\/png\" \/>\n<meta name=\"twitter:card\" content=\"summary_large_image\" \/>\n<meta name=\"twitter:label1\" content=\"Prezzo\" \/>\n\t<meta name=\"twitter:data1\" content=\"6,24&nbsp;&euro; (Sin IVA: 5,16&nbsp;&euro;)\" \/>\n\t<meta name=\"twitter:label2\" content=\"Disponibilit\u00e0\" \/>\n\t<meta name=\"twitter:data2\" content=\"In stock\" \/>\n<script type=\"application\/ld+json\" class=\"yoast-schema-graph\">{\"@context\":\"https:\\\/\\\/schema.org\",\"@graph\":[{\"@type\":\"WebPage\",\"@id\":\"https:\\\/\\\/recambiosecogas.com\\\/it\\\/producto\\\/conector-para-manguera-de-llenado-2-x-rosca-externa\\\/\",\"url\":\"https:\\\/\\\/recambiosecogas.com\\\/it\\\/producto\\\/conector-para-manguera-de-llenado-2-x-rosca-externa\\\/\",\"name\":\"Conector para Manguera de Llenado GLP | Recambios Ecogas\",\"isPartOf\":{\"@id\":\"https:\\\/\\\/recambiosecogas.com\\\/it\\\/#website\"},\"primaryImageOfPage\":{\"@id\":\"https:\\\/\\\/recambiosecogas.com\\\/it\\\/producto\\\/conector-para-manguera-de-llenado-2-x-rosca-externa\\\/#primaryimage\"},\"image\":{\"@id\":\"https:\\\/\\\/recambiosecogas.com\\\/it\\\/producto\\\/conector-para-manguera-de-llenado-2-x-rosca-externa\\\/#primaryimage\"},\"thumbnailUrl\":\"https:\\\/\\\/recambiosecogas.com\\\/wp-content\\\/uploads\\\/2025\\\/01\\\/Conector-para-manguera-de-llenado-2-x-rosca-externa-png.webp\",\"datePublished\":\"2025-01-21T09:40:45+00:00\",\"dateModified\":\"2026-03-26T10:55:09+00:00\",\"description\":\"Conector para manguera de llenado de GLP, ideal para prolongar el repostaje en veh\u00edculos y autocaravanas. Asegura un suministro eficiente de gas.\",\"breadcrumb\":{\"@id\":\"https:\\\/\\\/recambiosecogas.com\\\/it\\\/producto\\\/conector-para-manguera-de-llenado-2-x-rosca-externa\\\/#breadcrumb\"},\"inLanguage\":\"it-IT\",\"potentialAction\":[{\"@type\":\"ReadAction\",\"target\":[\"https:\\\/\\\/recambiosecogas.com\\\/it\\\/producto\\\/conector-para-manguera-de-llenado-2-x-rosca-externa\\\/\"]}]},{\"@type\":\"ImageObject\",\"inLanguage\":\"it-IT\",\"@id\":\"https:\\\/\\\/recambiosecogas.com\\\/it\\\/producto\\\/conector-para-manguera-de-llenado-2-x-rosca-externa\\\/#primaryimage\",\"url\":\"https:\\\/\\\/recambiosecogas.com\\\/wp-content\\\/uploads\\\/2025\\\/01\\\/Conector-para-manguera-de-llenado-2-x-rosca-externa-png.webp\",\"contentUrl\":\"https:\\\/\\\/recambiosecogas.com\\\/wp-content\\\/uploads\\\/2025\\\/01\\\/Conector-para-manguera-de-llenado-2-x-rosca-externa-png.webp\",\"width\":1000,\"height\":1000},{\"@type\":\"BreadcrumbList\",\"@id\":\"https:\\\/\\\/recambiosecogas.com\\\/it\\\/producto\\\/conector-para-manguera-de-llenado-2-x-rosca-externa\\\/#breadcrumb\",\"itemListElement\":[{\"@type\":\"ListItem\",\"position\":1,\"name\":\"Portada\",\"item\":\"https:\\\/\\\/recambiosecogas.com\\\/it\\\/\"},{\"@type\":\"ListItem\",\"position\":2,\"name\":\"Negozio\",\"item\":\"https:\\\/\\\/recambiosecogas.com\\\/it\\\/?page_id=46382\"},{\"@type\":\"ListItem\",\"position\":3,\"name\":\"Conector para manguera de llenado 2 x rosca externa\"}]},{\"@type\":\"WebSite\",\"@id\":\"https:\\\/\\\/recambiosecogas.com\\\/it\\\/#website\",\"url\":\"https:\\\/\\\/recambiosecogas.com\\\/it\\\/\",\"name\":\"Recambios EcoGas\",\"description\":\"Recambios Multimarca para sistemas de GLP\\\/GNC\\\/GNL\\\/Hidr\u00f3geno\",\"publisher\":{\"@id\":\"https:\\\/\\\/recambiosecogas.com\\\/it\\\/#organization\"},\"alternateName\":\"Recambios Autogas GLP\",\"potentialAction\":[{\"@type\":\"SearchAction\",\"target\":{\"@type\":\"EntryPoint\",\"urlTemplate\":\"https:\\\/\\\/recambiosecogas.com\\\/it\\\/?s={search_term_string}\"},\"query-input\":{\"@type\":\"PropertyValueSpecification\",\"valueRequired\":true,\"valueName\":\"search_term_string\"}}],\"inLanguage\":\"it-IT\"},{\"@type\":[\"Organization\",\"Place\"],\"@id\":\"https:\\\/\\\/recambiosecogas.com\\\/it\\\/#organization\",\"name\":\"Recambios EcoGas\",\"alternateName\":\"Tienda Online GLP Espa\u00f1a\",\"url\":\"https:\\\/\\\/recambiosecogas.com\\\/it\\\/\",\"logo\":{\"@id\":\"https:\\\/\\\/recambiosecogas.com\\\/it\\\/producto\\\/conector-para-manguera-de-llenado-2-x-rosca-externa\\\/#local-main-organization-logo\"},\"image\":{\"@id\":\"https:\\\/\\\/recambiosecogas.com\\\/it\\\/producto\\\/conector-para-manguera-de-llenado-2-x-rosca-externa\\\/#local-main-organization-logo\"},\"sameAs\":[\"https:\\\/\\\/www.facebook.com\\\/profile.php?id=100062419705358\",\"https:\\\/\\\/www.instagram.com\\\/segimon_automocio\"],\"description\":\"Recambios EcoGas \u2013 Venta y distribuci\u00f3n de sistemas GLP y GNC en Espa\u00f1a y Portugal. Env\u00edos 24 h, soporte t\u00e9cnico a talleres y distribuidores.\",\"hasMerchantReturnPolicy\":{\"@type\":\"MerchantReturnPolicy\",\"merchantReturnLink\":\"https:\\\/\\\/recambiosecogas.com\\\/politicas-privacidad\\\/\"},\"address\":{\"@id\":\"https:\\\/\\\/recambiosecogas.com\\\/it\\\/producto\\\/conector-para-manguera-de-llenado-2-x-rosca-externa\\\/#local-main-place-address\"},\"telephone\":[\"616250633\"],\"contactPoint\":{\"@type\":\"ContactPoint\",\"email\":\"export@recambiosecogas.com\"},\"openingHoursSpecification\":[{\"@type\":\"OpeningHoursSpecification\",\"dayOfWeek\":[\"Monday\",\"Tuesday\",\"Wednesday\",\"Thursday\",\"Friday\",\"Saturday\",\"Sunday\"],\"opens\":\"09:00\",\"closes\":\"17:00\"}],\"email\":\"info@recambiosecogas.com\",\"faxNumber\":\"SEGIMON AUTOMOCION SL\",\"vatID\":\"ESB19819861\",\"globalLocationNumber\":\"938 616 339\"},{\"@type\":\"PostalAddress\",\"@id\":\"https:\\\/\\\/recambiosecogas.com\\\/it\\\/producto\\\/conector-para-manguera-de-llenado-2-x-rosca-externa\\\/#local-main-place-address\",\"streetAddress\":\"cami antic de vic, 29 (Nave 3), Pol\u00edgono Industrial Congost\",\"addressLocality\":\"CORRO D`AVALL\",\"postalCode\":\"08520\",\"addressRegion\":\"Barcelona\",\"addressCountry\":\"ES\"},{\"@type\":\"ImageObject\",\"inLanguage\":\"it-IT\",\"@id\":\"https:\\\/\\\/recambiosecogas.com\\\/it\\\/producto\\\/conector-para-manguera-de-llenado-2-x-rosca-externa\\\/#local-main-organization-logo\",\"url\":\"https:\\\/\\\/recambiosecogas.com\\\/wp-content\\\/uploads\\\/2024\\\/11\\\/cropped-RECAMBIOS-GLP-png.webp\",\"contentUrl\":\"https:\\\/\\\/recambiosecogas.com\\\/wp-content\\\/uploads\\\/2024\\\/11\\\/cropped-RECAMBIOS-GLP-png.webp\",\"width\":512,\"height\":512,\"caption\":\"Recambios EcoGas\"}]}<\/script>\n<meta property=\"product:brand\" content=\"DREHMEISTER\" \/>\n<meta property=\"product:price:amount\" content=\"6.24\" \/>\n<meta property=\"product:price:currency\" content=\"EUR\" \/>\n<meta property=\"og:availability\" content=\"instock\" \/>\n<meta property=\"product:availability\" content=\"instock\" \/>\n<meta property=\"product:retailer_item_id\" content=\"103567\" \/>\n<meta property=\"product:condition\" content=\"new\" \/>\n<meta name=\"geo.placename\" content=\"CORRO D`AVALL\" \/>\n<meta name=\"geo.region\" content=\"Spagna\" \/>\n<!-- \/ Yoast SEO Premium plugin. -->","yoast_head_json":{"title":"Conector para Manguera de Llenado GLP | Recambios Ecogas","description":"Conector para manguera de llenado de GLP, ideal para prolongar el repostaje en veh\u00edculos y autocaravanas. Asegura un suministro eficiente de gas.","robots":{"index":"index","follow":"follow","max-snippet":"max-snippet:-1","max-image-preview":"max-image-preview:large","max-video-preview":"max-video-preview:-1"},"canonical":"https:\/\/recambiosecogas.com\/it\/producto\/conector-para-manguera-de-llenado-2-x-rosca-externa\/","og_locale":"it_IT","og_type":"article","og_title":"Conector para manguera de llenado 2 x rosca externa","og_description":"Conector para manguera de llenado de GLP, ideal para prolongar el repostaje en veh\u00edculos y autocaravanas. Asegura un suministro eficiente de gas.","og_url":"https:\/\/recambiosecogas.com\/it\/producto\/conector-para-manguera-de-llenado-2-x-rosca-externa\/","og_site_name":"Recambios EcoGas","article_publisher":"https:\/\/www.facebook.com\/profile.php?id=100062419705358","article_modified_time":"2026-03-26T10:55:09+00:00","og_image":[{"width":1000,"height":1000,"url":"https:\/\/recambiosecogas.com\/wp-content\/uploads\/2025\/01\/Conector-para-manguera-de-llenado-2-x-rosca-externa-png.webp","type":"image\/png"}],"twitter_card":"summary_large_image","twitter_misc":{"Prezzo":"6,24&nbsp;&euro; (Sin IVA: 5,16&nbsp;&euro;)","Disponibilit\u00e0":"In stock"},"schema":{"@context":"https:\/\/schema.org","@graph":[{"@type":"WebPage","@id":"https:\/\/recambiosecogas.com\/it\/producto\/conector-para-manguera-de-llenado-2-x-rosca-externa\/","url":"https:\/\/recambiosecogas.com\/it\/producto\/conector-para-manguera-de-llenado-2-x-rosca-externa\/","name":"Conector para Manguera de Llenado GLP | Recambios Ecogas","isPartOf":{"@id":"https:\/\/recambiosecogas.com\/it\/#website"},"primaryImageOfPage":{"@id":"https:\/\/recambiosecogas.com\/it\/producto\/conector-para-manguera-de-llenado-2-x-rosca-externa\/#primaryimage"},"image":{"@id":"https:\/\/recambiosecogas.com\/it\/producto\/conector-para-manguera-de-llenado-2-x-rosca-externa\/#primaryimage"},"thumbnailUrl":"https:\/\/recambiosecogas.com\/wp-content\/uploads\/2025\/01\/Conector-para-manguera-de-llenado-2-x-rosca-externa-png.webp","datePublished":"2025-01-21T09:40:45+00:00","dateModified":"2026-03-26T10:55:09+00:00","description":"Conector para manguera de llenado de GLP, ideal para prolongar el repostaje en veh\u00edculos y autocaravanas. Asegura un suministro eficiente de gas.","breadcrumb":{"@id":"https:\/\/recambiosecogas.com\/it\/producto\/conector-para-manguera-de-llenado-2-x-rosca-externa\/#breadcrumb"},"inLanguage":"it-IT","potentialAction":[{"@type":"ReadAction","target":["https:\/\/recambiosecogas.com\/it\/producto\/conector-para-manguera-de-llenado-2-x-rosca-externa\/"]}]},{"@type":"ImageObject","inLanguage":"it-IT","@id":"https:\/\/recambiosecogas.com\/it\/producto\/conector-para-manguera-de-llenado-2-x-rosca-externa\/#primaryimage","url":"https:\/\/recambiosecogas.com\/wp-content\/uploads\/2025\/01\/Conector-para-manguera-de-llenado-2-x-rosca-externa-png.webp","contentUrl":"https:\/\/recambiosecogas.com\/wp-content\/uploads\/2025\/01\/Conector-para-manguera-de-llenado-2-x-rosca-externa-png.webp","width":1000,"height":1000},{"@type":"BreadcrumbList","@id":"https:\/\/recambiosecogas.com\/it\/producto\/conector-para-manguera-de-llenado-2-x-rosca-externa\/#breadcrumb","itemListElement":[{"@type":"ListItem","position":1,"name":"Portada","item":"https:\/\/recambiosecogas.com\/it\/"},{"@type":"ListItem","position":2,"name":"Negozio","item":"https:\/\/recambiosecogas.com\/it\/?page_id=46382"},{"@type":"ListItem","position":3,"name":"Conector para manguera de llenado 2 x rosca externa"}]},{"@type":"WebSite","@id":"https:\/\/recambiosecogas.com\/it\/#website","url":"https:\/\/recambiosecogas.com\/it\/","name":"Recambios EcoGas","description":"Recambios Multimarca para sistemas de GLP\/GNC\/GNL\/Hidr\u00f3geno","publisher":{"@id":"https:\/\/recambiosecogas.com\/it\/#organization"},"alternateName":"Recambios Autogas GLP","potentialAction":[{"@type":"SearchAction","target":{"@type":"EntryPoint","urlTemplate":"https:\/\/recambiosecogas.com\/it\/?s={search_term_string}"},"query-input":{"@type":"PropertyValueSpecification","valueRequired":true,"valueName":"search_term_string"}}],"inLanguage":"it-IT"},{"@type":["Organization","Place"],"@id":"https:\/\/recambiosecogas.com\/it\/#organization","name":"Recambios EcoGas","alternateName":"Tienda Online GLP Espa\u00f1a","url":"https:\/\/recambiosecogas.com\/it\/","logo":{"@id":"https:\/\/recambiosecogas.com\/it\/producto\/conector-para-manguera-de-llenado-2-x-rosca-externa\/#local-main-organization-logo"},"image":{"@id":"https:\/\/recambiosecogas.com\/it\/producto\/conector-para-manguera-de-llenado-2-x-rosca-externa\/#local-main-organization-logo"},"sameAs":["https:\/\/www.facebook.com\/profile.php?id=100062419705358","https:\/\/www.instagram.com\/segimon_automocio"],"description":"Recambios EcoGas \u2013 Venta y distribuci\u00f3n de sistemas GLP y GNC en Espa\u00f1a y Portugal. Env\u00edos 24 h, soporte t\u00e9cnico a talleres y distribuidores.","hasMerchantReturnPolicy":{"@type":"MerchantReturnPolicy","merchantReturnLink":"https:\/\/recambiosecogas.com\/politicas-privacidad\/"},"address":{"@id":"https:\/\/recambiosecogas.com\/it\/producto\/conector-para-manguera-de-llenado-2-x-rosca-externa\/#local-main-place-address"},"telephone":["616250633"],"contactPoint":{"@type":"ContactPoint","email":"export@recambiosecogas.com"},"openingHoursSpecification":[{"@type":"OpeningHoursSpecification","dayOfWeek":["Monday","Tuesday","Wednesday","Thursday","Friday","Saturday","Sunday"],"opens":"09:00","closes":"17:00"}],"email":"info@recambiosecogas.com","faxNumber":"SEGIMON AUTOMOCION SL","vatID":"ESB19819861","globalLocationNumber":"938 616 339"},{"@type":"PostalAddress","@id":"https:\/\/recambiosecogas.com\/it\/producto\/conector-para-manguera-de-llenado-2-x-rosca-externa\/#local-main-place-address","streetAddress":"cami antic de vic, 29 (Nave 3), Pol\u00edgono Industrial Congost","addressLocality":"CORRO D`AVALL","postalCode":"08520","addressRegion":"Barcelona","addressCountry":"ES"},{"@type":"ImageObject","inLanguage":"it-IT","@id":"https:\/\/recambiosecogas.com\/it\/producto\/conector-para-manguera-de-llenado-2-x-rosca-externa\/#local-main-organization-logo","url":"https:\/\/recambiosecogas.com\/wp-content\/uploads\/2024\/11\/cropped-RECAMBIOS-GLP-png.webp","contentUrl":"https:\/\/recambiosecogas.com\/wp-content\/uploads\/2024\/11\/cropped-RECAMBIOS-GLP-png.webp","width":512,"height":512,"caption":"Recambios EcoGas"}]},"product_brand":"DREHMEISTER","product_price_amount":"6.24","product_price_currency":"EUR","og_availability":"instock","product_availability":"instock","product_retailer_item_id":"103567","product_condition":"new","geo.placename":"CORRO D`AVALL","geo.region":"Spagna"},"uagb_featured_image_src":{"full":["https:\/\/recambiosecogas.com\/wp-content\/uploads\/2025\/01\/Conector-para-manguera-de-llenado-2-x-rosca-externa-png.webp",1000,1000,false],"thumbnail":["https:\/\/recambiosecogas.com\/wp-content\/uploads\/2025\/01\/Conector-para-manguera-de-llenado-2-x-rosca-externa-150x150.webp",150,150,true],"medium":["https:\/\/recambiosecogas.com\/wp-content\/uploads\/2025\/01\/Conector-para-manguera-de-llenado-2-x-rosca-externa-300x300.webp",300,300,true],"medium_large":["https:\/\/recambiosecogas.com\/wp-content\/uploads\/2025\/01\/Conector-para-manguera-de-llenado-2-x-rosca-externa-768x768.webp",768,768,true],"large":["https:\/\/recambiosecogas.com\/wp-content\/uploads\/2025\/01\/Conector-para-manguera-de-llenado-2-x-rosca-externa-png.webp",1000,1000,false],"1536x1536":["https:\/\/recambiosecogas.com\/wp-content\/uploads\/2025\/01\/Conector-para-manguera-de-llenado-2-x-rosca-externa-png.webp",1000,1000,false],"2048x2048":["https:\/\/recambiosecogas.com\/wp-content\/uploads\/2025\/01\/Conector-para-manguera-de-llenado-2-x-rosca-externa-png.webp",1000,1000,false],"woocommerce_archive_thumbnail":["https:\/\/recambiosecogas.com\/wp-content\/uploads\/2025\/01\/Conector-para-manguera-de-llenado-2-x-rosca-externa-png.webp",1000,1000,false],"woocommerce_thumbnail":["https:\/\/recambiosecogas.com\/wp-content\/uploads\/2025\/01\/Conector-para-manguera-de-llenado-2-x-rosca-externa-300x300.webp",300,300,true],"woocommerce_single":["https:\/\/recambiosecogas.com\/wp-content\/uploads\/2025\/01\/Conector-para-manguera-de-llenado-2-x-rosca-externa-png.webp",1000,1000,false],"woocommerce_gallery_thumbnail":["https:\/\/recambiosecogas.com\/wp-content\/uploads\/2025\/01\/Conector-para-manguera-de-llenado-2-x-rosca-externa-png.webp",1000,1000,false],"dgwt-wcas-product-suggestion":["https:\/\/recambiosecogas.com\/wp-content\/uploads\/2025\/01\/Conector-para-manguera-de-llenado-2-x-rosca-externa-64x64.webp",64,64,true]},"uagb_author_info":{"display_name":"Fran - Soporte T\u00e9cnico","author_link":"https:\/\/recambiosecogas.com\/it\/author\/"},"uagb_comment_info":0,"uagb_excerpt":"Conector para manguera de llenado de GLP, ideal para prolongar el repostaje en veh\u00edculos y autocaravanas. Asegura un suministro eficiente de gas.","_links":{"self":[{"href":"https:\/\/recambiosecogas.com\/it\/wp-json\/wp\/v2\/product\/15827","targetHints":{"allow":["GET"]}}],"collection":[{"href":"https:\/\/recambiosecogas.com\/it\/wp-json\/wp\/v2\/product"}],"about":[{"href":"https:\/\/recambiosecogas.com\/it\/wp-json\/wp\/v2\/types\/product"}],"replies":[{"embeddable":true,"href":"https:\/\/recambiosecogas.com\/it\/wp-json\/wp\/v2\/comments?post=15827"}],"wp:featuredmedia":[{"embeddable":true,"href":"https:\/\/recambiosecogas.com\/it\/wp-json\/wp\/v2\/media\/16933"}],"wp:attachment":[{"href":"https:\/\/recambiosecogas.com\/it\/wp-json\/wp\/v2\/media?parent=15827"}],"wp:term":[{"taxonomy":"product_brand","embeddable":true,"href":"https:\/\/recambiosecogas.com\/it\/wp-json\/wp\/v2\/product_brand?post=15827"},{"taxonomy":"product_cat","embeddable":true,"href":"https:\/\/recambiosecogas.com\/it\/wp-json\/wp\/v2\/product_cat?post=15827"},{"taxonomy":"product_tag","embeddable":true,"href":"https:\/\/recambiosecogas.com\/it\/wp-json\/wp\/v2\/product_tag?post=15827"}],"curies":[{"name":"wp","href":"https:\/\/api.w.org\/{rel}","templated":true}]}}