{"id":14882,"date":"2025-01-16T16:35:53","date_gmt":"2025-01-16T15:35:53","guid":{"rendered":"https:\/\/recambiosecogas.com\/?post_type=product&#038;p=14882"},"modified":"2026-03-26T11:54:52","modified_gmt":"2026-03-26T10:54:52","slug":"aba-abrazadera-de-1-oreja-con-anillo-de-insercion-w4","status":"publish","type":"product","link":"https:\/\/recambiosecogas.com\/it\/producto\/aba-abrazadera-de-1-oreja-con-anillo-de-insercion-w4\/","title":{"rendered":"ABA Abrazadera de 1 oreja con anillo de inserci\u00f3n W4"},"content":{"rendered":"<p>La abrazadera con anillo de inserci\u00f3n no tiene tornillo. Su colocaci\u00f3n es r\u00e1pida, f\u00e1cil y segura, ya que simplemente se aprieta la oreja. El anillo de inserci\u00f3n permite una mejor distribuci\u00f3n de la fuerza de sujeci\u00f3n y una estanqueidad total.<\/p>\n<p><strong>Destacados<\/strong><\/p>\n<ul>\n<li>O\u00eddo &#8211; un lado de tensi\u00f3n<\/li>\n<li>Lado de la banda interior liso y anillo de inserci\u00f3n para seguridad y redondez<\/li>\n<li>Bordes redondeados, para evitar da\u00f1os<\/li>\n<li>Anillo de inserci\u00f3n: sellado eficaz y potente en todos los sentidos<\/li>\n<\/ul>\n<p><strong>Ventajas<\/strong><\/p>\n<ul>\n<li>Alternativa econ\u00f3mica y sencilla a las abrazaderas de manguera con tornillo sin fin<\/li>\n<li>Instalaci\u00f3n r\u00e1pida y sencilla<\/li>\n<li>Ideal en espacios reducidos<\/li>\n<li>Adecuada para fijar tubos de conexi\u00f3n<\/li>\n<li>Puede instalarse con unos simples alicates de abrazadera con oreja<\/li>\n<\/ul>\n<section>\n<div id=\"layout_content\">\n<div class=\"layout_content_inner cf\">\n<article>\n<div>\n<form id=\"cart_quantity\" action=\"https:\/\/hybrid.supply\/product_info.php?products_id=12267&amp;language=es&amp;action=add_product\" method=\"post\">\n<div id=\"product_details\" class=\"cf\">\n<div class=\"pd_content cf\">\n<div id=\"horizontalTab\" class=\"pd_tabs\">\n<div class=\"resp-tabs-container\">\n<div class=\"pd_description resp-tab-content resp-tab-content-active\" aria-labelledby=\"tab_item-1\">\n<div>\n<p>ABA 1-Pinza con anillo de inserci\u00f3n,material W4<\/p>\n<\/div>\n<\/div>\n<\/div>\n<\/div>\n<\/div>\n<\/div>\n<\/form>\n<\/div>\n<\/article>\n<\/div>\n<\/div>\n<\/section>\n<div id=\"layout_subfooter\">\n<div class=\"layout_subfooter_inner cf\"><\/div>\n<\/div>\n<p>La <strong>Abrazadera de 1 Oreja con Anillo de Inserci\u00f3n W4<\/strong> es un componente esencial para sistemas de <strong>Autogas<\/strong>, dise\u00f1ada para proporcionar una fijaci\u00f3n eficiente de mangueras. Este tipo de abrazadera se caracteriza por su dise\u00f1o sin tornillo, lo que facilita su colocaci\u00f3n y asegura un sellado efectivo. El anillo de inserci\u00f3n permite una distribuci\u00f3n uniforme de la tensi\u00f3n, garantizando un sellado total y evitando fugas.<\/p>\n<p>La colocaci\u00f3n de la abrazadera es r\u00e1pida y segura, ya que simplemente se aprieta la oreja. Su dise\u00f1o incluye bordes redondeados que evitan da\u00f1os a las mangueras, lo que la convierte en una opci\u00f3n ideal para aplicaciones en espacios reducidos. Esta abrazadera es una alternativa econ\u00f3mica y sencilla a las abrazaderas de manguera con tornillo sin fin, siendo adecuada para la fijaci\u00f3n de tubos de conexi\u00f3n en sistemas de Autogas.<\/p>\n<p>Es importante considerar que este tipo de abrazadera puede ser necesaria en situaciones donde se requiere un reemplazo debido al desgaste o da\u00f1o de la abrazadera original. Se recomienda su uso en instalaciones nuevas o durante el mantenimiento de sistemas de Autogas.<\/p>\n<h4>Datos t\u00e9cnicos<\/h4>\n<p>Medidas disponibles: <strong>7,5-8,5 mm, 8,2-9,5 mm, 9,0-10,5 mm, 10,0-11,5 mm, 10,5-12,5 mm, 11,5-13,5 mm, 12,5-14,5 mm, 13,0-15,3 mm, 14,0-16,3 mm, 15,0-17,3 mm, 16,0-18,3 mm, 17,0-19,3 mm<\/strong>.<\/p>\n<h4>S\u00edntomas de fallo<\/h4>\n<ul>\n<li>Fugas en las conexiones de manguera.<\/li>\n<li>Incapacidad para mantener la presi\u00f3n del sistema.<\/li>\n<li>Desajuste de las mangueras durante la operaci\u00f3n.<\/li>\n<\/ul>\n<h4>Compatibilidad<\/h4>\n<p>Compatible con veh\u00edculos equipados con sistemas de <strong>Autogas<\/strong>. Se recomienda verificar la referencia original antes de realizar la compra.<\/p>\n","protected":false},"excerpt":{"rendered":"<p>La abrazadera con anillo de inserci\u00f3n no tiene tornillo. Su colocaci\u00f3n es r\u00e1pida, f\u00e1cil y segura, ya que simplemente se aprieta la oreja. El anillo de inserci\u00f3n permite una mejor distribuci\u00f3n de la fuerza de sujeci\u00f3n y una estanqueidad total. Destacados O\u00eddo &#8211; un lado de tensi\u00f3n Lado de la banda interior liso y anillo [&hellip;]<\/p>\n","protected":false},"featured_media":17009,"comment_status":"open","ping_status":"closed","template":"","meta":{"_uag_custom_page_level_css":""},"product_brand":[],"product_cat":[1662,1553,1549,1755],"product_tag":[],"class_list":{"0":"post-14882","1":"product","2":"type-product","3":"status-publish","4":"has-post-thumbnail","6":"product_cat-aba-pt-pt","7":"product_cat-abracadeiras-de-mangueira","8":"product_cat-fixacao","9":"product_cat-norma-pt-pt","11":"first","12":"onbackorder","13":"taxable","14":"shipping-taxable","15":"purchasable","16":"product-type-variable"},"ct_brands":[],"yoast_head":"<!-- This site is optimized with the Yoast SEO Premium plugin v27.5 (Yoast SEO v27.6) - https:\/\/yoast.com\/product\/yoast-seo-premium-wordpress\/ -->\n<title>Abrazadera de 1 Oreja con Anillo de Inserci\u00f3n W4 | Recambios Ecogas<\/title>\n<meta name=\"description\" content=\"Abrazadera de 1 oreja con anillo de inserci\u00f3n W4, ideal para sistemas de Autogas, permite una fijaci\u00f3n segura y r\u00e1pida de mangueras sin tornillo.\" \/>\n<meta name=\"robots\" content=\"index, follow, max-snippet:-1, max-image-preview:large, max-video-preview:-1\" \/>\n<link rel=\"canonical\" href=\"https:\/\/recambiosecogas.com\/it\/producto\/aba-abrazadera-de-1-oreja-con-anillo-de-insercion-w4\/\" \/>\n<meta property=\"og:locale\" content=\"it_IT\" \/>\n<meta property=\"og:type\" content=\"article\" \/>\n<meta property=\"og:title\" content=\"ABA Abrazadera de 1 oreja con anillo de inserci\u00f3n W4\" \/>\n<meta property=\"og:description\" content=\"Abrazadera de 1 oreja con anillo de inserci\u00f3n W4, ideal para sistemas de Autogas, permite una fijaci\u00f3n segura y r\u00e1pida de mangueras sin tornillo.\" \/>\n<meta property=\"og:url\" content=\"https:\/\/recambiosecogas.com\/it\/producto\/aba-abrazadera-de-1-oreja-con-anillo-de-insercion-w4\/\" \/>\n<meta property=\"og:site_name\" content=\"Recambios EcoGas\" \/>\n<meta property=\"article:publisher\" content=\"https:\/\/www.facebook.com\/profile.php?id=100062419705358\" \/>\n<meta property=\"article:modified_time\" content=\"2026-03-26T10:54:52+00:00\" \/>\n<meta property=\"og:image\" content=\"https:\/\/recambiosecogas.com\/wp-content\/uploads\/2025\/01\/ABA-Abrazadera-de-1-oreja-con-anillo-de-insercion-W4-png.webp\" \/>\n\t<meta property=\"og:image:width\" content=\"1000\" \/>\n\t<meta property=\"og:image:height\" content=\"1000\" \/>\n\t<meta property=\"og:image:type\" content=\"image\/png\" \/>\n<meta name=\"twitter:card\" content=\"summary_large_image\" \/>\n<meta name=\"twitter:label1\" content=\"Disponibilit\u00e0\" \/>\n\t<meta name=\"twitter:data1\" content=\"Su ordinazione\" \/>\n<script type=\"application\/ld+json\" class=\"yoast-schema-graph\">{\"@context\":\"https:\\\/\\\/schema.org\",\"@graph\":[{\"@type\":\"WebPage\",\"@id\":\"https:\\\/\\\/recambiosecogas.com\\\/it\\\/producto\\\/aba-abrazadera-de-1-oreja-con-anillo-de-insercion-w4\\\/\",\"url\":\"https:\\\/\\\/recambiosecogas.com\\\/it\\\/producto\\\/aba-abrazadera-de-1-oreja-con-anillo-de-insercion-w4\\\/\",\"name\":\"Abrazadera de 1 Oreja con Anillo de Inserci\u00f3n W4 | Recambios Ecogas\",\"isPartOf\":{\"@id\":\"https:\\\/\\\/recambiosecogas.com\\\/it\\\/#website\"},\"primaryImageOfPage\":{\"@id\":\"https:\\\/\\\/recambiosecogas.com\\\/it\\\/producto\\\/aba-abrazadera-de-1-oreja-con-anillo-de-insercion-w4\\\/#primaryimage\"},\"image\":{\"@id\":\"https:\\\/\\\/recambiosecogas.com\\\/it\\\/producto\\\/aba-abrazadera-de-1-oreja-con-anillo-de-insercion-w4\\\/#primaryimage\"},\"thumbnailUrl\":\"https:\\\/\\\/recambiosecogas.com\\\/wp-content\\\/uploads\\\/2025\\\/01\\\/ABA-Abrazadera-de-1-oreja-con-anillo-de-insercion-W4-png.webp\",\"datePublished\":\"2025-01-16T15:35:53+00:00\",\"dateModified\":\"2026-03-26T10:54:52+00:00\",\"description\":\"Abrazadera de 1 oreja con anillo de inserci\u00f3n W4, ideal para sistemas de Autogas, permite una fijaci\u00f3n segura y r\u00e1pida de mangueras sin tornillo.\",\"breadcrumb\":{\"@id\":\"https:\\\/\\\/recambiosecogas.com\\\/it\\\/producto\\\/aba-abrazadera-de-1-oreja-con-anillo-de-insercion-w4\\\/#breadcrumb\"},\"inLanguage\":\"it-IT\",\"potentialAction\":[{\"@type\":\"ReadAction\",\"target\":[\"https:\\\/\\\/recambiosecogas.com\\\/it\\\/producto\\\/aba-abrazadera-de-1-oreja-con-anillo-de-insercion-w4\\\/\"]}]},{\"@type\":\"ImageObject\",\"inLanguage\":\"it-IT\",\"@id\":\"https:\\\/\\\/recambiosecogas.com\\\/it\\\/producto\\\/aba-abrazadera-de-1-oreja-con-anillo-de-insercion-w4\\\/#primaryimage\",\"url\":\"https:\\\/\\\/recambiosecogas.com\\\/wp-content\\\/uploads\\\/2025\\\/01\\\/ABA-Abrazadera-de-1-oreja-con-anillo-de-insercion-W4-png.webp\",\"contentUrl\":\"https:\\\/\\\/recambiosecogas.com\\\/wp-content\\\/uploads\\\/2025\\\/01\\\/ABA-Abrazadera-de-1-oreja-con-anillo-de-insercion-W4-png.webp\",\"width\":1000,\"height\":1000},{\"@type\":\"BreadcrumbList\",\"@id\":\"https:\\\/\\\/recambiosecogas.com\\\/it\\\/producto\\\/aba-abrazadera-de-1-oreja-con-anillo-de-insercion-w4\\\/#breadcrumb\",\"itemListElement\":[{\"@type\":\"ListItem\",\"position\":1,\"name\":\"Portada\",\"item\":\"https:\\\/\\\/recambiosecogas.com\\\/it\\\/\"},{\"@type\":\"ListItem\",\"position\":2,\"name\":\"Negozio\",\"item\":\"https:\\\/\\\/recambiosecogas.com\\\/it\\\/?page_id=46382\"},{\"@type\":\"ListItem\",\"position\":3,\"name\":\"ABA Abrazadera de 1 oreja con anillo de inserci\u00f3n W4\"}]},{\"@type\":\"WebSite\",\"@id\":\"https:\\\/\\\/recambiosecogas.com\\\/it\\\/#website\",\"url\":\"https:\\\/\\\/recambiosecogas.com\\\/it\\\/\",\"name\":\"Recambios EcoGas\",\"description\":\"Recambios Multimarca para sistemas de GLP\\\/GNC\\\/GNL\\\/Hidr\u00f3geno\",\"publisher\":{\"@id\":\"https:\\\/\\\/recambiosecogas.com\\\/it\\\/#organization\"},\"alternateName\":\"Recambios Autogas GLP\",\"potentialAction\":[{\"@type\":\"SearchAction\",\"target\":{\"@type\":\"EntryPoint\",\"urlTemplate\":\"https:\\\/\\\/recambiosecogas.com\\\/it\\\/?s={search_term_string}\"},\"query-input\":{\"@type\":\"PropertyValueSpecification\",\"valueRequired\":true,\"valueName\":\"search_term_string\"}}],\"inLanguage\":\"it-IT\"},{\"@type\":[\"Organization\",\"Place\"],\"@id\":\"https:\\\/\\\/recambiosecogas.com\\\/it\\\/#organization\",\"name\":\"Recambios EcoGas\",\"alternateName\":\"Tienda Online GLP Espa\u00f1a\",\"url\":\"https:\\\/\\\/recambiosecogas.com\\\/it\\\/\",\"logo\":{\"@id\":\"https:\\\/\\\/recambiosecogas.com\\\/it\\\/producto\\\/aba-abrazadera-de-1-oreja-con-anillo-de-insercion-w4\\\/#local-main-organization-logo\"},\"image\":{\"@id\":\"https:\\\/\\\/recambiosecogas.com\\\/it\\\/producto\\\/aba-abrazadera-de-1-oreja-con-anillo-de-insercion-w4\\\/#local-main-organization-logo\"},\"sameAs\":[\"https:\\\/\\\/www.facebook.com\\\/profile.php?id=100062419705358\",\"https:\\\/\\\/www.instagram.com\\\/segimon_automocio\"],\"description\":\"Recambios EcoGas \u2013 Venta y distribuci\u00f3n de sistemas GLP y GNC en Espa\u00f1a y Portugal. Env\u00edos 24 h, soporte t\u00e9cnico a talleres y distribuidores.\",\"hasMerchantReturnPolicy\":{\"@type\":\"MerchantReturnPolicy\",\"merchantReturnLink\":\"https:\\\/\\\/recambiosecogas.com\\\/politicas-privacidad\\\/\"},\"address\":{\"@id\":\"https:\\\/\\\/recambiosecogas.com\\\/it\\\/producto\\\/aba-abrazadera-de-1-oreja-con-anillo-de-insercion-w4\\\/#local-main-place-address\"},\"telephone\":[\"616250633\"],\"contactPoint\":{\"@type\":\"ContactPoint\",\"email\":\"export@recambiosecogas.com\"},\"openingHoursSpecification\":[{\"@type\":\"OpeningHoursSpecification\",\"dayOfWeek\":[\"Monday\",\"Tuesday\",\"Wednesday\",\"Thursday\",\"Friday\",\"Saturday\",\"Sunday\"],\"opens\":\"09:00\",\"closes\":\"17:00\"}],\"email\":\"info@recambiosecogas.com\",\"faxNumber\":\"SEGIMON AUTOMOCION SL\",\"vatID\":\"ESB19819861\",\"globalLocationNumber\":\"938 616 339\"},{\"@type\":\"PostalAddress\",\"@id\":\"https:\\\/\\\/recambiosecogas.com\\\/it\\\/producto\\\/aba-abrazadera-de-1-oreja-con-anillo-de-insercion-w4\\\/#local-main-place-address\",\"streetAddress\":\"cami antic de vic, 29 (Nave 3), Pol\u00edgono Industrial Congost\",\"addressLocality\":\"CORRO D`AVALL\",\"postalCode\":\"08520\",\"addressRegion\":\"Barcelona\",\"addressCountry\":\"ES\"},{\"@type\":\"ImageObject\",\"inLanguage\":\"it-IT\",\"@id\":\"https:\\\/\\\/recambiosecogas.com\\\/it\\\/producto\\\/aba-abrazadera-de-1-oreja-con-anillo-de-insercion-w4\\\/#local-main-organization-logo\",\"url\":\"https:\\\/\\\/recambiosecogas.com\\\/wp-content\\\/uploads\\\/2024\\\/11\\\/cropped-RECAMBIOS-GLP-png.webp\",\"contentUrl\":\"https:\\\/\\\/recambiosecogas.com\\\/wp-content\\\/uploads\\\/2024\\\/11\\\/cropped-RECAMBIOS-GLP-png.webp\",\"width\":512,\"height\":512,\"caption\":\"Recambios EcoGas\"}]}<\/script>\n<meta property=\"og:availability\" content=\"backorder\" \/>\n<meta property=\"product:availability\" content=\"available for order\" \/>\n<meta property=\"product:retailer_item_id\" content=\"112024\" \/>\n<meta property=\"product:condition\" content=\"new\" \/>\n<meta name=\"geo.placename\" content=\"CORRO D`AVALL\" \/>\n<meta name=\"geo.region\" content=\"Spagna\" \/>\n<!-- \/ Yoast SEO Premium plugin. -->","yoast_head_json":{"title":"Abrazadera de 1 Oreja con Anillo de Inserci\u00f3n W4 | Recambios Ecogas","description":"Abrazadera de 1 oreja con anillo de inserci\u00f3n W4, ideal para sistemas de Autogas, permite una fijaci\u00f3n segura y r\u00e1pida de mangueras sin tornillo.","robots":{"index":"index","follow":"follow","max-snippet":"max-snippet:-1","max-image-preview":"max-image-preview:large","max-video-preview":"max-video-preview:-1"},"canonical":"https:\/\/recambiosecogas.com\/it\/producto\/aba-abrazadera-de-1-oreja-con-anillo-de-insercion-w4\/","og_locale":"it_IT","og_type":"article","og_title":"ABA Abrazadera de 1 oreja con anillo de inserci\u00f3n W4","og_description":"Abrazadera de 1 oreja con anillo de inserci\u00f3n W4, ideal para sistemas de Autogas, permite una fijaci\u00f3n segura y r\u00e1pida de mangueras sin tornillo.","og_url":"https:\/\/recambiosecogas.com\/it\/producto\/aba-abrazadera-de-1-oreja-con-anillo-de-insercion-w4\/","og_site_name":"Recambios EcoGas","article_publisher":"https:\/\/www.facebook.com\/profile.php?id=100062419705358","article_modified_time":"2026-03-26T10:54:52+00:00","og_image":[{"width":1000,"height":1000,"url":"https:\/\/recambiosecogas.com\/wp-content\/uploads\/2025\/01\/ABA-Abrazadera-de-1-oreja-con-anillo-de-insercion-W4-png.webp","type":"image\/png"}],"twitter_card":"summary_large_image","twitter_misc":{"Disponibilit\u00e0":"Su ordinazione"},"schema":{"@context":"https:\/\/schema.org","@graph":[{"@type":"WebPage","@id":"https:\/\/recambiosecogas.com\/it\/producto\/aba-abrazadera-de-1-oreja-con-anillo-de-insercion-w4\/","url":"https:\/\/recambiosecogas.com\/it\/producto\/aba-abrazadera-de-1-oreja-con-anillo-de-insercion-w4\/","name":"Abrazadera de 1 Oreja con Anillo de Inserci\u00f3n W4 | Recambios Ecogas","isPartOf":{"@id":"https:\/\/recambiosecogas.com\/it\/#website"},"primaryImageOfPage":{"@id":"https:\/\/recambiosecogas.com\/it\/producto\/aba-abrazadera-de-1-oreja-con-anillo-de-insercion-w4\/#primaryimage"},"image":{"@id":"https:\/\/recambiosecogas.com\/it\/producto\/aba-abrazadera-de-1-oreja-con-anillo-de-insercion-w4\/#primaryimage"},"thumbnailUrl":"https:\/\/recambiosecogas.com\/wp-content\/uploads\/2025\/01\/ABA-Abrazadera-de-1-oreja-con-anillo-de-insercion-W4-png.webp","datePublished":"2025-01-16T15:35:53+00:00","dateModified":"2026-03-26T10:54:52+00:00","description":"Abrazadera de 1 oreja con anillo de inserci\u00f3n W4, ideal para sistemas de Autogas, permite una fijaci\u00f3n segura y r\u00e1pida de mangueras sin tornillo.","breadcrumb":{"@id":"https:\/\/recambiosecogas.com\/it\/producto\/aba-abrazadera-de-1-oreja-con-anillo-de-insercion-w4\/#breadcrumb"},"inLanguage":"it-IT","potentialAction":[{"@type":"ReadAction","target":["https:\/\/recambiosecogas.com\/it\/producto\/aba-abrazadera-de-1-oreja-con-anillo-de-insercion-w4\/"]}]},{"@type":"ImageObject","inLanguage":"it-IT","@id":"https:\/\/recambiosecogas.com\/it\/producto\/aba-abrazadera-de-1-oreja-con-anillo-de-insercion-w4\/#primaryimage","url":"https:\/\/recambiosecogas.com\/wp-content\/uploads\/2025\/01\/ABA-Abrazadera-de-1-oreja-con-anillo-de-insercion-W4-png.webp","contentUrl":"https:\/\/recambiosecogas.com\/wp-content\/uploads\/2025\/01\/ABA-Abrazadera-de-1-oreja-con-anillo-de-insercion-W4-png.webp","width":1000,"height":1000},{"@type":"BreadcrumbList","@id":"https:\/\/recambiosecogas.com\/it\/producto\/aba-abrazadera-de-1-oreja-con-anillo-de-insercion-w4\/#breadcrumb","itemListElement":[{"@type":"ListItem","position":1,"name":"Portada","item":"https:\/\/recambiosecogas.com\/it\/"},{"@type":"ListItem","position":2,"name":"Negozio","item":"https:\/\/recambiosecogas.com\/it\/?page_id=46382"},{"@type":"ListItem","position":3,"name":"ABA Abrazadera de 1 oreja con anillo de inserci\u00f3n W4"}]},{"@type":"WebSite","@id":"https:\/\/recambiosecogas.com\/it\/#website","url":"https:\/\/recambiosecogas.com\/it\/","name":"Recambios EcoGas","description":"Recambios Multimarca para sistemas de GLP\/GNC\/GNL\/Hidr\u00f3geno","publisher":{"@id":"https:\/\/recambiosecogas.com\/it\/#organization"},"alternateName":"Recambios Autogas GLP","potentialAction":[{"@type":"SearchAction","target":{"@type":"EntryPoint","urlTemplate":"https:\/\/recambiosecogas.com\/it\/?s={search_term_string}"},"query-input":{"@type":"PropertyValueSpecification","valueRequired":true,"valueName":"search_term_string"}}],"inLanguage":"it-IT"},{"@type":["Organization","Place"],"@id":"https:\/\/recambiosecogas.com\/it\/#organization","name":"Recambios EcoGas","alternateName":"Tienda Online GLP Espa\u00f1a","url":"https:\/\/recambiosecogas.com\/it\/","logo":{"@id":"https:\/\/recambiosecogas.com\/it\/producto\/aba-abrazadera-de-1-oreja-con-anillo-de-insercion-w4\/#local-main-organization-logo"},"image":{"@id":"https:\/\/recambiosecogas.com\/it\/producto\/aba-abrazadera-de-1-oreja-con-anillo-de-insercion-w4\/#local-main-organization-logo"},"sameAs":["https:\/\/www.facebook.com\/profile.php?id=100062419705358","https:\/\/www.instagram.com\/segimon_automocio"],"description":"Recambios EcoGas \u2013 Venta y distribuci\u00f3n de sistemas GLP y GNC en Espa\u00f1a y Portugal. Env\u00edos 24 h, soporte t\u00e9cnico a talleres y distribuidores.","hasMerchantReturnPolicy":{"@type":"MerchantReturnPolicy","merchantReturnLink":"https:\/\/recambiosecogas.com\/politicas-privacidad\/"},"address":{"@id":"https:\/\/recambiosecogas.com\/it\/producto\/aba-abrazadera-de-1-oreja-con-anillo-de-insercion-w4\/#local-main-place-address"},"telephone":["616250633"],"contactPoint":{"@type":"ContactPoint","email":"export@recambiosecogas.com"},"openingHoursSpecification":[{"@type":"OpeningHoursSpecification","dayOfWeek":["Monday","Tuesday","Wednesday","Thursday","Friday","Saturday","Sunday"],"opens":"09:00","closes":"17:00"}],"email":"info@recambiosecogas.com","faxNumber":"SEGIMON AUTOMOCION SL","vatID":"ESB19819861","globalLocationNumber":"938 616 339"},{"@type":"PostalAddress","@id":"https:\/\/recambiosecogas.com\/it\/producto\/aba-abrazadera-de-1-oreja-con-anillo-de-insercion-w4\/#local-main-place-address","streetAddress":"cami antic de vic, 29 (Nave 3), Pol\u00edgono Industrial Congost","addressLocality":"CORRO D`AVALL","postalCode":"08520","addressRegion":"Barcelona","addressCountry":"ES"},{"@type":"ImageObject","inLanguage":"it-IT","@id":"https:\/\/recambiosecogas.com\/it\/producto\/aba-abrazadera-de-1-oreja-con-anillo-de-insercion-w4\/#local-main-organization-logo","url":"https:\/\/recambiosecogas.com\/wp-content\/uploads\/2024\/11\/cropped-RECAMBIOS-GLP-png.webp","contentUrl":"https:\/\/recambiosecogas.com\/wp-content\/uploads\/2024\/11\/cropped-RECAMBIOS-GLP-png.webp","width":512,"height":512,"caption":"Recambios EcoGas"}]},"og_availability":"backorder","product_availability":"available for order","product_retailer_item_id":"112024","product_condition":"new","geo.placename":"CORRO D`AVALL","geo.region":"Spagna"},"uagb_featured_image_src":{"full":["https:\/\/recambiosecogas.com\/wp-content\/uploads\/2025\/01\/ABA-Abrazadera-de-1-oreja-con-anillo-de-insercion-W4-png.webp",1000,1000,false],"thumbnail":["https:\/\/recambiosecogas.com\/wp-content\/uploads\/2025\/01\/ABA-Abrazadera-de-1-oreja-con-anillo-de-insercion-W4-150x150.webp",150,150,true],"medium":["https:\/\/recambiosecogas.com\/wp-content\/uploads\/2025\/01\/ABA-Abrazadera-de-1-oreja-con-anillo-de-insercion-W4-300x300.webp",300,300,true],"medium_large":["https:\/\/recambiosecogas.com\/wp-content\/uploads\/2025\/01\/ABA-Abrazadera-de-1-oreja-con-anillo-de-insercion-W4-768x768.webp",768,768,true],"large":["https:\/\/recambiosecogas.com\/wp-content\/uploads\/2025\/01\/ABA-Abrazadera-de-1-oreja-con-anillo-de-insercion-W4-png.webp",1000,1000,false],"1536x1536":["https:\/\/recambiosecogas.com\/wp-content\/uploads\/2025\/01\/ABA-Abrazadera-de-1-oreja-con-anillo-de-insercion-W4-png.webp",1000,1000,false],"2048x2048":["https:\/\/recambiosecogas.com\/wp-content\/uploads\/2025\/01\/ABA-Abrazadera-de-1-oreja-con-anillo-de-insercion-W4-png.webp",1000,1000,false],"woocommerce_archive_thumbnail":["https:\/\/recambiosecogas.com\/wp-content\/uploads\/2025\/01\/ABA-Abrazadera-de-1-oreja-con-anillo-de-insercion-W4-png.webp",1000,1000,false],"woocommerce_thumbnail":["https:\/\/recambiosecogas.com\/wp-content\/uploads\/2025\/01\/ABA-Abrazadera-de-1-oreja-con-anillo-de-insercion-W4-300x300.webp",300,300,true],"woocommerce_single":["https:\/\/recambiosecogas.com\/wp-content\/uploads\/2025\/01\/ABA-Abrazadera-de-1-oreja-con-anillo-de-insercion-W4-png.webp",1000,1000,false],"woocommerce_gallery_thumbnail":["https:\/\/recambiosecogas.com\/wp-content\/uploads\/2025\/01\/ABA-Abrazadera-de-1-oreja-con-anillo-de-insercion-W4-png.webp",1000,1000,false],"dgwt-wcas-product-suggestion":["https:\/\/recambiosecogas.com\/wp-content\/uploads\/2025\/01\/ABA-Abrazadera-de-1-oreja-con-anillo-de-insercion-W4-64x64.webp",64,64,true]},"uagb_author_info":{"display_name":"Fran - Soporte T\u00e9cnico","author_link":"https:\/\/recambiosecogas.com\/it\/author\/"},"uagb_comment_info":0,"uagb_excerpt":"La abrazadera con anillo de inserci\u00f3n no tiene tornillo. Su colocaci\u00f3n es r\u00e1pida, f\u00e1cil y segura, ya que simplemente se aprieta la oreja. El anillo de inserci\u00f3n permite una mejor distribuci\u00f3n de la fuerza de sujeci\u00f3n y una estanqueidad total. Destacados O\u00eddo &#8211; un lado de tensi\u00f3n Lado de la banda interior liso y anillo&hellip;","_links":{"self":[{"href":"https:\/\/recambiosecogas.com\/it\/wp-json\/wp\/v2\/product\/14882","targetHints":{"allow":["GET"]}}],"collection":[{"href":"https:\/\/recambiosecogas.com\/it\/wp-json\/wp\/v2\/product"}],"about":[{"href":"https:\/\/recambiosecogas.com\/it\/wp-json\/wp\/v2\/types\/product"}],"replies":[{"embeddable":true,"href":"https:\/\/recambiosecogas.com\/it\/wp-json\/wp\/v2\/comments?post=14882"}],"wp:featuredmedia":[{"embeddable":true,"href":"https:\/\/recambiosecogas.com\/it\/wp-json\/wp\/v2\/media\/17009"}],"wp:attachment":[{"href":"https:\/\/recambiosecogas.com\/it\/wp-json\/wp\/v2\/media?parent=14882"}],"wp:term":[{"taxonomy":"product_brand","embeddable":true,"href":"https:\/\/recambiosecogas.com\/it\/wp-json\/wp\/v2\/product_brand?post=14882"},{"taxonomy":"product_cat","embeddable":true,"href":"https:\/\/recambiosecogas.com\/it\/wp-json\/wp\/v2\/product_cat?post=14882"},{"taxonomy":"product_tag","embeddable":true,"href":"https:\/\/recambiosecogas.com\/it\/wp-json\/wp\/v2\/product_tag?post=14882"}],"curies":[{"name":"wp","href":"https:\/\/api.w.org\/{rel}","templated":true}]}}