{"id":14709,"date":"2025-01-15T18:02:25","date_gmt":"2025-01-15T17:02:25","guid":{"rendered":"https:\/\/recambiosecogas.com\/?post_type=product&#038;p=14709"},"modified":"2026-03-30T15:46:01","modified_gmt":"2026-03-30T14:46:01","slug":"abrazadera-de-tornillo-sin-fin-norma-torro-ancho-de-banda-12-mm-c7-w3","status":"publish","type":"product","link":"https:\/\/recambiosecogas.com\/it\/producto\/abrazadera-de-tornillo-sin-fin-norma-torro-ancho-de-banda-12-mm-c7-w3\/","title":{"rendered":"Abrazadera de tornillo sin fin NORMA TORRO, ancho de banda 12 mm, C7 W3"},"content":{"rendered":"<p>La abrazadera TORRO\u00ae\u00a0<strong>WF<\/strong>\u00a0est\u00e1 equipada con un muelle ondulado que se retensa autom\u00e1ticamente para garantizar una fuerza de sujeci\u00f3n radial \u00f3ptima. La TORRO\u00ae WF es la elecci\u00f3n ideal para aplicaciones con fluctuaciones extremas de temperatura (por ejemplo, aire de carga), con temperaturas extremadamente bajas o para sujetar mangueras con &#8220;tendencia a la fluencia&#8221;\/relajaci\u00f3n de la manguera.<\/p>\n<p><strong>Ventajas a simple vista<\/strong><\/p>\n<p>&#8211; Efecto de retensado autom\u00e1tico cuando la manguera se relaja<\/p>\n<p>&#8211; Mayor seguridad de sellado en un amplio rango de temperaturas<\/p>\n<section>\n<div id=\"layout_content\">\n<div class=\"layout_content_inner cf\">\n<article>\n<div>\n<div id=\"horizontalTab\" class=\"pd_tabs\">\n<div class=\"resp-tabs-container\">\n<div class=\"pd_description resp-tab-content resp-tab-content-active\" aria-labelledby=\"tab_item-1\">\n<div>\n<p>NORMA TORRO Abrazadera de tornillo sin fin, rango de sujeci\u00f3n 50-70 mm, ancho de banda 12 mm, C7, material W3<\/p>\n<\/div>\n<\/div>\n<\/div>\n<\/div>\n<\/div>\n<\/article>\n<\/div>\n<\/div>\n<\/section>\n<div>\n<p>La NORMACLAMP\u00ae TORRO\u00ae es una abrazadera de manguera de varios rangos que es ideal para aplicaciones con altas cargas mec\u00e1nicas. Gracias a su continuo desarrollo, sigue siendo la referencia en el dise\u00f1o de abrazaderas modernas. Dentro de la gama de productos NORMACLAMP\u00ae, s\u00f3lo la TORRO\u00ae tiene la caracter\u00edstica carcasa asim\u00e9trica. Esto garantiza una elevada fuerza de tracci\u00f3n de la banda y un excelente par de rotura, as\u00ed como una distribuci\u00f3n uniforme de la fuerza de sujeci\u00f3n. La abrazadera se ajusta perfectamente a la manguera y garantiza una \u00f3ptima estanqueidad de la conexi\u00f3n.<\/p>\n<\/div>\n<div>\n<h3>Lo m\u00e1s destacado<\/h3>\n<ul>\n<li>Carcasa asim\u00e9trica mejorada &#8211; distribuci\u00f3n uniforme de la fuerza y montaje seguro<\/li>\n<li>Grabaci\u00f3n del material y del rango de sujeci\u00f3n en la banda &#8211; prevenci\u00f3n de confusiones<\/li>\n<li>Portada asim\u00e9trica &#8211; evita que la carcasa se incline al apretar la abrazadera<\/li>\n<li>Silla de la carcasa corta &#8211; presi\u00f3n de contacto uniforme<\/li>\n<li>Interior de la banda lisa o con relieve &#8211; protecci\u00f3n \u00f3ptima de la manguera<\/li>\n<\/ul>\n<\/div>\n<div>\n<h3>Ventajas<\/h3>\n<ul>\n<li>Abrazadera de manguera de varios rangos<\/li>\n<li>Sin uso de cromo (VI) para el recubrimiento<\/li>\n<\/ul>\n<\/div>\n<p>gas. Su dise\u00f1o innovador permite una adaptaci\u00f3n perfecta a las mangueras, garantizando un sellado eficaz que previene fugas. Ideal para aplicaciones que requieren alta resistencia mec\u00e1nica, esta abrazadera es perfecta para entornos donde las condiciones de temperatura pueden variar dr\u00e1sticamente. Al utilizar esta abrazadera, los usuarios pueden estar seguros de que sus sistemas de combustible funcionar\u00e1n de manera \u00f3ptima, evitando problemas de rendimiento y aumentando la seguridad en el uso de GLP.<\/p>\n","protected":false},"excerpt":{"rendered":"<p>La abrazadera TORRO\u00ae\u00a0WF\u00a0est\u00e1 equipada con un muelle ondulado que se retensa autom\u00e1ticamente para garantizar una fuerza de sujeci\u00f3n radial \u00f3ptima. La TORRO\u00ae WF es la elecci\u00f3n ideal para aplicaciones con fluctuaciones extremas de temperatura (por ejemplo, aire de carga), con temperaturas extremadamente bajas o para sujetar mangueras con &#8220;tendencia a la fluencia&#8221;\/relajaci\u00f3n de la manguera. [&hellip;]<\/p>\n","protected":false},"featured_media":17023,"comment_status":"open","ping_status":"closed","template":"","meta":{"googlesitekit_rrm_CAowud7EDA:productID":"","_uag_custom_page_level_css":""},"product_brand":[],"product_cat":[389,388,540],"product_tag":[],"class_list":{"0":"post-14709","1":"product","2":"type-product","3":"status-publish","4":"has-post-thumbnail","6":"product_cat-abrazaderas-de-manguera","7":"product_cat-fijacion","8":"product_cat-norma","10":"first","11":"onbackorder","12":"taxable","13":"shipping-taxable","14":"purchasable","15":"product-type-variable"},"ct_brands":[],"yoast_head":"<!-- This site is optimized with the Yoast SEO Premium plugin v27.3 (Yoast SEO v27.3) - https:\/\/yoast.com\/product\/yoast-seo-premium-wordpress\/ -->\n<title>Abrazadera de Tornillo Sin Fin NORMA TORRO 12 mm | Recambios Ecogas<\/title>\n<meta name=\"description\" content=\"Abrazadera de tornillo sin fin NORMA TORRO, ideal para aplicaciones de alta carga mec\u00e1nica, garantiza una sujeci\u00f3n segura en sistemas de Autogas.\" \/>\n<meta name=\"robots\" content=\"index, follow, max-snippet:-1, max-image-preview:large, max-video-preview:-1\" \/>\n<link rel=\"canonical\" href=\"https:\/\/recambiosecogas.com\/it\/producto\/abrazadera-de-tornillo-sin-fin-norma-torro-ancho-de-banda-12-mm-c7-w3\/\" \/>\n<meta property=\"og:locale\" content=\"it_IT\" \/>\n<meta property=\"og:type\" content=\"article\" \/>\n<meta property=\"og:title\" content=\"Abrazadera de tornillo sin fin NORMA TORRO, ancho de banda 12 mm, C7 W3\" \/>\n<meta property=\"og:description\" content=\"Abrazadera de tornillo sin fin NORMA TORRO, ideal para aplicaciones de alta carga mec\u00e1nica, garantiza una sujeci\u00f3n segura en sistemas de Autogas.\" \/>\n<meta property=\"og:url\" content=\"https:\/\/recambiosecogas.com\/it\/producto\/abrazadera-de-tornillo-sin-fin-norma-torro-ancho-de-banda-12-mm-c7-w3\/\" \/>\n<meta property=\"og:site_name\" content=\"Recambios EcoGas\" \/>\n<meta property=\"article:publisher\" content=\"https:\/\/www.facebook.com\/profile.php?id=100062419705358\" \/>\n<meta property=\"article:modified_time\" content=\"2026-03-30T14:46:01+00:00\" \/>\n<meta property=\"og:image\" content=\"https:\/\/recambiosecogas.com\/wp-content\/uploads\/2025\/01\/NORMA-TORRO-Abrazadera-de-tornillo-sin-fin-rango-de-sujecion-50-70-mm-ancho-de-banda-12-mm-C7-material-W3-png.webp\" \/>\n\t<meta property=\"og:image:width\" content=\"1000\" \/>\n\t<meta property=\"og:image:height\" content=\"1000\" \/>\n\t<meta property=\"og:image:type\" content=\"image\/png\" \/>\n<meta name=\"twitter:card\" content=\"summary_large_image\" \/>\n<meta name=\"twitter:label1\" content=\"Disponibilit\u00e0\" \/>\n\t<meta name=\"twitter:data1\" content=\"Su ordinazione\" \/>\n<script type=\"application\/ld+json\" class=\"yoast-schema-graph\">{\"@context\":\"https:\\\/\\\/schema.org\",\"@graph\":[{\"@type\":\"WebPage\",\"@id\":\"https:\\\/\\\/recambiosecogas.com\\\/it\\\/producto\\\/abrazadera-de-tornillo-sin-fin-norma-torro-ancho-de-banda-12-mm-c7-w3\\\/\",\"url\":\"https:\\\/\\\/recambiosecogas.com\\\/it\\\/producto\\\/abrazadera-de-tornillo-sin-fin-norma-torro-ancho-de-banda-12-mm-c7-w3\\\/\",\"name\":\"Abrazadera de Tornillo Sin Fin NORMA TORRO 12 mm | Recambios Ecogas\",\"isPartOf\":{\"@id\":\"https:\\\/\\\/recambiosecogas.com\\\/it\\\/#website\"},\"primaryImageOfPage\":{\"@id\":\"https:\\\/\\\/recambiosecogas.com\\\/it\\\/producto\\\/abrazadera-de-tornillo-sin-fin-norma-torro-ancho-de-banda-12-mm-c7-w3\\\/#primaryimage\"},\"image\":{\"@id\":\"https:\\\/\\\/recambiosecogas.com\\\/it\\\/producto\\\/abrazadera-de-tornillo-sin-fin-norma-torro-ancho-de-banda-12-mm-c7-w3\\\/#primaryimage\"},\"thumbnailUrl\":\"https:\\\/\\\/recambiosecogas.com\\\/wp-content\\\/uploads\\\/2025\\\/01\\\/NORMA-TORRO-Abrazadera-de-tornillo-sin-fin-rango-de-sujecion-50-70-mm-ancho-de-banda-12-mm-C7-material-W3-png.webp\",\"datePublished\":\"2025-01-15T17:02:25+00:00\",\"dateModified\":\"2026-03-30T14:46:01+00:00\",\"description\":\"Abrazadera de tornillo sin fin NORMA TORRO, ideal para aplicaciones de alta carga mec\u00e1nica, garantiza una sujeci\u00f3n segura en sistemas de Autogas.\",\"breadcrumb\":{\"@id\":\"https:\\\/\\\/recambiosecogas.com\\\/it\\\/producto\\\/abrazadera-de-tornillo-sin-fin-norma-torro-ancho-de-banda-12-mm-c7-w3\\\/#breadcrumb\"},\"inLanguage\":\"it-IT\",\"potentialAction\":[{\"@type\":\"ReadAction\",\"target\":[\"https:\\\/\\\/recambiosecogas.com\\\/it\\\/producto\\\/abrazadera-de-tornillo-sin-fin-norma-torro-ancho-de-banda-12-mm-c7-w3\\\/\"]}]},{\"@type\":\"ImageObject\",\"inLanguage\":\"it-IT\",\"@id\":\"https:\\\/\\\/recambiosecogas.com\\\/it\\\/producto\\\/abrazadera-de-tornillo-sin-fin-norma-torro-ancho-de-banda-12-mm-c7-w3\\\/#primaryimage\",\"url\":\"https:\\\/\\\/recambiosecogas.com\\\/wp-content\\\/uploads\\\/2025\\\/01\\\/NORMA-TORRO-Abrazadera-de-tornillo-sin-fin-rango-de-sujecion-50-70-mm-ancho-de-banda-12-mm-C7-material-W3-png.webp\",\"contentUrl\":\"https:\\\/\\\/recambiosecogas.com\\\/wp-content\\\/uploads\\\/2025\\\/01\\\/NORMA-TORRO-Abrazadera-de-tornillo-sin-fin-rango-de-sujecion-50-70-mm-ancho-de-banda-12-mm-C7-material-W3-png.webp\",\"width\":1000,\"height\":1000},{\"@type\":\"BreadcrumbList\",\"@id\":\"https:\\\/\\\/recambiosecogas.com\\\/it\\\/producto\\\/abrazadera-de-tornillo-sin-fin-norma-torro-ancho-de-banda-12-mm-c7-w3\\\/#breadcrumb\",\"itemListElement\":[{\"@type\":\"ListItem\",\"position\":1,\"name\":\"Portada\",\"item\":\"https:\\\/\\\/recambiosecogas.com\\\/it\\\/\"},{\"@type\":\"ListItem\",\"position\":2,\"name\":\"Negozio\",\"item\":\"https:\\\/\\\/recambiosecogas.com\\\/it\\\/?page_id=46382\"},{\"@type\":\"ListItem\",\"position\":3,\"name\":\"Abrazadera de tornillo sin fin NORMA TORRO, ancho de banda 12 mm, C7 W3\"}]},{\"@type\":\"WebSite\",\"@id\":\"https:\\\/\\\/recambiosecogas.com\\\/it\\\/#website\",\"url\":\"https:\\\/\\\/recambiosecogas.com\\\/it\\\/\",\"name\":\"Recambios EcoGas\",\"description\":\"Recambios Multimarca para sistemas de GLP\\\/GNC\\\/GNL\\\/Hidr\u00f3geno\",\"publisher\":{\"@id\":\"https:\\\/\\\/recambiosecogas.com\\\/it\\\/#organization\"},\"alternateName\":\"Recambios Autogas GLP\",\"potentialAction\":[{\"@type\":\"SearchAction\",\"target\":{\"@type\":\"EntryPoint\",\"urlTemplate\":\"https:\\\/\\\/recambiosecogas.com\\\/it\\\/?s={search_term_string}\"},\"query-input\":{\"@type\":\"PropertyValueSpecification\",\"valueRequired\":true,\"valueName\":\"search_term_string\"}}],\"inLanguage\":\"it-IT\"},{\"@type\":[\"Organization\",\"Place\"],\"@id\":\"https:\\\/\\\/recambiosecogas.com\\\/it\\\/#organization\",\"name\":\"Recambios EcoGas\",\"alternateName\":\"Tienda Online GLP Espa\u00f1a\",\"url\":\"https:\\\/\\\/recambiosecogas.com\\\/it\\\/\",\"logo\":{\"@id\":\"https:\\\/\\\/recambiosecogas.com\\\/it\\\/producto\\\/abrazadera-de-tornillo-sin-fin-norma-torro-ancho-de-banda-12-mm-c7-w3\\\/#local-main-organization-logo\"},\"image\":{\"@id\":\"https:\\\/\\\/recambiosecogas.com\\\/it\\\/producto\\\/abrazadera-de-tornillo-sin-fin-norma-torro-ancho-de-banda-12-mm-c7-w3\\\/#local-main-organization-logo\"},\"sameAs\":[\"https:\\\/\\\/www.facebook.com\\\/profile.php?id=100062419705358\",\"https:\\\/\\\/www.instagram.com\\\/segimon_automocio\"],\"description\":\"Recambios EcoGas \u2013 Venta y distribuci\u00f3n de sistemas GLP y GNC en Espa\u00f1a y Portugal. Env\u00edos 24 h, soporte t\u00e9cnico a talleres y distribuidores.\",\"hasMerchantReturnPolicy\":{\"@type\":\"MerchantReturnPolicy\",\"merchantReturnLink\":\"https:\\\/\\\/recambiosecogas.com\\\/politicas-privacidad\\\/\"},\"address\":{\"@id\":\"https:\\\/\\\/recambiosecogas.com\\\/it\\\/producto\\\/abrazadera-de-tornillo-sin-fin-norma-torro-ancho-de-banda-12-mm-c7-w3\\\/#local-main-place-address\"},\"telephone\":[\"616250633\"],\"contactPoint\":{\"@type\":\"ContactPoint\",\"email\":\"export@recambiosecogas.com\"},\"openingHoursSpecification\":[{\"@type\":\"OpeningHoursSpecification\",\"dayOfWeek\":[\"Monday\",\"Tuesday\",\"Wednesday\",\"Thursday\",\"Friday\",\"Saturday\",\"Sunday\"],\"opens\":\"09:00\",\"closes\":\"17:00\"}],\"email\":\"info@recambiosecogas.com\",\"faxNumber\":\"SEGIMON AUTOMOCION SL\",\"vatID\":\"ESB19819861\",\"globalLocationNumber\":\"938 616 339\"},{\"@type\":\"PostalAddress\",\"@id\":\"https:\\\/\\\/recambiosecogas.com\\\/it\\\/producto\\\/abrazadera-de-tornillo-sin-fin-norma-torro-ancho-de-banda-12-mm-c7-w3\\\/#local-main-place-address\",\"streetAddress\":\"cami antic de vic, 29 (Nave 3), Pol\u00edgono Industrial Congost\",\"addressLocality\":\"CORRO D`AVALL\",\"postalCode\":\"08520\",\"addressRegion\":\"Barcelona\",\"addressCountry\":\"ES\"},{\"@type\":\"ImageObject\",\"inLanguage\":\"it-IT\",\"@id\":\"https:\\\/\\\/recambiosecogas.com\\\/it\\\/producto\\\/abrazadera-de-tornillo-sin-fin-norma-torro-ancho-de-banda-12-mm-c7-w3\\\/#local-main-organization-logo\",\"url\":\"https:\\\/\\\/recambiosecogas.com\\\/wp-content\\\/uploads\\\/2024\\\/11\\\/cropped-RECAMBIOS-GLP-png.webp\",\"contentUrl\":\"https:\\\/\\\/recambiosecogas.com\\\/wp-content\\\/uploads\\\/2024\\\/11\\\/cropped-RECAMBIOS-GLP-png.webp\",\"width\":512,\"height\":512,\"caption\":\"Recambios EcoGas\"}]}<\/script>\n<meta property=\"og:availability\" content=\"backorder\" \/>\n<meta property=\"product:availability\" content=\"available for order\" \/>\n<meta property=\"product:retailer_item_id\" content=\"111974\" \/>\n<meta property=\"product:condition\" content=\"new\" \/>\n<meta name=\"geo.placename\" content=\"CORRO D`AVALL\" \/>\n<meta name=\"geo.region\" content=\"Spagna\" \/>\n<!-- \/ Yoast SEO Premium plugin. -->","yoast_head_json":{"title":"Abrazadera de Tornillo Sin Fin NORMA TORRO 12 mm | Recambios Ecogas","description":"Abrazadera de tornillo sin fin NORMA TORRO, ideal para aplicaciones de alta carga mec\u00e1nica, garantiza una sujeci\u00f3n segura en sistemas de Autogas.","robots":{"index":"index","follow":"follow","max-snippet":"max-snippet:-1","max-image-preview":"max-image-preview:large","max-video-preview":"max-video-preview:-1"},"canonical":"https:\/\/recambiosecogas.com\/it\/producto\/abrazadera-de-tornillo-sin-fin-norma-torro-ancho-de-banda-12-mm-c7-w3\/","og_locale":"it_IT","og_type":"article","og_title":"Abrazadera de tornillo sin fin NORMA TORRO, ancho de banda 12 mm, C7 W3","og_description":"Abrazadera de tornillo sin fin NORMA TORRO, ideal para aplicaciones de alta carga mec\u00e1nica, garantiza una sujeci\u00f3n segura en sistemas de Autogas.","og_url":"https:\/\/recambiosecogas.com\/it\/producto\/abrazadera-de-tornillo-sin-fin-norma-torro-ancho-de-banda-12-mm-c7-w3\/","og_site_name":"Recambios EcoGas","article_publisher":"https:\/\/www.facebook.com\/profile.php?id=100062419705358","article_modified_time":"2026-03-30T14:46:01+00:00","og_image":[{"width":1000,"height":1000,"url":"https:\/\/recambiosecogas.com\/wp-content\/uploads\/2025\/01\/NORMA-TORRO-Abrazadera-de-tornillo-sin-fin-rango-de-sujecion-50-70-mm-ancho-de-banda-12-mm-C7-material-W3-png.webp","type":"image\/png"}],"twitter_card":"summary_large_image","twitter_misc":{"Disponibilit\u00e0":"Su ordinazione"},"schema":{"@context":"https:\/\/schema.org","@graph":[{"@type":"WebPage","@id":"https:\/\/recambiosecogas.com\/it\/producto\/abrazadera-de-tornillo-sin-fin-norma-torro-ancho-de-banda-12-mm-c7-w3\/","url":"https:\/\/recambiosecogas.com\/it\/producto\/abrazadera-de-tornillo-sin-fin-norma-torro-ancho-de-banda-12-mm-c7-w3\/","name":"Abrazadera de Tornillo Sin Fin NORMA TORRO 12 mm | Recambios Ecogas","isPartOf":{"@id":"https:\/\/recambiosecogas.com\/it\/#website"},"primaryImageOfPage":{"@id":"https:\/\/recambiosecogas.com\/it\/producto\/abrazadera-de-tornillo-sin-fin-norma-torro-ancho-de-banda-12-mm-c7-w3\/#primaryimage"},"image":{"@id":"https:\/\/recambiosecogas.com\/it\/producto\/abrazadera-de-tornillo-sin-fin-norma-torro-ancho-de-banda-12-mm-c7-w3\/#primaryimage"},"thumbnailUrl":"https:\/\/recambiosecogas.com\/wp-content\/uploads\/2025\/01\/NORMA-TORRO-Abrazadera-de-tornillo-sin-fin-rango-de-sujecion-50-70-mm-ancho-de-banda-12-mm-C7-material-W3-png.webp","datePublished":"2025-01-15T17:02:25+00:00","dateModified":"2026-03-30T14:46:01+00:00","description":"Abrazadera de tornillo sin fin NORMA TORRO, ideal para aplicaciones de alta carga mec\u00e1nica, garantiza una sujeci\u00f3n segura en sistemas de Autogas.","breadcrumb":{"@id":"https:\/\/recambiosecogas.com\/it\/producto\/abrazadera-de-tornillo-sin-fin-norma-torro-ancho-de-banda-12-mm-c7-w3\/#breadcrumb"},"inLanguage":"it-IT","potentialAction":[{"@type":"ReadAction","target":["https:\/\/recambiosecogas.com\/it\/producto\/abrazadera-de-tornillo-sin-fin-norma-torro-ancho-de-banda-12-mm-c7-w3\/"]}]},{"@type":"ImageObject","inLanguage":"it-IT","@id":"https:\/\/recambiosecogas.com\/it\/producto\/abrazadera-de-tornillo-sin-fin-norma-torro-ancho-de-banda-12-mm-c7-w3\/#primaryimage","url":"https:\/\/recambiosecogas.com\/wp-content\/uploads\/2025\/01\/NORMA-TORRO-Abrazadera-de-tornillo-sin-fin-rango-de-sujecion-50-70-mm-ancho-de-banda-12-mm-C7-material-W3-png.webp","contentUrl":"https:\/\/recambiosecogas.com\/wp-content\/uploads\/2025\/01\/NORMA-TORRO-Abrazadera-de-tornillo-sin-fin-rango-de-sujecion-50-70-mm-ancho-de-banda-12-mm-C7-material-W3-png.webp","width":1000,"height":1000},{"@type":"BreadcrumbList","@id":"https:\/\/recambiosecogas.com\/it\/producto\/abrazadera-de-tornillo-sin-fin-norma-torro-ancho-de-banda-12-mm-c7-w3\/#breadcrumb","itemListElement":[{"@type":"ListItem","position":1,"name":"Portada","item":"https:\/\/recambiosecogas.com\/it\/"},{"@type":"ListItem","position":2,"name":"Negozio","item":"https:\/\/recambiosecogas.com\/it\/?page_id=46382"},{"@type":"ListItem","position":3,"name":"Abrazadera de tornillo sin fin NORMA TORRO, ancho de banda 12 mm, C7 W3"}]},{"@type":"WebSite","@id":"https:\/\/recambiosecogas.com\/it\/#website","url":"https:\/\/recambiosecogas.com\/it\/","name":"Recambios EcoGas","description":"Recambios Multimarca para sistemas de GLP\/GNC\/GNL\/Hidr\u00f3geno","publisher":{"@id":"https:\/\/recambiosecogas.com\/it\/#organization"},"alternateName":"Recambios Autogas GLP","potentialAction":[{"@type":"SearchAction","target":{"@type":"EntryPoint","urlTemplate":"https:\/\/recambiosecogas.com\/it\/?s={search_term_string}"},"query-input":{"@type":"PropertyValueSpecification","valueRequired":true,"valueName":"search_term_string"}}],"inLanguage":"it-IT"},{"@type":["Organization","Place"],"@id":"https:\/\/recambiosecogas.com\/it\/#organization","name":"Recambios EcoGas","alternateName":"Tienda Online GLP Espa\u00f1a","url":"https:\/\/recambiosecogas.com\/it\/","logo":{"@id":"https:\/\/recambiosecogas.com\/it\/producto\/abrazadera-de-tornillo-sin-fin-norma-torro-ancho-de-banda-12-mm-c7-w3\/#local-main-organization-logo"},"image":{"@id":"https:\/\/recambiosecogas.com\/it\/producto\/abrazadera-de-tornillo-sin-fin-norma-torro-ancho-de-banda-12-mm-c7-w3\/#local-main-organization-logo"},"sameAs":["https:\/\/www.facebook.com\/profile.php?id=100062419705358","https:\/\/www.instagram.com\/segimon_automocio"],"description":"Recambios EcoGas \u2013 Venta y distribuci\u00f3n de sistemas GLP y GNC en Espa\u00f1a y Portugal. Env\u00edos 24 h, soporte t\u00e9cnico a talleres y distribuidores.","hasMerchantReturnPolicy":{"@type":"MerchantReturnPolicy","merchantReturnLink":"https:\/\/recambiosecogas.com\/politicas-privacidad\/"},"address":{"@id":"https:\/\/recambiosecogas.com\/it\/producto\/abrazadera-de-tornillo-sin-fin-norma-torro-ancho-de-banda-12-mm-c7-w3\/#local-main-place-address"},"telephone":["616250633"],"contactPoint":{"@type":"ContactPoint","email":"export@recambiosecogas.com"},"openingHoursSpecification":[{"@type":"OpeningHoursSpecification","dayOfWeek":["Monday","Tuesday","Wednesday","Thursday","Friday","Saturday","Sunday"],"opens":"09:00","closes":"17:00"}],"email":"info@recambiosecogas.com","faxNumber":"SEGIMON AUTOMOCION SL","vatID":"ESB19819861","globalLocationNumber":"938 616 339"},{"@type":"PostalAddress","@id":"https:\/\/recambiosecogas.com\/it\/producto\/abrazadera-de-tornillo-sin-fin-norma-torro-ancho-de-banda-12-mm-c7-w3\/#local-main-place-address","streetAddress":"cami antic de vic, 29 (Nave 3), Pol\u00edgono Industrial Congost","addressLocality":"CORRO D`AVALL","postalCode":"08520","addressRegion":"Barcelona","addressCountry":"ES"},{"@type":"ImageObject","inLanguage":"it-IT","@id":"https:\/\/recambiosecogas.com\/it\/producto\/abrazadera-de-tornillo-sin-fin-norma-torro-ancho-de-banda-12-mm-c7-w3\/#local-main-organization-logo","url":"https:\/\/recambiosecogas.com\/wp-content\/uploads\/2024\/11\/cropped-RECAMBIOS-GLP-png.webp","contentUrl":"https:\/\/recambiosecogas.com\/wp-content\/uploads\/2024\/11\/cropped-RECAMBIOS-GLP-png.webp","width":512,"height":512,"caption":"Recambios EcoGas"}]},"og_availability":"backorder","product_availability":"available for order","product_retailer_item_id":"111974","product_condition":"new","geo.placename":"CORRO D`AVALL","geo.region":"Spagna"},"uagb_featured_image_src":{"full":["https:\/\/recambiosecogas.com\/wp-content\/uploads\/2025\/01\/NORMA-TORRO-Abrazadera-de-tornillo-sin-fin-rango-de-sujecion-50-70-mm-ancho-de-banda-12-mm-C7-material-W3-png.webp",1000,1000,false],"thumbnail":["https:\/\/recambiosecogas.com\/wp-content\/uploads\/2025\/01\/NORMA-TORRO-Abrazadera-de-tornillo-sin-fin-rango-de-sujecion-50-70-mm-ancho-de-banda-12-mm-C7-material-W3-150x150.webp",150,150,true],"medium":["https:\/\/recambiosecogas.com\/wp-content\/uploads\/2025\/01\/NORMA-TORRO-Abrazadera-de-tornillo-sin-fin-rango-de-sujecion-50-70-mm-ancho-de-banda-12-mm-C7-material-W3-300x300.webp",300,300,true],"medium_large":["https:\/\/recambiosecogas.com\/wp-content\/uploads\/2025\/01\/NORMA-TORRO-Abrazadera-de-tornillo-sin-fin-rango-de-sujecion-50-70-mm-ancho-de-banda-12-mm-C7-material-W3-768x768.webp",768,768,true],"large":["https:\/\/recambiosecogas.com\/wp-content\/uploads\/2025\/01\/NORMA-TORRO-Abrazadera-de-tornillo-sin-fin-rango-de-sujecion-50-70-mm-ancho-de-banda-12-mm-C7-material-W3-png.webp",1000,1000,false],"1536x1536":["https:\/\/recambiosecogas.com\/wp-content\/uploads\/2025\/01\/NORMA-TORRO-Abrazadera-de-tornillo-sin-fin-rango-de-sujecion-50-70-mm-ancho-de-banda-12-mm-C7-material-W3-png.webp",1000,1000,false],"2048x2048":["https:\/\/recambiosecogas.com\/wp-content\/uploads\/2025\/01\/NORMA-TORRO-Abrazadera-de-tornillo-sin-fin-rango-de-sujecion-50-70-mm-ancho-de-banda-12-mm-C7-material-W3-png.webp",1000,1000,false],"woocommerce_archive_thumbnail":["https:\/\/recambiosecogas.com\/wp-content\/uploads\/2025\/01\/NORMA-TORRO-Abrazadera-de-tornillo-sin-fin-rango-de-sujecion-50-70-mm-ancho-de-banda-12-mm-C7-material-W3-png.webp",1000,1000,false],"woocommerce_thumbnail":["https:\/\/recambiosecogas.com\/wp-content\/uploads\/2025\/01\/NORMA-TORRO-Abrazadera-de-tornillo-sin-fin-rango-de-sujecion-50-70-mm-ancho-de-banda-12-mm-C7-material-W3-300x300.webp",300,300,true],"woocommerce_single":["https:\/\/recambiosecogas.com\/wp-content\/uploads\/2025\/01\/NORMA-TORRO-Abrazadera-de-tornillo-sin-fin-rango-de-sujecion-50-70-mm-ancho-de-banda-12-mm-C7-material-W3-png.webp",1000,1000,false],"woocommerce_gallery_thumbnail":["https:\/\/recambiosecogas.com\/wp-content\/uploads\/2025\/01\/NORMA-TORRO-Abrazadera-de-tornillo-sin-fin-rango-de-sujecion-50-70-mm-ancho-de-banda-12-mm-C7-material-W3-png.webp",1000,1000,false],"dgwt-wcas-product-suggestion":["https:\/\/recambiosecogas.com\/wp-content\/uploads\/2025\/01\/NORMA-TORRO-Abrazadera-de-tornillo-sin-fin-rango-de-sujecion-50-70-mm-ancho-de-banda-12-mm-C7-material-W3-64x64.webp",64,64,true]},"uagb_author_info":{"display_name":"Fran - Soporte T\u00e9cnico","author_link":"https:\/\/recambiosecogas.com\/it\/author\/"},"uagb_comment_info":0,"uagb_excerpt":"La abrazadera TORRO\u00ae\u00a0WF\u00a0est\u00e1 equipada con un muelle ondulado que se retensa autom\u00e1ticamente para garantizar una fuerza de sujeci\u00f3n radial \u00f3ptima. La TORRO\u00ae WF es la elecci\u00f3n ideal para aplicaciones con fluctuaciones extremas de temperatura (por ejemplo, aire de carga), con temperaturas extremadamente bajas o para sujetar mangueras con &#8220;tendencia a la fluencia&#8221;\/relajaci\u00f3n de la manguera.&hellip;","_links":{"self":[{"href":"https:\/\/recambiosecogas.com\/it\/wp-json\/wp\/v2\/product\/14709","targetHints":{"allow":["GET"]}}],"collection":[{"href":"https:\/\/recambiosecogas.com\/it\/wp-json\/wp\/v2\/product"}],"about":[{"href":"https:\/\/recambiosecogas.com\/it\/wp-json\/wp\/v2\/types\/product"}],"replies":[{"embeddable":true,"href":"https:\/\/recambiosecogas.com\/it\/wp-json\/wp\/v2\/comments?post=14709"}],"wp:featuredmedia":[{"embeddable":true,"href":"https:\/\/recambiosecogas.com\/it\/wp-json\/wp\/v2\/media\/17023"}],"wp:attachment":[{"href":"https:\/\/recambiosecogas.com\/it\/wp-json\/wp\/v2\/media?parent=14709"}],"wp:term":[{"taxonomy":"product_brand","embeddable":true,"href":"https:\/\/recambiosecogas.com\/it\/wp-json\/wp\/v2\/product_brand?post=14709"},{"taxonomy":"product_cat","embeddable":true,"href":"https:\/\/recambiosecogas.com\/it\/wp-json\/wp\/v2\/product_cat?post=14709"},{"taxonomy":"product_tag","embeddable":true,"href":"https:\/\/recambiosecogas.com\/it\/wp-json\/wp\/v2\/product_tag?post=14709"}],"curies":[{"name":"wp","href":"https:\/\/api.w.org\/{rel}","templated":true}]}}