{"id":14672,"date":"2025-01-15T17:40:24","date_gmt":"2025-01-15T16:40:24","guid":{"rendered":"https:\/\/recambiosecogas.com\/?post_type=product&#038;p=14672"},"modified":"2026-05-05T10:57:12","modified_gmt":"2026-05-05T09:57:12","slug":"oetiker-abrazadera-de-tornillo-sinfin","status":"publish","type":"product","link":"https:\/\/recambiosecogas.com\/it\/producto\/oetiker-abrazadera-de-tornillo-sinfin\/","title":{"rendered":"OETIKER Abrazadera de tornillo sinfin"},"content":{"rendered":"<p>Banda y carcasa de acero inoxidable, material n\u00ba 1.4016\/UNS S43000 Tornillo de cabeza hexagonal de acero galvanizado<\/p>\n<div><strong>Resistente<\/strong>: Presi\u00f3n superficial mejorada gracias a los bordes de la banda laminados y sin rebabas (la banda optimizada supera la norma DIN 3017<strong>)Fiable<\/strong>: No da\u00f1a la manguera gracias a los bordes de la banda embridados y sin rebabas,\u00a0<strong>sellado \u00f3ptimoF\u00e1cil de usar<\/strong>: Un tama\u00f1o para diferentes di\u00e1metros, montaje r\u00e1pido y sencillo con destornilladores est\u00e1ndar o llaves dinamom\u00e9tricas<\/div>\n<div><\/div>\n<div><strong>Dise\u00f1o de la abrazadera<\/strong><\/div>\n<div>La abrazadera de tornillo sin fin Oetiker es una abrazadera de manguera multirrango t\u00e9cnicamente sofisticada con un rango de sujeci\u00f3n muy amplio. Las mangueras de diferentes di\u00e1metros se pueden conectar de forma segura con un solo tama\u00f1o.<\/div>\n<div>Las bandas conformadas en fr\u00edo de esta abrazadera tienen una forma ligeramente convexa. La altura de las roscas disminuye a ambos lados &#8211; la secci\u00f3n transversal completa de la rosca se encuentra en el centro.<\/div>\n<div>Las abrazaderas de tornillo sin fin de la calidad de material W2 est\u00e1n equipadas con un tornillo de cabeza hexagonal (SW 7) con ranura en cruz (Phillips). Las abrazaderas de las calidades de material W3 y W4 tienen un tornillo de cabeza hexagonal con ranura.<\/div>\n<div><\/div>\n<div><strong>Recomendaciones de montaje<\/strong><\/div>\n<div>Para una instalaci\u00f3n profesional, recomendamos utilizar un destornillador flexible. Esto garantiza una instalaci\u00f3n segura incluso en lugares de dif\u00edcil acceso. Los atornilladores con par de apriete controlado electr\u00f3nicamente deben utilizarse para montajes en serie en los que se requiera una alta seguridad de proceso.<\/div>\n<p>&nbsp;<\/p>\n<h4>Datos t\u00e9cnicos<\/h4>\n<table>\n<thead>\n<tr>\n<th>Rango de sujeci\u00f3n<\/th>\n<th>Ancho de banda 9mm<\/th>\n<th>Ancho de banda 12mm<\/th>\n<\/tr>\n<tr>\n<th>Par de apriete est\u00e1tico<\/th>\n<\/tr>\n<\/thead>\n<tbody>\n<tr>\n<td>8 &#8211; 22 mm<\/td>\n<td>2 + 0,5 Nm<\/td>\n<td><\/td>\n<\/tr>\n<tr>\n<td>16 &#8211; 160 mm<\/td>\n<td>3 + 0,5 Nm<\/td>\n<td><\/td>\n<\/tr>\n<tr>\n<td>16 &#8211; 390 mm<\/td>\n<td><\/td>\n<td>5 + 0,5 Nm<\/td>\n<\/tr>\n<\/tbody>\n<thead>\n<tr>\n<th>Par de prueba est\u00e1tico<\/th>\n<\/tr>\n<\/thead>\n<tbody>\n<tr>\n<td>8 &#8211; 22 mm<\/td>\n<td>m\u00e1x. 2,5 Nm<\/td>\n<td><\/td>\n<\/tr>\n<tr>\n<td>16 &#8211; 160 mm<\/td>\n<td>m\u00e1x. 4,5 Nm<\/td>\n<td><\/td>\n<\/tr>\n<tr>\n<td>16 &#8211; 390 mm<\/td>\n<td><\/td>\n<td>m\u00e1x. 6,5 Nm<\/td>\n<\/tr>\n<\/tbody>\n<\/table>\n<p>l para asegurar conexiones seguras en sistemas de Autogas. Su dise\u00f1o permite una sujeci\u00f3n efectiva de mangueras en aplicaciones de GLP, evitando fugas y garantizando un rendimiento \u00f3ptimo. Ideal para instalaciones donde se requiere un ajuste preciso, esta abrazadera es perfecta para reemplazos en sistemas de combustible. Su versatilidad y robustez la convierten en una opci\u00f3n confiable para cualquier proyecto de fijaci\u00f3n de mangueras.<\/p>\n","protected":false},"excerpt":{"rendered":"<p>Banda y carcasa de acero inoxidable, material n\u00ba 1.4016\/UNS S43000 Tornillo de cabeza hexagonal de acero galvanizado Resistente: Presi\u00f3n superficial mejorada gracias a los bordes de la banda laminados y sin rebabas (la banda optimizada supera la norma DIN 3017)Fiable: No da\u00f1a la manguera gracias a los bordes de la banda embridados y sin rebabas,\u00a0sellado [&hellip;]<\/p>\n","protected":false},"featured_media":17026,"comment_status":"open","ping_status":"closed","template":"","meta":{"_uag_custom_page_level_css":""},"product_brand":[],"product_cat":[1553,1549,1757],"product_tag":[],"class_list":{"0":"post-14672","1":"product","2":"type-product","3":"status-publish","4":"has-post-thumbnail","6":"product_cat-abracadeiras-de-mangueira","7":"product_cat-fixacao","8":"product_cat-oetiker-pt-pt","10":"first","11":"onbackorder","12":"taxable","13":"shipping-taxable","14":"purchasable","15":"product-type-variable"},"ct_brands":[],"yoast_head":"<!-- This site is optimized with the Yoast SEO Premium plugin v27.5 (Yoast SEO v27.6) - https:\/\/yoast.com\/product\/yoast-seo-premium-wordpress\/ -->\n<title>OETIKER Abrazadera de Tornillo Sin Fin | Recambios Ecogas<\/title>\n<meta name=\"description\" content=\"Abrazadera de tornillo sin fin OETIKER, ideal para sistemas de Autogas, garantiza una sujeci\u00f3n segura y efectiva de mangueras en aplicaciones GLP.\" \/>\n<meta name=\"robots\" content=\"index, follow, max-snippet:-1, max-image-preview:large, max-video-preview:-1\" \/>\n<link rel=\"canonical\" href=\"https:\/\/recambiosecogas.com\/it\/producto\/oetiker-abrazadera-de-tornillo-sinfin\/\" \/>\n<meta property=\"og:locale\" content=\"it_IT\" \/>\n<meta property=\"og:type\" content=\"article\" \/>\n<meta property=\"og:title\" content=\"OETIKER Abrazadera de tornillo sinfin\" \/>\n<meta property=\"og:description\" content=\"Abrazadera de tornillo sin fin OETIKER, ideal para sistemas de Autogas, garantiza una sujeci\u00f3n segura y efectiva de mangueras en aplicaciones GLP.\" \/>\n<meta property=\"og:url\" content=\"https:\/\/recambiosecogas.com\/it\/producto\/oetiker-abrazadera-de-tornillo-sinfin\/\" \/>\n<meta property=\"og:site_name\" content=\"Recambios EcoGas\" \/>\n<meta property=\"article:publisher\" content=\"https:\/\/www.facebook.com\/profile.php?id=100062419705358\" \/>\n<meta property=\"article:modified_time\" content=\"2026-05-05T09:57:12+00:00\" \/>\n<meta property=\"og:image\" content=\"https:\/\/recambiosecogas.com\/wp-content\/uploads\/2025\/01\/OETIKER-Abrazadera-de-tornillo-sinfin-png.webp\" \/>\n\t<meta property=\"og:image:width\" content=\"1000\" \/>\n\t<meta property=\"og:image:height\" content=\"1000\" \/>\n\t<meta property=\"og:image:type\" content=\"image\/png\" \/>\n<meta name=\"twitter:card\" content=\"summary_large_image\" \/>\n<meta name=\"twitter:label1\" content=\"Disponibilit\u00e0\" \/>\n\t<meta name=\"twitter:data1\" content=\"Su ordinazione\" \/>\n<script type=\"application\/ld+json\" class=\"yoast-schema-graph\">{\"@context\":\"https:\\\/\\\/schema.org\",\"@graph\":[{\"@type\":\"WebPage\",\"@id\":\"https:\\\/\\\/recambiosecogas.com\\\/it\\\/producto\\\/oetiker-abrazadera-de-tornillo-sinfin\\\/\",\"url\":\"https:\\\/\\\/recambiosecogas.com\\\/it\\\/producto\\\/oetiker-abrazadera-de-tornillo-sinfin\\\/\",\"name\":\"OETIKER Abrazadera de Tornillo Sin Fin | Recambios Ecogas\",\"isPartOf\":{\"@id\":\"https:\\\/\\\/recambiosecogas.com\\\/it\\\/#website\"},\"primaryImageOfPage\":{\"@id\":\"https:\\\/\\\/recambiosecogas.com\\\/it\\\/producto\\\/oetiker-abrazadera-de-tornillo-sinfin\\\/#primaryimage\"},\"image\":{\"@id\":\"https:\\\/\\\/recambiosecogas.com\\\/it\\\/producto\\\/oetiker-abrazadera-de-tornillo-sinfin\\\/#primaryimage\"},\"thumbnailUrl\":\"https:\\\/\\\/recambiosecogas.com\\\/wp-content\\\/uploads\\\/2025\\\/01\\\/OETIKER-Abrazadera-de-tornillo-sinfin-png.webp\",\"datePublished\":\"2025-01-15T16:40:24+00:00\",\"dateModified\":\"2026-05-05T09:57:12+00:00\",\"description\":\"Abrazadera de tornillo sin fin OETIKER, ideal para sistemas de Autogas, garantiza una sujeci\u00f3n segura y efectiva de mangueras en aplicaciones GLP.\",\"breadcrumb\":{\"@id\":\"https:\\\/\\\/recambiosecogas.com\\\/it\\\/producto\\\/oetiker-abrazadera-de-tornillo-sinfin\\\/#breadcrumb\"},\"inLanguage\":\"it-IT\",\"potentialAction\":[{\"@type\":\"ReadAction\",\"target\":[\"https:\\\/\\\/recambiosecogas.com\\\/it\\\/producto\\\/oetiker-abrazadera-de-tornillo-sinfin\\\/\"]}]},{\"@type\":\"ImageObject\",\"inLanguage\":\"it-IT\",\"@id\":\"https:\\\/\\\/recambiosecogas.com\\\/it\\\/producto\\\/oetiker-abrazadera-de-tornillo-sinfin\\\/#primaryimage\",\"url\":\"https:\\\/\\\/recambiosecogas.com\\\/wp-content\\\/uploads\\\/2025\\\/01\\\/OETIKER-Abrazadera-de-tornillo-sinfin-png.webp\",\"contentUrl\":\"https:\\\/\\\/recambiosecogas.com\\\/wp-content\\\/uploads\\\/2025\\\/01\\\/OETIKER-Abrazadera-de-tornillo-sinfin-png.webp\",\"width\":1000,\"height\":1000},{\"@type\":\"BreadcrumbList\",\"@id\":\"https:\\\/\\\/recambiosecogas.com\\\/it\\\/producto\\\/oetiker-abrazadera-de-tornillo-sinfin\\\/#breadcrumb\",\"itemListElement\":[{\"@type\":\"ListItem\",\"position\":1,\"name\":\"Portada\",\"item\":\"https:\\\/\\\/recambiosecogas.com\\\/it\\\/\"},{\"@type\":\"ListItem\",\"position\":2,\"name\":\"Negozio\",\"item\":\"https:\\\/\\\/recambiosecogas.com\\\/it\\\/?page_id=46382\"},{\"@type\":\"ListItem\",\"position\":3,\"name\":\"OETIKER Abrazadera de tornillo sinfin\"}]},{\"@type\":\"WebSite\",\"@id\":\"https:\\\/\\\/recambiosecogas.com\\\/it\\\/#website\",\"url\":\"https:\\\/\\\/recambiosecogas.com\\\/it\\\/\",\"name\":\"Recambios EcoGas\",\"description\":\"Recambios Multimarca para sistemas de GLP\\\/GNC\\\/GNL\\\/Hidr\u00f3geno\",\"publisher\":{\"@id\":\"https:\\\/\\\/recambiosecogas.com\\\/it\\\/#organization\"},\"alternateName\":\"Recambios Autogas GLP\",\"potentialAction\":[{\"@type\":\"SearchAction\",\"target\":{\"@type\":\"EntryPoint\",\"urlTemplate\":\"https:\\\/\\\/recambiosecogas.com\\\/it\\\/?s={search_term_string}\"},\"query-input\":{\"@type\":\"PropertyValueSpecification\",\"valueRequired\":true,\"valueName\":\"search_term_string\"}}],\"inLanguage\":\"it-IT\"},{\"@type\":[\"Organization\",\"Place\"],\"@id\":\"https:\\\/\\\/recambiosecogas.com\\\/it\\\/#organization\",\"name\":\"Recambios EcoGas\",\"alternateName\":\"Tienda Online GLP Espa\u00f1a\",\"url\":\"https:\\\/\\\/recambiosecogas.com\\\/it\\\/\",\"logo\":{\"@id\":\"https:\\\/\\\/recambiosecogas.com\\\/it\\\/producto\\\/oetiker-abrazadera-de-tornillo-sinfin\\\/#local-main-organization-logo\"},\"image\":{\"@id\":\"https:\\\/\\\/recambiosecogas.com\\\/it\\\/producto\\\/oetiker-abrazadera-de-tornillo-sinfin\\\/#local-main-organization-logo\"},\"sameAs\":[\"https:\\\/\\\/www.facebook.com\\\/profile.php?id=100062419705358\",\"https:\\\/\\\/www.instagram.com\\\/segimon_automocio\"],\"description\":\"Recambios EcoGas \u2013 Venta y distribuci\u00f3n de sistemas GLP y GNC en Espa\u00f1a y Portugal. Env\u00edos 24 h, soporte t\u00e9cnico a talleres y distribuidores.\",\"hasMerchantReturnPolicy\":{\"@type\":\"MerchantReturnPolicy\",\"merchantReturnLink\":\"https:\\\/\\\/recambiosecogas.com\\\/politicas-privacidad\\\/\"},\"address\":{\"@id\":\"https:\\\/\\\/recambiosecogas.com\\\/it\\\/producto\\\/oetiker-abrazadera-de-tornillo-sinfin\\\/#local-main-place-address\"},\"telephone\":[\"616250633\"],\"contactPoint\":{\"@type\":\"ContactPoint\",\"email\":\"export@recambiosecogas.com\"},\"openingHoursSpecification\":[{\"@type\":\"OpeningHoursSpecification\",\"dayOfWeek\":[\"Monday\",\"Tuesday\",\"Wednesday\",\"Thursday\",\"Friday\",\"Saturday\",\"Sunday\"],\"opens\":\"09:00\",\"closes\":\"17:00\"}],\"email\":\"info@recambiosecogas.com\",\"faxNumber\":\"SEGIMON AUTOMOCION SL\",\"vatID\":\"ESB19819861\",\"globalLocationNumber\":\"938 616 339\"},{\"@type\":\"PostalAddress\",\"@id\":\"https:\\\/\\\/recambiosecogas.com\\\/it\\\/producto\\\/oetiker-abrazadera-de-tornillo-sinfin\\\/#local-main-place-address\",\"streetAddress\":\"cami antic de vic, 29 (Nave 3), Pol\u00edgono Industrial Congost\",\"addressLocality\":\"CORRO D`AVALL\",\"postalCode\":\"08520\",\"addressRegion\":\"Barcelona\",\"addressCountry\":\"ES\"},{\"@type\":\"ImageObject\",\"inLanguage\":\"it-IT\",\"@id\":\"https:\\\/\\\/recambiosecogas.com\\\/it\\\/producto\\\/oetiker-abrazadera-de-tornillo-sinfin\\\/#local-main-organization-logo\",\"url\":\"https:\\\/\\\/recambiosecogas.com\\\/wp-content\\\/uploads\\\/2024\\\/11\\\/cropped-RECAMBIOS-GLP-png.webp\",\"contentUrl\":\"https:\\\/\\\/recambiosecogas.com\\\/wp-content\\\/uploads\\\/2024\\\/11\\\/cropped-RECAMBIOS-GLP-png.webp\",\"width\":512,\"height\":512,\"caption\":\"Recambios EcoGas\"}]}<\/script>\n<meta property=\"og:availability\" content=\"backorder\" \/>\n<meta property=\"product:availability\" content=\"available for order\" \/>\n<meta property=\"product:retailer_item_id\" content=\"109369\" \/>\n<meta property=\"product:condition\" content=\"new\" \/>\n<meta name=\"geo.placename\" content=\"CORRO D`AVALL\" \/>\n<meta name=\"geo.region\" content=\"Spagna\" \/>\n<!-- \/ Yoast SEO Premium plugin. -->","yoast_head_json":{"title":"OETIKER Abrazadera de Tornillo Sin Fin | Recambios Ecogas","description":"Abrazadera de tornillo sin fin OETIKER, ideal para sistemas de Autogas, garantiza una sujeci\u00f3n segura y efectiva de mangueras en aplicaciones GLP.","robots":{"index":"index","follow":"follow","max-snippet":"max-snippet:-1","max-image-preview":"max-image-preview:large","max-video-preview":"max-video-preview:-1"},"canonical":"https:\/\/recambiosecogas.com\/it\/producto\/oetiker-abrazadera-de-tornillo-sinfin\/","og_locale":"it_IT","og_type":"article","og_title":"OETIKER Abrazadera de tornillo sinfin","og_description":"Abrazadera de tornillo sin fin OETIKER, ideal para sistemas de Autogas, garantiza una sujeci\u00f3n segura y efectiva de mangueras en aplicaciones GLP.","og_url":"https:\/\/recambiosecogas.com\/it\/producto\/oetiker-abrazadera-de-tornillo-sinfin\/","og_site_name":"Recambios EcoGas","article_publisher":"https:\/\/www.facebook.com\/profile.php?id=100062419705358","article_modified_time":"2026-05-05T09:57:12+00:00","og_image":[{"width":1000,"height":1000,"url":"https:\/\/recambiosecogas.com\/wp-content\/uploads\/2025\/01\/OETIKER-Abrazadera-de-tornillo-sinfin-png.webp","type":"image\/png"}],"twitter_card":"summary_large_image","twitter_misc":{"Disponibilit\u00e0":"Su ordinazione"},"schema":{"@context":"https:\/\/schema.org","@graph":[{"@type":"WebPage","@id":"https:\/\/recambiosecogas.com\/it\/producto\/oetiker-abrazadera-de-tornillo-sinfin\/","url":"https:\/\/recambiosecogas.com\/it\/producto\/oetiker-abrazadera-de-tornillo-sinfin\/","name":"OETIKER Abrazadera de Tornillo Sin Fin | Recambios Ecogas","isPartOf":{"@id":"https:\/\/recambiosecogas.com\/it\/#website"},"primaryImageOfPage":{"@id":"https:\/\/recambiosecogas.com\/it\/producto\/oetiker-abrazadera-de-tornillo-sinfin\/#primaryimage"},"image":{"@id":"https:\/\/recambiosecogas.com\/it\/producto\/oetiker-abrazadera-de-tornillo-sinfin\/#primaryimage"},"thumbnailUrl":"https:\/\/recambiosecogas.com\/wp-content\/uploads\/2025\/01\/OETIKER-Abrazadera-de-tornillo-sinfin-png.webp","datePublished":"2025-01-15T16:40:24+00:00","dateModified":"2026-05-05T09:57:12+00:00","description":"Abrazadera de tornillo sin fin OETIKER, ideal para sistemas de Autogas, garantiza una sujeci\u00f3n segura y efectiva de mangueras en aplicaciones GLP.","breadcrumb":{"@id":"https:\/\/recambiosecogas.com\/it\/producto\/oetiker-abrazadera-de-tornillo-sinfin\/#breadcrumb"},"inLanguage":"it-IT","potentialAction":[{"@type":"ReadAction","target":["https:\/\/recambiosecogas.com\/it\/producto\/oetiker-abrazadera-de-tornillo-sinfin\/"]}]},{"@type":"ImageObject","inLanguage":"it-IT","@id":"https:\/\/recambiosecogas.com\/it\/producto\/oetiker-abrazadera-de-tornillo-sinfin\/#primaryimage","url":"https:\/\/recambiosecogas.com\/wp-content\/uploads\/2025\/01\/OETIKER-Abrazadera-de-tornillo-sinfin-png.webp","contentUrl":"https:\/\/recambiosecogas.com\/wp-content\/uploads\/2025\/01\/OETIKER-Abrazadera-de-tornillo-sinfin-png.webp","width":1000,"height":1000},{"@type":"BreadcrumbList","@id":"https:\/\/recambiosecogas.com\/it\/producto\/oetiker-abrazadera-de-tornillo-sinfin\/#breadcrumb","itemListElement":[{"@type":"ListItem","position":1,"name":"Portada","item":"https:\/\/recambiosecogas.com\/it\/"},{"@type":"ListItem","position":2,"name":"Negozio","item":"https:\/\/recambiosecogas.com\/it\/?page_id=46382"},{"@type":"ListItem","position":3,"name":"OETIKER Abrazadera de tornillo sinfin"}]},{"@type":"WebSite","@id":"https:\/\/recambiosecogas.com\/it\/#website","url":"https:\/\/recambiosecogas.com\/it\/","name":"Recambios EcoGas","description":"Recambios Multimarca para sistemas de GLP\/GNC\/GNL\/Hidr\u00f3geno","publisher":{"@id":"https:\/\/recambiosecogas.com\/it\/#organization"},"alternateName":"Recambios Autogas GLP","potentialAction":[{"@type":"SearchAction","target":{"@type":"EntryPoint","urlTemplate":"https:\/\/recambiosecogas.com\/it\/?s={search_term_string}"},"query-input":{"@type":"PropertyValueSpecification","valueRequired":true,"valueName":"search_term_string"}}],"inLanguage":"it-IT"},{"@type":["Organization","Place"],"@id":"https:\/\/recambiosecogas.com\/it\/#organization","name":"Recambios EcoGas","alternateName":"Tienda Online GLP Espa\u00f1a","url":"https:\/\/recambiosecogas.com\/it\/","logo":{"@id":"https:\/\/recambiosecogas.com\/it\/producto\/oetiker-abrazadera-de-tornillo-sinfin\/#local-main-organization-logo"},"image":{"@id":"https:\/\/recambiosecogas.com\/it\/producto\/oetiker-abrazadera-de-tornillo-sinfin\/#local-main-organization-logo"},"sameAs":["https:\/\/www.facebook.com\/profile.php?id=100062419705358","https:\/\/www.instagram.com\/segimon_automocio"],"description":"Recambios EcoGas \u2013 Venta y distribuci\u00f3n de sistemas GLP y GNC en Espa\u00f1a y Portugal. Env\u00edos 24 h, soporte t\u00e9cnico a talleres y distribuidores.","hasMerchantReturnPolicy":{"@type":"MerchantReturnPolicy","merchantReturnLink":"https:\/\/recambiosecogas.com\/politicas-privacidad\/"},"address":{"@id":"https:\/\/recambiosecogas.com\/it\/producto\/oetiker-abrazadera-de-tornillo-sinfin\/#local-main-place-address"},"telephone":["616250633"],"contactPoint":{"@type":"ContactPoint","email":"export@recambiosecogas.com"},"openingHoursSpecification":[{"@type":"OpeningHoursSpecification","dayOfWeek":["Monday","Tuesday","Wednesday","Thursday","Friday","Saturday","Sunday"],"opens":"09:00","closes":"17:00"}],"email":"info@recambiosecogas.com","faxNumber":"SEGIMON AUTOMOCION SL","vatID":"ESB19819861","globalLocationNumber":"938 616 339"},{"@type":"PostalAddress","@id":"https:\/\/recambiosecogas.com\/it\/producto\/oetiker-abrazadera-de-tornillo-sinfin\/#local-main-place-address","streetAddress":"cami antic de vic, 29 (Nave 3), Pol\u00edgono Industrial Congost","addressLocality":"CORRO D`AVALL","postalCode":"08520","addressRegion":"Barcelona","addressCountry":"ES"},{"@type":"ImageObject","inLanguage":"it-IT","@id":"https:\/\/recambiosecogas.com\/it\/producto\/oetiker-abrazadera-de-tornillo-sinfin\/#local-main-organization-logo","url":"https:\/\/recambiosecogas.com\/wp-content\/uploads\/2024\/11\/cropped-RECAMBIOS-GLP-png.webp","contentUrl":"https:\/\/recambiosecogas.com\/wp-content\/uploads\/2024\/11\/cropped-RECAMBIOS-GLP-png.webp","width":512,"height":512,"caption":"Recambios EcoGas"}]},"og_availability":"backorder","product_availability":"available for order","product_retailer_item_id":"109369","product_condition":"new","geo.placename":"CORRO D`AVALL","geo.region":"Spagna"},"uagb_featured_image_src":{"full":["https:\/\/recambiosecogas.com\/wp-content\/uploads\/2025\/01\/OETIKER-Abrazadera-de-tornillo-sinfin-png.webp",1000,1000,false],"thumbnail":["https:\/\/recambiosecogas.com\/wp-content\/uploads\/2025\/01\/OETIKER-Abrazadera-de-tornillo-sinfin-150x150.webp",150,150,true],"medium":["https:\/\/recambiosecogas.com\/wp-content\/uploads\/2025\/01\/OETIKER-Abrazadera-de-tornillo-sinfin-300x300.webp",300,300,true],"medium_large":["https:\/\/recambiosecogas.com\/wp-content\/uploads\/2025\/01\/OETIKER-Abrazadera-de-tornillo-sinfin-768x768.webp",768,768,true],"large":["https:\/\/recambiosecogas.com\/wp-content\/uploads\/2025\/01\/OETIKER-Abrazadera-de-tornillo-sinfin-png.webp",1000,1000,false],"1536x1536":["https:\/\/recambiosecogas.com\/wp-content\/uploads\/2025\/01\/OETIKER-Abrazadera-de-tornillo-sinfin-png.webp",1000,1000,false],"2048x2048":["https:\/\/recambiosecogas.com\/wp-content\/uploads\/2025\/01\/OETIKER-Abrazadera-de-tornillo-sinfin-png.webp",1000,1000,false],"woocommerce_archive_thumbnail":["https:\/\/recambiosecogas.com\/wp-content\/uploads\/2025\/01\/OETIKER-Abrazadera-de-tornillo-sinfin-png.webp",1000,1000,false],"woocommerce_thumbnail":["https:\/\/recambiosecogas.com\/wp-content\/uploads\/2025\/01\/OETIKER-Abrazadera-de-tornillo-sinfin-300x300.webp",300,300,true],"woocommerce_single":["https:\/\/recambiosecogas.com\/wp-content\/uploads\/2025\/01\/OETIKER-Abrazadera-de-tornillo-sinfin-png.webp",1000,1000,false],"woocommerce_gallery_thumbnail":["https:\/\/recambiosecogas.com\/wp-content\/uploads\/2025\/01\/OETIKER-Abrazadera-de-tornillo-sinfin-png.webp",1000,1000,false],"dgwt-wcas-product-suggestion":["https:\/\/recambiosecogas.com\/wp-content\/uploads\/2025\/01\/OETIKER-Abrazadera-de-tornillo-sinfin-64x64.webp",64,64,true]},"uagb_author_info":{"display_name":"Fran - Soporte T\u00e9cnico","author_link":"https:\/\/recambiosecogas.com\/it\/author\/"},"uagb_comment_info":0,"uagb_excerpt":"Banda y carcasa de acero inoxidable, material n\u00ba 1.4016\/UNS S43000 Tornillo de cabeza hexagonal de acero galvanizado Resistente: Presi\u00f3n superficial mejorada gracias a los bordes de la banda laminados y sin rebabas (la banda optimizada supera la norma DIN 3017)Fiable: No da\u00f1a la manguera gracias a los bordes de la banda embridados y sin rebabas,\u00a0sellado&hellip;","_links":{"self":[{"href":"https:\/\/recambiosecogas.com\/it\/wp-json\/wp\/v2\/product\/14672","targetHints":{"allow":["GET"]}}],"collection":[{"href":"https:\/\/recambiosecogas.com\/it\/wp-json\/wp\/v2\/product"}],"about":[{"href":"https:\/\/recambiosecogas.com\/it\/wp-json\/wp\/v2\/types\/product"}],"replies":[{"embeddable":true,"href":"https:\/\/recambiosecogas.com\/it\/wp-json\/wp\/v2\/comments?post=14672"}],"wp:featuredmedia":[{"embeddable":true,"href":"https:\/\/recambiosecogas.com\/it\/wp-json\/wp\/v2\/media\/17026"}],"wp:attachment":[{"href":"https:\/\/recambiosecogas.com\/it\/wp-json\/wp\/v2\/media?parent=14672"}],"wp:term":[{"taxonomy":"product_brand","embeddable":true,"href":"https:\/\/recambiosecogas.com\/it\/wp-json\/wp\/v2\/product_brand?post=14672"},{"taxonomy":"product_cat","embeddable":true,"href":"https:\/\/recambiosecogas.com\/it\/wp-json\/wp\/v2\/product_cat?post=14672"},{"taxonomy":"product_tag","embeddable":true,"href":"https:\/\/recambiosecogas.com\/it\/wp-json\/wp\/v2\/product_tag?post=14672"}],"curies":[{"name":"wp","href":"https:\/\/api.w.org\/{rel}","templated":true}]}}