{"id":14571,"date":"2025-01-14T18:43:33","date_gmt":"2025-01-14T17:43:33","guid":{"rendered":"https:\/\/recambiosecogas.com\/producto\/campko-botella-de-gas-compuesta-de-244-litros-con-multivalvula-del-80\/"},"modified":"2026-04-09T08:07:36","modified_gmt":"2026-04-09T07:07:36","slug":"campko-botella-de-gas-compuesta-de-244-litros-con-multivalvula-del-80","status":"publish","type":"product","link":"https:\/\/recambiosecogas.com\/it\/producto\/campko-botella-de-gas-compuesta-de-244-litros-con-multivalvula-del-80\/","title":{"rendered":"CAMPKO botella de gas compuesta de 24,4 litros con multiv\u00e1lvula del 80%"},"content":{"rendered":"<p>La botella cisterna CAMPKO est\u00e1 equipada con una multiv\u00e1lvula, que detiene autom\u00e1ticamente el llenado a un peso de llenado del 80%.<\/p>\n<p>La botella es ideal para su uso en todos los \u00e1mbitos de la utilizaci\u00f3n de gases. Su material antioxidante permite su uso permanente en exteriores. Gracias a su reducido peso en vac\u00edo de s\u00f3lo 6,52 kg, la bombona es especialmente adecuada como recipiente port\u00e1til, por ejemplo, para el comercio, la construcci\u00f3n, etc.<\/p>\n<p><u>Ventajas a primera vista:<\/u><\/p>\n<p>&#8211; M\u00e1s ligera que las botellas de aluminio o acero<br \/>\n&#8211; Material compuesto inoxidable<br \/>\n&#8211; F\u00e1cil manejo gracias a sus c\u00f3modas asas<br \/>\n&#8211; No necesita pintura<br \/>\n&#8211; Uso flexible<\/p>\n<p>&nbsp;<\/p>\n<h4>Datos t\u00e9cnicos<\/h4>\n<table>\n<colgroup>\n<col \/>\n<col \/><\/colgroup>\n<tbody>\n<tr>\n<td>material<\/td>\n<td>Compuesto<\/td>\n<\/tr>\n<tr>\n<td>Vida \u00fatil<\/td>\n<td>10 a\u00f1os Intervalo de prueba<\/td>\n<\/tr>\n<tr>\n<td>Tope de llenado del 80<\/td>\n<td>incluido<\/td>\n<\/tr>\n<tr>\n<td>V\u00e1lvula de seguridad<\/td>\n<td>V\u00e1lvula limitadora de presi\u00f3n de 27 bar<\/td>\n<\/tr>\n<tr>\n<td>Peso en vac\u00edo<\/td>\n<td>6,52 kg<\/td>\n<\/tr>\n<tr>\n<td>Llenado y vaciado<\/td>\n<td>por separado<\/td>\n<\/tr>\n<tr>\n<td>Indicador de nivel de llenado<\/td>\n<td>no disponible<\/td>\n<\/tr>\n<tr>\n<td>Visualizaci\u00f3n remota<\/td>\n<td>posible<\/td>\n<\/tr>\n<tr>\n<td>Entrada<\/td>\n<td>1\/2&#8243; rosca macho<\/td>\n<\/tr>\n<tr>\n<td>Salida<\/td>\n<td>Conexi\u00f3n para cilindro peque\u00f1o (KLF)<\/td>\n<\/tr>\n<tr>\n<td>Seg\u00fan EN15252: G.12 =W21.8 x 1\/14 LH<\/td>\n<\/tr>\n<tr>\n<td>Volumen (bruto)<\/td>\n<td>24,40 litros<\/td>\n<\/tr>\n<tr>\n<td>Volumen (neto)<\/td>\n<td>19,52 litros<\/td>\n<\/tr>\n<tr>\n<td>Altura total<\/td>\n<td>583 mm<\/td>\n<\/tr>\n<tr>\n<td>Altura sin cuello<\/td>\n<td>Cuello no desmontable<\/td>\n<\/tr>\n<tr>\n<td>Di\u00e1metro<\/td>\n<td>310 mm<\/td>\n<\/tr>\n<tr>\n<td>Homologaci\u00f3n<\/td>\n<td>2010\/35\/EU + 2014\/68\/EU<br \/>\nADR\/RID 2015<br \/>\nISO11119-3:2002<\/td>\n<\/tr>\n<\/tbody>\n<\/table>\n<p>La <strong>botella de gas CAMPKO de 24,4 litros<\/strong> es una soluci\u00f3n eficiente y segura para el almacenamiento de gas en aplicaciones diversas. Equipado con una <strong>multiv\u00e1lvula<\/strong> que detiene autom\u00e1ticamente el llenado al alcanzar un peso del 80%, este dise\u00f1o garantiza un uso seguro y controlado. Su construcci\u00f3n en material compuesto la hace m\u00e1s ligera que las botellas de acero o aluminio, con un peso en vac\u00edo de solo <strong>6,52 kg<\/strong>, lo que la convierte en una opci\u00f3n ideal para su transporte en actividades comerciales o de construcci\u00f3n.<\/p>\n<p>El material antioxidante de la botella permite su uso continuo en exteriores, asegurando durabilidad y resistencia a las condiciones clim\u00e1ticas. Adem\u00e1s, su dise\u00f1o incluye c\u00f3modas asas que facilitan su manejo, eliminando la necesidad de pintura y permitiendo un uso flexible en diferentes entornos.<\/p>\n<p>Es importante considerar que la botella debe ser revisada regularmente para asegurar su correcto funcionamiento. En caso de que la botella presente signos de desgaste o da\u00f1o, se recomienda su reemplazo inmediato para evitar riesgos de fugas o mal funcionamiento.<\/p>\n<h4>Datos t\u00e9cnicos<\/h4>\n<table>\n<colgroup>\n<col \/>\n<col \/><\/colgroup>\n<tbody>\n<tr>\n<td>material<\/td>\n<td>Compuesto<\/td>\n<\/tr>\n<tr>\n<td>Vida \u00fatil<\/td>\n<td>10 a\u00f1os Intervalo de prueba<\/td>\n<\/tr>\n<tr>\n<td>Tope de llenado del 80<\/td>\n<td>incluido<\/td>\n<\/tr>\n<tr>\n<td>V\u00e1lvula de seguridad<\/td>\n<td>V\u00e1lvula limitadora de presi\u00f3n de 27 bar<\/td>\n<\/tr>\n<tr>\n<td>Peso en vac\u00edo<\/td>\n<td>6,52 kg<\/td>\n<\/tr>\n<tr>\n<td>Llenado y vaciado<\/td>\n<td>por separado<\/td>\n<\/tr>\n<tr>\n<td>Indicador de nivel de llenado<\/td>\n<td>no disponible<\/td>\n<\/tr>\n<tr>\n<td>Visualizaci\u00f3n remota<\/td>\n<td>posible<\/td>\n<\/tr>\n<tr>\n<td>Entrada<\/td>\n<td>1\/2&#8243; rosca macho<\/td>\n<\/tr>\n<tr>\n<td>Salida<\/td>\n<td>Conexi\u00f3n para cilindro peque\u00f1o (KLF)<\/td>\n<\/tr>\n<tr>\n<td>Seg\u00fan EN15252: G.12 =W21.8 x 1\/14 LH<\/td>\n<td><\/td>\n<\/tr>\n<tr>\n<td>Volumen (bruto)<\/td>\n<td>24,40 litros<\/td>\n<\/tr>\n<tr>\n<td>Volumen (neto)<\/td>\n<td>19,52 litros<\/td>\n<\/tr>\n<tr>\n<td>Altura total<\/td>\n<td>583 mm<\/td>\n<\/tr>\n<tr>\n<td>Altura sin cuello<\/td>\n<td>Cuello no desmontable<\/td>\n<\/tr>\n<tr>\n<td>Di\u00e1metro<\/td>\n<td>310 mm<\/td>\n<\/tr>\n<tr>\n<td>Homologaci\u00f3n<\/td>\n<td>2010\/35\/EU + 2014\/68\/EU ADR\/RID 2015 ISO11119-3:2002<\/td>\n<\/tr>\n<\/tbody>\n<\/table>\n","protected":false},"excerpt":{"rendered":"<p>CAMPKO<\/p>\n","protected":false},"featured_media":17039,"comment_status":"open","ping_status":"closed","template":"","meta":{"_uag_custom_page_level_css":""},"product_brand":[612],"product_cat":[415],"product_tag":[],"class_list":{"0":"post-14571","1":"product","2":"type-product","3":"status-publish","4":"has-post-thumbnail","6":"product_brand-campko","7":"product_cat-botellas-glp-rellenables","8":"product_shipping_class-bombonas-vacias","10":"first","11":"onbackorder","12":"taxable","13":"shipping-taxable","14":"purchasable","15":"product-type-simple"},"ct_brands":[{"id":612,"name":"CAMPKO","slug":"campko"}],"yoast_head":"<!-- This site is optimized with the Yoast SEO Premium plugin v27.5 (Yoast SEO v27.6) - https:\/\/yoast.com\/product\/yoast-seo-premium-wordpress\/ -->\n<title>Botella de Gas CAMPKO 24,4L con Multiv\u00e1lvula | Recambios Ecogas<\/title>\n<meta name=\"description\" content=\"Botella de gas CAMPKO de 24,4 litros con multiv\u00e1lvula del 80%, ideal para uso en exteriores. Ligera y resistente, perfecta para aplicaciones port\u00e1tiles.\" \/>\n<meta name=\"robots\" content=\"index, follow, max-snippet:-1, max-image-preview:large, max-video-preview:-1\" \/>\n<link rel=\"canonical\" href=\"https:\/\/recambiosecogas.com\/it\/producto\/campko-botella-de-gas-compuesta-de-244-litros-con-multivalvula-del-80\/\" \/>\n<meta property=\"og:locale\" content=\"it_IT\" \/>\n<meta property=\"og:type\" content=\"article\" \/>\n<meta property=\"og:title\" content=\"CAMPKO botella de gas compuesta de 24,4 litros con multiv\u00e1lvula del 80%\" \/>\n<meta property=\"og:description\" content=\"Botella de gas CAMPKO de 24,4 litros con multiv\u00e1lvula del 80%, ideal para uso en exteriores. Ligera y resistente, perfecta para aplicaciones port\u00e1tiles.\" \/>\n<meta property=\"og:url\" content=\"https:\/\/recambiosecogas.com\/it\/producto\/campko-botella-de-gas-compuesta-de-244-litros-con-multivalvula-del-80\/\" \/>\n<meta property=\"og:site_name\" content=\"Recambios EcoGas\" \/>\n<meta property=\"article:publisher\" content=\"https:\/\/www.facebook.com\/profile.php?id=100062419705358\" \/>\n<meta property=\"article:modified_time\" content=\"2026-04-09T07:07:36+00:00\" \/>\n<meta property=\"og:image\" content=\"https:\/\/recambiosecogas.com\/wp-content\/uploads\/2025\/01\/CAMPKO-botella-de-gas-compuesta-de-244-litros-con-multivalvula-del-80-png.webp\" \/>\n\t<meta property=\"og:image:width\" content=\"1000\" \/>\n\t<meta property=\"og:image:height\" content=\"1000\" \/>\n\t<meta property=\"og:image:type\" content=\"image\/png\" \/>\n<meta name=\"twitter:card\" content=\"summary_large_image\" \/>\n<meta name=\"twitter:label1\" content=\"Prezzo\" \/>\n\t<meta name=\"twitter:data1\" content=\"423,84&nbsp;&euro; (Sin IVA: 350,28&nbsp;&euro;)\" \/>\n\t<meta name=\"twitter:label2\" content=\"Disponibilit\u00e0\" \/>\n\t<meta name=\"twitter:data2\" content=\"Su ordinazione\" \/>\n<script type=\"application\/ld+json\" class=\"yoast-schema-graph\">{\"@context\":\"https:\\\/\\\/schema.org\",\"@graph\":[{\"@type\":\"WebPage\",\"@id\":\"https:\\\/\\\/recambiosecogas.com\\\/it\\\/producto\\\/campko-botella-de-gas-compuesta-de-244-litros-con-multivalvula-del-80\\\/\",\"url\":\"https:\\\/\\\/recambiosecogas.com\\\/it\\\/producto\\\/campko-botella-de-gas-compuesta-de-244-litros-con-multivalvula-del-80\\\/\",\"name\":\"Botella de Gas CAMPKO 24,4L con Multiv\u00e1lvula | Recambios Ecogas\",\"isPartOf\":{\"@id\":\"https:\\\/\\\/recambiosecogas.com\\\/it\\\/#website\"},\"primaryImageOfPage\":{\"@id\":\"https:\\\/\\\/recambiosecogas.com\\\/it\\\/producto\\\/campko-botella-de-gas-compuesta-de-244-litros-con-multivalvula-del-80\\\/#primaryimage\"},\"image\":{\"@id\":\"https:\\\/\\\/recambiosecogas.com\\\/it\\\/producto\\\/campko-botella-de-gas-compuesta-de-244-litros-con-multivalvula-del-80\\\/#primaryimage\"},\"thumbnailUrl\":\"https:\\\/\\\/recambiosecogas.com\\\/wp-content\\\/uploads\\\/2025\\\/01\\\/CAMPKO-botella-de-gas-compuesta-de-244-litros-con-multivalvula-del-80-png.webp\",\"datePublished\":\"2025-01-14T17:43:33+00:00\",\"dateModified\":\"2026-04-09T07:07:36+00:00\",\"description\":\"Botella de gas CAMPKO de 24,4 litros con multiv\u00e1lvula del 80%, ideal para uso en exteriores. Ligera y resistente, perfecta para aplicaciones port\u00e1tiles.\",\"breadcrumb\":{\"@id\":\"https:\\\/\\\/recambiosecogas.com\\\/it\\\/producto\\\/campko-botella-de-gas-compuesta-de-244-litros-con-multivalvula-del-80\\\/#breadcrumb\"},\"inLanguage\":\"it-IT\",\"potentialAction\":[{\"@type\":\"ReadAction\",\"target\":[\"https:\\\/\\\/recambiosecogas.com\\\/it\\\/producto\\\/campko-botella-de-gas-compuesta-de-244-litros-con-multivalvula-del-80\\\/\"]}]},{\"@type\":\"ImageObject\",\"inLanguage\":\"it-IT\",\"@id\":\"https:\\\/\\\/recambiosecogas.com\\\/it\\\/producto\\\/campko-botella-de-gas-compuesta-de-244-litros-con-multivalvula-del-80\\\/#primaryimage\",\"url\":\"https:\\\/\\\/recambiosecogas.com\\\/wp-content\\\/uploads\\\/2025\\\/01\\\/CAMPKO-botella-de-gas-compuesta-de-244-litros-con-multivalvula-del-80-png.webp\",\"contentUrl\":\"https:\\\/\\\/recambiosecogas.com\\\/wp-content\\\/uploads\\\/2025\\\/01\\\/CAMPKO-botella-de-gas-compuesta-de-244-litros-con-multivalvula-del-80-png.webp\",\"width\":1000,\"height\":1000},{\"@type\":\"BreadcrumbList\",\"@id\":\"https:\\\/\\\/recambiosecogas.com\\\/it\\\/producto\\\/campko-botella-de-gas-compuesta-de-244-litros-con-multivalvula-del-80\\\/#breadcrumb\",\"itemListElement\":[{\"@type\":\"ListItem\",\"position\":1,\"name\":\"Portada\",\"item\":\"https:\\\/\\\/recambiosecogas.com\\\/it\\\/\"},{\"@type\":\"ListItem\",\"position\":2,\"name\":\"Negozio\",\"item\":\"https:\\\/\\\/recambiosecogas.com\\\/it\\\/?page_id=46382\"},{\"@type\":\"ListItem\",\"position\":3,\"name\":\"CAMPKO botella de gas compuesta de 24,4 litros con multiv\u00e1lvula del 80%\"}]},{\"@type\":\"WebSite\",\"@id\":\"https:\\\/\\\/recambiosecogas.com\\\/it\\\/#website\",\"url\":\"https:\\\/\\\/recambiosecogas.com\\\/it\\\/\",\"name\":\"Recambios EcoGas\",\"description\":\"Recambios Multimarca para sistemas de GLP\\\/GNC\\\/GNL\\\/Hidr\u00f3geno\",\"publisher\":{\"@id\":\"https:\\\/\\\/recambiosecogas.com\\\/it\\\/#organization\"},\"alternateName\":\"Recambios Autogas GLP\",\"potentialAction\":[{\"@type\":\"SearchAction\",\"target\":{\"@type\":\"EntryPoint\",\"urlTemplate\":\"https:\\\/\\\/recambiosecogas.com\\\/it\\\/?s={search_term_string}\"},\"query-input\":{\"@type\":\"PropertyValueSpecification\",\"valueRequired\":true,\"valueName\":\"search_term_string\"}}],\"inLanguage\":\"it-IT\"},{\"@type\":[\"Organization\",\"Place\"],\"@id\":\"https:\\\/\\\/recambiosecogas.com\\\/it\\\/#organization\",\"name\":\"Recambios EcoGas\",\"alternateName\":\"Tienda Online GLP Espa\u00f1a\",\"url\":\"https:\\\/\\\/recambiosecogas.com\\\/it\\\/\",\"logo\":{\"@id\":\"https:\\\/\\\/recambiosecogas.com\\\/it\\\/producto\\\/campko-botella-de-gas-compuesta-de-244-litros-con-multivalvula-del-80\\\/#local-main-organization-logo\"},\"image\":{\"@id\":\"https:\\\/\\\/recambiosecogas.com\\\/it\\\/producto\\\/campko-botella-de-gas-compuesta-de-244-litros-con-multivalvula-del-80\\\/#local-main-organization-logo\"},\"sameAs\":[\"https:\\\/\\\/www.facebook.com\\\/profile.php?id=100062419705358\",\"https:\\\/\\\/www.instagram.com\\\/segimon_automocio\"],\"description\":\"Recambios EcoGas \u2013 Venta y distribuci\u00f3n de sistemas GLP y GNC en Espa\u00f1a y Portugal. Env\u00edos 24 h, soporte t\u00e9cnico a talleres y distribuidores.\",\"hasMerchantReturnPolicy\":{\"@type\":\"MerchantReturnPolicy\",\"merchantReturnLink\":\"https:\\\/\\\/recambiosecogas.com\\\/politicas-privacidad\\\/\"},\"address\":{\"@id\":\"https:\\\/\\\/recambiosecogas.com\\\/it\\\/producto\\\/campko-botella-de-gas-compuesta-de-244-litros-con-multivalvula-del-80\\\/#local-main-place-address\"},\"telephone\":[\"616250633\"],\"contactPoint\":{\"@type\":\"ContactPoint\",\"email\":\"export@recambiosecogas.com\"},\"openingHoursSpecification\":[{\"@type\":\"OpeningHoursSpecification\",\"dayOfWeek\":[\"Monday\",\"Tuesday\",\"Wednesday\",\"Thursday\",\"Friday\",\"Saturday\",\"Sunday\"],\"opens\":\"09:00\",\"closes\":\"17:00\"}],\"email\":\"info@recambiosecogas.com\",\"faxNumber\":\"SEGIMON AUTOMOCION SL\",\"vatID\":\"ESB19819861\",\"globalLocationNumber\":\"938 616 339\"},{\"@type\":\"PostalAddress\",\"@id\":\"https:\\\/\\\/recambiosecogas.com\\\/it\\\/producto\\\/campko-botella-de-gas-compuesta-de-244-litros-con-multivalvula-del-80\\\/#local-main-place-address\",\"streetAddress\":\"cami antic de vic, 29 (Nave 3), Pol\u00edgono Industrial Congost\",\"addressLocality\":\"CORRO D`AVALL\",\"postalCode\":\"08520\",\"addressRegion\":\"Barcelona\",\"addressCountry\":\"ES\"},{\"@type\":\"ImageObject\",\"inLanguage\":\"it-IT\",\"@id\":\"https:\\\/\\\/recambiosecogas.com\\\/it\\\/producto\\\/campko-botella-de-gas-compuesta-de-244-litros-con-multivalvula-del-80\\\/#local-main-organization-logo\",\"url\":\"https:\\\/\\\/recambiosecogas.com\\\/wp-content\\\/uploads\\\/2024\\\/11\\\/cropped-RECAMBIOS-GLP-png.webp\",\"contentUrl\":\"https:\\\/\\\/recambiosecogas.com\\\/wp-content\\\/uploads\\\/2024\\\/11\\\/cropped-RECAMBIOS-GLP-png.webp\",\"width\":512,\"height\":512,\"caption\":\"Recambios EcoGas\"}]}<\/script>\n<meta property=\"product:brand\" content=\"CAMPKO\" \/>\n<meta property=\"product:price:amount\" content=\"423.84\" \/>\n<meta property=\"product:price:currency\" content=\"EUR\" \/>\n<meta property=\"og:availability\" content=\"backorder\" \/>\n<meta property=\"product:availability\" content=\"available for order\" \/>\n<meta property=\"product:retailer_item_id\" content=\"111581\" \/>\n<meta property=\"product:condition\" content=\"new\" \/>\n<meta name=\"geo.placename\" content=\"CORRO D`AVALL\" \/>\n<meta name=\"geo.region\" content=\"Spagna\" \/>\n<!-- \/ Yoast SEO Premium plugin. -->","yoast_head_json":{"title":"Botella de Gas CAMPKO 24,4L con Multiv\u00e1lvula | Recambios Ecogas","description":"Botella de gas CAMPKO de 24,4 litros con multiv\u00e1lvula del 80%, ideal para uso en exteriores. Ligera y resistente, perfecta para aplicaciones port\u00e1tiles.","robots":{"index":"index","follow":"follow","max-snippet":"max-snippet:-1","max-image-preview":"max-image-preview:large","max-video-preview":"max-video-preview:-1"},"canonical":"https:\/\/recambiosecogas.com\/it\/producto\/campko-botella-de-gas-compuesta-de-244-litros-con-multivalvula-del-80\/","og_locale":"it_IT","og_type":"article","og_title":"CAMPKO botella de gas compuesta de 24,4 litros con multiv\u00e1lvula del 80%","og_description":"Botella de gas CAMPKO de 24,4 litros con multiv\u00e1lvula del 80%, ideal para uso en exteriores. Ligera y resistente, perfecta para aplicaciones port\u00e1tiles.","og_url":"https:\/\/recambiosecogas.com\/it\/producto\/campko-botella-de-gas-compuesta-de-244-litros-con-multivalvula-del-80\/","og_site_name":"Recambios EcoGas","article_publisher":"https:\/\/www.facebook.com\/profile.php?id=100062419705358","article_modified_time":"2026-04-09T07:07:36+00:00","og_image":[{"width":1000,"height":1000,"url":"https:\/\/recambiosecogas.com\/wp-content\/uploads\/2025\/01\/CAMPKO-botella-de-gas-compuesta-de-244-litros-con-multivalvula-del-80-png.webp","type":"image\/png"}],"twitter_card":"summary_large_image","twitter_misc":{"Prezzo":"423,84&nbsp;&euro; (Sin IVA: 350,28&nbsp;&euro;)","Disponibilit\u00e0":"Su ordinazione"},"schema":{"@context":"https:\/\/schema.org","@graph":[{"@type":"WebPage","@id":"https:\/\/recambiosecogas.com\/it\/producto\/campko-botella-de-gas-compuesta-de-244-litros-con-multivalvula-del-80\/","url":"https:\/\/recambiosecogas.com\/it\/producto\/campko-botella-de-gas-compuesta-de-244-litros-con-multivalvula-del-80\/","name":"Botella de Gas CAMPKO 24,4L con Multiv\u00e1lvula | Recambios Ecogas","isPartOf":{"@id":"https:\/\/recambiosecogas.com\/it\/#website"},"primaryImageOfPage":{"@id":"https:\/\/recambiosecogas.com\/it\/producto\/campko-botella-de-gas-compuesta-de-244-litros-con-multivalvula-del-80\/#primaryimage"},"image":{"@id":"https:\/\/recambiosecogas.com\/it\/producto\/campko-botella-de-gas-compuesta-de-244-litros-con-multivalvula-del-80\/#primaryimage"},"thumbnailUrl":"https:\/\/recambiosecogas.com\/wp-content\/uploads\/2025\/01\/CAMPKO-botella-de-gas-compuesta-de-244-litros-con-multivalvula-del-80-png.webp","datePublished":"2025-01-14T17:43:33+00:00","dateModified":"2026-04-09T07:07:36+00:00","description":"Botella de gas CAMPKO de 24,4 litros con multiv\u00e1lvula del 80%, ideal para uso en exteriores. Ligera y resistente, perfecta para aplicaciones port\u00e1tiles.","breadcrumb":{"@id":"https:\/\/recambiosecogas.com\/it\/producto\/campko-botella-de-gas-compuesta-de-244-litros-con-multivalvula-del-80\/#breadcrumb"},"inLanguage":"it-IT","potentialAction":[{"@type":"ReadAction","target":["https:\/\/recambiosecogas.com\/it\/producto\/campko-botella-de-gas-compuesta-de-244-litros-con-multivalvula-del-80\/"]}]},{"@type":"ImageObject","inLanguage":"it-IT","@id":"https:\/\/recambiosecogas.com\/it\/producto\/campko-botella-de-gas-compuesta-de-244-litros-con-multivalvula-del-80\/#primaryimage","url":"https:\/\/recambiosecogas.com\/wp-content\/uploads\/2025\/01\/CAMPKO-botella-de-gas-compuesta-de-244-litros-con-multivalvula-del-80-png.webp","contentUrl":"https:\/\/recambiosecogas.com\/wp-content\/uploads\/2025\/01\/CAMPKO-botella-de-gas-compuesta-de-244-litros-con-multivalvula-del-80-png.webp","width":1000,"height":1000},{"@type":"BreadcrumbList","@id":"https:\/\/recambiosecogas.com\/it\/producto\/campko-botella-de-gas-compuesta-de-244-litros-con-multivalvula-del-80\/#breadcrumb","itemListElement":[{"@type":"ListItem","position":1,"name":"Portada","item":"https:\/\/recambiosecogas.com\/it\/"},{"@type":"ListItem","position":2,"name":"Negozio","item":"https:\/\/recambiosecogas.com\/it\/?page_id=46382"},{"@type":"ListItem","position":3,"name":"CAMPKO botella de gas compuesta de 24,4 litros con multiv\u00e1lvula del 80%"}]},{"@type":"WebSite","@id":"https:\/\/recambiosecogas.com\/it\/#website","url":"https:\/\/recambiosecogas.com\/it\/","name":"Recambios EcoGas","description":"Recambios Multimarca para sistemas de GLP\/GNC\/GNL\/Hidr\u00f3geno","publisher":{"@id":"https:\/\/recambiosecogas.com\/it\/#organization"},"alternateName":"Recambios Autogas GLP","potentialAction":[{"@type":"SearchAction","target":{"@type":"EntryPoint","urlTemplate":"https:\/\/recambiosecogas.com\/it\/?s={search_term_string}"},"query-input":{"@type":"PropertyValueSpecification","valueRequired":true,"valueName":"search_term_string"}}],"inLanguage":"it-IT"},{"@type":["Organization","Place"],"@id":"https:\/\/recambiosecogas.com\/it\/#organization","name":"Recambios EcoGas","alternateName":"Tienda Online GLP Espa\u00f1a","url":"https:\/\/recambiosecogas.com\/it\/","logo":{"@id":"https:\/\/recambiosecogas.com\/it\/producto\/campko-botella-de-gas-compuesta-de-244-litros-con-multivalvula-del-80\/#local-main-organization-logo"},"image":{"@id":"https:\/\/recambiosecogas.com\/it\/producto\/campko-botella-de-gas-compuesta-de-244-litros-con-multivalvula-del-80\/#local-main-organization-logo"},"sameAs":["https:\/\/www.facebook.com\/profile.php?id=100062419705358","https:\/\/www.instagram.com\/segimon_automocio"],"description":"Recambios EcoGas \u2013 Venta y distribuci\u00f3n de sistemas GLP y GNC en Espa\u00f1a y Portugal. Env\u00edos 24 h, soporte t\u00e9cnico a talleres y distribuidores.","hasMerchantReturnPolicy":{"@type":"MerchantReturnPolicy","merchantReturnLink":"https:\/\/recambiosecogas.com\/politicas-privacidad\/"},"address":{"@id":"https:\/\/recambiosecogas.com\/it\/producto\/campko-botella-de-gas-compuesta-de-244-litros-con-multivalvula-del-80\/#local-main-place-address"},"telephone":["616250633"],"contactPoint":{"@type":"ContactPoint","email":"export@recambiosecogas.com"},"openingHoursSpecification":[{"@type":"OpeningHoursSpecification","dayOfWeek":["Monday","Tuesday","Wednesday","Thursday","Friday","Saturday","Sunday"],"opens":"09:00","closes":"17:00"}],"email":"info@recambiosecogas.com","faxNumber":"SEGIMON AUTOMOCION SL","vatID":"ESB19819861","globalLocationNumber":"938 616 339"},{"@type":"PostalAddress","@id":"https:\/\/recambiosecogas.com\/it\/producto\/campko-botella-de-gas-compuesta-de-244-litros-con-multivalvula-del-80\/#local-main-place-address","streetAddress":"cami antic de vic, 29 (Nave 3), Pol\u00edgono Industrial Congost","addressLocality":"CORRO D`AVALL","postalCode":"08520","addressRegion":"Barcelona","addressCountry":"ES"},{"@type":"ImageObject","inLanguage":"it-IT","@id":"https:\/\/recambiosecogas.com\/it\/producto\/campko-botella-de-gas-compuesta-de-244-litros-con-multivalvula-del-80\/#local-main-organization-logo","url":"https:\/\/recambiosecogas.com\/wp-content\/uploads\/2024\/11\/cropped-RECAMBIOS-GLP-png.webp","contentUrl":"https:\/\/recambiosecogas.com\/wp-content\/uploads\/2024\/11\/cropped-RECAMBIOS-GLP-png.webp","width":512,"height":512,"caption":"Recambios EcoGas"}]},"product_brand":"CAMPKO","product_price_amount":"423.84","product_price_currency":"EUR","og_availability":"backorder","product_availability":"available for order","product_retailer_item_id":"111581","product_condition":"new","geo.placename":"CORRO D`AVALL","geo.region":"Spagna"},"uagb_featured_image_src":{"full":["https:\/\/recambiosecogas.com\/wp-content\/uploads\/2025\/01\/CAMPKO-botella-de-gas-compuesta-de-244-litros-con-multivalvula-del-80-png.webp",1000,1000,false],"thumbnail":["https:\/\/recambiosecogas.com\/wp-content\/uploads\/2025\/01\/CAMPKO-botella-de-gas-compuesta-de-244-litros-con-multivalvula-del-80-150x150.webp",150,150,true],"medium":["https:\/\/recambiosecogas.com\/wp-content\/uploads\/2025\/01\/CAMPKO-botella-de-gas-compuesta-de-244-litros-con-multivalvula-del-80-300x300.webp",300,300,true],"medium_large":["https:\/\/recambiosecogas.com\/wp-content\/uploads\/2025\/01\/CAMPKO-botella-de-gas-compuesta-de-244-litros-con-multivalvula-del-80-768x768.webp",768,768,true],"large":["https:\/\/recambiosecogas.com\/wp-content\/uploads\/2025\/01\/CAMPKO-botella-de-gas-compuesta-de-244-litros-con-multivalvula-del-80-png.webp",1000,1000,false],"1536x1536":["https:\/\/recambiosecogas.com\/wp-content\/uploads\/2025\/01\/CAMPKO-botella-de-gas-compuesta-de-244-litros-con-multivalvula-del-80-png.webp",1000,1000,false],"2048x2048":["https:\/\/recambiosecogas.com\/wp-content\/uploads\/2025\/01\/CAMPKO-botella-de-gas-compuesta-de-244-litros-con-multivalvula-del-80-png.webp",1000,1000,false],"woocommerce_archive_thumbnail":["https:\/\/recambiosecogas.com\/wp-content\/uploads\/2025\/01\/CAMPKO-botella-de-gas-compuesta-de-244-litros-con-multivalvula-del-80-png.webp",1000,1000,false],"woocommerce_thumbnail":["https:\/\/recambiosecogas.com\/wp-content\/uploads\/2025\/01\/CAMPKO-botella-de-gas-compuesta-de-244-litros-con-multivalvula-del-80-300x300.webp",300,300,true],"woocommerce_single":["https:\/\/recambiosecogas.com\/wp-content\/uploads\/2025\/01\/CAMPKO-botella-de-gas-compuesta-de-244-litros-con-multivalvula-del-80-png.webp",1000,1000,false],"woocommerce_gallery_thumbnail":["https:\/\/recambiosecogas.com\/wp-content\/uploads\/2025\/01\/CAMPKO-botella-de-gas-compuesta-de-244-litros-con-multivalvula-del-80-png.webp",1000,1000,false],"dgwt-wcas-product-suggestion":["https:\/\/recambiosecogas.com\/wp-content\/uploads\/2025\/01\/CAMPKO-botella-de-gas-compuesta-de-244-litros-con-multivalvula-del-80-64x64.webp",64,64,true]},"uagb_author_info":{"display_name":"Fran - Soporte T\u00e9cnico","author_link":"https:\/\/recambiosecogas.com\/it\/author\/"},"uagb_comment_info":0,"uagb_excerpt":"CAMPKO","_links":{"self":[{"href":"https:\/\/recambiosecogas.com\/it\/wp-json\/wp\/v2\/product\/14571","targetHints":{"allow":["GET"]}}],"collection":[{"href":"https:\/\/recambiosecogas.com\/it\/wp-json\/wp\/v2\/product"}],"about":[{"href":"https:\/\/recambiosecogas.com\/it\/wp-json\/wp\/v2\/types\/product"}],"replies":[{"embeddable":true,"href":"https:\/\/recambiosecogas.com\/it\/wp-json\/wp\/v2\/comments?post=14571"}],"wp:featuredmedia":[{"embeddable":true,"href":"https:\/\/recambiosecogas.com\/it\/wp-json\/wp\/v2\/media\/17039"}],"wp:attachment":[{"href":"https:\/\/recambiosecogas.com\/it\/wp-json\/wp\/v2\/media?parent=14571"}],"wp:term":[{"taxonomy":"product_brand","embeddable":true,"href":"https:\/\/recambiosecogas.com\/it\/wp-json\/wp\/v2\/product_brand?post=14571"},{"taxonomy":"product_cat","embeddable":true,"href":"https:\/\/recambiosecogas.com\/it\/wp-json\/wp\/v2\/product_cat?post=14571"},{"taxonomy":"product_tag","embeddable":true,"href":"https:\/\/recambiosecogas.com\/it\/wp-json\/wp\/v2\/product_tag?post=14571"}],"curies":[{"name":"wp","href":"https:\/\/api.w.org\/{rel}","templated":true}]}}