{"id":14570,"date":"2025-01-14T18:43:33","date_gmt":"2025-01-14T17:43:33","guid":{"rendered":"https:\/\/recambiosecogas.com\/producto\/gzwm-cilindro-de-gas-recargable-12-l-con-80-4-valvulas-de-punto-o-230mm\/"},"modified":"2026-03-26T11:54:34","modified_gmt":"2026-03-26T10:54:34","slug":"gzwm-cilindro-de-gas-recargable-12-l-con-80-4-valvulas-de-punto-o-230mm","status":"publish","type":"product","link":"https:\/\/recambiosecogas.com\/it\/producto\/gzwm-cilindro-de-gas-recargable-12-l-con-80-4-valvulas-de-punto-o-230mm\/","title":{"rendered":"GZWM cilindro de gas recargable 12 L con 80% 4 v\u00e1lvulas de punto &#8211; \u00d8 230mm"},"content":{"rendered":"<p>La bombona del dep\u00f3sito de gas se puede repostar<strong>de forma flexible<\/strong>y directa gracias al<strong>tap\u00f3n de llenado<\/strong>autom\u00e1tico del 80%. La instalaci\u00f3n fija en una caravana o autocaravana es especialmente adecuada cuando<strong>el espacio es<\/strong>limitado<strong>, ya que<\/strong>la bombona s\u00f3lo tiene un di\u00e1metro<strong>de 230 mm<\/strong>. El collar\u00edn premontado se puede desenroscar. Tenga en cuenta las normas espec\u00edficas de cada pa\u00eds durante la instalaci\u00f3n.<\/p>\n<p>&nbsp;<\/p>\n<h4>Datos t\u00e9cnicos<\/h4>\n<p><strong>Tope de<\/strong>\u00a0llenado del\u00a0<strong>80%incluido<\/strong><\/p>\n<p>V\u00e1lvula<strong>de seguridadV\u00e1lvula limitadora de presi\u00f3n de<\/strong>\u00a027<strong>bar<\/strong><\/p>\n<p>Llenado y vaciado\u00a0<strong>por separado<\/strong><\/p>\n<p>Indicador de nivel completo\u00a0<strong>disponible<\/strong><\/p>\n<p><strong>Posibilidad de<\/strong>\u00a0visualizaci\u00f3n remota<\/p>\n<p>Entrada1\/2<strong>pulg. Rosca exterior<\/strong><\/p>\n<p>SalidaW21<strong>.8 x 1\/14 LH &#8211; sin junta<\/strong><\/p>\n<p>Altura total470<strong>mm<\/strong><\/p>\n<p>Di\u00e1metro230<strong>mm<\/strong><\/p>\n<p>Capacidad en vac\u00edo12<strong>litros<\/strong><\/p>\n<p>Apto paraGLP<strong>propano\/butano<\/strong><\/p>\n<p>El <strong>cilindro de gas recargable de 12L<\/strong> es un componente esencial para sistemas de <strong>Autogas<\/strong>, dise\u00f1ado para ofrecer un llenado flexible y directo gracias a su <strong>tap\u00f3n de llenado autom\u00e1tico del 80%<\/strong>. Con un di\u00e1metro de solo <strong>230 mm<\/strong>, es especialmente adecuado para instalaciones en espacios limitados, como en caravanas o autocaravanas.<\/p>\n<p>Este cilindro cuenta con un collar\u00edn premontado que se puede desenroscar, facilitando su instalaci\u00f3n y mantenimiento. Es importante tener en cuenta las normativas espec\u00edficas de cada pa\u00eds durante el proceso de instalaci\u00f3n para garantizar un uso seguro y eficiente.<\/p>\n<p>El cilindro est\u00e1 equipado con caracter\u00edsticas de seguridad avanzadas, incluyendo una <strong>v\u00e1lvula limitadora de presi\u00f3n de 27 bar<\/strong> y un sistema de llenado y vaciado por separado. Adem\u00e1s, incluye un indicador de nivel completo y la posibilidad de visualizaci\u00f3n remota, lo que permite un control m\u00e1s efectivo del contenido del cilindro.<\/p>\n<p>Si no se reemplaza un cilindro defectuoso, pueden ocurrir fugas de gas, lo que representa un riesgo significativo para la seguridad y el rendimiento del sistema de Autogas. Por lo tanto, se recomienda revisar regularmente el estado del cilindro y reemplazarlo si presenta signos de desgaste o da\u00f1o.<\/p>\n<h4>Datos t\u00e9cnicos<\/h4>\n<p>Tope de llenado: <strong>80%<\/strong> incluido.<br \/>\nV\u00e1lvula de seguridad: <strong>V\u00e1lvula limitadora de presi\u00f3n de 27 bar<\/strong>.<br \/>\nLlenado y vaciado: <strong>por separado<\/strong>.<br \/>\nIndicador de nivel: <strong>completo disponible<\/strong>.<br \/>\nEntrada: <strong>1\/2 pulg. Rosca exterior<\/strong>.<br \/>\nSalida: <strong>W21.8 x 1\/14 LH &#8211; sin junta<\/strong>.<br \/>\nAltura total: <strong>470 mm<\/strong>.<br \/>\nDi\u00e1metro: <strong>230 mm<\/strong>.<br \/>\nCapacidad en vac\u00edo: <strong>12 litros<\/strong>.<br \/>\nApto para: <strong>GLP propano\/butano<\/strong>.<\/p>\n","protected":false},"excerpt":{"rendered":"<p>GZWM<\/p>\n","protected":false},"featured_media":17035,"comment_status":"open","ping_status":"closed","template":"","meta":{"_uag_custom_page_level_css":""},"product_brand":[962],"product_cat":[415],"product_tag":[],"class_list":{"0":"post-14570","1":"product","2":"type-product","3":"status-publish","4":"has-post-thumbnail","6":"product_brand-gzwm","7":"product_cat-botellas-glp-rellenables","8":"product_shipping_class-bombonas-vacias","10":"first","11":"onbackorder","12":"taxable","13":"shipping-taxable","14":"purchasable","15":"product-type-simple"},"ct_brands":[{"id":962,"name":"GZWM","slug":"gzwm"}],"yoast_head":"<!-- This site is optimized with the Yoast SEO Premium plugin v27.5 (Yoast SEO v27.6) - https:\/\/yoast.com\/product\/yoast-seo-premium-wordpress\/ -->\n<title>Cilindro de gas recargable 12L 80% 4 v\u00e1lvulas | Recambios Ecogas<\/title>\n<meta name=\"description\" content=\"Cilindro de gas recargable de 12L con 80% de llenado y 4 v\u00e1lvulas, ideal para sistemas de Autogas. Compacto y f\u00e1cil de instalar.\" \/>\n<meta name=\"robots\" content=\"index, follow, max-snippet:-1, max-image-preview:large, max-video-preview:-1\" \/>\n<link rel=\"canonical\" href=\"https:\/\/recambiosecogas.com\/it\/producto\/gzwm-cilindro-de-gas-recargable-12-l-con-80-4-valvulas-de-punto-o-230mm\/\" \/>\n<meta property=\"og:locale\" content=\"it_IT\" \/>\n<meta property=\"og:type\" content=\"article\" \/>\n<meta property=\"og:title\" content=\"GZWM cilindro de gas recargable 12 L con 80% 4 v\u00e1lvulas de punto - \u00d8 230mm\" \/>\n<meta property=\"og:description\" content=\"Cilindro de gas recargable de 12L con 80% de llenado y 4 v\u00e1lvulas, ideal para sistemas de Autogas. Compacto y f\u00e1cil de instalar.\" \/>\n<meta property=\"og:url\" content=\"https:\/\/recambiosecogas.com\/it\/producto\/gzwm-cilindro-de-gas-recargable-12-l-con-80-4-valvulas-de-punto-o-230mm\/\" \/>\n<meta property=\"og:site_name\" content=\"Recambios EcoGas\" \/>\n<meta property=\"article:publisher\" content=\"https:\/\/www.facebook.com\/profile.php?id=100062419705358\" \/>\n<meta property=\"article:modified_time\" content=\"2026-03-26T10:54:34+00:00\" \/>\n<meta property=\"og:image\" content=\"https:\/\/recambiosecogas.com\/wp-content\/uploads\/2025\/01\/GZWM-cilindro-de-gas-recargable-12-L-con-80-4-valvulas-de-punto-O-230mm-png.webp\" \/>\n\t<meta property=\"og:image:width\" content=\"1000\" \/>\n\t<meta property=\"og:image:height\" content=\"1000\" \/>\n\t<meta property=\"og:image:type\" content=\"image\/png\" \/>\n<meta name=\"twitter:card\" content=\"summary_large_image\" \/>\n<meta name=\"twitter:label1\" content=\"Prezzo\" \/>\n\t<meta name=\"twitter:data1\" content=\"443,30&nbsp;&euro; (Sin IVA: 366,36&nbsp;&euro;)\" \/>\n\t<meta name=\"twitter:label2\" content=\"Disponibilit\u00e0\" \/>\n\t<meta name=\"twitter:data2\" content=\"Su ordinazione\" \/>\n<script type=\"application\/ld+json\" class=\"yoast-schema-graph\">{\"@context\":\"https:\\\/\\\/schema.org\",\"@graph\":[{\"@type\":\"WebPage\",\"@id\":\"https:\\\/\\\/recambiosecogas.com\\\/it\\\/producto\\\/gzwm-cilindro-de-gas-recargable-12-l-con-80-4-valvulas-de-punto-o-230mm\\\/\",\"url\":\"https:\\\/\\\/recambiosecogas.com\\\/it\\\/producto\\\/gzwm-cilindro-de-gas-recargable-12-l-con-80-4-valvulas-de-punto-o-230mm\\\/\",\"name\":\"Cilindro de gas recargable 12L 80% 4 v\u00e1lvulas | Recambios Ecogas\",\"isPartOf\":{\"@id\":\"https:\\\/\\\/recambiosecogas.com\\\/it\\\/#website\"},\"primaryImageOfPage\":{\"@id\":\"https:\\\/\\\/recambiosecogas.com\\\/it\\\/producto\\\/gzwm-cilindro-de-gas-recargable-12-l-con-80-4-valvulas-de-punto-o-230mm\\\/#primaryimage\"},\"image\":{\"@id\":\"https:\\\/\\\/recambiosecogas.com\\\/it\\\/producto\\\/gzwm-cilindro-de-gas-recargable-12-l-con-80-4-valvulas-de-punto-o-230mm\\\/#primaryimage\"},\"thumbnailUrl\":\"https:\\\/\\\/recambiosecogas.com\\\/wp-content\\\/uploads\\\/2025\\\/01\\\/GZWM-cilindro-de-gas-recargable-12-L-con-80-4-valvulas-de-punto-O-230mm-png.webp\",\"datePublished\":\"2025-01-14T17:43:33+00:00\",\"dateModified\":\"2026-03-26T10:54:34+00:00\",\"description\":\"Cilindro de gas recargable de 12L con 80% de llenado y 4 v\u00e1lvulas, ideal para sistemas de Autogas. Compacto y f\u00e1cil de instalar.\",\"breadcrumb\":{\"@id\":\"https:\\\/\\\/recambiosecogas.com\\\/it\\\/producto\\\/gzwm-cilindro-de-gas-recargable-12-l-con-80-4-valvulas-de-punto-o-230mm\\\/#breadcrumb\"},\"inLanguage\":\"it-IT\",\"potentialAction\":[{\"@type\":\"ReadAction\",\"target\":[\"https:\\\/\\\/recambiosecogas.com\\\/it\\\/producto\\\/gzwm-cilindro-de-gas-recargable-12-l-con-80-4-valvulas-de-punto-o-230mm\\\/\"]}]},{\"@type\":\"ImageObject\",\"inLanguage\":\"it-IT\",\"@id\":\"https:\\\/\\\/recambiosecogas.com\\\/it\\\/producto\\\/gzwm-cilindro-de-gas-recargable-12-l-con-80-4-valvulas-de-punto-o-230mm\\\/#primaryimage\",\"url\":\"https:\\\/\\\/recambiosecogas.com\\\/wp-content\\\/uploads\\\/2025\\\/01\\\/GZWM-cilindro-de-gas-recargable-12-L-con-80-4-valvulas-de-punto-O-230mm-png.webp\",\"contentUrl\":\"https:\\\/\\\/recambiosecogas.com\\\/wp-content\\\/uploads\\\/2025\\\/01\\\/GZWM-cilindro-de-gas-recargable-12-L-con-80-4-valvulas-de-punto-O-230mm-png.webp\",\"width\":1000,\"height\":1000},{\"@type\":\"BreadcrumbList\",\"@id\":\"https:\\\/\\\/recambiosecogas.com\\\/it\\\/producto\\\/gzwm-cilindro-de-gas-recargable-12-l-con-80-4-valvulas-de-punto-o-230mm\\\/#breadcrumb\",\"itemListElement\":[{\"@type\":\"ListItem\",\"position\":1,\"name\":\"Portada\",\"item\":\"https:\\\/\\\/recambiosecogas.com\\\/it\\\/\"},{\"@type\":\"ListItem\",\"position\":2,\"name\":\"Negozio\",\"item\":\"https:\\\/\\\/recambiosecogas.com\\\/it\\\/?page_id=46382\"},{\"@type\":\"ListItem\",\"position\":3,\"name\":\"GZWM cilindro de gas recargable 12 L con 80% 4 v\u00e1lvulas de punto &#8211; \u00d8 230mm\"}]},{\"@type\":\"WebSite\",\"@id\":\"https:\\\/\\\/recambiosecogas.com\\\/it\\\/#website\",\"url\":\"https:\\\/\\\/recambiosecogas.com\\\/it\\\/\",\"name\":\"Recambios EcoGas\",\"description\":\"Recambios Multimarca para sistemas de GLP\\\/GNC\\\/GNL\\\/Hidr\u00f3geno\",\"publisher\":{\"@id\":\"https:\\\/\\\/recambiosecogas.com\\\/it\\\/#organization\"},\"alternateName\":\"Recambios Autogas GLP\",\"potentialAction\":[{\"@type\":\"SearchAction\",\"target\":{\"@type\":\"EntryPoint\",\"urlTemplate\":\"https:\\\/\\\/recambiosecogas.com\\\/it\\\/?s={search_term_string}\"},\"query-input\":{\"@type\":\"PropertyValueSpecification\",\"valueRequired\":true,\"valueName\":\"search_term_string\"}}],\"inLanguage\":\"it-IT\"},{\"@type\":[\"Organization\",\"Place\"],\"@id\":\"https:\\\/\\\/recambiosecogas.com\\\/it\\\/#organization\",\"name\":\"Recambios EcoGas\",\"alternateName\":\"Tienda Online GLP Espa\u00f1a\",\"url\":\"https:\\\/\\\/recambiosecogas.com\\\/it\\\/\",\"logo\":{\"@id\":\"https:\\\/\\\/recambiosecogas.com\\\/it\\\/producto\\\/gzwm-cilindro-de-gas-recargable-12-l-con-80-4-valvulas-de-punto-o-230mm\\\/#local-main-organization-logo\"},\"image\":{\"@id\":\"https:\\\/\\\/recambiosecogas.com\\\/it\\\/producto\\\/gzwm-cilindro-de-gas-recargable-12-l-con-80-4-valvulas-de-punto-o-230mm\\\/#local-main-organization-logo\"},\"sameAs\":[\"https:\\\/\\\/www.facebook.com\\\/profile.php?id=100062419705358\",\"https:\\\/\\\/www.instagram.com\\\/segimon_automocio\"],\"description\":\"Recambios EcoGas \u2013 Venta y distribuci\u00f3n de sistemas GLP y GNC en Espa\u00f1a y Portugal. Env\u00edos 24 h, soporte t\u00e9cnico a talleres y distribuidores.\",\"hasMerchantReturnPolicy\":{\"@type\":\"MerchantReturnPolicy\",\"merchantReturnLink\":\"https:\\\/\\\/recambiosecogas.com\\\/politicas-privacidad\\\/\"},\"address\":{\"@id\":\"https:\\\/\\\/recambiosecogas.com\\\/it\\\/producto\\\/gzwm-cilindro-de-gas-recargable-12-l-con-80-4-valvulas-de-punto-o-230mm\\\/#local-main-place-address\"},\"telephone\":[\"616250633\"],\"contactPoint\":{\"@type\":\"ContactPoint\",\"email\":\"export@recambiosecogas.com\"},\"openingHoursSpecification\":[{\"@type\":\"OpeningHoursSpecification\",\"dayOfWeek\":[\"Monday\",\"Tuesday\",\"Wednesday\",\"Thursday\",\"Friday\",\"Saturday\",\"Sunday\"],\"opens\":\"09:00\",\"closes\":\"17:00\"}],\"email\":\"info@recambiosecogas.com\",\"faxNumber\":\"SEGIMON AUTOMOCION SL\",\"vatID\":\"ESB19819861\",\"globalLocationNumber\":\"938 616 339\"},{\"@type\":\"PostalAddress\",\"@id\":\"https:\\\/\\\/recambiosecogas.com\\\/it\\\/producto\\\/gzwm-cilindro-de-gas-recargable-12-l-con-80-4-valvulas-de-punto-o-230mm\\\/#local-main-place-address\",\"streetAddress\":\"cami antic de vic, 29 (Nave 3), Pol\u00edgono Industrial Congost\",\"addressLocality\":\"CORRO D`AVALL\",\"postalCode\":\"08520\",\"addressRegion\":\"Barcelona\",\"addressCountry\":\"ES\"},{\"@type\":\"ImageObject\",\"inLanguage\":\"it-IT\",\"@id\":\"https:\\\/\\\/recambiosecogas.com\\\/it\\\/producto\\\/gzwm-cilindro-de-gas-recargable-12-l-con-80-4-valvulas-de-punto-o-230mm\\\/#local-main-organization-logo\",\"url\":\"https:\\\/\\\/recambiosecogas.com\\\/wp-content\\\/uploads\\\/2024\\\/11\\\/cropped-RECAMBIOS-GLP-png.webp\",\"contentUrl\":\"https:\\\/\\\/recambiosecogas.com\\\/wp-content\\\/uploads\\\/2024\\\/11\\\/cropped-RECAMBIOS-GLP-png.webp\",\"width\":512,\"height\":512,\"caption\":\"Recambios EcoGas\"}]}<\/script>\n<meta property=\"product:brand\" content=\"GZWM\" \/>\n<meta property=\"product:price:amount\" content=\"443.30\" \/>\n<meta property=\"product:price:currency\" content=\"EUR\" \/>\n<meta property=\"og:availability\" content=\"backorder\" \/>\n<meta property=\"product:availability\" content=\"available for order\" \/>\n<meta property=\"product:retailer_item_id\" content=\"113684A\" \/>\n<meta property=\"product:condition\" content=\"new\" \/>\n<meta name=\"geo.placename\" content=\"CORRO D`AVALL\" \/>\n<meta name=\"geo.region\" content=\"Spagna\" \/>\n<!-- \/ Yoast SEO Premium plugin. -->","yoast_head_json":{"title":"Cilindro de gas recargable 12L 80% 4 v\u00e1lvulas | Recambios Ecogas","description":"Cilindro de gas recargable de 12L con 80% de llenado y 4 v\u00e1lvulas, ideal para sistemas de Autogas. Compacto y f\u00e1cil de instalar.","robots":{"index":"index","follow":"follow","max-snippet":"max-snippet:-1","max-image-preview":"max-image-preview:large","max-video-preview":"max-video-preview:-1"},"canonical":"https:\/\/recambiosecogas.com\/it\/producto\/gzwm-cilindro-de-gas-recargable-12-l-con-80-4-valvulas-de-punto-o-230mm\/","og_locale":"it_IT","og_type":"article","og_title":"GZWM cilindro de gas recargable 12 L con 80% 4 v\u00e1lvulas de punto - \u00d8 230mm","og_description":"Cilindro de gas recargable de 12L con 80% de llenado y 4 v\u00e1lvulas, ideal para sistemas de Autogas. Compacto y f\u00e1cil de instalar.","og_url":"https:\/\/recambiosecogas.com\/it\/producto\/gzwm-cilindro-de-gas-recargable-12-l-con-80-4-valvulas-de-punto-o-230mm\/","og_site_name":"Recambios EcoGas","article_publisher":"https:\/\/www.facebook.com\/profile.php?id=100062419705358","article_modified_time":"2026-03-26T10:54:34+00:00","og_image":[{"width":1000,"height":1000,"url":"https:\/\/recambiosecogas.com\/wp-content\/uploads\/2025\/01\/GZWM-cilindro-de-gas-recargable-12-L-con-80-4-valvulas-de-punto-O-230mm-png.webp","type":"image\/png"}],"twitter_card":"summary_large_image","twitter_misc":{"Prezzo":"443,30&nbsp;&euro; (Sin IVA: 366,36&nbsp;&euro;)","Disponibilit\u00e0":"Su ordinazione"},"schema":{"@context":"https:\/\/schema.org","@graph":[{"@type":"WebPage","@id":"https:\/\/recambiosecogas.com\/it\/producto\/gzwm-cilindro-de-gas-recargable-12-l-con-80-4-valvulas-de-punto-o-230mm\/","url":"https:\/\/recambiosecogas.com\/it\/producto\/gzwm-cilindro-de-gas-recargable-12-l-con-80-4-valvulas-de-punto-o-230mm\/","name":"Cilindro de gas recargable 12L 80% 4 v\u00e1lvulas | Recambios Ecogas","isPartOf":{"@id":"https:\/\/recambiosecogas.com\/it\/#website"},"primaryImageOfPage":{"@id":"https:\/\/recambiosecogas.com\/it\/producto\/gzwm-cilindro-de-gas-recargable-12-l-con-80-4-valvulas-de-punto-o-230mm\/#primaryimage"},"image":{"@id":"https:\/\/recambiosecogas.com\/it\/producto\/gzwm-cilindro-de-gas-recargable-12-l-con-80-4-valvulas-de-punto-o-230mm\/#primaryimage"},"thumbnailUrl":"https:\/\/recambiosecogas.com\/wp-content\/uploads\/2025\/01\/GZWM-cilindro-de-gas-recargable-12-L-con-80-4-valvulas-de-punto-O-230mm-png.webp","datePublished":"2025-01-14T17:43:33+00:00","dateModified":"2026-03-26T10:54:34+00:00","description":"Cilindro de gas recargable de 12L con 80% de llenado y 4 v\u00e1lvulas, ideal para sistemas de Autogas. Compacto y f\u00e1cil de instalar.","breadcrumb":{"@id":"https:\/\/recambiosecogas.com\/it\/producto\/gzwm-cilindro-de-gas-recargable-12-l-con-80-4-valvulas-de-punto-o-230mm\/#breadcrumb"},"inLanguage":"it-IT","potentialAction":[{"@type":"ReadAction","target":["https:\/\/recambiosecogas.com\/it\/producto\/gzwm-cilindro-de-gas-recargable-12-l-con-80-4-valvulas-de-punto-o-230mm\/"]}]},{"@type":"ImageObject","inLanguage":"it-IT","@id":"https:\/\/recambiosecogas.com\/it\/producto\/gzwm-cilindro-de-gas-recargable-12-l-con-80-4-valvulas-de-punto-o-230mm\/#primaryimage","url":"https:\/\/recambiosecogas.com\/wp-content\/uploads\/2025\/01\/GZWM-cilindro-de-gas-recargable-12-L-con-80-4-valvulas-de-punto-O-230mm-png.webp","contentUrl":"https:\/\/recambiosecogas.com\/wp-content\/uploads\/2025\/01\/GZWM-cilindro-de-gas-recargable-12-L-con-80-4-valvulas-de-punto-O-230mm-png.webp","width":1000,"height":1000},{"@type":"BreadcrumbList","@id":"https:\/\/recambiosecogas.com\/it\/producto\/gzwm-cilindro-de-gas-recargable-12-l-con-80-4-valvulas-de-punto-o-230mm\/#breadcrumb","itemListElement":[{"@type":"ListItem","position":1,"name":"Portada","item":"https:\/\/recambiosecogas.com\/it\/"},{"@type":"ListItem","position":2,"name":"Negozio","item":"https:\/\/recambiosecogas.com\/it\/?page_id=46382"},{"@type":"ListItem","position":3,"name":"GZWM cilindro de gas recargable 12 L con 80% 4 v\u00e1lvulas de punto &#8211; \u00d8 230mm"}]},{"@type":"WebSite","@id":"https:\/\/recambiosecogas.com\/it\/#website","url":"https:\/\/recambiosecogas.com\/it\/","name":"Recambios EcoGas","description":"Recambios Multimarca para sistemas de GLP\/GNC\/GNL\/Hidr\u00f3geno","publisher":{"@id":"https:\/\/recambiosecogas.com\/it\/#organization"},"alternateName":"Recambios Autogas GLP","potentialAction":[{"@type":"SearchAction","target":{"@type":"EntryPoint","urlTemplate":"https:\/\/recambiosecogas.com\/it\/?s={search_term_string}"},"query-input":{"@type":"PropertyValueSpecification","valueRequired":true,"valueName":"search_term_string"}}],"inLanguage":"it-IT"},{"@type":["Organization","Place"],"@id":"https:\/\/recambiosecogas.com\/it\/#organization","name":"Recambios EcoGas","alternateName":"Tienda Online GLP Espa\u00f1a","url":"https:\/\/recambiosecogas.com\/it\/","logo":{"@id":"https:\/\/recambiosecogas.com\/it\/producto\/gzwm-cilindro-de-gas-recargable-12-l-con-80-4-valvulas-de-punto-o-230mm\/#local-main-organization-logo"},"image":{"@id":"https:\/\/recambiosecogas.com\/it\/producto\/gzwm-cilindro-de-gas-recargable-12-l-con-80-4-valvulas-de-punto-o-230mm\/#local-main-organization-logo"},"sameAs":["https:\/\/www.facebook.com\/profile.php?id=100062419705358","https:\/\/www.instagram.com\/segimon_automocio"],"description":"Recambios EcoGas \u2013 Venta y distribuci\u00f3n de sistemas GLP y GNC en Espa\u00f1a y Portugal. Env\u00edos 24 h, soporte t\u00e9cnico a talleres y distribuidores.","hasMerchantReturnPolicy":{"@type":"MerchantReturnPolicy","merchantReturnLink":"https:\/\/recambiosecogas.com\/politicas-privacidad\/"},"address":{"@id":"https:\/\/recambiosecogas.com\/it\/producto\/gzwm-cilindro-de-gas-recargable-12-l-con-80-4-valvulas-de-punto-o-230mm\/#local-main-place-address"},"telephone":["616250633"],"contactPoint":{"@type":"ContactPoint","email":"export@recambiosecogas.com"},"openingHoursSpecification":[{"@type":"OpeningHoursSpecification","dayOfWeek":["Monday","Tuesday","Wednesday","Thursday","Friday","Saturday","Sunday"],"opens":"09:00","closes":"17:00"}],"email":"info@recambiosecogas.com","faxNumber":"SEGIMON AUTOMOCION SL","vatID":"ESB19819861","globalLocationNumber":"938 616 339"},{"@type":"PostalAddress","@id":"https:\/\/recambiosecogas.com\/it\/producto\/gzwm-cilindro-de-gas-recargable-12-l-con-80-4-valvulas-de-punto-o-230mm\/#local-main-place-address","streetAddress":"cami antic de vic, 29 (Nave 3), Pol\u00edgono Industrial Congost","addressLocality":"CORRO D`AVALL","postalCode":"08520","addressRegion":"Barcelona","addressCountry":"ES"},{"@type":"ImageObject","inLanguage":"it-IT","@id":"https:\/\/recambiosecogas.com\/it\/producto\/gzwm-cilindro-de-gas-recargable-12-l-con-80-4-valvulas-de-punto-o-230mm\/#local-main-organization-logo","url":"https:\/\/recambiosecogas.com\/wp-content\/uploads\/2024\/11\/cropped-RECAMBIOS-GLP-png.webp","contentUrl":"https:\/\/recambiosecogas.com\/wp-content\/uploads\/2024\/11\/cropped-RECAMBIOS-GLP-png.webp","width":512,"height":512,"caption":"Recambios EcoGas"}]},"product_brand":"GZWM","product_price_amount":"443.30","product_price_currency":"EUR","og_availability":"backorder","product_availability":"available for order","product_retailer_item_id":"113684A","product_condition":"new","geo.placename":"CORRO D`AVALL","geo.region":"Spagna"},"uagb_featured_image_src":{"full":["https:\/\/recambiosecogas.com\/wp-content\/uploads\/2025\/01\/GZWM-cilindro-de-gas-recargable-12-L-con-80-4-valvulas-de-punto-O-230mm-png.webp",1000,1000,false],"thumbnail":["https:\/\/recambiosecogas.com\/wp-content\/uploads\/2025\/01\/GZWM-cilindro-de-gas-recargable-12-L-con-80-4-valvulas-de-punto-O-230mm-150x150.webp",150,150,true],"medium":["https:\/\/recambiosecogas.com\/wp-content\/uploads\/2025\/01\/GZWM-cilindro-de-gas-recargable-12-L-con-80-4-valvulas-de-punto-O-230mm-300x300.webp",300,300,true],"medium_large":["https:\/\/recambiosecogas.com\/wp-content\/uploads\/2025\/01\/GZWM-cilindro-de-gas-recargable-12-L-con-80-4-valvulas-de-punto-O-230mm-768x768.webp",768,768,true],"large":["https:\/\/recambiosecogas.com\/wp-content\/uploads\/2025\/01\/GZWM-cilindro-de-gas-recargable-12-L-con-80-4-valvulas-de-punto-O-230mm-png.webp",1000,1000,false],"1536x1536":["https:\/\/recambiosecogas.com\/wp-content\/uploads\/2025\/01\/GZWM-cilindro-de-gas-recargable-12-L-con-80-4-valvulas-de-punto-O-230mm-png.webp",1000,1000,false],"2048x2048":["https:\/\/recambiosecogas.com\/wp-content\/uploads\/2025\/01\/GZWM-cilindro-de-gas-recargable-12-L-con-80-4-valvulas-de-punto-O-230mm-png.webp",1000,1000,false],"woocommerce_archive_thumbnail":["https:\/\/recambiosecogas.com\/wp-content\/uploads\/2025\/01\/GZWM-cilindro-de-gas-recargable-12-L-con-80-4-valvulas-de-punto-O-230mm-png.webp",1000,1000,false],"woocommerce_thumbnail":["https:\/\/recambiosecogas.com\/wp-content\/uploads\/2025\/01\/GZWM-cilindro-de-gas-recargable-12-L-con-80-4-valvulas-de-punto-O-230mm-300x300.webp",300,300,true],"woocommerce_single":["https:\/\/recambiosecogas.com\/wp-content\/uploads\/2025\/01\/GZWM-cilindro-de-gas-recargable-12-L-con-80-4-valvulas-de-punto-O-230mm-png.webp",1000,1000,false],"woocommerce_gallery_thumbnail":["https:\/\/recambiosecogas.com\/wp-content\/uploads\/2025\/01\/GZWM-cilindro-de-gas-recargable-12-L-con-80-4-valvulas-de-punto-O-230mm-png.webp",1000,1000,false],"dgwt-wcas-product-suggestion":["https:\/\/recambiosecogas.com\/wp-content\/uploads\/2025\/01\/GZWM-cilindro-de-gas-recargable-12-L-con-80-4-valvulas-de-punto-O-230mm-64x64.webp",64,64,true]},"uagb_author_info":{"display_name":"Fran - Soporte T\u00e9cnico","author_link":"https:\/\/recambiosecogas.com\/it\/author\/"},"uagb_comment_info":0,"uagb_excerpt":"GZWM","_links":{"self":[{"href":"https:\/\/recambiosecogas.com\/it\/wp-json\/wp\/v2\/product\/14570","targetHints":{"allow":["GET"]}}],"collection":[{"href":"https:\/\/recambiosecogas.com\/it\/wp-json\/wp\/v2\/product"}],"about":[{"href":"https:\/\/recambiosecogas.com\/it\/wp-json\/wp\/v2\/types\/product"}],"replies":[{"embeddable":true,"href":"https:\/\/recambiosecogas.com\/it\/wp-json\/wp\/v2\/comments?post=14570"}],"wp:featuredmedia":[{"embeddable":true,"href":"https:\/\/recambiosecogas.com\/it\/wp-json\/wp\/v2\/media\/17035"}],"wp:attachment":[{"href":"https:\/\/recambiosecogas.com\/it\/wp-json\/wp\/v2\/media?parent=14570"}],"wp:term":[{"taxonomy":"product_brand","embeddable":true,"href":"https:\/\/recambiosecogas.com\/it\/wp-json\/wp\/v2\/product_brand?post=14570"},{"taxonomy":"product_cat","embeddable":true,"href":"https:\/\/recambiosecogas.com\/it\/wp-json\/wp\/v2\/product_cat?post=14570"},{"taxonomy":"product_tag","embeddable":true,"href":"https:\/\/recambiosecogas.com\/it\/wp-json\/wp\/v2\/product_tag?post=14570"}],"curies":[{"name":"wp","href":"https:\/\/api.w.org\/{rel}","templated":true}]}}