{"id":14541,"date":"2025-01-14T18:43:15","date_gmt":"2025-01-14T17:43:15","guid":{"rendered":"https:\/\/recambiosecogas.com\/producto\/rotarex-dimes-wave-bluetooth-pantalla-remota-para-cilindros-de-gas-recargables-con-multivalvula\/"},"modified":"2026-03-26T11:18:06","modified_gmt":"2026-03-26T10:18:06","slug":"rotarex-dimes-wave-bluetooth-pantalla-remota-para-cilindros-de-gas-recargables-con-multivalvula","status":"publish","type":"product","link":"https:\/\/recambiosecogas.com\/it\/producto\/rotarex-dimes-wave-bluetooth-pantalla-remota-para-cilindros-de-gas-recargables-con-multivalvula\/","title":{"rendered":"Rotarex Dimes WAVE bluetooth pantalla remota para cilindros de gas recargables con multiv\u00e1lvula"},"content":{"rendered":"<p>El <strong>Indicador remoto Bluetooth Rotarex Dimes WAVE<\/strong> es un dispositivo innovador dise\u00f1ado para facilitar el control del nivel de llenado de cilindros de gas. Este sistema permite a los usuarios monitorear el estado de sus botellas cisterna de gas c\u00f3modamente desde su smartphone o tableta, proporcionando una soluci\u00f3n pr\u00e1ctica y moderna para la gesti\u00f3n de combustible en sistemas de <strong>Autogas<\/strong>.<\/p>\n<p>El Dimes WAVE es compatible con todas las botellas cisterna que cuentan con multiv\u00e1lvula SRG, independientemente de si son de acero, aluminio o composite, incluyendo marcas como CAMPKO, Alugas y Gaslow. Este indicador reemplaza el sensor de combustible existente en la multiv\u00e1lvula por un nuevo transmisor que se instala f\u00e1cilmente utilizando la herramienta Allen incluida en el paquete.<\/p>\n<p>Una vez instalado, el transmisor env\u00eda informaci\u00f3n sobre el nivel de combustible directamente a su dispositivo m\u00f3vil a trav\u00e9s de la <strong>WAVE Box<\/strong> mediante conexi\u00f3n Bluetooth. Para su uso, los usuarios pueden descargar la aplicaci\u00f3n gratuita &#8220;Dimes SRG App&#8221; de Roatex, disponible en todas las tiendas de aplicaciones habituales, lo que permite una experiencia de usuario intuitiva y accesible.<\/p>\n<p>El volumen de suministro incluye un sensor Hall que opera en un rango de 0,5 a 4,5 V (RRD Remote Readout Dial), una caja transmisora WAVE con 1 metro de cable (sin pilas), un soporte para la caja WAVE con cierre de velcro, y una llave de vaso con dos tornillos para la instalaci\u00f3n del transmisor.<\/p>\n<p>Este indicador es una herramienta esencial para quienes utilizan sistemas de Autogas, ya que no solo mejora la comodidad al monitorear el nivel de gas, sino que tambi\u00e9n contribuye a una gesti\u00f3n m\u00e1s eficiente del combustible, ayudando a evitar sorpresas desagradables en el suministro de gas.<\/p>\n","protected":false},"excerpt":{"rendered":"<p>Indicador remoto Bluetooth Rotarex Dimes WAVE para cilindros de gas, permite controlar el nivel de llenado desde su smartphone de forma f\u00e1cil y c\u00f3moda.<\/p>\n","protected":false},"featured_media":17111,"comment_status":"open","ping_status":"closed","template":"","meta":{"googlesitekit_rrm_CAowud7EDA:productID":"","_uag_custom_page_level_css":""},"product_brand":[990],"product_cat":[419],"product_tag":[],"class_list":{"0":"post-14541","1":"product","2":"type-product","3":"status-publish","4":"has-post-thumbnail","6":"product_brand-alugas","7":"product_cat-indicadores-de-contenido","9":"first","10":"onbackorder","11":"taxable","12":"shipping-taxable","13":"purchasable","14":"product-type-simple"},"ct_brands":[{"id":990,"name":"ALUGAS","slug":"alugas"}],"yoast_head":"<!-- This site is optimized with the Yoast SEO Premium plugin v27.2 (Yoast SEO v27.2) - https:\/\/yoast.com\/product\/yoast-seo-premium-wordpress\/ -->\n<title>Rotarex Dimes WAVE Bluetooth para cilindros de gas | Recambios Ecogas<\/title>\n<meta name=\"description\" content=\"Indicador remoto Bluetooth Rotarex Dimes WAVE para cilindros de gas, permite controlar el nivel de llenado desde su smartphone de forma f\u00e1cil y c\u00f3moda.\" \/>\n<meta name=\"robots\" content=\"index, follow, max-snippet:-1, max-image-preview:large, max-video-preview:-1\" \/>\n<link rel=\"canonical\" href=\"https:\/\/recambiosecogas.com\/it\/producto\/rotarex-dimes-wave-bluetooth-pantalla-remota-para-cilindros-de-gas-recargables-con-multivalvula\/\" \/>\n<meta property=\"og:locale\" content=\"it_IT\" \/>\n<meta property=\"og:type\" content=\"article\" \/>\n<meta property=\"og:title\" content=\"Rotarex Dimes WAVE bluetooth pantalla remota para cilindros de gas recargables con multiv\u00e1lvula\" \/>\n<meta property=\"og:description\" content=\"Indicador remoto Bluetooth Rotarex Dimes WAVE para cilindros de gas, permite controlar el nivel de llenado desde su smartphone de forma f\u00e1cil y c\u00f3moda.\" \/>\n<meta property=\"og:url\" content=\"https:\/\/recambiosecogas.com\/it\/producto\/rotarex-dimes-wave-bluetooth-pantalla-remota-para-cilindros-de-gas-recargables-con-multivalvula\/\" \/>\n<meta property=\"og:site_name\" content=\"Recambios EcoGas\" \/>\n<meta property=\"article:publisher\" content=\"https:\/\/www.facebook.com\/profile.php?id=100062419705358\" \/>\n<meta property=\"article:modified_time\" content=\"2026-03-26T10:18:06+00:00\" \/>\n<meta property=\"og:image\" content=\"https:\/\/recambiosecogas.com\/wp-content\/uploads\/2025\/01\/Rotarex-Dimes-WAVE-bluetooth-pantalla-remota-para-cilindros-de-gas-recargables-con-multivalvula-1-png.webp\" \/>\n\t<meta property=\"og:image:width\" content=\"1000\" \/>\n\t<meta property=\"og:image:height\" content=\"1000\" \/>\n\t<meta property=\"og:image:type\" content=\"image\/png\" \/>\n<meta name=\"twitter:card\" content=\"summary_large_image\" \/>\n<meta name=\"twitter:label1\" content=\"Prezzo\" \/>\n\t<meta name=\"twitter:data1\" content=\"186,20&nbsp;&euro; (IVA incl.: 225,30&nbsp;&euro;)\" \/>\n\t<meta name=\"twitter:label2\" content=\"Disponibilit\u00e0\" \/>\n\t<meta name=\"twitter:data2\" content=\"Su ordinazione\" \/>\n<script type=\"application\/ld+json\" class=\"yoast-schema-graph\">{\"@context\":\"https:\/\/schema.org\",\"@graph\":[{\"@type\":\"WebPage\",\"@id\":\"https:\/\/recambiosecogas.com\/it\/producto\/rotarex-dimes-wave-bluetooth-pantalla-remota-para-cilindros-de-gas-recargables-con-multivalvula\/\",\"url\":\"https:\/\/recambiosecogas.com\/it\/producto\/rotarex-dimes-wave-bluetooth-pantalla-remota-para-cilindros-de-gas-recargables-con-multivalvula\/\",\"name\":\"Rotarex Dimes WAVE Bluetooth para cilindros de gas | Recambios Ecogas\",\"isPartOf\":{\"@id\":\"https:\/\/recambiosecogas.com\/it\/#website\"},\"primaryImageOfPage\":{\"@id\":\"https:\/\/recambiosecogas.com\/it\/producto\/rotarex-dimes-wave-bluetooth-pantalla-remota-para-cilindros-de-gas-recargables-con-multivalvula\/#primaryimage\"},\"image\":{\"@id\":\"https:\/\/recambiosecogas.com\/it\/producto\/rotarex-dimes-wave-bluetooth-pantalla-remota-para-cilindros-de-gas-recargables-con-multivalvula\/#primaryimage\"},\"thumbnailUrl\":\"https:\/\/recambiosecogas.com\/wp-content\/uploads\/2025\/01\/Rotarex-Dimes-WAVE-bluetooth-pantalla-remota-para-cilindros-de-gas-recargables-con-multivalvula-1-png.webp\",\"datePublished\":\"2025-01-14T17:43:15+00:00\",\"dateModified\":\"2026-03-26T10:18:06+00:00\",\"description\":\"Indicador remoto Bluetooth Rotarex Dimes WAVE para cilindros de gas, permite controlar el nivel de llenado desde su smartphone de forma f\u00e1cil y c\u00f3moda.\",\"breadcrumb\":{\"@id\":\"https:\/\/recambiosecogas.com\/it\/producto\/rotarex-dimes-wave-bluetooth-pantalla-remota-para-cilindros-de-gas-recargables-con-multivalvula\/#breadcrumb\"},\"inLanguage\":\"it-IT\",\"potentialAction\":[{\"@type\":\"ReadAction\",\"target\":[\"https:\/\/recambiosecogas.com\/it\/producto\/rotarex-dimes-wave-bluetooth-pantalla-remota-para-cilindros-de-gas-recargables-con-multivalvula\/\"]}]},{\"@type\":\"ImageObject\",\"inLanguage\":\"it-IT\",\"@id\":\"https:\/\/recambiosecogas.com\/it\/producto\/rotarex-dimes-wave-bluetooth-pantalla-remota-para-cilindros-de-gas-recargables-con-multivalvula\/#primaryimage\",\"url\":\"https:\/\/recambiosecogas.com\/wp-content\/uploads\/2025\/01\/Rotarex-Dimes-WAVE-bluetooth-pantalla-remota-para-cilindros-de-gas-recargables-con-multivalvula-1-png.webp\",\"contentUrl\":\"https:\/\/recambiosecogas.com\/wp-content\/uploads\/2025\/01\/Rotarex-Dimes-WAVE-bluetooth-pantalla-remota-para-cilindros-de-gas-recargables-con-multivalvula-1-png.webp\",\"width\":1000,\"height\":1000},{\"@type\":\"BreadcrumbList\",\"@id\":\"https:\/\/recambiosecogas.com\/it\/producto\/rotarex-dimes-wave-bluetooth-pantalla-remota-para-cilindros-de-gas-recargables-con-multivalvula\/#breadcrumb\",\"itemListElement\":[{\"@type\":\"ListItem\",\"position\":1,\"name\":\"Portada\",\"item\":\"http:\/\/recambiosecogas.com\/it\/\"},{\"@type\":\"ListItem\",\"position\":2,\"name\":\"Tienda\",\"item\":\"https:\/\/recambiosecogas.com\/tienda\/\"},{\"@type\":\"ListItem\",\"position\":3,\"name\":\"Rotarex Dimes WAVE bluetooth pantalla remota para cilindros de gas recargables con multiv\u00e1lvula\"}]},{\"@type\":\"WebSite\",\"@id\":\"https:\/\/recambiosecogas.com\/it\/#website\",\"url\":\"https:\/\/recambiosecogas.com\/it\/\",\"name\":\"Recambios EcoGas\",\"description\":\"Recambios Multimarca para sistemas de GLP\/GNC\/GNL\/Hidr\u00f3geno\",\"publisher\":{\"@id\":\"https:\/\/recambiosecogas.com\/it\/#organization\"},\"alternateName\":\"Recambios Autogas GLP\",\"potentialAction\":[{\"@type\":\"SearchAction\",\"target\":{\"@type\":\"EntryPoint\",\"urlTemplate\":\"https:\/\/recambiosecogas.com\/it\/?s={search_term_string}\"},\"query-input\":{\"@type\":\"PropertyValueSpecification\",\"valueRequired\":true,\"valueName\":\"search_term_string\"}}],\"inLanguage\":\"it-IT\"},{\"@type\":[\"Organization\",\"Place\"],\"@id\":\"https:\/\/recambiosecogas.com\/it\/#organization\",\"name\":\"Recambios EcoGas\",\"alternateName\":\"Tienda Online GLP Espa\u00f1a\",\"url\":\"https:\/\/recambiosecogas.com\/it\/\",\"logo\":{\"@id\":\"https:\/\/recambiosecogas.com\/it\/producto\/rotarex-dimes-wave-bluetooth-pantalla-remota-para-cilindros-de-gas-recargables-con-multivalvula\/#local-main-organization-logo\"},\"image\":{\"@id\":\"https:\/\/recambiosecogas.com\/it\/producto\/rotarex-dimes-wave-bluetooth-pantalla-remota-para-cilindros-de-gas-recargables-con-multivalvula\/#local-main-organization-logo\"},\"sameAs\":[\"https:\/\/www.facebook.com\/profile.php?id=100062419705358\",\"https:\/\/www.instagram.com\/segimon_automocio\"],\"description\":\"Recambios EcoGas \u2013 Venta y distribuci\u00f3n de sistemas GLP y GNC en Espa\u00f1a y Portugal. Env\u00edos 24 h, soporte t\u00e9cnico a talleres y distribuidores.\",\"hasMerchantReturnPolicy\":{\"@type\":\"MerchantReturnPolicy\",\"merchantReturnLink\":\"https:\/\/recambiosecogas.com\/politicas-privacidad\/\"},\"address\":{\"@id\":\"https:\/\/recambiosecogas.com\/it\/producto\/rotarex-dimes-wave-bluetooth-pantalla-remota-para-cilindros-de-gas-recargables-con-multivalvula\/#local-main-place-address\"},\"telephone\":[\"616250633\"],\"contactPoint\":{\"@type\":\"ContactPoint\",\"email\":\"export@recambiosecogas.com\"},\"openingHoursSpecification\":[{\"@type\":\"OpeningHoursSpecification\",\"dayOfWeek\":[\"Monday\",\"Tuesday\",\"Wednesday\",\"Thursday\",\"Friday\",\"Saturday\",\"Sunday\"],\"opens\":\"09:00\",\"closes\":\"17:00\"}],\"email\":\"info@recambiosecogas.com\",\"faxNumber\":\"SEGIMON AUTOMOCION SL\",\"vatID\":\"ESB19819861\",\"globalLocationNumber\":\"938 616 339\"},{\"@type\":\"PostalAddress\",\"@id\":\"https:\/\/recambiosecogas.com\/it\/producto\/rotarex-dimes-wave-bluetooth-pantalla-remota-para-cilindros-de-gas-recargables-con-multivalvula\/#local-main-place-address\",\"streetAddress\":\"cami antic de vic, 29 (Nave 3), Pol\u00edgono Industrial Congost\",\"addressLocality\":\"CORRO D`AVALL\",\"postalCode\":\"08520\",\"addressRegion\":\"Barcelona\",\"addressCountry\":\"ES\"},{\"@type\":\"ImageObject\",\"inLanguage\":\"it-IT\",\"@id\":\"https:\/\/recambiosecogas.com\/it\/producto\/rotarex-dimes-wave-bluetooth-pantalla-remota-para-cilindros-de-gas-recargables-con-multivalvula\/#local-main-organization-logo\",\"url\":\"https:\/\/recambiosecogas.com\/wp-content\/uploads\/2024\/11\/cropped-RECAMBIOS-GLP-png.webp\",\"contentUrl\":\"https:\/\/recambiosecogas.com\/wp-content\/uploads\/2024\/11\/cropped-RECAMBIOS-GLP-png.webp\",\"width\":512,\"height\":512,\"caption\":\"Recambios EcoGas\"}]}<\/script>\n<meta property=\"product:brand\" content=\"ALUGAS\" \/>\n<meta property=\"product:price:amount\" content=\"186.20\" \/>\n<meta property=\"product:price:currency\" content=\"EUR\" \/>\n<meta property=\"og:availability\" content=\"backorder\" \/>\n<meta property=\"product:availability\" content=\"available for order\" \/>\n<meta property=\"product:retailer_item_id\" content=\"108372\" \/>\n<meta property=\"product:condition\" content=\"new\" \/>\n<meta name=\"geo.placename\" content=\"CORRO D`AVALL\" \/>\n<meta name=\"geo.region\" content=\"Spagna\" \/>\n<!-- \/ Yoast SEO Premium plugin. -->","yoast_head_json":{"title":"Rotarex Dimes WAVE Bluetooth para cilindros de gas | Recambios Ecogas","description":"Indicador remoto Bluetooth Rotarex Dimes WAVE para cilindros de gas, permite controlar el nivel de llenado desde su smartphone de forma f\u00e1cil y c\u00f3moda.","robots":{"index":"index","follow":"follow","max-snippet":"max-snippet:-1","max-image-preview":"max-image-preview:large","max-video-preview":"max-video-preview:-1"},"canonical":"https:\/\/recambiosecogas.com\/it\/producto\/rotarex-dimes-wave-bluetooth-pantalla-remota-para-cilindros-de-gas-recargables-con-multivalvula\/","og_locale":"it_IT","og_type":"article","og_title":"Rotarex Dimes WAVE bluetooth pantalla remota para cilindros de gas recargables con multiv\u00e1lvula","og_description":"Indicador remoto Bluetooth Rotarex Dimes WAVE para cilindros de gas, permite controlar el nivel de llenado desde su smartphone de forma f\u00e1cil y c\u00f3moda.","og_url":"https:\/\/recambiosecogas.com\/it\/producto\/rotarex-dimes-wave-bluetooth-pantalla-remota-para-cilindros-de-gas-recargables-con-multivalvula\/","og_site_name":"Recambios EcoGas","article_publisher":"https:\/\/www.facebook.com\/profile.php?id=100062419705358","article_modified_time":"2026-03-26T10:18:06+00:00","og_image":[{"width":1000,"height":1000,"url":"https:\/\/recambiosecogas.com\/wp-content\/uploads\/2025\/01\/Rotarex-Dimes-WAVE-bluetooth-pantalla-remota-para-cilindros-de-gas-recargables-con-multivalvula-1-png.webp","type":"image\/png"}],"twitter_card":"summary_large_image","twitter_misc":{"Prezzo":"186,20&nbsp;&euro; (IVA incl.: 225,30&nbsp;&euro;)","Disponibilit\u00e0":"Su ordinazione"},"schema":{"@context":"https:\/\/schema.org","@graph":[{"@type":"WebPage","@id":"https:\/\/recambiosecogas.com\/it\/producto\/rotarex-dimes-wave-bluetooth-pantalla-remota-para-cilindros-de-gas-recargables-con-multivalvula\/","url":"https:\/\/recambiosecogas.com\/it\/producto\/rotarex-dimes-wave-bluetooth-pantalla-remota-para-cilindros-de-gas-recargables-con-multivalvula\/","name":"Rotarex Dimes WAVE Bluetooth para cilindros de gas | Recambios Ecogas","isPartOf":{"@id":"https:\/\/recambiosecogas.com\/it\/#website"},"primaryImageOfPage":{"@id":"https:\/\/recambiosecogas.com\/it\/producto\/rotarex-dimes-wave-bluetooth-pantalla-remota-para-cilindros-de-gas-recargables-con-multivalvula\/#primaryimage"},"image":{"@id":"https:\/\/recambiosecogas.com\/it\/producto\/rotarex-dimes-wave-bluetooth-pantalla-remota-para-cilindros-de-gas-recargables-con-multivalvula\/#primaryimage"},"thumbnailUrl":"https:\/\/recambiosecogas.com\/wp-content\/uploads\/2025\/01\/Rotarex-Dimes-WAVE-bluetooth-pantalla-remota-para-cilindros-de-gas-recargables-con-multivalvula-1-png.webp","datePublished":"2025-01-14T17:43:15+00:00","dateModified":"2026-03-26T10:18:06+00:00","description":"Indicador remoto Bluetooth Rotarex Dimes WAVE para cilindros de gas, permite controlar el nivel de llenado desde su smartphone de forma f\u00e1cil y c\u00f3moda.","breadcrumb":{"@id":"https:\/\/recambiosecogas.com\/it\/producto\/rotarex-dimes-wave-bluetooth-pantalla-remota-para-cilindros-de-gas-recargables-con-multivalvula\/#breadcrumb"},"inLanguage":"it-IT","potentialAction":[{"@type":"ReadAction","target":["https:\/\/recambiosecogas.com\/it\/producto\/rotarex-dimes-wave-bluetooth-pantalla-remota-para-cilindros-de-gas-recargables-con-multivalvula\/"]}]},{"@type":"ImageObject","inLanguage":"it-IT","@id":"https:\/\/recambiosecogas.com\/it\/producto\/rotarex-dimes-wave-bluetooth-pantalla-remota-para-cilindros-de-gas-recargables-con-multivalvula\/#primaryimage","url":"https:\/\/recambiosecogas.com\/wp-content\/uploads\/2025\/01\/Rotarex-Dimes-WAVE-bluetooth-pantalla-remota-para-cilindros-de-gas-recargables-con-multivalvula-1-png.webp","contentUrl":"https:\/\/recambiosecogas.com\/wp-content\/uploads\/2025\/01\/Rotarex-Dimes-WAVE-bluetooth-pantalla-remota-para-cilindros-de-gas-recargables-con-multivalvula-1-png.webp","width":1000,"height":1000},{"@type":"BreadcrumbList","@id":"https:\/\/recambiosecogas.com\/it\/producto\/rotarex-dimes-wave-bluetooth-pantalla-remota-para-cilindros-de-gas-recargables-con-multivalvula\/#breadcrumb","itemListElement":[{"@type":"ListItem","position":1,"name":"Portada","item":"http:\/\/recambiosecogas.com\/it\/"},{"@type":"ListItem","position":2,"name":"Tienda","item":"https:\/\/recambiosecogas.com\/tienda\/"},{"@type":"ListItem","position":3,"name":"Rotarex Dimes WAVE bluetooth pantalla remota para cilindros de gas recargables con multiv\u00e1lvula"}]},{"@type":"WebSite","@id":"https:\/\/recambiosecogas.com\/it\/#website","url":"https:\/\/recambiosecogas.com\/it\/","name":"Recambios EcoGas","description":"Recambios Multimarca para sistemas de GLP\/GNC\/GNL\/Hidr\u00f3geno","publisher":{"@id":"https:\/\/recambiosecogas.com\/it\/#organization"},"alternateName":"Recambios Autogas GLP","potentialAction":[{"@type":"SearchAction","target":{"@type":"EntryPoint","urlTemplate":"https:\/\/recambiosecogas.com\/it\/?s={search_term_string}"},"query-input":{"@type":"PropertyValueSpecification","valueRequired":true,"valueName":"search_term_string"}}],"inLanguage":"it-IT"},{"@type":["Organization","Place"],"@id":"https:\/\/recambiosecogas.com\/it\/#organization","name":"Recambios EcoGas","alternateName":"Tienda Online GLP Espa\u00f1a","url":"https:\/\/recambiosecogas.com\/it\/","logo":{"@id":"https:\/\/recambiosecogas.com\/it\/producto\/rotarex-dimes-wave-bluetooth-pantalla-remota-para-cilindros-de-gas-recargables-con-multivalvula\/#local-main-organization-logo"},"image":{"@id":"https:\/\/recambiosecogas.com\/it\/producto\/rotarex-dimes-wave-bluetooth-pantalla-remota-para-cilindros-de-gas-recargables-con-multivalvula\/#local-main-organization-logo"},"sameAs":["https:\/\/www.facebook.com\/profile.php?id=100062419705358","https:\/\/www.instagram.com\/segimon_automocio"],"description":"Recambios EcoGas \u2013 Venta y distribuci\u00f3n de sistemas GLP y GNC en Espa\u00f1a y Portugal. Env\u00edos 24 h, soporte t\u00e9cnico a talleres y distribuidores.","hasMerchantReturnPolicy":{"@type":"MerchantReturnPolicy","merchantReturnLink":"https:\/\/recambiosecogas.com\/politicas-privacidad\/"},"address":{"@id":"https:\/\/recambiosecogas.com\/it\/producto\/rotarex-dimes-wave-bluetooth-pantalla-remota-para-cilindros-de-gas-recargables-con-multivalvula\/#local-main-place-address"},"telephone":["616250633"],"contactPoint":{"@type":"ContactPoint","email":"export@recambiosecogas.com"},"openingHoursSpecification":[{"@type":"OpeningHoursSpecification","dayOfWeek":["Monday","Tuesday","Wednesday","Thursday","Friday","Saturday","Sunday"],"opens":"09:00","closes":"17:00"}],"email":"info@recambiosecogas.com","faxNumber":"SEGIMON AUTOMOCION SL","vatID":"ESB19819861","globalLocationNumber":"938 616 339"},{"@type":"PostalAddress","@id":"https:\/\/recambiosecogas.com\/it\/producto\/rotarex-dimes-wave-bluetooth-pantalla-remota-para-cilindros-de-gas-recargables-con-multivalvula\/#local-main-place-address","streetAddress":"cami antic de vic, 29 (Nave 3), Pol\u00edgono Industrial Congost","addressLocality":"CORRO D`AVALL","postalCode":"08520","addressRegion":"Barcelona","addressCountry":"ES"},{"@type":"ImageObject","inLanguage":"it-IT","@id":"https:\/\/recambiosecogas.com\/it\/producto\/rotarex-dimes-wave-bluetooth-pantalla-remota-para-cilindros-de-gas-recargables-con-multivalvula\/#local-main-organization-logo","url":"https:\/\/recambiosecogas.com\/wp-content\/uploads\/2024\/11\/cropped-RECAMBIOS-GLP-png.webp","contentUrl":"https:\/\/recambiosecogas.com\/wp-content\/uploads\/2024\/11\/cropped-RECAMBIOS-GLP-png.webp","width":512,"height":512,"caption":"Recambios EcoGas"}]},"product_brand":"ALUGAS","product_price_amount":"186.20","product_price_currency":"EUR","og_availability":"backorder","product_availability":"available for order","product_retailer_item_id":"108372","product_condition":"new","geo.placename":"CORRO D`AVALL","geo.region":"Spagna"},"uagb_featured_image_src":{"full":["https:\/\/recambiosecogas.com\/wp-content\/uploads\/2025\/01\/Rotarex-Dimes-WAVE-bluetooth-pantalla-remota-para-cilindros-de-gas-recargables-con-multivalvula-1-png.webp",1000,1000,false],"thumbnail":["https:\/\/recambiosecogas.com\/wp-content\/uploads\/2025\/01\/Rotarex-Dimes-WAVE-bluetooth-pantalla-remota-para-cilindros-de-gas-recargables-con-multivalvula-1-150x150.webp",150,150,true],"medium":["https:\/\/recambiosecogas.com\/wp-content\/uploads\/2025\/01\/Rotarex-Dimes-WAVE-bluetooth-pantalla-remota-para-cilindros-de-gas-recargables-con-multivalvula-1-300x300.webp",300,300,true],"medium_large":["https:\/\/recambiosecogas.com\/wp-content\/uploads\/2025\/01\/Rotarex-Dimes-WAVE-bluetooth-pantalla-remota-para-cilindros-de-gas-recargables-con-multivalvula-1-768x768.webp",768,768,true],"large":["https:\/\/recambiosecogas.com\/wp-content\/uploads\/2025\/01\/Rotarex-Dimes-WAVE-bluetooth-pantalla-remota-para-cilindros-de-gas-recargables-con-multivalvula-1-png.webp",1000,1000,false],"1536x1536":["https:\/\/recambiosecogas.com\/wp-content\/uploads\/2025\/01\/Rotarex-Dimes-WAVE-bluetooth-pantalla-remota-para-cilindros-de-gas-recargables-con-multivalvula-1-png.webp",1000,1000,false],"2048x2048":["https:\/\/recambiosecogas.com\/wp-content\/uploads\/2025\/01\/Rotarex-Dimes-WAVE-bluetooth-pantalla-remota-para-cilindros-de-gas-recargables-con-multivalvula-1-png.webp",1000,1000,false],"woocommerce_archive_thumbnail":["https:\/\/recambiosecogas.com\/wp-content\/uploads\/2025\/01\/Rotarex-Dimes-WAVE-bluetooth-pantalla-remota-para-cilindros-de-gas-recargables-con-multivalvula-1-png.webp",1000,1000,false],"woocommerce_thumbnail":["https:\/\/recambiosecogas.com\/wp-content\/uploads\/2025\/01\/Rotarex-Dimes-WAVE-bluetooth-pantalla-remota-para-cilindros-de-gas-recargables-con-multivalvula-1-300x300.webp",300,300,true],"woocommerce_single":["https:\/\/recambiosecogas.com\/wp-content\/uploads\/2025\/01\/Rotarex-Dimes-WAVE-bluetooth-pantalla-remota-para-cilindros-de-gas-recargables-con-multivalvula-1-png.webp",1000,1000,false],"woocommerce_gallery_thumbnail":["https:\/\/recambiosecogas.com\/wp-content\/uploads\/2025\/01\/Rotarex-Dimes-WAVE-bluetooth-pantalla-remota-para-cilindros-de-gas-recargables-con-multivalvula-1-png.webp",1000,1000,false],"dgwt-wcas-product-suggestion":["https:\/\/recambiosecogas.com\/wp-content\/uploads\/2025\/01\/Rotarex-Dimes-WAVE-bluetooth-pantalla-remota-para-cilindros-de-gas-recargables-con-multivalvula-1-64x64.webp",64,64,true]},"uagb_author_info":{"display_name":"Fran - Soporte T\u00e9cnico","author_link":"https:\/\/recambiosecogas.com\/it\/author\/"},"uagb_comment_info":0,"uagb_excerpt":"Indicador remoto Bluetooth Rotarex Dimes WAVE para cilindros de gas, permite controlar el nivel de llenado desde su smartphone de forma f\u00e1cil y c\u00f3moda.","_links":{"self":[{"href":"https:\/\/recambiosecogas.com\/it\/wp-json\/wp\/v2\/product\/14541","targetHints":{"allow":["GET"]}}],"collection":[{"href":"https:\/\/recambiosecogas.com\/it\/wp-json\/wp\/v2\/product"}],"about":[{"href":"https:\/\/recambiosecogas.com\/it\/wp-json\/wp\/v2\/types\/product"}],"replies":[{"embeddable":true,"href":"https:\/\/recambiosecogas.com\/it\/wp-json\/wp\/v2\/comments?post=14541"}],"wp:featuredmedia":[{"embeddable":true,"href":"https:\/\/recambiosecogas.com\/it\/wp-json\/wp\/v2\/media\/17111"}],"wp:attachment":[{"href":"https:\/\/recambiosecogas.com\/it\/wp-json\/wp\/v2\/media?parent=14541"}],"wp:term":[{"taxonomy":"product_brand","embeddable":true,"href":"https:\/\/recambiosecogas.com\/it\/wp-json\/wp\/v2\/product_brand?post=14541"},{"taxonomy":"product_cat","embeddable":true,"href":"https:\/\/recambiosecogas.com\/it\/wp-json\/wp\/v2\/product_cat?post=14541"},{"taxonomy":"product_tag","embeddable":true,"href":"https:\/\/recambiosecogas.com\/it\/wp-json\/wp\/v2\/product_tag?post=14541"}],"curies":[{"name":"wp","href":"https:\/\/api.w.org\/{rel}","templated":true}]}}