{"id":14523,"date":"2025-01-14T18:43:05","date_gmt":"2025-01-14T17:43:05","guid":{"rendered":"https:\/\/recambiosecogas.com\/producto\/gok-soporte-para-caramatic-connectclean-sv\/"},"modified":"2026-03-31T11:00:41","modified_gmt":"2026-03-31T10:00:41","slug":"gok-soporte-para-caramatic-connectclean-sv","status":"publish","type":"product","link":"https:\/\/recambiosecogas.com\/it\/producto\/gok-soporte-para-caramatic-connectclean-sv\/","title":{"rendered":"GOK Soporte para Caramatic ConnectClean SV"},"content":{"rendered":"<section class=\"pb-6 px-4 lg:px-0\" data-product-section=\"description\">\n<div class=\"w-full font-opensans-regular mt-4 lg:mt-6 leading-6 lg:leading-7\">\n<div class=\"w-full\">El filtro de gas GOK Caramatic ConnectClean mantiene limpia la instalaci\u00f3n de gas. Este filtro se monta de forma muy sencilla delante del regulador de presi\u00f3n y filtra residuos de evaporaci\u00f3n de la corriente de gas para que no obstruyan el regulador. Ideal de usar con un sistema Truma Duo Control o GOK Caramatic. El cartucho del filtro es f\u00e1cil de cambiar.<\/div>\n<\/div>\n<\/section>\n<section class=\"pb-6 px-4 lg:px-0\" data-product-section=\"additional\">\n<div class=\"mb-2 lg:mt-4 lg:mb-6 hidden lg:block\">\n<h3 class=\"leading-8 font-opensans-bold lg:text-black\">Especificaciones<\/h3>\n<\/div>\n<div class=\"w-full font-opensans-regular mt-4 lg:mt-6 leading-6 lg:leading-7\">\n<div class=\"w-full\">\n<div id=\"product-attribute-specs-table\" class=\"data additional-attributes leading-7\">\n<div class=\"attr-group\" style=\"box-sizing: border-box; border: 0px solid #e5e7eb; --tw-border-spacing-x: 0; --tw-border-spacing-y: 0; --tw-translate-x: 0; --tw-translate-y: 0; --tw-rotate: 0; --tw-skew-x: 0; --tw-skew-y: 0; --tw-scale-x: 1; --tw-scale-y: 1; --tw-scroll-snap-strictness: proximity; --tw-ring-offset-width: 0px; --tw-ring-offset-color: #fff; --tw-ring-color: #3b82f680; --tw-ring-offset-shadow: 0 0 #0000; --tw-ring-shadow: 0 0 #0000; --tw-shadow: 0 0 #0000; --tw-shadow-colored: 0 0 #0000;\">\n<div class=\"attr-group-header py-[10px] border-b border-blue-lighter cursor-pointer flex justify-between leading-6 lg:leading-7\"><span class=\"font-opensans-bold\">Especificaciones generales<\/span><\/div>\n<div class=\"attr-group-content\">\n<div class=\"attribute-row p-[10px] flex items-start gap-5 leading-6 lg:leading-7 even\">\n<div class=\"data-header w-1\/2 md:w-[230px] flex items-start gap-1.5\">N\u00famero de art\u00edculo<\/div>\n<div id=\"sku\" class=\"data-body w-1\/2\">551794<\/div>\n<\/div>\n<div class=\"attribute-row p-[10px] flex items-start gap-5 leading-6 lg:leading-7\">\n<div class=\"data-header w-1\/2 md:w-[230px] flex items-start gap-1.5\">EAN<\/div>\n<div id=\"barcode\" class=\"data-body w-1\/2\">4045659504680<\/div>\n<\/div>\n<div class=\"attribute-row p-[10px] flex items-start gap-5 leading-6 lg:leading-7 even\">\n<div class=\"data-header w-1\/2 md:w-[230px] flex items-start gap-1.5\">N\u00famero de art\u00edculo del fabricante<\/div>\n<div id=\"mpn\" class=\"data-body w-1\/2\">0410131<\/div>\n<\/div>\n<div class=\"attribute-row p-[10px] flex items-start gap-5 leading-6 lg:leading-7\">\n<div class=\"data-header w-1\/2 md:w-[230px] flex items-start gap-1.5\">Marca<\/div>\n<div id=\"brand\" class=\"data-body w-1\/2\">GOK<\/div>\n<\/div>\n<\/div>\n<\/div>\n<div class=\"attr-group\" style=\"box-sizing: border-box; border: 0px solid #e5e7eb; --tw-border-spacing-x: 0; --tw-border-spacing-y: 0; --tw-translate-x: 0; --tw-translate-y: 0; --tw-rotate: 0; --tw-skew-x: 0; --tw-skew-y: 0; --tw-scale-x: 1; --tw-scale-y: 1; --tw-scroll-snap-strictness: proximity; --tw-ring-offset-width: 0px; --tw-ring-offset-color: #fff; --tw-ring-color: #3b82f680; --tw-ring-offset-shadow: 0 0 #0000; --tw-ring-shadow: 0 0 #0000; --tw-shadow: 0 0 #0000; --tw-shadow-colored: 0 0 #0000;\">\n<div class=\"attr-group-header py-[10px] border-b border-blue-lighter cursor-pointer flex justify-between leading-6 lg:leading-7\"><span class=\"font-opensans-bold\">Especificaciones f\u00edsicas<\/span><\/div>\n<div class=\"attr-group-content\">\n<div class=\"attribute-row p-[10px] flex items-start gap-5 leading-6 lg:leading-7 even\">\n<div class=\"data-header w-1\/2 md:w-[230px] flex items-start gap-1.5\">Color<\/div>\n<div id=\"color_specification\" class=\"data-body w-1\/2\">Gris<\/div>\n<\/div>\n<\/div>\n<\/div>\n<div class=\"attr-group\" style=\"box-sizing: border-box; border: 0px solid #e5e7eb; --tw-border-spacing-x: 0; --tw-border-spacing-y: 0; --tw-translate-x: 0; --tw-translate-y: 0; --tw-rotate: 0; --tw-skew-x: 0; --tw-skew-y: 0; --tw-scale-x: 1; --tw-scale-y: 1; --tw-scroll-snap-strictness: proximity; --tw-ring-offset-width: 0px; --tw-ring-offset-color: #fff; --tw-ring-color: #3b82f680; --tw-ring-offset-shadow: 0 0 #0000; --tw-ring-shadow: 0 0 #0000; --tw-shadow: 0 0 #0000; --tw-shadow-colored: 0 0 #0000;\">\n<div class=\"attr-group-header py-[10px] border-b border-blue-lighter cursor-pointer flex justify-between leading-6 lg:leading-7\"><span class=\"font-opensans-bold\">Especificaciones t\u00e9cnicas<\/span><\/div>\n<div class=\"attr-group-content\">\n<div class=\"attribute-row p-[10px] flex items-start gap-5 leading-6 lg:leading-7 even\">\n<div class=\"data-header w-1\/2 md:w-[230px] flex items-start gap-1.5\">Tipo conexi\u00f3n de entrada<\/div>\n<div id=\"connection_input_type\" class=\"data-body w-1\/2\">Rosca interna M20 x 1.5<\/div>\n<\/div>\n<div class=\"attribute-row p-[10px] flex items-start gap-5 leading-6 lg:leading-7\">\n<div class=\"data-header w-1\/2 md:w-[230px] flex items-start gap-1.5\">Tipo conexi\u00f3n de salida<\/div>\n<div id=\"connection_output_type\" class=\"data-body w-1\/2\">Rosca exrna M20 x 1.5<\/div>\n<\/div>\n<div class=\"attribute-row p-[10px] flex items-start gap-5 leading-6 lg:leading-7 even\">\n<div class=\"data-header w-1\/2 md:w-[230px] flex items-start gap-1.5\">Tipo de gas<\/div>\n<div id=\"gas_type\" class=\"data-body w-1\/2\">Butano, GLP, Propano<\/div>\n<\/div>\n<\/div>\n<\/div>\n<div class=\"attr-group\" style=\"box-sizing: border-box; border: 0px solid #e5e7eb; --tw-border-spacing-x: 0; --tw-border-spacing-y: 0; --tw-translate-x: 0; --tw-translate-y: 0; --tw-rotate: 0; --tw-skew-x: 0; --tw-skew-y: 0; --tw-scale-x: 1; --tw-scale-y: 1; --tw-scroll-snap-strictness: proximity; --tw-ring-offset-width: 0px; --tw-ring-offset-color: #fff; --tw-ring-color: #3b82f680; --tw-ring-offset-shadow: 0 0 #0000; --tw-ring-shadow: 0 0 #0000; --tw-shadow: 0 0 #0000; --tw-shadow-colored: 0 0 #0000;\">\n<div class=\"attr-group-header py-[10px] border-b border-blue-lighter cursor-pointer flex justify-between leading-6 lg:leading-7\"><span class=\"font-opensans-bold\">Especificaciones de material<\/span><\/div>\n<div class=\"attr-group-content\">\n<div class=\"attribute-row p-[10px] flex items-start gap-5 leading-6 lg:leading-7 even\">\n<div class=\"data-header w-1\/2 md:w-[230px] flex items-start gap-1.5\">Material<\/div>\n<div id=\"material_primary\" class=\"data-body w-1\/2\">Aluminio<\/div>\n<\/div>\n<\/div>\n<\/div>\n<\/div>\n<\/div>\n<\/div>\n<\/section>\n<p>El filtro de gas GOK Caramatic ConnectClean es fundamental para garantizar un rendimiento \u00f3ptimo en sistemas de Autogas. Al instalar este filtro, se previene la acumulaci\u00f3n de impurezas que pueden afectar el funcionamiento del regulador de presi\u00f3n. Este filtro es compatible con sistemas como el Truma Duo Control y el GOK Caramatic, asegurando un flujo de gas limpio y eficiente. Mantener el sistema de gas libre de obstrucciones no solo mejora la seguridad, sino que tambi\u00e9n prolonga la vida \u00fatil de los componentes del sistema, evitando costosas reparaciones y garantizando un funcionamiento confiable en todo momento.<\/p>\n","protected":false},"excerpt":{"rendered":"<p>Filtro de gas GOK Caramatic ConnectClean, ideal para mantener limpia la instalaci\u00f3n de gas en sistemas de Autogas.<\/p>\n","protected":false},"featured_media":17154,"comment_status":"open","ping_status":"closed","template":"","meta":{"googlesitekit_rrm_CAowud7EDA:productID":"","_uag_custom_page_level_css":""},"product_brand":[991,992],"product_cat":[447],"product_tag":[],"class_list":{"0":"post-14523","1":"product","2":"type-product","3":"status-publish","4":"has-post-thumbnail","6":"product_brand-gok","7":"product_brand-truma","8":"product_cat-accesorios-recambios-distribuidores-filtros-de-gas-autocaravanas","10":"first","11":"onbackorder","12":"taxable","13":"shipping-taxable","14":"purchasable","15":"product-type-simple"},"ct_brands":[{"id":991,"name":"GOK","slug":"gok"},{"id":992,"name":"TRUMA","slug":"truma"}],"yoast_head":"<!-- This site is optimized with the Yoast SEO Premium plugin v27.3 (Yoast SEO v27.3) - https:\/\/yoast.com\/product\/yoast-seo-premium-wordpress\/ -->\n<title>Filtro de gas GOK Caramatic ConnectClean | Recambios Ecogas<\/title>\n<meta name=\"description\" content=\"El filtro de gas GOK Caramatic ConnectClean asegura un flujo limpio en sistemas de Autogas, ideal para Truma Duo Control y GOK Caramatic.\" \/>\n<meta name=\"robots\" content=\"index, follow, max-snippet:-1, max-image-preview:large, max-video-preview:-1\" \/>\n<link rel=\"canonical\" href=\"https:\/\/recambiosecogas.com\/it\/producto\/gok-soporte-para-caramatic-connectclean-sv\/\" \/>\n<meta property=\"og:locale\" content=\"it_IT\" \/>\n<meta property=\"og:type\" content=\"article\" \/>\n<meta property=\"og:title\" content=\"GOK Soporte para Caramatic ConnectClean SV\" \/>\n<meta property=\"og:description\" content=\"El filtro de gas GOK Caramatic ConnectClean asegura un flujo limpio en sistemas de Autogas, ideal para Truma Duo Control y GOK Caramatic.\" \/>\n<meta property=\"og:url\" content=\"https:\/\/recambiosecogas.com\/it\/producto\/gok-soporte-para-caramatic-connectclean-sv\/\" \/>\n<meta property=\"og:site_name\" content=\"Recambios EcoGas\" \/>\n<meta property=\"article:publisher\" content=\"https:\/\/www.facebook.com\/profile.php?id=100062419705358\" \/>\n<meta property=\"article:modified_time\" content=\"2026-03-31T10:00:41+00:00\" \/>\n<meta property=\"og:image\" content=\"https:\/\/recambiosecogas.com\/wp-content\/uploads\/2025\/01\/GOK-Soporte-para-Caramatic-ConnectClean-SV-1-png.webp\" \/>\n\t<meta property=\"og:image:width\" content=\"1000\" \/>\n\t<meta property=\"og:image:height\" content=\"1000\" \/>\n\t<meta property=\"og:image:type\" content=\"image\/png\" \/>\n<meta name=\"twitter:card\" content=\"summary_large_image\" \/>\n<meta name=\"twitter:label1\" content=\"Prezzo\" \/>\n\t<meta name=\"twitter:data1\" content=\"8,25&nbsp;&euro; (IVA incl.: 9,99&nbsp;&euro;)\" \/>\n\t<meta name=\"twitter:label2\" content=\"Disponibilit\u00e0\" \/>\n\t<meta name=\"twitter:data2\" content=\"Su ordinazione\" \/>\n<script type=\"application\/ld+json\" class=\"yoast-schema-graph\">{\"@context\":\"https:\\\/\\\/schema.org\",\"@graph\":[{\"@type\":\"WebPage\",\"@id\":\"https:\\\/\\\/recambiosecogas.com\\\/it\\\/producto\\\/gok-soporte-para-caramatic-connectclean-sv\\\/\",\"url\":\"https:\\\/\\\/recambiosecogas.com\\\/it\\\/producto\\\/gok-soporte-para-caramatic-connectclean-sv\\\/\",\"name\":\"Filtro de gas GOK Caramatic ConnectClean | Recambios Ecogas\",\"isPartOf\":{\"@id\":\"https:\\\/\\\/recambiosecogas.com\\\/it\\\/#website\"},\"primaryImageOfPage\":{\"@id\":\"https:\\\/\\\/recambiosecogas.com\\\/it\\\/producto\\\/gok-soporte-para-caramatic-connectclean-sv\\\/#primaryimage\"},\"image\":{\"@id\":\"https:\\\/\\\/recambiosecogas.com\\\/it\\\/producto\\\/gok-soporte-para-caramatic-connectclean-sv\\\/#primaryimage\"},\"thumbnailUrl\":\"https:\\\/\\\/recambiosecogas.com\\\/wp-content\\\/uploads\\\/2025\\\/01\\\/GOK-Soporte-para-Caramatic-ConnectClean-SV-1-png.webp\",\"datePublished\":\"2025-01-14T17:43:05+00:00\",\"dateModified\":\"2026-03-31T10:00:41+00:00\",\"description\":\"El filtro de gas GOK Caramatic ConnectClean asegura un flujo limpio en sistemas de Autogas, ideal para Truma Duo Control y GOK Caramatic.\",\"breadcrumb\":{\"@id\":\"https:\\\/\\\/recambiosecogas.com\\\/it\\\/producto\\\/gok-soporte-para-caramatic-connectclean-sv\\\/#breadcrumb\"},\"inLanguage\":\"it-IT\",\"potentialAction\":[{\"@type\":\"ReadAction\",\"target\":[\"https:\\\/\\\/recambiosecogas.com\\\/it\\\/producto\\\/gok-soporte-para-caramatic-connectclean-sv\\\/\"]}]},{\"@type\":\"ImageObject\",\"inLanguage\":\"it-IT\",\"@id\":\"https:\\\/\\\/recambiosecogas.com\\\/it\\\/producto\\\/gok-soporte-para-caramatic-connectclean-sv\\\/#primaryimage\",\"url\":\"https:\\\/\\\/recambiosecogas.com\\\/wp-content\\\/uploads\\\/2025\\\/01\\\/GOK-Soporte-para-Caramatic-ConnectClean-SV-1-png.webp\",\"contentUrl\":\"https:\\\/\\\/recambiosecogas.com\\\/wp-content\\\/uploads\\\/2025\\\/01\\\/GOK-Soporte-para-Caramatic-ConnectClean-SV-1-png.webp\",\"width\":1000,\"height\":1000},{\"@type\":\"BreadcrumbList\",\"@id\":\"https:\\\/\\\/recambiosecogas.com\\\/it\\\/producto\\\/gok-soporte-para-caramatic-connectclean-sv\\\/#breadcrumb\",\"itemListElement\":[{\"@type\":\"ListItem\",\"position\":1,\"name\":\"Portada\",\"item\":\"https:\\\/\\\/recambiosecogas.com\\\/it\\\/\"},{\"@type\":\"ListItem\",\"position\":2,\"name\":\"Negozio\",\"item\":\"https:\\\/\\\/recambiosecogas.com\\\/it\\\/?page_id=46382\"},{\"@type\":\"ListItem\",\"position\":3,\"name\":\"GOK Soporte para Caramatic ConnectClean SV\"}]},{\"@type\":\"WebSite\",\"@id\":\"https:\\\/\\\/recambiosecogas.com\\\/it\\\/#website\",\"url\":\"https:\\\/\\\/recambiosecogas.com\\\/it\\\/\",\"name\":\"Recambios EcoGas\",\"description\":\"Recambios Multimarca para sistemas de GLP\\\/GNC\\\/GNL\\\/Hidr\u00f3geno\",\"publisher\":{\"@id\":\"https:\\\/\\\/recambiosecogas.com\\\/it\\\/#organization\"},\"alternateName\":\"Recambios Autogas GLP\",\"potentialAction\":[{\"@type\":\"SearchAction\",\"target\":{\"@type\":\"EntryPoint\",\"urlTemplate\":\"https:\\\/\\\/recambiosecogas.com\\\/it\\\/?s={search_term_string}\"},\"query-input\":{\"@type\":\"PropertyValueSpecification\",\"valueRequired\":true,\"valueName\":\"search_term_string\"}}],\"inLanguage\":\"it-IT\"},{\"@type\":[\"Organization\",\"Place\"],\"@id\":\"https:\\\/\\\/recambiosecogas.com\\\/it\\\/#organization\",\"name\":\"Recambios EcoGas\",\"alternateName\":\"Tienda Online GLP Espa\u00f1a\",\"url\":\"https:\\\/\\\/recambiosecogas.com\\\/it\\\/\",\"logo\":{\"@id\":\"https:\\\/\\\/recambiosecogas.com\\\/it\\\/producto\\\/gok-soporte-para-caramatic-connectclean-sv\\\/#local-main-organization-logo\"},\"image\":{\"@id\":\"https:\\\/\\\/recambiosecogas.com\\\/it\\\/producto\\\/gok-soporte-para-caramatic-connectclean-sv\\\/#local-main-organization-logo\"},\"sameAs\":[\"https:\\\/\\\/www.facebook.com\\\/profile.php?id=100062419705358\",\"https:\\\/\\\/www.instagram.com\\\/segimon_automocio\"],\"description\":\"Recambios EcoGas \u2013 Venta y distribuci\u00f3n de sistemas GLP y GNC en Espa\u00f1a y Portugal. Env\u00edos 24 h, soporte t\u00e9cnico a talleres y distribuidores.\",\"hasMerchantReturnPolicy\":{\"@type\":\"MerchantReturnPolicy\",\"merchantReturnLink\":\"https:\\\/\\\/recambiosecogas.com\\\/politicas-privacidad\\\/\"},\"address\":{\"@id\":\"https:\\\/\\\/recambiosecogas.com\\\/it\\\/producto\\\/gok-soporte-para-caramatic-connectclean-sv\\\/#local-main-place-address\"},\"telephone\":[\"616250633\"],\"contactPoint\":{\"@type\":\"ContactPoint\",\"email\":\"export@recambiosecogas.com\"},\"openingHoursSpecification\":[{\"@type\":\"OpeningHoursSpecification\",\"dayOfWeek\":[\"Monday\",\"Tuesday\",\"Wednesday\",\"Thursday\",\"Friday\",\"Saturday\",\"Sunday\"],\"opens\":\"09:00\",\"closes\":\"17:00\"}],\"email\":\"info@recambiosecogas.com\",\"faxNumber\":\"SEGIMON AUTOMOCION SL\",\"vatID\":\"ESB19819861\",\"globalLocationNumber\":\"938 616 339\"},{\"@type\":\"PostalAddress\",\"@id\":\"https:\\\/\\\/recambiosecogas.com\\\/it\\\/producto\\\/gok-soporte-para-caramatic-connectclean-sv\\\/#local-main-place-address\",\"streetAddress\":\"cami antic de vic, 29 (Nave 3), Pol\u00edgono Industrial Congost\",\"addressLocality\":\"CORRO D`AVALL\",\"postalCode\":\"08520\",\"addressRegion\":\"Barcelona\",\"addressCountry\":\"ES\"},{\"@type\":\"ImageObject\",\"inLanguage\":\"it-IT\",\"@id\":\"https:\\\/\\\/recambiosecogas.com\\\/it\\\/producto\\\/gok-soporte-para-caramatic-connectclean-sv\\\/#local-main-organization-logo\",\"url\":\"https:\\\/\\\/recambiosecogas.com\\\/wp-content\\\/uploads\\\/2024\\\/11\\\/cropped-RECAMBIOS-GLP-png.webp\",\"contentUrl\":\"https:\\\/\\\/recambiosecogas.com\\\/wp-content\\\/uploads\\\/2024\\\/11\\\/cropped-RECAMBIOS-GLP-png.webp\",\"width\":512,\"height\":512,\"caption\":\"Recambios EcoGas\"}]}<\/script>\n<meta property=\"product:brand\" content=\"GOK\" \/>\n<meta property=\"product:price:amount\" content=\"8.25\" \/>\n<meta property=\"product:price:currency\" content=\"EUR\" \/>\n<meta property=\"og:availability\" content=\"backorder\" \/>\n<meta property=\"product:availability\" content=\"available for order\" \/>\n<meta property=\"product:retailer_item_id\" content=\"119207A\" \/>\n<meta property=\"product:condition\" content=\"new\" \/>\n<meta name=\"geo.placename\" content=\"CORRO D`AVALL\" \/>\n<meta name=\"geo.region\" content=\"Spagna\" \/>\n<!-- \/ Yoast SEO Premium plugin. -->","yoast_head_json":{"title":"Filtro de gas GOK Caramatic ConnectClean | Recambios Ecogas","description":"El filtro de gas GOK Caramatic ConnectClean asegura un flujo limpio en sistemas de Autogas, ideal para Truma Duo Control y GOK Caramatic.","robots":{"index":"index","follow":"follow","max-snippet":"max-snippet:-1","max-image-preview":"max-image-preview:large","max-video-preview":"max-video-preview:-1"},"canonical":"https:\/\/recambiosecogas.com\/it\/producto\/gok-soporte-para-caramatic-connectclean-sv\/","og_locale":"it_IT","og_type":"article","og_title":"GOK Soporte para Caramatic ConnectClean SV","og_description":"El filtro de gas GOK Caramatic ConnectClean asegura un flujo limpio en sistemas de Autogas, ideal para Truma Duo Control y GOK Caramatic.","og_url":"https:\/\/recambiosecogas.com\/it\/producto\/gok-soporte-para-caramatic-connectclean-sv\/","og_site_name":"Recambios EcoGas","article_publisher":"https:\/\/www.facebook.com\/profile.php?id=100062419705358","article_modified_time":"2026-03-31T10:00:41+00:00","og_image":[{"width":1000,"height":1000,"url":"https:\/\/recambiosecogas.com\/wp-content\/uploads\/2025\/01\/GOK-Soporte-para-Caramatic-ConnectClean-SV-1-png.webp","type":"image\/png"}],"twitter_card":"summary_large_image","twitter_misc":{"Prezzo":"8,25&nbsp;&euro; (IVA incl.: 9,99&nbsp;&euro;)","Disponibilit\u00e0":"Su ordinazione"},"schema":{"@context":"https:\/\/schema.org","@graph":[{"@type":"WebPage","@id":"https:\/\/recambiosecogas.com\/it\/producto\/gok-soporte-para-caramatic-connectclean-sv\/","url":"https:\/\/recambiosecogas.com\/it\/producto\/gok-soporte-para-caramatic-connectclean-sv\/","name":"Filtro de gas GOK Caramatic ConnectClean | Recambios Ecogas","isPartOf":{"@id":"https:\/\/recambiosecogas.com\/it\/#website"},"primaryImageOfPage":{"@id":"https:\/\/recambiosecogas.com\/it\/producto\/gok-soporte-para-caramatic-connectclean-sv\/#primaryimage"},"image":{"@id":"https:\/\/recambiosecogas.com\/it\/producto\/gok-soporte-para-caramatic-connectclean-sv\/#primaryimage"},"thumbnailUrl":"https:\/\/recambiosecogas.com\/wp-content\/uploads\/2025\/01\/GOK-Soporte-para-Caramatic-ConnectClean-SV-1-png.webp","datePublished":"2025-01-14T17:43:05+00:00","dateModified":"2026-03-31T10:00:41+00:00","description":"El filtro de gas GOK Caramatic ConnectClean asegura un flujo limpio en sistemas de Autogas, ideal para Truma Duo Control y GOK Caramatic.","breadcrumb":{"@id":"https:\/\/recambiosecogas.com\/it\/producto\/gok-soporte-para-caramatic-connectclean-sv\/#breadcrumb"},"inLanguage":"it-IT","potentialAction":[{"@type":"ReadAction","target":["https:\/\/recambiosecogas.com\/it\/producto\/gok-soporte-para-caramatic-connectclean-sv\/"]}]},{"@type":"ImageObject","inLanguage":"it-IT","@id":"https:\/\/recambiosecogas.com\/it\/producto\/gok-soporte-para-caramatic-connectclean-sv\/#primaryimage","url":"https:\/\/recambiosecogas.com\/wp-content\/uploads\/2025\/01\/GOK-Soporte-para-Caramatic-ConnectClean-SV-1-png.webp","contentUrl":"https:\/\/recambiosecogas.com\/wp-content\/uploads\/2025\/01\/GOK-Soporte-para-Caramatic-ConnectClean-SV-1-png.webp","width":1000,"height":1000},{"@type":"BreadcrumbList","@id":"https:\/\/recambiosecogas.com\/it\/producto\/gok-soporte-para-caramatic-connectclean-sv\/#breadcrumb","itemListElement":[{"@type":"ListItem","position":1,"name":"Portada","item":"https:\/\/recambiosecogas.com\/it\/"},{"@type":"ListItem","position":2,"name":"Negozio","item":"https:\/\/recambiosecogas.com\/it\/?page_id=46382"},{"@type":"ListItem","position":3,"name":"GOK Soporte para Caramatic ConnectClean SV"}]},{"@type":"WebSite","@id":"https:\/\/recambiosecogas.com\/it\/#website","url":"https:\/\/recambiosecogas.com\/it\/","name":"Recambios EcoGas","description":"Recambios Multimarca para sistemas de GLP\/GNC\/GNL\/Hidr\u00f3geno","publisher":{"@id":"https:\/\/recambiosecogas.com\/it\/#organization"},"alternateName":"Recambios Autogas GLP","potentialAction":[{"@type":"SearchAction","target":{"@type":"EntryPoint","urlTemplate":"https:\/\/recambiosecogas.com\/it\/?s={search_term_string}"},"query-input":{"@type":"PropertyValueSpecification","valueRequired":true,"valueName":"search_term_string"}}],"inLanguage":"it-IT"},{"@type":["Organization","Place"],"@id":"https:\/\/recambiosecogas.com\/it\/#organization","name":"Recambios EcoGas","alternateName":"Tienda Online GLP Espa\u00f1a","url":"https:\/\/recambiosecogas.com\/it\/","logo":{"@id":"https:\/\/recambiosecogas.com\/it\/producto\/gok-soporte-para-caramatic-connectclean-sv\/#local-main-organization-logo"},"image":{"@id":"https:\/\/recambiosecogas.com\/it\/producto\/gok-soporte-para-caramatic-connectclean-sv\/#local-main-organization-logo"},"sameAs":["https:\/\/www.facebook.com\/profile.php?id=100062419705358","https:\/\/www.instagram.com\/segimon_automocio"],"description":"Recambios EcoGas \u2013 Venta y distribuci\u00f3n de sistemas GLP y GNC en Espa\u00f1a y Portugal. Env\u00edos 24 h, soporte t\u00e9cnico a talleres y distribuidores.","hasMerchantReturnPolicy":{"@type":"MerchantReturnPolicy","merchantReturnLink":"https:\/\/recambiosecogas.com\/politicas-privacidad\/"},"address":{"@id":"https:\/\/recambiosecogas.com\/it\/producto\/gok-soporte-para-caramatic-connectclean-sv\/#local-main-place-address"},"telephone":["616250633"],"contactPoint":{"@type":"ContactPoint","email":"export@recambiosecogas.com"},"openingHoursSpecification":[{"@type":"OpeningHoursSpecification","dayOfWeek":["Monday","Tuesday","Wednesday","Thursday","Friday","Saturday","Sunday"],"opens":"09:00","closes":"17:00"}],"email":"info@recambiosecogas.com","faxNumber":"SEGIMON AUTOMOCION SL","vatID":"ESB19819861","globalLocationNumber":"938 616 339"},{"@type":"PostalAddress","@id":"https:\/\/recambiosecogas.com\/it\/producto\/gok-soporte-para-caramatic-connectclean-sv\/#local-main-place-address","streetAddress":"cami antic de vic, 29 (Nave 3), Pol\u00edgono Industrial Congost","addressLocality":"CORRO D`AVALL","postalCode":"08520","addressRegion":"Barcelona","addressCountry":"ES"},{"@type":"ImageObject","inLanguage":"it-IT","@id":"https:\/\/recambiosecogas.com\/it\/producto\/gok-soporte-para-caramatic-connectclean-sv\/#local-main-organization-logo","url":"https:\/\/recambiosecogas.com\/wp-content\/uploads\/2024\/11\/cropped-RECAMBIOS-GLP-png.webp","contentUrl":"https:\/\/recambiosecogas.com\/wp-content\/uploads\/2024\/11\/cropped-RECAMBIOS-GLP-png.webp","width":512,"height":512,"caption":"Recambios EcoGas"}]},"product_brand":"GOK","product_price_amount":"8.25","product_price_currency":"EUR","og_availability":"backorder","product_availability":"available for order","product_retailer_item_id":"119207A","product_condition":"new","geo.placename":"CORRO D`AVALL","geo.region":"Spagna"},"uagb_featured_image_src":{"full":["https:\/\/recambiosecogas.com\/wp-content\/uploads\/2025\/01\/GOK-Soporte-para-Caramatic-ConnectClean-SV-1-png.webp",1000,1000,false],"thumbnail":["https:\/\/recambiosecogas.com\/wp-content\/uploads\/2025\/01\/GOK-Soporte-para-Caramatic-ConnectClean-SV-1-150x150.webp",150,150,true],"medium":["https:\/\/recambiosecogas.com\/wp-content\/uploads\/2025\/01\/GOK-Soporte-para-Caramatic-ConnectClean-SV-1-300x300.webp",300,300,true],"medium_large":["https:\/\/recambiosecogas.com\/wp-content\/uploads\/2025\/01\/GOK-Soporte-para-Caramatic-ConnectClean-SV-1-768x768.webp",768,768,true],"large":["https:\/\/recambiosecogas.com\/wp-content\/uploads\/2025\/01\/GOK-Soporte-para-Caramatic-ConnectClean-SV-1-png.webp",1000,1000,false],"1536x1536":["https:\/\/recambiosecogas.com\/wp-content\/uploads\/2025\/01\/GOK-Soporte-para-Caramatic-ConnectClean-SV-1-png.webp",1000,1000,false],"2048x2048":["https:\/\/recambiosecogas.com\/wp-content\/uploads\/2025\/01\/GOK-Soporte-para-Caramatic-ConnectClean-SV-1-png.webp",1000,1000,false],"woocommerce_archive_thumbnail":["https:\/\/recambiosecogas.com\/wp-content\/uploads\/2025\/01\/GOK-Soporte-para-Caramatic-ConnectClean-SV-1-png.webp",1000,1000,false],"woocommerce_thumbnail":["https:\/\/recambiosecogas.com\/wp-content\/uploads\/2025\/01\/GOK-Soporte-para-Caramatic-ConnectClean-SV-1-300x300.webp",300,300,true],"woocommerce_single":["https:\/\/recambiosecogas.com\/wp-content\/uploads\/2025\/01\/GOK-Soporte-para-Caramatic-ConnectClean-SV-1-png.webp",1000,1000,false],"woocommerce_gallery_thumbnail":["https:\/\/recambiosecogas.com\/wp-content\/uploads\/2025\/01\/GOK-Soporte-para-Caramatic-ConnectClean-SV-1-png.webp",1000,1000,false],"dgwt-wcas-product-suggestion":["https:\/\/recambiosecogas.com\/wp-content\/uploads\/2025\/01\/GOK-Soporte-para-Caramatic-ConnectClean-SV-1-64x64.webp",64,64,true]},"uagb_author_info":{"display_name":"Fran - Soporte T\u00e9cnico","author_link":"https:\/\/recambiosecogas.com\/it\/author\/"},"uagb_comment_info":0,"uagb_excerpt":"Filtro de gas GOK Caramatic ConnectClean, ideal para mantener limpia la instalaci\u00f3n de gas en sistemas de Autogas.","_links":{"self":[{"href":"https:\/\/recambiosecogas.com\/it\/wp-json\/wp\/v2\/product\/14523","targetHints":{"allow":["GET"]}}],"collection":[{"href":"https:\/\/recambiosecogas.com\/it\/wp-json\/wp\/v2\/product"}],"about":[{"href":"https:\/\/recambiosecogas.com\/it\/wp-json\/wp\/v2\/types\/product"}],"replies":[{"embeddable":true,"href":"https:\/\/recambiosecogas.com\/it\/wp-json\/wp\/v2\/comments?post=14523"}],"wp:featuredmedia":[{"embeddable":true,"href":"https:\/\/recambiosecogas.com\/it\/wp-json\/wp\/v2\/media\/17154"}],"wp:attachment":[{"href":"https:\/\/recambiosecogas.com\/it\/wp-json\/wp\/v2\/media?parent=14523"}],"wp:term":[{"taxonomy":"product_brand","embeddable":true,"href":"https:\/\/recambiosecogas.com\/it\/wp-json\/wp\/v2\/product_brand?post=14523"},{"taxonomy":"product_cat","embeddable":true,"href":"https:\/\/recambiosecogas.com\/it\/wp-json\/wp\/v2\/product_cat?post=14523"},{"taxonomy":"product_tag","embeddable":true,"href":"https:\/\/recambiosecogas.com\/it\/wp-json\/wp\/v2\/product_tag?post=14523"}],"curies":[{"name":"wp","href":"https:\/\/api.w.org\/{rel}","templated":true}]}}