{"id":14470,"date":"2025-01-14T18:42:36","date_gmt":"2025-01-14T17:42:36","guid":{"rendered":"https:\/\/recambiosecogas.com\/producto\/truma-juego-de-filtros-de-gas-glp-2-piezas-g-36-m20x15\/"},"modified":"2026-03-26T09:01:08","modified_gmt":"2026-03-26T08:01:08","slug":"truma-juego-de-filtros-de-gas-glp-2-piezas-g-36-m20x15","status":"publish","type":"product","link":"https:\/\/recambiosecogas.com\/it\/producto\/truma-juego-de-filtros-de-gas-glp-2-piezas-g-36-m20x15\/","title":{"rendered":"Truma Juego de filtros de gas GLP 2 piezas G.36 (M20x1,5)"},"content":{"rendered":"<p>El <strong>filtro de gas GLP Truma<\/strong> es un componente esencial dise\u00f1ado para instalar entre la manguera de gas de alta presi\u00f3n y el regulador de presi\u00f3n de gas en caravanas y autocaravanas. Su funci\u00f3n principal es proteger el sistema de gas de la contaminaci\u00f3n por aceite y part\u00edculas, asegurando un funcionamiento seguro y eficiente.<\/p>\n<p>Este filtro act\u00faa filtrando hasta el <strong>99,9%<\/strong> de los aerosoles que pueden contaminar el gas, evitando que las part\u00edculas aceitosas se depositen en los reguladores y los obstruyan. La estera filtrante, ubicada en el fondo del recipiente del filtro, se sustituye f\u00e1cilmente cada vez que se cambia la botella de gas, lo que garantiza una larga vida \u00fatil para el sistema de gas y todos los aparatos conectados.<\/p>\n<p>El dise\u00f1o del filtro permite una apertura r\u00e1pida y sin herramientas, facilitando la comprobaci\u00f3n y sustituci\u00f3n de los cartuchos o almohadillas. Adem\u00e1s, solo se puede abrir cuando la bombona de gas est\u00e1 cerrada, lo que a\u00f1ade un nivel extra de seguridad durante su mantenimiento.<\/p>\n<p>Este filtro es compacto y se adapta a cualquier caja de botellas de gas, as\u00ed como a todos los reguladores de presi\u00f3n de gas Truma montados en la pared o en el techo. Su instalaci\u00f3n es sencilla, lo que lo convierte en una opci\u00f3n pr\u00e1ctica para quienes buscan mantener la eficiencia de sus sistemas de gas en veh\u00edculos recreativos.<\/p>\n<p>En resumen, el filtro de gas GLP Truma no solo protege el sistema de gas, sino que tambi\u00e9n contribuye a un ahorro a largo plazo al permitir un uso m\u00e1s prolongado de las almohadillas filtrantes. Es una inversi\u00f3n inteligente para cualquier propietario de caravana o autocaravana que desee asegurar el correcto funcionamiento de su sistema de gas.<\/p>\n","protected":false},"excerpt":{"rendered":"<p>Filtro de gas GLP Truma, protege el sistema de gas de la contaminaci\u00f3n por aceite y part\u00edculas, ideal para caravanas y autocaravanas.<\/p>\n","protected":false},"featured_media":17279,"comment_status":"open","ping_status":"closed","template":"","meta":{"googlesitekit_rrm_CAowud7EDA:productID":"","_uag_custom_page_level_css":""},"product_brand":[992],"product_cat":[449],"product_tag":[],"class_list":{"0":"post-14470","1":"product","2":"type-product","3":"status-publish","4":"has-post-thumbnail","6":"product_brand-truma","7":"product_cat-filtros-para-sistemas-de-regulacion","9":"first","10":"onbackorder","11":"taxable","12":"shipping-taxable","13":"purchasable","14":"product-type-simple"},"ct_brands":[{"id":992,"name":"TRUMA","slug":"truma"}],"yoast_head":"<!-- This site is optimized with the Yoast SEO Premium plugin v27.3 (Yoast SEO v27.3) - https:\/\/yoast.com\/product\/yoast-seo-premium-wordpress\/ -->\n<title>Filtro de gas GLP Truma para Caravanas | Recambios Ecogas<\/title>\n<meta name=\"description\" content=\"Filtro de gas GLP Truma, protege el sistema de gas de la contaminaci\u00f3n por aceite y part\u00edculas, ideal para caravanas y autocaravanas.\" \/>\n<meta name=\"robots\" content=\"index, follow, max-snippet:-1, max-image-preview:large, max-video-preview:-1\" \/>\n<link rel=\"canonical\" href=\"https:\/\/recambiosecogas.com\/it\/producto\/truma-juego-de-filtros-de-gas-glp-2-piezas-g-36-m20x15\/\" \/>\n<meta property=\"og:locale\" content=\"it_IT\" \/>\n<meta property=\"og:type\" content=\"article\" \/>\n<meta property=\"og:title\" content=\"Truma Juego de filtros de gas GLP 2 piezas G.36 (M20x1,5)\" \/>\n<meta property=\"og:description\" content=\"Filtro de gas GLP Truma, protege el sistema de gas de la contaminaci\u00f3n por aceite y part\u00edculas, ideal para caravanas y autocaravanas.\" \/>\n<meta property=\"og:url\" content=\"https:\/\/recambiosecogas.com\/it\/producto\/truma-juego-de-filtros-de-gas-glp-2-piezas-g-36-m20x15\/\" \/>\n<meta property=\"og:site_name\" content=\"Recambios EcoGas\" \/>\n<meta property=\"article:publisher\" content=\"https:\/\/www.facebook.com\/profile.php?id=100062419705358\" \/>\n<meta property=\"article:modified_time\" content=\"2026-03-26T08:01:08+00:00\" \/>\n<meta property=\"og:image\" content=\"https:\/\/recambiosecogas.com\/wp-content\/uploads\/2025\/01\/Truma-Juego-de-filtros-de-gas-GLP-2-piezas-G.36-M20x15-png.webp\" \/>\n\t<meta property=\"og:image:width\" content=\"1000\" \/>\n\t<meta property=\"og:image:height\" content=\"1000\" \/>\n\t<meta property=\"og:image:type\" content=\"image\/png\" \/>\n<meta name=\"twitter:card\" content=\"summary_large_image\" \/>\n<meta name=\"twitter:label1\" content=\"Prezzo\" \/>\n\t<meta name=\"twitter:data1\" content=\"119,66&nbsp;&euro; (IVA incl.: 144,79&nbsp;&euro;)\" \/>\n\t<meta name=\"twitter:label2\" content=\"Disponibilit\u00e0\" \/>\n\t<meta name=\"twitter:data2\" content=\"Su ordinazione\" \/>\n<script type=\"application\/ld+json\" class=\"yoast-schema-graph\">{\"@context\":\"https:\\\/\\\/schema.org\",\"@graph\":[{\"@type\":\"WebPage\",\"@id\":\"https:\\\/\\\/recambiosecogas.com\\\/it\\\/producto\\\/truma-juego-de-filtros-de-gas-glp-2-piezas-g-36-m20x15\\\/\",\"url\":\"https:\\\/\\\/recambiosecogas.com\\\/it\\\/producto\\\/truma-juego-de-filtros-de-gas-glp-2-piezas-g-36-m20x15\\\/\",\"name\":\"Filtro de gas GLP Truma para Caravanas | Recambios Ecogas\",\"isPartOf\":{\"@id\":\"https:\\\/\\\/recambiosecogas.com\\\/it\\\/#website\"},\"primaryImageOfPage\":{\"@id\":\"https:\\\/\\\/recambiosecogas.com\\\/it\\\/producto\\\/truma-juego-de-filtros-de-gas-glp-2-piezas-g-36-m20x15\\\/#primaryimage\"},\"image\":{\"@id\":\"https:\\\/\\\/recambiosecogas.com\\\/it\\\/producto\\\/truma-juego-de-filtros-de-gas-glp-2-piezas-g-36-m20x15\\\/#primaryimage\"},\"thumbnailUrl\":\"https:\\\/\\\/recambiosecogas.com\\\/wp-content\\\/uploads\\\/2025\\\/01\\\/Truma-Juego-de-filtros-de-gas-GLP-2-piezas-G.36-M20x15-png.webp\",\"datePublished\":\"2025-01-14T17:42:36+00:00\",\"dateModified\":\"2026-03-26T08:01:08+00:00\",\"description\":\"Filtro de gas GLP Truma, protege el sistema de gas de la contaminaci\u00f3n por aceite y part\u00edculas, ideal para caravanas y autocaravanas.\",\"breadcrumb\":{\"@id\":\"https:\\\/\\\/recambiosecogas.com\\\/it\\\/producto\\\/truma-juego-de-filtros-de-gas-glp-2-piezas-g-36-m20x15\\\/#breadcrumb\"},\"inLanguage\":\"it-IT\",\"potentialAction\":[{\"@type\":\"ReadAction\",\"target\":[\"https:\\\/\\\/recambiosecogas.com\\\/it\\\/producto\\\/truma-juego-de-filtros-de-gas-glp-2-piezas-g-36-m20x15\\\/\"]}]},{\"@type\":\"ImageObject\",\"inLanguage\":\"it-IT\",\"@id\":\"https:\\\/\\\/recambiosecogas.com\\\/it\\\/producto\\\/truma-juego-de-filtros-de-gas-glp-2-piezas-g-36-m20x15\\\/#primaryimage\",\"url\":\"https:\\\/\\\/recambiosecogas.com\\\/wp-content\\\/uploads\\\/2025\\\/01\\\/Truma-Juego-de-filtros-de-gas-GLP-2-piezas-G.36-M20x15-png.webp\",\"contentUrl\":\"https:\\\/\\\/recambiosecogas.com\\\/wp-content\\\/uploads\\\/2025\\\/01\\\/Truma-Juego-de-filtros-de-gas-GLP-2-piezas-G.36-M20x15-png.webp\",\"width\":1000,\"height\":1000},{\"@type\":\"BreadcrumbList\",\"@id\":\"https:\\\/\\\/recambiosecogas.com\\\/it\\\/producto\\\/truma-juego-de-filtros-de-gas-glp-2-piezas-g-36-m20x15\\\/#breadcrumb\",\"itemListElement\":[{\"@type\":\"ListItem\",\"position\":1,\"name\":\"Portada\",\"item\":\"https:\\\/\\\/recambiosecogas.com\\\/it\\\/\"},{\"@type\":\"ListItem\",\"position\":2,\"name\":\"Negozio\",\"item\":\"https:\\\/\\\/recambiosecogas.com\\\/it\\\/?page_id=46382\"},{\"@type\":\"ListItem\",\"position\":3,\"name\":\"Truma Juego de filtros de gas GLP 2 piezas G.36 (M20x1,5)\"}]},{\"@type\":\"WebSite\",\"@id\":\"https:\\\/\\\/recambiosecogas.com\\\/it\\\/#website\",\"url\":\"https:\\\/\\\/recambiosecogas.com\\\/it\\\/\",\"name\":\"Recambios EcoGas\",\"description\":\"Recambios Multimarca para sistemas de GLP\\\/GNC\\\/GNL\\\/Hidr\u00f3geno\",\"publisher\":{\"@id\":\"https:\\\/\\\/recambiosecogas.com\\\/it\\\/#organization\"},\"alternateName\":\"Recambios Autogas GLP\",\"potentialAction\":[{\"@type\":\"SearchAction\",\"target\":{\"@type\":\"EntryPoint\",\"urlTemplate\":\"https:\\\/\\\/recambiosecogas.com\\\/it\\\/?s={search_term_string}\"},\"query-input\":{\"@type\":\"PropertyValueSpecification\",\"valueRequired\":true,\"valueName\":\"search_term_string\"}}],\"inLanguage\":\"it-IT\"},{\"@type\":[\"Organization\",\"Place\"],\"@id\":\"https:\\\/\\\/recambiosecogas.com\\\/it\\\/#organization\",\"name\":\"Recambios EcoGas\",\"alternateName\":\"Tienda Online GLP Espa\u00f1a\",\"url\":\"https:\\\/\\\/recambiosecogas.com\\\/it\\\/\",\"logo\":{\"@id\":\"https:\\\/\\\/recambiosecogas.com\\\/it\\\/producto\\\/truma-juego-de-filtros-de-gas-glp-2-piezas-g-36-m20x15\\\/#local-main-organization-logo\"},\"image\":{\"@id\":\"https:\\\/\\\/recambiosecogas.com\\\/it\\\/producto\\\/truma-juego-de-filtros-de-gas-glp-2-piezas-g-36-m20x15\\\/#local-main-organization-logo\"},\"sameAs\":[\"https:\\\/\\\/www.facebook.com\\\/profile.php?id=100062419705358\",\"https:\\\/\\\/www.instagram.com\\\/segimon_automocio\"],\"description\":\"Recambios EcoGas \u2013 Venta y distribuci\u00f3n de sistemas GLP y GNC en Espa\u00f1a y Portugal. Env\u00edos 24 h, soporte t\u00e9cnico a talleres y distribuidores.\",\"hasMerchantReturnPolicy\":{\"@type\":\"MerchantReturnPolicy\",\"merchantReturnLink\":\"https:\\\/\\\/recambiosecogas.com\\\/politicas-privacidad\\\/\"},\"address\":{\"@id\":\"https:\\\/\\\/recambiosecogas.com\\\/it\\\/producto\\\/truma-juego-de-filtros-de-gas-glp-2-piezas-g-36-m20x15\\\/#local-main-place-address\"},\"telephone\":[\"616250633\"],\"contactPoint\":{\"@type\":\"ContactPoint\",\"email\":\"export@recambiosecogas.com\"},\"openingHoursSpecification\":[{\"@type\":\"OpeningHoursSpecification\",\"dayOfWeek\":[\"Monday\",\"Tuesday\",\"Wednesday\",\"Thursday\",\"Friday\",\"Saturday\",\"Sunday\"],\"opens\":\"09:00\",\"closes\":\"17:00\"}],\"email\":\"info@recambiosecogas.com\",\"faxNumber\":\"SEGIMON AUTOMOCION SL\",\"vatID\":\"ESB19819861\",\"globalLocationNumber\":\"938 616 339\"},{\"@type\":\"PostalAddress\",\"@id\":\"https:\\\/\\\/recambiosecogas.com\\\/it\\\/producto\\\/truma-juego-de-filtros-de-gas-glp-2-piezas-g-36-m20x15\\\/#local-main-place-address\",\"streetAddress\":\"cami antic de vic, 29 (Nave 3), Pol\u00edgono Industrial Congost\",\"addressLocality\":\"CORRO D`AVALL\",\"postalCode\":\"08520\",\"addressRegion\":\"Barcelona\",\"addressCountry\":\"ES\"},{\"@type\":\"ImageObject\",\"inLanguage\":\"it-IT\",\"@id\":\"https:\\\/\\\/recambiosecogas.com\\\/it\\\/producto\\\/truma-juego-de-filtros-de-gas-glp-2-piezas-g-36-m20x15\\\/#local-main-organization-logo\",\"url\":\"https:\\\/\\\/recambiosecogas.com\\\/wp-content\\\/uploads\\\/2024\\\/11\\\/cropped-RECAMBIOS-GLP-png.webp\",\"contentUrl\":\"https:\\\/\\\/recambiosecogas.com\\\/wp-content\\\/uploads\\\/2024\\\/11\\\/cropped-RECAMBIOS-GLP-png.webp\",\"width\":512,\"height\":512,\"caption\":\"Recambios EcoGas\"}]}<\/script>\n<meta property=\"product:brand\" content=\"TRUMA\" \/>\n<meta property=\"product:price:amount\" content=\"119.66\" \/>\n<meta property=\"product:price:currency\" content=\"EUR\" \/>\n<meta property=\"og:availability\" content=\"backorder\" \/>\n<meta property=\"product:availability\" content=\"available for order\" \/>\n<meta property=\"product:retailer_item_id\" content=\"112005\" \/>\n<meta property=\"product:condition\" content=\"new\" \/>\n<meta name=\"geo.placename\" content=\"CORRO D`AVALL\" \/>\n<meta name=\"geo.region\" content=\"Spagna\" \/>\n<!-- \/ Yoast SEO Premium plugin. -->","yoast_head_json":{"title":"Filtro de gas GLP Truma para Caravanas | Recambios Ecogas","description":"Filtro de gas GLP Truma, protege el sistema de gas de la contaminaci\u00f3n por aceite y part\u00edculas, ideal para caravanas y autocaravanas.","robots":{"index":"index","follow":"follow","max-snippet":"max-snippet:-1","max-image-preview":"max-image-preview:large","max-video-preview":"max-video-preview:-1"},"canonical":"https:\/\/recambiosecogas.com\/it\/producto\/truma-juego-de-filtros-de-gas-glp-2-piezas-g-36-m20x15\/","og_locale":"it_IT","og_type":"article","og_title":"Truma Juego de filtros de gas GLP 2 piezas G.36 (M20x1,5)","og_description":"Filtro de gas GLP Truma, protege el sistema de gas de la contaminaci\u00f3n por aceite y part\u00edculas, ideal para caravanas y autocaravanas.","og_url":"https:\/\/recambiosecogas.com\/it\/producto\/truma-juego-de-filtros-de-gas-glp-2-piezas-g-36-m20x15\/","og_site_name":"Recambios EcoGas","article_publisher":"https:\/\/www.facebook.com\/profile.php?id=100062419705358","article_modified_time":"2026-03-26T08:01:08+00:00","og_image":[{"width":1000,"height":1000,"url":"https:\/\/recambiosecogas.com\/wp-content\/uploads\/2025\/01\/Truma-Juego-de-filtros-de-gas-GLP-2-piezas-G.36-M20x15-png.webp","type":"image\/png"}],"twitter_card":"summary_large_image","twitter_misc":{"Prezzo":"119,66&nbsp;&euro; (IVA incl.: 144,79&nbsp;&euro;)","Disponibilit\u00e0":"Su ordinazione"},"schema":{"@context":"https:\/\/schema.org","@graph":[{"@type":"WebPage","@id":"https:\/\/recambiosecogas.com\/it\/producto\/truma-juego-de-filtros-de-gas-glp-2-piezas-g-36-m20x15\/","url":"https:\/\/recambiosecogas.com\/it\/producto\/truma-juego-de-filtros-de-gas-glp-2-piezas-g-36-m20x15\/","name":"Filtro de gas GLP Truma para Caravanas | Recambios Ecogas","isPartOf":{"@id":"https:\/\/recambiosecogas.com\/it\/#website"},"primaryImageOfPage":{"@id":"https:\/\/recambiosecogas.com\/it\/producto\/truma-juego-de-filtros-de-gas-glp-2-piezas-g-36-m20x15\/#primaryimage"},"image":{"@id":"https:\/\/recambiosecogas.com\/it\/producto\/truma-juego-de-filtros-de-gas-glp-2-piezas-g-36-m20x15\/#primaryimage"},"thumbnailUrl":"https:\/\/recambiosecogas.com\/wp-content\/uploads\/2025\/01\/Truma-Juego-de-filtros-de-gas-GLP-2-piezas-G.36-M20x15-png.webp","datePublished":"2025-01-14T17:42:36+00:00","dateModified":"2026-03-26T08:01:08+00:00","description":"Filtro de gas GLP Truma, protege el sistema de gas de la contaminaci\u00f3n por aceite y part\u00edculas, ideal para caravanas y autocaravanas.","breadcrumb":{"@id":"https:\/\/recambiosecogas.com\/it\/producto\/truma-juego-de-filtros-de-gas-glp-2-piezas-g-36-m20x15\/#breadcrumb"},"inLanguage":"it-IT","potentialAction":[{"@type":"ReadAction","target":["https:\/\/recambiosecogas.com\/it\/producto\/truma-juego-de-filtros-de-gas-glp-2-piezas-g-36-m20x15\/"]}]},{"@type":"ImageObject","inLanguage":"it-IT","@id":"https:\/\/recambiosecogas.com\/it\/producto\/truma-juego-de-filtros-de-gas-glp-2-piezas-g-36-m20x15\/#primaryimage","url":"https:\/\/recambiosecogas.com\/wp-content\/uploads\/2025\/01\/Truma-Juego-de-filtros-de-gas-GLP-2-piezas-G.36-M20x15-png.webp","contentUrl":"https:\/\/recambiosecogas.com\/wp-content\/uploads\/2025\/01\/Truma-Juego-de-filtros-de-gas-GLP-2-piezas-G.36-M20x15-png.webp","width":1000,"height":1000},{"@type":"BreadcrumbList","@id":"https:\/\/recambiosecogas.com\/it\/producto\/truma-juego-de-filtros-de-gas-glp-2-piezas-g-36-m20x15\/#breadcrumb","itemListElement":[{"@type":"ListItem","position":1,"name":"Portada","item":"https:\/\/recambiosecogas.com\/it\/"},{"@type":"ListItem","position":2,"name":"Negozio","item":"https:\/\/recambiosecogas.com\/it\/?page_id=46382"},{"@type":"ListItem","position":3,"name":"Truma Juego de filtros de gas GLP 2 piezas G.36 (M20x1,5)"}]},{"@type":"WebSite","@id":"https:\/\/recambiosecogas.com\/it\/#website","url":"https:\/\/recambiosecogas.com\/it\/","name":"Recambios EcoGas","description":"Recambios Multimarca para sistemas de GLP\/GNC\/GNL\/Hidr\u00f3geno","publisher":{"@id":"https:\/\/recambiosecogas.com\/it\/#organization"},"alternateName":"Recambios Autogas GLP","potentialAction":[{"@type":"SearchAction","target":{"@type":"EntryPoint","urlTemplate":"https:\/\/recambiosecogas.com\/it\/?s={search_term_string}"},"query-input":{"@type":"PropertyValueSpecification","valueRequired":true,"valueName":"search_term_string"}}],"inLanguage":"it-IT"},{"@type":["Organization","Place"],"@id":"https:\/\/recambiosecogas.com\/it\/#organization","name":"Recambios EcoGas","alternateName":"Tienda Online GLP Espa\u00f1a","url":"https:\/\/recambiosecogas.com\/it\/","logo":{"@id":"https:\/\/recambiosecogas.com\/it\/producto\/truma-juego-de-filtros-de-gas-glp-2-piezas-g-36-m20x15\/#local-main-organization-logo"},"image":{"@id":"https:\/\/recambiosecogas.com\/it\/producto\/truma-juego-de-filtros-de-gas-glp-2-piezas-g-36-m20x15\/#local-main-organization-logo"},"sameAs":["https:\/\/www.facebook.com\/profile.php?id=100062419705358","https:\/\/www.instagram.com\/segimon_automocio"],"description":"Recambios EcoGas \u2013 Venta y distribuci\u00f3n de sistemas GLP y GNC en Espa\u00f1a y Portugal. Env\u00edos 24 h, soporte t\u00e9cnico a talleres y distribuidores.","hasMerchantReturnPolicy":{"@type":"MerchantReturnPolicy","merchantReturnLink":"https:\/\/recambiosecogas.com\/politicas-privacidad\/"},"address":{"@id":"https:\/\/recambiosecogas.com\/it\/producto\/truma-juego-de-filtros-de-gas-glp-2-piezas-g-36-m20x15\/#local-main-place-address"},"telephone":["616250633"],"contactPoint":{"@type":"ContactPoint","email":"export@recambiosecogas.com"},"openingHoursSpecification":[{"@type":"OpeningHoursSpecification","dayOfWeek":["Monday","Tuesday","Wednesday","Thursday","Friday","Saturday","Sunday"],"opens":"09:00","closes":"17:00"}],"email":"info@recambiosecogas.com","faxNumber":"SEGIMON AUTOMOCION SL","vatID":"ESB19819861","globalLocationNumber":"938 616 339"},{"@type":"PostalAddress","@id":"https:\/\/recambiosecogas.com\/it\/producto\/truma-juego-de-filtros-de-gas-glp-2-piezas-g-36-m20x15\/#local-main-place-address","streetAddress":"cami antic de vic, 29 (Nave 3), Pol\u00edgono Industrial Congost","addressLocality":"CORRO D`AVALL","postalCode":"08520","addressRegion":"Barcelona","addressCountry":"ES"},{"@type":"ImageObject","inLanguage":"it-IT","@id":"https:\/\/recambiosecogas.com\/it\/producto\/truma-juego-de-filtros-de-gas-glp-2-piezas-g-36-m20x15\/#local-main-organization-logo","url":"https:\/\/recambiosecogas.com\/wp-content\/uploads\/2024\/11\/cropped-RECAMBIOS-GLP-png.webp","contentUrl":"https:\/\/recambiosecogas.com\/wp-content\/uploads\/2024\/11\/cropped-RECAMBIOS-GLP-png.webp","width":512,"height":512,"caption":"Recambios EcoGas"}]},"product_brand":"TRUMA","product_price_amount":"119.66","product_price_currency":"EUR","og_availability":"backorder","product_availability":"available for order","product_retailer_item_id":"112005","product_condition":"new","geo.placename":"CORRO D`AVALL","geo.region":"Spagna"},"uagb_featured_image_src":{"full":["https:\/\/recambiosecogas.com\/wp-content\/uploads\/2025\/01\/Truma-Juego-de-filtros-de-gas-GLP-2-piezas-G.36-M20x15-png.webp",1000,1000,false],"thumbnail":["https:\/\/recambiosecogas.com\/wp-content\/uploads\/2025\/01\/Truma-Juego-de-filtros-de-gas-GLP-2-piezas-G.36-M20x15-150x150.webp",150,150,true],"medium":["https:\/\/recambiosecogas.com\/wp-content\/uploads\/2025\/01\/Truma-Juego-de-filtros-de-gas-GLP-2-piezas-G.36-M20x15-300x300.webp",300,300,true],"medium_large":["https:\/\/recambiosecogas.com\/wp-content\/uploads\/2025\/01\/Truma-Juego-de-filtros-de-gas-GLP-2-piezas-G.36-M20x15-768x768.webp",768,768,true],"large":["https:\/\/recambiosecogas.com\/wp-content\/uploads\/2025\/01\/Truma-Juego-de-filtros-de-gas-GLP-2-piezas-G.36-M20x15-png.webp",1000,1000,false],"1536x1536":["https:\/\/recambiosecogas.com\/wp-content\/uploads\/2025\/01\/Truma-Juego-de-filtros-de-gas-GLP-2-piezas-G.36-M20x15-png.webp",1000,1000,false],"2048x2048":["https:\/\/recambiosecogas.com\/wp-content\/uploads\/2025\/01\/Truma-Juego-de-filtros-de-gas-GLP-2-piezas-G.36-M20x15-png.webp",1000,1000,false],"woocommerce_archive_thumbnail":["https:\/\/recambiosecogas.com\/wp-content\/uploads\/2025\/01\/Truma-Juego-de-filtros-de-gas-GLP-2-piezas-G.36-M20x15-png.webp",1000,1000,false],"woocommerce_thumbnail":["https:\/\/recambiosecogas.com\/wp-content\/uploads\/2025\/01\/Truma-Juego-de-filtros-de-gas-GLP-2-piezas-G.36-M20x15-300x300.webp",300,300,true],"woocommerce_single":["https:\/\/recambiosecogas.com\/wp-content\/uploads\/2025\/01\/Truma-Juego-de-filtros-de-gas-GLP-2-piezas-G.36-M20x15-png.webp",1000,1000,false],"woocommerce_gallery_thumbnail":["https:\/\/recambiosecogas.com\/wp-content\/uploads\/2025\/01\/Truma-Juego-de-filtros-de-gas-GLP-2-piezas-G.36-M20x15-png.webp",1000,1000,false],"dgwt-wcas-product-suggestion":["https:\/\/recambiosecogas.com\/wp-content\/uploads\/2025\/01\/Truma-Juego-de-filtros-de-gas-GLP-2-piezas-G.36-M20x15-64x64.webp",64,64,true]},"uagb_author_info":{"display_name":"Fran - Soporte T\u00e9cnico","author_link":"https:\/\/recambiosecogas.com\/it\/author\/"},"uagb_comment_info":0,"uagb_excerpt":"Filtro de gas GLP Truma, protege el sistema de gas de la contaminaci\u00f3n por aceite y part\u00edculas, ideal para caravanas y autocaravanas.","_links":{"self":[{"href":"https:\/\/recambiosecogas.com\/it\/wp-json\/wp\/v2\/product\/14470","targetHints":{"allow":["GET"]}}],"collection":[{"href":"https:\/\/recambiosecogas.com\/it\/wp-json\/wp\/v2\/product"}],"about":[{"href":"https:\/\/recambiosecogas.com\/it\/wp-json\/wp\/v2\/types\/product"}],"replies":[{"embeddable":true,"href":"https:\/\/recambiosecogas.com\/it\/wp-json\/wp\/v2\/comments?post=14470"}],"wp:featuredmedia":[{"embeddable":true,"href":"https:\/\/recambiosecogas.com\/it\/wp-json\/wp\/v2\/media\/17279"}],"wp:attachment":[{"href":"https:\/\/recambiosecogas.com\/it\/wp-json\/wp\/v2\/media?parent=14470"}],"wp:term":[{"taxonomy":"product_brand","embeddable":true,"href":"https:\/\/recambiosecogas.com\/it\/wp-json\/wp\/v2\/product_brand?post=14470"},{"taxonomy":"product_cat","embeddable":true,"href":"https:\/\/recambiosecogas.com\/it\/wp-json\/wp\/v2\/product_cat?post=14470"},{"taxonomy":"product_tag","embeddable":true,"href":"https:\/\/recambiosecogas.com\/it\/wp-json\/wp\/v2\/product_tag?post=14470"}],"curies":[{"name":"wp","href":"https:\/\/api.w.org\/{rel}","templated":true}]}}