{"id":12539,"date":"2024-12-24T09:48:44","date_gmt":"2024-12-24T09:48:44","guid":{"rendered":"https:\/\/recambiosecogas.com\/?post_type=product&#038;p=12539"},"modified":"2025-07-01T18:11:16","modified_gmt":"2025-07-01T17:11:16","slug":"tratauto-glp-plus-protector-de-valvulas","status":"publish","type":"product","link":"https:\/\/recambiosecogas.com\/it\/producto\/tratauto-glp-plus-protector-de-valvulas\/","title":{"rendered":"TRATAUTO &#8211; GLP PLUS &#8211; PROTECTOR DE VALVULAS"},"content":{"rendered":"<div id=\"product-description-short-10878\" class=\"rte-content\">\n<div id=\"product-description-short-10878\" class=\"rte-content\">\n<h3 style=\"text-align: center;\" data-start=\"150\" data-end=\"230\">TRATAUTO &#8211; GLP PLUS \u2013 Protector de V\u00e1lvulas 100% Sint\u00e9tico para GLP y Butano<\/h3>\n<p data-start=\"232\" data-end=\"558\">TRATAUTO GLP PLUS es un tratamiento 100% sint\u00e9tico especialmente dise\u00f1ado para veh\u00edculos que funcionan con GLP (Gas Licuado de Petr\u00f3leo) y butano. Su avanzada formulaci\u00f3n protege eficazmente las v\u00e1lvulas y sus asientos frente al desgaste acelerado caracter\u00edstico de los motores que utilizan este tipo de combustibles gaseosos. \u00a9RecambiosEcoGas<\/p>\n<p data-start=\"560\" data-end=\"924\">Uno de los principales problemas en motores GLP es la erosi\u00f3n de los asientos de v\u00e1lvula, conocida como VSR (Valve Seat Recession), causada por la falta de lubricaci\u00f3n natural que ofrec\u00edan los antiguos combustibles con azufre. GLP PLUS restablece ese nivel de lubricaci\u00f3n con un aditivo de alto rendimiento, asegurando una protecci\u00f3n duradera del tren de v\u00e1lvulas.<\/p>\n<p data-start=\"926\" data-end=\"1205\">Adem\u00e1s de proteger, este tratamiento limpia y mantiene el sistema de alimentaci\u00f3n, incluyendo inyectores y bombas. Puede utilizarse en motores de 2 y 4 tiempos, incluso en veh\u00edculos di\u00e9sel o gasolina sin instalaci\u00f3n GLP, lo que lo convierte en una soluci\u00f3n vers\u00e1til y preventiva. \u00a9RecambiosEcoGas<\/p>\n<p data-start=\"1207\" data-end=\"1389\">Se recomienda su uso cada 15.000 km o una vez al a\u00f1o para mantener el sistema en condiciones \u00f3ptimas, evitar reparaciones costosas y alargar la vida \u00fatil del motor y sus componentes.<\/p>\n<hr data-start=\"1391\" data-end=\"1394\" \/>\n<p data-start=\"1396\" data-end=\"1424\"><strong data-start=\"1396\" data-end=\"1424\">Caracter\u00edsticas t\u00e9cnicas &#8211; <\/strong>\u00a9RecambiosEcoGas<\/p>\n<div class=\"_tableContainer_16hzy_1\">\n<div class=\"_tableWrapper_16hzy_14 group flex w-fit flex-col-reverse\" tabindex=\"-1\">\n<table class=\"w-fit min-w-(--thread-content-width)\" data-start=\"1426\" data-end=\"2406\">\n<thead data-start=\"1426\" data-end=\"1514\">\n<tr data-start=\"1426\" data-end=\"1514\">\n<th data-start=\"1426\" data-end=\"1463\" data-col-size=\"sm\">Propiedad<\/th>\n<th data-start=\"1463\" data-end=\"1514\" data-col-size=\"md\">Detalle<\/th>\n<\/tr>\n<\/thead>\n<tbody data-start=\"1604\" data-end=\"2406\">\n<tr data-start=\"1604\" data-end=\"1692\">\n<td data-start=\"1604\" data-end=\"1640\" data-col-size=\"sm\">Capacidad<\/td>\n<td data-start=\"1640\" data-end=\"1692\" data-col-size=\"md\">236 ml<\/td>\n<\/tr>\n<tr data-start=\"1693\" data-end=\"1781\">\n<td data-start=\"1693\" data-end=\"1729\" data-col-size=\"sm\">Tipo de motor compatible<\/td>\n<td data-start=\"1729\" data-end=\"1781\" data-col-size=\"md\">2T \/ 4T, gasolina, GLP, butano, di\u00e9sel<\/td>\n<\/tr>\n<tr data-start=\"1782\" data-end=\"1870\">\n<td data-start=\"1782\" data-end=\"1818\" data-col-size=\"sm\">Aplicaci\u00f3n<\/td>\n<td data-start=\"1818\" data-end=\"1870\" data-col-size=\"md\">Protecci\u00f3n de v\u00e1lvulas, inyectores, bombas<\/td>\n<\/tr>\n<tr data-start=\"1871\" data-end=\"1959\">\n<td data-start=\"1871\" data-end=\"1907\" data-col-size=\"sm\">Prevenci\u00f3n<\/td>\n<td data-start=\"1907\" data-end=\"1959\" data-col-size=\"md\">Erosi\u00f3n del asiento de v\u00e1lvula (VSR)<\/td>\n<\/tr>\n<tr data-start=\"1960\" data-end=\"2048\">\n<td data-start=\"1960\" data-end=\"1996\" data-col-size=\"sm\">Lubricaci\u00f3n<\/td>\n<td data-start=\"1996\" data-end=\"2048\" data-col-size=\"md\">Alta, por ausencia de azufre en combustibles<\/td>\n<\/tr>\n<tr data-start=\"2049\" data-end=\"2139\">\n<td data-start=\"2049\" data-end=\"2085\" data-col-size=\"sm\">Modo de uso<\/td>\n<td data-start=\"2085\" data-end=\"2139\" data-col-size=\"md\">A\u00f1adir al dep\u00f3sito de combustible lleno (50L m\u00e1x.)<\/td>\n<\/tr>\n<tr data-start=\"2140\" data-end=\"2228\">\n<td data-start=\"2140\" data-end=\"2176\" data-col-size=\"sm\">Compatibilidad<\/td>\n<td data-start=\"2176\" data-end=\"2228\" data-col-size=\"md\">No afecta sondas Lambda, FAP ni catalizadores<\/td>\n<\/tr>\n<tr data-start=\"2229\" data-end=\"2317\">\n<td data-start=\"2229\" data-end=\"2265\" data-col-size=\"sm\">Uso recomendado<\/td>\n<td data-start=\"2265\" data-end=\"2317\" data-col-size=\"md\">Cada 15.000 km o 1 vez al a\u00f1o<\/td>\n<\/tr>\n<tr data-start=\"2318\" data-end=\"2406\">\n<td data-start=\"2318\" data-end=\"2354\" data-col-size=\"sm\">Marca<\/td>\n<td data-start=\"2354\" data-end=\"2406\" data-col-size=\"md\">TRATAUTO<\/td>\n<\/tr>\n<\/tbody>\n<\/table>\n<div class=\"absolute end-0 flex items-end\"><a href=\"https:\/\/recambiosecogas.com\/categoria-producto\/aditivos\/\">Consigue m\u00e1s aditivos para tu pr\u00f3xima revisi\u00f3n.<\/a><\/div>\n<div><a href=\"https:\/\/recambiosecogas.es\/\">Solicita tu cuenta profesional.<\/a><\/div>\n<\/div>\n<\/div>\n<\/div>\n<\/div>\n","protected":false},"excerpt":{"rendered":"<p>TRATAUTO &#8211; GLP PLUS \u2013 Protector de V\u00e1lvulas 100% Sint\u00e9tico para GLP y Butano TRATAUTO GLP PLUS es un tratamiento 100% sint\u00e9tico especialmente dise\u00f1ado para veh\u00edculos que funcionan con GLP (Gas Licuado de Petr\u00f3leo) y butano. Su avanzada formulaci\u00f3n protege eficazmente las v\u00e1lvulas y sus asientos frente al desgaste acelerado caracter\u00edstico de los motores que [&hellip;]<\/p>\n","protected":false},"featured_media":12563,"comment_status":"open","ping_status":"closed","template":"","meta":{"_uag_custom_page_level_css":""},"product_brand":[],"product_cat":[2214,2191,2215],"product_tag":[],"class_list":{"0":"post-12539","1":"product","2":"type-product","3":"status-publish","4":"has-post-thumbnail","6":"product_cat-aditivos","7":"product_cat-liquido-protector-de-valvulas","8":"product_cat-metallube-tratauto","10":"first","11":"onbackorder","12":"taxable","13":"shipping-taxable","14":"purchasable","15":"product-type-simple"},"ct_brands":[],"yoast_head":"<!-- This site is optimized with the Yoast SEO Premium plugin v27.5 (Yoast SEO v27.5) - https:\/\/yoast.com\/product\/yoast-seo-premium-wordpress\/ -->\n<title>TRATAUTO - GLP PLUS - PROTECTOR DE VALVULAS | Recambios EcoGas | Sistemas GLP y GNC<\/title>\n<meta name=\"description\" content=\"TRATAUTO GLP PLUS \u2013 Protector sint\u00e9tico de v\u00e1lvulas para GLP y butano. Evita el desgaste, protege y lubrica v\u00e1lvulas e inyectores. Compatible con gasolina y di\u00e9sel.\" \/>\n<meta name=\"robots\" content=\"index, follow, max-snippet:-1, max-image-preview:large, max-video-preview:-1\" \/>\n<link rel=\"canonical\" href=\"https:\/\/recambiosecogas.com\/it\/producto\/tratauto-glp-plus-protector-de-valvulas\/\" \/>\n<meta property=\"og:locale\" content=\"it_IT\" \/>\n<meta property=\"og:type\" content=\"article\" \/>\n<meta property=\"og:title\" content=\"TRATAUTO - GLP PLUS - PROTECTOR DE VALVULAS\" \/>\n<meta property=\"og:description\" content=\"TRATAUTO GLP PLUS \u2013 Protector sint\u00e9tico de v\u00e1lvulas para GLP y butano. Evita el desgaste, protege y lubrica v\u00e1lvulas e inyectores. Compatible con gasolina y di\u00e9sel.\" \/>\n<meta property=\"og:url\" content=\"https:\/\/recambiosecogas.com\/it\/producto\/tratauto-glp-plus-protector-de-valvulas\/\" \/>\n<meta property=\"og:site_name\" content=\"Recambios EcoGas\" \/>\n<meta property=\"article:publisher\" content=\"https:\/\/www.facebook.com\/profile.php?id=100062419705358\" \/>\n<meta property=\"article:modified_time\" content=\"2025-07-01T17:11:16+00:00\" \/>\n<meta property=\"og:image\" content=\"https:\/\/recambiosecogas.com\/wp-content\/uploads\/2024\/12\/TRATAUTO-GLP-PLUS-PROTECTOR-DE-VALVULAS-png.webp\" \/>\n\t<meta property=\"og:image:width\" content=\"1000\" \/>\n\t<meta property=\"og:image:height\" content=\"1000\" \/>\n\t<meta property=\"og:image:type\" content=\"image\/png\" \/>\n<meta name=\"twitter:card\" content=\"summary_large_image\" \/>\n<meta name=\"twitter:label1\" content=\"Prezzo\" \/>\n\t<meta name=\"twitter:data1\" content=\"42,35&nbsp;&euro; (Sin IVA: 35,00&nbsp;&euro;)\" \/>\n\t<meta name=\"twitter:label2\" content=\"Disponibilit\u00e0\" \/>\n\t<meta name=\"twitter:data2\" content=\"Su ordinazione\" \/>\n<script type=\"application\/ld+json\" class=\"yoast-schema-graph\">{\"@context\":\"https:\\\/\\\/schema.org\",\"@graph\":[{\"@type\":\"WebPage\",\"@id\":\"https:\\\/\\\/recambiosecogas.com\\\/it\\\/producto\\\/tratauto-glp-plus-protector-de-valvulas\\\/\",\"url\":\"https:\\\/\\\/recambiosecogas.com\\\/it\\\/producto\\\/tratauto-glp-plus-protector-de-valvulas\\\/\",\"name\":\"TRATAUTO - GLP PLUS - PROTECTOR DE VALVULAS | Recambios EcoGas | Sistemas GLP y GNC\",\"isPartOf\":{\"@id\":\"https:\\\/\\\/recambiosecogas.com\\\/it\\\/#website\"},\"primaryImageOfPage\":{\"@id\":\"https:\\\/\\\/recambiosecogas.com\\\/it\\\/producto\\\/tratauto-glp-plus-protector-de-valvulas\\\/#primaryimage\"},\"image\":{\"@id\":\"https:\\\/\\\/recambiosecogas.com\\\/it\\\/producto\\\/tratauto-glp-plus-protector-de-valvulas\\\/#primaryimage\"},\"thumbnailUrl\":\"https:\\\/\\\/recambiosecogas.com\\\/wp-content\\\/uploads\\\/2024\\\/12\\\/TRATAUTO-GLP-PLUS-PROTECTOR-DE-VALVULAS-png.webp\",\"datePublished\":\"2024-12-24T09:48:44+00:00\",\"dateModified\":\"2025-07-01T17:11:16+00:00\",\"description\":\"TRATAUTO GLP PLUS \u2013 Protector sint\u00e9tico de v\u00e1lvulas para GLP y butano. Evita el desgaste, protege y lubrica v\u00e1lvulas e inyectores. Compatible con gasolina y di\u00e9sel.\",\"breadcrumb\":{\"@id\":\"https:\\\/\\\/recambiosecogas.com\\\/it\\\/producto\\\/tratauto-glp-plus-protector-de-valvulas\\\/#breadcrumb\"},\"inLanguage\":\"it-IT\",\"potentialAction\":[{\"@type\":\"ReadAction\",\"target\":[\"https:\\\/\\\/recambiosecogas.com\\\/it\\\/producto\\\/tratauto-glp-plus-protector-de-valvulas\\\/\"]}]},{\"@type\":\"ImageObject\",\"inLanguage\":\"it-IT\",\"@id\":\"https:\\\/\\\/recambiosecogas.com\\\/it\\\/producto\\\/tratauto-glp-plus-protector-de-valvulas\\\/#primaryimage\",\"url\":\"https:\\\/\\\/recambiosecogas.com\\\/wp-content\\\/uploads\\\/2024\\\/12\\\/TRATAUTO-GLP-PLUS-PROTECTOR-DE-VALVULAS-png.webp\",\"contentUrl\":\"https:\\\/\\\/recambiosecogas.com\\\/wp-content\\\/uploads\\\/2024\\\/12\\\/TRATAUTO-GLP-PLUS-PROTECTOR-DE-VALVULAS-png.webp\",\"width\":1000,\"height\":1000},{\"@type\":\"BreadcrumbList\",\"@id\":\"https:\\\/\\\/recambiosecogas.com\\\/it\\\/producto\\\/tratauto-glp-plus-protector-de-valvulas\\\/#breadcrumb\",\"itemListElement\":[{\"@type\":\"ListItem\",\"position\":1,\"name\":\"Portada\",\"item\":\"https:\\\/\\\/recambiosecogas.com\\\/it\\\/\"},{\"@type\":\"ListItem\",\"position\":2,\"name\":\"Negozio\",\"item\":\"https:\\\/\\\/recambiosecogas.com\\\/it\\\/?page_id=46382\"},{\"@type\":\"ListItem\",\"position\":3,\"name\":\"TRATAUTO &#8211; GLP PLUS &#8211; PROTECTOR DE VALVULAS\"}]},{\"@type\":\"WebSite\",\"@id\":\"https:\\\/\\\/recambiosecogas.com\\\/it\\\/#website\",\"url\":\"https:\\\/\\\/recambiosecogas.com\\\/it\\\/\",\"name\":\"Recambios EcoGas\",\"description\":\"Recambios Multimarca para sistemas de GLP\\\/GNC\\\/GNL\\\/Hidr\u00f3geno\",\"publisher\":{\"@id\":\"https:\\\/\\\/recambiosecogas.com\\\/it\\\/#organization\"},\"alternateName\":\"Recambios Autogas GLP\",\"potentialAction\":[{\"@type\":\"SearchAction\",\"target\":{\"@type\":\"EntryPoint\",\"urlTemplate\":\"https:\\\/\\\/recambiosecogas.com\\\/it\\\/?s={search_term_string}\"},\"query-input\":{\"@type\":\"PropertyValueSpecification\",\"valueRequired\":true,\"valueName\":\"search_term_string\"}}],\"inLanguage\":\"it-IT\"},{\"@type\":[\"Organization\",\"Place\"],\"@id\":\"https:\\\/\\\/recambiosecogas.com\\\/it\\\/#organization\",\"name\":\"Recambios EcoGas\",\"alternateName\":\"Tienda Online GLP Espa\u00f1a\",\"url\":\"https:\\\/\\\/recambiosecogas.com\\\/it\\\/\",\"logo\":{\"@id\":\"https:\\\/\\\/recambiosecogas.com\\\/it\\\/producto\\\/tratauto-glp-plus-protector-de-valvulas\\\/#local-main-organization-logo\"},\"image\":{\"@id\":\"https:\\\/\\\/recambiosecogas.com\\\/it\\\/producto\\\/tratauto-glp-plus-protector-de-valvulas\\\/#local-main-organization-logo\"},\"sameAs\":[\"https:\\\/\\\/www.facebook.com\\\/profile.php?id=100062419705358\",\"https:\\\/\\\/www.instagram.com\\\/segimon_automocio\"],\"description\":\"Recambios EcoGas \u2013 Venta y distribuci\u00f3n de sistemas GLP y GNC en Espa\u00f1a y Portugal. Env\u00edos 24 h, soporte t\u00e9cnico a talleres y distribuidores.\",\"hasMerchantReturnPolicy\":{\"@type\":\"MerchantReturnPolicy\",\"merchantReturnLink\":\"https:\\\/\\\/recambiosecogas.com\\\/politicas-privacidad\\\/\"},\"address\":{\"@id\":\"https:\\\/\\\/recambiosecogas.com\\\/it\\\/producto\\\/tratauto-glp-plus-protector-de-valvulas\\\/#local-main-place-address\"},\"telephone\":[\"616250633\"],\"contactPoint\":{\"@type\":\"ContactPoint\",\"email\":\"export@recambiosecogas.com\"},\"openingHoursSpecification\":[{\"@type\":\"OpeningHoursSpecification\",\"dayOfWeek\":[\"Monday\",\"Tuesday\",\"Wednesday\",\"Thursday\",\"Friday\",\"Saturday\",\"Sunday\"],\"opens\":\"09:00\",\"closes\":\"17:00\"}],\"email\":\"info@recambiosecogas.com\",\"faxNumber\":\"SEGIMON AUTOMOCION SL\",\"vatID\":\"ESB19819861\",\"globalLocationNumber\":\"938 616 339\"},{\"@type\":\"PostalAddress\",\"@id\":\"https:\\\/\\\/recambiosecogas.com\\\/it\\\/producto\\\/tratauto-glp-plus-protector-de-valvulas\\\/#local-main-place-address\",\"streetAddress\":\"cami antic de vic, 29 (Nave 3), Pol\u00edgono Industrial Congost\",\"addressLocality\":\"CORRO D`AVALL\",\"postalCode\":\"08520\",\"addressRegion\":\"Barcelona\",\"addressCountry\":\"ES\"},{\"@type\":\"ImageObject\",\"inLanguage\":\"it-IT\",\"@id\":\"https:\\\/\\\/recambiosecogas.com\\\/it\\\/producto\\\/tratauto-glp-plus-protector-de-valvulas\\\/#local-main-organization-logo\",\"url\":\"https:\\\/\\\/recambiosecogas.com\\\/wp-content\\\/uploads\\\/2024\\\/11\\\/cropped-RECAMBIOS-GLP-png.webp\",\"contentUrl\":\"https:\\\/\\\/recambiosecogas.com\\\/wp-content\\\/uploads\\\/2024\\\/11\\\/cropped-RECAMBIOS-GLP-png.webp\",\"width\":512,\"height\":512,\"caption\":\"Recambios EcoGas\"}]}<\/script>\n<meta property=\"product:price:amount\" content=\"42.35\" \/>\n<meta property=\"product:price:currency\" content=\"EUR\" \/>\n<meta property=\"og:availability\" content=\"backorder\" \/>\n<meta property=\"product:availability\" content=\"available for order\" \/>\n<meta property=\"product:retailer_item_id\" content=\"843654897431\" \/>\n<meta property=\"product:condition\" content=\"new\" \/>\n<meta name=\"geo.placename\" content=\"CORRO D`AVALL\" \/>\n<meta name=\"geo.region\" content=\"Spagna\" \/>\n<!-- \/ Yoast SEO Premium plugin. -->","yoast_head_json":{"title":"TRATAUTO - GLP PLUS - PROTECTOR DE VALVULAS | Recambios EcoGas | Sistemas GLP y GNC","description":"TRATAUTO GLP PLUS \u2013 Protector sint\u00e9tico de v\u00e1lvulas para GLP y butano. Evita el desgaste, protege y lubrica v\u00e1lvulas e inyectores. Compatible con gasolina y di\u00e9sel.","robots":{"index":"index","follow":"follow","max-snippet":"max-snippet:-1","max-image-preview":"max-image-preview:large","max-video-preview":"max-video-preview:-1"},"canonical":"https:\/\/recambiosecogas.com\/it\/producto\/tratauto-glp-plus-protector-de-valvulas\/","og_locale":"it_IT","og_type":"article","og_title":"TRATAUTO - GLP PLUS - PROTECTOR DE VALVULAS","og_description":"TRATAUTO GLP PLUS \u2013 Protector sint\u00e9tico de v\u00e1lvulas para GLP y butano. Evita el desgaste, protege y lubrica v\u00e1lvulas e inyectores. Compatible con gasolina y di\u00e9sel.","og_url":"https:\/\/recambiosecogas.com\/it\/producto\/tratauto-glp-plus-protector-de-valvulas\/","og_site_name":"Recambios EcoGas","article_publisher":"https:\/\/www.facebook.com\/profile.php?id=100062419705358","article_modified_time":"2025-07-01T17:11:16+00:00","og_image":[{"width":1000,"height":1000,"url":"https:\/\/recambiosecogas.com\/wp-content\/uploads\/2024\/12\/TRATAUTO-GLP-PLUS-PROTECTOR-DE-VALVULAS-png.webp","type":"image\/png"}],"twitter_card":"summary_large_image","twitter_misc":{"Prezzo":"42,35&nbsp;&euro; (Sin IVA: 35,00&nbsp;&euro;)","Disponibilit\u00e0":"Su ordinazione"},"schema":{"@context":"https:\/\/schema.org","@graph":[{"@type":"WebPage","@id":"https:\/\/recambiosecogas.com\/it\/producto\/tratauto-glp-plus-protector-de-valvulas\/","url":"https:\/\/recambiosecogas.com\/it\/producto\/tratauto-glp-plus-protector-de-valvulas\/","name":"TRATAUTO - GLP PLUS - PROTECTOR DE VALVULAS | Recambios EcoGas | Sistemas GLP y GNC","isPartOf":{"@id":"https:\/\/recambiosecogas.com\/it\/#website"},"primaryImageOfPage":{"@id":"https:\/\/recambiosecogas.com\/it\/producto\/tratauto-glp-plus-protector-de-valvulas\/#primaryimage"},"image":{"@id":"https:\/\/recambiosecogas.com\/it\/producto\/tratauto-glp-plus-protector-de-valvulas\/#primaryimage"},"thumbnailUrl":"https:\/\/recambiosecogas.com\/wp-content\/uploads\/2024\/12\/TRATAUTO-GLP-PLUS-PROTECTOR-DE-VALVULAS-png.webp","datePublished":"2024-12-24T09:48:44+00:00","dateModified":"2025-07-01T17:11:16+00:00","description":"TRATAUTO GLP PLUS \u2013 Protector sint\u00e9tico de v\u00e1lvulas para GLP y butano. Evita el desgaste, protege y lubrica v\u00e1lvulas e inyectores. Compatible con gasolina y di\u00e9sel.","breadcrumb":{"@id":"https:\/\/recambiosecogas.com\/it\/producto\/tratauto-glp-plus-protector-de-valvulas\/#breadcrumb"},"inLanguage":"it-IT","potentialAction":[{"@type":"ReadAction","target":["https:\/\/recambiosecogas.com\/it\/producto\/tratauto-glp-plus-protector-de-valvulas\/"]}]},{"@type":"ImageObject","inLanguage":"it-IT","@id":"https:\/\/recambiosecogas.com\/it\/producto\/tratauto-glp-plus-protector-de-valvulas\/#primaryimage","url":"https:\/\/recambiosecogas.com\/wp-content\/uploads\/2024\/12\/TRATAUTO-GLP-PLUS-PROTECTOR-DE-VALVULAS-png.webp","contentUrl":"https:\/\/recambiosecogas.com\/wp-content\/uploads\/2024\/12\/TRATAUTO-GLP-PLUS-PROTECTOR-DE-VALVULAS-png.webp","width":1000,"height":1000},{"@type":"BreadcrumbList","@id":"https:\/\/recambiosecogas.com\/it\/producto\/tratauto-glp-plus-protector-de-valvulas\/#breadcrumb","itemListElement":[{"@type":"ListItem","position":1,"name":"Portada","item":"https:\/\/recambiosecogas.com\/it\/"},{"@type":"ListItem","position":2,"name":"Negozio","item":"https:\/\/recambiosecogas.com\/it\/?page_id=46382"},{"@type":"ListItem","position":3,"name":"TRATAUTO &#8211; GLP PLUS &#8211; PROTECTOR DE VALVULAS"}]},{"@type":"WebSite","@id":"https:\/\/recambiosecogas.com\/it\/#website","url":"https:\/\/recambiosecogas.com\/it\/","name":"Recambios EcoGas","description":"Recambios Multimarca para sistemas de GLP\/GNC\/GNL\/Hidr\u00f3geno","publisher":{"@id":"https:\/\/recambiosecogas.com\/it\/#organization"},"alternateName":"Recambios Autogas GLP","potentialAction":[{"@type":"SearchAction","target":{"@type":"EntryPoint","urlTemplate":"https:\/\/recambiosecogas.com\/it\/?s={search_term_string}"},"query-input":{"@type":"PropertyValueSpecification","valueRequired":true,"valueName":"search_term_string"}}],"inLanguage":"it-IT"},{"@type":["Organization","Place"],"@id":"https:\/\/recambiosecogas.com\/it\/#organization","name":"Recambios EcoGas","alternateName":"Tienda Online GLP Espa\u00f1a","url":"https:\/\/recambiosecogas.com\/it\/","logo":{"@id":"https:\/\/recambiosecogas.com\/it\/producto\/tratauto-glp-plus-protector-de-valvulas\/#local-main-organization-logo"},"image":{"@id":"https:\/\/recambiosecogas.com\/it\/producto\/tratauto-glp-plus-protector-de-valvulas\/#local-main-organization-logo"},"sameAs":["https:\/\/www.facebook.com\/profile.php?id=100062419705358","https:\/\/www.instagram.com\/segimon_automocio"],"description":"Recambios EcoGas \u2013 Venta y distribuci\u00f3n de sistemas GLP y GNC en Espa\u00f1a y Portugal. Env\u00edos 24 h, soporte t\u00e9cnico a talleres y distribuidores.","hasMerchantReturnPolicy":{"@type":"MerchantReturnPolicy","merchantReturnLink":"https:\/\/recambiosecogas.com\/politicas-privacidad\/"},"address":{"@id":"https:\/\/recambiosecogas.com\/it\/producto\/tratauto-glp-plus-protector-de-valvulas\/#local-main-place-address"},"telephone":["616250633"],"contactPoint":{"@type":"ContactPoint","email":"export@recambiosecogas.com"},"openingHoursSpecification":[{"@type":"OpeningHoursSpecification","dayOfWeek":["Monday","Tuesday","Wednesday","Thursday","Friday","Saturday","Sunday"],"opens":"09:00","closes":"17:00"}],"email":"info@recambiosecogas.com","faxNumber":"SEGIMON AUTOMOCION SL","vatID":"ESB19819861","globalLocationNumber":"938 616 339"},{"@type":"PostalAddress","@id":"https:\/\/recambiosecogas.com\/it\/producto\/tratauto-glp-plus-protector-de-valvulas\/#local-main-place-address","streetAddress":"cami antic de vic, 29 (Nave 3), Pol\u00edgono Industrial Congost","addressLocality":"CORRO D`AVALL","postalCode":"08520","addressRegion":"Barcelona","addressCountry":"ES"},{"@type":"ImageObject","inLanguage":"it-IT","@id":"https:\/\/recambiosecogas.com\/it\/producto\/tratauto-glp-plus-protector-de-valvulas\/#local-main-organization-logo","url":"https:\/\/recambiosecogas.com\/wp-content\/uploads\/2024\/11\/cropped-RECAMBIOS-GLP-png.webp","contentUrl":"https:\/\/recambiosecogas.com\/wp-content\/uploads\/2024\/11\/cropped-RECAMBIOS-GLP-png.webp","width":512,"height":512,"caption":"Recambios EcoGas"}]},"product_price_amount":"42.35","product_price_currency":"EUR","og_availability":"backorder","product_availability":"available for order","product_retailer_item_id":"843654897431","product_condition":"new","geo.placename":"CORRO D`AVALL","geo.region":"Spagna"},"uagb_featured_image_src":{"full":["https:\/\/recambiosecogas.com\/wp-content\/uploads\/2024\/12\/TRATAUTO-GLP-PLUS-PROTECTOR-DE-VALVULAS-png.webp",1000,1000,false],"thumbnail":["https:\/\/recambiosecogas.com\/wp-content\/uploads\/2024\/12\/TRATAUTO-GLP-PLUS-PROTECTOR-DE-VALVULAS-150x150.webp",150,150,true],"medium":["https:\/\/recambiosecogas.com\/wp-content\/uploads\/2024\/12\/TRATAUTO-GLP-PLUS-PROTECTOR-DE-VALVULAS-300x300.webp",300,300,true],"medium_large":["https:\/\/recambiosecogas.com\/wp-content\/uploads\/2024\/12\/TRATAUTO-GLP-PLUS-PROTECTOR-DE-VALVULAS-768x768.webp",768,768,true],"large":["https:\/\/recambiosecogas.com\/wp-content\/uploads\/2024\/12\/TRATAUTO-GLP-PLUS-PROTECTOR-DE-VALVULAS-png.webp",1000,1000,false],"1536x1536":["https:\/\/recambiosecogas.com\/wp-content\/uploads\/2024\/12\/TRATAUTO-GLP-PLUS-PROTECTOR-DE-VALVULAS-png.webp",1000,1000,false],"2048x2048":["https:\/\/recambiosecogas.com\/wp-content\/uploads\/2024\/12\/TRATAUTO-GLP-PLUS-PROTECTOR-DE-VALVULAS-png.webp",1000,1000,false],"woocommerce_archive_thumbnail":["https:\/\/recambiosecogas.com\/wp-content\/uploads\/2024\/12\/TRATAUTO-GLP-PLUS-PROTECTOR-DE-VALVULAS-png.webp",1000,1000,false],"woocommerce_thumbnail":["https:\/\/recambiosecogas.com\/wp-content\/uploads\/2024\/12\/TRATAUTO-GLP-PLUS-PROTECTOR-DE-VALVULAS-300x300.webp",300,300,true],"woocommerce_single":["https:\/\/recambiosecogas.com\/wp-content\/uploads\/2024\/12\/TRATAUTO-GLP-PLUS-PROTECTOR-DE-VALVULAS-png.webp",1000,1000,false],"woocommerce_gallery_thumbnail":["https:\/\/recambiosecogas.com\/wp-content\/uploads\/2024\/12\/TRATAUTO-GLP-PLUS-PROTECTOR-DE-VALVULAS-png.webp",1000,1000,false],"dgwt-wcas-product-suggestion":["https:\/\/recambiosecogas.com\/wp-content\/uploads\/2024\/12\/TRATAUTO-GLP-PLUS-PROTECTOR-DE-VALVULAS-64x64.webp",64,64,true]},"uagb_author_info":{"display_name":"Fran - Soporte T\u00e9cnico","author_link":"https:\/\/recambiosecogas.com\/it\/author\/"},"uagb_comment_info":0,"uagb_excerpt":"TRATAUTO &#8211; GLP PLUS \u2013 Protector de V\u00e1lvulas 100% Sint\u00e9tico para GLP y Butano TRATAUTO GLP PLUS es un tratamiento 100% sint\u00e9tico especialmente dise\u00f1ado para veh\u00edculos que funcionan con GLP (Gas Licuado de Petr\u00f3leo) y butano. Su avanzada formulaci\u00f3n protege eficazmente las v\u00e1lvulas y sus asientos frente al desgaste acelerado caracter\u00edstico de los motores que&hellip;","_links":{"self":[{"href":"https:\/\/recambiosecogas.com\/it\/wp-json\/wp\/v2\/product\/12539","targetHints":{"allow":["GET"]}}],"collection":[{"href":"https:\/\/recambiosecogas.com\/it\/wp-json\/wp\/v2\/product"}],"about":[{"href":"https:\/\/recambiosecogas.com\/it\/wp-json\/wp\/v2\/types\/product"}],"replies":[{"embeddable":true,"href":"https:\/\/recambiosecogas.com\/it\/wp-json\/wp\/v2\/comments?post=12539"}],"wp:featuredmedia":[{"embeddable":true,"href":"https:\/\/recambiosecogas.com\/it\/wp-json\/wp\/v2\/media\/12563"}],"wp:attachment":[{"href":"https:\/\/recambiosecogas.com\/it\/wp-json\/wp\/v2\/media?parent=12539"}],"wp:term":[{"taxonomy":"product_brand","embeddable":true,"href":"https:\/\/recambiosecogas.com\/it\/wp-json\/wp\/v2\/product_brand?post=12539"},{"taxonomy":"product_cat","embeddable":true,"href":"https:\/\/recambiosecogas.com\/it\/wp-json\/wp\/v2\/product_cat?post=12539"},{"taxonomy":"product_tag","embeddable":true,"href":"https:\/\/recambiosecogas.com\/it\/wp-json\/wp\/v2\/product_tag?post=12539"}],"curies":[{"name":"wp","href":"https:\/\/api.w.org\/{rel}","templated":true}]}}