{"id":12533,"date":"2024-12-24T09:44:30","date_gmt":"2024-12-24T09:44:30","guid":{"rendered":"https:\/\/recambiosecogas.com\/?post_type=product&#038;p=12533"},"modified":"2025-07-01T18:11:15","modified_gmt":"2025-07-01T17:11:15","slug":"metal-lube-formula-autogas-glp-gnc","status":"publish","type":"product","link":"https:\/\/recambiosecogas.com\/it\/producto\/metal-lube-formula-autogas-glp-gnc\/","title":{"rendered":"METAL LUBE FORMULA AUTOGAS GLP \/ GNC"},"content":{"rendered":"<h3 data-start=\"158\" data-end=\"244\">METAL LUBE FORMULA AUTOGAS GLP \/ GNC \u2013 Protector de v\u00e1lvulas para veh\u00edculos bifuel<\/h3>\n<p data-start=\"246\" data-end=\"734\"><strong data-start=\"246\" data-end=\"286\">METAL LUBE FORMULA AUTOGAS GLP \/ GNC<\/strong> es un tratamiento sint\u00e9tico avanzado dise\u00f1ado espec\u00edficamente para proteger los motores alimentados con gas licuado del petr\u00f3leo (GLP) o gas natural comprimido (GNC). A diferencia de la gasolina, estos combustibles no contienen aditivos lubricantes, lo que provoca un desgaste acelerado de las v\u00e1lvulas y sus asientos. Este desgaste se debe al fen\u00f3meno conocido como VSR (Valve Seat Recession), que puede causar da\u00f1os prematuros si no se previene.<\/p>\n<blockquote>\n<p data-start=\"736\" data-end=\"1079\"><strong>MODO DE USO:<\/strong><\/p>\n<p data-start=\"736\" data-end=\"1079\"><strong>Este producto se a\u00f1ade directamente al dep\u00f3sito de gasolina.<\/strong> Durante el arranque en fr\u00edo y las fases en las que el motor opera con gasolina, el tratamiento se activa y penetra en los componentes met\u00e1licos cr\u00edticos como v\u00e1lvulas e inyectores. Esto permite que, incluso durante la combusti\u00f3n del GLP, el sistema permanezca protegido y lubricado.<\/p>\n<\/blockquote>\n<p data-start=\"1081\" data-end=\"1422\">Su f\u00f3rmula est\u00e1 recomendada tanto para veh\u00edculos bifuel transformados como para aquellos que salen de f\u00e1brica preparados para GLP o GNC. No da\u00f1a los catalizadores, sensores de ox\u00edgeno ni afecta el funcionamiento de sondas lambda o FAP. Adem\u00e1s, mejora la eficiencia, prolonga la vida \u00fatil del sistema y contribuye a una combusti\u00f3n m\u00e1s limpia.<\/p>\n<p data-start=\"1424\" data-end=\"1673\">Se presenta en envases de 120 ml, con una dosificaci\u00f3n recomendada de 2 ml por litro de gasolina, suficiente para tratar hasta 60 litros. Se recomienda utilizarlo cada dos llenados de dep\u00f3sito o en cada repostaje si se desea una protecci\u00f3n continua.<\/p>\n<p data-start=\"1675\" data-end=\"1840\">Este tratamiento representa una soluci\u00f3n preventiva de alto rendimiento para el mantenimiento eficiente y duradero de motores que utilizan combustibles alternativos.<\/p>\n<hr data-start=\"1842\" data-end=\"1845\" \/>\n<p data-start=\"1847\" data-end=\"1875\"><strong data-start=\"1847\" data-end=\"1875\">Caracter\u00edsticas t\u00e9cnicas<\/strong><\/p>\n<div class=\"_tableContainer_16hzy_1\">\n<div class=\"_tableWrapper_16hzy_14 group flex w-fit flex-col-reverse\" tabindex=\"-1\">\n<table class=\"w-fit min-w-(--thread-content-width)\" data-start=\"1877\" data-end=\"2667\">\n<thead data-start=\"1877\" data-end=\"1956\">\n<tr data-start=\"1877\" data-end=\"1956\">\n<th data-start=\"1877\" data-end=\"1913\" data-col-size=\"sm\">Caracter\u00edstica<\/th>\n<th data-start=\"1913\" data-end=\"1956\" data-col-size=\"sm\">Valor<\/th>\n<\/tr>\n<\/thead>\n<tbody data-start=\"2036\" data-end=\"2667\">\n<tr data-start=\"2036\" data-end=\"2114\">\n<td data-start=\"2036\" data-end=\"2071\" data-col-size=\"sm\">Tipo de producto<\/td>\n<td data-start=\"2071\" data-end=\"2114\" data-col-size=\"sm\">Tratamiento preventivo sint\u00e9tico<\/td>\n<\/tr>\n<tr data-start=\"2115\" data-end=\"2193\">\n<td data-start=\"2115\" data-end=\"2150\" data-col-size=\"sm\">Aplicaci\u00f3n<\/td>\n<td data-start=\"2150\" data-end=\"2193\" data-col-size=\"sm\">Veh\u00edculos con GLP o GNC<\/td>\n<\/tr>\n<tr data-start=\"2194\" data-end=\"2272\">\n<td data-start=\"2194\" data-end=\"2229\" data-col-size=\"sm\">Capacidad<\/td>\n<td data-start=\"2229\" data-end=\"2272\" data-col-size=\"sm\">120 ml<\/td>\n<\/tr>\n<tr data-start=\"2273\" data-end=\"2351\">\n<td data-start=\"2273\" data-end=\"2308\" data-col-size=\"sm\">Dosis recomendada<\/td>\n<td data-start=\"2308\" data-end=\"2351\" data-col-size=\"sm\">2 ml por litro de gasolina<\/td>\n<\/tr>\n<tr data-start=\"2352\" data-end=\"2430\">\n<td data-start=\"2352\" data-end=\"2387\" data-col-size=\"sm\">Compatibilidad<\/td>\n<td data-start=\"2387\" data-end=\"2430\" data-col-size=\"sm\">GLP, GNC, gasolina, bifuel<\/td>\n<\/tr>\n<tr data-start=\"2431\" data-end=\"2509\">\n<td data-start=\"2431\" data-end=\"2466\" data-col-size=\"sm\">Frecuencia de uso<\/td>\n<td data-start=\"2466\" data-end=\"2509\" data-col-size=\"sm\">Cada 2 dep\u00f3sitos o cada repostaje<\/td>\n<\/tr>\n<tr data-start=\"2510\" data-end=\"2588\">\n<td data-start=\"2510\" data-end=\"2545\" data-col-size=\"sm\">Apto para<\/td>\n<td data-start=\"2545\" data-end=\"2588\" data-col-size=\"sm\">Motores 2 y 4 tiempos, di\u00e9sel o gasolina<\/td>\n<\/tr>\n<tr data-start=\"2589\" data-end=\"2667\">\n<td data-start=\"2589\" data-end=\"2624\" data-col-size=\"sm\">No afecta<\/td>\n<td data-start=\"2624\" data-end=\"2667\" data-col-size=\"sm\">Catalizadores, sondas lambda, FAP<\/td>\n<\/tr>\n<\/tbody>\n<\/table>\n<div class=\"absolute end-0 flex items-end\"><a href=\"https:\/\/recambiosecogas.com\/categoria-producto\/aditivos\/\">Consigue m\u00e1s aditivos para tu pr\u00f3xima revisi\u00f3n.<\/a><\/div>\n<div><a href=\"https:\/\/recambiosecogas.es\/\">Solicita tu cuenta profesional.<\/a><\/div>\n<\/div>\n<\/div>\n","protected":false},"excerpt":{"rendered":"<p><strong>ENVASE:<\/strong> 120 ml.<\/p>\n","protected":false},"featured_media":12564,"comment_status":"open","ping_status":"closed","template":"","meta":{"_uag_custom_page_level_css":""},"product_brand":[],"product_cat":[2214,2191,2215],"product_tag":[],"class_list":{"0":"post-12533","1":"product","2":"type-product","3":"status-publish","4":"has-post-thumbnail","6":"product_cat-aditivos","7":"product_cat-liquido-protector-de-valvulas","8":"product_cat-metallube-tratauto","10":"first","11":"onbackorder","12":"taxable","13":"shipping-taxable","14":"purchasable","15":"product-type-simple"},"ct_brands":[],"yoast_head":"<!-- This site is optimized with the Yoast SEO Premium plugin v27.5 (Yoast SEO v27.5) - https:\/\/yoast.com\/product\/yoast-seo-premium-wordpress\/ -->\n<title>METAL LUBE FORMULA AUTOGAS GLP \/ GNC | Recambios EcoGas | Sistemas GLP y GNC<\/title>\n<meta name=\"description\" content=\"METAL LUBE para motores GLP\/GNC. Previene el desgaste y mejora la lubricaci\u00f3n en sistemas bifuel. Protector de v\u00e1lvulas\" \/>\n<meta name=\"robots\" content=\"index, follow, max-snippet:-1, max-image-preview:large, max-video-preview:-1\" \/>\n<link rel=\"canonical\" href=\"https:\/\/recambiosecogas.com\/it\/producto\/metal-lube-formula-autogas-glp-gnc\/\" \/>\n<meta property=\"og:locale\" content=\"it_IT\" \/>\n<meta property=\"og:type\" content=\"article\" \/>\n<meta property=\"og:title\" content=\"METAL LUBE FORMULA AUTOGAS GLP \/ GNC\" \/>\n<meta property=\"og:description\" content=\"METAL LUBE para motores GLP\/GNC. Previene el desgaste y mejora la lubricaci\u00f3n en sistemas bifuel. Protector de v\u00e1lvulas\" \/>\n<meta property=\"og:url\" content=\"https:\/\/recambiosecogas.com\/it\/producto\/metal-lube-formula-autogas-glp-gnc\/\" \/>\n<meta property=\"og:site_name\" content=\"Recambios EcoGas\" \/>\n<meta property=\"article:publisher\" content=\"https:\/\/www.facebook.com\/profile.php?id=100062419705358\" \/>\n<meta property=\"article:modified_time\" content=\"2025-07-01T17:11:15+00:00\" \/>\n<meta property=\"og:image\" content=\"https:\/\/recambiosecogas.com\/wp-content\/uploads\/2024\/12\/Formula-Autogas-GLP-png.webp\" \/>\n\t<meta property=\"og:image:width\" content=\"1000\" \/>\n\t<meta property=\"og:image:height\" content=\"1000\" \/>\n\t<meta property=\"og:image:type\" content=\"image\/png\" \/>\n<meta name=\"twitter:card\" content=\"summary_large_image\" \/>\n<meta name=\"twitter:label1\" content=\"Prezzo\" \/>\n\t<meta name=\"twitter:data1\" content=\"19,95&nbsp;&euro; (Sin IVA: 16,49&nbsp;&euro;)\" \/>\n\t<meta name=\"twitter:label2\" content=\"Disponibilit\u00e0\" \/>\n\t<meta name=\"twitter:data2\" content=\"Su ordinazione\" \/>\n<script type=\"application\/ld+json\" class=\"yoast-schema-graph\">{\"@context\":\"https:\\\/\\\/schema.org\",\"@graph\":[{\"@type\":\"WebPage\",\"@id\":\"https:\\\/\\\/recambiosecogas.com\\\/it\\\/producto\\\/metal-lube-formula-autogas-glp-gnc\\\/\",\"url\":\"https:\\\/\\\/recambiosecogas.com\\\/it\\\/producto\\\/metal-lube-formula-autogas-glp-gnc\\\/\",\"name\":\"METAL LUBE FORMULA AUTOGAS GLP \\\/ GNC | Recambios EcoGas | Sistemas GLP y GNC\",\"isPartOf\":{\"@id\":\"https:\\\/\\\/recambiosecogas.com\\\/it\\\/#website\"},\"primaryImageOfPage\":{\"@id\":\"https:\\\/\\\/recambiosecogas.com\\\/it\\\/producto\\\/metal-lube-formula-autogas-glp-gnc\\\/#primaryimage\"},\"image\":{\"@id\":\"https:\\\/\\\/recambiosecogas.com\\\/it\\\/producto\\\/metal-lube-formula-autogas-glp-gnc\\\/#primaryimage\"},\"thumbnailUrl\":\"https:\\\/\\\/recambiosecogas.com\\\/wp-content\\\/uploads\\\/2024\\\/12\\\/Formula-Autogas-GLP-png.webp\",\"datePublished\":\"2024-12-24T09:44:30+00:00\",\"dateModified\":\"2025-07-01T17:11:15+00:00\",\"description\":\"METAL LUBE para motores GLP\\\/GNC. Previene el desgaste y mejora la lubricaci\u00f3n en sistemas bifuel. Protector de v\u00e1lvulas\",\"breadcrumb\":{\"@id\":\"https:\\\/\\\/recambiosecogas.com\\\/it\\\/producto\\\/metal-lube-formula-autogas-glp-gnc\\\/#breadcrumb\"},\"inLanguage\":\"it-IT\",\"potentialAction\":[{\"@type\":\"ReadAction\",\"target\":[\"https:\\\/\\\/recambiosecogas.com\\\/it\\\/producto\\\/metal-lube-formula-autogas-glp-gnc\\\/\"]}]},{\"@type\":\"ImageObject\",\"inLanguage\":\"it-IT\",\"@id\":\"https:\\\/\\\/recambiosecogas.com\\\/it\\\/producto\\\/metal-lube-formula-autogas-glp-gnc\\\/#primaryimage\",\"url\":\"https:\\\/\\\/recambiosecogas.com\\\/wp-content\\\/uploads\\\/2024\\\/12\\\/Formula-Autogas-GLP-png.webp\",\"contentUrl\":\"https:\\\/\\\/recambiosecogas.com\\\/wp-content\\\/uploads\\\/2024\\\/12\\\/Formula-Autogas-GLP-png.webp\",\"width\":1000,\"height\":1000},{\"@type\":\"BreadcrumbList\",\"@id\":\"https:\\\/\\\/recambiosecogas.com\\\/it\\\/producto\\\/metal-lube-formula-autogas-glp-gnc\\\/#breadcrumb\",\"itemListElement\":[{\"@type\":\"ListItem\",\"position\":1,\"name\":\"Portada\",\"item\":\"https:\\\/\\\/recambiosecogas.com\\\/it\\\/\"},{\"@type\":\"ListItem\",\"position\":2,\"name\":\"Negozio\",\"item\":\"https:\\\/\\\/recambiosecogas.com\\\/it\\\/?page_id=46382\"},{\"@type\":\"ListItem\",\"position\":3,\"name\":\"METAL LUBE FORMULA AUTOGAS GLP \\\/ GNC\"}]},{\"@type\":\"WebSite\",\"@id\":\"https:\\\/\\\/recambiosecogas.com\\\/it\\\/#website\",\"url\":\"https:\\\/\\\/recambiosecogas.com\\\/it\\\/\",\"name\":\"Recambios EcoGas\",\"description\":\"Recambios Multimarca para sistemas de GLP\\\/GNC\\\/GNL\\\/Hidr\u00f3geno\",\"publisher\":{\"@id\":\"https:\\\/\\\/recambiosecogas.com\\\/it\\\/#organization\"},\"alternateName\":\"Recambios Autogas GLP\",\"potentialAction\":[{\"@type\":\"SearchAction\",\"target\":{\"@type\":\"EntryPoint\",\"urlTemplate\":\"https:\\\/\\\/recambiosecogas.com\\\/it\\\/?s={search_term_string}\"},\"query-input\":{\"@type\":\"PropertyValueSpecification\",\"valueRequired\":true,\"valueName\":\"search_term_string\"}}],\"inLanguage\":\"it-IT\"},{\"@type\":[\"Organization\",\"Place\"],\"@id\":\"https:\\\/\\\/recambiosecogas.com\\\/it\\\/#organization\",\"name\":\"Recambios EcoGas\",\"alternateName\":\"Tienda Online GLP Espa\u00f1a\",\"url\":\"https:\\\/\\\/recambiosecogas.com\\\/it\\\/\",\"logo\":{\"@id\":\"https:\\\/\\\/recambiosecogas.com\\\/it\\\/producto\\\/metal-lube-formula-autogas-glp-gnc\\\/#local-main-organization-logo\"},\"image\":{\"@id\":\"https:\\\/\\\/recambiosecogas.com\\\/it\\\/producto\\\/metal-lube-formula-autogas-glp-gnc\\\/#local-main-organization-logo\"},\"sameAs\":[\"https:\\\/\\\/www.facebook.com\\\/profile.php?id=100062419705358\",\"https:\\\/\\\/www.instagram.com\\\/segimon_automocio\"],\"description\":\"Recambios EcoGas \u2013 Venta y distribuci\u00f3n de sistemas GLP y GNC en Espa\u00f1a y Portugal. Env\u00edos 24 h, soporte t\u00e9cnico a talleres y distribuidores.\",\"hasMerchantReturnPolicy\":{\"@type\":\"MerchantReturnPolicy\",\"merchantReturnLink\":\"https:\\\/\\\/recambiosecogas.com\\\/politicas-privacidad\\\/\"},\"address\":{\"@id\":\"https:\\\/\\\/recambiosecogas.com\\\/it\\\/producto\\\/metal-lube-formula-autogas-glp-gnc\\\/#local-main-place-address\"},\"telephone\":[\"616250633\"],\"contactPoint\":{\"@type\":\"ContactPoint\",\"email\":\"export@recambiosecogas.com\"},\"openingHoursSpecification\":[{\"@type\":\"OpeningHoursSpecification\",\"dayOfWeek\":[\"Monday\",\"Tuesday\",\"Wednesday\",\"Thursday\",\"Friday\",\"Saturday\",\"Sunday\"],\"opens\":\"09:00\",\"closes\":\"17:00\"}],\"email\":\"info@recambiosecogas.com\",\"faxNumber\":\"SEGIMON AUTOMOCION SL\",\"vatID\":\"ESB19819861\",\"globalLocationNumber\":\"938 616 339\"},{\"@type\":\"PostalAddress\",\"@id\":\"https:\\\/\\\/recambiosecogas.com\\\/it\\\/producto\\\/metal-lube-formula-autogas-glp-gnc\\\/#local-main-place-address\",\"streetAddress\":\"cami antic de vic, 29 (Nave 3), Pol\u00edgono Industrial Congost\",\"addressLocality\":\"CORRO D`AVALL\",\"postalCode\":\"08520\",\"addressRegion\":\"Barcelona\",\"addressCountry\":\"ES\"},{\"@type\":\"ImageObject\",\"inLanguage\":\"it-IT\",\"@id\":\"https:\\\/\\\/recambiosecogas.com\\\/it\\\/producto\\\/metal-lube-formula-autogas-glp-gnc\\\/#local-main-organization-logo\",\"url\":\"https:\\\/\\\/recambiosecogas.com\\\/wp-content\\\/uploads\\\/2024\\\/11\\\/cropped-RECAMBIOS-GLP-png.webp\",\"contentUrl\":\"https:\\\/\\\/recambiosecogas.com\\\/wp-content\\\/uploads\\\/2024\\\/11\\\/cropped-RECAMBIOS-GLP-png.webp\",\"width\":512,\"height\":512,\"caption\":\"Recambios EcoGas\"}]}<\/script>\n<meta property=\"product:price:amount\" content=\"19.95\" \/>\n<meta property=\"product:price:currency\" content=\"EUR\" \/>\n<meta property=\"og:availability\" content=\"backorder\" \/>\n<meta property=\"product:availability\" content=\"available for order\" \/>\n<meta property=\"product:retailer_item_id\" content=\"METALUBEGLP\" \/>\n<meta property=\"product:condition\" content=\"new\" \/>\n<meta name=\"geo.placename\" content=\"CORRO D`AVALL\" \/>\n<meta name=\"geo.region\" content=\"Spagna\" \/>\n<!-- \/ Yoast SEO Premium plugin. -->","yoast_head_json":{"title":"METAL LUBE FORMULA AUTOGAS GLP \/ GNC | Recambios EcoGas | Sistemas GLP y GNC","description":"METAL LUBE para motores GLP\/GNC. Previene el desgaste y mejora la lubricaci\u00f3n en sistemas bifuel. Protector de v\u00e1lvulas","robots":{"index":"index","follow":"follow","max-snippet":"max-snippet:-1","max-image-preview":"max-image-preview:large","max-video-preview":"max-video-preview:-1"},"canonical":"https:\/\/recambiosecogas.com\/it\/producto\/metal-lube-formula-autogas-glp-gnc\/","og_locale":"it_IT","og_type":"article","og_title":"METAL LUBE FORMULA AUTOGAS GLP \/ GNC","og_description":"METAL LUBE para motores GLP\/GNC. Previene el desgaste y mejora la lubricaci\u00f3n en sistemas bifuel. Protector de v\u00e1lvulas","og_url":"https:\/\/recambiosecogas.com\/it\/producto\/metal-lube-formula-autogas-glp-gnc\/","og_site_name":"Recambios EcoGas","article_publisher":"https:\/\/www.facebook.com\/profile.php?id=100062419705358","article_modified_time":"2025-07-01T17:11:15+00:00","og_image":[{"width":1000,"height":1000,"url":"https:\/\/recambiosecogas.com\/wp-content\/uploads\/2024\/12\/Formula-Autogas-GLP-png.webp","type":"image\/png"}],"twitter_card":"summary_large_image","twitter_misc":{"Prezzo":"19,95&nbsp;&euro; (Sin IVA: 16,49&nbsp;&euro;)","Disponibilit\u00e0":"Su ordinazione"},"schema":{"@context":"https:\/\/schema.org","@graph":[{"@type":"WebPage","@id":"https:\/\/recambiosecogas.com\/it\/producto\/metal-lube-formula-autogas-glp-gnc\/","url":"https:\/\/recambiosecogas.com\/it\/producto\/metal-lube-formula-autogas-glp-gnc\/","name":"METAL LUBE FORMULA AUTOGAS GLP \/ GNC | Recambios EcoGas | Sistemas GLP y GNC","isPartOf":{"@id":"https:\/\/recambiosecogas.com\/it\/#website"},"primaryImageOfPage":{"@id":"https:\/\/recambiosecogas.com\/it\/producto\/metal-lube-formula-autogas-glp-gnc\/#primaryimage"},"image":{"@id":"https:\/\/recambiosecogas.com\/it\/producto\/metal-lube-formula-autogas-glp-gnc\/#primaryimage"},"thumbnailUrl":"https:\/\/recambiosecogas.com\/wp-content\/uploads\/2024\/12\/Formula-Autogas-GLP-png.webp","datePublished":"2024-12-24T09:44:30+00:00","dateModified":"2025-07-01T17:11:15+00:00","description":"METAL LUBE para motores GLP\/GNC. Previene el desgaste y mejora la lubricaci\u00f3n en sistemas bifuel. Protector de v\u00e1lvulas","breadcrumb":{"@id":"https:\/\/recambiosecogas.com\/it\/producto\/metal-lube-formula-autogas-glp-gnc\/#breadcrumb"},"inLanguage":"it-IT","potentialAction":[{"@type":"ReadAction","target":["https:\/\/recambiosecogas.com\/it\/producto\/metal-lube-formula-autogas-glp-gnc\/"]}]},{"@type":"ImageObject","inLanguage":"it-IT","@id":"https:\/\/recambiosecogas.com\/it\/producto\/metal-lube-formula-autogas-glp-gnc\/#primaryimage","url":"https:\/\/recambiosecogas.com\/wp-content\/uploads\/2024\/12\/Formula-Autogas-GLP-png.webp","contentUrl":"https:\/\/recambiosecogas.com\/wp-content\/uploads\/2024\/12\/Formula-Autogas-GLP-png.webp","width":1000,"height":1000},{"@type":"BreadcrumbList","@id":"https:\/\/recambiosecogas.com\/it\/producto\/metal-lube-formula-autogas-glp-gnc\/#breadcrumb","itemListElement":[{"@type":"ListItem","position":1,"name":"Portada","item":"https:\/\/recambiosecogas.com\/it\/"},{"@type":"ListItem","position":2,"name":"Negozio","item":"https:\/\/recambiosecogas.com\/it\/?page_id=46382"},{"@type":"ListItem","position":3,"name":"METAL LUBE FORMULA AUTOGAS GLP \/ GNC"}]},{"@type":"WebSite","@id":"https:\/\/recambiosecogas.com\/it\/#website","url":"https:\/\/recambiosecogas.com\/it\/","name":"Recambios EcoGas","description":"Recambios Multimarca para sistemas de GLP\/GNC\/GNL\/Hidr\u00f3geno","publisher":{"@id":"https:\/\/recambiosecogas.com\/it\/#organization"},"alternateName":"Recambios Autogas GLP","potentialAction":[{"@type":"SearchAction","target":{"@type":"EntryPoint","urlTemplate":"https:\/\/recambiosecogas.com\/it\/?s={search_term_string}"},"query-input":{"@type":"PropertyValueSpecification","valueRequired":true,"valueName":"search_term_string"}}],"inLanguage":"it-IT"},{"@type":["Organization","Place"],"@id":"https:\/\/recambiosecogas.com\/it\/#organization","name":"Recambios EcoGas","alternateName":"Tienda Online GLP Espa\u00f1a","url":"https:\/\/recambiosecogas.com\/it\/","logo":{"@id":"https:\/\/recambiosecogas.com\/it\/producto\/metal-lube-formula-autogas-glp-gnc\/#local-main-organization-logo"},"image":{"@id":"https:\/\/recambiosecogas.com\/it\/producto\/metal-lube-formula-autogas-glp-gnc\/#local-main-organization-logo"},"sameAs":["https:\/\/www.facebook.com\/profile.php?id=100062419705358","https:\/\/www.instagram.com\/segimon_automocio"],"description":"Recambios EcoGas \u2013 Venta y distribuci\u00f3n de sistemas GLP y GNC en Espa\u00f1a y Portugal. Env\u00edos 24 h, soporte t\u00e9cnico a talleres y distribuidores.","hasMerchantReturnPolicy":{"@type":"MerchantReturnPolicy","merchantReturnLink":"https:\/\/recambiosecogas.com\/politicas-privacidad\/"},"address":{"@id":"https:\/\/recambiosecogas.com\/it\/producto\/metal-lube-formula-autogas-glp-gnc\/#local-main-place-address"},"telephone":["616250633"],"contactPoint":{"@type":"ContactPoint","email":"export@recambiosecogas.com"},"openingHoursSpecification":[{"@type":"OpeningHoursSpecification","dayOfWeek":["Monday","Tuesday","Wednesday","Thursday","Friday","Saturday","Sunday"],"opens":"09:00","closes":"17:00"}],"email":"info@recambiosecogas.com","faxNumber":"SEGIMON AUTOMOCION SL","vatID":"ESB19819861","globalLocationNumber":"938 616 339"},{"@type":"PostalAddress","@id":"https:\/\/recambiosecogas.com\/it\/producto\/metal-lube-formula-autogas-glp-gnc\/#local-main-place-address","streetAddress":"cami antic de vic, 29 (Nave 3), Pol\u00edgono Industrial Congost","addressLocality":"CORRO D`AVALL","postalCode":"08520","addressRegion":"Barcelona","addressCountry":"ES"},{"@type":"ImageObject","inLanguage":"it-IT","@id":"https:\/\/recambiosecogas.com\/it\/producto\/metal-lube-formula-autogas-glp-gnc\/#local-main-organization-logo","url":"https:\/\/recambiosecogas.com\/wp-content\/uploads\/2024\/11\/cropped-RECAMBIOS-GLP-png.webp","contentUrl":"https:\/\/recambiosecogas.com\/wp-content\/uploads\/2024\/11\/cropped-RECAMBIOS-GLP-png.webp","width":512,"height":512,"caption":"Recambios EcoGas"}]},"product_price_amount":"19.95","product_price_currency":"EUR","og_availability":"backorder","product_availability":"available for order","product_retailer_item_id":"METALUBEGLP","product_condition":"new","geo.placename":"CORRO D`AVALL","geo.region":"Spagna"},"uagb_featured_image_src":{"full":["https:\/\/recambiosecogas.com\/wp-content\/uploads\/2024\/12\/Formula-Autogas-GLP-png.webp",1000,1000,false],"thumbnail":["https:\/\/recambiosecogas.com\/wp-content\/uploads\/2024\/12\/Formula-Autogas-GLP-150x150.webp",150,150,true],"medium":["https:\/\/recambiosecogas.com\/wp-content\/uploads\/2024\/12\/Formula-Autogas-GLP-300x300.webp",300,300,true],"medium_large":["https:\/\/recambiosecogas.com\/wp-content\/uploads\/2024\/12\/Formula-Autogas-GLP-768x768.webp",768,768,true],"large":["https:\/\/recambiosecogas.com\/wp-content\/uploads\/2024\/12\/Formula-Autogas-GLP-png.webp",1000,1000,false],"1536x1536":["https:\/\/recambiosecogas.com\/wp-content\/uploads\/2024\/12\/Formula-Autogas-GLP-png.webp",1000,1000,false],"2048x2048":["https:\/\/recambiosecogas.com\/wp-content\/uploads\/2024\/12\/Formula-Autogas-GLP-png.webp",1000,1000,false],"woocommerce_archive_thumbnail":["https:\/\/recambiosecogas.com\/wp-content\/uploads\/2024\/12\/Formula-Autogas-GLP-png.webp",1000,1000,false],"woocommerce_thumbnail":["https:\/\/recambiosecogas.com\/wp-content\/uploads\/2024\/12\/Formula-Autogas-GLP-300x300.webp",300,300,true],"woocommerce_single":["https:\/\/recambiosecogas.com\/wp-content\/uploads\/2024\/12\/Formula-Autogas-GLP-png.webp",1000,1000,false],"woocommerce_gallery_thumbnail":["https:\/\/recambiosecogas.com\/wp-content\/uploads\/2024\/12\/Formula-Autogas-GLP-png.webp",1000,1000,false],"dgwt-wcas-product-suggestion":["https:\/\/recambiosecogas.com\/wp-content\/uploads\/2024\/12\/Formula-Autogas-GLP-64x64.webp",64,64,true]},"uagb_author_info":{"display_name":"Fran - Soporte T\u00e9cnico","author_link":"https:\/\/recambiosecogas.com\/it\/author\/"},"uagb_comment_info":0,"uagb_excerpt":"ENVASE: 120 ml.","_links":{"self":[{"href":"https:\/\/recambiosecogas.com\/it\/wp-json\/wp\/v2\/product\/12533","targetHints":{"allow":["GET"]}}],"collection":[{"href":"https:\/\/recambiosecogas.com\/it\/wp-json\/wp\/v2\/product"}],"about":[{"href":"https:\/\/recambiosecogas.com\/it\/wp-json\/wp\/v2\/types\/product"}],"replies":[{"embeddable":true,"href":"https:\/\/recambiosecogas.com\/it\/wp-json\/wp\/v2\/comments?post=12533"}],"wp:featuredmedia":[{"embeddable":true,"href":"https:\/\/recambiosecogas.com\/it\/wp-json\/wp\/v2\/media\/12564"}],"wp:attachment":[{"href":"https:\/\/recambiosecogas.com\/it\/wp-json\/wp\/v2\/media?parent=12533"}],"wp:term":[{"taxonomy":"product_brand","embeddable":true,"href":"https:\/\/recambiosecogas.com\/it\/wp-json\/wp\/v2\/product_brand?post=12533"},{"taxonomy":"product_cat","embeddable":true,"href":"https:\/\/recambiosecogas.com\/it\/wp-json\/wp\/v2\/product_cat?post=12533"},{"taxonomy":"product_tag","embeddable":true,"href":"https:\/\/recambiosecogas.com\/it\/wp-json\/wp\/v2\/product_tag?post=12533"}],"curies":[{"name":"wp","href":"https:\/\/api.w.org\/{rel}","templated":true}]}}