{"id":12214,"date":"2024-12-23T14:31:46","date_gmt":"2024-12-23T14:31:46","guid":{"rendered":"https:\/\/recambiosecogas.com\/?post_type=product&#038;p=12214"},"modified":"2026-05-05T10:52:45","modified_gmt":"2026-05-05T09:52:45","slug":"flashlube-lubricante-glp-1l","status":"publish","type":"product","link":"https:\/\/recambiosecogas.com\/it\/producto\/flashlube-lubricante-glp-1l\/","title":{"rendered":"FLASHLUBE LUBRICANTE GLP 1L"},"content":{"rendered":"<div><\/div>\n<div>\n<h3 style=\"text-align: center;\" data-start=\"152\" data-end=\"229\">Flashlube Lubricante GLP 1L \u2013 Protecci\u00f3n de v\u00e1lvulas para veh\u00edculos a gas<\/h3>\n<p data-start=\"231\" data-end=\"711\"><strong data-start=\"231\" data-end=\"262\">Flashlube Lubricante GLP 1L<\/strong> es un aditivo formulado especialmente para proteger el motor de veh\u00edculos que funcionan con autog\u00e1s GLP. Su tecnolog\u00eda avanzada ayuda a prevenir el desgaste prematuro de v\u00e1lvulas y la acumulaci\u00f3n de residuos en el sistema de combusti\u00f3n, mejorando as\u00ed la eficiencia general del motor y prolongando su vida \u00fatil. Este producto es compatible con una amplia gama de sistemas GLP instalados tanto en veh\u00edculos bifuel como en conversiones personalizadas.<\/p>\n<p data-start=\"713\" data-end=\"1137\"><strong>Este lubricante se introduce directamente en el sistema de dosificaci\u00f3n del aditivo, y funciona de forma continua mientras el motor est\u00e1 en marcha<\/strong>, asegurando una protecci\u00f3n constante. Est\u00e1 dise\u00f1ado para veh\u00edculos ligeros, furgonetas, y flotas profesionales que utilicen autog\u00e1s, incluyendo modelos de marcas como Audi, BMW, Ford, Mercedes-Benz, Peugeot, Renault, Volkswagen, Toyota, Nissan, Kia, Hyundai, Fiat, entre otras.<\/p>\n<p data-start=\"1139\" data-end=\"1461\">Flashlube es reconocido internacionalmente por su calidad y fiabilidad, recomendado por numerosos fabricantes de sistemas GLP como parte esencial del mantenimiento preventivo. Su uso regular evita costosas aver\u00edas relacionadas con la recesi\u00f3n de asientos de v\u00e1lvulas (VSR), un problema com\u00fan en motores que operan con gas.<\/p>\n<hr data-start=\"1463\" data-end=\"1466\" \/>\n<p data-start=\"1468\" data-end=\"1496\"><strong data-start=\"1468\" data-end=\"1496\">Caracter\u00edsticas t\u00e9cnicas &#8211; <\/strong><span style=\"color: #ffffff;\">\u00a9RecambiosEcoGas<\/span><\/p>\n<div class=\"_tableContainer_16hzy_1\">\n<div class=\"_tableWrapper_16hzy_14 group flex w-fit flex-col-reverse\" tabindex=\"-1\">\n<table class=\"w-fit min-w-(--thread-content-width)\" data-start=\"1498\" data-end=\"2288\">\n<thead data-start=\"1498\" data-end=\"1586\">\n<tr data-start=\"1498\" data-end=\"1586\">\n<th data-start=\"1498\" data-end=\"1534\" data-col-size=\"sm\">Caracter\u00edstica<\/th>\n<th data-start=\"1534\" data-end=\"1586\" data-col-size=\"md\">Valor<\/th>\n<\/tr>\n<\/thead>\n<tbody data-start=\"1675\" data-end=\"2288\">\n<tr data-start=\"1675\" data-end=\"1762\">\n<td data-start=\"1675\" data-end=\"1710\" data-col-size=\"sm\">Tipo de producto<\/td>\n<td data-start=\"1710\" data-end=\"1762\" data-col-size=\"md\">Aditivo lubricante para GLP<\/td>\n<\/tr>\n<tr data-start=\"1763\" data-end=\"1850\">\n<td data-start=\"1763\" data-end=\"1798\" data-col-size=\"sm\">Capacidad<\/td>\n<td data-start=\"1798\" data-end=\"1850\" data-col-size=\"md\">1 Litro<\/td>\n<\/tr>\n<tr data-start=\"1851\" data-end=\"1937\">\n<td data-start=\"1851\" data-end=\"1886\" data-col-size=\"sm\">Aplicaci\u00f3n<\/td>\n<td data-start=\"1886\" data-end=\"1937\" data-col-size=\"md\">Veh\u00edculos con sistemas de gas GLP<\/td>\n<\/tr>\n<tr data-start=\"1938\" data-end=\"2025\">\n<td data-start=\"1938\" data-end=\"1973\" data-col-size=\"sm\">Compatibilidad<\/td>\n<td data-start=\"1973\" data-end=\"2025\" data-col-size=\"md\">Sistemas universales GLP<\/td>\n<\/tr>\n<tr data-start=\"2026\" data-end=\"2112\">\n<td data-start=\"2026\" data-end=\"2061\" data-col-size=\"sm\">Protecci\u00f3n<\/td>\n<td data-start=\"2061\" data-end=\"2112\" data-col-size=\"md\">Contra VSR (desgaste en v\u00e1lvulas)<\/td>\n<\/tr>\n<tr data-start=\"2113\" data-end=\"2200\">\n<td data-start=\"2113\" data-end=\"2148\" data-col-size=\"sm\">Frecuencia de uso<\/td>\n<td data-start=\"2148\" data-end=\"2200\" data-col-size=\"md\">Seg\u00fan sistema de dosificaci\u00f3n autom\u00e1tico<\/td>\n<\/tr>\n<tr data-start=\"2201\" data-end=\"2288\">\n<td data-start=\"2201\" data-end=\"2236\" data-col-size=\"sm\">Efecto<\/td>\n<td data-start=\"2236\" data-end=\"2288\" data-col-size=\"md\">Lubricaci\u00f3n continua durante el uso del GLP<\/td>\n<\/tr>\n<\/tbody>\n<\/table>\n<\/div>\n<\/div>\n<\/div>\n<div class=\"absolute end-0 flex items-end\"><a href=\"https:\/\/recambiosecogas.com\/categoria-producto\/aditivos\/\">Consigue m\u00e1s aditivos para tu pr\u00f3xima revisi\u00f3n.<\/a><\/div>\n<div><a href=\"https:\/\/recambiosecogas.es\/\">Solicita tu cuenta profesional.<\/a><\/div>\n","protected":false},"excerpt":{"rendered":"<p><strong>Optimiza el rendimiento de tu veh\u00edculo con Flashlube Lubricante GLP.<\/strong> Lubricante avanzado para proteger el motor y las v\u00e1lvulas, compatible con una amplia gama de veh\u00edculos que utilizan GLP.<\/p>\n","protected":false},"featured_media":12411,"comment_status":"open","ping_status":"closed","template":"","meta":{"_uag_custom_page_level_css":""},"product_brand":[1005],"product_cat":[557,87,481],"product_tag":[],"class_list":{"0":"post-12214","1":"product","2":"type-product","3":"status-publish","4":"has-post-thumbnail","6":"product_brand-flashlube","7":"product_cat-aditivos","8":"product_cat-flashlube","9":"product_cat-liquido-protector-de-valvulas","11":"first","12":"instock","13":"sale","14":"taxable","15":"shipping-taxable","16":"purchasable","17":"product-type-variable"},"ct_brands":[{"id":1005,"name":"FLASHLUBE","slug":"flashlube"}],"yoast_head":"<!-- This site is optimized with the Yoast SEO Premium plugin v27.5 (Yoast SEO v27.5) - https:\/\/yoast.com\/product\/yoast-seo-premium-wordpress\/ -->\n<title>FLASHLUBE LUBRICANTE GLP 1L | Recambios EcoGas | Sistemas GLP y GNC<\/title>\n<meta name=\"description\" content=\"Lubricante Flashlube GLP: protege y prolonga la vida \u00fatil del motor. Ideal para sistemas GLP. Lubricaci\u00f3n superior, funcionamiento suave y confiable.\" \/>\n<meta name=\"robots\" content=\"index, follow, max-snippet:-1, max-image-preview:large, max-video-preview:-1\" \/>\n<link rel=\"canonical\" href=\"https:\/\/recambiosecogas.com\/it\/producto\/flashlube-lubricante-glp-1l\/\" \/>\n<meta property=\"og:locale\" content=\"it_IT\" \/>\n<meta property=\"og:type\" content=\"article\" \/>\n<meta property=\"og:title\" content=\"FLASHLUBE LUBRICANTE GLP 1L\" \/>\n<meta property=\"og:description\" content=\"Lubricante Flashlube GLP: protege y prolonga la vida \u00fatil del motor. Ideal para sistemas GLP. Lubricaci\u00f3n superior, funcionamiento suave y confiable.\" \/>\n<meta property=\"og:url\" content=\"https:\/\/recambiosecogas.com\/it\/producto\/flashlube-lubricante-glp-1l\/\" \/>\n<meta property=\"og:site_name\" content=\"Recambios EcoGas\" \/>\n<meta property=\"article:publisher\" content=\"https:\/\/www.facebook.com\/profile.php?id=100062419705358\" \/>\n<meta property=\"article:modified_time\" content=\"2026-05-05T09:52:45+00:00\" \/>\n<meta property=\"og:image\" content=\"https:\/\/recambiosecogas.com\/wp-content\/uploads\/2024\/12\/FLASHLUBE-1L-png.webp\" \/>\n\t<meta property=\"og:image:width\" content=\"1000\" \/>\n\t<meta property=\"og:image:height\" content=\"1000\" \/>\n\t<meta property=\"og:image:type\" content=\"image\/png\" \/>\n<meta name=\"twitter:card\" content=\"summary_large_image\" \/>\n<meta name=\"twitter:label1\" content=\"Disponibilit\u00e0\" \/>\n\t<meta name=\"twitter:data1\" content=\"In stock\" \/>\n<script type=\"application\/ld+json\" class=\"yoast-schema-graph\">{\"@context\":\"https:\\\/\\\/schema.org\",\"@graph\":[{\"@type\":\"WebPage\",\"@id\":\"https:\\\/\\\/recambiosecogas.com\\\/it\\\/producto\\\/flashlube-lubricante-glp-1l\\\/\",\"url\":\"https:\\\/\\\/recambiosecogas.com\\\/it\\\/producto\\\/flashlube-lubricante-glp-1l\\\/\",\"name\":\"FLASHLUBE LUBRICANTE GLP 1L | Recambios EcoGas | Sistemas GLP y GNC\",\"isPartOf\":{\"@id\":\"https:\\\/\\\/recambiosecogas.com\\\/it\\\/#website\"},\"primaryImageOfPage\":{\"@id\":\"https:\\\/\\\/recambiosecogas.com\\\/it\\\/producto\\\/flashlube-lubricante-glp-1l\\\/#primaryimage\"},\"image\":{\"@id\":\"https:\\\/\\\/recambiosecogas.com\\\/it\\\/producto\\\/flashlube-lubricante-glp-1l\\\/#primaryimage\"},\"thumbnailUrl\":\"https:\\\/\\\/recambiosecogas.com\\\/wp-content\\\/uploads\\\/2024\\\/12\\\/FLASHLUBE-1L-png.webp\",\"datePublished\":\"2024-12-23T14:31:46+00:00\",\"dateModified\":\"2026-05-05T09:52:45+00:00\",\"description\":\"Lubricante Flashlube GLP: protege y prolonga la vida \u00fatil del motor. Ideal para sistemas GLP. Lubricaci\u00f3n superior, funcionamiento suave y confiable.\",\"breadcrumb\":{\"@id\":\"https:\\\/\\\/recambiosecogas.com\\\/it\\\/producto\\\/flashlube-lubricante-glp-1l\\\/#breadcrumb\"},\"inLanguage\":\"it-IT\",\"potentialAction\":[{\"@type\":\"ReadAction\",\"target\":[\"https:\\\/\\\/recambiosecogas.com\\\/it\\\/producto\\\/flashlube-lubricante-glp-1l\\\/\"]}]},{\"@type\":\"ImageObject\",\"inLanguage\":\"it-IT\",\"@id\":\"https:\\\/\\\/recambiosecogas.com\\\/it\\\/producto\\\/flashlube-lubricante-glp-1l\\\/#primaryimage\",\"url\":\"https:\\\/\\\/recambiosecogas.com\\\/wp-content\\\/uploads\\\/2024\\\/12\\\/FLASHLUBE-1L-png.webp\",\"contentUrl\":\"https:\\\/\\\/recambiosecogas.com\\\/wp-content\\\/uploads\\\/2024\\\/12\\\/FLASHLUBE-1L-png.webp\",\"width\":1000,\"height\":1000},{\"@type\":\"BreadcrumbList\",\"@id\":\"https:\\\/\\\/recambiosecogas.com\\\/it\\\/producto\\\/flashlube-lubricante-glp-1l\\\/#breadcrumb\",\"itemListElement\":[{\"@type\":\"ListItem\",\"position\":1,\"name\":\"Portada\",\"item\":\"https:\\\/\\\/recambiosecogas.com\\\/it\\\/\"},{\"@type\":\"ListItem\",\"position\":2,\"name\":\"Negozio\",\"item\":\"https:\\\/\\\/recambiosecogas.com\\\/it\\\/?page_id=46382\"},{\"@type\":\"ListItem\",\"position\":3,\"name\":\"FLASHLUBE LUBRICANTE GLP 1L\"}]},{\"@type\":\"WebSite\",\"@id\":\"https:\\\/\\\/recambiosecogas.com\\\/it\\\/#website\",\"url\":\"https:\\\/\\\/recambiosecogas.com\\\/it\\\/\",\"name\":\"Recambios EcoGas\",\"description\":\"Recambios Multimarca para sistemas de GLP\\\/GNC\\\/GNL\\\/Hidr\u00f3geno\",\"publisher\":{\"@id\":\"https:\\\/\\\/recambiosecogas.com\\\/it\\\/#organization\"},\"alternateName\":\"Recambios Autogas GLP\",\"potentialAction\":[{\"@type\":\"SearchAction\",\"target\":{\"@type\":\"EntryPoint\",\"urlTemplate\":\"https:\\\/\\\/recambiosecogas.com\\\/it\\\/?s={search_term_string}\"},\"query-input\":{\"@type\":\"PropertyValueSpecification\",\"valueRequired\":true,\"valueName\":\"search_term_string\"}}],\"inLanguage\":\"it-IT\"},{\"@type\":[\"Organization\",\"Place\"],\"@id\":\"https:\\\/\\\/recambiosecogas.com\\\/it\\\/#organization\",\"name\":\"Recambios EcoGas\",\"alternateName\":\"Tienda Online GLP Espa\u00f1a\",\"url\":\"https:\\\/\\\/recambiosecogas.com\\\/it\\\/\",\"logo\":{\"@id\":\"https:\\\/\\\/recambiosecogas.com\\\/it\\\/producto\\\/flashlube-lubricante-glp-1l\\\/#local-main-organization-logo\"},\"image\":{\"@id\":\"https:\\\/\\\/recambiosecogas.com\\\/it\\\/producto\\\/flashlube-lubricante-glp-1l\\\/#local-main-organization-logo\"},\"sameAs\":[\"https:\\\/\\\/www.facebook.com\\\/profile.php?id=100062419705358\",\"https:\\\/\\\/www.instagram.com\\\/segimon_automocio\"],\"description\":\"Recambios EcoGas \u2013 Venta y distribuci\u00f3n de sistemas GLP y GNC en Espa\u00f1a y Portugal. Env\u00edos 24 h, soporte t\u00e9cnico a talleres y distribuidores.\",\"hasMerchantReturnPolicy\":{\"@type\":\"MerchantReturnPolicy\",\"merchantReturnLink\":\"https:\\\/\\\/recambiosecogas.com\\\/politicas-privacidad\\\/\"},\"address\":{\"@id\":\"https:\\\/\\\/recambiosecogas.com\\\/it\\\/producto\\\/flashlube-lubricante-glp-1l\\\/#local-main-place-address\"},\"telephone\":[\"616250633\"],\"contactPoint\":{\"@type\":\"ContactPoint\",\"email\":\"export@recambiosecogas.com\"},\"openingHoursSpecification\":[{\"@type\":\"OpeningHoursSpecification\",\"dayOfWeek\":[\"Monday\",\"Tuesday\",\"Wednesday\",\"Thursday\",\"Friday\",\"Saturday\",\"Sunday\"],\"opens\":\"09:00\",\"closes\":\"17:00\"}],\"email\":\"info@recambiosecogas.com\",\"faxNumber\":\"SEGIMON AUTOMOCION SL\",\"vatID\":\"ESB19819861\",\"globalLocationNumber\":\"938 616 339\"},{\"@type\":\"PostalAddress\",\"@id\":\"https:\\\/\\\/recambiosecogas.com\\\/it\\\/producto\\\/flashlube-lubricante-glp-1l\\\/#local-main-place-address\",\"streetAddress\":\"cami antic de vic, 29 (Nave 3), Pol\u00edgono Industrial Congost\",\"addressLocality\":\"CORRO D`AVALL\",\"postalCode\":\"08520\",\"addressRegion\":\"Barcelona\",\"addressCountry\":\"ES\"},{\"@type\":\"ImageObject\",\"inLanguage\":\"it-IT\",\"@id\":\"https:\\\/\\\/recambiosecogas.com\\\/it\\\/producto\\\/flashlube-lubricante-glp-1l\\\/#local-main-organization-logo\",\"url\":\"https:\\\/\\\/recambiosecogas.com\\\/wp-content\\\/uploads\\\/2024\\\/11\\\/cropped-RECAMBIOS-GLP-png.webp\",\"contentUrl\":\"https:\\\/\\\/recambiosecogas.com\\\/wp-content\\\/uploads\\\/2024\\\/11\\\/cropped-RECAMBIOS-GLP-png.webp\",\"width\":512,\"height\":512,\"caption\":\"Recambios EcoGas\"}]}<\/script>\n<meta property=\"product:brand\" content=\"FLASHLUBE\" \/>\n<meta property=\"og:availability\" content=\"instock\" \/>\n<meta property=\"product:availability\" content=\"instock\" \/>\n<meta property=\"product:retailer_item_id\" content=\"105241\" \/>\n<meta property=\"product:condition\" content=\"new\" \/>\n<meta name=\"geo.placename\" content=\"CORRO D`AVALL\" \/>\n<meta name=\"geo.region\" content=\"Spagna\" \/>\n<!-- \/ Yoast SEO Premium plugin. -->","yoast_head_json":{"title":"FLASHLUBE LUBRICANTE GLP 1L | Recambios EcoGas | Sistemas GLP y GNC","description":"Lubricante Flashlube GLP: protege y prolonga la vida \u00fatil del motor. Ideal para sistemas GLP. Lubricaci\u00f3n superior, funcionamiento suave y confiable.","robots":{"index":"index","follow":"follow","max-snippet":"max-snippet:-1","max-image-preview":"max-image-preview:large","max-video-preview":"max-video-preview:-1"},"canonical":"https:\/\/recambiosecogas.com\/it\/producto\/flashlube-lubricante-glp-1l\/","og_locale":"it_IT","og_type":"article","og_title":"FLASHLUBE LUBRICANTE GLP 1L","og_description":"Lubricante Flashlube GLP: protege y prolonga la vida \u00fatil del motor. Ideal para sistemas GLP. Lubricaci\u00f3n superior, funcionamiento suave y confiable.","og_url":"https:\/\/recambiosecogas.com\/it\/producto\/flashlube-lubricante-glp-1l\/","og_site_name":"Recambios EcoGas","article_publisher":"https:\/\/www.facebook.com\/profile.php?id=100062419705358","article_modified_time":"2026-05-05T09:52:45+00:00","og_image":[{"width":1000,"height":1000,"url":"https:\/\/recambiosecogas.com\/wp-content\/uploads\/2024\/12\/FLASHLUBE-1L-png.webp","type":"image\/png"}],"twitter_card":"summary_large_image","twitter_misc":{"Disponibilit\u00e0":"In stock"},"schema":{"@context":"https:\/\/schema.org","@graph":[{"@type":"WebPage","@id":"https:\/\/recambiosecogas.com\/it\/producto\/flashlube-lubricante-glp-1l\/","url":"https:\/\/recambiosecogas.com\/it\/producto\/flashlube-lubricante-glp-1l\/","name":"FLASHLUBE LUBRICANTE GLP 1L | Recambios EcoGas | Sistemas GLP y GNC","isPartOf":{"@id":"https:\/\/recambiosecogas.com\/it\/#website"},"primaryImageOfPage":{"@id":"https:\/\/recambiosecogas.com\/it\/producto\/flashlube-lubricante-glp-1l\/#primaryimage"},"image":{"@id":"https:\/\/recambiosecogas.com\/it\/producto\/flashlube-lubricante-glp-1l\/#primaryimage"},"thumbnailUrl":"https:\/\/recambiosecogas.com\/wp-content\/uploads\/2024\/12\/FLASHLUBE-1L-png.webp","datePublished":"2024-12-23T14:31:46+00:00","dateModified":"2026-05-05T09:52:45+00:00","description":"Lubricante Flashlube GLP: protege y prolonga la vida \u00fatil del motor. Ideal para sistemas GLP. Lubricaci\u00f3n superior, funcionamiento suave y confiable.","breadcrumb":{"@id":"https:\/\/recambiosecogas.com\/it\/producto\/flashlube-lubricante-glp-1l\/#breadcrumb"},"inLanguage":"it-IT","potentialAction":[{"@type":"ReadAction","target":["https:\/\/recambiosecogas.com\/it\/producto\/flashlube-lubricante-glp-1l\/"]}]},{"@type":"ImageObject","inLanguage":"it-IT","@id":"https:\/\/recambiosecogas.com\/it\/producto\/flashlube-lubricante-glp-1l\/#primaryimage","url":"https:\/\/recambiosecogas.com\/wp-content\/uploads\/2024\/12\/FLASHLUBE-1L-png.webp","contentUrl":"https:\/\/recambiosecogas.com\/wp-content\/uploads\/2024\/12\/FLASHLUBE-1L-png.webp","width":1000,"height":1000},{"@type":"BreadcrumbList","@id":"https:\/\/recambiosecogas.com\/it\/producto\/flashlube-lubricante-glp-1l\/#breadcrumb","itemListElement":[{"@type":"ListItem","position":1,"name":"Portada","item":"https:\/\/recambiosecogas.com\/it\/"},{"@type":"ListItem","position":2,"name":"Negozio","item":"https:\/\/recambiosecogas.com\/it\/?page_id=46382"},{"@type":"ListItem","position":3,"name":"FLASHLUBE LUBRICANTE GLP 1L"}]},{"@type":"WebSite","@id":"https:\/\/recambiosecogas.com\/it\/#website","url":"https:\/\/recambiosecogas.com\/it\/","name":"Recambios EcoGas","description":"Recambios Multimarca para sistemas de GLP\/GNC\/GNL\/Hidr\u00f3geno","publisher":{"@id":"https:\/\/recambiosecogas.com\/it\/#organization"},"alternateName":"Recambios Autogas GLP","potentialAction":[{"@type":"SearchAction","target":{"@type":"EntryPoint","urlTemplate":"https:\/\/recambiosecogas.com\/it\/?s={search_term_string}"},"query-input":{"@type":"PropertyValueSpecification","valueRequired":true,"valueName":"search_term_string"}}],"inLanguage":"it-IT"},{"@type":["Organization","Place"],"@id":"https:\/\/recambiosecogas.com\/it\/#organization","name":"Recambios EcoGas","alternateName":"Tienda Online GLP Espa\u00f1a","url":"https:\/\/recambiosecogas.com\/it\/","logo":{"@id":"https:\/\/recambiosecogas.com\/it\/producto\/flashlube-lubricante-glp-1l\/#local-main-organization-logo"},"image":{"@id":"https:\/\/recambiosecogas.com\/it\/producto\/flashlube-lubricante-glp-1l\/#local-main-organization-logo"},"sameAs":["https:\/\/www.facebook.com\/profile.php?id=100062419705358","https:\/\/www.instagram.com\/segimon_automocio"],"description":"Recambios EcoGas \u2013 Venta y distribuci\u00f3n de sistemas GLP y GNC en Espa\u00f1a y Portugal. Env\u00edos 24 h, soporte t\u00e9cnico a talleres y distribuidores.","hasMerchantReturnPolicy":{"@type":"MerchantReturnPolicy","merchantReturnLink":"https:\/\/recambiosecogas.com\/politicas-privacidad\/"},"address":{"@id":"https:\/\/recambiosecogas.com\/it\/producto\/flashlube-lubricante-glp-1l\/#local-main-place-address"},"telephone":["616250633"],"contactPoint":{"@type":"ContactPoint","email":"export@recambiosecogas.com"},"openingHoursSpecification":[{"@type":"OpeningHoursSpecification","dayOfWeek":["Monday","Tuesday","Wednesday","Thursday","Friday","Saturday","Sunday"],"opens":"09:00","closes":"17:00"}],"email":"info@recambiosecogas.com","faxNumber":"SEGIMON AUTOMOCION SL","vatID":"ESB19819861","globalLocationNumber":"938 616 339"},{"@type":"PostalAddress","@id":"https:\/\/recambiosecogas.com\/it\/producto\/flashlube-lubricante-glp-1l\/#local-main-place-address","streetAddress":"cami antic de vic, 29 (Nave 3), Pol\u00edgono Industrial Congost","addressLocality":"CORRO D`AVALL","postalCode":"08520","addressRegion":"Barcelona","addressCountry":"ES"},{"@type":"ImageObject","inLanguage":"it-IT","@id":"https:\/\/recambiosecogas.com\/it\/producto\/flashlube-lubricante-glp-1l\/#local-main-organization-logo","url":"https:\/\/recambiosecogas.com\/wp-content\/uploads\/2024\/11\/cropped-RECAMBIOS-GLP-png.webp","contentUrl":"https:\/\/recambiosecogas.com\/wp-content\/uploads\/2024\/11\/cropped-RECAMBIOS-GLP-png.webp","width":512,"height":512,"caption":"Recambios EcoGas"}]},"product_brand":"FLASHLUBE","og_availability":"instock","product_availability":"instock","product_retailer_item_id":"105241","product_condition":"new","geo.placename":"CORRO D`AVALL","geo.region":"Spagna"},"uagb_featured_image_src":{"full":["https:\/\/recambiosecogas.com\/wp-content\/uploads\/2024\/12\/FLASHLUBE-1L-png.webp",1000,1000,false],"thumbnail":["https:\/\/recambiosecogas.com\/wp-content\/uploads\/2024\/12\/FLASHLUBE-1L-150x150.webp",150,150,true],"medium":["https:\/\/recambiosecogas.com\/wp-content\/uploads\/2024\/12\/FLASHLUBE-1L-300x300.webp",300,300,true],"medium_large":["https:\/\/recambiosecogas.com\/wp-content\/uploads\/2024\/12\/FLASHLUBE-1L-768x768.webp",768,768,true],"large":["https:\/\/recambiosecogas.com\/wp-content\/uploads\/2024\/12\/FLASHLUBE-1L-png.webp",1000,1000,false],"1536x1536":["https:\/\/recambiosecogas.com\/wp-content\/uploads\/2024\/12\/FLASHLUBE-1L-png.webp",1000,1000,false],"2048x2048":["https:\/\/recambiosecogas.com\/wp-content\/uploads\/2024\/12\/FLASHLUBE-1L-png.webp",1000,1000,false],"woocommerce_archive_thumbnail":["https:\/\/recambiosecogas.com\/wp-content\/uploads\/2024\/12\/FLASHLUBE-1L-png.webp",1000,1000,false],"woocommerce_thumbnail":["https:\/\/recambiosecogas.com\/wp-content\/uploads\/2024\/12\/FLASHLUBE-1L-300x300.webp",300,300,true],"woocommerce_single":["https:\/\/recambiosecogas.com\/wp-content\/uploads\/2024\/12\/FLASHLUBE-1L-png.webp",1000,1000,false],"woocommerce_gallery_thumbnail":["https:\/\/recambiosecogas.com\/wp-content\/uploads\/2024\/12\/FLASHLUBE-1L-png.webp",1000,1000,false],"dgwt-wcas-product-suggestion":["https:\/\/recambiosecogas.com\/wp-content\/uploads\/2024\/12\/FLASHLUBE-1L-64x64.webp",64,64,true]},"uagb_author_info":{"display_name":"Fran - Soporte T\u00e9cnico","author_link":"https:\/\/recambiosecogas.com\/it\/author\/"},"uagb_comment_info":0,"uagb_excerpt":"Optimiza el rendimiento de tu veh\u00edculo con Flashlube Lubricante GLP. Lubricante avanzado para proteger el motor y las v\u00e1lvulas, compatible con una amplia gama de veh\u00edculos que utilizan GLP.","_links":{"self":[{"href":"https:\/\/recambiosecogas.com\/it\/wp-json\/wp\/v2\/product\/12214","targetHints":{"allow":["GET"]}}],"collection":[{"href":"https:\/\/recambiosecogas.com\/it\/wp-json\/wp\/v2\/product"}],"about":[{"href":"https:\/\/recambiosecogas.com\/it\/wp-json\/wp\/v2\/types\/product"}],"replies":[{"embeddable":true,"href":"https:\/\/recambiosecogas.com\/it\/wp-json\/wp\/v2\/comments?post=12214"}],"wp:featuredmedia":[{"embeddable":true,"href":"https:\/\/recambiosecogas.com\/it\/wp-json\/wp\/v2\/media\/12411"}],"wp:attachment":[{"href":"https:\/\/recambiosecogas.com\/it\/wp-json\/wp\/v2\/media?parent=12214"}],"wp:term":[{"taxonomy":"product_brand","embeddable":true,"href":"https:\/\/recambiosecogas.com\/it\/wp-json\/wp\/v2\/product_brand?post=12214"},{"taxonomy":"product_cat","embeddable":true,"href":"https:\/\/recambiosecogas.com\/it\/wp-json\/wp\/v2\/product_cat?post=12214"},{"taxonomy":"product_tag","embeddable":true,"href":"https:\/\/recambiosecogas.com\/it\/wp-json\/wp\/v2\/product_tag?post=12214"}],"curies":[{"name":"wp","href":"https:\/\/api.w.org\/{rel}","templated":true}]}}