{"id":11064,"date":"2024-12-19T11:11:42","date_gmt":"2024-12-19T11:11:42","guid":{"rendered":"https:\/\/recambiosecogas.com\/producto\/interfaz-de-usb-para-valvecare\/"},"modified":"2026-02-27T11:37:14","modified_gmt":"2026-02-27T10:37:14","slug":"interfaz-de-usb-para-valvecare","status":"publish","type":"product","link":"https:\/\/recambiosecogas.com\/it\/producto\/interfaz-de-usb-para-valvecare\/","title":{"rendered":"Interfaz de USB para ValveCare"},"content":{"rendered":"<h1 data-start=\"0\" data-end=\"29\">Interfaz USB para ValveCare<\/h1>\n<p data-start=\"31\" data-end=\"493\">La <strong data-start=\"34\" data-end=\"65\">interfaz USB para ValveCare<\/strong> es un accesorio que permite conectar el sistema de aditivos <em data-start=\"126\" data-end=\"137\">ValveCare<\/em> o <em data-start=\"140\" data-end=\"154\">ValveCare-DI<\/em> de PRINS a un ordenador o dispositivo compatible para diagn\u00f3stico, configuraci\u00f3n o actualizaci\u00f3n de par\u00e1metros. Esta interfaz facilita la comunicaci\u00f3n entre el sistema ValveCare y herramientas de software especializadas, ofreciendo una mayor precisi\u00f3n en el ajuste, seguimiento y mantenimiento del tratamiento de aditivos en sistemas GLP.<\/p>\n<p data-start=\"495\" data-end=\"837\">Gracias a la <strong data-start=\"508\" data-end=\"539\">interfaz USB para ValveCare<\/strong>, los t\u00e9cnicos pueden realizar ajustes finos, visualizar datos de funcionamiento o aplicar actualizaciones de firmware cuando as\u00ed lo requiera el sistema. Esto contribuye a una gesti\u00f3n m\u00e1s profesional del sistema y ayuda a garantizar un rendimiento \u00f3ptimo y una mayor durabilidad de los componentes.<\/p>\n<hr data-start=\"839\" data-end=\"842\" \/>\n<h2 data-start=\"844\" data-end=\"891\">Aplicaci\u00f3n de la interfaz USB para ValveCare<\/h2>\n<div class=\"TyagGW_tableContainer\">\n<div class=\"group TyagGW_tableWrapper flex flex-col-reverse w-fit\" tabindex=\"-1\">\n<table class=\"w-fit min-w-(--thread-content-width)\" data-start=\"893\" data-end=\"1239\">\n<thead data-start=\"893\" data-end=\"928\">\n<tr data-start=\"893\" data-end=\"928\">\n<th class=\"\" data-start=\"893\" data-end=\"910\" data-col-size=\"sm\">Caracter\u00edstica<\/th>\n<th class=\"\" data-start=\"910\" data-end=\"928\" data-col-size=\"md\">Especificaci\u00f3n<\/th>\n<\/tr>\n<\/thead>\n<tbody data-start=\"965\" data-end=\"1239\">\n<tr data-start=\"965\" data-end=\"992\">\n<td data-start=\"965\" data-end=\"976\" data-col-size=\"sm\">Producto<\/td>\n<td data-start=\"976\" data-end=\"992\" data-col-size=\"md\">Interfaz USB<\/td>\n<\/tr>\n<tr data-start=\"993\" data-end=\"1047\">\n<td data-start=\"993\" data-end=\"1010\" data-col-size=\"sm\">Compatible con<\/td>\n<td data-start=\"1010\" data-end=\"1047\" data-col-size=\"md\">Sistemas ValveCare \/ ValveCare-DI<\/td>\n<\/tr>\n<tr data-start=\"1048\" data-end=\"1103\">\n<td data-start=\"1048\" data-end=\"1058\" data-col-size=\"sm\">Funci\u00f3n<\/td>\n<td data-start=\"1058\" data-end=\"1103\" data-col-size=\"md\">Conexi\u00f3n para diagn\u00f3stico y configuraci\u00f3n<\/td>\n<\/tr>\n<tr data-start=\"1104\" data-end=\"1131\">\n<td data-start=\"1104\" data-end=\"1115\" data-col-size=\"sm\">Conector<\/td>\n<td data-start=\"1115\" data-end=\"1131\" data-col-size=\"md\">USB est\u00e1ndar<\/td>\n<\/tr>\n<tr data-start=\"1132\" data-end=\"1191\">\n<td data-start=\"1132\" data-end=\"1138\" data-col-size=\"sm\">Uso<\/td>\n<td data-start=\"1138\" data-end=\"1191\" data-col-size=\"md\">Comunicaci\u00f3n con software de ajuste y diagn\u00f3stico<\/td>\n<\/tr>\n<tr data-start=\"1192\" data-end=\"1239\">\n<td data-start=\"1192\" data-end=\"1206\" data-col-size=\"sm\">Instalaci\u00f3n<\/td>\n<td data-start=\"1206\" data-end=\"1239\" data-col-size=\"md\">Conexi\u00f3n sencilla a ordenador<\/td>\n<\/tr>\n<\/tbody>\n<\/table>\n<\/div>\n<\/div>\n<p data-start=\"1241\" data-end=\"1433\">La interfaz USB se conecta entre el sistema ValveCare y un ordenador con software compatible, permitiendo la lectura y ajuste de par\u00e1metros relevantes para el correcto tratamiento de aditivos.<\/p>\n<hr data-start=\"1435\" data-end=\"1438\" \/>\n<h2 data-start=\"1440\" data-end=\"1472\">Beneficios de la interfaz USB<\/h2>\n<ul data-start=\"1474\" data-end=\"1751\">\n<li data-start=\"1474\" data-end=\"1537\">\n<p data-start=\"1476\" data-end=\"1537\">Permite diagn\u00f3stico m\u00e1s preciso y configuraci\u00f3n del sistema<\/p>\n<\/li>\n<li data-start=\"1538\" data-end=\"1591\">\n<p data-start=\"1540\" data-end=\"1591\">Facilita actualizaciones de par\u00e1metros y firmware<\/p>\n<\/li>\n<li data-start=\"1592\" data-end=\"1650\">\n<p data-start=\"1594\" data-end=\"1650\">Ayuda a optimizar el rendimiento del sistema ValveCare<\/p>\n<\/li>\n<li data-start=\"1651\" data-end=\"1703\">\n<p data-start=\"1653\" data-end=\"1703\">Mejora la capacidad de mantenimiento profesional<\/p>\n<\/li>\n<li data-start=\"1704\" data-end=\"1751\">\n<p data-start=\"1706\" data-end=\"1751\">Interfaz est\u00e1ndar para conectar a PC o laptop<\/p>\n<\/li>\n<\/ul>\n<p data-start=\"1753\" data-end=\"1873\">Este accesorio es \u00fatil tanto en instalaciones nuevas como para ajustes o revisiones durante el mantenimiento preventivo.<\/p>\n<hr data-start=\"1875\" data-end=\"1878\" \/>\n<h2 data-start=\"1880\" data-end=\"1886\">FAQ<\/h2>\n<p data-start=\"1888\" data-end=\"2054\"><strong data-start=\"1888\" data-end=\"1924\">\u00bfPara qu\u00e9 sirve la interfaz USB?<\/strong><br data-start=\"1924\" data-end=\"1927\" \/>Permite conectar el sistema ValveCare a un ordenador para diagn\u00f3stico, configuraci\u00f3n y ajustes mediante software especializado.<\/p>\n<p data-start=\"2056\" data-end=\"2236\"><strong data-start=\"2056\" data-end=\"2108\">\u00bfEs compatible con todos los sistemas ValveCare?<\/strong><br data-start=\"2108\" data-end=\"2111\" \/>Est\u00e1 dise\u00f1ada para ValveCare y ValveCare-DI de PRINS, pero siempre se debe verificar compatibilidad con el equipo espec\u00edfico.<\/p>\n<p data-start=\"2238\" data-end=\"2370\"><strong data-start=\"2238\" data-end=\"2270\">\u00bfRequiere software especial?<\/strong><br data-start=\"2270\" data-end=\"2273\" \/>S\u00ed, su uso normalmente requiere software de diagn\u00f3stico o configuraci\u00f3n compatible con ValveCare.<\/p>\n","protected":false},"excerpt":{"rendered":"<p>Interfaz USB para ValveCare que permite la conexi\u00f3n con ordenador para diagn\u00f3stico, configuraci\u00f3n y mantenimiento profesional del sistema de aditivos GLP.<\/p>\n","protected":false},"featured_media":13515,"comment_status":"open","ping_status":"closed","template":"","meta":{"_uag_custom_page_level_css":""},"product_brand":[1003],"product_cat":[1543,1541,1321],"product_tag":[],"class_list":{"0":"post-11064","1":"product","2":"type-product","3":"status-publish","4":"has-post-thumbnail","6":"product_brand-prins","7":"product_cat-diagnostico-pt-pt","8":"product_cat-equipamento-de-diagnostico","9":"product_cat-valvecare-acessorios","11":"first","12":"onbackorder","13":"taxable","14":"shipping-taxable","15":"purchasable","16":"product-type-simple"},"ct_brands":[{"id":1003,"name":"PRINS","slug":"prins"}],"yoast_head":"<!-- This site is optimized with the Yoast SEO Premium plugin v27.5 (Yoast SEO v27.6) - https:\/\/yoast.com\/product\/yoast-seo-premium-wordpress\/ -->\n<title>Interfaz de USB para ValveCare | Recambios EcoGas<\/title>\n<meta name=\"description\" content=\"Interfaz USB para ValveCare para diagn\u00f3stico, configuraci\u00f3n y mantenimiento profesional del sistema de aditivos GLP.\" \/>\n<meta name=\"robots\" content=\"index, follow, max-snippet:-1, max-image-preview:large, max-video-preview:-1\" \/>\n<link rel=\"canonical\" href=\"https:\/\/recambiosecogas.com\/it\/producto\/interfaz-de-usb-para-valvecare\/\" \/>\n<meta property=\"og:locale\" content=\"it_IT\" \/>\n<meta property=\"og:type\" content=\"article\" \/>\n<meta property=\"og:title\" content=\"Interfaz de USB para ValveCare\" \/>\n<meta property=\"og:description\" content=\"Interfaz USB para ValveCare para diagn\u00f3stico, configuraci\u00f3n y mantenimiento profesional del sistema de aditivos GLP.\" \/>\n<meta property=\"og:url\" content=\"https:\/\/recambiosecogas.com\/it\/producto\/interfaz-de-usb-para-valvecare\/\" \/>\n<meta property=\"og:site_name\" content=\"Recambios EcoGas\" \/>\n<meta property=\"article:publisher\" content=\"https:\/\/www.facebook.com\/profile.php?id=100062419705358\" \/>\n<meta property=\"article:modified_time\" content=\"2026-02-27T10:37:14+00:00\" \/>\n<meta property=\"og:image\" content=\"https:\/\/recambiosecogas.com\/wp-content\/uploads\/2024\/12\/Interfaz-de-USB-para-ValveCare-png.webp\" \/>\n\t<meta property=\"og:image:width\" content=\"1000\" \/>\n\t<meta property=\"og:image:height\" content=\"1000\" \/>\n\t<meta property=\"og:image:type\" content=\"image\/png\" \/>\n<meta name=\"twitter:card\" content=\"summary_large_image\" \/>\n<meta name=\"twitter:label1\" content=\"Prezzo\" \/>\n\t<meta name=\"twitter:data1\" content=\"77,96&nbsp;&euro; (Sin IVA: 64,43&nbsp;&euro;)\" \/>\n\t<meta name=\"twitter:label2\" content=\"Disponibilit\u00e0\" \/>\n\t<meta name=\"twitter:data2\" content=\"Su ordinazione\" \/>\n<script type=\"application\/ld+json\" class=\"yoast-schema-graph\">{\"@context\":\"https:\\\/\\\/schema.org\",\"@graph\":[{\"@type\":\"WebPage\",\"@id\":\"https:\\\/\\\/recambiosecogas.com\\\/it\\\/producto\\\/interfaz-de-usb-para-valvecare\\\/\",\"url\":\"https:\\\/\\\/recambiosecogas.com\\\/it\\\/producto\\\/interfaz-de-usb-para-valvecare\\\/\",\"name\":\"Interfaz de USB para ValveCare | Recambios EcoGas\",\"isPartOf\":{\"@id\":\"https:\\\/\\\/recambiosecogas.com\\\/it\\\/#website\"},\"primaryImageOfPage\":{\"@id\":\"https:\\\/\\\/recambiosecogas.com\\\/it\\\/producto\\\/interfaz-de-usb-para-valvecare\\\/#primaryimage\"},\"image\":{\"@id\":\"https:\\\/\\\/recambiosecogas.com\\\/it\\\/producto\\\/interfaz-de-usb-para-valvecare\\\/#primaryimage\"},\"thumbnailUrl\":\"https:\\\/\\\/recambiosecogas.com\\\/wp-content\\\/uploads\\\/2024\\\/12\\\/Interfaz-de-USB-para-ValveCare-png.webp\",\"datePublished\":\"2024-12-19T11:11:42+00:00\",\"dateModified\":\"2026-02-27T10:37:14+00:00\",\"description\":\"Interfaz USB para ValveCare para diagn\u00f3stico, configuraci\u00f3n y mantenimiento profesional del sistema de aditivos GLP.\",\"breadcrumb\":{\"@id\":\"https:\\\/\\\/recambiosecogas.com\\\/it\\\/producto\\\/interfaz-de-usb-para-valvecare\\\/#breadcrumb\"},\"inLanguage\":\"it-IT\",\"potentialAction\":[{\"@type\":\"ReadAction\",\"target\":[\"https:\\\/\\\/recambiosecogas.com\\\/it\\\/producto\\\/interfaz-de-usb-para-valvecare\\\/\"]}]},{\"@type\":\"ImageObject\",\"inLanguage\":\"it-IT\",\"@id\":\"https:\\\/\\\/recambiosecogas.com\\\/it\\\/producto\\\/interfaz-de-usb-para-valvecare\\\/#primaryimage\",\"url\":\"https:\\\/\\\/recambiosecogas.com\\\/wp-content\\\/uploads\\\/2024\\\/12\\\/Interfaz-de-USB-para-ValveCare-png.webp\",\"contentUrl\":\"https:\\\/\\\/recambiosecogas.com\\\/wp-content\\\/uploads\\\/2024\\\/12\\\/Interfaz-de-USB-para-ValveCare-png.webp\",\"width\":1000,\"height\":1000},{\"@type\":\"BreadcrumbList\",\"@id\":\"https:\\\/\\\/recambiosecogas.com\\\/it\\\/producto\\\/interfaz-de-usb-para-valvecare\\\/#breadcrumb\",\"itemListElement\":[{\"@type\":\"ListItem\",\"position\":1,\"name\":\"Portada\",\"item\":\"https:\\\/\\\/recambiosecogas.com\\\/it\\\/\"},{\"@type\":\"ListItem\",\"position\":2,\"name\":\"Negozio\",\"item\":\"https:\\\/\\\/recambiosecogas.com\\\/it\\\/?page_id=46382\"},{\"@type\":\"ListItem\",\"position\":3,\"name\":\"Interfaz de USB para ValveCare\"}]},{\"@type\":\"WebSite\",\"@id\":\"https:\\\/\\\/recambiosecogas.com\\\/it\\\/#website\",\"url\":\"https:\\\/\\\/recambiosecogas.com\\\/it\\\/\",\"name\":\"Recambios EcoGas\",\"description\":\"Recambios Multimarca para sistemas de GLP\\\/GNC\\\/GNL\\\/Hidr\u00f3geno\",\"publisher\":{\"@id\":\"https:\\\/\\\/recambiosecogas.com\\\/it\\\/#organization\"},\"alternateName\":\"Recambios Autogas GLP\",\"potentialAction\":[{\"@type\":\"SearchAction\",\"target\":{\"@type\":\"EntryPoint\",\"urlTemplate\":\"https:\\\/\\\/recambiosecogas.com\\\/it\\\/?s={search_term_string}\"},\"query-input\":{\"@type\":\"PropertyValueSpecification\",\"valueRequired\":true,\"valueName\":\"search_term_string\"}}],\"inLanguage\":\"it-IT\"},{\"@type\":[\"Organization\",\"Place\"],\"@id\":\"https:\\\/\\\/recambiosecogas.com\\\/it\\\/#organization\",\"name\":\"Recambios EcoGas\",\"alternateName\":\"Tienda Online GLP Espa\u00f1a\",\"url\":\"https:\\\/\\\/recambiosecogas.com\\\/it\\\/\",\"logo\":{\"@id\":\"https:\\\/\\\/recambiosecogas.com\\\/it\\\/producto\\\/interfaz-de-usb-para-valvecare\\\/#local-main-organization-logo\"},\"image\":{\"@id\":\"https:\\\/\\\/recambiosecogas.com\\\/it\\\/producto\\\/interfaz-de-usb-para-valvecare\\\/#local-main-organization-logo\"},\"sameAs\":[\"https:\\\/\\\/www.facebook.com\\\/profile.php?id=100062419705358\",\"https:\\\/\\\/www.instagram.com\\\/segimon_automocio\"],\"description\":\"Recambios EcoGas \u2013 Venta y distribuci\u00f3n de sistemas GLP y GNC en Espa\u00f1a y Portugal. Env\u00edos 24 h, soporte t\u00e9cnico a talleres y distribuidores.\",\"hasMerchantReturnPolicy\":{\"@type\":\"MerchantReturnPolicy\",\"merchantReturnLink\":\"https:\\\/\\\/recambiosecogas.com\\\/politicas-privacidad\\\/\"},\"address\":{\"@id\":\"https:\\\/\\\/recambiosecogas.com\\\/it\\\/producto\\\/interfaz-de-usb-para-valvecare\\\/#local-main-place-address\"},\"telephone\":[\"616250633\"],\"contactPoint\":{\"@type\":\"ContactPoint\",\"email\":\"export@recambiosecogas.com\"},\"openingHoursSpecification\":[{\"@type\":\"OpeningHoursSpecification\",\"dayOfWeek\":[\"Monday\",\"Tuesday\",\"Wednesday\",\"Thursday\",\"Friday\",\"Saturday\",\"Sunday\"],\"opens\":\"09:00\",\"closes\":\"17:00\"}],\"email\":\"info@recambiosecogas.com\",\"faxNumber\":\"SEGIMON AUTOMOCION SL\",\"vatID\":\"ESB19819861\",\"globalLocationNumber\":\"938 616 339\"},{\"@type\":\"PostalAddress\",\"@id\":\"https:\\\/\\\/recambiosecogas.com\\\/it\\\/producto\\\/interfaz-de-usb-para-valvecare\\\/#local-main-place-address\",\"streetAddress\":\"cami antic de vic, 29 (Nave 3), Pol\u00edgono Industrial Congost\",\"addressLocality\":\"CORRO D`AVALL\",\"postalCode\":\"08520\",\"addressRegion\":\"Barcelona\",\"addressCountry\":\"ES\"},{\"@type\":\"ImageObject\",\"inLanguage\":\"it-IT\",\"@id\":\"https:\\\/\\\/recambiosecogas.com\\\/it\\\/producto\\\/interfaz-de-usb-para-valvecare\\\/#local-main-organization-logo\",\"url\":\"https:\\\/\\\/recambiosecogas.com\\\/wp-content\\\/uploads\\\/2024\\\/11\\\/cropped-RECAMBIOS-GLP-png.webp\",\"contentUrl\":\"https:\\\/\\\/recambiosecogas.com\\\/wp-content\\\/uploads\\\/2024\\\/11\\\/cropped-RECAMBIOS-GLP-png.webp\",\"width\":512,\"height\":512,\"caption\":\"Recambios EcoGas\"}]}<\/script>\n<meta property=\"product:brand\" content=\"PRINS\" \/>\n<meta property=\"product:price:amount\" content=\"77.96\" \/>\n<meta property=\"product:price:currency\" content=\"EUR\" \/>\n<meta property=\"og:availability\" content=\"backorder\" \/>\n<meta property=\"product:availability\" content=\"available for order\" \/>\n<meta property=\"product:retailer_item_id\" content=\"108615A\" \/>\n<meta property=\"product:condition\" content=\"new\" \/>\n<meta name=\"geo.placename\" content=\"CORRO D`AVALL\" \/>\n<meta name=\"geo.region\" content=\"Spagna\" \/>\n<!-- \/ Yoast SEO Premium plugin. -->","yoast_head_json":{"title":"Interfaz de USB para ValveCare | Recambios EcoGas","description":"Interfaz USB para ValveCare para diagn\u00f3stico, configuraci\u00f3n y mantenimiento profesional del sistema de aditivos GLP.","robots":{"index":"index","follow":"follow","max-snippet":"max-snippet:-1","max-image-preview":"max-image-preview:large","max-video-preview":"max-video-preview:-1"},"canonical":"https:\/\/recambiosecogas.com\/it\/producto\/interfaz-de-usb-para-valvecare\/","og_locale":"it_IT","og_type":"article","og_title":"Interfaz de USB para ValveCare","og_description":"Interfaz USB para ValveCare para diagn\u00f3stico, configuraci\u00f3n y mantenimiento profesional del sistema de aditivos GLP.","og_url":"https:\/\/recambiosecogas.com\/it\/producto\/interfaz-de-usb-para-valvecare\/","og_site_name":"Recambios EcoGas","article_publisher":"https:\/\/www.facebook.com\/profile.php?id=100062419705358","article_modified_time":"2026-02-27T10:37:14+00:00","og_image":[{"width":1000,"height":1000,"url":"https:\/\/recambiosecogas.com\/wp-content\/uploads\/2024\/12\/Interfaz-de-USB-para-ValveCare-png.webp","type":"image\/png"}],"twitter_card":"summary_large_image","twitter_misc":{"Prezzo":"77,96&nbsp;&euro; (Sin IVA: 64,43&nbsp;&euro;)","Disponibilit\u00e0":"Su ordinazione"},"schema":{"@context":"https:\/\/schema.org","@graph":[{"@type":"WebPage","@id":"https:\/\/recambiosecogas.com\/it\/producto\/interfaz-de-usb-para-valvecare\/","url":"https:\/\/recambiosecogas.com\/it\/producto\/interfaz-de-usb-para-valvecare\/","name":"Interfaz de USB para ValveCare | Recambios EcoGas","isPartOf":{"@id":"https:\/\/recambiosecogas.com\/it\/#website"},"primaryImageOfPage":{"@id":"https:\/\/recambiosecogas.com\/it\/producto\/interfaz-de-usb-para-valvecare\/#primaryimage"},"image":{"@id":"https:\/\/recambiosecogas.com\/it\/producto\/interfaz-de-usb-para-valvecare\/#primaryimage"},"thumbnailUrl":"https:\/\/recambiosecogas.com\/wp-content\/uploads\/2024\/12\/Interfaz-de-USB-para-ValveCare-png.webp","datePublished":"2024-12-19T11:11:42+00:00","dateModified":"2026-02-27T10:37:14+00:00","description":"Interfaz USB para ValveCare para diagn\u00f3stico, configuraci\u00f3n y mantenimiento profesional del sistema de aditivos GLP.","breadcrumb":{"@id":"https:\/\/recambiosecogas.com\/it\/producto\/interfaz-de-usb-para-valvecare\/#breadcrumb"},"inLanguage":"it-IT","potentialAction":[{"@type":"ReadAction","target":["https:\/\/recambiosecogas.com\/it\/producto\/interfaz-de-usb-para-valvecare\/"]}]},{"@type":"ImageObject","inLanguage":"it-IT","@id":"https:\/\/recambiosecogas.com\/it\/producto\/interfaz-de-usb-para-valvecare\/#primaryimage","url":"https:\/\/recambiosecogas.com\/wp-content\/uploads\/2024\/12\/Interfaz-de-USB-para-ValveCare-png.webp","contentUrl":"https:\/\/recambiosecogas.com\/wp-content\/uploads\/2024\/12\/Interfaz-de-USB-para-ValveCare-png.webp","width":1000,"height":1000},{"@type":"BreadcrumbList","@id":"https:\/\/recambiosecogas.com\/it\/producto\/interfaz-de-usb-para-valvecare\/#breadcrumb","itemListElement":[{"@type":"ListItem","position":1,"name":"Portada","item":"https:\/\/recambiosecogas.com\/it\/"},{"@type":"ListItem","position":2,"name":"Negozio","item":"https:\/\/recambiosecogas.com\/it\/?page_id=46382"},{"@type":"ListItem","position":3,"name":"Interfaz de USB para ValveCare"}]},{"@type":"WebSite","@id":"https:\/\/recambiosecogas.com\/it\/#website","url":"https:\/\/recambiosecogas.com\/it\/","name":"Recambios EcoGas","description":"Recambios Multimarca para sistemas de GLP\/GNC\/GNL\/Hidr\u00f3geno","publisher":{"@id":"https:\/\/recambiosecogas.com\/it\/#organization"},"alternateName":"Recambios Autogas GLP","potentialAction":[{"@type":"SearchAction","target":{"@type":"EntryPoint","urlTemplate":"https:\/\/recambiosecogas.com\/it\/?s={search_term_string}"},"query-input":{"@type":"PropertyValueSpecification","valueRequired":true,"valueName":"search_term_string"}}],"inLanguage":"it-IT"},{"@type":["Organization","Place"],"@id":"https:\/\/recambiosecogas.com\/it\/#organization","name":"Recambios EcoGas","alternateName":"Tienda Online GLP Espa\u00f1a","url":"https:\/\/recambiosecogas.com\/it\/","logo":{"@id":"https:\/\/recambiosecogas.com\/it\/producto\/interfaz-de-usb-para-valvecare\/#local-main-organization-logo"},"image":{"@id":"https:\/\/recambiosecogas.com\/it\/producto\/interfaz-de-usb-para-valvecare\/#local-main-organization-logo"},"sameAs":["https:\/\/www.facebook.com\/profile.php?id=100062419705358","https:\/\/www.instagram.com\/segimon_automocio"],"description":"Recambios EcoGas \u2013 Venta y distribuci\u00f3n de sistemas GLP y GNC en Espa\u00f1a y Portugal. Env\u00edos 24 h, soporte t\u00e9cnico a talleres y distribuidores.","hasMerchantReturnPolicy":{"@type":"MerchantReturnPolicy","merchantReturnLink":"https:\/\/recambiosecogas.com\/politicas-privacidad\/"},"address":{"@id":"https:\/\/recambiosecogas.com\/it\/producto\/interfaz-de-usb-para-valvecare\/#local-main-place-address"},"telephone":["616250633"],"contactPoint":{"@type":"ContactPoint","email":"export@recambiosecogas.com"},"openingHoursSpecification":[{"@type":"OpeningHoursSpecification","dayOfWeek":["Monday","Tuesday","Wednesday","Thursday","Friday","Saturday","Sunday"],"opens":"09:00","closes":"17:00"}],"email":"info@recambiosecogas.com","faxNumber":"SEGIMON AUTOMOCION SL","vatID":"ESB19819861","globalLocationNumber":"938 616 339"},{"@type":"PostalAddress","@id":"https:\/\/recambiosecogas.com\/it\/producto\/interfaz-de-usb-para-valvecare\/#local-main-place-address","streetAddress":"cami antic de vic, 29 (Nave 3), Pol\u00edgono Industrial Congost","addressLocality":"CORRO D`AVALL","postalCode":"08520","addressRegion":"Barcelona","addressCountry":"ES"},{"@type":"ImageObject","inLanguage":"it-IT","@id":"https:\/\/recambiosecogas.com\/it\/producto\/interfaz-de-usb-para-valvecare\/#local-main-organization-logo","url":"https:\/\/recambiosecogas.com\/wp-content\/uploads\/2024\/11\/cropped-RECAMBIOS-GLP-png.webp","contentUrl":"https:\/\/recambiosecogas.com\/wp-content\/uploads\/2024\/11\/cropped-RECAMBIOS-GLP-png.webp","width":512,"height":512,"caption":"Recambios EcoGas"}]},"product_brand":"PRINS","product_price_amount":"77.96","product_price_currency":"EUR","og_availability":"backorder","product_availability":"available for order","product_retailer_item_id":"108615A","product_condition":"new","geo.placename":"CORRO D`AVALL","geo.region":"Spagna"},"uagb_featured_image_src":{"full":["https:\/\/recambiosecogas.com\/wp-content\/uploads\/2024\/12\/Interfaz-de-USB-para-ValveCare-png.webp",1000,1000,false],"thumbnail":["https:\/\/recambiosecogas.com\/wp-content\/uploads\/2024\/12\/Interfaz-de-USB-para-ValveCare-150x150.webp",150,150,true],"medium":["https:\/\/recambiosecogas.com\/wp-content\/uploads\/2024\/12\/Interfaz-de-USB-para-ValveCare-300x300.webp",300,300,true],"medium_large":["https:\/\/recambiosecogas.com\/wp-content\/uploads\/2024\/12\/Interfaz-de-USB-para-ValveCare-768x768.webp",768,768,true],"large":["https:\/\/recambiosecogas.com\/wp-content\/uploads\/2024\/12\/Interfaz-de-USB-para-ValveCare-png.webp",1000,1000,false],"1536x1536":["https:\/\/recambiosecogas.com\/wp-content\/uploads\/2024\/12\/Interfaz-de-USB-para-ValveCare-png.webp",1000,1000,false],"2048x2048":["https:\/\/recambiosecogas.com\/wp-content\/uploads\/2024\/12\/Interfaz-de-USB-para-ValveCare-png.webp",1000,1000,false],"woocommerce_archive_thumbnail":["https:\/\/recambiosecogas.com\/wp-content\/uploads\/2024\/12\/Interfaz-de-USB-para-ValveCare-png.webp",1000,1000,false],"woocommerce_thumbnail":["https:\/\/recambiosecogas.com\/wp-content\/uploads\/2024\/12\/Interfaz-de-USB-para-ValveCare-300x300.webp",300,300,true],"woocommerce_single":["https:\/\/recambiosecogas.com\/wp-content\/uploads\/2024\/12\/Interfaz-de-USB-para-ValveCare-png.webp",1000,1000,false],"woocommerce_gallery_thumbnail":["https:\/\/recambiosecogas.com\/wp-content\/uploads\/2024\/12\/Interfaz-de-USB-para-ValveCare-png.webp",1000,1000,false],"dgwt-wcas-product-suggestion":["https:\/\/recambiosecogas.com\/wp-content\/uploads\/2024\/12\/Interfaz-de-USB-para-ValveCare-64x64.webp",64,64,true]},"uagb_author_info":{"display_name":"Fran - Soporte T\u00e9cnico","author_link":"https:\/\/recambiosecogas.com\/it\/author\/"},"uagb_comment_info":0,"uagb_excerpt":"Interfaz USB para ValveCare que permite la conexi\u00f3n con ordenador para diagn\u00f3stico, configuraci\u00f3n y mantenimiento profesional del sistema de aditivos GLP.","_links":{"self":[{"href":"https:\/\/recambiosecogas.com\/it\/wp-json\/wp\/v2\/product\/11064","targetHints":{"allow":["GET"]}}],"collection":[{"href":"https:\/\/recambiosecogas.com\/it\/wp-json\/wp\/v2\/product"}],"about":[{"href":"https:\/\/recambiosecogas.com\/it\/wp-json\/wp\/v2\/types\/product"}],"replies":[{"embeddable":true,"href":"https:\/\/recambiosecogas.com\/it\/wp-json\/wp\/v2\/comments?post=11064"}],"wp:featuredmedia":[{"embeddable":true,"href":"https:\/\/recambiosecogas.com\/it\/wp-json\/wp\/v2\/media\/13515"}],"wp:attachment":[{"href":"https:\/\/recambiosecogas.com\/it\/wp-json\/wp\/v2\/media?parent=11064"}],"wp:term":[{"taxonomy":"product_brand","embeddable":true,"href":"https:\/\/recambiosecogas.com\/it\/wp-json\/wp\/v2\/product_brand?post=11064"},{"taxonomy":"product_cat","embeddable":true,"href":"https:\/\/recambiosecogas.com\/it\/wp-json\/wp\/v2\/product_cat?post=11064"},{"taxonomy":"product_tag","embeddable":true,"href":"https:\/\/recambiosecogas.com\/it\/wp-json\/wp\/v2\/product_tag?post=11064"}],"curies":[{"name":"wp","href":"https:\/\/api.w.org\/{rel}","templated":true}]}}