{"id":10921,"date":"2024-12-19T12:11:01","date_gmt":"2024-12-19T11:11:01","guid":{"rendered":"https:\/\/recambiosecogas.com\/producto\/kme-conector-para-sensor-map-ps-cct6-diego-5-filas\/"},"modified":"2026-03-18T10:43:34","modified_gmt":"2026-03-18T09:43:34","slug":"kme-conector-para-sensor-map-ps-cct6-diego-5-filas","status":"publish","type":"product","link":"https:\/\/recambiosecogas.com\/it\/producto\/kme-conector-para-sensor-map-ps-cct6-diego-5-filas\/","title":{"rendered":"KME conector para sensor MAP PS-CCT6 (DIEGO \/ 5 filas)"},"content":{"rendered":"<p>Conector para Sensor MAP KME PS-CCT6<br \/>\nConector para sensor MAP dise\u00f1ado para sistemas GLP.<\/p>\n<p>El conector para sensor MAP KME PS-CCT6 es un componente crucial en los sistemas de Autogas, utilizado para asegurar una conexi\u00f3n adecuada entre el sensor MAP y el sistema de inyecci\u00f3n. Este conector es fundamental para el correcto funcionamiento del sensor, que mide la presi\u00f3n del aire en el colector, permitiendo un ajuste preciso de la mezcla de combustible y aire.<\/p>\n<p>Su funci\u00f3n principal es facilitar la comunicaci\u00f3n entre el sensor y la unidad de control del motor, lo que es vital para optimizar el rendimiento y la eficiencia del motor. Un conector defectuoso puede llevar a lecturas err\u00f3neas, afectando la mezcla de combustible y, por ende, el rendimiento del veh\u00edculo.<\/p>\n<p>Este conector es necesario cuando se reemplaza un sensor MAP defectuoso o se realiza mantenimiento en el sistema de inyecci\u00f3n de gas. Es importante asegurarse de que el conector se integre correctamente con el sistema existente para garantizar un funcionamiento \u00f3ptimo.<\/p>\n<p>Compatibilidad<br \/>\nCompatible con veh\u00edculos equipados con sistemas GLP que utilizan el sensor MAP KME. Se recomienda verificar la referencia original antes de realizar la compra.<\/p>\n","protected":false},"excerpt":{"rendered":"<p>El conector para sensor MAP KME PS-CCT6 es un componente esencial para sistemas GLP, garantizando una conexi\u00f3n fiable para el sensor.<\/p>\n","protected":false},"featured_media":13744,"comment_status":"open","ping_status":"closed","template":"","meta":{"_uag_custom_page_level_css":""},"product_brand":[960],"product_cat":[325],"product_tag":[],"class_list":{"0":"post-10921","1":"product","2":"type-product","3":"status-publish","4":"has-post-thumbnail","6":"product_brand-kme","7":"product_cat-cable-adaptador","9":"first","10":"onbackorder","11":"taxable","12":"shipping-taxable","13":"purchasable","14":"product-type-simple"},"ct_brands":[{"id":960,"name":"KME","slug":"kme"}],"yoast_head":"<!-- This site is optimized with the Yoast SEO Premium plugin v27.5 (Yoast SEO v27.6) - https:\/\/yoast.com\/product\/yoast-seo-premium-wordpress\/ -->\n<title>Conector para Sensor MAP KME PS-CCT6 | Recambios Ecogas<\/title>\n<meta name=\"description\" content=\"Conector para sensor MAP KME PS-CCT6, esencial para sistemas GLP. Asegura una conexi\u00f3n fiable para el correcto funcionamiento del sensor.\" \/>\n<meta name=\"robots\" content=\"index, follow, max-snippet:-1, max-image-preview:large, max-video-preview:-1\" \/>\n<link rel=\"canonical\" href=\"https:\/\/recambiosecogas.com\/it\/producto\/kme-conector-para-sensor-map-ps-cct6-diego-5-filas\/\" \/>\n<meta property=\"og:locale\" content=\"it_IT\" \/>\n<meta property=\"og:type\" content=\"article\" \/>\n<meta property=\"og:title\" content=\"KME conector para sensor MAP PS-CCT6 (DIEGO \/ 5 filas)\" \/>\n<meta property=\"og:description\" content=\"Conector para sensor MAP KME PS-CCT6, esencial para sistemas GLP. Asegura una conexi\u00f3n fiable para el correcto funcionamiento del sensor.\" \/>\n<meta property=\"og:url\" content=\"https:\/\/recambiosecogas.com\/it\/producto\/kme-conector-para-sensor-map-ps-cct6-diego-5-filas\/\" \/>\n<meta property=\"og:site_name\" content=\"Recambios EcoGas\" \/>\n<meta property=\"article:publisher\" content=\"https:\/\/www.facebook.com\/profile.php?id=100062419705358\" \/>\n<meta property=\"article:modified_time\" content=\"2026-03-18T09:43:34+00:00\" \/>\n<meta property=\"og:image\" content=\"https:\/\/recambiosecogas.com\/wp-content\/uploads\/2024\/12\/KME-conector-para-sensor-MAP-PS-CCT6-NEVO-4-filas-png.webp\" \/>\n\t<meta property=\"og:image:width\" content=\"1000\" \/>\n\t<meta property=\"og:image:height\" content=\"1000\" \/>\n\t<meta property=\"og:image:type\" content=\"image\/png\" \/>\n<meta name=\"twitter:card\" content=\"summary_large_image\" \/>\n<meta name=\"twitter:label1\" content=\"Prezzo\" \/>\n\t<meta name=\"twitter:data1\" content=\"6,34&nbsp;&euro; (Sin IVA: 5,24&nbsp;&euro;)\" \/>\n\t<meta name=\"twitter:label2\" content=\"Disponibilit\u00e0\" \/>\n\t<meta name=\"twitter:data2\" content=\"Su ordinazione\" \/>\n<script type=\"application\/ld+json\" class=\"yoast-schema-graph\">{\"@context\":\"https:\\\/\\\/schema.org\",\"@graph\":[{\"@type\":\"WebPage\",\"@id\":\"https:\\\/\\\/recambiosecogas.com\\\/it\\\/producto\\\/kme-conector-para-sensor-map-ps-cct6-diego-5-filas\\\/\",\"url\":\"https:\\\/\\\/recambiosecogas.com\\\/it\\\/producto\\\/kme-conector-para-sensor-map-ps-cct6-diego-5-filas\\\/\",\"name\":\"Conector para Sensor MAP KME PS-CCT6 | Recambios Ecogas\",\"isPartOf\":{\"@id\":\"https:\\\/\\\/recambiosecogas.com\\\/it\\\/#website\"},\"primaryImageOfPage\":{\"@id\":\"https:\\\/\\\/recambiosecogas.com\\\/it\\\/producto\\\/kme-conector-para-sensor-map-ps-cct6-diego-5-filas\\\/#primaryimage\"},\"image\":{\"@id\":\"https:\\\/\\\/recambiosecogas.com\\\/it\\\/producto\\\/kme-conector-para-sensor-map-ps-cct6-diego-5-filas\\\/#primaryimage\"},\"thumbnailUrl\":\"https:\\\/\\\/recambiosecogas.com\\\/wp-content\\\/uploads\\\/2024\\\/12\\\/KME-conector-para-sensor-MAP-PS-CCT6-NEVO-4-filas-png.webp\",\"datePublished\":\"2024-12-19T11:11:01+00:00\",\"dateModified\":\"2026-03-18T09:43:34+00:00\",\"description\":\"Conector para sensor MAP KME PS-CCT6, esencial para sistemas GLP. Asegura una conexi\u00f3n fiable para el correcto funcionamiento del sensor.\",\"breadcrumb\":{\"@id\":\"https:\\\/\\\/recambiosecogas.com\\\/it\\\/producto\\\/kme-conector-para-sensor-map-ps-cct6-diego-5-filas\\\/#breadcrumb\"},\"inLanguage\":\"it-IT\",\"potentialAction\":[{\"@type\":\"ReadAction\",\"target\":[\"https:\\\/\\\/recambiosecogas.com\\\/it\\\/producto\\\/kme-conector-para-sensor-map-ps-cct6-diego-5-filas\\\/\"]}]},{\"@type\":\"ImageObject\",\"inLanguage\":\"it-IT\",\"@id\":\"https:\\\/\\\/recambiosecogas.com\\\/it\\\/producto\\\/kme-conector-para-sensor-map-ps-cct6-diego-5-filas\\\/#primaryimage\",\"url\":\"https:\\\/\\\/recambiosecogas.com\\\/wp-content\\\/uploads\\\/2024\\\/12\\\/KME-conector-para-sensor-MAP-PS-CCT6-NEVO-4-filas-png.webp\",\"contentUrl\":\"https:\\\/\\\/recambiosecogas.com\\\/wp-content\\\/uploads\\\/2024\\\/12\\\/KME-conector-para-sensor-MAP-PS-CCT6-NEVO-4-filas-png.webp\",\"width\":1000,\"height\":1000},{\"@type\":\"BreadcrumbList\",\"@id\":\"https:\\\/\\\/recambiosecogas.com\\\/it\\\/producto\\\/kme-conector-para-sensor-map-ps-cct6-diego-5-filas\\\/#breadcrumb\",\"itemListElement\":[{\"@type\":\"ListItem\",\"position\":1,\"name\":\"Portada\",\"item\":\"https:\\\/\\\/recambiosecogas.com\\\/it\\\/\"},{\"@type\":\"ListItem\",\"position\":2,\"name\":\"Negozio\",\"item\":\"https:\\\/\\\/recambiosecogas.com\\\/it\\\/?page_id=46382\"},{\"@type\":\"ListItem\",\"position\":3,\"name\":\"KME conector para sensor MAP PS-CCT6 (DIEGO \\\/ 5 filas)\"}]},{\"@type\":\"WebSite\",\"@id\":\"https:\\\/\\\/recambiosecogas.com\\\/it\\\/#website\",\"url\":\"https:\\\/\\\/recambiosecogas.com\\\/it\\\/\",\"name\":\"Recambios EcoGas\",\"description\":\"Recambios Multimarca para sistemas de GLP\\\/GNC\\\/GNL\\\/Hidr\u00f3geno\",\"publisher\":{\"@id\":\"https:\\\/\\\/recambiosecogas.com\\\/it\\\/#organization\"},\"alternateName\":\"Recambios Autogas GLP\",\"potentialAction\":[{\"@type\":\"SearchAction\",\"target\":{\"@type\":\"EntryPoint\",\"urlTemplate\":\"https:\\\/\\\/recambiosecogas.com\\\/it\\\/?s={search_term_string}\"},\"query-input\":{\"@type\":\"PropertyValueSpecification\",\"valueRequired\":true,\"valueName\":\"search_term_string\"}}],\"inLanguage\":\"it-IT\"},{\"@type\":[\"Organization\",\"Place\"],\"@id\":\"https:\\\/\\\/recambiosecogas.com\\\/it\\\/#organization\",\"name\":\"Recambios EcoGas\",\"alternateName\":\"Tienda Online GLP Espa\u00f1a\",\"url\":\"https:\\\/\\\/recambiosecogas.com\\\/it\\\/\",\"logo\":{\"@id\":\"https:\\\/\\\/recambiosecogas.com\\\/it\\\/producto\\\/kme-conector-para-sensor-map-ps-cct6-diego-5-filas\\\/#local-main-organization-logo\"},\"image\":{\"@id\":\"https:\\\/\\\/recambiosecogas.com\\\/it\\\/producto\\\/kme-conector-para-sensor-map-ps-cct6-diego-5-filas\\\/#local-main-organization-logo\"},\"sameAs\":[\"https:\\\/\\\/www.facebook.com\\\/profile.php?id=100062419705358\",\"https:\\\/\\\/www.instagram.com\\\/segimon_automocio\"],\"description\":\"Recambios EcoGas \u2013 Venta y distribuci\u00f3n de sistemas GLP y GNC en Espa\u00f1a y Portugal. Env\u00edos 24 h, soporte t\u00e9cnico a talleres y distribuidores.\",\"hasMerchantReturnPolicy\":{\"@type\":\"MerchantReturnPolicy\",\"merchantReturnLink\":\"https:\\\/\\\/recambiosecogas.com\\\/politicas-privacidad\\\/\"},\"address\":{\"@id\":\"https:\\\/\\\/recambiosecogas.com\\\/it\\\/producto\\\/kme-conector-para-sensor-map-ps-cct6-diego-5-filas\\\/#local-main-place-address\"},\"telephone\":[\"616250633\"],\"contactPoint\":{\"@type\":\"ContactPoint\",\"email\":\"export@recambiosecogas.com\"},\"openingHoursSpecification\":[{\"@type\":\"OpeningHoursSpecification\",\"dayOfWeek\":[\"Monday\",\"Tuesday\",\"Wednesday\",\"Thursday\",\"Friday\",\"Saturday\",\"Sunday\"],\"opens\":\"09:00\",\"closes\":\"17:00\"}],\"email\":\"info@recambiosecogas.com\",\"faxNumber\":\"SEGIMON AUTOMOCION SL\",\"vatID\":\"ESB19819861\",\"globalLocationNumber\":\"938 616 339\"},{\"@type\":\"PostalAddress\",\"@id\":\"https:\\\/\\\/recambiosecogas.com\\\/it\\\/producto\\\/kme-conector-para-sensor-map-ps-cct6-diego-5-filas\\\/#local-main-place-address\",\"streetAddress\":\"cami antic de vic, 29 (Nave 3), Pol\u00edgono Industrial Congost\",\"addressLocality\":\"CORRO D`AVALL\",\"postalCode\":\"08520\",\"addressRegion\":\"Barcelona\",\"addressCountry\":\"ES\"},{\"@type\":\"ImageObject\",\"inLanguage\":\"it-IT\",\"@id\":\"https:\\\/\\\/recambiosecogas.com\\\/it\\\/producto\\\/kme-conector-para-sensor-map-ps-cct6-diego-5-filas\\\/#local-main-organization-logo\",\"url\":\"https:\\\/\\\/recambiosecogas.com\\\/wp-content\\\/uploads\\\/2024\\\/11\\\/cropped-RECAMBIOS-GLP-png.webp\",\"contentUrl\":\"https:\\\/\\\/recambiosecogas.com\\\/wp-content\\\/uploads\\\/2024\\\/11\\\/cropped-RECAMBIOS-GLP-png.webp\",\"width\":512,\"height\":512,\"caption\":\"Recambios EcoGas\"}]}<\/script>\n<meta property=\"product:brand\" content=\"KME\" \/>\n<meta property=\"product:price:amount\" content=\"6.34\" \/>\n<meta property=\"product:price:currency\" content=\"EUR\" \/>\n<meta property=\"og:availability\" content=\"backorder\" \/>\n<meta property=\"product:availability\" content=\"available for order\" \/>\n<meta property=\"product:retailer_item_id\" content=\"106274\" \/>\n<meta property=\"product:condition\" content=\"new\" \/>\n<meta name=\"geo.placename\" content=\"CORRO D`AVALL\" \/>\n<meta name=\"geo.region\" content=\"Spagna\" \/>\n<!-- \/ Yoast SEO Premium plugin. -->","yoast_head_json":{"title":"Conector para Sensor MAP KME PS-CCT6 | Recambios Ecogas","description":"Conector para sensor MAP KME PS-CCT6, esencial para sistemas GLP. Asegura una conexi\u00f3n fiable para el correcto funcionamiento del sensor.","robots":{"index":"index","follow":"follow","max-snippet":"max-snippet:-1","max-image-preview":"max-image-preview:large","max-video-preview":"max-video-preview:-1"},"canonical":"https:\/\/recambiosecogas.com\/it\/producto\/kme-conector-para-sensor-map-ps-cct6-diego-5-filas\/","og_locale":"it_IT","og_type":"article","og_title":"KME conector para sensor MAP PS-CCT6 (DIEGO \/ 5 filas)","og_description":"Conector para sensor MAP KME PS-CCT6, esencial para sistemas GLP. Asegura una conexi\u00f3n fiable para el correcto funcionamiento del sensor.","og_url":"https:\/\/recambiosecogas.com\/it\/producto\/kme-conector-para-sensor-map-ps-cct6-diego-5-filas\/","og_site_name":"Recambios EcoGas","article_publisher":"https:\/\/www.facebook.com\/profile.php?id=100062419705358","article_modified_time":"2026-03-18T09:43:34+00:00","og_image":[{"width":1000,"height":1000,"url":"https:\/\/recambiosecogas.com\/wp-content\/uploads\/2024\/12\/KME-conector-para-sensor-MAP-PS-CCT6-NEVO-4-filas-png.webp","type":"image\/png"}],"twitter_card":"summary_large_image","twitter_misc":{"Prezzo":"6,34&nbsp;&euro; (Sin IVA: 5,24&nbsp;&euro;)","Disponibilit\u00e0":"Su ordinazione"},"schema":{"@context":"https:\/\/schema.org","@graph":[{"@type":"WebPage","@id":"https:\/\/recambiosecogas.com\/it\/producto\/kme-conector-para-sensor-map-ps-cct6-diego-5-filas\/","url":"https:\/\/recambiosecogas.com\/it\/producto\/kme-conector-para-sensor-map-ps-cct6-diego-5-filas\/","name":"Conector para Sensor MAP KME PS-CCT6 | Recambios Ecogas","isPartOf":{"@id":"https:\/\/recambiosecogas.com\/it\/#website"},"primaryImageOfPage":{"@id":"https:\/\/recambiosecogas.com\/it\/producto\/kme-conector-para-sensor-map-ps-cct6-diego-5-filas\/#primaryimage"},"image":{"@id":"https:\/\/recambiosecogas.com\/it\/producto\/kme-conector-para-sensor-map-ps-cct6-diego-5-filas\/#primaryimage"},"thumbnailUrl":"https:\/\/recambiosecogas.com\/wp-content\/uploads\/2024\/12\/KME-conector-para-sensor-MAP-PS-CCT6-NEVO-4-filas-png.webp","datePublished":"2024-12-19T11:11:01+00:00","dateModified":"2026-03-18T09:43:34+00:00","description":"Conector para sensor MAP KME PS-CCT6, esencial para sistemas GLP. Asegura una conexi\u00f3n fiable para el correcto funcionamiento del sensor.","breadcrumb":{"@id":"https:\/\/recambiosecogas.com\/it\/producto\/kme-conector-para-sensor-map-ps-cct6-diego-5-filas\/#breadcrumb"},"inLanguage":"it-IT","potentialAction":[{"@type":"ReadAction","target":["https:\/\/recambiosecogas.com\/it\/producto\/kme-conector-para-sensor-map-ps-cct6-diego-5-filas\/"]}]},{"@type":"ImageObject","inLanguage":"it-IT","@id":"https:\/\/recambiosecogas.com\/it\/producto\/kme-conector-para-sensor-map-ps-cct6-diego-5-filas\/#primaryimage","url":"https:\/\/recambiosecogas.com\/wp-content\/uploads\/2024\/12\/KME-conector-para-sensor-MAP-PS-CCT6-NEVO-4-filas-png.webp","contentUrl":"https:\/\/recambiosecogas.com\/wp-content\/uploads\/2024\/12\/KME-conector-para-sensor-MAP-PS-CCT6-NEVO-4-filas-png.webp","width":1000,"height":1000},{"@type":"BreadcrumbList","@id":"https:\/\/recambiosecogas.com\/it\/producto\/kme-conector-para-sensor-map-ps-cct6-diego-5-filas\/#breadcrumb","itemListElement":[{"@type":"ListItem","position":1,"name":"Portada","item":"https:\/\/recambiosecogas.com\/it\/"},{"@type":"ListItem","position":2,"name":"Negozio","item":"https:\/\/recambiosecogas.com\/it\/?page_id=46382"},{"@type":"ListItem","position":3,"name":"KME conector para sensor MAP PS-CCT6 (DIEGO \/ 5 filas)"}]},{"@type":"WebSite","@id":"https:\/\/recambiosecogas.com\/it\/#website","url":"https:\/\/recambiosecogas.com\/it\/","name":"Recambios EcoGas","description":"Recambios Multimarca para sistemas de GLP\/GNC\/GNL\/Hidr\u00f3geno","publisher":{"@id":"https:\/\/recambiosecogas.com\/it\/#organization"},"alternateName":"Recambios Autogas GLP","potentialAction":[{"@type":"SearchAction","target":{"@type":"EntryPoint","urlTemplate":"https:\/\/recambiosecogas.com\/it\/?s={search_term_string}"},"query-input":{"@type":"PropertyValueSpecification","valueRequired":true,"valueName":"search_term_string"}}],"inLanguage":"it-IT"},{"@type":["Organization","Place"],"@id":"https:\/\/recambiosecogas.com\/it\/#organization","name":"Recambios EcoGas","alternateName":"Tienda Online GLP Espa\u00f1a","url":"https:\/\/recambiosecogas.com\/it\/","logo":{"@id":"https:\/\/recambiosecogas.com\/it\/producto\/kme-conector-para-sensor-map-ps-cct6-diego-5-filas\/#local-main-organization-logo"},"image":{"@id":"https:\/\/recambiosecogas.com\/it\/producto\/kme-conector-para-sensor-map-ps-cct6-diego-5-filas\/#local-main-organization-logo"},"sameAs":["https:\/\/www.facebook.com\/profile.php?id=100062419705358","https:\/\/www.instagram.com\/segimon_automocio"],"description":"Recambios EcoGas \u2013 Venta y distribuci\u00f3n de sistemas GLP y GNC en Espa\u00f1a y Portugal. Env\u00edos 24 h, soporte t\u00e9cnico a talleres y distribuidores.","hasMerchantReturnPolicy":{"@type":"MerchantReturnPolicy","merchantReturnLink":"https:\/\/recambiosecogas.com\/politicas-privacidad\/"},"address":{"@id":"https:\/\/recambiosecogas.com\/it\/producto\/kme-conector-para-sensor-map-ps-cct6-diego-5-filas\/#local-main-place-address"},"telephone":["616250633"],"contactPoint":{"@type":"ContactPoint","email":"export@recambiosecogas.com"},"openingHoursSpecification":[{"@type":"OpeningHoursSpecification","dayOfWeek":["Monday","Tuesday","Wednesday","Thursday","Friday","Saturday","Sunday"],"opens":"09:00","closes":"17:00"}],"email":"info@recambiosecogas.com","faxNumber":"SEGIMON AUTOMOCION SL","vatID":"ESB19819861","globalLocationNumber":"938 616 339"},{"@type":"PostalAddress","@id":"https:\/\/recambiosecogas.com\/it\/producto\/kme-conector-para-sensor-map-ps-cct6-diego-5-filas\/#local-main-place-address","streetAddress":"cami antic de vic, 29 (Nave 3), Pol\u00edgono Industrial Congost","addressLocality":"CORRO D`AVALL","postalCode":"08520","addressRegion":"Barcelona","addressCountry":"ES"},{"@type":"ImageObject","inLanguage":"it-IT","@id":"https:\/\/recambiosecogas.com\/it\/producto\/kme-conector-para-sensor-map-ps-cct6-diego-5-filas\/#local-main-organization-logo","url":"https:\/\/recambiosecogas.com\/wp-content\/uploads\/2024\/11\/cropped-RECAMBIOS-GLP-png.webp","contentUrl":"https:\/\/recambiosecogas.com\/wp-content\/uploads\/2024\/11\/cropped-RECAMBIOS-GLP-png.webp","width":512,"height":512,"caption":"Recambios EcoGas"}]},"product_brand":"KME","product_price_amount":"6.34","product_price_currency":"EUR","og_availability":"backorder","product_availability":"available for order","product_retailer_item_id":"106274","product_condition":"new","geo.placename":"CORRO D`AVALL","geo.region":"Spagna"},"uagb_featured_image_src":{"full":["https:\/\/recambiosecogas.com\/wp-content\/uploads\/2024\/12\/KME-conector-para-sensor-MAP-PS-CCT6-NEVO-4-filas-png.webp",1000,1000,false],"thumbnail":["https:\/\/recambiosecogas.com\/wp-content\/uploads\/2024\/12\/KME-conector-para-sensor-MAP-PS-CCT6-NEVO-4-filas-150x150.webp",150,150,true],"medium":["https:\/\/recambiosecogas.com\/wp-content\/uploads\/2024\/12\/KME-conector-para-sensor-MAP-PS-CCT6-NEVO-4-filas-300x300.webp",300,300,true],"medium_large":["https:\/\/recambiosecogas.com\/wp-content\/uploads\/2024\/12\/KME-conector-para-sensor-MAP-PS-CCT6-NEVO-4-filas-768x768.webp",768,768,true],"large":["https:\/\/recambiosecogas.com\/wp-content\/uploads\/2024\/12\/KME-conector-para-sensor-MAP-PS-CCT6-NEVO-4-filas-png.webp",1000,1000,false],"1536x1536":["https:\/\/recambiosecogas.com\/wp-content\/uploads\/2024\/12\/KME-conector-para-sensor-MAP-PS-CCT6-NEVO-4-filas-png.webp",1000,1000,false],"2048x2048":["https:\/\/recambiosecogas.com\/wp-content\/uploads\/2024\/12\/KME-conector-para-sensor-MAP-PS-CCT6-NEVO-4-filas-png.webp",1000,1000,false],"woocommerce_archive_thumbnail":["https:\/\/recambiosecogas.com\/wp-content\/uploads\/2024\/12\/KME-conector-para-sensor-MAP-PS-CCT6-NEVO-4-filas-png.webp",1000,1000,false],"woocommerce_thumbnail":["https:\/\/recambiosecogas.com\/wp-content\/uploads\/2024\/12\/KME-conector-para-sensor-MAP-PS-CCT6-NEVO-4-filas-300x300.webp",300,300,true],"woocommerce_single":["https:\/\/recambiosecogas.com\/wp-content\/uploads\/2024\/12\/KME-conector-para-sensor-MAP-PS-CCT6-NEVO-4-filas-png.webp",1000,1000,false],"woocommerce_gallery_thumbnail":["https:\/\/recambiosecogas.com\/wp-content\/uploads\/2024\/12\/KME-conector-para-sensor-MAP-PS-CCT6-NEVO-4-filas-png.webp",1000,1000,false],"dgwt-wcas-product-suggestion":["https:\/\/recambiosecogas.com\/wp-content\/uploads\/2024\/12\/KME-conector-para-sensor-MAP-PS-CCT6-NEVO-4-filas-64x64.webp",64,64,true]},"uagb_author_info":{"display_name":"Fran - Soporte T\u00e9cnico","author_link":"https:\/\/recambiosecogas.com\/it\/author\/"},"uagb_comment_info":0,"uagb_excerpt":"El conector para sensor MAP KME PS-CCT6 es un componente esencial para sistemas GLP, garantizando una conexi\u00f3n fiable para el sensor.","_links":{"self":[{"href":"https:\/\/recambiosecogas.com\/it\/wp-json\/wp\/v2\/product\/10921","targetHints":{"allow":["GET"]}}],"collection":[{"href":"https:\/\/recambiosecogas.com\/it\/wp-json\/wp\/v2\/product"}],"about":[{"href":"https:\/\/recambiosecogas.com\/it\/wp-json\/wp\/v2\/types\/product"}],"replies":[{"embeddable":true,"href":"https:\/\/recambiosecogas.com\/it\/wp-json\/wp\/v2\/comments?post=10921"}],"wp:featuredmedia":[{"embeddable":true,"href":"https:\/\/recambiosecogas.com\/it\/wp-json\/wp\/v2\/media\/13744"}],"wp:attachment":[{"href":"https:\/\/recambiosecogas.com\/it\/wp-json\/wp\/v2\/media?parent=10921"}],"wp:term":[{"taxonomy":"product_brand","embeddable":true,"href":"https:\/\/recambiosecogas.com\/it\/wp-json\/wp\/v2\/product_brand?post=10921"},{"taxonomy":"product_cat","embeddable":true,"href":"https:\/\/recambiosecogas.com\/it\/wp-json\/wp\/v2\/product_cat?post=10921"},{"taxonomy":"product_tag","embeddable":true,"href":"https:\/\/recambiosecogas.com\/it\/wp-json\/wp\/v2\/product_tag?post=10921"}],"curies":[{"name":"wp","href":"https:\/\/api.w.org\/{rel}","templated":true}]}}