{"id":10597,"date":"2024-12-19T11:09:28","date_gmt":"2024-12-19T11:09:28","guid":{"rendered":"https:\/\/recambiosecogas.com\/producto\/cartucho-de-filtros-para-med-incl-kit-de-empaques-fase-liquida\/"},"modified":"2025-12-02T10:06:31","modified_gmt":"2025-12-02T09:06:31","slug":"cartucho-de-filtros-para-med-incl-kit-de-empaques-fase-liquida","status":"publish","type":"product","link":"https:\/\/recambiosecogas.com\/it\/producto\/cartucho-de-filtros-para-med-incl-kit-de-empaques-fase-liquida\/","title":{"rendered":"Filtro fase l\u00edquida Landi Renzo MED"},"content":{"rendered":"<h3 style=\"text-align: center;\">Filtro fase l\u00edquida Landi Renzo MED Incl Juntas t\u00f3ricas<\/h3>\n<p class=\"\" data-start=\"277\" data-end=\"635\"><strong data-start=\"280\" data-end=\"322\">Filtro\u00a0 fase l\u00edquida Landi Renzo MED<\/strong> es un recambio esencial para proteger el sistema de <strong data-start=\"375\" data-end=\"382\">GLP<\/strong> en veh\u00edculos equipados con reductores <strong data-start=\"421\" data-end=\"440\">MED, 3G Tipo 21<\/strong>. Fabricado en <strong data-start=\"455\" data-end=\"485\">pl\u00e1stico y papel filtrante<\/strong>, garantiza una <strong data-start=\"501\" data-end=\"547\">alta eficiencia de retenci\u00f3n de part\u00edculas<\/strong>, protegiendo el vaporizador y los inyectores de impurezas contenidas en el gas licuado.<\/p>\n<p class=\"\" data-start=\"637\" data-end=\"895\">Este modelo incluye <strong data-start=\"657\" data-end=\"675\">juntas t\u00f3ricas<\/strong> para una instalaci\u00f3n estanca y segura. Su dise\u00f1o compacto permite una <strong data-start=\"746\" data-end=\"768\">instalaci\u00f3n r\u00e1pida<\/strong> y es compatible con una amplia gama de sistemas de inyecci\u00f3n GLP, incluyendo <strong data-start=\"846\" data-end=\"881\">Landi Renzo, Koltec y Tartarini<\/strong>, entre otros.<\/p>\n<p class=\"\" data-start=\"897\" data-end=\"1068\">Gracias a sus dimensiones est\u00e1ndar y a la calidad de sus materiales, este filtro asegura una <strong data-start=\"990\" data-end=\"1022\">filtraci\u00f3n eficaz y duradera<\/strong>, siendo ideal para mantenimientos peri\u00f3dicos.<\/p>\n<hr class=\"\" data-start=\"1070\" data-end=\"1073\" \/>\n<h3 class=\"\" data-start=\"1075\" data-end=\"1147\"><strong data-start=\"1079\" data-end=\"1147\">Caracter\u00edsticas T\u00e9cnicas \u2013<\/strong><\/h3>\n<div class=\"overflow-x-auto contain-inline-size\">\n<table data-start=\"1149\" data-end=\"1941\">\n<thead data-start=\"1149\" data-end=\"1229\">\n<tr data-start=\"1149\" data-end=\"1229\">\n<th data-start=\"1149\" data-end=\"1178\">Especificaci\u00f3n<\/th>\n<th data-start=\"1178\" data-end=\"1229\">Detalles<\/th>\n<\/tr>\n<\/thead>\n<tbody data-start=\"1310\" data-end=\"1941\">\n<tr data-start=\"1310\" data-end=\"1388\">\n<td><strong data-start=\"1312\" data-end=\"1330\">Tipo de filtro<\/strong><\/td>\n<td>Fase l\u00edquida<\/td>\n<\/tr>\n<tr data-start=\"1389\" data-end=\"1467\">\n<td><strong data-start=\"1391\" data-end=\"1414\">Material del filtro<\/strong><\/td>\n<td>Pl\u00e1stico \/ Papel<\/td>\n<\/tr>\n<tr data-start=\"1468\" data-end=\"1546\">\n<td><strong data-start=\"1470\" data-end=\"1484\">Altura (h)<\/strong><\/td>\n<td>22,0 mm<\/td>\n<\/tr>\n<tr data-start=\"1547\" data-end=\"1625\">\n<td><strong data-start=\"1549\" data-end=\"1574\">Di\u00e1metro exterior (D)<\/strong><\/td>\n<td>35,0 mm<\/td>\n<\/tr>\n<tr data-start=\"1626\" data-end=\"1704\">\n<td><strong data-start=\"1628\" data-end=\"1653\">Di\u00e1metro interior (d)<\/strong><\/td>\n<td>8,0 mm \/ 15,0 mm<\/td>\n<\/tr>\n<tr data-start=\"1705\" data-end=\"1783\">\n<td><strong data-start=\"1707\" data-end=\"1729\">V\u00e1lvulas de cierre<\/strong><\/td>\n<td>MED, 3G Tipo 21<\/td>\n<\/tr>\n<tr data-start=\"1784\" data-end=\"1862\">\n<td><strong data-start=\"1786\" data-end=\"1810\">Sistemas compatibles<\/strong><\/td>\n<td>Landi Renzo, Landi, Koltec, Tartarini<\/td>\n<\/tr>\n<tr data-start=\"1863\" data-end=\"1941\">\n<td><strong data-start=\"1865\" data-end=\"1883\">Incluye juntas<\/strong><\/td>\n<td>S\u00ed (juntas t\u00f3ricas)<\/td>\n<\/tr>\n<\/tbody>\n<\/table>\n<\/div>\n<blockquote data-start=\"1943\" data-end=\"2029\">\n<p class=\"\" data-start=\"1945\" data-end=\"2029\">Reemplazar cada 15.000 \u2013 20.000 km o seg\u00fan el plan de mantenimiento del sistema GLP.<\/p>\n<\/blockquote>\n<p><a href=\"https:\/\/recambiosecogas.com\/categoria-producto\/filtros\/\">COMPRA MAS PRODUCTOS ONLINE EN NUESTRA TIENDA<\/a><\/p>\n<p><a href=\"http:\/\/www.segimonautomocio.com\/\">HAZ LA CONVERSION A GLP EN NUESTRO TALLER INSTALADOR OFICIAL, MAS INFORMACION EN NUESTRA WEB DE TALLER<\/a><\/p>\n","protected":false},"excerpt":{"rendered":"<p>Landi Renzo<\/p>\n","protected":false},"featured_media":11846,"comment_status":"open","ping_status":"closed","template":"","meta":{"_uag_custom_page_level_css":""},"product_brand":[997,1000],"product_cat":[1573],"product_tag":[],"class_list":{"0":"post-10597","1":"product","2":"type-product","3":"status-publish","4":"has-post-thumbnail","6":"product_brand-landi-renzo","7":"product_brand-tartarini","8":"product_cat-fase-liquida-pt-pt","10":"first","11":"onbackorder","12":"taxable","13":"shipping-taxable","14":"purchasable","15":"product-type-simple"},"ct_brands":[{"id":997,"name":"Landi Renzo","slug":"landi-renzo"},{"id":1000,"name":"TARTARINI","slug":"tartarini"}],"yoast_head":"<!-- This site is optimized with the Yoast SEO Premium plugin v27.5 (Yoast SEO v27.5) - https:\/\/yoast.com\/product\/yoast-seo-premium-wordpress\/ -->\n<title>Filtro fase l\u00edquida Landi Renzo MED | Recambios EcoGas | Sistemas GLP y GNC<\/title>\n<meta name=\"description\" content=\"Filtro GLP fase l\u00edquida Landi Renzo MED. Incluye juntas t\u00f3ricas. Compatible con reductores MED, Tipo 21. Alta filtraci\u00f3n y f\u00e1cil instalaci\u00f3n.\" \/>\n<meta name=\"robots\" content=\"index, follow, max-snippet:-1, max-image-preview:large, max-video-preview:-1\" \/>\n<link rel=\"canonical\" href=\"https:\/\/recambiosecogas.com\/it\/producto\/cartucho-de-filtros-para-med-incl-kit-de-empaques-fase-liquida\/\" \/>\n<meta property=\"og:locale\" content=\"it_IT\" \/>\n<meta property=\"og:type\" content=\"article\" \/>\n<meta property=\"og:title\" content=\"Filtro fase l\u00edquida Landi Renzo MED\" \/>\n<meta property=\"og:description\" content=\"Filtro GLP fase l\u00edquida Landi Renzo MED. Incluye juntas t\u00f3ricas. Compatible con reductores MED, Tipo 21. Alta filtraci\u00f3n y f\u00e1cil instalaci\u00f3n.\" \/>\n<meta property=\"og:url\" content=\"https:\/\/recambiosecogas.com\/it\/producto\/cartucho-de-filtros-para-med-incl-kit-de-empaques-fase-liquida\/\" \/>\n<meta property=\"og:site_name\" content=\"Recambios EcoGas\" \/>\n<meta property=\"article:publisher\" content=\"https:\/\/www.facebook.com\/profile.php?id=100062419705358\" \/>\n<meta property=\"article:modified_time\" content=\"2025-12-02T09:06:31+00:00\" \/>\n<meta property=\"og:image\" content=\"https:\/\/recambiosecogas.com\/wp-content\/uploads\/2024\/12\/Cartucho-filtrante-para-MED-con-junta-incluida-fase-liquida-png.webp\" \/>\n\t<meta property=\"og:image:width\" content=\"1000\" \/>\n\t<meta property=\"og:image:height\" content=\"1000\" \/>\n\t<meta property=\"og:image:type\" content=\"image\/png\" \/>\n<meta name=\"twitter:card\" content=\"summary_large_image\" \/>\n<meta name=\"twitter:label1\" content=\"Prezzo\" \/>\n\t<meta name=\"twitter:data1\" content=\"5,29&nbsp;&euro; (Sin IVA: 4,37&nbsp;&euro;)\" \/>\n\t<meta name=\"twitter:label2\" content=\"Disponibilit\u00e0\" \/>\n\t<meta name=\"twitter:data2\" content=\"Su ordinazione\" \/>\n<script type=\"application\/ld+json\" class=\"yoast-schema-graph\">{\"@context\":\"https:\\\/\\\/schema.org\",\"@graph\":[{\"@type\":\"WebPage\",\"@id\":\"https:\\\/\\\/recambiosecogas.com\\\/it\\\/producto\\\/cartucho-de-filtros-para-med-incl-kit-de-empaques-fase-liquida\\\/\",\"url\":\"https:\\\/\\\/recambiosecogas.com\\\/it\\\/producto\\\/cartucho-de-filtros-para-med-incl-kit-de-empaques-fase-liquida\\\/\",\"name\":\"Filtro fase l\u00edquida Landi Renzo MED | Recambios EcoGas | Sistemas GLP y GNC\",\"isPartOf\":{\"@id\":\"https:\\\/\\\/recambiosecogas.com\\\/it\\\/#website\"},\"primaryImageOfPage\":{\"@id\":\"https:\\\/\\\/recambiosecogas.com\\\/it\\\/producto\\\/cartucho-de-filtros-para-med-incl-kit-de-empaques-fase-liquida\\\/#primaryimage\"},\"image\":{\"@id\":\"https:\\\/\\\/recambiosecogas.com\\\/it\\\/producto\\\/cartucho-de-filtros-para-med-incl-kit-de-empaques-fase-liquida\\\/#primaryimage\"},\"thumbnailUrl\":\"https:\\\/\\\/recambiosecogas.com\\\/wp-content\\\/uploads\\\/2024\\\/12\\\/Cartucho-filtrante-para-MED-con-junta-incluida-fase-liquida-png.webp\",\"datePublished\":\"2024-12-19T11:09:28+00:00\",\"dateModified\":\"2025-12-02T09:06:31+00:00\",\"description\":\"Filtro GLP fase l\u00edquida Landi Renzo MED. Incluye juntas t\u00f3ricas. Compatible con reductores MED, Tipo 21. Alta filtraci\u00f3n y f\u00e1cil instalaci\u00f3n.\",\"breadcrumb\":{\"@id\":\"https:\\\/\\\/recambiosecogas.com\\\/it\\\/producto\\\/cartucho-de-filtros-para-med-incl-kit-de-empaques-fase-liquida\\\/#breadcrumb\"},\"inLanguage\":\"it-IT\",\"potentialAction\":[{\"@type\":\"ReadAction\",\"target\":[\"https:\\\/\\\/recambiosecogas.com\\\/it\\\/producto\\\/cartucho-de-filtros-para-med-incl-kit-de-empaques-fase-liquida\\\/\"]}]},{\"@type\":\"ImageObject\",\"inLanguage\":\"it-IT\",\"@id\":\"https:\\\/\\\/recambiosecogas.com\\\/it\\\/producto\\\/cartucho-de-filtros-para-med-incl-kit-de-empaques-fase-liquida\\\/#primaryimage\",\"url\":\"https:\\\/\\\/recambiosecogas.com\\\/wp-content\\\/uploads\\\/2024\\\/12\\\/Cartucho-filtrante-para-MED-con-junta-incluida-fase-liquida-png.webp\",\"contentUrl\":\"https:\\\/\\\/recambiosecogas.com\\\/wp-content\\\/uploads\\\/2024\\\/12\\\/Cartucho-filtrante-para-MED-con-junta-incluida-fase-liquida-png.webp\",\"width\":1000,\"height\":1000,\"caption\":\"Filtro GLP fase l\u00edquida Landi Renzo MED. 22x35x8\\\/15 mm. Incluye juntas. Compatible con Koltec, Tartarini, Tipo 21.\"},{\"@type\":\"BreadcrumbList\",\"@id\":\"https:\\\/\\\/recambiosecogas.com\\\/it\\\/producto\\\/cartucho-de-filtros-para-med-incl-kit-de-empaques-fase-liquida\\\/#breadcrumb\",\"itemListElement\":[{\"@type\":\"ListItem\",\"position\":1,\"name\":\"Portada\",\"item\":\"https:\\\/\\\/recambiosecogas.com\\\/it\\\/\"},{\"@type\":\"ListItem\",\"position\":2,\"name\":\"Negozio\",\"item\":\"https:\\\/\\\/recambiosecogas.com\\\/it\\\/?page_id=46382\"},{\"@type\":\"ListItem\",\"position\":3,\"name\":\"Filtro fase l\u00edquida Landi Renzo MED\"}]},{\"@type\":\"WebSite\",\"@id\":\"https:\\\/\\\/recambiosecogas.com\\\/it\\\/#website\",\"url\":\"https:\\\/\\\/recambiosecogas.com\\\/it\\\/\",\"name\":\"Recambios EcoGas\",\"description\":\"Recambios Multimarca para sistemas de GLP\\\/GNC\\\/GNL\\\/Hidr\u00f3geno\",\"publisher\":{\"@id\":\"https:\\\/\\\/recambiosecogas.com\\\/it\\\/#organization\"},\"alternateName\":\"Recambios Autogas GLP\",\"potentialAction\":[{\"@type\":\"SearchAction\",\"target\":{\"@type\":\"EntryPoint\",\"urlTemplate\":\"https:\\\/\\\/recambiosecogas.com\\\/it\\\/?s={search_term_string}\"},\"query-input\":{\"@type\":\"PropertyValueSpecification\",\"valueRequired\":true,\"valueName\":\"search_term_string\"}}],\"inLanguage\":\"it-IT\"},{\"@type\":[\"Organization\",\"Place\"],\"@id\":\"https:\\\/\\\/recambiosecogas.com\\\/it\\\/#organization\",\"name\":\"Recambios EcoGas\",\"alternateName\":\"Tienda Online GLP Espa\u00f1a\",\"url\":\"https:\\\/\\\/recambiosecogas.com\\\/it\\\/\",\"logo\":{\"@id\":\"https:\\\/\\\/recambiosecogas.com\\\/it\\\/producto\\\/cartucho-de-filtros-para-med-incl-kit-de-empaques-fase-liquida\\\/#local-main-organization-logo\"},\"image\":{\"@id\":\"https:\\\/\\\/recambiosecogas.com\\\/it\\\/producto\\\/cartucho-de-filtros-para-med-incl-kit-de-empaques-fase-liquida\\\/#local-main-organization-logo\"},\"sameAs\":[\"https:\\\/\\\/www.facebook.com\\\/profile.php?id=100062419705358\",\"https:\\\/\\\/www.instagram.com\\\/segimon_automocio\"],\"description\":\"Recambios EcoGas \u2013 Venta y distribuci\u00f3n de sistemas GLP y GNC en Espa\u00f1a y Portugal. Env\u00edos 24 h, soporte t\u00e9cnico a talleres y distribuidores.\",\"hasMerchantReturnPolicy\":{\"@type\":\"MerchantReturnPolicy\",\"merchantReturnLink\":\"https:\\\/\\\/recambiosecogas.com\\\/politicas-privacidad\\\/\"},\"address\":{\"@id\":\"https:\\\/\\\/recambiosecogas.com\\\/it\\\/producto\\\/cartucho-de-filtros-para-med-incl-kit-de-empaques-fase-liquida\\\/#local-main-place-address\"},\"telephone\":[\"616250633\"],\"contactPoint\":{\"@type\":\"ContactPoint\",\"email\":\"export@recambiosecogas.com\"},\"openingHoursSpecification\":[{\"@type\":\"OpeningHoursSpecification\",\"dayOfWeek\":[\"Monday\",\"Tuesday\",\"Wednesday\",\"Thursday\",\"Friday\",\"Saturday\",\"Sunday\"],\"opens\":\"09:00\",\"closes\":\"17:00\"}],\"email\":\"info@recambiosecogas.com\",\"faxNumber\":\"SEGIMON AUTOMOCION SL\",\"vatID\":\"ESB19819861\",\"globalLocationNumber\":\"938 616 339\"},{\"@type\":\"PostalAddress\",\"@id\":\"https:\\\/\\\/recambiosecogas.com\\\/it\\\/producto\\\/cartucho-de-filtros-para-med-incl-kit-de-empaques-fase-liquida\\\/#local-main-place-address\",\"streetAddress\":\"cami antic de vic, 29 (Nave 3), Pol\u00edgono Industrial Congost\",\"addressLocality\":\"CORRO D`AVALL\",\"postalCode\":\"08520\",\"addressRegion\":\"Barcelona\",\"addressCountry\":\"ES\"},{\"@type\":\"ImageObject\",\"inLanguage\":\"it-IT\",\"@id\":\"https:\\\/\\\/recambiosecogas.com\\\/it\\\/producto\\\/cartucho-de-filtros-para-med-incl-kit-de-empaques-fase-liquida\\\/#local-main-organization-logo\",\"url\":\"https:\\\/\\\/recambiosecogas.com\\\/wp-content\\\/uploads\\\/2024\\\/11\\\/cropped-RECAMBIOS-GLP-png.webp\",\"contentUrl\":\"https:\\\/\\\/recambiosecogas.com\\\/wp-content\\\/uploads\\\/2024\\\/11\\\/cropped-RECAMBIOS-GLP-png.webp\",\"width\":512,\"height\":512,\"caption\":\"Recambios EcoGas\"}]}<\/script>\n<meta property=\"product:brand\" content=\"Landi Renzo\" \/>\n<meta property=\"product:price:amount\" content=\"5.29\" \/>\n<meta property=\"product:price:currency\" content=\"EUR\" \/>\n<meta property=\"og:availability\" content=\"backorder\" \/>\n<meta property=\"product:availability\" content=\"available for order\" \/>\n<meta property=\"product:retailer_item_id\" content=\"100273\" \/>\n<meta property=\"product:condition\" content=\"new\" \/>\n<meta name=\"geo.placename\" content=\"CORRO D`AVALL\" \/>\n<meta name=\"geo.region\" content=\"Spagna\" \/>\n<!-- \/ Yoast SEO Premium plugin. -->","yoast_head_json":{"title":"Filtro fase l\u00edquida Landi Renzo MED | Recambios EcoGas | Sistemas GLP y GNC","description":"Filtro GLP fase l\u00edquida Landi Renzo MED. Incluye juntas t\u00f3ricas. Compatible con reductores MED, Tipo 21. Alta filtraci\u00f3n y f\u00e1cil instalaci\u00f3n.","robots":{"index":"index","follow":"follow","max-snippet":"max-snippet:-1","max-image-preview":"max-image-preview:large","max-video-preview":"max-video-preview:-1"},"canonical":"https:\/\/recambiosecogas.com\/it\/producto\/cartucho-de-filtros-para-med-incl-kit-de-empaques-fase-liquida\/","og_locale":"it_IT","og_type":"article","og_title":"Filtro fase l\u00edquida Landi Renzo MED","og_description":"Filtro GLP fase l\u00edquida Landi Renzo MED. Incluye juntas t\u00f3ricas. Compatible con reductores MED, Tipo 21. Alta filtraci\u00f3n y f\u00e1cil instalaci\u00f3n.","og_url":"https:\/\/recambiosecogas.com\/it\/producto\/cartucho-de-filtros-para-med-incl-kit-de-empaques-fase-liquida\/","og_site_name":"Recambios EcoGas","article_publisher":"https:\/\/www.facebook.com\/profile.php?id=100062419705358","article_modified_time":"2025-12-02T09:06:31+00:00","og_image":[{"width":1000,"height":1000,"url":"https:\/\/recambiosecogas.com\/wp-content\/uploads\/2024\/12\/Cartucho-filtrante-para-MED-con-junta-incluida-fase-liquida-png.webp","type":"image\/png"}],"twitter_card":"summary_large_image","twitter_misc":{"Prezzo":"5,29&nbsp;&euro; (Sin IVA: 4,37&nbsp;&euro;)","Disponibilit\u00e0":"Su ordinazione"},"schema":{"@context":"https:\/\/schema.org","@graph":[{"@type":"WebPage","@id":"https:\/\/recambiosecogas.com\/it\/producto\/cartucho-de-filtros-para-med-incl-kit-de-empaques-fase-liquida\/","url":"https:\/\/recambiosecogas.com\/it\/producto\/cartucho-de-filtros-para-med-incl-kit-de-empaques-fase-liquida\/","name":"Filtro fase l\u00edquida Landi Renzo MED | Recambios EcoGas | Sistemas GLP y GNC","isPartOf":{"@id":"https:\/\/recambiosecogas.com\/it\/#website"},"primaryImageOfPage":{"@id":"https:\/\/recambiosecogas.com\/it\/producto\/cartucho-de-filtros-para-med-incl-kit-de-empaques-fase-liquida\/#primaryimage"},"image":{"@id":"https:\/\/recambiosecogas.com\/it\/producto\/cartucho-de-filtros-para-med-incl-kit-de-empaques-fase-liquida\/#primaryimage"},"thumbnailUrl":"https:\/\/recambiosecogas.com\/wp-content\/uploads\/2024\/12\/Cartucho-filtrante-para-MED-con-junta-incluida-fase-liquida-png.webp","datePublished":"2024-12-19T11:09:28+00:00","dateModified":"2025-12-02T09:06:31+00:00","description":"Filtro GLP fase l\u00edquida Landi Renzo MED. Incluye juntas t\u00f3ricas. Compatible con reductores MED, Tipo 21. Alta filtraci\u00f3n y f\u00e1cil instalaci\u00f3n.","breadcrumb":{"@id":"https:\/\/recambiosecogas.com\/it\/producto\/cartucho-de-filtros-para-med-incl-kit-de-empaques-fase-liquida\/#breadcrumb"},"inLanguage":"it-IT","potentialAction":[{"@type":"ReadAction","target":["https:\/\/recambiosecogas.com\/it\/producto\/cartucho-de-filtros-para-med-incl-kit-de-empaques-fase-liquida\/"]}]},{"@type":"ImageObject","inLanguage":"it-IT","@id":"https:\/\/recambiosecogas.com\/it\/producto\/cartucho-de-filtros-para-med-incl-kit-de-empaques-fase-liquida\/#primaryimage","url":"https:\/\/recambiosecogas.com\/wp-content\/uploads\/2024\/12\/Cartucho-filtrante-para-MED-con-junta-incluida-fase-liquida-png.webp","contentUrl":"https:\/\/recambiosecogas.com\/wp-content\/uploads\/2024\/12\/Cartucho-filtrante-para-MED-con-junta-incluida-fase-liquida-png.webp","width":1000,"height":1000,"caption":"Filtro GLP fase l\u00edquida Landi Renzo MED. 22x35x8\/15 mm. Incluye juntas. Compatible con Koltec, Tartarini, Tipo 21."},{"@type":"BreadcrumbList","@id":"https:\/\/recambiosecogas.com\/it\/producto\/cartucho-de-filtros-para-med-incl-kit-de-empaques-fase-liquida\/#breadcrumb","itemListElement":[{"@type":"ListItem","position":1,"name":"Portada","item":"https:\/\/recambiosecogas.com\/it\/"},{"@type":"ListItem","position":2,"name":"Negozio","item":"https:\/\/recambiosecogas.com\/it\/?page_id=46382"},{"@type":"ListItem","position":3,"name":"Filtro fase l\u00edquida Landi Renzo MED"}]},{"@type":"WebSite","@id":"https:\/\/recambiosecogas.com\/it\/#website","url":"https:\/\/recambiosecogas.com\/it\/","name":"Recambios EcoGas","description":"Recambios Multimarca para sistemas de GLP\/GNC\/GNL\/Hidr\u00f3geno","publisher":{"@id":"https:\/\/recambiosecogas.com\/it\/#organization"},"alternateName":"Recambios Autogas GLP","potentialAction":[{"@type":"SearchAction","target":{"@type":"EntryPoint","urlTemplate":"https:\/\/recambiosecogas.com\/it\/?s={search_term_string}"},"query-input":{"@type":"PropertyValueSpecification","valueRequired":true,"valueName":"search_term_string"}}],"inLanguage":"it-IT"},{"@type":["Organization","Place"],"@id":"https:\/\/recambiosecogas.com\/it\/#organization","name":"Recambios EcoGas","alternateName":"Tienda Online GLP Espa\u00f1a","url":"https:\/\/recambiosecogas.com\/it\/","logo":{"@id":"https:\/\/recambiosecogas.com\/it\/producto\/cartucho-de-filtros-para-med-incl-kit-de-empaques-fase-liquida\/#local-main-organization-logo"},"image":{"@id":"https:\/\/recambiosecogas.com\/it\/producto\/cartucho-de-filtros-para-med-incl-kit-de-empaques-fase-liquida\/#local-main-organization-logo"},"sameAs":["https:\/\/www.facebook.com\/profile.php?id=100062419705358","https:\/\/www.instagram.com\/segimon_automocio"],"description":"Recambios EcoGas \u2013 Venta y distribuci\u00f3n de sistemas GLP y GNC en Espa\u00f1a y Portugal. Env\u00edos 24 h, soporte t\u00e9cnico a talleres y distribuidores.","hasMerchantReturnPolicy":{"@type":"MerchantReturnPolicy","merchantReturnLink":"https:\/\/recambiosecogas.com\/politicas-privacidad\/"},"address":{"@id":"https:\/\/recambiosecogas.com\/it\/producto\/cartucho-de-filtros-para-med-incl-kit-de-empaques-fase-liquida\/#local-main-place-address"},"telephone":["616250633"],"contactPoint":{"@type":"ContactPoint","email":"export@recambiosecogas.com"},"openingHoursSpecification":[{"@type":"OpeningHoursSpecification","dayOfWeek":["Monday","Tuesday","Wednesday","Thursday","Friday","Saturday","Sunday"],"opens":"09:00","closes":"17:00"}],"email":"info@recambiosecogas.com","faxNumber":"SEGIMON AUTOMOCION SL","vatID":"ESB19819861","globalLocationNumber":"938 616 339"},{"@type":"PostalAddress","@id":"https:\/\/recambiosecogas.com\/it\/producto\/cartucho-de-filtros-para-med-incl-kit-de-empaques-fase-liquida\/#local-main-place-address","streetAddress":"cami antic de vic, 29 (Nave 3), Pol\u00edgono Industrial Congost","addressLocality":"CORRO D`AVALL","postalCode":"08520","addressRegion":"Barcelona","addressCountry":"ES"},{"@type":"ImageObject","inLanguage":"it-IT","@id":"https:\/\/recambiosecogas.com\/it\/producto\/cartucho-de-filtros-para-med-incl-kit-de-empaques-fase-liquida\/#local-main-organization-logo","url":"https:\/\/recambiosecogas.com\/wp-content\/uploads\/2024\/11\/cropped-RECAMBIOS-GLP-png.webp","contentUrl":"https:\/\/recambiosecogas.com\/wp-content\/uploads\/2024\/11\/cropped-RECAMBIOS-GLP-png.webp","width":512,"height":512,"caption":"Recambios EcoGas"}]},"product_brand":"Landi Renzo","product_price_amount":"5.29","product_price_currency":"EUR","og_availability":"backorder","product_availability":"available for order","product_retailer_item_id":"100273","product_condition":"new","geo.placename":"CORRO D`AVALL","geo.region":"Spagna"},"uagb_featured_image_src":{"full":["https:\/\/recambiosecogas.com\/wp-content\/uploads\/2024\/12\/Cartucho-filtrante-para-MED-con-junta-incluida-fase-liquida-png.webp",1000,1000,false],"thumbnail":["https:\/\/recambiosecogas.com\/wp-content\/uploads\/2024\/12\/Cartucho-filtrante-para-MED-con-junta-incluida-fase-liquida-150x150.webp",150,150,true],"medium":["https:\/\/recambiosecogas.com\/wp-content\/uploads\/2024\/12\/Cartucho-filtrante-para-MED-con-junta-incluida-fase-liquida-300x300.webp",300,300,true],"medium_large":["https:\/\/recambiosecogas.com\/wp-content\/uploads\/2024\/12\/Cartucho-filtrante-para-MED-con-junta-incluida-fase-liquida-768x768.webp",768,768,true],"large":["https:\/\/recambiosecogas.com\/wp-content\/uploads\/2024\/12\/Cartucho-filtrante-para-MED-con-junta-incluida-fase-liquida-png.webp",1000,1000,false],"1536x1536":["https:\/\/recambiosecogas.com\/wp-content\/uploads\/2024\/12\/Cartucho-filtrante-para-MED-con-junta-incluida-fase-liquida-png.webp",1000,1000,false],"2048x2048":["https:\/\/recambiosecogas.com\/wp-content\/uploads\/2024\/12\/Cartucho-filtrante-para-MED-con-junta-incluida-fase-liquida-png.webp",1000,1000,false],"woocommerce_archive_thumbnail":["https:\/\/recambiosecogas.com\/wp-content\/uploads\/2024\/12\/Cartucho-filtrante-para-MED-con-junta-incluida-fase-liquida-png.webp",1000,1000,false],"woocommerce_thumbnail":["https:\/\/recambiosecogas.com\/wp-content\/uploads\/2024\/12\/Cartucho-filtrante-para-MED-con-junta-incluida-fase-liquida-png-300x300.webp",300,300,true],"woocommerce_single":["https:\/\/recambiosecogas.com\/wp-content\/uploads\/2024\/12\/Cartucho-filtrante-para-MED-con-junta-incluida-fase-liquida-png.webp",1000,1000,false],"woocommerce_gallery_thumbnail":["https:\/\/recambiosecogas.com\/wp-content\/uploads\/2024\/12\/Cartucho-filtrante-para-MED-con-junta-incluida-fase-liquida-png.webp",1000,1000,false],"dgwt-wcas-product-suggestion":["https:\/\/recambiosecogas.com\/wp-content\/uploads\/2024\/12\/Cartucho-filtrante-para-MED-con-junta-incluida-fase-liquida-png-64x64.webp",64,64,true]},"uagb_author_info":{"display_name":"Fran - Soporte T\u00e9cnico","author_link":"https:\/\/recambiosecogas.com\/it\/author\/"},"uagb_comment_info":0,"uagb_excerpt":"Landi Renzo","_links":{"self":[{"href":"https:\/\/recambiosecogas.com\/it\/wp-json\/wp\/v2\/product\/10597","targetHints":{"allow":["GET"]}}],"collection":[{"href":"https:\/\/recambiosecogas.com\/it\/wp-json\/wp\/v2\/product"}],"about":[{"href":"https:\/\/recambiosecogas.com\/it\/wp-json\/wp\/v2\/types\/product"}],"replies":[{"embeddable":true,"href":"https:\/\/recambiosecogas.com\/it\/wp-json\/wp\/v2\/comments?post=10597"}],"wp:featuredmedia":[{"embeddable":true,"href":"https:\/\/recambiosecogas.com\/it\/wp-json\/wp\/v2\/media\/11846"}],"wp:attachment":[{"href":"https:\/\/recambiosecogas.com\/it\/wp-json\/wp\/v2\/media?parent=10597"}],"wp:term":[{"taxonomy":"product_brand","embeddable":true,"href":"https:\/\/recambiosecogas.com\/it\/wp-json\/wp\/v2\/product_brand?post=10597"},{"taxonomy":"product_cat","embeddable":true,"href":"https:\/\/recambiosecogas.com\/it\/wp-json\/wp\/v2\/product_cat?post=10597"},{"taxonomy":"product_tag","embeddable":true,"href":"https:\/\/recambiosecogas.com\/it\/wp-json\/wp\/v2\/product_tag?post=10597"}],"curies":[{"name":"wp","href":"https:\/\/api.w.org\/{rel}","templated":true}]}}