{"id":10595,"date":"2024-12-19T11:09:27","date_gmt":"2024-12-19T11:09:27","guid":{"rendered":"https:\/\/recambiosecogas.com\/producto\/cartucho-de-filtros-para-lovato-incl-kit-de-empaques-fase-liquida\/"},"modified":"2026-03-02T10:20:09","modified_gmt":"2026-03-02T09:20:09","slug":"filtro-glp-fase-liquida-lovato","status":"publish","type":"product","link":"https:\/\/recambiosecogas.com\/it\/producto\/filtro-glp-fase-liquida-lovato\/","title":{"rendered":"Filtro GLP fase l\u00edquida LOVATO"},"content":{"rendered":"<h3 class=\"\" data-start=\"200\" data-end=\"304\"><strong data-start=\"204\" data-end=\"304\">Filtro GLP Fase L\u00edquida LOVATO \u2013 Compatible con Landi Renzo y Ciervo<\/strong><\/h3>\n<p class=\"\" data-start=\"306\" data-end=\"684\"><strong data-start=\"309\" data-end=\"361\">Filtro GLP Fase L\u00edquida LOVATO con juntas t\u00f3ricas<\/strong> es un recambio esencial para mantener el sistema <strong data-start=\"411\" data-end=\"418\">GLP<\/strong> libre de impurezas y en \u00f3ptimas condiciones de funcionamiento. Fabricado en <strong data-start=\"495\" data-end=\"522\">metal y papel filtrante<\/strong>, este modelo asegura una <strong data-start=\"548\" data-end=\"601\">alta capacidad de retenci\u00f3n de part\u00edculas s\u00f3lidas<\/strong>, protegiendo el reductor, los inyectores y otros componentes cr\u00edticos del sistema.<\/p>\n<p class=\"\" data-start=\"686\" data-end=\"987\">Este filtro es compatible con <strong data-start=\"716\" data-end=\"745\">v\u00e1lvulas de cierre LOVATO<\/strong> y sistemas de las marcas <strong data-start=\"771\" data-end=\"786\">Landi Renzo<\/strong> y <strong data-start=\"789\" data-end=\"799\">Ciervo<\/strong>, lo que lo convierte en una opci\u00f3n ideal para una amplia variedad de instalaciones GLP, tanto de f\u00e1brica como convertidas. Su dise\u00f1o estandarizado permite una instalaci\u00f3n r\u00e1pida y segura.<\/p>\n<p class=\"\" data-start=\"989\" data-end=\"1085\">Incluye un <strong data-start=\"1000\" data-end=\"1025\">kit de juntas t\u00f3ricas<\/strong>, lo que facilita un montaje totalmente estanco y sin fugas.<\/p>\n<hr class=\"\" data-start=\"1087\" data-end=\"1090\" \/>\n<h4 data-start=\"1092\" data-end=\"1164\"><strong data-start=\"1096\" data-end=\"1164\">Caracter\u00edsticas T\u00e9cnicas \u2013 Filtro LOVATO Fase L\u00edquida con Juntas<\/strong><\/h4>\n<div class=\"overflow-x-auto contain-inline-size\">\n<table data-start=\"1166\" data-end=\"2001\">\n<thead data-start=\"1166\" data-end=\"1242\">\n<tr data-start=\"1166\" data-end=\"1242\">\n<th data-start=\"1166\" data-end=\"1195\">Especificaci\u00f3n<\/th>\n<th data-start=\"1195\" data-end=\"1242\">Detalles<\/th>\n<\/tr>\n<\/thead>\n<tbody data-start=\"1319\" data-end=\"2001\">\n<tr data-start=\"1319\" data-end=\"1394\">\n<td><strong data-start=\"1321\" data-end=\"1339\">Tipo de filtro<\/strong><\/td>\n<td>Fase l\u00edquida<\/td>\n<\/tr>\n<tr data-start=\"1395\" data-end=\"1470\">\n<td><strong data-start=\"1397\" data-end=\"1420\">Material del filtro<\/strong><\/td>\n<td>Metal \/ Papel<\/td>\n<\/tr>\n<tr data-start=\"1471\" data-end=\"1546\">\n<td><strong data-start=\"1473\" data-end=\"1487\">Altura (h)<\/strong><\/td>\n<td>21,0 mm<\/td>\n<\/tr>\n<tr data-start=\"1547\" data-end=\"1622\">\n<td><strong data-start=\"1549\" data-end=\"1574\">Di\u00e1metro exterior (D)<\/strong><\/td>\n<td>39,0 mm<\/td>\n<\/tr>\n<tr data-start=\"1623\" data-end=\"1698\">\n<td><strong data-start=\"1625\" data-end=\"1650\">Di\u00e1metro interior (d)<\/strong><\/td>\n<td>8,5 mm \/ 16,0 mm<\/td>\n<\/tr>\n<tr data-start=\"1699\" data-end=\"1774\">\n<td><strong data-start=\"1701\" data-end=\"1723\">V\u00e1lvulas de cierre<\/strong><\/td>\n<td>Lovato<\/td>\n<\/tr>\n<tr data-start=\"1775\" data-end=\"1850\">\n<td><strong data-start=\"1777\" data-end=\"1801\">Sistemas compatibles<\/strong><\/td>\n<td>Lovato, Ciervo, Landi Renzo<\/td>\n<\/tr>\n<tr data-start=\"1851\" data-end=\"1925\">\n<td><strong data-start=\"1853\" data-end=\"1871\">Incluye juntas<\/strong><\/td>\n<td>S\u00ed (kit de juntas t\u00f3ricas)<\/td>\n<\/tr>\n<tr data-start=\"1926\" data-end=\"2001\">\n<td><strong data-start=\"1928\" data-end=\"1943\">Referencias<\/strong><\/td>\n<td>\u2013<\/td>\n<\/tr>\n<\/tbody>\n<\/table>\n<\/div>\n<blockquote data-start=\"2003\" data-end=\"2150\">\n<p class=\"\" data-start=\"2005\" data-end=\"2150\"><em><strong>Se recomienda sustituir el filtro cada 15.000 \u2013 20.000 km o durante cada revisi\u00f3n del sistema GLP para garantizar la m\u00e1xima protecci\u00f3n del motor.<\/strong><\/em><\/p>\n<\/blockquote>\n<p><a href=\"https:\/\/recambiosecogas.com\/categoria-producto\/filtros\/\">COMPRA MAS PRODUCTOS ONLINE EN NUESTRA TIENDA<\/a><\/p>\n<p><a href=\"http:\/\/www.segimonautomocio.com\/\">HAZ LA CONVERSION A GLP EN NUESTRO TALLER INSTALADOR OFICIAL, MAS INFORMACION EN NUESTRA WEB DE TALLER<\/a><\/p>\n","protected":false},"excerpt":{"rendered":"<p>Lovato<\/p>\n","protected":false},"featured_media":11838,"comment_status":"open","ping_status":"closed","template":"","meta":{"googlesitekit_rrm_CAowud7EDA:productID":"","_uag_custom_page_level_css":""},"product_brand":[997,2095],"product_cat":[345],"product_tag":[],"class_list":{"0":"post-10595","1":"product","2":"type-product","3":"status-publish","4":"has-post-thumbnail","6":"product_brand-landi-renzo","7":"product_brand-lovato","8":"product_cat-fase-liquida","10":"first","11":"onbackorder","12":"taxable","13":"shipping-taxable","14":"purchasable","15":"product-type-simple"},"ct_brands":[{"id":997,"name":"Landi Renzo","slug":"landi-renzo"},{"id":2095,"name":"Lovato","slug":"lovato"}],"yoast_head":"<!-- This site is optimized with the Yoast SEO Premium plugin v27.4 (Yoast SEO v27.4) - https:\/\/yoast.com\/product\/yoast-seo-premium-wordpress\/ -->\n<title>Filtro GLP fase l\u00edquida LOVATO | Recambios EcoGas | Sistemas GLP y GNC<\/title>\n<meta name=\"description\" content=\"Filtro GLP LOVATO con juntas t\u00f3ricas. Compatible con sistemas Lovato, Landi Renzo y Ciervo. Medidas 21x39x8,5\/16 mm. Alta eficiencia.\" \/>\n<meta name=\"robots\" content=\"index, follow, max-snippet:-1, max-image-preview:large, max-video-preview:-1\" \/>\n<link rel=\"canonical\" href=\"https:\/\/recambiosecogas.com\/it\/producto\/filtro-glp-fase-liquida-lovato\/\" \/>\n<meta property=\"og:locale\" content=\"it_IT\" \/>\n<meta property=\"og:type\" content=\"article\" \/>\n<meta property=\"og:title\" content=\"Filtro GLP fase l\u00edquida LOVATO\" \/>\n<meta property=\"og:description\" content=\"Filtro GLP LOVATO con juntas t\u00f3ricas. Compatible con sistemas Lovato, Landi Renzo y Ciervo. Medidas 21x39x8,5\/16 mm. Alta eficiencia.\" \/>\n<meta property=\"og:url\" content=\"https:\/\/recambiosecogas.com\/it\/producto\/filtro-glp-fase-liquida-lovato\/\" \/>\n<meta property=\"og:site_name\" content=\"Recambios EcoGas\" \/>\n<meta property=\"article:publisher\" content=\"https:\/\/www.facebook.com\/profile.php?id=100062419705358\" \/>\n<meta property=\"article:modified_time\" content=\"2026-03-02T09:20:09+00:00\" \/>\n<meta property=\"og:image\" content=\"https:\/\/recambiosecogas.com\/wp-content\/uploads\/2024\/12\/Cartucho-filtrante-para-Lovato-con-junta-incluida-fase-liquida-png.webp\" \/>\n\t<meta property=\"og:image:width\" content=\"1000\" \/>\n\t<meta property=\"og:image:height\" content=\"1000\" \/>\n\t<meta property=\"og:image:type\" content=\"image\/png\" \/>\n<meta name=\"twitter:card\" content=\"summary_large_image\" \/>\n<meta name=\"twitter:label1\" content=\"Prezzo\" \/>\n\t<meta name=\"twitter:data1\" content=\"5,50&nbsp;&euro; (IVA incl.: 6,66&nbsp;&euro;)\" \/>\n\t<meta name=\"twitter:label2\" content=\"Disponibilit\u00e0\" \/>\n\t<meta name=\"twitter:data2\" content=\"Su ordinazione\" \/>\n<script type=\"application\/ld+json\" class=\"yoast-schema-graph\">{\"@context\":\"https:\\\/\\\/schema.org\",\"@graph\":[{\"@type\":\"WebPage\",\"@id\":\"https:\\\/\\\/recambiosecogas.com\\\/it\\\/producto\\\/filtro-glp-fase-liquida-lovato\\\/\",\"url\":\"https:\\\/\\\/recambiosecogas.com\\\/it\\\/producto\\\/filtro-glp-fase-liquida-lovato\\\/\",\"name\":\"Filtro GLP fase l\u00edquida LOVATO | Recambios EcoGas | Sistemas GLP y GNC\",\"isPartOf\":{\"@id\":\"https:\\\/\\\/recambiosecogas.com\\\/it\\\/#website\"},\"primaryImageOfPage\":{\"@id\":\"https:\\\/\\\/recambiosecogas.com\\\/it\\\/producto\\\/filtro-glp-fase-liquida-lovato\\\/#primaryimage\"},\"image\":{\"@id\":\"https:\\\/\\\/recambiosecogas.com\\\/it\\\/producto\\\/filtro-glp-fase-liquida-lovato\\\/#primaryimage\"},\"thumbnailUrl\":\"https:\\\/\\\/recambiosecogas.com\\\/wp-content\\\/uploads\\\/2024\\\/12\\\/Cartucho-filtrante-para-Lovato-con-junta-incluida-fase-liquida-png.webp\",\"datePublished\":\"2024-12-19T11:09:27+00:00\",\"dateModified\":\"2026-03-02T09:20:09+00:00\",\"description\":\"Filtro GLP LOVATO con juntas t\u00f3ricas. Compatible con sistemas Lovato, Landi Renzo y Ciervo. Medidas 21x39x8,5\\\/16 mm. Alta eficiencia.\",\"breadcrumb\":{\"@id\":\"https:\\\/\\\/recambiosecogas.com\\\/it\\\/producto\\\/filtro-glp-fase-liquida-lovato\\\/#breadcrumb\"},\"inLanguage\":\"it-IT\",\"potentialAction\":[{\"@type\":\"ReadAction\",\"target\":[\"https:\\\/\\\/recambiosecogas.com\\\/it\\\/producto\\\/filtro-glp-fase-liquida-lovato\\\/\"]}]},{\"@type\":\"ImageObject\",\"inLanguage\":\"it-IT\",\"@id\":\"https:\\\/\\\/recambiosecogas.com\\\/it\\\/producto\\\/filtro-glp-fase-liquida-lovato\\\/#primaryimage\",\"url\":\"https:\\\/\\\/recambiosecogas.com\\\/wp-content\\\/uploads\\\/2024\\\/12\\\/Cartucho-filtrante-para-Lovato-con-junta-incluida-fase-liquida-png.webp\",\"contentUrl\":\"https:\\\/\\\/recambiosecogas.com\\\/wp-content\\\/uploads\\\/2024\\\/12\\\/Cartucho-filtrante-para-Lovato-con-junta-incluida-fase-liquida-png.webp\",\"width\":1000,\"height\":1000},{\"@type\":\"BreadcrumbList\",\"@id\":\"https:\\\/\\\/recambiosecogas.com\\\/it\\\/producto\\\/filtro-glp-fase-liquida-lovato\\\/#breadcrumb\",\"itemListElement\":[{\"@type\":\"ListItem\",\"position\":1,\"name\":\"Portada\",\"item\":\"https:\\\/\\\/recambiosecogas.com\\\/it\\\/\"},{\"@type\":\"ListItem\",\"position\":2,\"name\":\"Negozio\",\"item\":\"https:\\\/\\\/recambiosecogas.com\\\/it\\\/?page_id=46382\"},{\"@type\":\"ListItem\",\"position\":3,\"name\":\"Filtro GLP fase l\u00edquida LOVATO\"}]},{\"@type\":\"WebSite\",\"@id\":\"https:\\\/\\\/recambiosecogas.com\\\/it\\\/#website\",\"url\":\"https:\\\/\\\/recambiosecogas.com\\\/it\\\/\",\"name\":\"Recambios EcoGas\",\"description\":\"Recambios Multimarca para sistemas de GLP\\\/GNC\\\/GNL\\\/Hidr\u00f3geno\",\"publisher\":{\"@id\":\"https:\\\/\\\/recambiosecogas.com\\\/it\\\/#organization\"},\"alternateName\":\"Recambios Autogas GLP\",\"potentialAction\":[{\"@type\":\"SearchAction\",\"target\":{\"@type\":\"EntryPoint\",\"urlTemplate\":\"https:\\\/\\\/recambiosecogas.com\\\/it\\\/?s={search_term_string}\"},\"query-input\":{\"@type\":\"PropertyValueSpecification\",\"valueRequired\":true,\"valueName\":\"search_term_string\"}}],\"inLanguage\":\"it-IT\"},{\"@type\":[\"Organization\",\"Place\"],\"@id\":\"https:\\\/\\\/recambiosecogas.com\\\/it\\\/#organization\",\"name\":\"Recambios EcoGas\",\"alternateName\":\"Tienda Online GLP Espa\u00f1a\",\"url\":\"https:\\\/\\\/recambiosecogas.com\\\/it\\\/\",\"logo\":{\"@id\":\"https:\\\/\\\/recambiosecogas.com\\\/it\\\/producto\\\/filtro-glp-fase-liquida-lovato\\\/#local-main-organization-logo\"},\"image\":{\"@id\":\"https:\\\/\\\/recambiosecogas.com\\\/it\\\/producto\\\/filtro-glp-fase-liquida-lovato\\\/#local-main-organization-logo\"},\"sameAs\":[\"https:\\\/\\\/www.facebook.com\\\/profile.php?id=100062419705358\",\"https:\\\/\\\/www.instagram.com\\\/segimon_automocio\"],\"description\":\"Recambios EcoGas \u2013 Venta y distribuci\u00f3n de sistemas GLP y GNC en Espa\u00f1a y Portugal. Env\u00edos 24 h, soporte t\u00e9cnico a talleres y distribuidores.\",\"hasMerchantReturnPolicy\":{\"@type\":\"MerchantReturnPolicy\",\"merchantReturnLink\":\"https:\\\/\\\/recambiosecogas.com\\\/politicas-privacidad\\\/\"},\"address\":{\"@id\":\"https:\\\/\\\/recambiosecogas.com\\\/it\\\/producto\\\/filtro-glp-fase-liquida-lovato\\\/#local-main-place-address\"},\"telephone\":[\"616250633\"],\"contactPoint\":{\"@type\":\"ContactPoint\",\"email\":\"export@recambiosecogas.com\"},\"openingHoursSpecification\":[{\"@type\":\"OpeningHoursSpecification\",\"dayOfWeek\":[\"Monday\",\"Tuesday\",\"Wednesday\",\"Thursday\",\"Friday\",\"Saturday\",\"Sunday\"],\"opens\":\"09:00\",\"closes\":\"17:00\"}],\"email\":\"info@recambiosecogas.com\",\"faxNumber\":\"SEGIMON AUTOMOCION SL\",\"vatID\":\"ESB19819861\",\"globalLocationNumber\":\"938 616 339\"},{\"@type\":\"PostalAddress\",\"@id\":\"https:\\\/\\\/recambiosecogas.com\\\/it\\\/producto\\\/filtro-glp-fase-liquida-lovato\\\/#local-main-place-address\",\"streetAddress\":\"cami antic de vic, 29 (Nave 3), Pol\u00edgono Industrial Congost\",\"addressLocality\":\"CORRO D`AVALL\",\"postalCode\":\"08520\",\"addressRegion\":\"Barcelona\",\"addressCountry\":\"ES\"},{\"@type\":\"ImageObject\",\"inLanguage\":\"it-IT\",\"@id\":\"https:\\\/\\\/recambiosecogas.com\\\/it\\\/producto\\\/filtro-glp-fase-liquida-lovato\\\/#local-main-organization-logo\",\"url\":\"https:\\\/\\\/recambiosecogas.com\\\/wp-content\\\/uploads\\\/2024\\\/11\\\/cropped-RECAMBIOS-GLP-png.webp\",\"contentUrl\":\"https:\\\/\\\/recambiosecogas.com\\\/wp-content\\\/uploads\\\/2024\\\/11\\\/cropped-RECAMBIOS-GLP-png.webp\",\"width\":512,\"height\":512,\"caption\":\"Recambios EcoGas\"}]}<\/script>\n<meta property=\"product:brand\" content=\"Landi Renzo\" \/>\n<meta property=\"product:price:amount\" content=\"5.50\" \/>\n<meta property=\"product:price:currency\" content=\"EUR\" \/>\n<meta property=\"og:availability\" content=\"backorder\" \/>\n<meta property=\"product:availability\" content=\"available for order\" \/>\n<meta property=\"product:retailer_item_id\" content=\"100268\" \/>\n<meta property=\"product:condition\" content=\"new\" \/>\n<meta name=\"geo.placename\" content=\"CORRO D`AVALL\" \/>\n<meta name=\"geo.region\" content=\"Spagna\" \/>\n<!-- \/ Yoast SEO Premium plugin. -->","yoast_head_json":{"title":"Filtro GLP fase l\u00edquida LOVATO | Recambios EcoGas | Sistemas GLP y GNC","description":"Filtro GLP LOVATO con juntas t\u00f3ricas. Compatible con sistemas Lovato, Landi Renzo y Ciervo. Medidas 21x39x8,5\/16 mm. Alta eficiencia.","robots":{"index":"index","follow":"follow","max-snippet":"max-snippet:-1","max-image-preview":"max-image-preview:large","max-video-preview":"max-video-preview:-1"},"canonical":"https:\/\/recambiosecogas.com\/it\/producto\/filtro-glp-fase-liquida-lovato\/","og_locale":"it_IT","og_type":"article","og_title":"Filtro GLP fase l\u00edquida LOVATO","og_description":"Filtro GLP LOVATO con juntas t\u00f3ricas. Compatible con sistemas Lovato, Landi Renzo y Ciervo. Medidas 21x39x8,5\/16 mm. Alta eficiencia.","og_url":"https:\/\/recambiosecogas.com\/it\/producto\/filtro-glp-fase-liquida-lovato\/","og_site_name":"Recambios EcoGas","article_publisher":"https:\/\/www.facebook.com\/profile.php?id=100062419705358","article_modified_time":"2026-03-02T09:20:09+00:00","og_image":[{"width":1000,"height":1000,"url":"https:\/\/recambiosecogas.com\/wp-content\/uploads\/2024\/12\/Cartucho-filtrante-para-Lovato-con-junta-incluida-fase-liquida-png.webp","type":"image\/png"}],"twitter_card":"summary_large_image","twitter_misc":{"Prezzo":"5,50&nbsp;&euro; (IVA incl.: 6,66&nbsp;&euro;)","Disponibilit\u00e0":"Su ordinazione"},"schema":{"@context":"https:\/\/schema.org","@graph":[{"@type":"WebPage","@id":"https:\/\/recambiosecogas.com\/it\/producto\/filtro-glp-fase-liquida-lovato\/","url":"https:\/\/recambiosecogas.com\/it\/producto\/filtro-glp-fase-liquida-lovato\/","name":"Filtro GLP fase l\u00edquida LOVATO | Recambios EcoGas | Sistemas GLP y GNC","isPartOf":{"@id":"https:\/\/recambiosecogas.com\/it\/#website"},"primaryImageOfPage":{"@id":"https:\/\/recambiosecogas.com\/it\/producto\/filtro-glp-fase-liquida-lovato\/#primaryimage"},"image":{"@id":"https:\/\/recambiosecogas.com\/it\/producto\/filtro-glp-fase-liquida-lovato\/#primaryimage"},"thumbnailUrl":"https:\/\/recambiosecogas.com\/wp-content\/uploads\/2024\/12\/Cartucho-filtrante-para-Lovato-con-junta-incluida-fase-liquida-png.webp","datePublished":"2024-12-19T11:09:27+00:00","dateModified":"2026-03-02T09:20:09+00:00","description":"Filtro GLP LOVATO con juntas t\u00f3ricas. Compatible con sistemas Lovato, Landi Renzo y Ciervo. Medidas 21x39x8,5\/16 mm. Alta eficiencia.","breadcrumb":{"@id":"https:\/\/recambiosecogas.com\/it\/producto\/filtro-glp-fase-liquida-lovato\/#breadcrumb"},"inLanguage":"it-IT","potentialAction":[{"@type":"ReadAction","target":["https:\/\/recambiosecogas.com\/it\/producto\/filtro-glp-fase-liquida-lovato\/"]}]},{"@type":"ImageObject","inLanguage":"it-IT","@id":"https:\/\/recambiosecogas.com\/it\/producto\/filtro-glp-fase-liquida-lovato\/#primaryimage","url":"https:\/\/recambiosecogas.com\/wp-content\/uploads\/2024\/12\/Cartucho-filtrante-para-Lovato-con-junta-incluida-fase-liquida-png.webp","contentUrl":"https:\/\/recambiosecogas.com\/wp-content\/uploads\/2024\/12\/Cartucho-filtrante-para-Lovato-con-junta-incluida-fase-liquida-png.webp","width":1000,"height":1000},{"@type":"BreadcrumbList","@id":"https:\/\/recambiosecogas.com\/it\/producto\/filtro-glp-fase-liquida-lovato\/#breadcrumb","itemListElement":[{"@type":"ListItem","position":1,"name":"Portada","item":"https:\/\/recambiosecogas.com\/it\/"},{"@type":"ListItem","position":2,"name":"Negozio","item":"https:\/\/recambiosecogas.com\/it\/?page_id=46382"},{"@type":"ListItem","position":3,"name":"Filtro GLP fase l\u00edquida LOVATO"}]},{"@type":"WebSite","@id":"https:\/\/recambiosecogas.com\/it\/#website","url":"https:\/\/recambiosecogas.com\/it\/","name":"Recambios EcoGas","description":"Recambios Multimarca para sistemas de GLP\/GNC\/GNL\/Hidr\u00f3geno","publisher":{"@id":"https:\/\/recambiosecogas.com\/it\/#organization"},"alternateName":"Recambios Autogas GLP","potentialAction":[{"@type":"SearchAction","target":{"@type":"EntryPoint","urlTemplate":"https:\/\/recambiosecogas.com\/it\/?s={search_term_string}"},"query-input":{"@type":"PropertyValueSpecification","valueRequired":true,"valueName":"search_term_string"}}],"inLanguage":"it-IT"},{"@type":["Organization","Place"],"@id":"https:\/\/recambiosecogas.com\/it\/#organization","name":"Recambios EcoGas","alternateName":"Tienda Online GLP Espa\u00f1a","url":"https:\/\/recambiosecogas.com\/it\/","logo":{"@id":"https:\/\/recambiosecogas.com\/it\/producto\/filtro-glp-fase-liquida-lovato\/#local-main-organization-logo"},"image":{"@id":"https:\/\/recambiosecogas.com\/it\/producto\/filtro-glp-fase-liquida-lovato\/#local-main-organization-logo"},"sameAs":["https:\/\/www.facebook.com\/profile.php?id=100062419705358","https:\/\/www.instagram.com\/segimon_automocio"],"description":"Recambios EcoGas \u2013 Venta y distribuci\u00f3n de sistemas GLP y GNC en Espa\u00f1a y Portugal. Env\u00edos 24 h, soporte t\u00e9cnico a talleres y distribuidores.","hasMerchantReturnPolicy":{"@type":"MerchantReturnPolicy","merchantReturnLink":"https:\/\/recambiosecogas.com\/politicas-privacidad\/"},"address":{"@id":"https:\/\/recambiosecogas.com\/it\/producto\/filtro-glp-fase-liquida-lovato\/#local-main-place-address"},"telephone":["616250633"],"contactPoint":{"@type":"ContactPoint","email":"export@recambiosecogas.com"},"openingHoursSpecification":[{"@type":"OpeningHoursSpecification","dayOfWeek":["Monday","Tuesday","Wednesday","Thursday","Friday","Saturday","Sunday"],"opens":"09:00","closes":"17:00"}],"email":"info@recambiosecogas.com","faxNumber":"SEGIMON AUTOMOCION SL","vatID":"ESB19819861","globalLocationNumber":"938 616 339"},{"@type":"PostalAddress","@id":"https:\/\/recambiosecogas.com\/it\/producto\/filtro-glp-fase-liquida-lovato\/#local-main-place-address","streetAddress":"cami antic de vic, 29 (Nave 3), Pol\u00edgono Industrial Congost","addressLocality":"CORRO D`AVALL","postalCode":"08520","addressRegion":"Barcelona","addressCountry":"ES"},{"@type":"ImageObject","inLanguage":"it-IT","@id":"https:\/\/recambiosecogas.com\/it\/producto\/filtro-glp-fase-liquida-lovato\/#local-main-organization-logo","url":"https:\/\/recambiosecogas.com\/wp-content\/uploads\/2024\/11\/cropped-RECAMBIOS-GLP-png.webp","contentUrl":"https:\/\/recambiosecogas.com\/wp-content\/uploads\/2024\/11\/cropped-RECAMBIOS-GLP-png.webp","width":512,"height":512,"caption":"Recambios EcoGas"}]},"product_brand":"Landi Renzo","product_price_amount":"5.50","product_price_currency":"EUR","og_availability":"backorder","product_availability":"available for order","product_retailer_item_id":"100268","product_condition":"new","geo.placename":"CORRO D`AVALL","geo.region":"Spagna"},"uagb_featured_image_src":{"full":["https:\/\/recambiosecogas.com\/wp-content\/uploads\/2024\/12\/Cartucho-filtrante-para-Lovato-con-junta-incluida-fase-liquida-png.webp",1000,1000,false],"thumbnail":["https:\/\/recambiosecogas.com\/wp-content\/uploads\/2024\/12\/Cartucho-filtrante-para-Lovato-con-junta-incluida-fase-liquida-150x150.webp",150,150,true],"medium":["https:\/\/recambiosecogas.com\/wp-content\/uploads\/2024\/12\/Cartucho-filtrante-para-Lovato-con-junta-incluida-fase-liquida-300x300.webp",300,300,true],"medium_large":["https:\/\/recambiosecogas.com\/wp-content\/uploads\/2024\/12\/Cartucho-filtrante-para-Lovato-con-junta-incluida-fase-liquida-768x768.webp",768,768,true],"large":["https:\/\/recambiosecogas.com\/wp-content\/uploads\/2024\/12\/Cartucho-filtrante-para-Lovato-con-junta-incluida-fase-liquida-png.webp",1000,1000,false],"1536x1536":["https:\/\/recambiosecogas.com\/wp-content\/uploads\/2024\/12\/Cartucho-filtrante-para-Lovato-con-junta-incluida-fase-liquida-png.webp",1000,1000,false],"2048x2048":["https:\/\/recambiosecogas.com\/wp-content\/uploads\/2024\/12\/Cartucho-filtrante-para-Lovato-con-junta-incluida-fase-liquida-png.webp",1000,1000,false],"woocommerce_archive_thumbnail":["https:\/\/recambiosecogas.com\/wp-content\/uploads\/2024\/12\/Cartucho-filtrante-para-Lovato-con-junta-incluida-fase-liquida-png.webp",1000,1000,false],"woocommerce_thumbnail":["https:\/\/recambiosecogas.com\/wp-content\/uploads\/2024\/12\/Cartucho-filtrante-para-Lovato-con-junta-incluida-fase-liquida-png-300x300.webp",300,300,true],"woocommerce_single":["https:\/\/recambiosecogas.com\/wp-content\/uploads\/2024\/12\/Cartucho-filtrante-para-Lovato-con-junta-incluida-fase-liquida-png.webp",1000,1000,false],"woocommerce_gallery_thumbnail":["https:\/\/recambiosecogas.com\/wp-content\/uploads\/2024\/12\/Cartucho-filtrante-para-Lovato-con-junta-incluida-fase-liquida-png.webp",1000,1000,false],"dgwt-wcas-product-suggestion":["https:\/\/recambiosecogas.com\/wp-content\/uploads\/2024\/12\/Cartucho-filtrante-para-Lovato-con-junta-incluida-fase-liquida-png-64x64.webp",64,64,true]},"uagb_author_info":{"display_name":"Fran - Soporte T\u00e9cnico","author_link":"https:\/\/recambiosecogas.com\/it\/author\/"},"uagb_comment_info":0,"uagb_excerpt":"Lovato","_links":{"self":[{"href":"https:\/\/recambiosecogas.com\/it\/wp-json\/wp\/v2\/product\/10595","targetHints":{"allow":["GET"]}}],"collection":[{"href":"https:\/\/recambiosecogas.com\/it\/wp-json\/wp\/v2\/product"}],"about":[{"href":"https:\/\/recambiosecogas.com\/it\/wp-json\/wp\/v2\/types\/product"}],"replies":[{"embeddable":true,"href":"https:\/\/recambiosecogas.com\/it\/wp-json\/wp\/v2\/comments?post=10595"}],"wp:featuredmedia":[{"embeddable":true,"href":"https:\/\/recambiosecogas.com\/it\/wp-json\/wp\/v2\/media\/11838"}],"wp:attachment":[{"href":"https:\/\/recambiosecogas.com\/it\/wp-json\/wp\/v2\/media?parent=10595"}],"wp:term":[{"taxonomy":"product_brand","embeddable":true,"href":"https:\/\/recambiosecogas.com\/it\/wp-json\/wp\/v2\/product_brand?post=10595"},{"taxonomy":"product_cat","embeddable":true,"href":"https:\/\/recambiosecogas.com\/it\/wp-json\/wp\/v2\/product_cat?post=10595"},{"taxonomy":"product_tag","embeddable":true,"href":"https:\/\/recambiosecogas.com\/it\/wp-json\/wp\/v2\/product_tag?post=10595"}],"curies":[{"name":"wp","href":"https:\/\/api.w.org\/{rel}","templated":true}]}}